{"id":2316,"date":"2024-10-15T03:39:08","date_gmt":"2024-10-15T03:39:08","guid":{"rendered":"http:\/\/www.kmdpower.com\/?post_type=product&#038;p=2316"},"modified":"2025-01-19T07:06:27","modified_gmt":"2025-01-19T07:06:27","slug":"48v-200ah-10kwh-5kwh-lithium-lifepo4-batteryall-in-one-solar-storage-system-hybrid-system-built-in-inverter-product","status":"publish","type":"product","link":"https:\/\/www.kmdpower.com\/sv\/48v-200ah-10kwh-5kwh-lithium-lifepo4-batteryall-in-one-solar-storage-system-hybrid-system-built-in-inverter-product\/","title":{"rendered":"48V 200Ah 10kwh 5kwh Litium Lifepo4-batteri Allt i ett solcellslagringssystem Hybridsystem Inbyggd v\u00e4xelriktare"},"content":{"rendered":"<p><a href=\"https:\/\/www.kmdpower.com\/sv\/contact-us\/\"><img fetchpriority=\"high\" decoding=\"async\" class=\"aligncenter\" src=\"http:\/\/www.kmdpower.com\/wp-content\/uploads\/Contact-US-Kamada-Power-Shenzhen-Kamada-Electronic-Co-Ltd.jpg\" alt=\"\" width=\"1000\" height=\"200\" \/><\/a><\/p>\n<p><img decoding=\"async\" class=\"aligncenter wp-image-2317 size-full\" src=\"http:\/\/www.kmdpower.com\/wp-content\/uploads\/kamada-power-all-in-one-solar-power-system-Y001.jpg\" alt=\"Kamada Power Allt-i-ett-solkraftsystem 001\" width=\"1000\" height=\"414\" \/><\/p>\n<h3 style=\"text-align: center;\">Kamada Power 48V 200Ah 10kWh Allt i ett solkraftsystem Funktion<\/h3>\n<p><img decoding=\"async\" class=\"aligncenter wp-image-2318 size-full\" src=\"http:\/\/www.kmdpower.com\/wp-content\/uploads\/Kamada-Power-All-in-One-Solar-Power-System-Y002.jpg\" alt=\"Kamada Power Allt i ett solkraftsystem 002\" width=\"1000\" height=\"788\" \/><\/p>\n<h3 style=\"text-align: center;\">Utj\u00e4mningsfunktion \uff08Aktiv eller passiv valfri)<\/h3>\n<p>&nbsp;<\/p>\n<p><img loading=\"lazy\" decoding=\"async\" class=\"aligncenter wp-image-978 size-full\" src=\"http:\/\/www.kmdpower.com\/wp-content\/uploads\/Active-Equalization-Function-and-Active-Passive-Optional-0.png\" alt=\"Aktiv equalizerfunktion och aktivt passivt tillval-0\" width=\"1000\" height=\"246\" \/><\/p>\n<div>\n<p>Detta Kamada Power All In One Solar Power System med flexibelt modulsystem kan utformas baserat p\u00e5 din dagliga energif\u00f6rbrukning i hush\u00e5llet. Detta klassledande kraftverk ger dig kraft att driva dina dagliga hush\u00e5llsapparater eller till och med ge reservkraft f\u00f6r hela ditt hus i en eller tv\u00e5 dagar beroende p\u00e5 dina belastningskrav<\/p>\n<\/div>\n<p>&nbsp;<\/p>\n<h3 style=\"text-align: center;\">Produktens h\u00f6jdpunkter<\/h3>\n<p><strong>L\u00e5ng livsl\u00e4ngd:<\/strong>\u00d6ver 6000 cykler @ 90% DOD<br \/>\n<strong>L\u00e5g effekt:<\/strong>L\u00e5g energif\u00f6rbrukning i standby \u226415 W, driftf\u00f6rlust utan belastning mindre \u00e4n 100 W<br \/>\n<strong>Modul\u00e4r design:<\/strong>L\u00e4gg till s\u00e5 m\u00e5nga batterimoduler som beh\u00f6vs<br \/>\n<strong>S\u00f6ml\u00f6s omkopplingsfunktion:<\/strong>St\u00f6d f\u00f6r s\u00f6ml\u00f6s v\u00e4xling mellan parallell- och off-grid (mindre \u00e4n 5 ms)<br \/>\n<strong>Mycket h\u00f6g integrationsgrad:<\/strong>Inbyggd Hybird-v\u00e4xelriktare, BMS, batteribank<br \/>\n<strong>Firmware f\u00f6r fj\u00e4rrkontroll:<\/strong>Styr och \u00f6vervaka ditt Smart System p\u00e5 resande fot via v\u00e5r Kamada Power Monitoring App och Portal.<br \/>\n<strong>Stapelbar Design:<\/strong>Beh\u00f6ver du st\u00f6rre kapacitet? Modul\u00e4r design g\u00f6r att flera enheter kan installeras parallellt<br \/>\n<strong>H\u00f6gsp\u00e4nning:<\/strong>BMS med h\u00f6g sp\u00e4nning ger h\u00f6gre effektivitet vid laddning och urladdning.<br \/>\n<strong>Kamada Power 48v 200Ah 10kWh Allt i ett solkraftsystem kan stapla batteri med inbyggd v\u00e4xelriktare:<\/strong>BMS med h\u00f6g sp\u00e4nning ger st\u00f6rre laddnings- och urladdningseffekt vid l\u00e4gre str\u00f6mstyrka, vilket ger h\u00f6gre effektivitet \u00e4n v\u00e5rt sortiment med l\u00e4gre sp\u00e4nning.<\/p>\n<p>&nbsp;<\/p>\n<div>\n<h3 style=\"text-align: center;\">Tillf\u00f6rlitligt BMS-system Ultras\u00e4kert<\/h3>\n<p><img loading=\"lazy\" decoding=\"async\" class=\"aligncenter wp-image-1283 size-full\" src=\"http:\/\/www.kmdpower.com\/wp-content\/uploads\/Kamada-Power-Battery-BMS.jpg\" alt=\"Kamada Power Batteri BMS\" width=\"1000\" height=\"401\" \/><\/p>\n<p style=\"text-align: left;\">Kamada Power All In One Solar Power System BMS garanterar s\u00e4ker drift i extrema temperaturer, f\u00f6rhindrar \u00f6verladdning och \u00f6verurladdning, f\u00f6rl\u00e4nger batteriets livsl\u00e4ngd och ger tillf\u00f6rlitlig prestanda med effektiv laddning och urladdning. Det inneh\u00e5ller ocks\u00e5 \u00f6verstr\u00f6ms- och kortslutningsskydd f\u00f6r systems\u00e4kerhet och erbjuder anv\u00e4ndarna alternativ f\u00f6r aktiv eller passiv balansering f\u00f6r att optimera batteriets prestanda och energieffektivitet.<\/p>\n<p>&nbsp;<\/p>\n<h3 style=\"text-align: center;\">Kamada Power 48v 200Ah 10kWh Allt i ett solkraftsystem Funktioner<\/h3>\n<p><img loading=\"lazy\" decoding=\"async\" class=\"aligncenter wp-image-1274 size-full\" src=\"http:\/\/www.kmdpower.com\/wp-content\/uploads\/Kamada-Power-All-in-One-Solar-Power-System-0031.jpg\" alt=\"Kamada Power Allt i ett solcellssystem 003\" width=\"1000\" height=\"792\" \/><\/p>\n<p><strong>Omriktare f\u00f6r energilagring:<\/strong>\u00a0Inbyggd v\u00e4xelriktare, inget behov av extern v\u00e4xelriktare, bekv\u00e4m och snabb att anv\u00e4nda.<br \/>\n<strong>LED-display:<\/strong>\u00a0driftdata f\u00f6r batteriet i realtid<br \/>\n<strong>WiFi och app:<\/strong>\u00a0Batteridata kan visas via WiFi och APP, i realtid Batteriinformation f\u00f6r allt i ett solkraftsystem<br \/>\n<strong>Lifepo4 Batteripaket:<\/strong>\u00a0Lifepo4-batteri, s\u00e4kert och p\u00e5litligt, inget behov av underh\u00e5ll<br \/>\n<strong>Visning av batteriniv\u00e5:<\/strong>\u00a0realtidsvisning av aktuell niv\u00e5utveckling<br \/>\n<strong>Stacked Battery:<\/strong>\u00a0l\u00e4tt att ut\u00f6ka kapaciteten<br \/>\n<strong>Batteribas:<\/strong>\u00a0robust och t\u00e5lig<\/p>\n<p>&nbsp;<\/p>\n<h3 style=\"text-align: center;\">Kamada Power All in One Solar Power System Till\u00e4mpningsscenario<\/h3>\n<p><img loading=\"lazy\" decoding=\"async\" class=\"aligncenter wp-image-1354 size-full\" src=\"http:\/\/www.kmdpower.com\/wp-content\/uploads\/kamada-powerwall-battery-application-scenario-.jpg\" alt=\"kamada powerwall-batteri applikationsscenario\" width=\"1000\" height=\"462\" \/><\/p>\n<p><strong>Kamada Power All in One Solar Power System Kan anv\u00e4ndas i f\u00f6ljande applikationsscenarier:<\/strong><\/p>\n<p><strong>Solsystem:<\/strong> Lagrar solenergi f\u00f6r j\u00e4mn str\u00f6mf\u00f6rs\u00f6rjning dag och natt.<br \/>\n<strong>Husbilsresor:<\/strong> Tillhandah\u00e5lla b\u00e4rbar energilagring f\u00f6r resor.<br \/>\n<strong>B\u00e5t \/ Marin:<\/strong> S\u00e4kerst\u00e4ll oavbruten str\u00f6mf\u00f6rs\u00f6rjning under segling eller i hamn.<br \/>\n<strong>Utanf\u00f6r n\u00e4tet:<\/strong> H\u00e5ll kontakten med tillf\u00f6rlitlig reservkraft p\u00e5 avl\u00e4gsna platser.<\/p>\n<p>&nbsp;<\/p>\n<h3 style=\"text-align: center;\">Varf\u00f6r v\u00e4lja Kamada Power OEM ODM dina batteriprodukter?<\/h3>\n<p><strong>Du beh\u00f6ver inte oroa dig f\u00f6r dessa utmaningar med anpassade batteriproblem!<\/strong><br \/>\nOf\u00f6rm\u00e5ga att uppfylla dina anpassade batterikrav, l\u00e5ng produktionsledtid, l\u00e5ngsam leveranstid, ineffektiv kommunikation, ingen kvalitetsgaranti, konkurrenskraftigt produktpris och d\u00e5lig serviceupplevelse \u00e4r dessa problem!<\/p>\n<p><strong>Professionalismens kraft!<\/strong><br \/>\nVi har betj\u00e4nat tusentals batterikunder fr\u00e5n olika branscher och anpassat tusentals batteriprodukter! Vi vet vikten av djupg\u00e5ende kommunikation av behov, vi k\u00e4nner till batteriprodukter fr\u00e5n design till massproduktion av olika tekniska utmaningar och problem, och hur man snabbt och effektivt l\u00f6ser dessa problem!<\/p>\n<p><strong>Utveckla effektiva anpassade batteril\u00f6sningar!<\/strong><br \/>\nSom svar p\u00e5 dina anpassade batteribehov kommer vi specifikt att tilldela projektteamet f\u00f6r batteriteknik f\u00f6r att ge dig 1-till-1-service. Kommunicera med dig p\u00e5 djupet om branschen, scenarier, krav, sm\u00e4rtpunkter, prestanda, funktionalitet och utveckla anpassade batteril\u00f6sningar.<\/p>\n<p><strong>Snabb leverans av anpassad batteriproduktion!<\/strong><br \/>\nVi \u00e4r smidiga och snabba f\u00f6r att hj\u00e4lpa dig att uppn\u00e5 fr\u00e5n batteriproduktdesign, till batteriprovtagning, till massproduktion av batteriprodukter. Uppn\u00e5 snabb produktdesign, snabb produktion och tillverkning, snabb leverans och leverans, b\u00e4sta kvalitet och fabrikspris f\u00f6r anpassade batterier!<\/p>\n<p><strong>Hj\u00e4lper dig att snabbt ta vara p\u00e5 m\u00f6jligheten p\u00e5 marknaden f\u00f6r energilagringsbatterier!<\/strong><br \/>\nKamada Power hj\u00e4lper dig att snabbt uppn\u00e5 differentierade kundanpassade batteriprodukter, f\u00f6rb\u00e4ttra produktens konkurrenskraft och hj\u00e4lpa dig att snabbt ta ledningen p\u00e5 marknaden f\u00f6r energilagringsbatterier.<\/p>\n<p>&nbsp;<\/p>\n<h3 style=\"text-align: center;\">Shenzhen Kamada Electronic Co.,Ltd<br \/>\nKamada Power-utst\u00e4llning<\/h3>\n<p><img loading=\"lazy\" decoding=\"async\" class=\"aligncenter wp-image-1297 size-full\" src=\"http:\/\/www.kmdpower.com\/wp-content\/uploads\/Kamada-Power-Exhibition-Shenzhen-Kamada-Electronic-Co-Ltd.png\" alt=\"Kamada Power Exhibition Shenzhen Kamada Electronic Co Ltd\" width=\"1920\" height=\"841\" \/><\/p>\n<p>&nbsp;<\/p>\n<h3 style=\"text-align: center;\">Certifiering av tillverkare av Kamada Power-batterier<\/h3>\n<p><img loading=\"lazy\" decoding=\"async\" class=\"aligncenter wp-image-1285 size-full\" src=\"http:\/\/www.kmdpower.com\/wp-content\/uploads\/Kamada-Power-Battery-Certification.png\" alt=\"Certifiering av tillverkare av Kamada Power-batterier\" width=\"1344\" height=\"462\" \/><\/p>\n<p>&nbsp;<\/p>\n<h3 style=\"text-align: center;\">Kamada Power litiumjonbatteri tillverkare fabrik Produktionsprocess<\/h3>\n<p><img loading=\"lazy\" decoding=\"async\" class=\"aligncenter wp-image-1323 size-full\" src=\"http:\/\/www.kmdpower.com\/wp-content\/uploads\/Kamada-Power-Lithium-ion-Battery-Manufacturers-Factory-Production-Process-02.jpg\" alt=\"Kamada Power litiumjonbatteri tillverkare fabrik produktionsprocess 02\" width=\"1000\" height=\"517\" \/><\/p>\n<p>&nbsp;<\/p>\n<h3 style=\"text-align: center;\">Kamada Power Battery Tillverkare<\/h3>\n<p><img loading=\"lazy\" decoding=\"async\" class=\"aligncenter wp-image-1324 size-full\" src=\"http:\/\/www.kmdpower.com\/wp-content\/uploads\/Kamada-Power-Lithium-ion-Battery-Manufacturers-Factory-Show.jpg\" alt=\"Kamada Power tillverkare av litiumjonbatterier Fabriksutst\u00e4llning\" width=\"1000\" height=\"584\" \/><\/p>\n<p>Kamada Power Battery Factory tillverkar alla typer av oem odm kundanpassade batteril\u00f6sningar: solcellsbatteri f\u00f6r hemmet, l\u00e5ghastighetsfordonsbatterier (golfbatterier, RV-batterier, blykonverterade litiumbatterier, elvagnsbatterier, gaffeltruckbatterier), marina batterier, kryssningsfartygsbatterier, h\u00f6gsp\u00e4nningsbatterier, staplade batterier,\u00a0<strong><a title=\"Tillverkare av natriumjonbatterier\" href=\"http:\/\/www.kmdpower.com\/sv\/sodium-ion-battery-manufacturers\/\" target=\"_blank\" rel=\"noopener\">Natriumjonbatteri<\/a>,\u00a0<a href=\"http:\/\/www.kmdpower.com\/sv\/commercial-energy-storage-systems\/\" target=\"_blank\" rel=\"noopener\">lagringssystem f\u00f6r industriell och kommersiell energi<\/a><\/strong><\/p>\n<p>&nbsp;<\/p>\n<\/div>","protected":false},"excerpt":{"rendered":"<ul>\n<li><strong>Modell:<\/strong>\u00a048v 200Ah 10kWh Allt i ett solkraftsystem<\/li>\n<li><strong>Livscykel:<\/strong>\u00a06000 g\u00e5nger<\/li>\n<li><strong>Vikt:<\/strong>\u00a0102KGS<\/li>\n<li><strong>M\u00e5tt:<\/strong>\u00a01363*535*160 mm<\/li>\n<li><strong>Certifikat:<\/strong>\u00a0CE\/UN38.3\/MSDS<\/li>\n<li><strong>Allt i ett tillverkare av solenergisystem:<\/strong>\u00a0Kamada Power<\/li>\n<li><strong>Batterityp:<\/strong>\u00a0LiFePO4-batteri<\/li>\n<li><strong>Centrala funktioner:<\/strong>\u00a0WiFi, anpassad APP (tillval)<\/li>\n<li><strong>St\u00f6d f\u00f6r batteri:<\/strong>\u00a0Partihandel, OEM.ODM Allt i ett solkraftsystem<\/li>\n<li><strong>Garanti:<\/strong>\u00a010 \u00e5r<\/li>\n<li><strong>Leveranstid:<\/strong>\u00a07-14 dagar f\u00f6r prover, 35-60 dagar f\u00f6r massproduktion<\/li>\n<li><strong>Kamada Power Battery Products Support grossist, distribut\u00f6rer och OEM ODM anpassat batteri. V\u00e4nligen\u00a0<a title=\"Kontakta Kamada Power\" href=\"https:\/\/www.kmdpower.com\/sv\/contact-us\/\" target=\"_blank\" rel=\"noopener\">Kontakta oss<\/a>!<\/strong><\/li>\n<\/ul>","protected":false},"featured_media":1575,"template":"","meta":{"rank_math_lock_modified_date":false,"_kad_post_transparent":"default","_kad_post_title":"","_kad_post_layout":"default","_kad_post_sidebar_id":"","_kad_post_content_style":"default","_kad_post_vertical_padding":"default","_kad_post_feature":"","_kad_post_feature_position":"","_kad_post_header":false,"_kad_post_footer":false},"product_cat":[17,34],"product_tag":[224,242,319,327,323,324,325,326,333,334,335,336,337,338,339,340,341,342,343,344,345,346,347,366,367,384,385,388,392,79,418,509,511,616,641,706,815,816,817,932,933,934,1046,1112,1113,1120,1121,1119,1123],"class_list":{"0":"post-2316","1":"product","2":"type-product","3":"status-publish","4":"has-post-thumbnail","6":"product_cat-home-energy-storage-system","7":"product_cat-all-in-one-solar-power-system-manufacturers","8":"product_tag-3kwh-battery","9":"product_tag-48v-100ah-lifepo4-5-12-kwh","10":"product_tag-48v100ah-power-wall-5kwh-lithium-lifepo4-battery","11":"product_tag-5-12-kwh-lithium-battery","12":"product_tag-5-kw-battery","13":"product_tag-5-kwh-lithium-battery","14":"product_tag-5-kwh-lithium-ion-battery","15":"product_tag-5-kwh-solar-battery","16":"product_tag-5kw-battery","17":"product_tag-5kw-battery-storage","18":"product_tag-5kw-lithium-battery","19":"product_tag-5kw-lithium-ion-battery","20":"product_tag-5kw-powerwall","21":"product_tag-5kw-server-rack-battery","22":"product_tag-5kw-solar-battery","23":"product_tag-5kw-solar-system-battery-bank","24":"product_tag-5kwh","25":"product_tag-5kwh-2448v-server-rack-lifepo4","26":"product_tag-5kwh-48v-rack-battery","27":"product_tag-5kwh-battery-pack","28":"product_tag-5kwh-lifepo4-battery","29":"product_tag-5kwh-lithium-battery","30":"product_tag-6-5-kwh-lithium-battery","31":"product_tag-6kw-battery-storage","32":"product_tag-6kwh-lithium-battery","33":"product_tag-7kw-battery","34":"product_tag-7kwh-battery","35":"product_tag-9-6-kwh-lithium-battery","36":"product_tag-all-in-one-ess","37":"product_tag-all-in-one-solar-power-system","38":"product_tag-battery-5kwh","39":"product_tag-customized-5-kwh-lithium-ion-battery","40":"product_tag-customized-5kwh-lifepo4-battery","41":"product_tag-lifepo4-5kwh","42":"product_tag-lifepo4-battery-powerwall-5kw-48v","43":"product_tag-lithium-ion-battery-5kwh","44":"product_tag-odm-5kwh-lifepo4-battery","45":"product_tag-odm-5kwh-lifepo4-battery-manufacturer","46":"product_tag-odm-5kwh-lifepo4-battery-supplier","47":"product_tag-oem-5kwh-lifepo4-battery","48":"product_tag-oem-5kwh-lifepo4-battery-manufacturer","49":"product_tag-oem-5kwh-lifepo4-battery-supplier","50":"product_tag-server-rack-lifepo4-5kw","51":"product_tag-wholesale-48v-100ah-lifepo4-5-12-kwh-factory","52":"product_tag-wholesale-48v-100ah-lifepo4-5-12-kwh-supplier","53":"product_tag-wholesale-5-12-kwh-lithium-battery-manufacturers","54":"product_tag-wholesale-5-12-kwh-lithium-battery-supplier","55":"product_tag-wholesale-5-kwh-lithium-battery","56":"product_tag-wholesale-battery-5kwh","58":"first","59":"instock","60":"shipping-taxable","61":"product-type-simple","62":"entry","63":"content-bg","64":"loop-entry"},"_links":{"self":[{"href":"https:\/\/www.kmdpower.com\/sv\/wp-json\/wp\/v2\/product\/2316","targetHints":{"allow":["GET"]}}],"collection":[{"href":"https:\/\/www.kmdpower.com\/sv\/wp-json\/wp\/v2\/product"}],"about":[{"href":"https:\/\/www.kmdpower.com\/sv\/wp-json\/wp\/v2\/types\/product"}],"version-history":[{"count":4,"href":"https:\/\/www.kmdpower.com\/sv\/wp-json\/wp\/v2\/product\/2316\/revisions"}],"predecessor-version":[{"id":2320,"href":"https:\/\/www.kmdpower.com\/sv\/wp-json\/wp\/v2\/product\/2316\/revisions\/2320"}],"wp:featuredmedia":[{"embeddable":true,"href":"https:\/\/www.kmdpower.com\/sv\/wp-json\/wp\/v2\/media\/1575"}],"wp:attachment":[{"href":"https:\/\/www.kmdpower.com\/sv\/wp-json\/wp\/v2\/media?parent=2316"}],"wp:term":[{"taxonomy":"product_cat","embeddable":true,"href":"https:\/\/www.kmdpower.com\/sv\/wp-json\/wp\/v2\/product_cat?post=2316"},{"taxonomy":"product_tag","embeddable":true,"href":"https:\/\/www.kmdpower.com\/sv\/wp-json\/wp\/v2\/product_tag?post=2316"}],"curies":[{"name":"wp","href":"https:\/\/api.w.org\/{rel}","templated":true}]}}