{"id":2244,"date":"2024-10-14T06:33:57","date_gmt":"2024-10-14T06:33:57","guid":{"rendered":"http:\/\/www.kmdpower.com\/?post_type=product&#038;p=2244"},"modified":"2025-01-18T09:37:18","modified_gmt":"2025-01-18T09:37:18","slug":"most-popular-50ah-25kwh-10kwh-15kwh-6000cycles-20kwh-solar-100ah-lifepo4-growatt-ark-hv-battery-product","status":"publish","type":"product","link":"https:\/\/www.kmdpower.com\/sv\/most-popular-50ah-25kwh-10kwh-15kwh-6000cycles-20kwh-solar-100ah-lifepo4-growatt-ark-hv-battery-product\/","title":{"rendered":"Mest popul\u00e4ra 50Ah 25Kwh 10Kwh 15Kwh 6000Cycles 20Kwh Solar 100Ah Lifepo4 Growatt Ark Hv Battery"},"content":{"rendered":"<p><a href=\"https:\/\/www.kmdpower.com\/sv\/contact-us\/\"><img fetchpriority=\"high\" decoding=\"async\" class=\"aligncenter\" src=\"http:\/\/www.kmdpower.com\/wp-content\/uploads\/Contact-US-Kamada-Power-Shenzhen-Kamada-Electronic-Co-Ltd.jpg\" alt=\"\" width=\"1000\" height=\"200\" \/><\/a><\/p>\n<p><img decoding=\"async\" class=\"aligncenter wp-image-1305 size-full\" src=\"http:\/\/www.kmdpower.com\/wp-content\/uploads\/Kamada-Power-High-Voltage-Battery-001.jpg\" alt=\"Kamada Power h\u00f6gsp\u00e4nningsbatteri 001\" width=\"1000\" height=\"414\" \/><\/p>\n<h3 style=\"text-align: center;\">Kamada Power 50Ah 25Kwh 10Kwh 15Kwh 20Kwh Solar 100Ah Lifepo4 Growatt Ark Hv-batteri<\/h3>\n<p><img decoding=\"async\" class=\"aligncenter wp-image-1306 size-full\" src=\"http:\/\/www.kmdpower.com\/wp-content\/uploads\/Kamada-Power-High-Voltage-Battery-002.jpg\" alt=\"Kamada Power h\u00f6gsp\u00e4nningsbatteri 002\" width=\"1000\" height=\"788\" \/><\/p>\n<h3 style=\"text-align: center;\">Utj\u00e4mningsfunktion \uff08Aktiv eller passiv valfri)<\/h3>\n<p>&nbsp;<\/p>\n<p><img loading=\"lazy\" decoding=\"async\" class=\"aligncenter wp-image-978 size-full\" src=\"http:\/\/www.kmdpower.com\/wp-content\/uploads\/Active-Equalization-Function-and-Active-Passive-Optional-0.png\" alt=\"Aktiv equalizerfunktion och aktiv passiv tillval 0\" width=\"1000\" height=\"246\" \/><\/p>\n<div>\n<h3 style=\"text-align: center;\">Kamada Power Custom h\u00f6gsp\u00e4nningsbatteri<\/h3>\n<p><img loading=\"lazy\" decoding=\"async\" class=\"aligncenter wp-image-1307 size-full\" src=\"http:\/\/www.kmdpower.com\/wp-content\/uploads\/Kamada-Power-High-Voltage-Battery-003.jpg\" alt=\"Kamada Power h\u00f6gsp\u00e4nningsbatteri 003\" width=\"1000\" height=\"455\" \/><\/p>\n<\/div>\n<div>\n<p style=\"text-align: center;\">Kamada Power Custom 10,24kWh,15,36kWh,20,48kWh,25,75kWh,30,72kWh,35,84kWh,40,96kWh H\u00f6gsp\u00e4nningsbatteri<\/p>\n<p>Uppt\u00e4ck kraften i v\u00e5rt stapelbara h\u00f6gsp\u00e4nningsbatteri Kamada Power som \u00e4r utformat f\u00f6r topprestanda och tillf\u00f6rlitlighet. Dessa batterier \u00e4r utrustade med avancerad LiFePO4-teknik och har \u00f6ver 6 000 cykler och en h\u00f6g verkningsgrad p\u00e5 95%. Denna teknik s\u00e4kerst\u00e4ller l\u00e5ngsiktig h\u00e5llbarhet och optimal energianv\u00e4ndning, perfekt f\u00f6r b\u00e5de bost\u00e4der och kommersiella applikationer. Njut av oavbruten str\u00f6m med v\u00e5r stapelbara, modul\u00e4ra design som kan expandera upp till 100 kWh, vilket ger flexibilitet och tillf\u00f6rlitlighet. V\u00e5ra batterier \u00e4r utrustade med ett toppmodernt batterihanteringssystem (BMS) f\u00f6r \u00f6kad s\u00e4kerhet och prestanda. Uppgradera till v\u00e5r h\u00f6gsp\u00e4nningsl\u00f6sning och upplev o\u00f6vertr\u00e4ffad energieffektivitet och tillf\u00f6rlitlighet.<\/p>\n<\/div>\n<p>&nbsp;<\/p>\n<p>&nbsp;<\/p>\n<div>\n<div>\n<h3 style=\"text-align: center;\">Produktens h\u00f6jdpunkter<\/h3>\n<p><strong>Stabil prestanda<\/strong><br \/>\nAnv\u00e4nder ett h\u00f6gpresterande Lifepo4-batteri med \u00f6ver 6.000 cykler och 95% effektivitet.<br \/>\nUtrustad med Kamada Powers avancerade batterihanteringssystem (BMS) f\u00f6r \u00f6kad s\u00e4kerhet.<\/p>\n<p><strong>Stapelbar och kompakt design<\/strong><br \/>\nIntegreras med f\u00f6rnybara energik\u00e4llor f\u00f6r att optimera egenf\u00f6rbrukningen och minska beroendet av eln\u00e4tet.<br \/>\nGer tillf\u00f6rlitlig reservkraft och st\u00f6der en h\u00e5llbar livsstil med en kompakt, effektiv design.<\/p>\n<p><strong>Ut\u00f6kningsbar till 100KWH<\/strong><br \/>\nModul\u00e4r design ger m\u00f6jlighet till flexibel expansion upp till 100KWH.<br \/>\nSp\u00e4nningsomr\u00e5de fr\u00e5n 102,4 V (2 moduler) till 409,6 V (8 moduler) med seriekopplingar.<\/p>\n<p><strong>Avancerad BMS<\/strong><br \/>\n\u00d6vervakar sp\u00e4nning, str\u00f6mgr\u00e4nser och laddningsstatus.<br \/>\nInkluderar s\u00e4kerhetsfunktioner f\u00f6r att s\u00e4kerst\u00e4lla optimal prestanda och batteriets livsl\u00e4ngd.<\/p>\n<p><strong>S\u00e4kerhet och tillf\u00f6rlitlighet<\/strong><br \/>\nFlexibel, skalbar design med \u00f6vervakning i realtid.<br \/>\nHar sj\u00e4lvl\u00e4kande teknik f\u00f6r \u00f6kad s\u00e4kerhet och kontroll.<\/p>\n<\/div>\n<p>&nbsp;<\/p>\n<h3 style=\"text-align: center;\">Tillf\u00f6rlitligt BMS-system Ultras\u00e4kert<\/h3>\n<p><img loading=\"lazy\" decoding=\"async\" class=\"aligncenter wp-image-1283 size-full\" src=\"http:\/\/www.kmdpower.com\/wp-content\/uploads\/Kamada-Power-Battery-BMS.jpg\" alt=\"Kamada Power Batteri BMS\" width=\"1000\" height=\"401\" \/><\/p>\n<p style=\"text-align: left;\">Kamada Power 50Ah 25Kwh 10Kwh 15Kwh 6000Cycles 20Kwh Solar 100Ah Lifepo4 Growatt Ark Hv Battery BMS s\u00e4kerst\u00e4ller s\u00e4ker drift i extrema temperaturer, f\u00f6rhindrar \u00f6verladdning och \u00f6verladdning, f\u00f6rl\u00e4nger batteriets livsl\u00e4ngd och ger tillf\u00f6rlitlig prestanda med effektiv laddning och urladdning. Det inneh\u00e5ller ocks\u00e5 \u00f6verstr\u00f6ms- och kortslutningsskydd f\u00f6r systems\u00e4kerhet och erbjuder anv\u00e4ndarna alternativ f\u00f6r aktiv eller passiv balansering f\u00f6r att optimera batteriets prestanda och energieffektivitet.<\/p>\n<p>&nbsp;<\/p>\n<h3 style=\"text-align: center;\">Kamada Power Batteri Inverterare Kompatibel<\/h3>\n<p style=\"text-align: center;\">Kompatibel med 91% av v\u00e4xelriktare p\u00e5 marknaden<\/p>\n<p><img loading=\"lazy\" decoding=\"async\" class=\"aligncenter wp-image-1288 size-full\" src=\"http:\/\/www.kmdpower.com\/wp-content\/uploads\/Kamada-Power-Battery-Inverter-Compatible-X01.jpg\" alt=\"Kamada Power Batteri Inverterare Kompatibel X01\" width=\"1000\" height=\"552\" \/><\/p>\n<p style=\"text-align: center;\"><strong>Kamada Power batteriprodukter \u00e4r kompatibla med 91% av invertervarum\u00e4rkena p\u00e5 marknaden<\/strong><\/p>\n<p>SMA,SRNE,IMEON ENGERGY,ZUCCHETTI,Ingeteam,AiSWEI,victron energy,must,moixa,megarevo,deye,growatt,studer,selectronic,voltronic power,sofar solar,sermatec,gmde,effekta,westernco,sungrow,luxpower,morningstar,delios,sungrow,luxpower,inverter varum\u00e4rken. voltronic power,sofar solar,sermatec,gmde,effekta,westernco,sungrow,luxpower,morningstar,delios,sunosynk,aeca,saj,solarmax,redback. invt,goodwe,solis,mlt,livoltek,eneiqy,solaxpower,opti-solar,kehua tech.<strong>Nedan \u00e4r endast en partiell lista \u00f6ver invertervarum\u00e4rken<\/strong>)<\/p>\n<p>&nbsp;<\/p>\n<p>&nbsp;<\/p>\n<h3 style=\"text-align: center;\">Anslutningsschema f\u00f6r Kamada Power h\u00f6gsp\u00e4nningsbatteri<\/h3>\n<p><img loading=\"lazy\" decoding=\"async\" class=\"aligncenter wp-image-1308 size-full\" src=\"http:\/\/www.kmdpower.com\/wp-content\/uploads\/Kamada-Power-High-Voltage-Battery-004.jpg\" alt=\"Kamada Power h\u00f6gsp\u00e4nningsbatteri 004\" width=\"1000\" height=\"515\" \/><\/p>\n<p>&nbsp;<\/p>\n<h3 style=\"text-align: center;\">Kamada Power Battery Till\u00e4mpningsscenario<\/h3>\n<p><img loading=\"lazy\" decoding=\"async\" class=\"aligncenter wp-image-1309 size-full\" src=\"http:\/\/www.kmdpower.com\/wp-content\/uploads\/Kamada-Power-High-Voltage-Battery-005.jpg\" alt=\"Kamada Power h\u00f6gsp\u00e4nningsbatteri 005\" width=\"1000\" height=\"541\" \/><\/p>\n<p style=\"text-align: left;\"><strong>Kamada Power h\u00f6gsp\u00e4nningsbatteri Till\u00e4mpning:<\/strong> energilagring i hemmet, industriell energilagring, reservkraft f\u00f6r n\u00f6dsituationer, UPS-kraftbank, kraftbank f\u00f6r inverterare, kraftbank f\u00f6r j\u00e4rnv\u00e4g, kraftsystem f\u00f6r telekommunikation, medicinsk elektronik, kommersiella basstationer, s\u00e4kerhetskommunikation, transportlogistik och s\u00e5 vidare<\/p>\n<p>&nbsp;<\/p>\n<h3 style=\"text-align: center;\">Varf\u00f6r v\u00e4lja Kamada Power OEM ODM dina batteriprodukter?<\/h3>\n<p><strong>Du beh\u00f6ver inte oroa dig f\u00f6r dessa utmaningar med anpassade batteriproblem!<\/strong><br \/>\nOf\u00f6rm\u00e5ga att uppfylla dina anpassade batterikrav, l\u00e5ng produktionsledtid, l\u00e5ngsam leveranstid, ineffektiv kommunikation, ingen kvalitetsgaranti, konkurrenskraftigt produktpris och d\u00e5lig serviceupplevelse \u00e4r dessa problem!<\/p>\n<p><strong>Professionalismens kraft!<\/strong><br \/>\nVi har betj\u00e4nat tusentals batterikunder fr\u00e5n olika branscher och anpassat tusentals batteriprodukter! Vi vet vikten av djupg\u00e5ende kommunikation av behov, vi k\u00e4nner till batteriprodukter fr\u00e5n design till massproduktion av olika tekniska utmaningar och problem, och hur man snabbt och effektivt l\u00f6ser dessa problem!<\/p>\n<p><strong>Utveckla effektiva anpassade batteril\u00f6sningar!<\/strong><br \/>\nSom svar p\u00e5 dina anpassade batteribehov kommer vi specifikt att tilldela projektteamet f\u00f6r batteriteknik f\u00f6r att ge dig 1-till-1-service. Kommunicera med dig p\u00e5 djupet om branschen, scenarier, krav, sm\u00e4rtpunkter, prestanda, funktionalitet och utveckla anpassade batteril\u00f6sningar.<\/p>\n<p><strong>Snabb leverans av anpassad batteriproduktion!<\/strong><br \/>\nVi \u00e4r smidiga och snabba f\u00f6r att hj\u00e4lpa dig att uppn\u00e5 fr\u00e5n batteriproduktdesign, till batteriprovtagning, till massproduktion av batteriprodukter. Uppn\u00e5 snabb produktdesign, snabb produktion och tillverkning, snabb leverans och leverans, b\u00e4sta kvalitet och fabrikspris f\u00f6r anpassade batterier!<\/p>\n<p><strong>Hj\u00e4lper dig att snabbt ta vara p\u00e5 m\u00f6jligheten p\u00e5 marknaden f\u00f6r energilagringsbatterier!<\/strong><br \/>\nKamada Power hj\u00e4lper dig att snabbt uppn\u00e5 differentierade kundanpassade batteriprodukter, f\u00f6rb\u00e4ttra produktens konkurrenskraft och hj\u00e4lpa dig att snabbt ta ledningen p\u00e5 marknaden f\u00f6r energilagringsbatterier.<\/p>\n<p>&nbsp;<\/p>\n<h3 style=\"text-align: center;\">Shenzhen Kamada Electronic Co.,Ltd<br \/>\nKamada Power-utst\u00e4llning<\/h3>\n<p><img loading=\"lazy\" decoding=\"async\" class=\"aligncenter wp-image-1297 size-full\" src=\"http:\/\/www.kmdpower.com\/wp-content\/uploads\/Kamada-Power-Exhibition-Shenzhen-Kamada-Electronic-Co-Ltd.png\" alt=\"Kamada Power Exhibition Shenzhen Kamada Electronic Co Ltd\" width=\"1920\" height=\"841\" \/><\/p>\n<p>&nbsp;<\/p>\n<h3 style=\"text-align: center;\">Certifiering av tillverkare av Kamada Power-batterier<\/h3>\n<p><img loading=\"lazy\" decoding=\"async\" class=\"aligncenter wp-image-1285 size-full\" src=\"http:\/\/www.kmdpower.com\/wp-content\/uploads\/Kamada-Power-Battery-Certification.png\" alt=\"Certifiering av tillverkare av Kamada Power-batterier\" width=\"1344\" height=\"462\" \/><\/p>\n<p>&nbsp;<\/p>\n<h3 style=\"text-align: center;\">Kamada Power litiumjonbatteri tillverkare fabrik Produktionsprocess<\/h3>\n<p><img loading=\"lazy\" decoding=\"async\" class=\"aligncenter wp-image-1323 size-full\" src=\"http:\/\/www.kmdpower.com\/wp-content\/uploads\/Kamada-Power-Lithium-ion-Battery-Manufacturers-Factory-Production-Process-02.jpg\" alt=\"Kamada Power litiumjonbatteri tillverkare fabrik produktionsprocess 02\" width=\"1000\" height=\"517\" \/><\/p>\n<p>&nbsp;<\/p>\n<h3 style=\"text-align: center;\">Kamada Power Battery Tillverkare<\/h3>\n<p><img loading=\"lazy\" decoding=\"async\" class=\"aligncenter wp-image-1324 size-full\" src=\"http:\/\/www.kmdpower.com\/wp-content\/uploads\/Kamada-Power-Lithium-ion-Battery-Manufacturers-Factory-Show.jpg\" alt=\"Kamada Power tillverkare av litiumjonbatterier Fabriksutst\u00e4llning\" width=\"1000\" height=\"584\" \/><\/p>\n<p>Kamada Power Battery Factory tillverkar alla typer av oem odm kundanpassade batteril\u00f6sningar: solcellsbatteri f\u00f6r hemmet, l\u00e5ghastighetsfordonsbatterier (golfbatterier, RV-batterier, blykonverterade litiumbatterier, elvagnsbatterier, gaffeltruckbatterier), marina batterier, kryssningsfartygsbatterier, h\u00f6gsp\u00e4nningsbatterier, staplade batterier,\u00a0<strong><a title=\"Tillverkare av natriumjonbatterier\" href=\"http:\/\/www.kmdpower.com\/sv\/sodium-ion-battery-manufacturers\/\" target=\"_blank\" rel=\"noopener\">Natriumjonbatteri<\/a>,\u00a0<a href=\"http:\/\/www.kmdpower.com\/sv\/commercial-energy-storage-systems\/\" target=\"_blank\" rel=\"noopener\">lagringssystem f\u00f6r industriell och kommersiell energi<\/a><\/strong><\/p>\n<p>&nbsp;<\/p>\n<\/div>","protected":false},"excerpt":{"rendered":"<ul>\n<li><strong>Modell:<\/strong>\u00a050Ah 25Kwh 10Kwh 15Kwh 6000Cycles 20Kwh Solar 100Ah Lifepo4 Growatt Ark Hv Batteri<\/li>\n<li><strong>Livscykel:<\/strong>\u00a06000 g\u00e5nger<\/li>\n<li><strong>Vikt:<\/strong>\u00a0306KGS<\/li>\n<li><strong>M\u00e5tt:<\/strong>\u00a01575*661*391 mm<\/li>\n<li><strong>Certifikat:<\/strong>\u00a0CE\/UN38.3\/MSDS<\/li>\n<li><strong>Tillverkare av h\u00f6gsp\u00e4nningsbatterier:<\/strong>\u00a0Kamada Power<\/li>\n<li><strong>Batterityp:<\/strong>\u00a0LiFePO4-batteri<\/li>\n<li><strong>St\u00f6d f\u00f6r batteri:<\/strong>\u00a0Partihandel, OEM.ODM H\u00f6gsp\u00e4nningsbatteri<\/li>\n<li><strong>Garanti:<\/strong>\u00a010 \u00e5r<\/li>\n<li><strong>Leveranstid:<\/strong>\u00a07-14 dagar f\u00f6r prover, 35-60 dagar f\u00f6r massproduktion<\/li>\n<li><strong>Kamada Power Battery Products Support grossist, distribut\u00f6rer och OEM ODM anpassat batteri. V\u00e4nligen\u00a0<a title=\"Kontakta Kamada Power\" href=\"https:\/\/www.kmdpower.com\/sv\/contact-us\/\" target=\"_blank\" rel=\"noopener\">Kontakta oss<\/a>!<\/strong><\/li>\n<\/ul>","protected":false},"featured_media":1484,"template":"","meta":{"rank_math_lock_modified_date":false,"_kad_post_transparent":"default","_kad_post_title":"","_kad_post_layout":"default","_kad_post_sidebar_id":"","_kad_post_content_style":"default","_kad_post_vertical_padding":"default","_kad_post_feature":"","_kad_post_feature_position":"","_kad_post_header":false,"_kad_post_footer":false},"product_cat":[31,17],"product_tag":[85,86,87,88,89,93,94,95,96,97,98,99,100,101,102,103,104,105,106,107,112,135,137,138,139,140,141,142,153,154,155,156,157,158,268,487,514,521,596,676,756,757,830,831,904,943,944,945,989,1108,1109,1110,1130,1131,1132,1133],"class_list":{"0":"post-2244","1":"product","2":"type-product","3":"status-publish","4":"has-post-thumbnail","6":"product_cat-stacked-battery","7":"product_cat-home-energy-storage-system","8":"product_tag-10-kw-lithium-battery","9":"product_tag-10-kw-lithium-battery-pack","10":"product_tag-10-kw-solar-battery","11":"product_tag-10-kwh-lithium-battery","12":"product_tag-10-kwh-lithium-ion-battery","13":"product_tag-10kw-battery","14":"product_tag-10kw-battery-pack","15":"product_tag-10kw-home-battery","16":"product_tag-10kw-lifepo4-battery","17":"product_tag-10kw-lithium-battery","18":"product_tag-10kw-lithium-ion-battery","19":"product_tag-10kw-powerwall","20":"product_tag-10kw-solar-battery","21":"product_tag-10kwh-48v-lifepo4","22":"product_tag-10kwh-48v-lifepo4-manufacturer","23":"product_tag-10kwh-51-2-v-200ah-lifepo4-lithium-battery","24":"product_tag-10kwh-lifepo4-battery","25":"product_tag-10kwh-lithium-battery","26":"product_tag-10kwh-lithium-battery-48v","27":"product_tag-10kwh-solar-battery","28":"product_tag-12-kwh-lithium-ion-battery","29":"product_tag-13kw-solar-battery","30":"product_tag-15kw-battery-bank","31":"product_tag-15kw-battery-storage","32":"product_tag-15kw-lithium-ion-battery","33":"product_tag-15kw-solar-storage-batteries","34":"product_tag-15kwh-battery","35":"product_tag-15kwh-battery-bank","36":"product_tag-20kw-battery","37":"product_tag-20kw-battery-bank","38":"product_tag-20kw-battery-inverter","39":"product_tag-20kw-battery-storage","40":"product_tag-20kw-lifepo4-battery","41":"product_tag-20kw-powerwall","42":"product_tag-48v-200ah-to-kwh","43":"product_tag-customized-10kwh-lifepo4-battery","44":"product_tag-customized-lifepo4-10kwh","45":"product_tag-customized-lithium-ion-battery-10kwh","46":"product_tag-lifepo4-10kwh","47":"product_tag-lithium-battery-10-kwh","48":"product_tag-odm-10kwh-lifepo4-battery-manufacturer","49":"product_tag-odm-10kwh-lifepo4-battery-supplier","50":"product_tag-odm-lifepo4-10kwh-manufacturer","51":"product_tag-odm-lifepo4-10kwh-supplier","52":"product_tag-oem-10kwh-lifepo4-battery-manufacturer","53":"product_tag-oem-lifepo4-10kwh","54":"product_tag-oem-lifepo4-10kwh-manufacturer","55":"product_tag-oem-lifepo4-10kwh-supplier","56":"product_tag-powerwall-15kw","57":"product_tag-wholesale-10kw-lithium-ion-battery-manufacturer","58":"product_tag-wholesale-13kw-solar-battery-factories","59":"product_tag-wholesale-13kw-solar-battery-manufacturers","60":"product_tag-wholesale-lifepo4-10kwh-factories","61":"product_tag-wholesale-lifepo4-10kwh-factory","62":"product_tag-wholesale-lifepo4-10kwh-manufacturers","63":"product_tag-wholesale-lifepo4-10kwh-suppliers","65":"first","66":"instock","67":"shipping-taxable","68":"product-type-simple","69":"entry","70":"content-bg","71":"loop-entry"},"_links":{"self":[{"href":"https:\/\/www.kmdpower.com\/sv\/wp-json\/wp\/v2\/product\/2244","targetHints":{"allow":["GET"]}}],"collection":[{"href":"https:\/\/www.kmdpower.com\/sv\/wp-json\/wp\/v2\/product"}],"about":[{"href":"https:\/\/www.kmdpower.com\/sv\/wp-json\/wp\/v2\/types\/product"}],"version-history":[{"count":3,"href":"https:\/\/www.kmdpower.com\/sv\/wp-json\/wp\/v2\/product\/2244\/revisions"}],"predecessor-version":[{"id":2246,"href":"https:\/\/www.kmdpower.com\/sv\/wp-json\/wp\/v2\/product\/2244\/revisions\/2246"}],"wp:featuredmedia":[{"embeddable":true,"href":"https:\/\/www.kmdpower.com\/sv\/wp-json\/wp\/v2\/media\/1484"}],"wp:attachment":[{"href":"https:\/\/www.kmdpower.com\/sv\/wp-json\/wp\/v2\/media?parent=2244"}],"wp:term":[{"taxonomy":"product_cat","embeddable":true,"href":"https:\/\/www.kmdpower.com\/sv\/wp-json\/wp\/v2\/product_cat?post=2244"},{"taxonomy":"product_tag","embeddable":true,"href":"https:\/\/www.kmdpower.com\/sv\/wp-json\/wp\/v2\/product_tag?post=2244"}],"curies":[{"name":"wp","href":"https:\/\/api.w.org\/{rel}","templated":true}]}}