{"id":4281,"date":"2025-03-29T10:15:24","date_gmt":"2025-03-29T10:15:24","guid":{"rendered":"https:\/\/www.kmdpower.com\/?post_type=product&#038;p=4281"},"modified":"2025-06-20T12:10:08","modified_gmt":"2025-06-20T12:10:08","slug":"kamada-power-10kwh-all-in-one-battery-and-inverter","status":"publish","type":"product","link":"https:\/\/www.kmdpower.com\/sl\/kamada-power-10kwh-all-in-one-battery-and-inverter\/","title":{"rendered":"Kamada Power 10 kWh vse v enem akumulatorju in inverterju"},"content":{"rendered":"<p><a href=\"https:\/\/www.kmdpower.com\/sl\/contact-us\/\"><img fetchpriority=\"high\" decoding=\"async\" class=\"aligncenter\" src=\"http:\/\/www.kmdpower.com\/wp-content\/uploads\/Contact-US-Kamada-Power-Shenzhen-Kamada-Electronic-Co-Ltd.jpg\" alt=\"\" width=\"1000\" height=\"200\" \/><\/a><\/p>\n<p>&nbsp;<\/p>\n<p><img decoding=\"async\" class=\"wp-image-4288 size-full aligncenter\" src=\"https:\/\/www.kmdpower.com\/wp-content\/uploads\/Kamada-Power-10kWh-15kWh-All-in-One-Battery-and-Inverter-Desc-001.jpg\" alt=\"\" width=\"1000\" height=\"414\" srcset=\"https:\/\/www.kmdpower.com\/wp-content\/uploads\/Kamada-Power-10kWh-15kWh-All-in-One-Battery-and-Inverter-Desc-001.jpg 1000w, https:\/\/www.kmdpower.com\/wp-content\/uploads\/Kamada-Power-10kWh-15kWh-All-in-One-Battery-and-Inverter-Desc-001-300x124.jpg 300w, https:\/\/www.kmdpower.com\/wp-content\/uploads\/Kamada-Power-10kWh-15kWh-All-in-One-Battery-and-Inverter-Desc-001-768x318.jpg 768w, https:\/\/www.kmdpower.com\/wp-content\/uploads\/Kamada-Power-10kWh-15kWh-All-in-One-Battery-and-Inverter-Desc-001-18x7.jpg 18w, https:\/\/www.kmdpower.com\/wp-content\/uploads\/Kamada-Power-10kWh-15kWh-All-in-One-Battery-and-Inverter-Desc-001-600x248.jpg 600w\" sizes=\"(max-width: 1000px) 100vw, 1000px\" \/><\/p>\n<h3 style=\"text-align: center;\">Kamada Power 10 kWh vse v enem akumulatorju in inverterju<\/h3>\n<p><img decoding=\"async\" class=\"wp-image-4289 size-full aligncenter\" src=\"https:\/\/www.kmdpower.com\/wp-content\/uploads\/Kamada-Power-10kWh-15kWh-All-in-One-Battery-and-Inverter-Desc-002.jpg\" alt=\"\" width=\"1000\" height=\"788\" srcset=\"https:\/\/www.kmdpower.com\/wp-content\/uploads\/Kamada-Power-10kWh-15kWh-All-in-One-Battery-and-Inverter-Desc-002.jpg 1000w, https:\/\/www.kmdpower.com\/wp-content\/uploads\/Kamada-Power-10kWh-15kWh-All-in-One-Battery-and-Inverter-Desc-002-300x236.jpg 300w, https:\/\/www.kmdpower.com\/wp-content\/uploads\/Kamada-Power-10kWh-15kWh-All-in-One-Battery-and-Inverter-Desc-002-768x605.jpg 768w, https:\/\/www.kmdpower.com\/wp-content\/uploads\/Kamada-Power-10kWh-15kWh-All-in-One-Battery-and-Inverter-Desc-002-15x12.jpg 15w, https:\/\/www.kmdpower.com\/wp-content\/uploads\/Kamada-Power-10kWh-15kWh-All-in-One-Battery-and-Inverter-Desc-002-600x473.jpg 600w\" sizes=\"(max-width: 1000px) 100vw, 1000px\" \/><\/p>\n<h3 style=\"text-align: center;\">Funkcija izravnave\uff08Aktivna ali pasivna Izbirno)<\/h3>\n<p>&nbsp;<\/p>\n<p><img loading=\"lazy\" decoding=\"async\" class=\"aligncenter wp-image-978 size-full\" src=\"http:\/\/www.kmdpower.com\/wp-content\/uploads\/Active-Equalization-Function-and-Active-Passive-Optional-0.png\" alt=\"Aktivna funkcija izena\u010devanja in aktivna pasivna mo\u017enost 0\" width=\"1000\" height=\"246\" \/><\/p>\n<div>\n<p>Ta Kamada Power 10kWh vse v enem baterija in inverter s prilagodljivim modularnim sistemom se lahko oblikuje glede na va\u0161o dnevno porabo energije v gospodinjstvu.Ta vodilna elektrarna v svojem razredu vam zagotavlja energijo za delovanje va\u0161ih vsakodnevnih gospodinjskih aparatov ali celo za rezervno napajanje celotne hi\u0161e za en ali dva dni, odvisno od va\u0161ih potreb po obremenitvi.<\/p>\n<p>&nbsp;<\/p>\n<\/div>\n<h3 style=\"text-align: center;\">Poudarki izdelka<\/h3>\n<p><strong>Dolga \u017eivljenjska doba:<\/strong>Ve\u010d kot 6000 ciklov @ 90% DOD<br \/>\n<strong>Nizka poraba energije:<\/strong>Nizka poraba energije v stanju pripravljenosti \u226415 W, izguba energije pri delovanju brez obremenitve manj kot 100 W<br \/>\n<strong>Modularna zasnova:<\/strong>Dodajte poljubno \u0161tevilo baterijskih modulov<br \/>\n<strong>Funkcija brezhibnega preklapljanja:<\/strong>Podpora za nemoteno preklapljanje med vzporednim in izklju\u010denim omre\u017ejem (manj kot 5 ms)<br \/>\n<strong>Visoka integracija:<\/strong>Vgrajeni hibridni inverter, BMS, baterijska banka<br \/>\n<strong>Oddaljena strojna programska oprema:<\/strong>Prek aplikacije in portala za spremljanje Kamada Power nadzorujte in spremljajte svoj pametni sistem na poti.<br \/>\n<strong>Oblikovanje za zlaganje:<\/strong>Potrebujete ve\u010djo zmogljivost? Modularna zasnova omogo\u010da vzporedno namestitev ve\u010d enot<br \/>\n<strong>Visoka napetost:<\/strong>Visokonapetostni sistem BMS omogo\u010da ve\u010djo u\u010dinkovitost polnjenja in praznjenja.<br \/>\n<strong>Kamada Power 10kWh vse v enem baterija in pretvornik Lahko zlo\u017eite baterijo z vgrajenim pretvornikom:<\/strong>Visokonapetostni sistem BMS omogo\u010da ve\u010djo mo\u010d polnjenja in praznjenja pri ni\u017ejem toku, kar zagotavlja ve\u010djo u\u010dinkovitost kot na\u0161 niz manj\u0161ih napetosti.<\/p>\n<p>&nbsp;<\/p>\n<div>\n<h3 style=\"text-align: center;\">Zanesljiv sistem BMS Ultra Saftey<\/h3>\n<p><img loading=\"lazy\" decoding=\"async\" class=\"aligncenter wp-image-1283 size-full\" src=\"http:\/\/www.kmdpower.com\/wp-content\/uploads\/Kamada-Power-Battery-BMS.jpg\" alt=\"Kamada Power Battery BMS\" width=\"1000\" height=\"401\" \/><\/p>\n<p style=\"text-align: left;\">Kamada Power 10kWh baterija in inverter BMS zagotavlja varno delovanje pri ekstremnih temperaturah, prepre\u010duje prekomerno polnjenje in praznjenje, podalj\u0161uje \u017eivljenjsko dobo baterije ter zagotavlja zanesljivo delovanje z u\u010dinkovitim polnjenjem in praznjenjem. Za varnost sistema vklju\u010duje tudi nadtokovno in kratkosti\u010dno za\u0161\u010dito ter uporabnikom ponuja mo\u017enosti aktivnega ali pasivnega uravnote\u017eenja za optimizacijo zmogljivosti baterije in energetske u\u010dinkovitosti.<\/p>\n<p>&nbsp;<\/p>\n<h3 style=\"text-align: center;\">Kamada Power 10 kWh vse v enem baterija in inverter Velikost<\/h3>\n<p><img loading=\"lazy\" decoding=\"async\" class=\"aligncenter wp-image-4286 size-full\" src=\"https:\/\/www.kmdpower.com\/wp-content\/uploads\/kamada-all-in-one-10kwh-battery-005.jpg\" alt=\"\" width=\"1000\" height=\"1114\" srcset=\"https:\/\/www.kmdpower.com\/wp-content\/uploads\/kamada-all-in-one-10kwh-battery-005.jpg 1000w, https:\/\/www.kmdpower.com\/wp-content\/uploads\/kamada-all-in-one-10kwh-battery-005-269x300.jpg 269w, https:\/\/www.kmdpower.com\/wp-content\/uploads\/kamada-all-in-one-10kwh-battery-005-919x1024.jpg 919w, https:\/\/www.kmdpower.com\/wp-content\/uploads\/kamada-all-in-one-10kwh-battery-005-768x856.jpg 768w, https:\/\/www.kmdpower.com\/wp-content\/uploads\/kamada-all-in-one-10kwh-battery-005-11x12.jpg 11w, https:\/\/www.kmdpower.com\/wp-content\/uploads\/kamada-all-in-one-10kwh-battery-005-600x668.jpg 600w\" sizes=\"(max-width: 1000px) 100vw, 1000px\" \/><\/p>\n<p>&nbsp;<\/p>\n<h3 style=\"text-align: center;\">Kamada Power 10kWh vse v enem baterija in pretvornik Scenarij uporabe<\/h3>\n<p><img loading=\"lazy\" decoding=\"async\" class=\"aligncenter wp-image-1354 size-full\" src=\"http:\/\/www.kmdpower.com\/wp-content\/uploads\/kamada-powerwall-battery-application-scenario-.jpg\" alt=\"scenarij uporabe baterije kamada powerwall\" width=\"1000\" height=\"462\" \/><\/p>\n<p><strong>Kamada Power 10kWh vse v enem baterija in inverter Lahko se uporablja v naslednjih scenarijih uporabe:<\/strong><\/p>\n<p><strong>Son\u010dni sistem:<\/strong> Shranjujte son\u010dno energijo za stalno napajanje podnevi in pono\u010di.<br \/>\n<strong>Potovanje z avtodomom:<\/strong> Zagotovite prenosno shranjevanje energije za potovanja.<br \/>\n<strong>\u010coln \/ Marine:<\/strong> Zagotovite si neprekinjeno napajanje med plovbo ali sidranjem.<br \/>\n<strong>Brez omre\u017eja:<\/strong> Ostanite povezani z zanesljivim rezervnim napajanjem na oddaljenih lokacijah.<\/p>\n<p>&nbsp;<\/p>\n<h3 style=\"text-align: center;\">Zakaj izbrati Kamada Power OEM ODM va\u0161e baterije?<\/h3>\n<p><strong>Ni vam treba skrbeti za te te\u017eave z baterijami po meri!<\/strong><br \/>\nTe\u017eave so nezmo\u017enost izpolnjevanja va\u0161ih zahtev za baterije po meri, dolg \u010das izdelave, po\u010dasen \u010das dostave, neu\u010dinkovita komunikacija, brez jamstva kakovosti, nekonkuren\u010dna cena izdelka in slabe izku\u0161nje s storitvami!<\/p>\n<p><strong>Mo\u010d strokovnosti!<\/strong><br \/>\nPoskrbeli smo \u017ee za tiso\u010de kupcev baterij iz razli\u010dnih panog in prilagodili na tiso\u010de baterijskih izdelkov! Zavedamo se pomena poglobljenega sporo\u010danja potreb, poznamo baterijske izdelke od zasnove do serijske proizvodnje razli\u010dnih tehni\u010dnih izzivov in te\u017eav ter vemo, kako te te\u017eave hitro in u\u010dinkovito re\u0161iti!<\/p>\n<p><strong>Razvijte u\u010dinkovite re\u0161itve za baterije po meri!<\/strong><br \/>\nGlede na va\u0161e potrebe po baterijah po meri bomo posebej dolo\u010dili projektno skupino za tehnologijo baterij, ki vam bo nudila storitve 1:1. Z vami bomo poglobljeno komunicirali o industriji, scenarijih, zahtevah, bole\u010dih to\u010dkah, u\u010dinkovitosti in funkcionalnosti ter razvili re\u0161itve za baterije po meri.<\/p>\n<p><strong>Hitra dobava baterije po meri!<\/strong><br \/>\nSmo agilni in hitri, da vam lahko pomagamo od zasnove baterijskega izdelka, vzor\u010denja baterij do mno\u017ei\u010dne proizvodnje baterijskih izdelkov. Dosezite hitro oblikovanje izdelka, hitro proizvodnjo in izdelavo, hitro dostavo in odpremo, najbolj\u0161o kakovost in tovarni\u0161ko ceno za baterije po meri!<\/p>\n<p><strong>Pomagamo vam hitro izkoristiti prilo\u017enost na trgu baterij za shranjevanje energije!<\/strong><br \/>\nKamada Power vam pomaga hitro dose\u010di diferencirane prilagojene baterijske izdelke, izbolj\u0161ati konkuren\u010dnost izdelkov in hitro prevzeti vodilno vlogo na trgu baterij za shranjevanje energije.<\/p>\n<p>&nbsp;<\/p>\n<h3 style=\"text-align: center;\">Shenzhen Kamada Electronic Co., Ltd<br \/>\nRazstava Kamada Power<\/h3>\n<p><img loading=\"lazy\" decoding=\"async\" class=\"aligncenter wp-image-1297 size-full\" src=\"http:\/\/www.kmdpower.com\/wp-content\/uploads\/Kamada-Power-Exhibition-Shenzhen-Kamada-Electronic-Co-Ltd.png\" alt=\"Kamada Power razstava Shenzhen Kamada Electronic Co Ltd\" width=\"1920\" height=\"841\" \/><\/p>\n<p>&nbsp;<\/p>\n<h3 style=\"text-align: center;\">Kamada Proizvajalci baterij za napajanje Certificiranje<\/h3>\n<p><img loading=\"lazy\" decoding=\"async\" class=\"aligncenter wp-image-1285 size-full\" src=\"http:\/\/www.kmdpower.com\/wp-content\/uploads\/Kamada-Power-Battery-Certification.png\" alt=\"Kamada Proizvajalci baterij za napajanje Certificiranje\" width=\"1344\" height=\"462\" \/><\/p>\n<p>&nbsp;<\/p>\n<h3 style=\"text-align: center;\">Kamada Power Proizvajalci litij-ionskih baterij Tovarni\u0161ki proizvodni proces<\/h3>\n<p><img loading=\"lazy\" decoding=\"async\" class=\"aligncenter wp-image-1323 size-full\" src=\"http:\/\/www.kmdpower.com\/wp-content\/uploads\/Kamada-Power-Lithium-ion-Battery-Manufacturers-Factory-Production-Process-02.jpg\" alt=\"Kamada Power Proizvajalci litij-ionskih baterij Tovarna proizvodnega procesa 02\" width=\"1000\" height=\"517\" \/><\/p>\n<p>&nbsp;<\/p>\n<h3 style=\"text-align: center;\">Proizvajalci baterij Kamada Power<\/h3>\n<p><img loading=\"lazy\" decoding=\"async\" class=\"aligncenter wp-image-1324 size-full\" src=\"http:\/\/www.kmdpower.com\/wp-content\/uploads\/Kamada-Power-Lithium-ion-Battery-Manufacturers-Factory-Show.jpg\" alt=\"Kamada Power Proizvajalci litij-ionskih baterij Factory Show\" width=\"1000\" height=\"584\" \/><\/p>\n<p>Kamada Power Battery Factory proizvaja vse vrste oem odm prilagojenih baterij: doma\u010de solarne baterije, baterije za vozila z nizko hitrostjo (baterije za golf, RV baterije, svin\u010dene litijeve baterije, baterije za elektri\u010dne vozi\u010dke, baterije za vili\u010darje), morske baterije, baterije za potni\u0161ke ladje, visokonapetostne baterije, skladi\u0161\u010dne baterije,\u00a0<strong><a title=\"Proizvajalci natrijevih ionskih baterij\" href=\"http:\/\/www.kmdpower.com\/sl\/sodium-ion-battery-manufacturers\/\" target=\"_blank\" rel=\"noopener\">Natrijeva ionska baterija<\/a>,\u00a0<a href=\"http:\/\/www.kmdpower.com\/sl\/commercial-energy-storage-systems\/\" target=\"_blank\" rel=\"noopener\">industrijski in komercialni sistemi za shranjevanje energije<\/a><\/strong><\/p>\n<p>&nbsp;<\/p>\n<\/div>","protected":false},"excerpt":{"rendered":"<ul>\n<li><strong>Model:<\/strong> Kamada Power 10 kWh vse v enem akumulatorju in inverterju<\/li>\n<li><strong>\u017divljenjski cikel:<\/strong>\u00a06000-krat<\/li>\n<li><strong>Te\u017ea:<\/strong>\u00a060KGS<\/li>\n<li><strong>Dimenzije:<\/strong> 1471*570*250 mm<\/li>\n<li><strong>Certifikat:<\/strong>\u00a0CE\/UN38.3\/MSDS<\/li>\n<li><strong>Proizvajalci baterij in inverterjev vse v enem:<\/strong>\u00a0Kamada Power<\/li>\n<li><strong>Vrsta baterije:<\/strong>\u00a0Baterija LiFePO4<\/li>\n<li><strong>Osnovne funkcije:<\/strong>\u00a0WiFi, prilagojena aplikacija APP (neobvezno)<\/li>\n<li><strong>Podpora za baterije:<\/strong> Trgovina na debelo, OEM.ODM Vse v eni bateriji in inverterju<\/li>\n<li><strong>Garancija:<\/strong>\u00a010 let<\/li>\n<li><strong>\u010cas dostave:<\/strong>\u00a07-14 dni za vzorce, 35-60 dni za mno\u017ei\u010dno proizvodnjo<\/li>\n<li><strong>Kamada Power Battery Products Podpora za prodajo na debelo, distributerje in OEM ODM baterije po meri. Prosimo, po\u0161ljite\u00a0<a title=\"Kontakt Kamada Power\" href=\"https:\/\/www.kmdpower.com\/sl\/contact-us\/\" target=\"_blank\" rel=\"noopener\">Pi\u0161ite nam<\/a>!<\/strong><\/li>\n<\/ul>","protected":false},"featured_media":4282,"template":"","meta":{"rank_math_lock_modified_date":false,"_kad_post_transparent":"default","_kad_post_title":"","_kad_post_layout":"default","_kad_post_sidebar_id":"","_kad_post_content_style":"default","_kad_post_vertical_padding":"default","_kad_post_feature":"","_kad_post_feature_position":"","_kad_post_header":false,"_kad_post_footer":false},"product_cat":[17,34],"product_tag":[1190,392],"class_list":{"0":"post-4281","1":"product","2":"type-product","3":"status-publish","4":"has-post-thumbnail","6":"product_cat-home-energy-storage-system","7":"product_cat-all-in-one-solar-power-system-manufacturers","8":"product_tag-all-in-one-battery-and-inverter","9":"product_tag-all-in-one-ess","11":"first","12":"instock","13":"featured","14":"shipping-taxable","15":"product-type-simple","16":"entry","17":"content-bg","18":"loop-entry"},"_links":{"self":[{"href":"https:\/\/www.kmdpower.com\/sl\/wp-json\/wp\/v2\/product\/4281","targetHints":{"allow":["GET"]}}],"collection":[{"href":"https:\/\/www.kmdpower.com\/sl\/wp-json\/wp\/v2\/product"}],"about":[{"href":"https:\/\/www.kmdpower.com\/sl\/wp-json\/wp\/v2\/types\/product"}],"version-history":[{"count":1,"href":"https:\/\/www.kmdpower.com\/sl\/wp-json\/wp\/v2\/product\/4281\/revisions"}],"predecessor-version":[{"id":4290,"href":"https:\/\/www.kmdpower.com\/sl\/wp-json\/wp\/v2\/product\/4281\/revisions\/4290"}],"wp:featuredmedia":[{"embeddable":true,"href":"https:\/\/www.kmdpower.com\/sl\/wp-json\/wp\/v2\/media\/4282"}],"wp:attachment":[{"href":"https:\/\/www.kmdpower.com\/sl\/wp-json\/wp\/v2\/media?parent=4281"}],"wp:term":[{"taxonomy":"product_cat","embeddable":true,"href":"https:\/\/www.kmdpower.com\/sl\/wp-json\/wp\/v2\/product_cat?post=4281"},{"taxonomy":"product_tag","embeddable":true,"href":"https:\/\/www.kmdpower.com\/sl\/wp-json\/wp\/v2\/product_tag?post=4281"}],"curies":[{"name":"wp","href":"https:\/\/api.w.org\/{rel}","templated":true}]}}