{"id":2328,"date":"2024-10-15T06:47:13","date_gmt":"2024-10-15T06:47:13","guid":{"rendered":"http:\/\/www.kmdpower.com\/?post_type=product&#038;p=2328"},"modified":"2025-01-19T07:11:54","modified_gmt":"2025-01-19T07:11:54","slug":"vertical-ess-48v-100ah-all-in-one-5kwh-10kwh-lithium-battery-solar-hybrid-inverter-scalable-module-product","status":"publish","type":"product","link":"https:\/\/www.kmdpower.com\/sl\/vertical-ess-48v-100ah-all-in-one-5kwh-10kwh-lithium-battery-solar-hybrid-inverter-scalable-module-product\/","title":{"rendered":"Vertikalni ESS 48V 100Ah vse v enem 5kwh 10kwh litijeva baterija Solar Hybrid Inverter raz\u0161irljiv modul"},"content":{"rendered":"<p><a href=\"https:\/\/www.kmdpower.com\/sl\/contact-us\/\"><img fetchpriority=\"high\" decoding=\"async\" class=\"aligncenter\" src=\"http:\/\/www.kmdpower.com\/wp-content\/uploads\/Contact-US-Kamada-Power-Shenzhen-Kamada-Electronic-Co-Ltd.jpg\" alt=\"\" width=\"1000\" height=\"200\" \/><\/a><\/p>\n<p><img decoding=\"async\" class=\"aligncenter wp-image-2317 size-full\" src=\"http:\/\/www.kmdpower.com\/wp-content\/uploads\/kamada-power-all-in-one-solar-power-system-Y001.jpg\" alt=\"Kamada Power Vse v enem sistemu za son\u010dno energijo 001\" width=\"1000\" height=\"414\" \/><\/p>\n<h3 style=\"text-align: center;\">Kamada Power 48V 100Ah 5kWh vse v enem sistemu za son\u010dno energijo<\/h3>\n<p><img decoding=\"async\" class=\"aligncenter wp-image-2318 size-full\" src=\"http:\/\/www.kmdpower.com\/wp-content\/uploads\/Kamada-Power-All-in-One-Solar-Power-System-Y002.jpg\" alt=\"Kamada Power All in One Solar Power System 002\" width=\"1000\" height=\"788\" \/><\/p>\n<h3 style=\"text-align: center;\">Funkcija izravnave\uff08Aktivna ali pasivna Izbirno)<\/h3>\n<p>&nbsp;<\/p>\n<p><img loading=\"lazy\" decoding=\"async\" class=\"aligncenter wp-image-978 size-full\" src=\"http:\/\/www.kmdpower.com\/wp-content\/uploads\/Active-Equalization-Function-and-Active-Passive-Optional-0.png\" alt=\"Aktivna funkcija izena\u010devanja in aktivna pasivna izbirna funkcija-0\" width=\"1000\" height=\"246\" \/><\/p>\n<div>\n<p>Ta Kamada Power Vertical ESS 48v 100Ah 5kWh All In One Solar Power System s prilagodljivim modularnim sistemom lahko oblikujete glede na dnevno porabo energije v va\u0161em gospodinjstvu.Ta vodilna elektrarna v svojem razredu vam zagotavlja energijo za delovanje va\u0161ih vsakodnevnih gospodinjskih aparatov ali celo za rezervno napajanje celotne hi\u0161e za en ali dva dni, odvisno od va\u0161ih potreb po obremenitvi.<\/p>\n<p>&nbsp;<\/p>\n<\/div>\n<h3 style=\"text-align: center;\">Poudarki izdelka<\/h3>\n<p><strong>Dolga \u017eivljenjska doba:<\/strong>Ve\u010d kot 6000 ciklov @ 90% DOD<br \/>\n<strong>Nizka poraba energije:<\/strong>Nizka poraba energije v stanju pripravljenosti \u226415 W, izguba energije pri delovanju brez obremenitve manj kot 100 W<br \/>\n<strong>Modularna zasnova:<\/strong>Dodajte poljubno \u0161tevilo baterijskih modulov<br \/>\n<strong>Funkcija brezhibnega preklapljanja:<\/strong>Podpora za nemoteno preklapljanje med vzporednim in izklju\u010denim omre\u017ejem (manj kot 5 ms)<br \/>\n<strong>Visoka integracija:<\/strong>Vgrajeni hibridni inverter, BMS, baterijska banka<br \/>\n<strong>Oddaljena strojna programska oprema:<\/strong>Prek aplikacije in portala za spremljanje Kamada Power nadzorujte in spremljajte svoj pametni sistem na poti.<br \/>\n<strong>Oblikovanje za zlaganje:<\/strong>Potrebujete ve\u010djo zmogljivost? Modularna zasnova omogo\u010da vzporedno namestitev ve\u010d enot<br \/>\n<strong>Visoka napetost:<\/strong>Visokonapetostni sistem BMS omogo\u010da ve\u010djo u\u010dinkovitost polnjenja in praznjenja.<br \/>\n<strong>Kamada Power 48v 100Ah 5kWh vse v enem sistemu za son\u010dno energijo Lahko zlo\u017eite baterijo z vgrajenim inverterjem:<\/strong>Visokonapetostni sistem BMS omogo\u010da ve\u010djo mo\u010d polnjenja in praznjenja pri ni\u017ejem toku, kar zagotavlja ve\u010djo u\u010dinkovitost kot na\u0161 niz manj\u0161ih napetosti.<\/p>\n<p>&nbsp;<\/p>\n<div>\n<h3 style=\"text-align: center;\">Zanesljiv sistem BMS Ultra Saftey<\/h3>\n<p><img loading=\"lazy\" decoding=\"async\" class=\"aligncenter wp-image-1283 size-full\" src=\"http:\/\/www.kmdpower.com\/wp-content\/uploads\/Kamada-Power-Battery-BMS.jpg\" alt=\"Kamada Power Battery BMS\" width=\"1000\" height=\"401\" \/><\/p>\n<p style=\"text-align: left;\">Kamada Power All In One Solar Power System BMS zagotavlja varno delovanje pri ekstremnih temperaturah, prepre\u010duje prekomerno polnjenje in praznjenje, podalj\u0161uje \u017eivljenjsko dobo baterije ter zagotavlja zanesljivo delovanje z u\u010dinkovitim polnjenjem in praznjenjem. Za varnost sistema vklju\u010duje tudi nadtokovno in kratkosti\u010dno za\u0161\u010dito ter uporabnikom ponuja mo\u017enosti aktivnega ali pasivnega uravnote\u017eenja za optimizacijo zmogljivosti baterije in energetske u\u010dinkovitosti.<\/p>\n<p>&nbsp;<\/p>\n<h3 style=\"text-align: center;\">Kamada Power 48V 100Ah 5kWh Vse v enem sistemu za son\u010dno energijo Funkcije<\/h3>\n<p><img loading=\"lazy\" decoding=\"async\" class=\"aligncenter wp-image-1274 size-full\" src=\"http:\/\/www.kmdpower.com\/wp-content\/uploads\/Kamada-Power-All-in-One-Solar-Power-System-0031.jpg\" alt=\"Kamada Power Vse v enem solarnem sistemu 003\" width=\"1000\" height=\"792\" \/><\/p>\n<p><strong>Inverter za shranjevanje energije:<\/strong>\u00a0Vgrajen inverter, ni potrebe po zunanjem inverterju, priro\u010den in hiter za uporabo.<br \/>\n<strong>Zaslon LED:<\/strong>\u00a0podatki o delovanju baterije v realnem \u010dasu<br \/>\n<strong>WiFi in aplikacija:<\/strong>\u00a0Podatke o bateriji si lahko ogledate prek WiFi in APP, v realnem \u010dasu Vse v enem sistemu za son\u010dno energijo informacije o bateriji<br \/>\n<strong>Paket baterij Lifepo4:<\/strong>\u00a0Baterija Lifepo4, varna in zanesljiva, vzdr\u017eevanje ni potrebno<br \/>\n<strong>Prikaz ravni napolnjenosti baterije:<\/strong>\u00a0prikaz napredka trenutne ravni v realnem \u010dasu<br \/>\n<strong>Zlo\u017eena baterija:<\/strong>\u00a0enostavno pove\u010danje zmogljivosti<br \/>\n<strong>Podstavek za baterije:<\/strong>\u00a0robusten in vzdr\u017eljiv<\/p>\n<p>&nbsp;<\/p>\n<h3 style=\"text-align: center;\">Kamada Power 48V 100Ah vse v enem sistemu za son\u010dno energijo Scenarij uporabe<\/h3>\n<p><img loading=\"lazy\" decoding=\"async\" class=\"aligncenter wp-image-1354 size-full\" src=\"http:\/\/www.kmdpower.com\/wp-content\/uploads\/kamada-powerwall-battery-application-scenario-.jpg\" alt=\"scenarij uporabe baterije kamada powerwall\" width=\"1000\" height=\"462\" \/><\/p>\n<p><strong>Kamada Power All in One Solar Power System Lahko se uporablja v naslednjih scenarijih uporabe:<\/strong><\/p>\n<p><strong>Son\u010dni sistem:<\/strong> Shranjujte son\u010dno energijo za stalno napajanje podnevi in pono\u010di.<br \/>\n<strong>Potovanje z avtodomom:<\/strong> Zagotovite prenosno shranjevanje energije za potovanja.<br \/>\n<strong>\u010coln \/ Marine:<\/strong> Zagotovite si neprekinjeno napajanje med plovbo ali sidranjem.<br \/>\n<strong>Brez omre\u017eja:<\/strong> Ostanite povezani z zanesljivim rezervnim napajanjem na oddaljenih lokacijah.<\/p>\n<p>&nbsp;<\/p>\n<h3 style=\"text-align: center;\">Zakaj izbrati Kamada Power OEM ODM va\u0161e baterije?<\/h3>\n<p><strong>Ni vam treba skrbeti za te te\u017eave z baterijami po meri!<\/strong><br \/>\nTe\u017eave so nezmo\u017enost izpolnjevanja va\u0161ih zahtev za baterije po meri, dolg \u010das izdelave, po\u010dasen \u010das dostave, neu\u010dinkovita komunikacija, brez jamstva kakovosti, nekonkuren\u010dna cena izdelka in slabe izku\u0161nje s storitvami!<\/p>\n<p><strong>Mo\u010d strokovnosti!<\/strong><br \/>\nPoskrbeli smo \u017ee za tiso\u010de kupcev baterij iz razli\u010dnih panog in prilagodili na tiso\u010de baterijskih izdelkov! Zavedamo se pomena poglobljenega sporo\u010danja potreb, poznamo baterijske izdelke od zasnove do serijske proizvodnje razli\u010dnih tehni\u010dnih izzivov in te\u017eav ter vemo, kako te te\u017eave hitro in u\u010dinkovito re\u0161iti!<\/p>\n<p><strong>Razvijte u\u010dinkovite re\u0161itve za baterije po meri!<\/strong><br \/>\nGlede na va\u0161e potrebe po baterijah po meri bomo posebej dolo\u010dili projektno skupino za tehnologijo baterij, ki vam bo nudila storitve 1:1. Z vami bomo poglobljeno komunicirali o industriji, scenarijih, zahtevah, bole\u010dih to\u010dkah, u\u010dinkovitosti in funkcionalnosti ter razvili re\u0161itve za baterije po meri.<\/p>\n<p><strong>Hitra dobava baterije po meri!<\/strong><br \/>\nSmo agilni in hitri, da vam lahko pomagamo od zasnove baterijskega izdelka, vzor\u010denja baterij do mno\u017ei\u010dne proizvodnje baterijskih izdelkov. Dosezite hitro oblikovanje izdelka, hitro proizvodnjo in izdelavo, hitro dostavo in odpremo, najbolj\u0161o kakovost in tovarni\u0161ko ceno za baterije po meri!<\/p>\n<p><strong>Pomagamo vam hitro izkoristiti prilo\u017enost na trgu baterij za shranjevanje energije!<\/strong><br \/>\nKamada Power vam pomaga hitro dose\u010di diferencirane prilagojene baterijske izdelke, izbolj\u0161ati konkuren\u010dnost izdelkov in hitro prevzeti vodilno vlogo na trgu baterij za shranjevanje energije.<\/p>\n<p>&nbsp;<\/p>\n<h3 style=\"text-align: center;\">Shenzhen Kamada Electronic Co., Ltd<br \/>\nRazstava Kamada Power<\/h3>\n<p><img loading=\"lazy\" decoding=\"async\" class=\"aligncenter wp-image-1297 size-full\" src=\"http:\/\/www.kmdpower.com\/wp-content\/uploads\/Kamada-Power-Exhibition-Shenzhen-Kamada-Electronic-Co-Ltd.png\" alt=\"Kamada Power razstava Shenzhen Kamada Electronic Co Ltd\" width=\"1920\" height=\"841\" \/><\/p>\n<p>&nbsp;<\/p>\n<h3 style=\"text-align: center;\">Kamada Proizvajalci baterij za napajanje Certificiranje<\/h3>\n<p><img loading=\"lazy\" decoding=\"async\" class=\"aligncenter wp-image-1285 size-full\" src=\"http:\/\/www.kmdpower.com\/wp-content\/uploads\/Kamada-Power-Battery-Certification.png\" alt=\"Kamada Proizvajalci baterij za napajanje Certificiranje\" width=\"1344\" height=\"462\" \/><\/p>\n<p>&nbsp;<\/p>\n<h3 style=\"text-align: center;\">Kamada Power Proizvajalci litij-ionskih baterij Tovarni\u0161ki proizvodni proces<\/h3>\n<p><img loading=\"lazy\" decoding=\"async\" class=\"aligncenter wp-image-1323 size-full\" src=\"http:\/\/www.kmdpower.com\/wp-content\/uploads\/Kamada-Power-Lithium-ion-Battery-Manufacturers-Factory-Production-Process-02.jpg\" alt=\"Kamada Power Proizvajalci litij-ionskih baterij Tovarna proizvodnega procesa 02\" width=\"1000\" height=\"517\" \/><\/p>\n<p>&nbsp;<\/p>\n<h3 style=\"text-align: center;\">Proizvajalci baterij Kamada Power<\/h3>\n<p><img loading=\"lazy\" decoding=\"async\" class=\"aligncenter wp-image-1324 size-full\" src=\"http:\/\/www.kmdpower.com\/wp-content\/uploads\/Kamada-Power-Lithium-ion-Battery-Manufacturers-Factory-Show.jpg\" alt=\"Kamada Power Proizvajalci litij-ionskih baterij Factory Show\" width=\"1000\" height=\"584\" \/><\/p>\n<p>Kamada Power Battery Factory proizvaja vse vrste oem odm prilagojenih baterij: doma\u010de solarne baterije, baterije za vozila z nizko hitrostjo (baterije za golf, RV baterije, svin\u010dene litijeve baterije, baterije za elektri\u010dne vozi\u010dke, baterije za vili\u010darje), morske baterije, baterije za potni\u0161ke ladje, visokonapetostne baterije, skladi\u0161\u010dne baterije,\u00a0<strong><a title=\"Proizvajalci natrijevih ionskih baterij\" href=\"http:\/\/www.kmdpower.com\/sl\/sodium-ion-battery-manufacturers\/\" target=\"_blank\" rel=\"noopener\">Natrijeva ionska baterija<\/a>,\u00a0<a href=\"http:\/\/www.kmdpower.com\/sl\/commercial-energy-storage-systems\/\" target=\"_blank\" rel=\"noopener\">industrijski in komercialni sistemi za shranjevanje energije<\/a><\/strong><\/p>\n<p>&nbsp;<\/p>\n<\/div>","protected":false},"excerpt":{"rendered":"<ul>\n<li><strong>Model:<\/strong>\u00a0Vertikalni ESS 48v 100Ah 5kWh vse v enem sistemu son\u010dne energije<\/li>\n<li><strong>\u017divljenjski cikel:<\/strong>\u00a06000-krat<\/li>\n<li><strong>Te\u017ea:<\/strong>\u00a060KGS<\/li>\n<li><strong>Dimenzije:<\/strong>\u00a0903*535*160 mm<\/li>\n<li><strong>Certifikat:<\/strong>\u00a0CE\/UN38.3\/MSDS<\/li>\n<li><strong>Vsi v enem Proizvajalci sistemov za son\u010dno energijo:<\/strong>\u00a0Kamada Power<\/li>\n<li><strong>Vrsta baterije:<\/strong>\u00a0Baterija LiFePO4<\/li>\n<li><strong>Osnovne funkcije:<\/strong>\u00a0WiFi, prilagojena aplikacija APP (neobvezno)<\/li>\n<li><strong>Podpora za baterije:<\/strong>\u00a0Trgovina na debelo, OEM.ODM Vse v enem sistemu son\u010dne energije<\/li>\n<li><strong>Garancija:<\/strong>\u00a010 let<\/li>\n<li><strong>\u010cas dostave:<\/strong>\u00a07-14 dni za vzorce, 35-60 dni za mno\u017ei\u010dno proizvodnjo<\/li>\n<li><strong>Kamada Power Battery Products Podpora za prodajo na debelo, distributerje in OEM ODM baterije po meri. Prosimo, po\u0161ljite\u00a0<a title=\"Kontakt Kamada Power\" href=\"https:\/\/www.kmdpower.com\/sl\/contact-us\/\" target=\"_blank\" rel=\"noopener\">Pi\u0161ite nam<\/a>!<\/strong><\/li>\n<\/ul>","protected":false},"featured_media":1631,"template":"","meta":{"rank_math_lock_modified_date":false,"_kad_post_transparent":"default","_kad_post_title":"","_kad_post_layout":"default","_kad_post_sidebar_id":"","_kad_post_content_style":"default","_kad_post_vertical_padding":"default","_kad_post_feature":"","_kad_post_feature_position":"","_kad_post_header":false,"_kad_post_footer":false},"product_cat":[17,34],"product_tag":[224,242,319,327,323,324,325,326,333,334,335,336,337,338,339,340,341,342,343,344,345,346,347,366,367,384,385,388,392,79,418,509,511,616,641,706,815,816,817,932,933,934,1046,1112,1113,1120,1121,1119,1123],"class_list":{"0":"post-2328","1":"product","2":"type-product","3":"status-publish","4":"has-post-thumbnail","6":"product_cat-home-energy-storage-system","7":"product_cat-all-in-one-solar-power-system-manufacturers","8":"product_tag-3kwh-battery","9":"product_tag-48v-100ah-lifepo4-5-12-kwh","10":"product_tag-48v100ah-power-wall-5kwh-lithium-lifepo4-battery","11":"product_tag-5-12-kwh-lithium-battery","12":"product_tag-5-kw-battery","13":"product_tag-5-kwh-lithium-battery","14":"product_tag-5-kwh-lithium-ion-battery","15":"product_tag-5-kwh-solar-battery","16":"product_tag-5kw-battery","17":"product_tag-5kw-battery-storage","18":"product_tag-5kw-lithium-battery","19":"product_tag-5kw-lithium-ion-battery","20":"product_tag-5kw-powerwall","21":"product_tag-5kw-server-rack-battery","22":"product_tag-5kw-solar-battery","23":"product_tag-5kw-solar-system-battery-bank","24":"product_tag-5kwh","25":"product_tag-5kwh-2448v-server-rack-lifepo4","26":"product_tag-5kwh-48v-rack-battery","27":"product_tag-5kwh-battery-pack","28":"product_tag-5kwh-lifepo4-battery","29":"product_tag-5kwh-lithium-battery","30":"product_tag-6-5-kwh-lithium-battery","31":"product_tag-6kw-battery-storage","32":"product_tag-6kwh-lithium-battery","33":"product_tag-7kw-battery","34":"product_tag-7kwh-battery","35":"product_tag-9-6-kwh-lithium-battery","36":"product_tag-all-in-one-ess","37":"product_tag-all-in-one-solar-power-system","38":"product_tag-battery-5kwh","39":"product_tag-customized-5-kwh-lithium-ion-battery","40":"product_tag-customized-5kwh-lifepo4-battery","41":"product_tag-lifepo4-5kwh","42":"product_tag-lifepo4-battery-powerwall-5kw-48v","43":"product_tag-lithium-ion-battery-5kwh","44":"product_tag-odm-5kwh-lifepo4-battery","45":"product_tag-odm-5kwh-lifepo4-battery-manufacturer","46":"product_tag-odm-5kwh-lifepo4-battery-supplier","47":"product_tag-oem-5kwh-lifepo4-battery","48":"product_tag-oem-5kwh-lifepo4-battery-manufacturer","49":"product_tag-oem-5kwh-lifepo4-battery-supplier","50":"product_tag-server-rack-lifepo4-5kw","51":"product_tag-wholesale-48v-100ah-lifepo4-5-12-kwh-factory","52":"product_tag-wholesale-48v-100ah-lifepo4-5-12-kwh-supplier","53":"product_tag-wholesale-5-12-kwh-lithium-battery-manufacturers","54":"product_tag-wholesale-5-12-kwh-lithium-battery-supplier","55":"product_tag-wholesale-5-kwh-lithium-battery","56":"product_tag-wholesale-battery-5kwh","58":"first","59":"instock","60":"shipping-taxable","61":"product-type-simple","62":"entry","63":"content-bg","64":"loop-entry"},"_links":{"self":[{"href":"https:\/\/www.kmdpower.com\/sl\/wp-json\/wp\/v2\/product\/2328","targetHints":{"allow":["GET"]}}],"collection":[{"href":"https:\/\/www.kmdpower.com\/sl\/wp-json\/wp\/v2\/product"}],"about":[{"href":"https:\/\/www.kmdpower.com\/sl\/wp-json\/wp\/v2\/types\/product"}],"version-history":[{"count":4,"href":"https:\/\/www.kmdpower.com\/sl\/wp-json\/wp\/v2\/product\/2328\/revisions"}],"predecessor-version":[{"id":2330,"href":"https:\/\/www.kmdpower.com\/sl\/wp-json\/wp\/v2\/product\/2328\/revisions\/2330"}],"wp:featuredmedia":[{"embeddable":true,"href":"https:\/\/www.kmdpower.com\/sl\/wp-json\/wp\/v2\/media\/1631"}],"wp:attachment":[{"href":"https:\/\/www.kmdpower.com\/sl\/wp-json\/wp\/v2\/media?parent=2328"}],"wp:term":[{"taxonomy":"product_cat","embeddable":true,"href":"https:\/\/www.kmdpower.com\/sl\/wp-json\/wp\/v2\/product_cat?post=2328"},{"taxonomy":"product_tag","embeddable":true,"href":"https:\/\/www.kmdpower.com\/sl\/wp-json\/wp\/v2\/product_tag?post=2328"}],"curies":[{"name":"wp","href":"https:\/\/api.w.org\/{rel}","templated":true}]}}