{"id":2236,"date":"2024-10-14T05:54:32","date_gmt":"2024-10-14T05:54:32","guid":{"rendered":"http:\/\/www.kmdpower.com\/?post_type=product&#038;p=2236"},"modified":"2025-01-18T09:33:57","modified_gmt":"2025-01-18T09:33:57","slug":"48v384v-high-voltage-battery-storage-system-energy-storage-battery-product","status":"publish","type":"product","link":"https:\/\/www.kmdpower.com\/sl\/48v384v-high-voltage-battery-storage-system-energy-storage-battery-product\/","title":{"rendered":"48V ~ 384V visokonapetostni sistem za shranjevanje energije Baterija za shranjevanje energije"},"content":{"rendered":"<p><a href=\"https:\/\/www.kmdpower.com\/sl\/contact-us\/\"><img fetchpriority=\"high\" decoding=\"async\" class=\"aligncenter\" src=\"http:\/\/www.kmdpower.com\/wp-content\/uploads\/Contact-US-Kamada-Power-Shenzhen-Kamada-Electronic-Co-Ltd.jpg\" alt=\"\" width=\"1000\" height=\"200\" \/><\/a><\/p>\n<p><img decoding=\"async\" class=\"aligncenter wp-image-1305 size-full\" src=\"http:\/\/www.kmdpower.com\/wp-content\/uploads\/Kamada-Power-High-Voltage-Battery-001.jpg\" alt=\"Kamada Power Visokonapetostna baterija 001\" width=\"1000\" height=\"414\" \/><\/p>\n<h3 style=\"text-align: center;\">Kamada Power 48V ~ 384V visokonapetostna baterija<\/h3>\n<p><img decoding=\"async\" class=\"aligncenter wp-image-1306 size-full\" src=\"http:\/\/www.kmdpower.com\/wp-content\/uploads\/Kamada-Power-High-Voltage-Battery-002.jpg\" alt=\"Kamada Power visokonapetostna baterija 002\" width=\"1000\" height=\"788\" \/><\/p>\n<h3 style=\"text-align: center;\">Funkcija izravnave\uff08Aktivna ali pasivna Izbirno)<\/h3>\n<p>&nbsp;<\/p>\n<p><img loading=\"lazy\" decoding=\"async\" class=\"aligncenter wp-image-978 size-full\" src=\"http:\/\/www.kmdpower.com\/wp-content\/uploads\/Active-Equalization-Function-and-Active-Passive-Optional-0.png\" alt=\"Aktivna funkcija izena\u010devanja in aktivna pasivna mo\u017enost 0\" width=\"1000\" height=\"246\" \/><\/p>\n<div>\n<h3 style=\"text-align: center;\">Kamada Power Visokonapetostna baterija po meri<\/h3>\n<p><img loading=\"lazy\" decoding=\"async\" class=\"aligncenter wp-image-1307 size-full\" src=\"http:\/\/www.kmdpower.com\/wp-content\/uploads\/Kamada-Power-High-Voltage-Battery-003.jpg\" alt=\"Kamada Power Visokonapetostna baterija 003\" width=\"1000\" height=\"455\" \/><\/p>\n<\/div>\n<div>\n<p style=\"text-align: center;\">Kamada Power Custom 10,24 kWh, 15,36 kWh, 20,48 kWh, 25,75 kWh, 30,72 kWh, 35,84 kWh, 40,96 kWh Visokonapetostna baterija<\/p>\n<p>Odkrijte mo\u010d na\u0161e visokonapetostne zlo\u017eljive baterije Kamada Power, ki je zasnovana za vrhunsko zmogljivost in zanesljivost. Te baterije so opremljene z napredno tehnologijo LiFePO4 in ponujajo ve\u010d kot 6 000 ciklov ter visoko u\u010dinkovitost 95%. Ta tehnologija zagotavlja dolgoro\u010dno vzdr\u017eljivost in optimalno porabo energije, kar je idealno tako za stanovanjske kot komercialne aplikacije. U\u017eivajte v neprekinjenem napajanju z na\u0161o zlo\u017eljivo, modularno zasnovo, ki se lahko raz\u0161iri do 100 kWh, kar zagotavlja prilagodljivost in zanesljivost. Na\u0161e baterije so opremljene z vrhunskim sistemom za upravljanje baterij (BMS) za ve\u010djo varnost in zmogljivost. Nadgradite na\u0161o visokonapetostno re\u0161itev in izkusite neprimerljivo energetsko u\u010dinkovitost in zanesljivost.<\/p>\n<\/div>\n<p>&nbsp;<\/p>\n<p>&nbsp;<\/p>\n<div>\n<div>\n<h3 style=\"text-align: center;\">Poudarki izdelka<\/h3>\n<p><strong>Stabilna zmogljivost<\/strong><br \/>\nUporablja visoko zmogljivo baterijo LifePo4 z ve\u010d kot 6000 cikli in u\u010dinkovitostjo 95%.<br \/>\nZa ve\u010djo varnost je opremljen z naprednim sistemom za upravljanje akumulatorja (BMS) Kamada Power.<\/p>\n<p><strong>Zlo\u017eljiva in kompaktna zasnova<\/strong><br \/>\nZdru\u017euje se z obnovljivimi viri energije, da optimizira lastno porabo in zmanj\u0161a odvisnost od omre\u017eja.<br \/>\nZagotavlja zanesljivo rezervno napajanje in podpira trajnostni \u017eivljenjski slog s kompaktno in u\u010dinkovito zasnovo.<\/p>\n<p><strong>Mo\u017enost raz\u0161iritve do 100 kWH<\/strong><br \/>\nModularna zasnova omogo\u010da prilagodljivo raz\u0161iritev do 100 kWH.<br \/>\nRazpon napetosti od 102,4 V (2 modula) do 409,6 V (8 modulov) z zaporedno povezavo.<\/p>\n<p><strong>Napredni sistem BMS<\/strong><br \/>\nSpremlja napetost, tokovne omejitve in stanje napolnjenosti.<br \/>\nVklju\u010duje varnostne funkcije, ki zagotavljajo optimalno delovanje in dolgo \u017eivljenjsko dobo baterije.<\/p>\n<p><strong>Varnost in zanesljivost<\/strong><br \/>\nPrilagodljiva, raz\u0161irljiva zasnova s spremljanjem v realnem \u010dasu.<br \/>\nIma tehnologijo samozdravljenja za ve\u010djo varnost in nadzor.<\/p>\n<\/div>\n<p>&nbsp;<\/p>\n<h3 style=\"text-align: center;\">Zanesljiv sistem BMS Ultra Saftey<\/h3>\n<p><img loading=\"lazy\" decoding=\"async\" class=\"aligncenter wp-image-1283 size-full\" src=\"http:\/\/www.kmdpower.com\/wp-content\/uploads\/Kamada-Power-Battery-BMS.jpg\" alt=\"Kamada Power Battery BMS\" width=\"1000\" height=\"401\" \/><\/p>\n<p style=\"text-align: left;\">Kamada Power Battery BMS zagotavlja varno delovanje pri ekstremnih temperaturah, prepre\u010duje prekomerno polnjenje in praznjenje, podalj\u0161uje \u017eivljenjsko dobo baterije ter zagotavlja zanesljivo delovanje z u\u010dinkovitim polnjenjem in praznjenjem. Za varnost sistema vklju\u010duje tudi nadtokovno in kratkosti\u010dno za\u0161\u010dito ter uporabnikom ponuja mo\u017enosti aktivnega ali pasivnega uravnote\u017eenja za optimizacijo zmogljivosti baterije in energetske u\u010dinkovitosti.<\/p>\n<p>&nbsp;<\/p>\n<h3 style=\"text-align: center;\">Kamada Power Battery Inverter Zdru\u017eljiv<\/h3>\n<p style=\"text-align: center;\">zdru\u017eljiv z 91% inverterjev na trgu<\/p>\n<p><img loading=\"lazy\" decoding=\"async\" class=\"aligncenter wp-image-1288 size-full\" src=\"http:\/\/www.kmdpower.com\/wp-content\/uploads\/Kamada-Power-Battery-Inverter-Compatible-X01.jpg\" alt=\"Kamada Power Battery Inverter Zdru\u017eljiv X01\" width=\"1000\" height=\"552\" \/><\/p>\n<p style=\"text-align: center;\"><strong>Izdelki Kamada Power Battery so zdru\u017eljivi z 91% blagovnih znamk inverterjev na trgu<\/strong><\/p>\n<p>SMA, SRNE, IMEON ENGERGY, ZUCCHETTI, Ingeteam, AiSWEI, victron energy, must, moixa, megarevo, deye, growatt, studer, selectronic, voltronic power, sofar solar, sermatec, gmde, effekta, westernco, sungrow, luxpower, morningstar, delios, sungrow, luxpower, inverter blagovne znamke. voltronic power,sofar solar,sermatec,gmde,effekta,westernco,sungrow,luxpower,morningstar,delios,sunosynk,aeca,saj,solarmax,redback. invt,goodwe,solis,mlt,livoltek,eneiqy,solaxpower,opti-solar,kehua tech.<strong>Spodaj je le delni seznam blagovnih znamk inverterjev<\/strong>)<\/p>\n<p>&nbsp;<\/p>\n<p>&nbsp;<\/p>\n<h3 style=\"text-align: center;\">Kamada Power Visokonapetostni diagram priklju\u010dka baterije<\/h3>\n<p><img loading=\"lazy\" decoding=\"async\" class=\"aligncenter wp-image-1308 size-full\" src=\"http:\/\/www.kmdpower.com\/wp-content\/uploads\/Kamada-Power-High-Voltage-Battery-004.jpg\" alt=\"Kamada Power visokonapetostna baterija 004\" width=\"1000\" height=\"515\" \/><\/p>\n<p>&nbsp;<\/p>\n<h3 style=\"text-align: center;\">Kamada Power Battery Scenarij uporabe<\/h3>\n<p><img loading=\"lazy\" decoding=\"async\" class=\"aligncenter wp-image-1309 size-full\" src=\"http:\/\/www.kmdpower.com\/wp-content\/uploads\/Kamada-Power-High-Voltage-Battery-005.jpg\" alt=\"Kamada Power visokonapetostna baterija 005\" width=\"1000\" height=\"541\" \/><\/p>\n<p style=\"text-align: left;\"><strong>Kamada Power 48V ~ 384V visokonapetostni sistem za shranjevanje baterij<\/strong>: shranjevanje energije doma, industrijsko shranjevanje energije, zagotavljanje zasilne rezervne mo\u010di, UPS power bank, Inverter power bank, \u017eelezni\u0161ka power bank, telekomunikacijski sistem napajanja, medicinska elektronika, komercialne bazne postaje, varnostne komunikacije, transportna logistika in tako naprej<\/p>\n<p>&nbsp;<\/p>\n<h3 style=\"text-align: center;\">Zakaj izbrati Kamada Power OEM ODM va\u0161e baterije?<\/h3>\n<p><strong>Ni vam treba skrbeti za te te\u017eave z baterijami po meri!<\/strong><br \/>\nTe\u017eave so nezmo\u017enost izpolnjevanja va\u0161ih zahtev za baterije po meri, dolg \u010das izdelave, po\u010dasen \u010das dostave, neu\u010dinkovita komunikacija, brez jamstva kakovosti, nekonkuren\u010dna cena izdelka in slabe izku\u0161nje s storitvami!<\/p>\n<p><strong>Mo\u010d strokovnosti!<\/strong><br \/>\nPoskrbeli smo \u017ee za tiso\u010de kupcev baterij iz razli\u010dnih panog in prilagodili na tiso\u010de baterijskih izdelkov! Zavedamo se pomena poglobljenega sporo\u010danja potreb, poznamo baterijske izdelke od zasnove do serijske proizvodnje razli\u010dnih tehni\u010dnih izzivov in te\u017eav ter vemo, kako te te\u017eave hitro in u\u010dinkovito re\u0161iti!<\/p>\n<p><strong>Razvijte u\u010dinkovite re\u0161itve za baterije po meri!<\/strong><br \/>\nGlede na va\u0161e potrebe po baterijah po meri bomo posebej dolo\u010dili projektno skupino za tehnologijo baterij, ki vam bo nudila storitve 1:1. Z vami bomo poglobljeno komunicirali o industriji, scenarijih, zahtevah, bole\u010dih to\u010dkah, u\u010dinkovitosti in funkcionalnosti ter razvili re\u0161itve za baterije po meri.<\/p>\n<p><strong>Hitra dobava baterije po meri!<\/strong><br \/>\nSmo agilni in hitri, da vam lahko pomagamo od zasnove baterijskega izdelka, vzor\u010denja baterij do mno\u017ei\u010dne proizvodnje baterijskih izdelkov. Dosezite hitro oblikovanje izdelka, hitro proizvodnjo in izdelavo, hitro dostavo in odpremo, najbolj\u0161o kakovost in tovarni\u0161ko ceno za baterije po meri!<\/p>\n<p><strong>Pomagamo vam hitro izkoristiti prilo\u017enost na trgu baterij za shranjevanje energije!<\/strong><br \/>\nKamada Power vam pomaga hitro dose\u010di diferencirane prilagojene baterijske izdelke, izbolj\u0161ati konkuren\u010dnost izdelkov in hitro prevzeti vodilno vlogo na trgu baterij za shranjevanje energije.<\/p>\n<p>&nbsp;<\/p>\n<h3 style=\"text-align: center;\">Shenzhen Kamada Electronic Co., Ltd<br \/>\nRazstava Kamada Power<\/h3>\n<p><img loading=\"lazy\" decoding=\"async\" class=\"aligncenter wp-image-1297 size-full\" src=\"http:\/\/www.kmdpower.com\/wp-content\/uploads\/Kamada-Power-Exhibition-Shenzhen-Kamada-Electronic-Co-Ltd.png\" alt=\"Kamada Power razstava Shenzhen Kamada Electronic Co Ltd\" width=\"1920\" height=\"841\" \/><\/p>\n<p>&nbsp;<\/p>\n<h3 style=\"text-align: center;\">Kamada Proizvajalci baterij za napajanje Certificiranje<\/h3>\n<p><img loading=\"lazy\" decoding=\"async\" class=\"aligncenter wp-image-1285 size-full\" src=\"http:\/\/www.kmdpower.com\/wp-content\/uploads\/Kamada-Power-Battery-Certification.png\" alt=\"Kamada Proizvajalci baterij za napajanje Certificiranje\" width=\"1344\" height=\"462\" \/><\/p>\n<p>&nbsp;<\/p>\n<h3 style=\"text-align: center;\">Kamada Power Proizvajalci litij-ionskih baterij Tovarni\u0161ki proizvodni proces<\/h3>\n<p><img loading=\"lazy\" decoding=\"async\" class=\"aligncenter wp-image-1323 size-full\" src=\"http:\/\/www.kmdpower.com\/wp-content\/uploads\/Kamada-Power-Lithium-ion-Battery-Manufacturers-Factory-Production-Process-02.jpg\" alt=\"Kamada Power Proizvajalci litij-ionskih baterij Tovarna proizvodnega procesa 02\" width=\"1000\" height=\"517\" \/><\/p>\n<p>&nbsp;<\/p>\n<h3 style=\"text-align: center;\">Proizvajalci baterij Kamada Power<\/h3>\n<p><img loading=\"lazy\" decoding=\"async\" class=\"aligncenter wp-image-1324 size-full\" src=\"http:\/\/www.kmdpower.com\/wp-content\/uploads\/Kamada-Power-Lithium-ion-Battery-Manufacturers-Factory-Show.jpg\" alt=\"Kamada Power Proizvajalci litij-ionskih baterij Factory Show\" width=\"1000\" height=\"584\" \/><\/p>\n<p>Kamada Power Battery Factory proizvaja vse vrste oem odm prilagojenih baterij: doma\u010de solarne baterije, baterije za vozila z nizko hitrostjo (baterije za golf, RV baterije, svin\u010dene litijeve baterije, baterije za elektri\u010dne vozi\u010dke, baterije za vili\u010darje), morske baterije, baterije za potni\u0161ke ladje, visokonapetostne baterije, skladi\u0161\u010dne baterije,\u00a0<strong><a title=\"Proizvajalci natrijevih ionskih baterij\" href=\"http:\/\/www.kmdpower.com\/sl\/sodium-ion-battery-manufacturers\/\" target=\"_blank\" rel=\"noopener\">Natrijeva ionska baterija<\/a>,\u00a0<a href=\"http:\/\/www.kmdpower.com\/sl\/commercial-energy-storage-systems\/\" target=\"_blank\" rel=\"noopener\">industrijski in komercialni sistemi za shranjevanje energije<\/a><\/strong><\/p>\n<p>&nbsp;<\/p>\n<\/div>","protected":false},"excerpt":{"rendered":"<ul>\n<li><strong>Model:<\/strong>\u00a048V ~ 384V visokonapetostna baterija<\/li>\n<li><strong>\u017divljenjski cikel:<\/strong>\u00a06000-krat<\/li>\n<li><strong>Te\u017ea:<\/strong>\u00a0306KGS<\/li>\n<li><strong>Dimenzije:<\/strong>\u00a01575*661*391 mm<\/li>\n<li><strong>Certifikat:<\/strong>\u00a0CE\/UN38.3\/MSDS<\/li>\n<li><strong>Proizvajalci visokonapetostnih baterij:<\/strong>\u00a0Kamada Power<\/li>\n<li><strong>Vrsta baterije:<\/strong>\u00a0Baterija LiFePO4<\/li>\n<li><strong>Podpora za baterije:<\/strong>\u00a0Trgovina na debelo, OEM.ODM Visokonapetostna baterija<\/li>\n<li><strong>Garancija:<\/strong>\u00a010 let<\/li>\n<li><strong>\u010cas dostave:<\/strong>\u00a07-14 dni za vzorce, 35-60 dni za mno\u017ei\u010dno proizvodnjo<\/li>\n<li><strong>Kamada Power Battery Products Podpora za prodajo na debelo, distributerje in OEM ODM baterije po meri. Prosimo, po\u0161ljite\u00a0<a title=\"Kontakt Kamada Power\" href=\"https:\/\/www.kmdpower.com\/sl\/contact-us\/\" target=\"_blank\" rel=\"noopener\">Pi\u0161ite nam<\/a>!<\/strong><\/li>\n<\/ul>","protected":false},"featured_media":1484,"template":"","meta":{"rank_math_lock_modified_date":false,"_kad_post_transparent":"default","_kad_post_title":"","_kad_post_layout":"default","_kad_post_sidebar_id":"","_kad_post_content_style":"default","_kad_post_vertical_padding":"default","_kad_post_feature":"","_kad_post_feature_position":"","_kad_post_header":false,"_kad_post_footer":false},"product_cat":[31,17],"product_tag":[399,400,561],"class_list":{"0":"post-2236","1":"product","2":"type-product","3":"status-publish","4":"has-post-thumbnail","6":"product_cat-stacked-battery","7":"product_cat-home-energy-storage-system","8":"product_tag-batterie-48v-1000w","9":"product_tag-batterie-48v-1000w-20ah","10":"product_tag-high-voltage-wholesale","12":"first","13":"instock","14":"shipping-taxable","15":"product-type-simple","16":"entry","17":"content-bg","18":"loop-entry"},"_links":{"self":[{"href":"https:\/\/www.kmdpower.com\/sl\/wp-json\/wp\/v2\/product\/2236","targetHints":{"allow":["GET"]}}],"collection":[{"href":"https:\/\/www.kmdpower.com\/sl\/wp-json\/wp\/v2\/product"}],"about":[{"href":"https:\/\/www.kmdpower.com\/sl\/wp-json\/wp\/v2\/types\/product"}],"version-history":[{"count":3,"href":"https:\/\/www.kmdpower.com\/sl\/wp-json\/wp\/v2\/product\/2236\/revisions"}],"predecessor-version":[{"id":3955,"href":"https:\/\/www.kmdpower.com\/sl\/wp-json\/wp\/v2\/product\/2236\/revisions\/3955"}],"wp:featuredmedia":[{"embeddable":true,"href":"https:\/\/www.kmdpower.com\/sl\/wp-json\/wp\/v2\/media\/1484"}],"wp:attachment":[{"href":"https:\/\/www.kmdpower.com\/sl\/wp-json\/wp\/v2\/media?parent=2236"}],"wp:term":[{"taxonomy":"product_cat","embeddable":true,"href":"https:\/\/www.kmdpower.com\/sl\/wp-json\/wp\/v2\/product_cat?post=2236"},{"taxonomy":"product_tag","embeddable":true,"href":"https:\/\/www.kmdpower.com\/sl\/wp-json\/wp\/v2\/product_tag?post=2236"}],"curies":[{"name":"wp","href":"https:\/\/api.w.org\/{rel}","templated":true}]}}