{"id":3493,"date":"2024-12-29T14:25:00","date_gmt":"2024-12-29T14:25:00","guid":{"rendered":"http:\/\/www.kmdpower.com\/?page_id=3493"},"modified":"2025-02-04T17:54:33","modified_gmt":"2025-02-04T17:54:33","slug":"about","status":"publish","type":"page","link":"https:\/\/www.kmdpower.com\/sl\/about-us-2\/","title":{"rendered":"O"},"content":{"rendered":"<div data-elementor-type=\"wp-page\" data-elementor-id=\"3493\" class=\"elementor elementor-3493\" data-elementor-post-type=\"page\">\n\t\t\t\t<div class=\"elementor-element elementor-element-d1b6cf2 e-flex e-con-boxed e-con e-parent\" data-id=\"d1b6cf2\" data-element_type=\"container\" data-settings=\"{&quot;_ha_eqh_enable&quot;:&quot;yes&quot;,&quot;_ha_eqh_to&quot;:&quot;widget&quot;,&quot;_ha_eqh_disable_on_tablet&quot;:&quot;no&quot;,&quot;_ha_eqh_disable_on_mobile&quot;:&quot;yes&quot;}\">\n\t\t\t\t\t<div class=\"e-con-inner\">\n\t\t<div class=\"elementor-element elementor-element-96cb284 e-con-full e-flex e-con e-child\" data-id=\"96cb284\" data-element_type=\"container\" data-settings=\"{&quot;_ha_eqh_enable&quot;:&quot;yes&quot;,&quot;_ha_eqh_to&quot;:&quot;widget&quot;,&quot;_ha_eqh_disable_on_tablet&quot;:&quot;no&quot;,&quot;_ha_eqh_disable_on_mobile&quot;:&quot;yes&quot;}\">\n\t\t\t\t<div class=\"elementor-element elementor-element-dccf2df elementor-widget elementor-widget-heading\" data-id=\"dccf2df\" data-element_type=\"widget\" data-widget_type=\"heading.default\">\n\t\t\t\t<div class=\"elementor-widget-container\">\n\t\t\t<h2 class=\"elementor-heading-title elementor-size-default\">Shenzhen Kamada Electronic Co., Ltd.<\/h2>\t\t<\/div>\n\t\t\t\t<\/div>\n\t\t\t\t<div class=\"elementor-element elementor-element-65b0ea7 elementor-widget elementor-widget-text-editor\" data-id=\"65b0ea7\" data-element_type=\"widget\" data-widget_type=\"text-editor.default\">\n\t\t\t\t<div class=\"elementor-widget-container\">\n\t\t\t\t\t\t\t<p>Shenzhen Kamada Electronic Co., Ltd. je visokotehnolo\u0161ko podjetje, specializirano za raziskave in razvoj, proizvodnjo in prodajo litijeve \u017eelezove fosfatne baterije za sisteme za shranjevanje energije, komercialne sisteme za shranjevanje energije, natrijeve ionske baterije, nadomestne baterije Sla.<\/p><p>Na\u0161i izdelki so kvalificirani s standardom ISO9001, UL, CB, IEC62133, CE, ROHS, UN38.3 in MSDS ter se pogosto uporabljajo za sisteme za shranjevanje energije v podjetjih, natrijevo ionsko baterijo, sistem za shranjevanje son\u010dne energije, UPS, golfski vozi\u010dek, vozi\u010dek, jahte ribi\u0161ki \u010doln, vili\u010dar in druga prilagojena podro\u010dja baterij, na\u0161e ekipe za raziskave in razvoj so sposobne za raziskave in razvoj strojne in programske opreme.<\/p><p>Kamada Power ima odli\u010dno ekipo in\u017eenirjev z bogatimi izku\u0161njami na podro\u010dju razvoja raziskav baterij in je vedno pozorna na najnovej\u0161i razvoj na podro\u010dju litijevih baterij in najnovej\u0161ih aplikacij.<\/p><p>Trenutno podpiramo razli\u010dne prilagojene re\u0161itve baterij RS485\/RS232\/CANBUS\/Bluetooth, aktivno izravnavo, samo-ogrevanje baterije, visoko in nizkotemperaturni nadzor praznjenja in polnjenja.Hkrati ima skupino strokovne proizvodnje in ekipo za upravljanje kakovosti, ki strogo nadzoruje proizvodni proces za vsak korak.<\/p>\t\t\t\t\t\t<\/div>\n\t\t\t\t<\/div>\n\t\t\t\t<\/div>\n\t\t<div class=\"elementor-element elementor-element-336b48d e-con-full e-flex e-con e-child\" data-id=\"336b48d\" data-element_type=\"container\" data-settings=\"{&quot;_ha_eqh_enable&quot;:&quot;yes&quot;,&quot;_ha_eqh_to&quot;:&quot;widget&quot;,&quot;_ha_eqh_disable_on_tablet&quot;:&quot;no&quot;,&quot;_ha_eqh_disable_on_mobile&quot;:&quot;yes&quot;}\">\n\t\t\t\t<div class=\"elementor-element elementor-element-c966210 elementor-widget elementor-widget-image\" data-id=\"c966210\" data-element_type=\"widget\" data-widget_type=\"image.default\">\n\t\t\t\t<div class=\"elementor-widget-container\">\n\t\t\t\t\t\t\t\t\t\t\t\t\t<img fetchpriority=\"high\" decoding=\"async\" width=\"1024\" height=\"768\" src=\"https:\/\/www.kmdpower.com\/wp-content\/uploads\/factory-tour6.jpg\" class=\"attachment-large size-large wp-image-1068\" alt=\"Kamada Power Battery Factory\" \/>\t\t\t\t\t\t\t\t\t\t\t\t\t<\/div>\n\t\t\t\t<\/div>\n\t\t\t\t<\/div>\n\t\t\t\t\t<\/div>\n\t\t\t\t<\/div>\n\t\t<div class=\"elementor-element elementor-element-5d46f0c e-flex e-con-boxed e-con e-parent\" data-id=\"5d46f0c\" data-element_type=\"container\" data-settings=\"{&quot;_ha_eqh_enable&quot;:false}\">\n\t\t\t\t\t<div class=\"e-con-inner\">\n\t\t\t\t<div class=\"elementor-element elementor-element-4acbe64 elementor-widget elementor-widget-heading\" data-id=\"4acbe64\" data-element_type=\"widget\" data-widget_type=\"heading.default\">\n\t\t\t\t<div class=\"elementor-widget-container\">\n\t\t\t<h2 class=\"elementor-heading-title elementor-size-default\">Razstava baterij Kamada Power\n<\/h2>\t\t<\/div>\n\t\t\t\t<\/div>\n\t\t\t\t<div class=\"elementor-element elementor-element-c2c227b elementor-widget elementor-widget-image\" data-id=\"c2c227b\" data-element_type=\"widget\" data-widget_type=\"image.default\">\n\t\t\t\t<div class=\"elementor-widget-container\">\n\t\t\t\t\t\t\t\t\t\t\t\t\t<img decoding=\"async\" width=\"1024\" height=\"449\" src=\"https:\/\/www.kmdpower.com\/wp-content\/uploads\/kamada-power-lithium-battery-manufacturer-exhibition-.jpg\" class=\"attachment-large size-large wp-image-1319\" alt=\"razstava proizvajalca litijevih baterij kamada power\" \/>\t\t\t\t\t\t\t\t\t\t\t\t\t<\/div>\n\t\t\t\t<\/div>\n\t\t\t\t\t<\/div>\n\t\t\t\t<\/div>\n\t\t<div class=\"elementor-element elementor-element-c1f2c31 e-flex e-con-boxed e-con e-parent\" data-id=\"c1f2c31\" data-element_type=\"container\" data-settings=\"{&quot;_ha_eqh_enable&quot;:false}\">\n\t\t\t\t\t<div class=\"e-con-inner\">\n\t\t\t\t<div class=\"elementor-element elementor-element-20d8717 elementor-widget elementor-widget-heading\" data-id=\"20d8717\" data-element_type=\"widget\" data-widget_type=\"heading.default\">\n\t\t\t\t<div class=\"elementor-widget-container\">\n\t\t\t<h2 class=\"elementor-heading-title elementor-size-default\">Certificiranje<\/h2>\t\t<\/div>\n\t\t\t\t<\/div>\n\t\t\t\t<div class=\"elementor-element elementor-element-eb50d01 elementor-widget elementor-widget-image\" data-id=\"eb50d01\" data-element_type=\"widget\" data-widget_type=\"image.default\">\n\t\t\t\t<div class=\"elementor-widget-container\">\n\t\t\t\t\t\t\t\t\t\t\t\t\t<img decoding=\"async\" width=\"1024\" height=\"352\" src=\"https:\/\/www.kmdpower.com\/wp-content\/uploads\/kamada-power-battery-certification.jpg\" class=\"attachment-large size-large wp-image-1284\" alt=\"razstava proizvajalca litijevih baterij kamada power\" \/>\t\t\t\t\t\t\t\t\t\t\t\t\t<\/div>\n\t\t\t\t<\/div>\n\t\t\t\t\t<\/div>\n\t\t\t\t<\/div>\n\t\t<div class=\"elementor-element elementor-element-e350556 e-flex e-con-boxed e-con e-parent\" data-id=\"e350556\" data-element_type=\"container\" data-settings=\"{&quot;_ha_eqh_enable&quot;:false}\">\n\t\t\t\t\t<div class=\"e-con-inner\">\n\t\t\t\t<div class=\"elementor-element elementor-element-7391998 elementor-widget elementor-widget-heading\" data-id=\"7391998\" data-element_type=\"widget\" data-widget_type=\"heading.default\">\n\t\t\t\t<div class=\"elementor-widget-container\">\n\t\t\t<h2 class=\"elementor-heading-title elementor-size-default\">Kamada Power Proizvajalci litij-ionskih baterij<\/h2>\t\t<\/div>\n\t\t\t\t<\/div>\n\t\t\t\t<div class=\"elementor-element elementor-element-94db0c0 elementor-widget elementor-widget-image\" data-id=\"94db0c0\" data-element_type=\"widget\" data-widget_type=\"image.default\">\n\t\t\t\t<div class=\"elementor-widget-container\">\n\t\t\t\t\t\t\t\t\t\t\t\t\t<img loading=\"lazy\" decoding=\"async\" width=\"1024\" height=\"621\" src=\"https:\/\/www.kmdpower.com\/wp-content\/uploads\/Kamada-Power-Lithium-ion-Battery-Manufacturers.jpg\" class=\"attachment-large size-large wp-image-1320\" alt=\"Kamada Power Proizvajalci litij-ionskih baterij\" \/>\t\t\t\t\t\t\t\t\t\t\t\t\t<\/div>\n\t\t\t\t<\/div>\n\t\t\t\t\t<\/div>\n\t\t\t\t<\/div>\n\t\t\t\t<\/div>","protected":false},"excerpt":{"rendered":"<p>Shenzhen Kamada Electronic Co., Ltd Shenzhen Kamada Electronic Co., Ltd. je visokotehnolo\u0161ko podjetje, specializirano za raziskave in razvoj, proizvodnjo in prodajo litij-\u017eelezo-fosfatne baterije za sisteme za shranjevanje energije, komercialne sisteme za shranjevanje energije, natrijevo ionsko baterijo, nadomestno baterijsko re\u0161itev. Na\u0161i izdelki izpolnjujejo standarde ISO9001, UL, CB, IEC62133, CE, ROHS, UN38.3 in MSDS ter se pogosto uporabljajo za komercialno shranjevanje energije...<\/p>","protected":false},"author":1,"featured_media":0,"parent":0,"menu_order":0,"comment_status":"closed","ping_status":"closed","template":"elementor_theme","meta":{"rank_math_lock_modified_date":false,"_kad_post_transparent":"","_kad_post_title":"hide","_kad_post_layout":"fullwidth","_kad_post_sidebar_id":"","_kad_post_content_style":"unboxed","_kad_post_vertical_padding":"hide","_kad_post_feature":"hide","_kad_post_feature_position":"","_kad_post_header":false,"_kad_post_footer":false,"footnotes":""},"class_list":["post-3493","page","type-page","status-publish","hentry"],"_links":{"self":[{"href":"https:\/\/www.kmdpower.com\/sl\/wp-json\/wp\/v2\/pages\/3493","targetHints":{"allow":["GET"]}}],"collection":[{"href":"https:\/\/www.kmdpower.com\/sl\/wp-json\/wp\/v2\/pages"}],"about":[{"href":"https:\/\/www.kmdpower.com\/sl\/wp-json\/wp\/v2\/types\/page"}],"author":[{"embeddable":true,"href":"https:\/\/www.kmdpower.com\/sl\/wp-json\/wp\/v2\/users\/1"}],"replies":[{"embeddable":true,"href":"https:\/\/www.kmdpower.com\/sl\/wp-json\/wp\/v2\/comments?post=3493"}],"version-history":[{"count":19,"href":"https:\/\/www.kmdpower.com\/sl\/wp-json\/wp\/v2\/pages\/3493\/revisions"}],"predecessor-version":[{"id":4097,"href":"https:\/\/www.kmdpower.com\/sl\/wp-json\/wp\/v2\/pages\/3493\/revisions\/4097"}],"wp:attachment":[{"href":"https:\/\/www.kmdpower.com\/sl\/wp-json\/wp\/v2\/media?parent=3493"}],"curies":[{"name":"wp","href":"https:\/\/api.w.org\/{rel}","templated":true}]}}