{"id":4908,"date":"2025-11-08T06:48:36","date_gmt":"2025-11-08T06:48:36","guid":{"rendered":"https:\/\/www.kmdpower.com\/?post_type=product&#038;p=4908"},"modified":"2025-11-08T06:48:37","modified_gmt":"2025-11-08T06:48:37","slug":"kamada-power-12v-200ah-slimline-lithium-battery","status":"publish","type":"product","link":"https:\/\/www.kmdpower.com\/sk\/kamada-power-12v-200ah-slimline-lithium-battery\/","title":{"rendered":"L\u00edtiov\u00e1 bat\u00e9ria Kamada Power 12V 200Ah Slimline"},"content":{"rendered":"<div data-elementor-type=\"product-post\" data-elementor-id=\"4908\" class=\"elementor elementor-4908\" data-elementor-post-type=\"product\">\n\t\t\t\t<div class=\"elementor-element elementor-element-0908ad9 e-flex e-con-boxed e-con e-parent\" data-id=\"0908ad9\" data-element_type=\"container\" data-settings=\"{&quot;_ha_eqh_enable&quot;:false}\">\n\t\t\t\t\t<div class=\"e-con-inner\">\n\t\t\t\t<div class=\"elementor-element elementor-element-a1b2422 elementor-widget elementor-widget-image\" data-id=\"a1b2422\" data-element_type=\"widget\" data-widget_type=\"image.default\">\n\t\t\t\t<div class=\"elementor-widget-container\">\n\t\t\t\t\t\t\t\t\t\t\t\t\t<img fetchpriority=\"high\" decoding=\"async\" width=\"1000\" height=\"1000\" src=\"https:\/\/www.kmdpower.com\/wp-content\/uploads\/kamada-power-12v-200ah-slimline-lithium-battery-a01.jpg\" class=\"attachment-large size-large wp-image-4911\" alt=\"\" srcset=\"https:\/\/www.kmdpower.com\/wp-content\/uploads\/kamada-power-12v-200ah-slimline-lithium-battery-a01.jpg 1000w, https:\/\/www.kmdpower.com\/wp-content\/uploads\/kamada-power-12v-200ah-slimline-lithium-battery-a01-300x300.jpg 300w, https:\/\/www.kmdpower.com\/wp-content\/uploads\/kamada-power-12v-200ah-slimline-lithium-battery-a01-150x150.jpg 150w, https:\/\/www.kmdpower.com\/wp-content\/uploads\/kamada-power-12v-200ah-slimline-lithium-battery-a01-768x768.jpg 768w, https:\/\/www.kmdpower.com\/wp-content\/uploads\/kamada-power-12v-200ah-slimline-lithium-battery-a01-12x12.jpg 12w, https:\/\/www.kmdpower.com\/wp-content\/uploads\/kamada-power-12v-200ah-slimline-lithium-battery-a01-600x600.jpg 600w, https:\/\/www.kmdpower.com\/wp-content\/uploads\/kamada-power-12v-200ah-slimline-lithium-battery-a01-100x100.jpg 100w\" sizes=\"(max-width: 1000px) 100vw, 1000px\" \/>\t\t\t\t\t\t\t\t\t\t\t\t\t<\/div>\n\t\t\t\t<\/div>\n\t\t\t\t\t<\/div>\n\t\t\t\t<\/div>\n\t\t<div class=\"elementor-element elementor-element-2660bc4 e-flex e-con-boxed e-con e-parent\" data-id=\"2660bc4\" data-element_type=\"container\" data-settings=\"{&quot;_ha_eqh_enable&quot;:false}\">\n\t\t\t\t\t<div class=\"e-con-inner\">\n\t\t\t\t<div class=\"elementor-element elementor-element-7daad2e elementor-widget elementor-widget-image\" data-id=\"7daad2e\" data-element_type=\"widget\" data-widget_type=\"image.default\">\n\t\t\t\t<div class=\"elementor-widget-container\">\n\t\t\t\t\t\t\t\t\t\t\t\t\t<img decoding=\"async\" width=\"1000\" height=\"1000\" src=\"https:\/\/www.kmdpower.com\/wp-content\/uploads\/kamada-power-12v-200ah-slimline-lithium-battery-a02.jpg\" class=\"attachment-large size-large wp-image-4912\" alt=\"\" srcset=\"https:\/\/www.kmdpower.com\/wp-content\/uploads\/kamada-power-12v-200ah-slimline-lithium-battery-a02.jpg 1000w, https:\/\/www.kmdpower.com\/wp-content\/uploads\/kamada-power-12v-200ah-slimline-lithium-battery-a02-300x300.jpg 300w, https:\/\/www.kmdpower.com\/wp-content\/uploads\/kamada-power-12v-200ah-slimline-lithium-battery-a02-150x150.jpg 150w, https:\/\/www.kmdpower.com\/wp-content\/uploads\/kamada-power-12v-200ah-slimline-lithium-battery-a02-768x768.jpg 768w, https:\/\/www.kmdpower.com\/wp-content\/uploads\/kamada-power-12v-200ah-slimline-lithium-battery-a02-12x12.jpg 12w, https:\/\/www.kmdpower.com\/wp-content\/uploads\/kamada-power-12v-200ah-slimline-lithium-battery-a02-600x600.jpg 600w, https:\/\/www.kmdpower.com\/wp-content\/uploads\/kamada-power-12v-200ah-slimline-lithium-battery-a02-100x100.jpg 100w\" sizes=\"(max-width: 1000px) 100vw, 1000px\" \/>\t\t\t\t\t\t\t\t\t\t\t\t\t<\/div>\n\t\t\t\t<\/div>\n\t\t\t\t\t<\/div>\n\t\t\t\t<\/div>\n\t\t<div class=\"elementor-element elementor-element-f37686e e-flex e-con-boxed e-con e-parent\" data-id=\"f37686e\" data-element_type=\"container\" data-settings=\"{&quot;_ha_eqh_enable&quot;:false}\">\n\t\t\t\t\t<div class=\"e-con-inner\">\n\t\t\t\t<div class=\"elementor-element elementor-element-5c1441f elementor-widget elementor-widget-image\" data-id=\"5c1441f\" data-element_type=\"widget\" data-widget_type=\"image.default\">\n\t\t\t\t<div class=\"elementor-widget-container\">\n\t\t\t\t\t\t\t\t\t\t\t\t\t<img decoding=\"async\" width=\"1000\" height=\"1000\" src=\"https:\/\/www.kmdpower.com\/wp-content\/uploads\/kamada-power-12v-200ah-slimline-lithium-battery-a03.jpg\" class=\"attachment-large size-large wp-image-4913\" alt=\"\" srcset=\"https:\/\/www.kmdpower.com\/wp-content\/uploads\/kamada-power-12v-200ah-slimline-lithium-battery-a03.jpg 1000w, https:\/\/www.kmdpower.com\/wp-content\/uploads\/kamada-power-12v-200ah-slimline-lithium-battery-a03-300x300.jpg 300w, https:\/\/www.kmdpower.com\/wp-content\/uploads\/kamada-power-12v-200ah-slimline-lithium-battery-a03-150x150.jpg 150w, https:\/\/www.kmdpower.com\/wp-content\/uploads\/kamada-power-12v-200ah-slimline-lithium-battery-a03-768x768.jpg 768w, https:\/\/www.kmdpower.com\/wp-content\/uploads\/kamada-power-12v-200ah-slimline-lithium-battery-a03-12x12.jpg 12w, https:\/\/www.kmdpower.com\/wp-content\/uploads\/kamada-power-12v-200ah-slimline-lithium-battery-a03-600x600.jpg 600w, https:\/\/www.kmdpower.com\/wp-content\/uploads\/kamada-power-12v-200ah-slimline-lithium-battery-a03-100x100.jpg 100w\" sizes=\"(max-width: 1000px) 100vw, 1000px\" \/>\t\t\t\t\t\t\t\t\t\t\t\t\t<\/div>\n\t\t\t\t<\/div>\n\t\t\t\t\t<\/div>\n\t\t\t\t<\/div>\n\t\t<div class=\"elementor-element elementor-element-8c1d060 e-flex e-con-boxed e-con e-parent\" data-id=\"8c1d060\" data-element_type=\"container\" data-settings=\"{&quot;_ha_eqh_enable&quot;:false}\">\n\t\t\t\t\t<div class=\"e-con-inner\">\n\t\t\t\t<div class=\"elementor-element elementor-element-888cccc elementor-widget elementor-widget-image\" data-id=\"888cccc\" data-element_type=\"widget\" data-widget_type=\"image.default\">\n\t\t\t\t<div class=\"elementor-widget-container\">\n\t\t\t\t\t\t\t\t\t\t\t\t\t<img loading=\"lazy\" decoding=\"async\" width=\"1000\" height=\"1000\" src=\"https:\/\/www.kmdpower.com\/wp-content\/uploads\/kamada-power-12v-200ah-slimline-lithium-battery-a04.jpg\" class=\"attachment-large size-large wp-image-4914\" alt=\"\" srcset=\"https:\/\/www.kmdpower.com\/wp-content\/uploads\/kamada-power-12v-200ah-slimline-lithium-battery-a04.jpg 1000w, https:\/\/www.kmdpower.com\/wp-content\/uploads\/kamada-power-12v-200ah-slimline-lithium-battery-a04-300x300.jpg 300w, https:\/\/www.kmdpower.com\/wp-content\/uploads\/kamada-power-12v-200ah-slimline-lithium-battery-a04-150x150.jpg 150w, https:\/\/www.kmdpower.com\/wp-content\/uploads\/kamada-power-12v-200ah-slimline-lithium-battery-a04-768x768.jpg 768w, https:\/\/www.kmdpower.com\/wp-content\/uploads\/kamada-power-12v-200ah-slimline-lithium-battery-a04-12x12.jpg 12w, https:\/\/www.kmdpower.com\/wp-content\/uploads\/kamada-power-12v-200ah-slimline-lithium-battery-a04-600x600.jpg 600w, https:\/\/www.kmdpower.com\/wp-content\/uploads\/kamada-power-12v-200ah-slimline-lithium-battery-a04-100x100.jpg 100w\" sizes=\"(max-width: 1000px) 100vw, 1000px\" \/>\t\t\t\t\t\t\t\t\t\t\t\t\t<\/div>\n\t\t\t\t<\/div>\n\t\t\t\t\t<\/div>\n\t\t\t\t<\/div>\n\t\t<div class=\"elementor-element elementor-element-352d1ae e-flex e-con-boxed e-con e-parent\" data-id=\"352d1ae\" data-element_type=\"container\" data-settings=\"{&quot;_ha_eqh_enable&quot;:false}\">\n\t\t\t\t\t<div class=\"e-con-inner\">\n\t\t\t\t<div class=\"elementor-element elementor-element-caebe49 elementor-widget elementor-widget-image\" data-id=\"caebe49\" data-element_type=\"widget\" data-widget_type=\"image.default\">\n\t\t\t\t<div class=\"elementor-widget-container\">\n\t\t\t\t\t\t\t\t\t\t\t\t\t<img loading=\"lazy\" decoding=\"async\" width=\"1000\" height=\"1000\" src=\"https:\/\/www.kmdpower.com\/wp-content\/uploads\/kamada-power-12v-200ah-slimline-lithium-battery-a05.jpg\" class=\"attachment-large size-large wp-image-4915\" alt=\"\" srcset=\"https:\/\/www.kmdpower.com\/wp-content\/uploads\/kamada-power-12v-200ah-slimline-lithium-battery-a05.jpg 1000w, https:\/\/www.kmdpower.com\/wp-content\/uploads\/kamada-power-12v-200ah-slimline-lithium-battery-a05-300x300.jpg 300w, https:\/\/www.kmdpower.com\/wp-content\/uploads\/kamada-power-12v-200ah-slimline-lithium-battery-a05-150x150.jpg 150w, https:\/\/www.kmdpower.com\/wp-content\/uploads\/kamada-power-12v-200ah-slimline-lithium-battery-a05-768x768.jpg 768w, https:\/\/www.kmdpower.com\/wp-content\/uploads\/kamada-power-12v-200ah-slimline-lithium-battery-a05-12x12.jpg 12w, https:\/\/www.kmdpower.com\/wp-content\/uploads\/kamada-power-12v-200ah-slimline-lithium-battery-a05-600x600.jpg 600w, https:\/\/www.kmdpower.com\/wp-content\/uploads\/kamada-power-12v-200ah-slimline-lithium-battery-a05-100x100.jpg 100w\" sizes=\"(max-width: 1000px) 100vw, 1000px\" \/>\t\t\t\t\t\t\t\t\t\t\t\t\t<\/div>\n\t\t\t\t<\/div>\n\t\t\t\t\t<\/div>\n\t\t\t\t<\/div>\n\t\t<div class=\"elementor-element elementor-element-fadef69 e-flex e-con-boxed e-con e-parent\" data-id=\"fadef69\" data-element_type=\"container\" data-settings=\"{&quot;_ha_eqh_enable&quot;:false}\">\n\t\t\t\t\t<div class=\"e-con-inner\">\n\t\t\t\t<div class=\"elementor-element elementor-element-d30fb88 elementor-widget elementor-widget-image\" data-id=\"d30fb88\" data-element_type=\"widget\" data-widget_type=\"image.default\">\n\t\t\t\t<div class=\"elementor-widget-container\">\n\t\t\t\t\t\t\t\t\t\t\t\t\t<img loading=\"lazy\" decoding=\"async\" width=\"1000\" height=\"1000\" src=\"https:\/\/www.kmdpower.com\/wp-content\/uploads\/kamada-power-12v-200ah-slimline-lithium-battery-a06.jpg\" class=\"attachment-large size-large wp-image-4916\" alt=\"\" srcset=\"https:\/\/www.kmdpower.com\/wp-content\/uploads\/kamada-power-12v-200ah-slimline-lithium-battery-a06.jpg 1000w, https:\/\/www.kmdpower.com\/wp-content\/uploads\/kamada-power-12v-200ah-slimline-lithium-battery-a06-300x300.jpg 300w, https:\/\/www.kmdpower.com\/wp-content\/uploads\/kamada-power-12v-200ah-slimline-lithium-battery-a06-150x150.jpg 150w, https:\/\/www.kmdpower.com\/wp-content\/uploads\/kamada-power-12v-200ah-slimline-lithium-battery-a06-768x768.jpg 768w, https:\/\/www.kmdpower.com\/wp-content\/uploads\/kamada-power-12v-200ah-slimline-lithium-battery-a06-12x12.jpg 12w, https:\/\/www.kmdpower.com\/wp-content\/uploads\/kamada-power-12v-200ah-slimline-lithium-battery-a06-600x600.jpg 600w, https:\/\/www.kmdpower.com\/wp-content\/uploads\/kamada-power-12v-200ah-slimline-lithium-battery-a06-100x100.jpg 100w\" sizes=\"(max-width: 1000px) 100vw, 1000px\" \/>\t\t\t\t\t\t\t\t\t\t\t\t\t<\/div>\n\t\t\t\t<\/div>\n\t\t\t\t\t<\/div>\n\t\t\t\t<\/div>\n\t\t<div class=\"elementor-element elementor-element-d6193b0 e-flex e-con-boxed e-con e-parent\" data-id=\"d6193b0\" data-element_type=\"container\" data-settings=\"{&quot;_ha_eqh_enable&quot;:false}\">\n\t\t\t\t\t<div class=\"e-con-inner\">\n\t\t\t\t<div class=\"elementor-element elementor-element-5986a54 elementor-widget elementor-widget-image\" data-id=\"5986a54\" data-element_type=\"widget\" data-widget_type=\"image.default\">\n\t\t\t\t<div class=\"elementor-widget-container\">\n\t\t\t\t\t\t\t\t\t\t\t\t\t<img loading=\"lazy\" decoding=\"async\" width=\"1000\" height=\"1000\" src=\"https:\/\/www.kmdpower.com\/wp-content\/uploads\/kamada-power-12v-200ah-slimline-lithium-battery-a07.jpg\" class=\"attachment-large size-large wp-image-4917\" alt=\"\" srcset=\"https:\/\/www.kmdpower.com\/wp-content\/uploads\/kamada-power-12v-200ah-slimline-lithium-battery-a07.jpg 1000w, https:\/\/www.kmdpower.com\/wp-content\/uploads\/kamada-power-12v-200ah-slimline-lithium-battery-a07-300x300.jpg 300w, https:\/\/www.kmdpower.com\/wp-content\/uploads\/kamada-power-12v-200ah-slimline-lithium-battery-a07-150x150.jpg 150w, https:\/\/www.kmdpower.com\/wp-content\/uploads\/kamada-power-12v-200ah-slimline-lithium-battery-a07-768x768.jpg 768w, https:\/\/www.kmdpower.com\/wp-content\/uploads\/kamada-power-12v-200ah-slimline-lithium-battery-a07-12x12.jpg 12w, https:\/\/www.kmdpower.com\/wp-content\/uploads\/kamada-power-12v-200ah-slimline-lithium-battery-a07-600x600.jpg 600w, https:\/\/www.kmdpower.com\/wp-content\/uploads\/kamada-power-12v-200ah-slimline-lithium-battery-a07-100x100.jpg 100w\" sizes=\"(max-width: 1000px) 100vw, 1000px\" \/>\t\t\t\t\t\t\t\t\t\t\t\t\t<\/div>\n\t\t\t\t<\/div>\n\t\t\t\t\t<\/div>\n\t\t\t\t<\/div>\n\t\t<div class=\"elementor-element elementor-element-1340301 e-flex e-con-boxed e-con e-parent\" data-id=\"1340301\" data-element_type=\"container\" data-settings=\"{&quot;_ha_eqh_enable&quot;:false}\">\n\t\t\t\t\t<div class=\"e-con-inner\">\n\t\t\t\t<div class=\"elementor-element elementor-element-3459ef6 elementor-widget elementor-widget-image\" data-id=\"3459ef6\" data-element_type=\"widget\" data-widget_type=\"image.default\">\n\t\t\t\t<div class=\"elementor-widget-container\">\n\t\t\t\t\t\t\t\t\t\t\t\t\t<img loading=\"lazy\" decoding=\"async\" width=\"1000\" height=\"850\" src=\"https:\/\/www.kmdpower.com\/wp-content\/uploads\/kamada-power-12v-200ah-slimline-lithium-battery-a08.png\" class=\"attachment-large size-large wp-image-4918\" alt=\"\" srcset=\"https:\/\/www.kmdpower.com\/wp-content\/uploads\/kamada-power-12v-200ah-slimline-lithium-battery-a08.png 1000w, https:\/\/www.kmdpower.com\/wp-content\/uploads\/kamada-power-12v-200ah-slimline-lithium-battery-a08-300x255.png 300w, https:\/\/www.kmdpower.com\/wp-content\/uploads\/kamada-power-12v-200ah-slimline-lithium-battery-a08-768x653.png 768w, https:\/\/www.kmdpower.com\/wp-content\/uploads\/kamada-power-12v-200ah-slimline-lithium-battery-a08-14x12.png 14w, https:\/\/www.kmdpower.com\/wp-content\/uploads\/kamada-power-12v-200ah-slimline-lithium-battery-a08-600x510.png 600w\" sizes=\"(max-width: 1000px) 100vw, 1000px\" \/>\t\t\t\t\t\t\t\t\t\t\t\t\t<\/div>\n\t\t\t\t<\/div>\n\t\t\t\t\t<\/div>\n\t\t\t\t<\/div>\n\t\t<div class=\"elementor-element elementor-element-1b74df5 e-flex e-con-boxed e-con e-parent\" data-id=\"1b74df5\" data-element_type=\"container\" data-settings=\"{&quot;_ha_eqh_enable&quot;:false}\">\n\t\t\t\t\t<div class=\"e-con-inner\">\n\t\t\t\t<div class=\"elementor-element elementor-element-a17c7fc elementor-widget elementor-widget-heading\" data-id=\"a17c7fc\" data-element_type=\"widget\" data-widget_type=\"heading.default\">\n\t\t\t\t<div class=\"elementor-widget-container\">\n\t\t\t<h3 class=\"elementor-heading-title elementor-size-default\">Shenzhen Kamada Electronic Co., Ltd<br>\nV\u00fdstava Kamada Power<\/h3>\t\t<\/div>\n\t\t\t\t<\/div>\n\t\t\t\t<div class=\"elementor-element elementor-element-f896a39 elementor-widget elementor-widget-image\" data-id=\"f896a39\" data-element_type=\"widget\" data-widget_type=\"image.default\">\n\t\t\t\t<div class=\"elementor-widget-container\">\n\t\t\t\t\t\t\t\t\t\t\t\t\t<img loading=\"lazy\" decoding=\"async\" width=\"1024\" height=\"449\" src=\"https:\/\/www.kmdpower.com\/wp-content\/uploads\/Kamada-Power-Exhibition-Shenzhen-Kamada-Electronic-Co-Ltd.png\" class=\"attachment-large size-large wp-image-1297\" alt=\"\" \/>\t\t\t\t\t\t\t\t\t\t\t\t\t<\/div>\n\t\t\t\t<\/div>\n\t\t\t\t\t<\/div>\n\t\t\t\t<\/div>\n\t\t<div class=\"elementor-element elementor-element-ac3cd54 e-flex e-con-boxed e-con e-parent\" data-id=\"ac3cd54\" data-element_type=\"container\" data-settings=\"{&quot;_ha_eqh_enable&quot;:false}\">\n\t\t\t\t\t<div class=\"e-con-inner\">\n\t\t\t\t<div class=\"elementor-element elementor-element-cb4ce0f elementor-widget elementor-widget-heading\" data-id=\"cb4ce0f\" data-element_type=\"widget\" data-widget_type=\"heading.default\">\n\t\t\t\t<div class=\"elementor-widget-container\">\n\t\t\t<h3 class=\"elementor-heading-title elementor-size-default\">Certifik\u00e1cia v\u00fdrobcov bat\u00e9ri\u00ed Kamada Power<\/h3>\t\t<\/div>\n\t\t\t\t<\/div>\n\t\t\t\t<div class=\"elementor-element elementor-element-12e974e elementor-widget elementor-widget-image\" data-id=\"12e974e\" data-element_type=\"widget\" data-widget_type=\"image.default\">\n\t\t\t\t<div class=\"elementor-widget-container\">\n\t\t\t\t\t\t\t\t\t\t\t\t\t<img loading=\"lazy\" decoding=\"async\" width=\"1024\" height=\"352\" src=\"https:\/\/www.kmdpower.com\/wp-content\/uploads\/Kamada-Power-Battery-Certification.png\" class=\"attachment-large size-large wp-image-1285\" alt=\"\" \/>\t\t\t\t\t\t\t\t\t\t\t\t\t<\/div>\n\t\t\t\t<\/div>\n\t\t\t\t\t<\/div>\n\t\t\t\t<\/div>\n\t\t<div class=\"elementor-element elementor-element-536cc98 e-flex e-con-boxed e-con e-parent\" data-id=\"536cc98\" data-element_type=\"container\" data-settings=\"{&quot;_ha_eqh_enable&quot;:false}\">\n\t\t\t\t\t<div class=\"e-con-inner\">\n\t\t\t\t<div class=\"elementor-element elementor-element-850b61c elementor-widget elementor-widget-heading\" data-id=\"850b61c\" data-element_type=\"widget\" data-widget_type=\"heading.default\">\n\t\t\t\t<div class=\"elementor-widget-container\">\n\t\t\t<h3 class=\"elementor-heading-title elementor-size-default\">Kamada Power V\u00fdrobcovia l\u00edtium-i\u00f3nov\u00fdch bat\u00e9ri\u00ed V\u00fdrobn\u00fd proces<\/h3>\t\t<\/div>\n\t\t\t\t<\/div>\n\t\t\t\t<div class=\"elementor-element elementor-element-d9217a1 elementor-widget elementor-widget-image\" data-id=\"d9217a1\" data-element_type=\"widget\" data-widget_type=\"image.default\">\n\t\t\t\t<div class=\"elementor-widget-container\">\n\t\t\t\t\t\t\t\t\t\t\t\t\t<img loading=\"lazy\" decoding=\"async\" width=\"1000\" height=\"517\" src=\"https:\/\/www.kmdpower.com\/wp-content\/uploads\/Kamada-Power-Lithium-ion-Battery-Manufacturers-Factory-Production-Process-02.jpg\" class=\"attachment-large size-large wp-image-1323\" alt=\"\" \/>\t\t\t\t\t\t\t\t\t\t\t\t\t<\/div>\n\t\t\t\t<\/div>\n\t\t\t\t\t<\/div>\n\t\t\t\t<\/div>\n\t\t<div class=\"elementor-element elementor-element-f0edc37 e-flex e-con-boxed e-con e-parent\" data-id=\"f0edc37\" data-element_type=\"container\" data-settings=\"{&quot;_ha_eqh_enable&quot;:false}\">\n\t\t\t\t\t<div class=\"e-con-inner\">\n\t\t\t\t<div class=\"elementor-element elementor-element-4123242 elementor-widget elementor-widget-heading\" data-id=\"4123242\" data-element_type=\"widget\" data-widget_type=\"heading.default\">\n\t\t\t\t<div class=\"elementor-widget-container\">\n\t\t\t<h3 class=\"elementor-heading-title elementor-size-default\"><a href=\"https:\/\/www.kmdpower.com\/sk\/slimline-lithium-battery\/\">V\u00fdrobcovia l\u00edtiov\u00fdch bat\u00e9ri\u00ed Kamada Power Slimline<\/a><\/h3>\t\t<\/div>\n\t\t\t\t<\/div>\n\t\t\t\t<div class=\"elementor-element elementor-element-1935575 elementor-widget elementor-widget-image\" data-id=\"1935575\" data-element_type=\"widget\" data-widget_type=\"image.default\">\n\t\t\t\t<div class=\"elementor-widget-container\">\n\t\t\t\t\t\t\t\t\t\t\t\t\t<img loading=\"lazy\" decoding=\"async\" width=\"1000\" height=\"584\" src=\"https:\/\/www.kmdpower.com\/wp-content\/uploads\/Kamada-Power-Lithium-ion-Battery-Manufacturers-Factory-Show.jpg\" class=\"attachment-large size-large wp-image-1324\" alt=\"\" \/>\t\t\t\t\t\t\t\t\t\t\t\t\t<\/div>\n\t\t\t\t<\/div>\n\t\t\t\t<div class=\"elementor-element elementor-element-a9a1e5a elementor-widget elementor-widget-text-editor\" data-id=\"a9a1e5a\" data-element_type=\"widget\" data-widget_type=\"text-editor.default\">\n\t\t\t\t<div class=\"elementor-widget-container\">\n\t\t\t\t\t\t\t<p>Kamada Power Battery Factory vyr\u00e1ba v\u0161etky typy oem odm prisp\u00f4soben\u00fdch bat\u00e9ri\u00ed: dom\u00e1ce sol\u00e1rne bat\u00e9rie, bat\u00e9rie pre n\u00edzkor\u00fdchlostn\u00e9 vozidl\u00e1 (golfov\u00e9 bat\u00e9rie, RV bat\u00e9rie, oloven\u00e9 l\u00edtiov\u00e9 bat\u00e9rie, bat\u00e9rie pre elektrick\u00e9 voz\u00edky, bat\u00e9rie pre vysokozdvi\u017en\u00e9 voz\u00edky), lodn\u00e9 bat\u00e9rie, bat\u00e9rie pre v\u00fdletn\u00e9 lode, vysokonap\u00e4\u0165ov\u00e9 bat\u00e9rie, skladan\u00e9 bat\u00e9rie,\u00a0<strong><a title=\"V\u00fdrobcovia sod\u00edkov\u00fdch bat\u00e9ri\u00ed\" href=\"https:\/\/www.kmdpower.com\/sk\/sodium-ion-battery-manufacturers\/\" target=\"_blank\" rel=\"noopener\">Sod\u00edkovo-i\u00f3nov\u00e1 bat\u00e9ria<\/a>, <a href=\"https:\/\/www.kmdpower.com\/sk\/slimline-lithium-battery\/\">\u0160t\u00edhla l\u00edtiov\u00e1 bat\u00e9ria<\/a><\/strong><\/p>\t\t\t\t\t\t<\/div>\n\t\t\t\t<\/div>\n\t\t\t\t\t<\/div>\n\t\t\t\t<\/div>\n\t\t\t\t<\/div>","protected":false},"excerpt":{"rendered":"<ul>\n<li><strong>N\u00e1zov:<\/strong> L\u00edtiov\u00e1 bat\u00e9ria Kamada Power 12V 200Ah Slimline<\/li>\n<li><strong>Model:<\/strong> KMD200LFP-MP<\/li>\n<li><strong>Hmotnos\u0165:<\/strong> 24,96 KG<\/li>\n<li><strong>\u017divotnos\u0165 cyklu:<\/strong>\u00a06000 kr\u00e1t<\/li>\n<li><strong>Rozmery:<\/strong> 900 x 275 x 63 mm<\/li>\n<li><strong>Certifik\u00e1t:<\/strong>\u00a0CE\/UN38.3\/MSDS<\/li>\n<li><strong><a href=\"https:\/\/www.kmdpower.com\/sk\/slimline-lithium-battery\/\">V\u00fdrobcovia \u0161t\u00edhlych l\u00edtiov\u00fdch bat\u00e9ri\u00ed<\/a>:<\/strong>\u00a0Kamada Power<\/li>\n<li><strong>Typ bat\u00e9rie:<\/strong>\u00a0\u0160t\u00edhla l\u00edtiov\u00e1 bat\u00e9ria<\/li>\n<li><strong>Z\u00e1kladn\u00e9 funkcie:<\/strong>\u00a0ultra tenk\u00e9, 200% dvakr\u00e1t v\u00fdkonnej\u0161ie ako tradi\u010dn\u00e9 bat\u00e9rie<\/li>\n<li><strong>Podpora bat\u00e9ri\u00ed:<\/strong>\u00a0Ve\u013ekoobchod OEM.ODM Slimline l\u00edtiov\u00e1 bat\u00e9ria<\/li>\n<li><strong>Z\u00e1ruka:<\/strong>\u00a05 rokov<\/li>\n<li><strong>\u010cas dodania:<\/strong>\u00a07-14 dn\u00ed pre vzorky, 35-60 dn\u00ed pre s\u00e9riov\u00fa v\u00fdrobu<\/li>\n<li><strong>Kamada Power Battery Produkty Podpora ve\u013ekoobchodu, distrib\u00fatorov a OEM ODM \u0160t\u00edhla l\u00edtiov\u00e1 bat\u00e9ria. Pros\u00edm,\u00a0<a href=\"https:\/\/www.kmdpower.com\/sk\/contact-us\/\">Kontaktujte n\u00e1s<\/a>!<\/strong><\/li>\n<\/ul>","protected":false},"featured_media":4922,"template":"","meta":{"rank_math_lock_modified_date":false,"_kad_post_transparent":"default","_kad_post_title":"hide","_kad_post_layout":"fullwidth","_kad_post_sidebar_id":"","_kad_post_content_style":"unboxed","_kad_post_vertical_padding":"hide","_kad_post_feature":"hide","_kad_post_feature_position":"","_kad_post_header":false,"_kad_post_footer":false},"product_cat":[17,1191],"product_tag":[],"class_list":{"0":"post-4908","1":"product","2":"type-product","3":"status-publish","4":"has-post-thumbnail","6":"product_cat-home-energy-storage-system","7":"product_cat-slimline-lithium-battery","9":"first","10":"instock","11":"featured","12":"shipping-taxable","13":"product-type-simple","14":"entry","15":"content-bg","16":"loop-entry"},"_links":{"self":[{"href":"https:\/\/www.kmdpower.com\/sk\/wp-json\/wp\/v2\/product\/4908","targetHints":{"allow":["GET"]}}],"collection":[{"href":"https:\/\/www.kmdpower.com\/sk\/wp-json\/wp\/v2\/product"}],"about":[{"href":"https:\/\/www.kmdpower.com\/sk\/wp-json\/wp\/v2\/types\/product"}],"version-history":[{"count":5,"href":"https:\/\/www.kmdpower.com\/sk\/wp-json\/wp\/v2\/product\/4908\/revisions"}],"predecessor-version":[{"id":4924,"href":"https:\/\/www.kmdpower.com\/sk\/wp-json\/wp\/v2\/product\/4908\/revisions\/4924"}],"wp:featuredmedia":[{"embeddable":true,"href":"https:\/\/www.kmdpower.com\/sk\/wp-json\/wp\/v2\/media\/4922"}],"wp:attachment":[{"href":"https:\/\/www.kmdpower.com\/sk\/wp-json\/wp\/v2\/media?parent=4908"}],"wp:term":[{"taxonomy":"product_cat","embeddable":true,"href":"https:\/\/www.kmdpower.com\/sk\/wp-json\/wp\/v2\/product_cat?post=4908"},{"taxonomy":"product_tag","embeddable":true,"href":"https:\/\/www.kmdpower.com\/sk\/wp-json\/wp\/v2\/product_tag?post=4908"}],"curies":[{"name":"wp","href":"https:\/\/api.w.org\/{rel}","templated":true}]}}