{"id":4478,"date":"2025-06-04T10:14:14","date_gmt":"2025-06-04T10:14:14","guid":{"rendered":"https:\/\/www.kmdpower.com\/?post_type=product&#038;p=4478"},"modified":"2025-06-05T12:20:18","modified_gmt":"2025-06-05T12:20:18","slug":"kamada-power-10kwh-home-sodium-battery","status":"publish","type":"product","link":"https:\/\/www.kmdpower.com\/sk\/product\/kamada-power-10kwh-home-sodium-battery\/","title":{"rendered":"Kamada Power 10kWh dom\u00e1ca sod\u00edkov\u00e1 bat\u00e9ria"},"content":{"rendered":"<div data-elementor-type=\"product-post\" data-elementor-id=\"4478\" class=\"elementor elementor-4478\" data-elementor-post-type=\"product\">\n\t\t\t\t<div class=\"elementor-element elementor-element-6d06c60f e-flex e-con-boxed e-con e-parent\" data-id=\"6d06c60f\" data-element_type=\"container\" data-settings=\"{&quot;_ha_eqh_enable&quot;:false}\">\n\t\t\t\t\t<div class=\"e-con-inner\">\n\t\t\t\t<div class=\"elementor-element elementor-element-69101ed elementor-widget elementor-widget-text-editor\" data-id=\"69101ed\" data-element_type=\"widget\" data-widget_type=\"text-editor.default\">\n\t\t\t\t<div class=\"elementor-widget-container\">\n\t\t\t\t\t\t\t<p><img fetchpriority=\"high\" decoding=\"async\" class=\"aligncenter\" src=\"https:\/\/www.kmdpower.com\/wp-content\/uploads\/kamada-power-48v-210ah-10kWh-Home-Sodium-Battery-001.jpg\" alt=\"\" width=\"1000\" height=\"420\" \/><br \/><img decoding=\"async\" class=\"size-full wp-image-4495 aligncenter\" src=\"https:\/\/www.kmdpower.com\/wp-content\/uploads\/kamada-power-48v-210ah-10kWh-Home-Sodium-Battery-0002.jpg\" alt=\"\" width=\"1000\" height=\"630\" srcset=\"https:\/\/www.kmdpower.com\/wp-content\/uploads\/kamada-power-48v-210ah-10kWh-Home-Sodium-Battery-0002.jpg 1000w, https:\/\/www.kmdpower.com\/wp-content\/uploads\/kamada-power-48v-210ah-10kWh-Home-Sodium-Battery-0002-300x189.jpg 300w, https:\/\/www.kmdpower.com\/wp-content\/uploads\/kamada-power-48v-210ah-10kWh-Home-Sodium-Battery-0002-768x484.jpg 768w, https:\/\/www.kmdpower.com\/wp-content\/uploads\/kamada-power-48v-210ah-10kWh-Home-Sodium-Battery-0002-18x12.jpg 18w, https:\/\/www.kmdpower.com\/wp-content\/uploads\/kamada-power-48v-210ah-10kWh-Home-Sodium-Battery-0002-600x378.jpg 600w\" sizes=\"(max-width: 1000px) 100vw, 1000px\" \/><\/p><h3 style=\"text-align: center;\"><strong>Vlastnosti dom\u00e1cej sod\u00edkovej bat\u00e9rie Kamada Power 10 kWh<\/strong><\/h3><p><strong>Vysok\u00fd v\u00fdkon pri extr\u00e9mne n\u00edzkych teplot\u00e1ch<\/strong><br \/>Vstavan\u00e1 sod\u00edkovo-i\u00f3nov\u00e1 bat\u00e9ria BMS, podporuje vyb\u00edjanie pri -30 \u2103, bez strachu zo servera v chladnom po\u010das\u00ed.<\/p><p><strong>Bezpe\u010dnos\u0165 ako lifepo4<\/strong><br \/>Bezpe\u010dnos\u0165 nie je n\u00e1kladom, je to invest\u00edcia do bud\u00facnosti.<br \/>bezpe\u010dnej\u0161ie ako lifepo4, energy storgy.currently najbezpe\u010dnej\u0161\u00ed materi\u00e1l bat\u00e9rie<\/p><p><strong>Bluetooth v re\u00e1lnom \u010dase<\/strong><br \/>monitorovanie prostredn\u00edctvom aplik\u00e1cie (volite\u013en\u00e9)<\/p><p><strong>Jednoduch\u00e1 v\u00fdmena protokolu meni\u010da<\/strong><br \/>V\u00fdber protokolu meni\u010da na obrazovke, nie je potrebn\u00fd \u017eiadny \u010fal\u0161\u00ed k\u00e1bel.Dotykov\u00fd displej (volite\u013en\u00fd)<\/p><h3 style=\"text-align: center;\">Spo\u013eahliv\u00fd syst\u00e9m BMS Ultra Saftey<\/h3><p><img decoding=\"async\" class=\"aligncenter\" src=\"https:\/\/www.kmdpower.com\/wp-content\/uploads\/Kamada-Power-Battery-BMS.jpg\" alt=\"\" width=\"1000\" height=\"401\" \/><\/p><p>Syst\u00e9m BMS pre dom\u00e1ce sod\u00edkovoi\u00f3nov\u00e9 bat\u00e9rie Kamada Power zabezpe\u010duje bezpe\u010dn\u00fa prev\u00e1dzku pri extr\u00e9mnych teplot\u00e1ch, zabra\u0148uje preb\u00edjaniu a nadmern\u00e9mu vyb\u00edjaniu, predl\u017euje \u017eivotnos\u0165 bat\u00e9rie a poskytuje spo\u013eahliv\u00fd v\u00fdkon pri efekt\u00edvnom nab\u00edjan\u00ed a vyb\u00edjan\u00ed. Obsahuje aj nadpr\u00fadov\u00fa a skratov\u00fa ochranu pre bezpe\u010dnos\u0165 syst\u00e9mu a pon\u00faka pou\u017e\u00edvate\u013eom mo\u017enosti akt\u00edvneho alebo pas\u00edvneho vyva\u017eovania na optimaliz\u00e1ciu v\u00fdkonu bat\u00e9rie a energetickej \u00fa\u010dinnosti.<\/p><p><img loading=\"lazy\" decoding=\"async\" class=\"size-full wp-image-4496 aligncenter\" src=\"https:\/\/www.kmdpower.com\/wp-content\/uploads\/kamada-power-48v-210ah-10kWh-Home-Sodium-Battery-0004.jpg\" alt=\"\" width=\"1000\" height=\"625\" srcset=\"https:\/\/www.kmdpower.com\/wp-content\/uploads\/kamada-power-48v-210ah-10kWh-Home-Sodium-Battery-0004.jpg 1000w, https:\/\/www.kmdpower.com\/wp-content\/uploads\/kamada-power-48v-210ah-10kWh-Home-Sodium-Battery-0004-300x188.jpg 300w, https:\/\/www.kmdpower.com\/wp-content\/uploads\/kamada-power-48v-210ah-10kWh-Home-Sodium-Battery-0004-768x480.jpg 768w, https:\/\/www.kmdpower.com\/wp-content\/uploads\/kamada-power-48v-210ah-10kWh-Home-Sodium-Battery-0004-18x12.jpg 18w, https:\/\/www.kmdpower.com\/wp-content\/uploads\/kamada-power-48v-210ah-10kWh-Home-Sodium-Battery-0004-600x375.jpg 600w\" sizes=\"(max-width: 1000px) 100vw, 1000px\" \/><br \/><img loading=\"lazy\" decoding=\"async\" class=\"aligncenter\" src=\"https:\/\/www.kmdpower.com\/wp-content\/uploads\/kamada-power-48v-210ah-10kWh-Home-Sodium-Battery-003.jpg\" alt=\"\" width=\"1000\" height=\"817\" \/><br \/><img loading=\"lazy\" decoding=\"async\" class=\"aligncenter\" src=\"https:\/\/www.kmdpower.com\/wp-content\/uploads\/kamada-power-48v-210ah-10kWh-Home-Sodium-Battery-005.jpg\" alt=\"\" width=\"1000\" height=\"500\" \/> <img loading=\"lazy\" decoding=\"async\" class=\"aligncenter\" src=\"https:\/\/www.kmdpower.com\/wp-content\/uploads\/kamada-power-48v-210ah-10kWh-Home-Sodium-Battery-006.jpg\" alt=\"\" width=\"1000\" height=\"465\" \/><\/p><h3>\u00a0<\/h3><h3 style=\"text-align: center;\">Kamada Power 48V 210Ah 10kWh dom\u00e1ca sod\u00edkovoi\u00f3nov\u00e1 bat\u00e9ria Scen\u00e1r pou\u017eitia<\/h3><p><img loading=\"lazy\" decoding=\"async\" class=\"aligncenter\" src=\"https:\/\/www.kmdpower.com\/wp-content\/uploads\/kamada-power-48v-210ah-10kWh-Home-Sodium-Battery-007.jpg\" alt=\"\" width=\"1000\" height=\"349\" \/><\/p><p style=\"text-align: center;\">Kamada Power 48v 210Ah 10kWh dom\u00e1ca sod\u00edkovo i\u00f3nov\u00e1 bat\u00e9ria Pou\u017eitie: pre chladn\u00e9 prostredie<\/p><h3 style=\"text-align: center;\">\u00a0<\/h3><h3 style=\"text-align: center;\">Shenzhen Kamada Electronic Co., Ltd<br \/>V\u00fdstava Kamada Power<\/h3><p>\u00a0<\/p><p><img loading=\"lazy\" decoding=\"async\" class=\"size-full wp-image-4506 aligncenter\" src=\"https:\/\/www.kmdpower.com\/wp-content\/uploads\/about-kamada-power-000-scaled.jpg\" alt=\"\" width=\"932\" height=\"2560\" srcset=\"https:\/\/www.kmdpower.com\/wp-content\/uploads\/about-kamada-power-000-scaled.jpg 932w, https:\/\/www.kmdpower.com\/wp-content\/uploads\/about-kamada-power-000-109x300.jpg 109w, https:\/\/www.kmdpower.com\/wp-content\/uploads\/about-kamada-power-000-373x1024.jpg 373w, https:\/\/www.kmdpower.com\/wp-content\/uploads\/about-kamada-power-000-768x2109.jpg 768w, https:\/\/www.kmdpower.com\/wp-content\/uploads\/about-kamada-power-000-559x1536.jpg 559w, https:\/\/www.kmdpower.com\/wp-content\/uploads\/about-kamada-power-000-746x2048.jpg 746w, https:\/\/www.kmdpower.com\/wp-content\/uploads\/about-kamada-power-000-4x12.jpg 4w, https:\/\/www.kmdpower.com\/wp-content\/uploads\/about-kamada-power-000-600x1648.jpg 600w\" sizes=\"(max-width: 932px) 100vw, 932px\" \/><\/p>\t\t\t\t\t\t<\/div>\n\t\t\t\t<\/div>\n\t\t\t\t\t<\/div>\n\t\t\t\t<\/div>\n\t\t\t\t<\/div>","protected":false},"excerpt":{"rendered":"<ul>\n<li><strong>Model:<\/strong> 48V 210Ah 10kWh dom\u00e1ca sod\u00edkovoi\u00f3nov\u00e1 bat\u00e9ria<\/li>\n<li><strong>Hmotnos\u0165:<\/strong> 102KGS-104KGS (s kolieskami)<\/li>\n<li><strong>\u017divotnos\u0165 cyklu: <\/strong>6000 kr\u00e1t<\/li>\n<li><strong>Rozmery:<\/strong> 470 x 680 x 240 mm (bez kolies)<\/li>\n<li><strong>Certifik\u00e1t:<\/strong>\u00a0CE\/UN38.3\/MSDS<\/li>\n<li><strong>V\u00fdrobcovia sod\u00edkov\u00fdch bat\u00e9ri\u00ed:<\/strong>\u00a0Kamada Power<\/li>\n<li><strong>Typ bat\u00e9rie:<\/strong>\u00a0Sod\u00edkovo i\u00f3nov\u00e1 bat\u00e9ria<\/li>\n<li><strong>Z\u00e1kladn\u00e9 funkcie:<\/strong> Vynikaj\u00faci n\u00edzkoteplotn\u00fd v\u00fdkon (-30 \u2103 ~ + 60 \u2103), RS485\/RS232\/Bluetooth\/CAN (volite\u013en\u00e9), prisp\u00f4soben\u00e9 APP, IP21<\/li>\n<li><strong>Podpora bat\u00e9ri\u00ed:<\/strong> Ve\u013ekoobchod, OEM.ODM 48V 210Ah 10kWh Dom\u00e1ce sod\u00edkov\u00e9 i\u00f3nov\u00e9 bat\u00e9rie<\/li>\n<li><strong>Z\u00e1ruka:<\/strong> 10 rokov<\/li>\n<li><strong>\u010cas dodania:<\/strong>\u00a07-14 dn\u00ed pre vzorky, 35-60 dn\u00ed pre s\u00e9riov\u00fa v\u00fdrobu<\/li>\n<li><strong>Podpora ve\u013ekoobchodu, distrib\u00fatorov a OEM ODM bat\u00e9ri\u00ed na z\u00e1kazku. Pros\u00edm,\u00a0<a title=\"Kontaktujte spolo\u010dnos\u0165 Kamada Power\" href=\"https:\/\/www.kmdpower.com\/sk\/contact-us\/\" target=\"_blank\" rel=\"noopener\">Kontaktujte n\u00e1s<\/a>!<\/strong><\/li>\n<\/ul>","protected":false},"featured_media":4481,"template":"","meta":{"rank_math_lock_modified_date":false,"_kad_post_transparent":"default","_kad_post_title":"","_kad_post_layout":"default","_kad_post_sidebar_id":"","_kad_post_content_style":"default","_kad_post_vertical_padding":"default","_kad_post_feature":"","_kad_post_feature_position":"","_kad_post_header":false,"_kad_post_footer":false},"product_cat":[17,32],"product_tag":[40,42,45,46,71],"class_list":{"0":"post-4478","1":"product","2":"type-product","3":"status-publish","4":"has-post-thumbnail","6":"product_cat-home-energy-storage-system","7":"product_cat-sodium-ion-battery-manufacturers","8":"product_tag-china-sodium-ion-battery-factory","9":"product_tag-china-sodium-ion-battery-supplier","10":"product_tag-custom-sodium-ion-battery-manufacturers","11":"product_tag-custom-sodium-ion-battery-supplier","12":"product_tag-sodium-ion-battery","14":"first","15":"instock","16":"featured","17":"shipping-taxable","18":"product-type-simple","19":"entry","20":"content-bg","21":"loop-entry"},"_links":{"self":[{"href":"https:\/\/www.kmdpower.com\/sk\/wp-json\/wp\/v2\/product\/4478","targetHints":{"allow":["GET"]}}],"collection":[{"href":"https:\/\/www.kmdpower.com\/sk\/wp-json\/wp\/v2\/product"}],"about":[{"href":"https:\/\/www.kmdpower.com\/sk\/wp-json\/wp\/v2\/types\/product"}],"version-history":[{"count":5,"href":"https:\/\/www.kmdpower.com\/sk\/wp-json\/wp\/v2\/product\/4478\/revisions"}],"predecessor-version":[{"id":4509,"href":"https:\/\/www.kmdpower.com\/sk\/wp-json\/wp\/v2\/product\/4478\/revisions\/4509"}],"wp:featuredmedia":[{"embeddable":true,"href":"https:\/\/www.kmdpower.com\/sk\/wp-json\/wp\/v2\/media\/4481"}],"wp:attachment":[{"href":"https:\/\/www.kmdpower.com\/sk\/wp-json\/wp\/v2\/media?parent=4478"}],"wp:term":[{"taxonomy":"product_cat","embeddable":true,"href":"https:\/\/www.kmdpower.com\/sk\/wp-json\/wp\/v2\/product_cat?post=4478"},{"taxonomy":"product_tag","embeddable":true,"href":"https:\/\/www.kmdpower.com\/sk\/wp-json\/wp\/v2\/product_tag?post=4478"}],"curies":[{"name":"wp","href":"https:\/\/api.w.org\/{rel}","templated":true}]}}