{"id":2214,"date":"2024-10-12T10:12:55","date_gmt":"2024-10-12T10:12:55","guid":{"rendered":"http:\/\/www.kmdpower.com\/?post_type=product&#038;p=2214"},"modified":"2025-01-18T09:12:49","modified_gmt":"2025-01-18T09:12:49","slug":"customized-24v-lifepo4-battery-pack-100ah-120ah-150ah-200ah-product","status":"publish","type":"product","link":"https:\/\/www.kmdpower.com\/sk\/customized-24v-lifepo4-battery-pack-100ah-120ah-150ah-200ah-product\/","title":{"rendered":"Kamada Power 24V 100Ah l\u00edtiov\u00e1 bat\u00e9ria"},"content":{"rendered":"<p><img fetchpriority=\"high\" decoding=\"async\" class=\"aligncenter\" src=\"http:\/\/www.kmdpower.com\/wp-content\/uploads\/Contact-US-Kamada-Power-Shenzhen-Kamada-Electronic-Co-Ltd.jpg\" alt=\"\" width=\"1000\" height=\"200\" \/><\/p>\n<p><img decoding=\"async\" class=\"aligncenter wp-image-1386 size-full\" src=\"http:\/\/www.kmdpower.com\/wp-content\/uploads\/lifepo4-24v-100ah-battery-01.jpg\" alt=\"lifepo4 24v 100ah bat\u00e9ria 01\" width=\"1000\" height=\"480\" \/><\/p>\n<h3 style=\"text-align: center;\">Kamada Power 24V 100Ah LifePO4 L\u00edtiov\u00e1 bat\u00e9ria pre obytn\u00e9 vozidl\u00e1 Vlastnosti<\/h3>\n<p><img decoding=\"async\" class=\"aligncenter wp-image-1387 size-full\" src=\"http:\/\/www.kmdpower.com\/wp-content\/uploads\/lifepo4-24v-100ah-battery-02.jpg\" alt=\"lifepo4 24v 100ah bat\u00e9ria 02\" width=\"1000\" height=\"770\" \/><\/p>\n<h3 style=\"text-align: center;\">Funkcia ekvaliz\u00e1cie\uff08Akt\u00edvne alebo pas\u00edvne volite\u013en\u00e9)<\/h3>\n<p>&nbsp;<\/p>\n<p><img loading=\"lazy\" decoding=\"async\" class=\"aligncenter wp-image-978 size-full\" src=\"http:\/\/www.kmdpower.com\/wp-content\/uploads\/Active-Equalization-Function-and-Active-Passive-Optional-0.png\" alt=\"Akt\u00edvna funkcia ekvaliz\u00e1cie a akt\u00edvna pas\u00edvna volite\u013en\u00e1 funkcia 0\" width=\"1000\" height=\"246\" \/><\/p>\n<div>\n<h3 style=\"text-align: center;\">Kamada Power OEM ODM Vlastn\u00e9 12V LifePO4 bat\u00e9rie Nap\u00e4tie a kapacita<\/h3>\n<p>&nbsp;<\/p>\n<table>\n<tbody>\n<tr>\n<td>12,8 V 50ah LifePO4 bat\u00e9ria<\/td>\n<td>12,8 V 200ah LifePO4 bat\u00e9ria<\/td>\n<td>25,6 V 100 Ah LifePO4 bat\u00e9ria<\/td>\n<\/tr>\n<tr>\n<td>12,8 V 100 Ah LifePO4 bat\u00e9ria<\/td>\n<td>12,8 V 300ah LifePO4 bat\u00e9ria<\/td>\n<td>25,6 V 150ah LifePO4 bat\u00e9ria<\/td>\n<\/tr>\n<tr>\n<td>12,8 V 150ah LifePO4 bat\u00e9ria<\/td>\n<td>25,6 V 300ah LifePO4 bat\u00e9ria<\/td>\n<td>25,6 V 200ah LifePO4 bat\u00e9ria<\/td>\n<\/tr>\n<tr>\n<td style=\"text-align: center;\" colspan=\"3\">\n<p style=\"color: #339966;\">Viac nap\u00e4tia a kapacity \u017divotnos\u0165 bat\u00e9riePO4 sa d\u00e1 prisp\u00f4sobi\u0165<\/p>\n<\/td>\n<\/tr>\n<\/tbody>\n<\/table>\n<p>&nbsp;<\/p>\n<\/div>\n<div>\n<p>&nbsp;<\/p>\n<h3 style=\"text-align: center;\">Najd\u00f4le\u017eitej\u0161ie inform\u00e1cie o produkte<\/h3>\n<p><strong>Funkcia vlastn\u00e9ho vyhrievania<\/strong><\/p>\n<p>Teplota spustenia ohrevu \u22640 \u2103, teplota zastavenia ohrevu \u22655 \u2103. Funkcia samoohrevu v bytov\u00fdch bat\u00e9ri\u00e1ch \u00fa\u010dinne rie\u0161i probl\u00e9m zhor\u0161enia v\u00fdkonu v chladnom po\u010das\u00ed, \u010d\u00edm zabezpe\u010duje spo\u013eahliv\u00fa prev\u00e1dzku a pred\u013a\u017een\u00fa \u017eivotnos\u0165 aj v drsn\u00fdch klimatick\u00fdch podmienkach, \u010d\u00edm zni\u017euje n\u00e1klady na \u00fadr\u017ebu a zvy\u0161uje celkov\u00fa \u00fa\u010dinnos\u0165 skladovania energie.<\/p>\n<p><strong>Monitorovanie Bluetooth v re\u00e1lnom \u010dase prostredn\u00edctvom aplik\u00e1cie<\/strong><\/p>\n<p>Monitorovanie Bluetooth v re\u00e1lnom \u010dase prostredn\u00edctvom aplik\u00e1cie pre dom\u00e1cu bat\u00e9riu rie\u0161i bolestiv\u00fd probl\u00e9m obmedzen\u00e9ho preh\u013eadu a kontroly nad spotrebou energie a pon\u00faka v\u00e1m pohodln\u00fd a okam\u017eit\u00fd pr\u00edstup k optimaliz\u00e1cii spotreby energie a \u00fa\u010dinnosti skladovania.<\/p>\n<p><strong>Bat\u00e9ria LiFePO4<\/strong><\/p>\n<p>Bat\u00e9ria LiFePO4 pon\u00faka a\u017e 4000 cyklov, vysok\u00fa hustotu energie a vynikaj\u00facu bezpe\u010dnos\u0165. Podporuj\u00fa r\u00fdchle nab\u00edjanie, hlbok\u00e9 vyb\u00edjanie, vy\u017eaduj\u00fa minim\u00e1lnu \u00fadr\u017ebu a s\u00fa \u0161etrn\u00e9 k \u017eivotn\u00e9mu prostrediu. Celkovo poskytuj\u00fa spo\u013eahliv\u00e9 a efekt\u00edvne rie\u0161enie nap\u00e1jania s dlhou \u017eivotnos\u0165ou.<\/p>\n<p><strong>Vodotesnos\u0165 IP67<\/strong><\/p>\n<p>Vodotesnos\u0165 IP67, ktor\u00e1 poskytuje vynikaj\u00facu ochranu proti vode a prachu. To zaru\u010duje spo\u013eahliv\u00fd v\u00fdkon v n\u00e1ro\u010dn\u00fdch podmienkach a poskytuje v\u00e1m pokoj a st\u00e1ly v\u00fdkon po\u010das v\u0161etk\u00fdch va\u0161ich outdoorov\u00fdch dobrodru\u017estiev.<\/p>\n<p><strong>Akt\u00edvna rovnov\u00e1ha a pas\u00edvna rovnov\u00e1ha s\u00fa volite\u013en\u00e9<\/strong><\/p>\n<p>zabezpe\u010duje optim\u00e1lny v\u00fdkon a dlh\u00fa \u017eivotnos\u0165. Akt\u00edvne vyva\u017eovanie prerozde\u013euje energiu medzi \u010dl\u00e1nkami na dosiahnutie maxim\u00e1lnej \u00fa\u010dinnosti, zatia\u013e \u010do pas\u00edvne vyva\u017eovanie udr\u017eiava rovnov\u00e1hu nap\u00e4tia \u010dl\u00e1nkov a zabra\u0148uje ich preb\u00edjaniu. Tieto funkcie poskytuj\u00fa spo\u013eahliv\u00e9, \u00fa\u010dinn\u00e9 a dlhotrvaj\u00face rie\u0161enie nap\u00e1jania, minimalizuj\u00fa \u00fadr\u017ebu a maximalizuj\u00fa dobrodru\u017estvo v\u00e1\u0161ho RV.<\/p>\n<\/div>\n<p>&nbsp;<\/p>\n<h3 style=\"text-align: center;\">Spo\u013eahliv\u00fd syst\u00e9m BMS Ultra Saftey<\/h3>\n<p><img loading=\"lazy\" decoding=\"async\" class=\"aligncenter wp-image-1283 size-full\" src=\"http:\/\/www.kmdpower.com\/wp-content\/uploads\/Kamada-Power-Battery-BMS.jpg\" alt=\"Kamada Power Battery BMS\" width=\"1000\" height=\"401\" \/><\/p>\n<p style=\"text-align: left;\">Syst\u00e9m Kamada Power Battery BMS zabezpe\u010duje bezpe\u010dn\u00fa prev\u00e1dzku pri extr\u00e9mnych teplot\u00e1ch, zabra\u0148uje preb\u00edjaniu a vyb\u00edjaniu, predl\u017euje \u017eivotnos\u0165 bat\u00e9rie a poskytuje spo\u013eahliv\u00fd v\u00fdkon pri efekt\u00edvnom nab\u00edjan\u00ed a vyb\u00edjan\u00ed. Obsahuje aj nadpr\u00fadov\u00fa a skratov\u00fa ochranu pre bezpe\u010dnos\u0165 syst\u00e9mu a pon\u00faka pou\u017e\u00edvate\u013eom mo\u017enosti akt\u00edvneho alebo pas\u00edvneho vyva\u017eovania na optimaliz\u00e1ciu v\u00fdkonu bat\u00e9rie a energetickej \u00fa\u010dinnosti.<\/p>\n<p>&nbsp;<\/p>\n<h3 style=\"text-align: center;\">Kamada Power 24V 100Ah LiFePO4 bat\u00e9ria v s\u00e9rii a paralelne<\/h3>\n<p><img loading=\"lazy\" decoding=\"async\" class=\"aligncenter wp-image-1390 size-full\" src=\"http:\/\/www.kmdpower.com\/wp-content\/uploads\/lifepo4-24v-100ah-battery-05.jpg\" alt=\"lifepo4 24v 100ah bat\u00e9ria 05\" width=\"1000\" height=\"736\" \/><\/p>\n<p><strong>Paralelne (do 4p)<\/strong> : 12V 400Ah 4,8 kwh<br \/>\n<strong>V s\u00e9rii (do 4s)<\/strong> : 48V 100Ah 4,8 kwh<\/p>\n<p>&nbsp;<\/p>\n<h3 style=\"text-align: center;\">Kamada Power 24v 100ah LiFePO4 l\u00edtiov\u00e1 bat\u00e9ria pre obytn\u00e9 automobily VS oloven\u00e1 bat\u00e9ria<\/h3>\n<p><img loading=\"lazy\" decoding=\"async\" class=\"aligncenter wp-image-1388 size-full\" src=\"http:\/\/www.kmdpower.com\/wp-content\/uploads\/lifepo4-24v-100ah-battery-03.jpg\" alt=\"lifepo4 24v 100ah bat\u00e9ria 03\" width=\"1000\" height=\"680\" \/><\/p>\n<p>&nbsp;<\/p>\n<h3 style=\"text-align: center;\">24V 100Ah LifePO4 bat\u00e9ria Integrovan\u00e1 funkcia samoohrevu a Bluetooth APP<\/h3>\n<p><img loading=\"lazy\" decoding=\"async\" class=\"aligncenter wp-image-1389 size-full\" src=\"http:\/\/www.kmdpower.com\/wp-content\/uploads\/lifepo4-24v-100ah-battery-04.jpg\" alt=\"lifepo4 24v 100ah bat\u00e9ria 04\" width=\"1000\" height=\"583\" \/><\/p>\n<p>&nbsp;<\/p>\n<h3 style=\"text-align: center;\">Kamada Power 24V 100Ah LifePO4 bat\u00e9ria 3 sp\u00f4soby nab\u00edjania<\/h3>\n<p><img loading=\"lazy\" decoding=\"async\" class=\"aligncenter wp-image-1163 size-full\" src=\"http:\/\/www.kmdpower.com\/wp-content\/uploads\/Kamada-Power-12v-50Ah-SLA-LifePO4-Battery-3-Charging-Methods-003.jpg\" alt=\"Kamada Power 12v 50Ah SLA LifePO4 bat\u00e9ria 3 sp\u00f4soby nab\u00edjania\" width=\"1000\" height=\"392\" \/><\/p>\n<div data-node=\"66bb1ada9ec32\" data-animation-delay=\"0.0\">L\u00edtium-\u017eelezit\u00fd fosf\u00e1t4-strunov\u00e1 nab\u00edja\u010dka (14,6 V)<br \/>\nFotovoltaick\u00e9 sol\u00e1rne panely s MPPT<br \/>\nMeni\u010d (zabudovan\u00fd AC na DC)<\/div>\n<div data-node=\"66bb1ada9ec32\" data-animation-delay=\"0.0\"><\/div>\n<h3 style=\"text-align: center;\">Kamada Power 24V 100Ah LifePO4 bat\u00e9ria Scen\u00e1r pou\u017eitia<\/h3>\n<p><img loading=\"lazy\" decoding=\"async\" class=\"aligncenter wp-image-1201 size-full\" src=\"http:\/\/www.kmdpower.com\/wp-content\/uploads\/Kamada-Power-12v-SLA-LifePO4-Battery-Application-Scenario-007.jpg\" alt=\"Scen\u00e1r aplik\u00e1cie l\u00edtiovej bat\u00e9rie Kamada Power 24V 100Ah\" width=\"1000\" height=\"454\" \/><\/p>\n<p style=\"text-align: center;\"><strong>24V 100Ah LiFePO4 bat\u00e9ria Pou\u017eitie:<\/strong> Rekrea\u010dn\u00e9 vozidlo,Boot &amp; Fishing,Sol\u00e1rna a vetern\u00e1 energia,Kempovanie,Aplik\u00e1cia mimo siete<\/p>\n<p>&nbsp;<\/p>\n<h3 style=\"text-align: center;\">Pre\u010do si vybra\u0165 Kamada Power OEM ODM va\u0161e bat\u00e9riov\u00e9 produkty?<\/h3>\n<p><strong>Nemus\u00edte sa ob\u00e1va\u0165 t\u00fdchto probl\u00e9mov s vlastnou bat\u00e9riou!<\/strong><br \/>\nNeschopnos\u0165 splni\u0165 va\u0161e po\u017eiadavky na vlastn\u00e9 bat\u00e9rie, dlh\u00e1 doba v\u00fdroby, pomal\u00e1 dodacia lehota, neefekt\u00edvna komunik\u00e1cia, \u017eiadna z\u00e1ruka kvality, nekonkuren\u010dn\u00e1 cena v\u00fdrobkov a zl\u00e9 sk\u00fasenosti so slu\u017ebami s\u00fa tieto probl\u00e9my!<\/p>\n<p><strong>Sila profesionality!<\/strong><br \/>\nObsl\u00fa\u017eili sme tis\u00edce z\u00e1kazn\u00edkov z r\u00f4znych odvetv\u00ed a prisp\u00f4sobili sme tis\u00edce bat\u00e9riov\u00fdch produktov! Pozn\u00e1me d\u00f4le\u017eitos\u0165 h\u013abkovej komunik\u00e1cie potrieb, pozn\u00e1me bat\u00e9riov\u00e9 v\u00fdrobky od n\u00e1vrhu a\u017e po s\u00e9riov\u00fa v\u00fdrobu r\u00f4znych technick\u00fdch v\u00fdziev a probl\u00e9mov a vieme, ako tieto probl\u00e9my r\u00fdchlo a efekt\u00edvne rie\u0161i\u0165!<\/p>\n<p><strong>Vyv\u00edjajte efekt\u00edvne rie\u0161enia bat\u00e9ri\u00ed na mieru!<\/strong><br \/>\nV reakcii na va\u0161e vlastn\u00e9 potreby v oblasti bat\u00e9ri\u00ed v\u00e1m \u0161peci\u00e1lne pridel\u00edme projektov\u00fd t\u00edm pre technol\u00f3giu bat\u00e9ri\u00ed, ktor\u00fd v\u00e1m poskytne slu\u017eby 1:1. H\u013abkovo s vami komunikujeme o odvetv\u00ed, scen\u00e1roch, po\u017eiadavk\u00e1ch, bolestiv\u00fdch miestach, v\u00fdkone, funk\u010dnosti a vyv\u00edjame vlastn\u00e9 rie\u0161enia bat\u00e9ri\u00ed.<\/p>\n<p><strong>R\u00fdchle dodanie z\u00e1kazkovej v\u00fdroby bat\u00e9ri\u00ed!<\/strong><br \/>\nSme agiln\u00ed a r\u00fdchli, aby sme v\u00e1m pomohli dosiahnu\u0165 od n\u00e1vrhu bat\u00e9ri\u00ed, cez odber vzoriek bat\u00e9ri\u00ed a\u017e po ich s\u00e9riov\u00fa v\u00fdrobu. Dosiahnite r\u00fdchly n\u00e1vrh v\u00fdrobku, r\u00fdchlu v\u00fdrobu a v\u00fdrobu, r\u00fdchle dodanie a odoslanie, najlep\u0161iu kvalitu a v\u00fdrobn\u00fa cenu bat\u00e9ri\u00ed na mieru!<\/p>\n<p><strong>Pom\u00f4\u017ee v\u00e1m r\u00fdchlo vyu\u017ei\u0165 pr\u00edle\u017eitos\u0165 na trhu s bat\u00e9riami na skladovanie energie!<\/strong><br \/>\nKamada Power v\u00e1m pom\u00f4\u017ee r\u00fdchlo dosiahnu\u0165 diferencovan\u00e9 bat\u00e9riov\u00e9 produkty na mieru, zlep\u0161i\u0165 konkurencieschopnos\u0165 produktov a pom\u00f4c\u0165 v\u00e1m r\u00fdchlo z\u00edska\u0165 ved\u00face postavenie na trhu s bat\u00e9riami na skladovanie energie.<\/p>\n<p>&nbsp;<\/p>\n<h3 style=\"text-align: center;\">Shenzhen Kamada Electronic Co., Ltd<br \/>\nV\u00fdstava Kamada Power<\/h3>\n<p><img loading=\"lazy\" decoding=\"async\" class=\"aligncenter wp-image-1297 size-full\" src=\"http:\/\/www.kmdpower.com\/wp-content\/uploads\/Kamada-Power-Exhibition-Shenzhen-Kamada-Electronic-Co-Ltd.png\" alt=\"V\u00fdstava Kamada Power Shenzhen Kamada Electronic Co Ltd\" width=\"1920\" height=\"841\" \/><\/p>\n<p>&nbsp;<\/p>\n<h3 style=\"text-align: center;\">Certifik\u00e1cia v\u00fdrobcov bat\u00e9ri\u00ed Kamada Power<\/h3>\n<p><img loading=\"lazy\" decoding=\"async\" class=\"aligncenter wp-image-1285 size-full\" src=\"http:\/\/www.kmdpower.com\/wp-content\/uploads\/Kamada-Power-Battery-Certification.png\" alt=\"Certifik\u00e1cia v\u00fdrobcov bat\u00e9ri\u00ed Kamada Power\" width=\"1344\" height=\"462\" \/><\/p>\n<p>&nbsp;<\/p>\n<h3 style=\"text-align: center;\">Kamada Power V\u00fdrobcovia l\u00edtium-i\u00f3nov\u00fdch bat\u00e9ri\u00ed V\u00fdrobn\u00fd proces<\/h3>\n<p><img loading=\"lazy\" decoding=\"async\" class=\"aligncenter wp-image-1323 size-full\" src=\"http:\/\/www.kmdpower.com\/wp-content\/uploads\/Kamada-Power-Lithium-ion-Battery-Manufacturers-Factory-Production-Process-02.jpg\" alt=\"Kamada Power V\u00fdrobcovia l\u00edtium-i\u00f3nov\u00fdch bat\u00e9ri\u00ed V\u00fdrobn\u00fd proces 02\" width=\"1000\" height=\"517\" \/><\/p>\n<p>&nbsp;<\/p>\n<h3 style=\"text-align: center;\">V\u00fdrobcovia bat\u00e9ri\u00ed Kamada Power<\/h3>\n<p><img loading=\"lazy\" decoding=\"async\" class=\"aligncenter wp-image-1324 size-full\" src=\"http:\/\/www.kmdpower.com\/wp-content\/uploads\/Kamada-Power-Lithium-ion-Battery-Manufacturers-Factory-Show.jpg\" alt=\"Kamada Power V\u00fdrobcovia l\u00edtium-i\u00f3nov\u00fdch bat\u00e9ri\u00ed Factory Show\" width=\"1000\" height=\"584\" \/><\/p>\n<p>Kamada Power Battery Factory vyr\u00e1ba v\u0161etky typy oem odm prisp\u00f4soben\u00fdch bat\u00e9ri\u00ed: dom\u00e1ce sol\u00e1rne bat\u00e9rie, bat\u00e9rie pre n\u00edzkor\u00fdchlostn\u00e9 vozidl\u00e1 (golfov\u00e9 bat\u00e9rie, RV bat\u00e9rie, oloven\u00e9 l\u00edtiov\u00e9 bat\u00e9rie, bat\u00e9rie pre elektrick\u00e9 voz\u00edky, bat\u00e9rie pre vysokozdvi\u017en\u00e9 voz\u00edky), lodn\u00e9 bat\u00e9rie, bat\u00e9rie pre v\u00fdletn\u00e9 lode, vysokonap\u00e4\u0165ov\u00e9 bat\u00e9rie, skladan\u00e9 bat\u00e9rie,\u00a0<strong><a title=\"V\u00fdrobcovia sod\u00edkov\u00fdch bat\u00e9ri\u00ed\" href=\"http:\/\/www.kmdpower.com\/sk\/sodium-ion-battery-manufacturers\/\" target=\"_blank\" rel=\"noopener\">Sod\u00edkovo-i\u00f3nov\u00e1 bat\u00e9ria<\/a>,\u00a0<a href=\"http:\/\/www.kmdpower.com\/sk\/commercial-energy-storage-systems\/\" target=\"_blank\" rel=\"noopener\">priemyseln\u00e9 a komer\u010dn\u00e9 syst\u00e9my skladovania energie<\/a><\/strong><\/p>\n<p>&nbsp;<\/p>","protected":false},"excerpt":{"rendered":"<ul>\n<li><strong>Model:<\/strong>\u00a024V 100Ah l\u00edtiov\u00e1 bat\u00e9ria<\/li>\n<li><strong>Cykly \u017eivota:<\/strong>4000 Times<\/li>\n<li><strong>Hmotnos\u0165:<\/strong>\u00a020 KG<\/li>\n<li><strong>Rozmery:<\/strong>\u00a0522*238*218 mm alebo 502*186*243 mm<\/li>\n<li><strong>Certifik\u00e1t:<\/strong>\u00a0CE\/UN38.3\/MSDS<\/li>\n<li><strong>V\u00fdrobcovia bat\u00e9ri\u00ed Lifepo4:<\/strong>\u00a0Kamada Power<\/li>\n<li><strong>Typ bat\u00e9rie:<\/strong>\u00a0Bat\u00e9ria Lifepo4<\/li>\n<li><strong>Z\u00e1kladn\u00e9 funkcie:<\/strong>\u00a0Bluetooth, automatick\u00e9 vyhrievanie, prisp\u00f4soben\u00e1 APP, IP67 (volite\u013en\u00e9)<\/li>\n<li><strong>Podpora bat\u00e9ri\u00ed:<\/strong>\u00a0Ve\u013ekoobchod, OEM.ODM 24V 100Ah Lifepo4 bat\u00e9rie<\/li>\n<li><strong>Z\u00e1ruka:<\/strong>\u00a05 rokov<\/li>\n<li><strong>\u010cas dodania:<\/strong>\u00a07-14 dn\u00ed pre vzorky, 35-60 dn\u00ed pre s\u00e9riov\u00fa v\u00fdrobu<\/li>\n<li><strong>Podpora ve\u013ekoobchodu, distrib\u00fatorov a OEM ODM bat\u00e9ri\u00ed na z\u00e1kazku. Pros\u00edm,\u00a0<a title=\"Kontaktujte spolo\u010dnos\u0165 Kamada Power\" href=\"https:\/\/www.kmdpower.com\/sk\/contact-us\/\" target=\"_blank\" rel=\"noopener\">Kontaktujte n\u00e1s<\/a>!<\/strong><\/li>\n<\/ul>","protected":false},"featured_media":1202,"template":"","meta":{"rank_math_lock_modified_date":false,"_kad_post_transparent":"default","_kad_post_title":"","_kad_post_layout":"default","_kad_post_sidebar_id":"","_kad_post_content_style":"default","_kad_post_vertical_padding":"default","_kad_post_feature":"","_kad_post_feature_position":"","_kad_post_header":false,"_kad_post_footer":false},"product_cat":[17,30],"product_tag":[108,109,111,134,149,150,151,152,160,161,162,163,164,165,166,167,168,172,173,228,230,250,251,252,253,257,258,259,260,261,262,269,270,271,272,273,274,275,276,277,278,279,280,281,282,283,285,321,322,368,369,370,371,372,373,374,375,376,377,378,379,380,381,382,383,386,387,412,415,417,419,457,458,58,73,602,612,613,614,615,617,618,619,620,621,622,50,627,631,632,633,634,635,636,637,663,664,677,680,681,694,700,701,702,707,729,733,741,796,797,798,799,800,801,802,803,804,805,806,807,808,809,813,814],"class_list":{"0":"post-2214","1":"product","2":"type-product","3":"status-publish","4":"has-post-thumbnail","6":"product_cat-home-energy-storage-system","7":"product_cat-12v-lifepo4-battery","8":"product_tag-10s2p","9":"product_tag-10s2p-battery","10":"product_tag-10s2p-battery-pack","11":"product_tag-13ah","12":"product_tag-20ah-48v-battery","13":"product_tag-20ah-48v-lithium-battery","14":"product_tag-20ah-battery-pack","15":"product_tag-20ah-lithium-ion-battery","16":"product_tag-24v-10ah-battery","17":"product_tag-24v-10ah-battery-pack","18":"product_tag-24v-10ah-lithium-batterie","19":"product_tag-24v-10ah-lithium-battery","20":"product_tag-24v-10ah-lithium-ion-battery","21":"product_tag-24v-10ah-lithium-ion-battery-pack","22":"product_tag-24v-20ah-lithium-ion-battery","23":"product_tag-24v-lithium-ion-battery-odm","24":"product_tag-24v-lithium-solar-battery","25":"product_tag-25v-battery","26":"product_tag-25v-lithium-ion-battery","27":"product_tag-48-volt-10ah-lithium-ion-battery","28":"product_tag-48-volt-20ah-lithium-battery","29":"product_tag-48v-10ah","30":"product_tag-48v-10ah-battery","31":"product_tag-48v-10ah-lithium-battery","32":"product_tag-48v-10ah-lithium-ion-battery","33":"product_tag-48v-13ah","34":"product_tag-48v-13ah-battery-pack-supplier","35":"product_tag-48v-14ah-battery","36":"product_tag-48v-14ah-lithium-ion-battery","37":"product_tag-48v-17ah","38":"product_tag-48v-17ah-battery","39":"product_tag-48v-20ah","40":"product_tag-48v-20ah-battery","41":"product_tag-48v-20ah-battery-uk","42":"product_tag-48v-20ah-lifepo4","43":"product_tag-48v-20ah-lifepo4-battery","44":"product_tag-48v-20ah-lifepo4-battery-pack","45":"product_tag-48v-20ah-lithium-battery","46":"product_tag-48v-20ah-lithium-battery-pack","47":"product_tag-48v-20ah-lithium-ion-battery","48":"product_tag-48v-20ah-lithium-ion-battery-pack","49":"product_tag-48v-20ah-lithium-ion-battery-price","50":"product_tag-48v-40ah-lifepo4-battery","51":"product_tag-48v-50ah-lithium-ion-battery","52":"product_tag-48v-8ah","53":"product_tag-48v-8ah-lithium-battery","54":"product_tag-48v-battery-20ah","55":"product_tag-4s2p-lifepo4-battery","56":"product_tag-4s2p-lifepo4-battery-pack","57":"product_tag-72v-100ah-battery","58":"product_tag-72v-100ah-lifepo4-battery-pack","59":"product_tag-72v-100ah-lithium-battery","60":"product_tag-72v-100ah-lithium-battery-pack","61":"product_tag-72v-100ah-lithium-ion-battery-pack","62":"product_tag-72v-100ah-lithium-ion-battery-pack-price","63":"product_tag-72v-40ah","64":"product_tag-72v-40ah-battery","65":"product_tag-72v-40ah-lifepo4-battery-pack","66":"product_tag-72v-40ah-lithium-battery","67":"product_tag-72v-50ah-lithium-battery-pack","68":"product_tag-72v-lifepo4","69":"product_tag-72v-lifepo4-battery","70":"product_tag-72v-lifepo4-battery-pack","71":"product_tag-72v-lithium-phosphate-battery","72":"product_tag-72v40ah-lithium-battery","73":"product_tag-8ah-lithium-battery","74":"product_tag-8ah-lithium-ion-battery","75":"product_tag-battery-24v-10ah","76":"product_tag-battery-48v-10ah","77":"product_tag-battery-48v-20ah","78":"product_tag-battery-72v-40ah","79":"product_tag-china-lithium-ion-motorcycle-battery-customized","80":"product_tag-china-lithium-ion-motorcycle-battery-odm","81":"product_tag-lifepo4-100ah","82":"product_tag-lifepo4-24v","83":"product_tag-lifepo4-30ah","84":"product_tag-lifepo4-48v-20ah","85":"product_tag-lifepo4-48v-40ah","86":"product_tag-lifepo4-48v-60ah","87":"product_tag-lifepo4-48v-battery-pack","88":"product_tag-lifepo4-60v","89":"product_tag-lifepo4-60v-20ah","90":"product_tag-lifepo4-60v-50ah","91":"product_tag-lifepo4-72v","92":"product_tag-lifepo4-72v-100ah","93":"product_tag-lifepo4-72v-40ah","94":"product_tag-lifepo4-battery","95":"product_tag-lifepo4-battery-24v-20ah","96":"product_tag-lifepo4-battery-48v-20ah","97":"product_tag-lifepo4-battery-48v-40ah","98":"product_tag-lifepo4-battery-48v-60ah","99":"product_tag-lifepo4-battery-60ah","100":"product_tag-lifepo4-battery-60v","101":"product_tag-lifepo4-battery-72v","102":"product_tag-lifepo4-battery-72v-100ah","103":"product_tag-lithium-24v-100ah","104":"product_tag-lithium-24v-200ah","105":"product_tag-lithium-battery-24v-200ah","106":"product_tag-lithium-battery-48v-20ah","107":"product_tag-lithium-battery-60ah","108":"product_tag-lithium-ion-24v","109":"product_tag-lithium-ion-battery-24v-100ah","110":"product_tag-lithium-ion-battery-24v-10ah","111":"product_tag-lithium-ion-battery-24v-200ah","112":"product_tag-lithium-ion-battery-60v-100ah","113":"product_tag-lithium-iron-phosphate-battery-72v","114":"product_tag-lithium-phosphate-battery-72v","115":"product_tag-lithium-solar-batteries-24v","116":"product_tag-odm-22v-lithium-ionen-batterie","117":"product_tag-odm-24-volt-lifepo4","118":"product_tag-odm-24-volt-lifepo4-battery","119":"product_tag-odm-24v-100ah","120":"product_tag-odm-24v-100ah-lifepo4","121":"product_tag-odm-24v-200ah-lifepo4-battery","122":"product_tag-odm-24v-200ah-lifepo4-battery-manufacturer","123":"product_tag-odm-24v-200ah-lifepo4-battery-supplier","124":"product_tag-odm-24v-50ah-lifepo4-manufacturer","125":"product_tag-odm-24v-50ah-lithium-ion-battery","126":"product_tag-odm-24v-lifepo4-battery","127":"product_tag-odm-24v-lithium-battery-charger-customized","128":"product_tag-odm-24v-lithium-ion-battery-customized","129":"product_tag-odm-24v-lithium-ion-battery-manufacturer","130":"product_tag-odm-50-ah-lifepo4","131":"product_tag-odm-50-ah-lifepo4-manufacturer","133":"first","134":"instock","135":"shipping-taxable","136":"product-type-simple","137":"entry","138":"content-bg","139":"loop-entry"},"_links":{"self":[{"href":"https:\/\/www.kmdpower.com\/sk\/wp-json\/wp\/v2\/product\/2214","targetHints":{"allow":["GET"]}}],"collection":[{"href":"https:\/\/www.kmdpower.com\/sk\/wp-json\/wp\/v2\/product"}],"about":[{"href":"https:\/\/www.kmdpower.com\/sk\/wp-json\/wp\/v2\/types\/product"}],"version-history":[{"count":4,"href":"https:\/\/www.kmdpower.com\/sk\/wp-json\/wp\/v2\/product\/2214\/revisions"}],"predecessor-version":[{"id":3962,"href":"https:\/\/www.kmdpower.com\/sk\/wp-json\/wp\/v2\/product\/2214\/revisions\/3962"}],"wp:featuredmedia":[{"embeddable":true,"href":"https:\/\/www.kmdpower.com\/sk\/wp-json\/wp\/v2\/media\/1202"}],"wp:attachment":[{"href":"https:\/\/www.kmdpower.com\/sk\/wp-json\/wp\/v2\/media?parent=2214"}],"wp:term":[{"taxonomy":"product_cat","embeddable":true,"href":"https:\/\/www.kmdpower.com\/sk\/wp-json\/wp\/v2\/product_cat?post=2214"},{"taxonomy":"product_tag","embeddable":true,"href":"https:\/\/www.kmdpower.com\/sk\/wp-json\/wp\/v2\/product_tag?post=2214"}],"curies":[{"name":"wp","href":"https:\/\/api.w.org\/{rel}","templated":true}]}}