{"id":2072,"date":"2024-10-10T06:07:06","date_gmt":"2024-10-10T06:07:06","guid":{"rendered":"http:\/\/www.kmdpower.com\/?post_type=product&#038;p=2072"},"modified":"2025-02-11T03:06:23","modified_gmt":"2025-02-11T03:06:23","slug":"48v-200ah-10kwh-home-energy-storage-lifepo4-battery-product","status":"publish","type":"product","link":"https:\/\/www.kmdpower.com\/sk\/48v-200ah-10kwh-home-energy-storage-lifepo4-battery-product\/","title":{"rendered":"48V 200ah 10Kwh bat\u00e9ria Lifepo4 pre dom\u00e1ce skladovanie energie"},"content":{"rendered":"<p><a href=\"https:\/\/www.kmdpower.com\/sk\/contact-us\/\"><img fetchpriority=\"high\" decoding=\"async\" class=\"aligncenter\" src=\"http:\/\/www.kmdpower.com\/wp-content\/uploads\/Contact-US-Kamada-Power-Shenzhen-Kamada-Electronic-Co-Ltd.jpg\" alt=\"\" width=\"1000\" height=\"200\" \/><\/a><\/p>\n<p><img decoding=\"async\" class=\"aligncenter wp-image-1148 size-full\" src=\"http:\/\/www.kmdpower.com\/wp-content\/uploads\/Kamada-Power-5kWh-Powerwall-Battery-Simple-Version-01.jpg\" alt=\"Kamada Power 5kWh 10kwh bat\u00e9ria Powerwall Jednoduch\u00e1 verzia 01\" width=\"1000\" height=\"435\" \/><\/p>\n<h3 style=\"text-align: center;\">Kamada Power 48V 200Ah 10Kwh Dom\u00e1ce skladovanie energie Lifepo4 Bat\u00e9ria Jednoduch\u00e1 verzia Vlastnosti<\/h3>\n<p><img decoding=\"async\" class=\"aligncenter wp-image-1333 size-full\" src=\"http:\/\/www.kmdpower.com\/wp-content\/uploads\/kamada-power-powerwall-sample-version-feature-001.jpg\" alt=\"Kamada power powerwall sample version feature 001\" width=\"1000\" height=\"774\" \/><\/p>\n<h3 style=\"text-align: center;\">Funkcia ekvaliz\u00e1cie\uff08Akt\u00edvne alebo pas\u00edvne volite\u013en\u00e9)<\/h3>\n<p>&nbsp;<\/p>\n<p><img loading=\"lazy\" decoding=\"async\" class=\"aligncenter wp-image-978 size-full\" src=\"http:\/\/www.kmdpower.com\/wp-content\/uploads\/Active-Equalization-Function-and-Active-Passive-Optional-0.png\" alt=\"Akt\u00edvna funkcia ekvaliz\u00e1cie a akt\u00edvna pas\u00edvna volite\u013en\u00e1 funkcia 0\" width=\"1000\" height=\"246\" \/><\/p>\n<div>\n<div>\n<div>\n<p>&nbsp;<\/p>\n<\/div>\n<\/div>\n<\/div>\n<div>\n<div>\n<div>\n<h3 style=\"text-align: center;\">Najd\u00f4le\u017eitej\u0161ie inform\u00e1cie o produkte<\/h3>\n<p><strong>Funkcia vlastn\u00e9ho vyhrievania<\/strong><br \/>\nTeplota spustenia ohrevu \u22640 \u2103, teplota zastavenia ohrevu \u22655 \u2103. Funkcia samoohrevu v bytov\u00fdch bat\u00e9ri\u00e1ch \u00fa\u010dinne rie\u0161i probl\u00e9m zhor\u0161enia v\u00fdkonu v chladnom po\u010das\u00ed, \u010d\u00edm zabezpe\u010duje spo\u013eahliv\u00fa prev\u00e1dzku a pred\u013a\u017een\u00fa \u017eivotnos\u0165 aj v drsn\u00fdch klimatick\u00fdch podmienkach, \u010d\u00edm zni\u017euje n\u00e1klady na \u00fadr\u017ebu a zvy\u0161uje celkov\u00fa \u00fa\u010dinnos\u0165 skladovania energie.<\/p>\n<p><strong>Podpora pre protokoly zvolen\u00e9 pod\u013ea vlastn\u00e9ho uv\u00e1\u017eenia<\/strong><\/p>\n<p>jednoduch\u00e1 a r\u00fdchla integr\u00e1cia meni\u010dov.<\/p>\n<p><strong>Monitorovanie Bluetooth v re\u00e1lnom \u010dase prostredn\u00edctvom aplik\u00e1cie<\/strong><br \/>\nMonitorovanie Bluetooth v re\u00e1lnom \u010dase prostredn\u00edctvom aplik\u00e1cie pre dom\u00e1cu bat\u00e9riu rie\u0161i bolestiv\u00fd probl\u00e9m obmedzen\u00e9ho preh\u013eadu a kontroly nad spotrebou energie a pon\u00faka v\u00e1m pohodln\u00fd a okam\u017eit\u00fd pr\u00edstup k optimaliz\u00e1cii spotreby energie a \u00fa\u010dinnosti skladovania.<\/p>\n<p><strong>Bat\u00e9ria LiFePO4<\/strong><br \/>\n6000 cyklov Dlh\u00e1 \u017eivotnos\u0165, n\u00edzka hmotnos\u0165, vy\u0161\u0161ia kapacita, \u017eiadna \u00fadr\u017eba<\/p>\n<p><strong>Modul\u00e1rny dizajn Plug and Play<\/strong><br \/>\nKon\u0161trukcia zapojenia smerom nahor v modul\u00e1rnej bat\u00e9rii plug-and-play pre obytn\u00e9 budovy zjednodu\u0161uje in\u0161tal\u00e1ciu, \u010d\u00edm \u0161etr\u00ed v\u00e1\u0161 \u010das a n\u00e1mahu. Zabezpe\u010duje r\u00fdchle nastavenie a bezprobl\u00e9mov\u00fa integr\u00e1ciu, \u010d\u00edm zvy\u0161uje pohodlie a prev\u00e1dzkov\u00fa efekt\u00edvnos\u0165.<\/p>\n<p><strong>Spojenie DC alebo AC, v sieti alebo mimo nej<\/strong><br \/>\nSpojenie jednosmern\u00e9ho alebo striedav\u00e9ho pr\u00fadu pre obytn\u00e9 bat\u00e9rie rie\u0161i va\u0161e potreby v oblasti riadenia energie a spo\u013eahliv\u00e9ho z\u00e1lo\u017en\u00e9ho nap\u00e1jania, \u010di u\u017e v sieti alebo mimo nej, \u010d\u00edm zvy\u0161uje energetick\u00fa nez\u00e1vislos\u0165 a spo\u013eahlivos\u0165.<\/p>\n<p><strong>Paraleln\u00e9<\/strong><br \/>\nDom\u00e1ca bat\u00e9ria kamada power 10kwh powewall podporuje 16 paraleln\u00fdch pripojen\u00ed, \u010d\u00edm sp\u013a\u0148a potreby r\u00f4znych aplik\u00e1ci\u00ed s flexibiln\u00fdmi a \u0161k\u00e1lovate\u013en\u00fdmi konfigur\u00e1ciami na optimaliz\u00e1ciu v\u00fdkonu a n\u00e1kladovej efekt\u00edvnosti rie\u0161en\u00ed na skladovanie energie.<\/p>\n<p>&nbsp;<\/p>\n<\/div>\n<\/div>\n<\/div>\n<p>&nbsp;<\/p>\n<h3 style=\"text-align: center;\">Spo\u013eahliv\u00fd syst\u00e9m BMS Ultra Saftey<\/h3>\n<p><img loading=\"lazy\" decoding=\"async\" class=\"aligncenter wp-image-1283 size-full\" src=\"http:\/\/www.kmdpower.com\/wp-content\/uploads\/Kamada-Power-Battery-BMS.jpg\" alt=\"Kamada Power Battery BMS\" width=\"1000\" height=\"401\" \/><\/p>\n<div>\n<p>Syst\u00e9m BMS bat\u00e9rie Kamada Power Powerwall zabezpe\u010duje bezpe\u010dn\u00fa prev\u00e1dzku pri extr\u00e9mnych teplot\u00e1ch, zabra\u0148uje preb\u00edjaniu a nadmern\u00e9mu vyb\u00edjaniu, predl\u017euje \u017eivotnos\u0165 bat\u00e9rie a poskytuje spo\u013eahliv\u00fd v\u00fdkon s efekt\u00edvnym nab\u00edjan\u00edm a vyb\u00edjan\u00edm. Obsahuje aj nadpr\u00fadov\u00fa a skratov\u00fa ochranu pre bezpe\u010dnos\u0165 syst\u00e9mu a pon\u00faka pou\u017e\u00edvate\u013eom mo\u017enosti akt\u00edvneho alebo pas\u00edvneho vyva\u017eovania na optimaliz\u00e1ciu v\u00fdkonu bat\u00e9rie a energetickej \u00fa\u010dinnosti.<\/p>\n<\/div>\n<p>&nbsp;<\/p>\n<h3 style=\"text-align: center;\">Kamada Power Powerwall bat\u00e9ria 5kwh 10kwh (ve\u013ekos\u0165 hmotnos\u0165)<\/h3>\n<p><img loading=\"lazy\" decoding=\"async\" class=\"aligncenter wp-image-1150 size-full\" src=\"http:\/\/www.kmdpower.com\/wp-content\/uploads\/Kamada-Power-5kWh-Powerwall-Battery-Simple-Version-03.jpg\" alt=\"Kamada Power 5kWh 10kwh bat\u00e9ria Powerwall Jednoduch\u00e1 verzia 03\" width=\"1000\" height=\"611\" \/><\/p>\n<p>&nbsp;<\/p>\n<h3 style=\"text-align: center;\">Kompatibiln\u00fd s bat\u00e9riov\u00fdm meni\u010dom Kamada Power<\/h3>\n<p style=\"text-align: center;\">Kompatibiln\u00fd s 91% meni\u010dmi na trhu<\/p>\n<p><img loading=\"lazy\" decoding=\"async\" class=\"aligncenter wp-image-1288 size-full\" src=\"http:\/\/www.kmdpower.com\/wp-content\/uploads\/Kamada-Power-Battery-Inverter-Compatible-X01.jpg\" alt=\"Kamada Nap\u00e1jac\u00ed meni\u010d bat\u00e9ri\u00ed Kompatibiln\u00fd X01\" width=\"1000\" height=\"552\" \/><\/p>\n<p style=\"text-align: center;\"><strong>Produkty Kamada Power Battery s\u00fa kompatibiln\u00e9 s 91% zna\u010diek meni\u010dov na trhu<\/strong><\/p>\n<p>SMA, SRNE, IMEON ENGERGY, ZUCCHETTI, Ingeteam, AiSWEI, victron energy, must, moixa, megarevo, deye, growatt, studer, selectronic, voltronic power, sofar solar, sermatec, gmde, effekta, westernco, sungrow, luxpower, morningstar, delios, sungrow, luxpower, zna\u010dky meni\u010dov. voltronic power,sofar solar,sermatec,gmde,effekta,westernco,sungrow,luxpower,morningstar,delios,sunosynk,aeca,saj,solarmax,redback. invt,goodwe,solis,mlt,livoltek,eneiqy,solaxpower,opti-solar,kehua tech.<strong>Ni\u017e\u0161ie je uveden\u00fd len \u010diasto\u010dn\u00fd zoznam zna\u010diek meni\u010dov<\/strong>)<\/p>\n<p>&nbsp;<\/p>\n<h3 style=\"text-align: center;\">Sch\u00e9ma pripojenia bat\u00e9rie Kamada Power Powerwall<\/h3>\n<p><img loading=\"lazy\" decoding=\"async\" class=\"aligncenter wp-image-1151 size-full\" src=\"http:\/\/www.kmdpower.com\/wp-content\/uploads\/Kamada-Power-5kWh-Powerwall-Battery-Simple-Version-04.jpg\" alt=\"Kamada Power 5kWh 10kwh bat\u00e9ria Powerwall Jednoduch\u00e1 verzia 04\" width=\"1000\" height=\"529\" \/><\/p>\n<p>&nbsp;<\/p>\n<h3 style=\"text-align: center;\">Scen\u00e1r aplik\u00e1cie bat\u00e9rie Kamada Power Powerwall Home<\/h3>\n<div data-node=\"66bb1ada9ec32\" data-animation-delay=\"0.0\"><img loading=\"lazy\" decoding=\"async\" class=\"aligncenter wp-image-1354 size-full\" src=\"http:\/\/www.kmdpower.com\/wp-content\/uploads\/kamada-powerwall-battery-application-scenario-.jpg\" alt=\"scen\u00e1r aplik\u00e1cie bat\u00e9rie kamada powerwall\" width=\"1000\" height=\"462\" \/><\/div>\n<p>&nbsp;<\/p>\n<p><strong>Kamada Power Powerwall Home Battery Mo\u017eno pou\u017ei\u0165 v nasleduj\u00facich scen\u00e1roch pou\u017eitia:<\/strong><\/p>\n<p><strong>Slne\u010dn\u00e1 s\u00fastava:<\/strong>\u00a0Uchov\u00e1vajte sol\u00e1rnu energiu pre konzistentn\u00e9 nap\u00e1janie vo dne aj v noci.<br \/>\n<strong>Cestovanie karavanom:<\/strong>\u00a0Poskytn\u00fa\u0165 prenosn\u00e9 skladovanie energie na cesty.<br \/>\n<strong>Lo\u010f \/ n\u00e1morn\u00e1 doprava:<\/strong>\u00a0Zabezpe\u010dte nepretr\u017eit\u00e9 nap\u00e1janie po\u010das plavby alebo kotvenia.<br \/>\n<strong>Mimo siete:<\/strong>\u00a0Zosta\u0148te v spojen\u00ed so spo\u013eahliv\u00fdm z\u00e1lo\u017en\u00fdm nap\u00e1jan\u00edm na vzdialen\u00fdch miestach.<\/p>\n<p>&nbsp;<\/p>\n<h3 style=\"text-align: center;\">Pre\u010do si vybra\u0165 Kamada Power OEM ODM va\u0161e bat\u00e9riov\u00e9 produkty?<\/h3>\n<p><strong>Nemus\u00edte sa ob\u00e1va\u0165 t\u00fdchto probl\u00e9mov s vlastnou bat\u00e9riou!<\/strong><br \/>\nNeschopnos\u0165 splni\u0165 va\u0161e po\u017eiadavky na vlastn\u00e9 bat\u00e9rie, dlh\u00e1 doba v\u00fdroby, pomal\u00e1 dodacia lehota, neefekt\u00edvna komunik\u00e1cia, \u017eiadna z\u00e1ruka kvality, nekonkuren\u010dn\u00e1 cena v\u00fdrobkov a zl\u00e9 sk\u00fasenosti so slu\u017ebami s\u00fa tieto probl\u00e9my!<\/p>\n<p><strong>Sila profesionality!<\/strong><br \/>\nObsl\u00fa\u017eili sme tis\u00edce z\u00e1kazn\u00edkov z r\u00f4znych odvetv\u00ed a prisp\u00f4sobili sme tis\u00edce bat\u00e9riov\u00fdch produktov! Pozn\u00e1me d\u00f4le\u017eitos\u0165 h\u013abkovej komunik\u00e1cie potrieb, pozn\u00e1me bat\u00e9riov\u00e9 v\u00fdrobky od n\u00e1vrhu a\u017e po s\u00e9riov\u00fa v\u00fdrobu r\u00f4znych technick\u00fdch v\u00fdziev a probl\u00e9mov a vieme, ako tieto probl\u00e9my r\u00fdchlo a efekt\u00edvne rie\u0161i\u0165!<\/p>\n<p><strong>Vyv\u00edjajte efekt\u00edvne rie\u0161enia bat\u00e9ri\u00ed na mieru!<\/strong><br \/>\nV reakcii na va\u0161e vlastn\u00e9 potreby v oblasti bat\u00e9ri\u00ed v\u00e1m \u0161peci\u00e1lne pridel\u00edme projektov\u00fd t\u00edm pre technol\u00f3giu bat\u00e9ri\u00ed, ktor\u00fd v\u00e1m poskytne slu\u017eby 1:1. H\u013abkovo s vami komunikujeme o odvetv\u00ed, scen\u00e1roch, po\u017eiadavk\u00e1ch, bolestiv\u00fdch miestach, v\u00fdkone, funk\u010dnosti a vyv\u00edjame vlastn\u00e9 rie\u0161enia bat\u00e9ri\u00ed.<\/p>\n<p><strong>R\u00fdchle dodanie z\u00e1kazkovej v\u00fdroby bat\u00e9ri\u00ed!<\/strong><br \/>\nSme agiln\u00ed a r\u00fdchli, aby sme v\u00e1m pomohli dosiahnu\u0165 od n\u00e1vrhu bat\u00e9ri\u00ed, cez odber vzoriek bat\u00e9ri\u00ed a\u017e po ich s\u00e9riov\u00fa v\u00fdrobu. Dosiahnite r\u00fdchly n\u00e1vrh v\u00fdrobku, r\u00fdchlu v\u00fdrobu a v\u00fdrobu, r\u00fdchle dodanie a odoslanie, najlep\u0161iu kvalitu a v\u00fdrobn\u00fa cenu bat\u00e9ri\u00ed na mieru!<\/p>\n<p><strong>Pom\u00f4\u017ee v\u00e1m r\u00fdchlo vyu\u017ei\u0165 pr\u00edle\u017eitos\u0165 na trhu s bat\u00e9riami na skladovanie energie!<\/strong><br \/>\nKamada Power v\u00e1m pom\u00f4\u017ee r\u00fdchlo dosiahnu\u0165 diferencovan\u00e9 bat\u00e9riov\u00e9 produkty na mieru, zlep\u0161i\u0165 konkurencieschopnos\u0165 produktov a pom\u00f4c\u0165 v\u00e1m r\u00fdchlo z\u00edska\u0165 ved\u00face postavenie na trhu s bat\u00e9riami na skladovanie energie.<\/p>\n<p>&nbsp;<\/p>\n<h3 style=\"text-align: center;\">Shenzhen Kamada Electronic Co., Ltd<br \/>\nV\u00fdstava Kamada Power<\/h3>\n<p><img loading=\"lazy\" decoding=\"async\" class=\"aligncenter wp-image-1297 size-full\" src=\"http:\/\/www.kmdpower.com\/wp-content\/uploads\/Kamada-Power-Exhibition-Shenzhen-Kamada-Electronic-Co-Ltd.png\" alt=\"V\u00fdstava Kamada Power Shenzhen Kamada Electronic Co Ltd\" width=\"1920\" height=\"841\" \/><\/p>\n<p>&nbsp;<\/p>\n<h3 style=\"text-align: center;\">Certifik\u00e1cia v\u00fdrobcov bat\u00e9ri\u00ed Kamada Power<\/h3>\n<p><img loading=\"lazy\" decoding=\"async\" class=\"aligncenter wp-image-1285 size-full\" src=\"http:\/\/www.kmdpower.com\/wp-content\/uploads\/Kamada-Power-Battery-Certification.png\" alt=\"Certifik\u00e1cia v\u00fdrobcov bat\u00e9ri\u00ed Kamada Power\" width=\"1344\" height=\"462\" \/><\/p>\n<p>&nbsp;<\/p>\n<h3 style=\"text-align: center;\">Kamada Power Battery V\u00fdrobcovia Factory V\u00fdrobn\u00fd proces<\/h3>\n<p><img loading=\"lazy\" decoding=\"async\" class=\"aligncenter wp-image-1323 size-full\" src=\"http:\/\/www.kmdpower.com\/wp-content\/uploads\/Kamada-Power-Lithium-ion-Battery-Manufacturers-Factory-Production-Process-02.jpg\" alt=\"Kamada Power V\u00fdrobcovia l\u00edtium-i\u00f3nov\u00fdch bat\u00e9ri\u00ed V\u00fdrobn\u00fd proces 02\" width=\"1000\" height=\"517\" \/><\/p>\n<p>&nbsp;<\/p>\n<h3 style=\"text-align: center;\">V\u00fdrobcovia bat\u00e9ri\u00ed Kamada Power<\/h3>\n<p><img loading=\"lazy\" decoding=\"async\" class=\"aligncenter wp-image-1324 size-full\" src=\"http:\/\/www.kmdpower.com\/wp-content\/uploads\/Kamada-Power-Lithium-ion-Battery-Manufacturers-Factory-Show.jpg\" alt=\"Kamada Power V\u00fdrobcovia l\u00edtium-i\u00f3nov\u00fdch bat\u00e9ri\u00ed Factory Show\" width=\"1000\" height=\"584\" \/><\/p>\n<p>Kamada Power Battery Factory vyr\u00e1ba v\u0161etky typy oem odm prisp\u00f4soben\u00fdch bat\u00e9ri\u00ed: dom\u00e1ce sol\u00e1rne bat\u00e9rie, bat\u00e9rie pre n\u00edzkor\u00fdchlostn\u00e9 vozidl\u00e1 (golfov\u00e9 bat\u00e9rie, RV bat\u00e9rie, oloven\u00e9 l\u00edtiov\u00e9 bat\u00e9rie, bat\u00e9rie pre elektrick\u00e9 voz\u00edky, bat\u00e9rie pre vysokozdvi\u017en\u00e9 voz\u00edky), lodn\u00e9 bat\u00e9rie, bat\u00e9rie pre v\u00fdletn\u00e9 lode, vysokonap\u00e4\u0165ov\u00e9 bat\u00e9rie, skladan\u00e9 bat\u00e9rie,\u00a0<strong><a title=\"V\u00fdrobcovia sod\u00edkov\u00fdch bat\u00e9ri\u00ed\" href=\"http:\/\/www.kmdpower.com\/sk\/sodium-ion-battery-manufacturers\/\" target=\"_blank\" rel=\"noopener\">Sod\u00edkovo-i\u00f3nov\u00e1 bat\u00e9ria<\/a>,\u00a0<a href=\"http:\/\/www.kmdpower.com\/sk\/commercial-energy-storage-systems\/\" target=\"_blank\" rel=\"noopener\">priemyseln\u00e9 a komer\u010dn\u00e9 syst\u00e9my skladovania energie<\/a><\/strong><\/p>\n<p>&nbsp;<\/p>","protected":false},"excerpt":{"rendered":"<ul>\n<li><strong>Model:<\/strong>\u00a048V 200ah 10Kwh bat\u00e9ria Lifepo4 pre dom\u00e1ce skladovanie energie<\/li>\n<li><strong>\u017divotnos\u0165 cyklu:<\/strong>\u00a06000 kr\u00e1t<\/li>\n<li><strong>Hmotnos\u0165:<\/strong>\u00a089KGS<\/li>\n<li><strong>Rozmery:<\/strong>\u00a0547*471*248 mm<\/li>\n<li><strong>Certifik\u00e1t:<\/strong>\u00a0CE\/UN38.3\/MSDS<\/li>\n<li><strong>V\u00fdrobcovia bat\u00e9ri\u00ed Powerwall Home:<\/strong>\u00a0Kamada Power<\/li>\n<li><strong>Typ bat\u00e9rie:<\/strong>\u00a0Bat\u00e9ria LiFePO4<\/li>\n<li><strong>Z\u00e1kladn\u00e9 funkcie:<\/strong>\u00a0Bluetooth, Wifi, automatick\u00e9 vyhrievanie, prisp\u00f4soben\u00e1 APP (volite\u013en\u00e1)<\/li>\n<li><strong>Podpora bat\u00e9ri\u00ed:<\/strong>\u00a0Ve\u013ekoobchod, OEM.ODM Power Wall Mounted Home Solar Battery<\/li>\n<li><strong>Z\u00e1ruka:<\/strong>\u00a010 rokov<\/li>\n<li><strong>\u010cas dodania:<\/strong>\u00a07-14 dn\u00ed pre vzorky, 35-60 dn\u00ed pre s\u00e9riov\u00fa v\u00fdrobu<\/li>\n<li><strong>Podpora ve\u013ekoobchodu, distrib\u00fatorov a OEM ODM bat\u00e9ri\u00ed na z\u00e1kazku. Pros\u00edm,\u00a0<a title=\"Kontaktujte spolo\u010dnos\u0165 Kamada Power\" href=\"https:\/\/www.kmdpower.com\/sk\/contact-us\/\" target=\"_blank\" rel=\"noopener\">Kontaktujte n\u00e1s<\/a>!<\/strong><\/li>\n<\/ul>","protected":false},"featured_media":1568,"template":"","meta":{"rank_math_lock_modified_date":false,"_kad_post_transparent":"default","_kad_post_title":"","_kad_post_layout":"default","_kad_post_sidebar_id":"","_kad_post_content_style":"default","_kad_post_vertical_padding":"default","_kad_post_feature":"","_kad_post_feature_position":"","_kad_post_header":false,"_kad_post_footer":false},"product_cat":[17,23],"product_tag":[85,86,87,88,89,93,94,95,96,97,98,99,100,101,102,103,104,105,106,55,107,268,487,514,521,48,596,49,50,676,756,757,830,831,904,943,944,945,56,1108,1109,1110,1130,1131,1132,1133],"class_list":{"0":"post-2072","1":"product","2":"type-product","3":"status-publish","4":"has-post-thumbnail","6":"product_cat-home-energy-storage-system","7":"product_cat-power-wall","8":"product_tag-10-kw-lithium-battery","9":"product_tag-10-kw-lithium-battery-pack","10":"product_tag-10-kw-solar-battery","11":"product_tag-10-kwh-lithium-battery","12":"product_tag-10-kwh-lithium-ion-battery","13":"product_tag-10kw-battery","14":"product_tag-10kw-battery-pack","15":"product_tag-10kw-home-battery","16":"product_tag-10kw-lifepo4-battery","17":"product_tag-10kw-lithium-battery","18":"product_tag-10kw-lithium-ion-battery","19":"product_tag-10kw-powerwall","20":"product_tag-10kw-solar-battery","21":"product_tag-10kwh-48v-lifepo4","22":"product_tag-10kwh-48v-lifepo4-manufacturer","23":"product_tag-10kwh-51-2-v-200ah-lifepo4-lithium-battery","24":"product_tag-10kwh-lifepo4-battery","25":"product_tag-10kwh-lithium-battery","26":"product_tag-10kwh-lithium-battery-48v","27":"product_tag-10kwh-powerwall","28":"product_tag-10kwh-solar-battery","29":"product_tag-48v-200ah-to-kwh","30":"product_tag-customized-10kwh-lifepo4-battery","31":"product_tag-customized-lifepo4-10kwh","32":"product_tag-customized-lithium-ion-battery-10kwh","33":"product_tag-home-battery","34":"product_tag-lifepo4-10kwh","35":"product_tag-lifepo4-200ah","36":"product_tag-lifepo4-battery","37":"product_tag-lithium-battery-10-kwh","38":"product_tag-odm-10kwh-lifepo4-battery-manufacturer","39":"product_tag-odm-10kwh-lifepo4-battery-supplier","40":"product_tag-odm-lifepo4-10kwh-manufacturer","41":"product_tag-odm-lifepo4-10kwh-supplier","42":"product_tag-oem-10kwh-lifepo4-battery-manufacturer","43":"product_tag-oem-lifepo4-10kwh","44":"product_tag-oem-lifepo4-10kwh-manufacturer","45":"product_tag-oem-lifepo4-10kwh-supplier","46":"product_tag-powerwall","47":"product_tag-wholesale-10kw-lithium-ion-battery-manufacturer","48":"product_tag-wholesale-13kw-solar-battery-factories","49":"product_tag-wholesale-13kw-solar-battery-manufacturers","50":"product_tag-wholesale-lifepo4-10kwh-factories","51":"product_tag-wholesale-lifepo4-10kwh-factory","52":"product_tag-wholesale-lifepo4-10kwh-manufacturers","53":"product_tag-wholesale-lifepo4-10kwh-suppliers","55":"first","56":"instock","57":"featured","58":"shipping-taxable","59":"product-type-simple","60":"entry","61":"content-bg","62":"loop-entry"},"_links":{"self":[{"href":"https:\/\/www.kmdpower.com\/sk\/wp-json\/wp\/v2\/product\/2072","targetHints":{"allow":["GET"]}}],"collection":[{"href":"https:\/\/www.kmdpower.com\/sk\/wp-json\/wp\/v2\/product"}],"about":[{"href":"https:\/\/www.kmdpower.com\/sk\/wp-json\/wp\/v2\/types\/product"}],"version-history":[{"count":4,"href":"https:\/\/www.kmdpower.com\/sk\/wp-json\/wp\/v2\/product\/2072\/revisions"}],"predecessor-version":[{"id":4013,"href":"https:\/\/www.kmdpower.com\/sk\/wp-json\/wp\/v2\/product\/2072\/revisions\/4013"}],"wp:featuredmedia":[{"embeddable":true,"href":"https:\/\/www.kmdpower.com\/sk\/wp-json\/wp\/v2\/media\/1568"}],"wp:attachment":[{"href":"https:\/\/www.kmdpower.com\/sk\/wp-json\/wp\/v2\/media?parent=2072"}],"wp:term":[{"taxonomy":"product_cat","embeddable":true,"href":"https:\/\/www.kmdpower.com\/sk\/wp-json\/wp\/v2\/product_cat?post=2072"},{"taxonomy":"product_tag","embeddable":true,"href":"https:\/\/www.kmdpower.com\/sk\/wp-json\/wp\/v2\/product_tag?post=2072"}],"curies":[{"name":"wp","href":"https:\/\/api.w.org\/{rel}","templated":true}]}}