{"id":4478,"date":"2025-06-04T10:14:14","date_gmt":"2025-06-04T10:14:14","guid":{"rendered":"https:\/\/www.kmdpower.com\/?post_type=product&#038;p=4478"},"modified":"2025-06-05T12:20:18","modified_gmt":"2025-06-05T12:20:18","slug":"kamada-power-10kwh-home-sodium-battery","status":"publish","type":"product","link":"https:\/\/www.kmdpower.com\/ro\/product\/kamada-power-10kwh-home-sodium-battery\/","title":{"rendered":"Kamada Power 10kWh Baterie de sodiu pentru acas\u0103"},"content":{"rendered":"<div data-elementor-type=\"product-post\" data-elementor-id=\"4478\" class=\"elementor elementor-4478\" data-elementor-post-type=\"product\">\n\t\t\t\t<div class=\"elementor-element elementor-element-6d06c60f e-flex e-con-boxed e-con e-parent\" data-id=\"6d06c60f\" data-element_type=\"container\" data-settings=\"{&quot;_ha_eqh_enable&quot;:false}\">\n\t\t\t\t\t<div class=\"e-con-inner\">\n\t\t\t\t<div class=\"elementor-element elementor-element-69101ed elementor-widget elementor-widget-text-editor\" data-id=\"69101ed\" data-element_type=\"widget\" data-widget_type=\"text-editor.default\">\n\t\t\t\t<div class=\"elementor-widget-container\">\n\t\t\t\t\t\t\t<p><img fetchpriority=\"high\" decoding=\"async\" class=\"aligncenter\" src=\"https:\/\/www.kmdpower.com\/wp-content\/uploads\/kamada-power-48v-210ah-10kWh-Home-Sodium-Battery-001.jpg\" alt=\"\" width=\"1000\" height=\"420\" \/><br \/><img decoding=\"async\" class=\"size-full wp-image-4495 aligncenter\" src=\"https:\/\/www.kmdpower.com\/wp-content\/uploads\/kamada-power-48v-210ah-10kWh-Home-Sodium-Battery-0002.jpg\" alt=\"\" width=\"1000\" height=\"630\" srcset=\"https:\/\/www.kmdpower.com\/wp-content\/uploads\/kamada-power-48v-210ah-10kWh-Home-Sodium-Battery-0002.jpg 1000w, https:\/\/www.kmdpower.com\/wp-content\/uploads\/kamada-power-48v-210ah-10kWh-Home-Sodium-Battery-0002-300x189.jpg 300w, https:\/\/www.kmdpower.com\/wp-content\/uploads\/kamada-power-48v-210ah-10kWh-Home-Sodium-Battery-0002-768x484.jpg 768w, https:\/\/www.kmdpower.com\/wp-content\/uploads\/kamada-power-48v-210ah-10kWh-Home-Sodium-Battery-0002-18x12.jpg 18w, https:\/\/www.kmdpower.com\/wp-content\/uploads\/kamada-power-48v-210ah-10kWh-Home-Sodium-Battery-0002-600x378.jpg 600w\" sizes=\"(max-width: 1000px) 100vw, 1000px\" \/><\/p><h3 style=\"text-align: center;\"><strong>Kamada Power 10kWh Home Sodium Battery Caracteristici<\/strong><\/h3><p><strong>Performan\u021b\u0103 ridicat\u0103 la temperaturi extrem de sc\u0103zute<\/strong><br \/>Built-in sodium-ion baterie BMS, suport\u0103 desc\u0103rcarea la -30 \u2103, f\u0103r\u0103 team\u0103 de servere vreme rece.<\/p><p><strong>Siguran\u021b\u0103 dec\u00e2t lifepo4<\/strong><br \/>Siguran\u021ba nu este un cost, este o investi\u021bie \u00een viitor.<br \/>mai sigur dec\u00e2t lifepo4, stocare de energie.\u00een prezent cel mai sigur material pentru baterii<\/p><p><strong>Bluetooth \u00een timp real<\/strong><br \/>monitorizare prin intermediul aplica\u021biei (op\u021bional)<\/p><p><strong>Schimbare u\u0219oar\u0103 a protocolului invertorului<\/strong><br \/>Alege\u021bi protocolul invertorului pe ecran, nu este nevoie de cablu suplimentar.Ecran tactil (op\u021bional)<\/p><h3 style=\"text-align: center;\">Sistem BMS fiabil Ultra Saftey<\/h3><p><img decoding=\"async\" class=\"aligncenter\" src=\"https:\/\/www.kmdpower.com\/wp-content\/uploads\/Kamada-Power-Battery-BMS.jpg\" alt=\"\" width=\"1000\" height=\"401\" \/><\/p><p>BMS-ul bateriei cu ioni de sodiu Kamada Power home asigur\u0103 func\u021bionarea \u00een siguran\u021b\u0103 la temperaturi extreme, previne supra\u00eenc\u0103rcarea \u0219i supradesc\u0103rcarea, prelunge\u0219te durata de via\u021b\u0103 a bateriei \u0219i ofer\u0103 performan\u021be fiabile cu \u00eenc\u0103rcare \u0219i desc\u0103rcare eficient\u0103. Acesta include, de asemenea, protec\u021bie la supracurent \u0219i scurtcircuit pentru siguran\u021ba sistemului, oferind utilizatorilor op\u021biuni pentru echilibrare activ\u0103 sau pasiv\u0103 pentru a optimiza performan\u021ba bateriei \u0219i eficien\u021ba energetic\u0103.<\/p><p><img loading=\"lazy\" decoding=\"async\" class=\"size-full wp-image-4496 aligncenter\" src=\"https:\/\/www.kmdpower.com\/wp-content\/uploads\/kamada-power-48v-210ah-10kWh-Home-Sodium-Battery-0004.jpg\" alt=\"\" width=\"1000\" height=\"625\" srcset=\"https:\/\/www.kmdpower.com\/wp-content\/uploads\/kamada-power-48v-210ah-10kWh-Home-Sodium-Battery-0004.jpg 1000w, https:\/\/www.kmdpower.com\/wp-content\/uploads\/kamada-power-48v-210ah-10kWh-Home-Sodium-Battery-0004-300x188.jpg 300w, https:\/\/www.kmdpower.com\/wp-content\/uploads\/kamada-power-48v-210ah-10kWh-Home-Sodium-Battery-0004-768x480.jpg 768w, https:\/\/www.kmdpower.com\/wp-content\/uploads\/kamada-power-48v-210ah-10kWh-Home-Sodium-Battery-0004-18x12.jpg 18w, https:\/\/www.kmdpower.com\/wp-content\/uploads\/kamada-power-48v-210ah-10kWh-Home-Sodium-Battery-0004-600x375.jpg 600w\" sizes=\"(max-width: 1000px) 100vw, 1000px\" \/><br \/><img loading=\"lazy\" decoding=\"async\" class=\"aligncenter\" src=\"https:\/\/www.kmdpower.com\/wp-content\/uploads\/kamada-power-48v-210ah-10kWh-Home-Sodium-Battery-003.jpg\" alt=\"\" width=\"1000\" height=\"817\" \/><br \/><img loading=\"lazy\" decoding=\"async\" class=\"aligncenter\" src=\"https:\/\/www.kmdpower.com\/wp-content\/uploads\/kamada-power-48v-210ah-10kWh-Home-Sodium-Battery-005.jpg\" alt=\"\" width=\"1000\" height=\"500\" \/> <img loading=\"lazy\" decoding=\"async\" class=\"aligncenter\" src=\"https:\/\/www.kmdpower.com\/wp-content\/uploads\/kamada-power-48v-210ah-10kWh-Home-Sodium-Battery-006.jpg\" alt=\"\" width=\"1000\" height=\"465\" \/><\/p><h3>\u00a0<\/h3><h3 style=\"text-align: center;\">Kamada Power 48V 210Ah 10kWh Home Sodium ion Battery Scenariu de aplicare<\/h3><p><img loading=\"lazy\" decoding=\"async\" class=\"aligncenter\" src=\"https:\/\/www.kmdpower.com\/wp-content\/uploads\/kamada-power-48v-210ah-10kWh-Home-Sodium-Battery-007.jpg\" alt=\"\" width=\"1000\" height=\"349\" \/><\/p><p style=\"text-align: center;\">Kamada Power 48v 210Ah 10kWh Baterie Home Sodiu Ion Aplica\u021bie: Stocarea energiei la domiciliu, sisteme de alimentare cu energie electric\u0103, pentru medii reci<\/p><h3 style=\"text-align: center;\">\u00a0<\/h3><h3 style=\"text-align: center;\">Shenzhen Kamada Electronic Co., Ltd<br \/>Expozi\u021bia Kamada Power<\/h3><p>\u00a0<\/p><p><img loading=\"lazy\" decoding=\"async\" class=\"size-full wp-image-4506 aligncenter\" src=\"https:\/\/www.kmdpower.com\/wp-content\/uploads\/about-kamada-power-000-scaled.jpg\" alt=\"\" width=\"932\" height=\"2560\" srcset=\"https:\/\/www.kmdpower.com\/wp-content\/uploads\/about-kamada-power-000-scaled.jpg 932w, https:\/\/www.kmdpower.com\/wp-content\/uploads\/about-kamada-power-000-109x300.jpg 109w, https:\/\/www.kmdpower.com\/wp-content\/uploads\/about-kamada-power-000-373x1024.jpg 373w, https:\/\/www.kmdpower.com\/wp-content\/uploads\/about-kamada-power-000-768x2109.jpg 768w, https:\/\/www.kmdpower.com\/wp-content\/uploads\/about-kamada-power-000-559x1536.jpg 559w, https:\/\/www.kmdpower.com\/wp-content\/uploads\/about-kamada-power-000-746x2048.jpg 746w, https:\/\/www.kmdpower.com\/wp-content\/uploads\/about-kamada-power-000-4x12.jpg 4w, https:\/\/www.kmdpower.com\/wp-content\/uploads\/about-kamada-power-000-600x1648.jpg 600w\" sizes=\"(max-width: 932px) 100vw, 932px\" \/><\/p>\t\t\t\t\t\t<\/div>\n\t\t\t\t<\/div>\n\t\t\t\t\t<\/div>\n\t\t\t\t<\/div>\n\t\t\t\t<\/div>","protected":false},"excerpt":{"rendered":"<ul>\n<li><strong>Model:<\/strong> 48V 210Ah 10kWh Acas\u0103 Baterie cu ioni de sodiu<\/li>\n<li><strong>Greutate:<\/strong> 102KGS-104KGS (cu ro\u021bi)<\/li>\n<li><strong>Durata ciclului de via\u021b\u0103: <\/strong>6000 de ori<\/li>\n<li><strong>Dimensiuni:<\/strong> 470 x 680 x 240 mm (f\u0103r\u0103 ro\u021bi)<\/li>\n<li><strong>Certificat:<\/strong>\u00a0CE\/UN38.3\/MSDS<\/li>\n<li><strong>Produc\u0103tori de baterii cu ioni de sodiu:<\/strong>\u00a0Kamada Power<\/li>\n<li><strong>Tip baterie:<\/strong>\u00a0Baterie cu ioni de sodiu<\/li>\n<li><strong>Caracteristici principale:<\/strong> Performan\u021b\u0103 excelent\u0103 la temperatur\u0103 sc\u0103zut\u0103 (-30 \u2103 ~ +60 \u2103), RS485\/RS232\/Bluetooth\/CAN (op\u021bional), APP personalizat, IP21<\/li>\n<li><strong>Suport pentru baterie:<\/strong> Comer\u021b cu ridicata, OEM.ODM 48V 210Ah 10kWh Acas\u0103 Baterie cu ioni de sodiu<\/li>\n<li><strong>Garan\u021bie:<\/strong> 10 ani<\/li>\n<li><strong>Timp de livrare:<\/strong>\u00a07-14 zile pentru mostre, 35-60 zile pentru produc\u021bia \u00een mas\u0103<\/li>\n<li><strong>Kamada Power Baterie Produse Sprijin cu ridicata, distribuitori \u0219i OEM ODM personalizat baterie. V\u0103 rug\u0103m\u00a0<a title=\"Contacta\u021bi Kamada Power\" href=\"https:\/\/www.kmdpower.com\/ro\/contact-us\/\" target=\"_blank\" rel=\"noopener\">Contacta\u021bi-ne<\/a>!<\/strong><\/li>\n<\/ul>","protected":false},"featured_media":4481,"template":"","meta":{"rank_math_lock_modified_date":false,"_kad_post_transparent":"default","_kad_post_title":"","_kad_post_layout":"default","_kad_post_sidebar_id":"","_kad_post_content_style":"default","_kad_post_vertical_padding":"default","_kad_post_feature":"","_kad_post_feature_position":"","_kad_post_header":false,"_kad_post_footer":false},"product_cat":[17,32],"product_tag":[40,42,45,46,71],"class_list":{"0":"post-4478","1":"product","2":"type-product","3":"status-publish","4":"has-post-thumbnail","6":"product_cat-home-energy-storage-system","7":"product_cat-sodium-ion-battery-manufacturers","8":"product_tag-china-sodium-ion-battery-factory","9":"product_tag-china-sodium-ion-battery-supplier","10":"product_tag-custom-sodium-ion-battery-manufacturers","11":"product_tag-custom-sodium-ion-battery-supplier","12":"product_tag-sodium-ion-battery","14":"first","15":"instock","16":"featured","17":"shipping-taxable","18":"product-type-simple","19":"entry","20":"content-bg","21":"loop-entry"},"_links":{"self":[{"href":"https:\/\/www.kmdpower.com\/ro\/wp-json\/wp\/v2\/product\/4478","targetHints":{"allow":["GET"]}}],"collection":[{"href":"https:\/\/www.kmdpower.com\/ro\/wp-json\/wp\/v2\/product"}],"about":[{"href":"https:\/\/www.kmdpower.com\/ro\/wp-json\/wp\/v2\/types\/product"}],"version-history":[{"count":5,"href":"https:\/\/www.kmdpower.com\/ro\/wp-json\/wp\/v2\/product\/4478\/revisions"}],"predecessor-version":[{"id":4509,"href":"https:\/\/www.kmdpower.com\/ro\/wp-json\/wp\/v2\/product\/4478\/revisions\/4509"}],"wp:featuredmedia":[{"embeddable":true,"href":"https:\/\/www.kmdpower.com\/ro\/wp-json\/wp\/v2\/media\/4481"}],"wp:attachment":[{"href":"https:\/\/www.kmdpower.com\/ro\/wp-json\/wp\/v2\/media?parent=4478"}],"wp:term":[{"taxonomy":"product_cat","embeddable":true,"href":"https:\/\/www.kmdpower.com\/ro\/wp-json\/wp\/v2\/product_cat?post=4478"},{"taxonomy":"product_tag","embeddable":true,"href":"https:\/\/www.kmdpower.com\/ro\/wp-json\/wp\/v2\/product_tag?post=4478"}],"curies":[{"name":"wp","href":"https:\/\/api.w.org\/{rel}","templated":true}]}}