{"id":4281,"date":"2025-03-29T10:15:24","date_gmt":"2025-03-29T10:15:24","guid":{"rendered":"https:\/\/www.kmdpower.com\/?post_type=product&#038;p=4281"},"modified":"2025-06-20T12:10:08","modified_gmt":"2025-06-20T12:10:08","slug":"kamada-power-10kwh-all-in-one-battery-and-inverter","status":"publish","type":"product","link":"https:\/\/www.kmdpower.com\/ro\/kamada-power-10kwh-all-in-one-battery-and-inverter\/","title":{"rendered":"Kamada Power 10kWh Baterie \u0219i invertor all-in-one"},"content":{"rendered":"<p><a href=\"https:\/\/www.kmdpower.com\/ro\/contact-us\/\"><img fetchpriority=\"high\" decoding=\"async\" class=\"aligncenter\" src=\"http:\/\/www.kmdpower.com\/wp-content\/uploads\/Contact-US-Kamada-Power-Shenzhen-Kamada-Electronic-Co-Ltd.jpg\" alt=\"\" width=\"1000\" height=\"200\" \/><\/a><\/p>\n<p>&nbsp;<\/p>\n<p><img decoding=\"async\" class=\"wp-image-4288 size-full aligncenter\" src=\"https:\/\/www.kmdpower.com\/wp-content\/uploads\/Kamada-Power-10kWh-15kWh-All-in-One-Battery-and-Inverter-Desc-001.jpg\" alt=\"\" width=\"1000\" height=\"414\" srcset=\"https:\/\/www.kmdpower.com\/wp-content\/uploads\/Kamada-Power-10kWh-15kWh-All-in-One-Battery-and-Inverter-Desc-001.jpg 1000w, https:\/\/www.kmdpower.com\/wp-content\/uploads\/Kamada-Power-10kWh-15kWh-All-in-One-Battery-and-Inverter-Desc-001-300x124.jpg 300w, https:\/\/www.kmdpower.com\/wp-content\/uploads\/Kamada-Power-10kWh-15kWh-All-in-One-Battery-and-Inverter-Desc-001-768x318.jpg 768w, https:\/\/www.kmdpower.com\/wp-content\/uploads\/Kamada-Power-10kWh-15kWh-All-in-One-Battery-and-Inverter-Desc-001-18x7.jpg 18w, https:\/\/www.kmdpower.com\/wp-content\/uploads\/Kamada-Power-10kWh-15kWh-All-in-One-Battery-and-Inverter-Desc-001-600x248.jpg 600w\" sizes=\"(max-width: 1000px) 100vw, 1000px\" \/><\/p>\n<h3 style=\"text-align: center;\">Baterie \u0219i invertor Kamada Power 10kWh All in One Caracteristic\u0103<\/h3>\n<p><img decoding=\"async\" class=\"wp-image-4289 size-full aligncenter\" src=\"https:\/\/www.kmdpower.com\/wp-content\/uploads\/Kamada-Power-10kWh-15kWh-All-in-One-Battery-and-Inverter-Desc-002.jpg\" alt=\"\" width=\"1000\" height=\"788\" srcset=\"https:\/\/www.kmdpower.com\/wp-content\/uploads\/Kamada-Power-10kWh-15kWh-All-in-One-Battery-and-Inverter-Desc-002.jpg 1000w, https:\/\/www.kmdpower.com\/wp-content\/uploads\/Kamada-Power-10kWh-15kWh-All-in-One-Battery-and-Inverter-Desc-002-300x236.jpg 300w, https:\/\/www.kmdpower.com\/wp-content\/uploads\/Kamada-Power-10kWh-15kWh-All-in-One-Battery-and-Inverter-Desc-002-768x605.jpg 768w, https:\/\/www.kmdpower.com\/wp-content\/uploads\/Kamada-Power-10kWh-15kWh-All-in-One-Battery-and-Inverter-Desc-002-15x12.jpg 15w, https:\/\/www.kmdpower.com\/wp-content\/uploads\/Kamada-Power-10kWh-15kWh-All-in-One-Battery-and-Inverter-Desc-002-600x473.jpg 600w\" sizes=\"(max-width: 1000px) 100vw, 1000px\" \/><\/p>\n<h3 style=\"text-align: center;\">Func\u021bie de egalizare (op\u021bional\u0103 activ\u0103 sau pasiv\u0103)<\/h3>\n<p>&nbsp;<\/p>\n<p><img loading=\"lazy\" decoding=\"async\" class=\"aligncenter wp-image-978 size-full\" src=\"http:\/\/www.kmdpower.com\/wp-content\/uploads\/Active-Equalization-Function-and-Active-Passive-Optional-0.png\" alt=\"Func\u021bie de egalizare activ\u0103 \u0219i activ\u0103 pasiv\u0103 op\u021bional\u0103 0\" width=\"1000\" height=\"246\" \/><\/p>\n<div>\n<p>Aceast\u0103 baterie \u0219i invertor Kamada Power 10kWh All in One cu sistem modular flexibil poate fi proiectat\u0103 \u00een func\u021bie de consumul zilnic de energie al gospod\u0103riei.Aceast\u0103 sta\u021bie de alimentare de top v\u0103 ofer\u0103 energie pentru a v\u0103 pune \u00een func\u021biune aparatele electrocasnice zilnice sau chiar pentru a v\u0103 furniza energie de rezerv\u0103 pentru \u00eentreaga cas\u0103 pentru una sau dou\u0103 zile, \u00een func\u021bie de solicit\u0103rile dvs.<\/p>\n<p>&nbsp;<\/p>\n<\/div>\n<h3 style=\"text-align: center;\">Puncte forte ale produsului<\/h3>\n<p><strong>Durat\u0103 lung\u0103 de via\u021b\u0103:<\/strong>Peste 6000 de cicluri @ 90% DOD<br \/>\n<strong>Putere redus\u0103:<\/strong>Consum redus de energie \u00een regim de a\u0219teptare \u226415W, pierdere \u00een func\u021bionare f\u0103r\u0103 sarcin\u0103 mai mic\u0103 de 100W<br \/>\n<strong>Design modular:<\/strong>Ad\u0103uga\u021bi at\u00e2tea module de baterii c\u00e2te sunt necesare<br \/>\n<strong>Func\u021bie de comutare f\u0103r\u0103 sudur\u0103:<\/strong>Suport\u0103 comutarea f\u0103r\u0103 \u00eentreruperi \u00eentre paralel \u0219i \u00een afara re\u021belei (mai pu\u021bin de 5ms)<br \/>\n<strong>Integrare ridicat\u0103:<\/strong>Invertor Hybird \u00eencorporat, BMS, banc\u0103 de baterii<br \/>\n<strong>Firmware la distan\u021b\u0103:<\/strong>Controla\u021bi \u0219i monitoriza\u021bi sistemul dvs. inteligent \u00een mi\u0219care prin intermediul aplica\u021biei \u0219i portalului nostru Kamada Power Monitoring.<br \/>\n<strong>Design stivuibil:<\/strong>Ave\u021bi nevoie de o capacitate mai mare? Designul modular permite instalarea mai multor unit\u0103\u021bi \u00een paralel<br \/>\n<strong>\u00cenalt\u0103 tensiune:<\/strong>BMS de \u00eenalt\u0103 tensiune permite o eficien\u021b\u0103 sporit\u0103 la \u00eenc\u0103rcare \u0219i desc\u0103rcare.<br \/>\n<strong>Kamada Power 10kWh All in One Baterie \u0219i invertor Poate stivui bateria cu invertor \u00eencorporat:<\/strong>BMS de \u00eenalt\u0103 tensiune permite o putere mai mare de \u00eenc\u0103rcare \u0219i desc\u0103rcare la un curent mai mic, oferind o eficien\u021b\u0103 mai mare dec\u00e2t gama noastr\u0103 de tensiune mai mic\u0103.<\/p>\n<p>&nbsp;<\/p>\n<div>\n<h3 style=\"text-align: center;\">Sistem BMS fiabil Ultra Saftey<\/h3>\n<p><img loading=\"lazy\" decoding=\"async\" class=\"aligncenter wp-image-1283 size-full\" src=\"http:\/\/www.kmdpower.com\/wp-content\/uploads\/Kamada-Power-Battery-BMS.jpg\" alt=\"Kamada Power Baterie BMS\" width=\"1000\" height=\"401\" \/><\/p>\n<p style=\"text-align: left;\">BMS-ul Kamada Power 10kWh All in One Battery and Inverter asigur\u0103 func\u021bionarea \u00een siguran\u021b\u0103 la temperaturi extreme, previne supra\u00eenc\u0103rcarea \u0219i supradesc\u0103rcarea, prelunge\u0219te durata de via\u021b\u0103 a bateriei \u0219i ofer\u0103 performan\u021be fiabile cu \u00eenc\u0103rcare \u0219i desc\u0103rcare eficient\u0103. De asemenea, include protec\u021bie la supracurent \u0219i scurtcircuit pentru siguran\u021ba sistemului, oferind utilizatorilor op\u021biuni pentru echilibrare activ\u0103 sau pasiv\u0103 pentru a optimiza performan\u021ba bateriei \u0219i eficien\u021ba energetic\u0103.<\/p>\n<p>&nbsp;<\/p>\n<h3 style=\"text-align: center;\">Kamada Power 10kWh All in One Baterie \u0219i invertor Dimensiune<\/h3>\n<p><img loading=\"lazy\" decoding=\"async\" class=\"aligncenter wp-image-4286 size-full\" src=\"https:\/\/www.kmdpower.com\/wp-content\/uploads\/kamada-all-in-one-10kwh-battery-005.jpg\" alt=\"\" width=\"1000\" height=\"1114\" srcset=\"https:\/\/www.kmdpower.com\/wp-content\/uploads\/kamada-all-in-one-10kwh-battery-005.jpg 1000w, https:\/\/www.kmdpower.com\/wp-content\/uploads\/kamada-all-in-one-10kwh-battery-005-269x300.jpg 269w, https:\/\/www.kmdpower.com\/wp-content\/uploads\/kamada-all-in-one-10kwh-battery-005-919x1024.jpg 919w, https:\/\/www.kmdpower.com\/wp-content\/uploads\/kamada-all-in-one-10kwh-battery-005-768x856.jpg 768w, https:\/\/www.kmdpower.com\/wp-content\/uploads\/kamada-all-in-one-10kwh-battery-005-11x12.jpg 11w, https:\/\/www.kmdpower.com\/wp-content\/uploads\/kamada-all-in-one-10kwh-battery-005-600x668.jpg 600w\" sizes=\"(max-width: 1000px) 100vw, 1000px\" \/><\/p>\n<p>&nbsp;<\/p>\n<h3 style=\"text-align: center;\">Scenariul de aplicare al bateriei \u0219i invertorului Kamada Power 10kWh All in One<\/h3>\n<p><img loading=\"lazy\" decoding=\"async\" class=\"aligncenter wp-image-1354 size-full\" src=\"http:\/\/www.kmdpower.com\/wp-content\/uploads\/kamada-powerwall-battery-application-scenario-.jpg\" alt=\"scenariul aplica\u021biilor bateriei kamada powerwall\" width=\"1000\" height=\"462\" \/><\/p>\n<p><strong>Kamada Power 10kWh All in One Baterie \u0219i invertor Poate fi utilizat \u00een urm\u0103toarele scenarii de aplicare:<\/strong><\/p>\n<p><strong>Sistemul solar:<\/strong> Stoca\u021bi energia solar\u0103 pentru o alimentare constant\u0103 zi \u0219i noapte.<br \/>\n<strong>C\u0103l\u0103torii cu rulota:<\/strong> Asigura\u021bi stocarea portabil\u0103 a energiei pentru c\u0103l\u0103torii.<br \/>\n<strong>Barc\u0103 \/ Marin\u0103:<\/strong> Asigura\u021bi o alimentare ne\u00eentrerupt\u0103 \u00een timpul navig\u0103rii sau al andoc\u0103rii.<br \/>\n<strong>\u00cen afara re\u021belei:<\/strong> R\u0103m\u00e2ne\u021bi conectat cu energie de rezerv\u0103 fiabil\u0103 \u00een loca\u021bii \u00eendep\u0103rtate.<\/p>\n<p>&nbsp;<\/p>\n<h3 style=\"text-align: center;\">De ce s\u0103 alege\u021bi Kamada Power OEM ODM pentru produsele dvs. de baterii?<\/h3>\n<p><strong>Nu trebuie s\u0103 v\u0103 face\u021bi griji cu privire la aceste provoc\u0103ri legate de problemele bateriei personalizate!<\/strong><br \/>\nImposibilitatea de a satisface cerin\u021bele dvs. de baterii personalizate, timpul de produc\u021bie lung, timpul de livrare lent, comunicarea ineficient\u0103, nicio garan\u021bie a calit\u0103\u021bii, pre\u021bul necompetitiv al produsului \u0219i experien\u021ba proast\u0103 a serviciilor sunt aceste probleme!<\/p>\n<p><strong>Puterea profesionalismului!<\/strong><br \/>\nAm servit mii de clien\u021bi de baterii din diverse industrii \u0219i am personalizat mii de produse de baterii! Cunoa\u0219tem importan\u021ba comunic\u0103rii \u00een profunzime a nevoilor, cunoa\u0219tem produsele de baterii de la proiectare la produc\u021bia de mas\u0103 a diferitelor provoc\u0103ri \u0219i probleme tehnice \u0219i cum s\u0103 rezolv\u0103m rapid \u0219i eficient aceste probleme!<\/p>\n<p><strong>Dezvolta\u021bi solu\u021bii eficiente pentru baterii personalizate!<\/strong><br \/>\nCa r\u0103spuns la nevoile dvs. de baterii personalizate, vom desemna \u00een mod specific echipa de proiect de tehnologie a bateriei pentru a v\u0103 oferi servicii 1-la-1. Comunic\u0103m cu dvs. \u00een profunzime despre industrie, scenarii, cerin\u021be, puncte sensibile, performan\u021b\u0103, func\u021bionalitate \u0219i dezvolt\u0103m solu\u021bii personalizate pentru baterii.<\/p>\n<p><strong>Livrare rapid\u0103 a produc\u021biei de baterii personalizate!<\/strong><br \/>\nSuntem agili \u0219i rapizi pentru a v\u0103 ajuta s\u0103 realiza\u021bi de la proiectarea produsului baterie, la e\u0219antionarea bateriei, la produc\u021bia de mas\u0103 a produsului baterie. Atinge\u021bi proiectarea rapid\u0103 a produsului, produc\u021bia \u0219i fabricarea rapid\u0103, livrarea \u0219i expedierea rapid\u0103, cea mai bun\u0103 calitate \u0219i pre\u021bul de fabric\u0103 pentru baterii personalizate!<\/p>\n<p><strong>V\u0103 ajut\u0103 s\u0103 profita\u021bi rapid de oportunitatea pie\u021bei bateriilor de stocare a energiei!<\/strong><br \/>\nKamada Power v\u0103 ajut\u0103 s\u0103 ob\u021bine\u021bi rapid produse de baterii personalizate diferen\u021biate, s\u0103 \u00eembun\u0103t\u0103\u021bi\u021bi competitivitatea produselor \u0219i s\u0103 v\u0103 ajuta\u021bi s\u0103 prelua\u021bi rapid conducerea pe pia\u021ba bateriilor de stocare a energiei.<\/p>\n<p>&nbsp;<\/p>\n<h3 style=\"text-align: center;\">Shenzhen Kamada Electronic Co., Ltd<br \/>\nExpozi\u021bia Kamada Power<\/h3>\n<p><img loading=\"lazy\" decoding=\"async\" class=\"aligncenter wp-image-1297 size-full\" src=\"http:\/\/www.kmdpower.com\/wp-content\/uploads\/Kamada-Power-Exhibition-Shenzhen-Kamada-Electronic-Co-Ltd.png\" alt=\"Expozi\u021bia Kamada Power Shenzhen Kamada Electronic Co Ltd\" width=\"1920\" height=\"841\" \/><\/p>\n<p>&nbsp;<\/p>\n<h3 style=\"text-align: center;\">Certificarea produc\u0103torilor de baterii Kamada Power<\/h3>\n<p><img loading=\"lazy\" decoding=\"async\" class=\"aligncenter wp-image-1285 size-full\" src=\"http:\/\/www.kmdpower.com\/wp-content\/uploads\/Kamada-Power-Battery-Certification.png\" alt=\"Certificarea produc\u0103torilor de baterii Kamada Power\" width=\"1344\" height=\"462\" \/><\/p>\n<p>&nbsp;<\/p>\n<h3 style=\"text-align: center;\">Procesul de produc\u021bie al fabricii de baterii litiu-ion Kamada Power<\/h3>\n<p><img loading=\"lazy\" decoding=\"async\" class=\"aligncenter wp-image-1323 size-full\" src=\"http:\/\/www.kmdpower.com\/wp-content\/uploads\/Kamada-Power-Lithium-ion-Battery-Manufacturers-Factory-Production-Process-02.jpg\" alt=\"Kamada Power Produc\u0103tori de baterii litiu-ion Fabrica Procesul de produc\u021bie 02\" width=\"1000\" height=\"517\" \/><\/p>\n<p>&nbsp;<\/p>\n<h3 style=\"text-align: center;\">Produc\u0103tori de baterii Kamada Power<\/h3>\n<p><img loading=\"lazy\" decoding=\"async\" class=\"aligncenter wp-image-1324 size-full\" src=\"http:\/\/www.kmdpower.com\/wp-content\/uploads\/Kamada-Power-Lithium-ion-Battery-Manufacturers-Factory-Show.jpg\" alt=\"Kamada Power Produc\u0103tori de baterii litiu-ion Factory Show\" width=\"1000\" height=\"584\" \/><\/p>\n<p>Fabrica de baterii Kamada Power produce toate tipurile de solu\u021bii personalizate pentru baterii oem odm: baterii solare de uz casnic, baterii pentru vehicule de mic\u0103 vitez\u0103 (baterii de golf, baterii RV, baterii de litiu cu plumb convertit, baterii pentru c\u0103rucioare electrice, baterii pentru stivuitoare), baterii marine, baterii pentru nave de croazier\u0103, baterii de \u00eenalt\u0103 tensiune, baterii stivuite,\u00a0<strong><a title=\"Produc\u0103tori de baterii cu ioni de sodiu\" href=\"http:\/\/www.kmdpower.com\/ro\/sodium-ion-battery-manufacturers\/\" target=\"_blank\" rel=\"noopener\">Baterie cu ioni de sodiu<\/a>,\u00a0<a href=\"http:\/\/www.kmdpower.com\/ro\/commercial-energy-storage-systems\/\" target=\"_blank\" rel=\"noopener\">sisteme industriale \u0219i comerciale de stocare a energiei<\/a><\/strong><\/p>\n<p>&nbsp;<\/p>\n<\/div>","protected":false},"excerpt":{"rendered":"<ul>\n<li><strong>Model:<\/strong> Kamada Power 10kWh Baterie \u0219i invertor all-in-one<\/li>\n<li><strong>Ciclul de via\u021b\u0103:<\/strong>\u00a06000 de ori<\/li>\n<li><strong>Greutate:<\/strong>\u00a060KGS<\/li>\n<li><strong>Dimensiuni:<\/strong> 1471*570*250 mm<\/li>\n<li><strong>Certificat:<\/strong>\u00a0CE\/UN38.3\/MSDS<\/li>\n<li><strong>Produc\u0103tori de baterii \u0219i invertoare All in One:<\/strong>\u00a0Kamada Power<\/li>\n<li><strong>Tip baterie:<\/strong>\u00a0Baterie LiFePO4<\/li>\n<li><strong>Caracteristici principale:<\/strong>\u00a0WiFi, APP personalizat (op\u021bional)<\/li>\n<li><strong>Suport pentru baterie:<\/strong> Comer\u021b cu ridicata, OEM.ODM All in One Baterie \u0219i invertor<\/li>\n<li><strong>Garan\u021bie:<\/strong>\u00a010 ani<\/li>\n<li><strong>Timp de livrare:<\/strong>\u00a07-14 zile pentru mostre, 35-60 zile pentru produc\u021bia \u00een mas\u0103<\/li>\n<li><strong>Kamada Power Baterie Produse Sprijin cu ridicata, distribuitori \u0219i OEM ODM personalizat baterie. V\u0103 rug\u0103m\u00a0<a title=\"Contacta\u021bi Kamada Power\" href=\"https:\/\/www.kmdpower.com\/ro\/contact-us\/\" target=\"_blank\" rel=\"noopener\">Contacta\u021bi-ne<\/a>!<\/strong><\/li>\n<\/ul>","protected":false},"featured_media":4282,"template":"","meta":{"rank_math_lock_modified_date":false,"_kad_post_transparent":"default","_kad_post_title":"","_kad_post_layout":"default","_kad_post_sidebar_id":"","_kad_post_content_style":"default","_kad_post_vertical_padding":"default","_kad_post_feature":"","_kad_post_feature_position":"","_kad_post_header":false,"_kad_post_footer":false},"product_cat":[17,34],"product_tag":[1190,392],"class_list":{"0":"post-4281","1":"product","2":"type-product","3":"status-publish","4":"has-post-thumbnail","6":"product_cat-home-energy-storage-system","7":"product_cat-all-in-one-solar-power-system-manufacturers","8":"product_tag-all-in-one-battery-and-inverter","9":"product_tag-all-in-one-ess","11":"first","12":"instock","13":"featured","14":"shipping-taxable","15":"product-type-simple","16":"entry","17":"content-bg","18":"loop-entry"},"_links":{"self":[{"href":"https:\/\/www.kmdpower.com\/ro\/wp-json\/wp\/v2\/product\/4281","targetHints":{"allow":["GET"]}}],"collection":[{"href":"https:\/\/www.kmdpower.com\/ro\/wp-json\/wp\/v2\/product"}],"about":[{"href":"https:\/\/www.kmdpower.com\/ro\/wp-json\/wp\/v2\/types\/product"}],"version-history":[{"count":1,"href":"https:\/\/www.kmdpower.com\/ro\/wp-json\/wp\/v2\/product\/4281\/revisions"}],"predecessor-version":[{"id":4290,"href":"https:\/\/www.kmdpower.com\/ro\/wp-json\/wp\/v2\/product\/4281\/revisions\/4290"}],"wp:featuredmedia":[{"embeddable":true,"href":"https:\/\/www.kmdpower.com\/ro\/wp-json\/wp\/v2\/media\/4282"}],"wp:attachment":[{"href":"https:\/\/www.kmdpower.com\/ro\/wp-json\/wp\/v2\/media?parent=4281"}],"wp:term":[{"taxonomy":"product_cat","embeddable":true,"href":"https:\/\/www.kmdpower.com\/ro\/wp-json\/wp\/v2\/product_cat?post=4281"},{"taxonomy":"product_tag","embeddable":true,"href":"https:\/\/www.kmdpower.com\/ro\/wp-json\/wp\/v2\/product_tag?post=4281"}],"curies":[{"name":"wp","href":"https:\/\/api.w.org\/{rel}","templated":true}]}}