{"id":2324,"date":"2024-10-15T06:19:12","date_gmt":"2024-10-15T06:19:12","guid":{"rendered":"http:\/\/www.kmdpower.com\/?post_type=product&#038;p=2324"},"modified":"2025-01-19T07:09:52","modified_gmt":"2025-01-19T07:09:52","slug":"all-in-one-5kw-inverter-5kwh-lifepo4-battery-48v-51-2v-100ah-lithium-battery-pack-vertical-product","status":"publish","type":"product","link":"https:\/\/www.kmdpower.com\/ro\/all-in-one-5kw-inverter-5kwh-lifepo4-battery-48v-51-2v-100ah-lithium-battery-pack-vertical-product\/","title":{"rendered":"5kWh All In One Solar Power System Invertor 5kWh Baterie LiFePO4 48V 51.2V 100Ah Baterie litiu"},"content":{"rendered":"<p><a href=\"https:\/\/www.kmdpower.com\/ro\/contact-us\/\"><img fetchpriority=\"high\" decoding=\"async\" class=\"aligncenter\" src=\"http:\/\/www.kmdpower.com\/wp-content\/uploads\/Contact-US-Kamada-Power-Shenzhen-Kamada-Electronic-Co-Ltd.jpg\" alt=\"\" width=\"1000\" height=\"200\" \/><\/a><\/p>\n<p><img decoding=\"async\" class=\"aligncenter wp-image-2317 size-full\" src=\"http:\/\/www.kmdpower.com\/wp-content\/uploads\/kamada-power-all-in-one-solar-power-system-Y001.jpg\" alt=\"Sistem de alimentare cu energie solar\u0103 Kamada Power All in One 001\" width=\"1000\" height=\"414\" \/><\/p>\n<h3 style=\"text-align: center;\">Kamada Power 51.2V 100Ah 5kWh All in One Solar Power System Caracteristic\u0103<\/h3>\n<p><img decoding=\"async\" class=\"aligncenter wp-image-2318 size-full\" src=\"http:\/\/www.kmdpower.com\/wp-content\/uploads\/Kamada-Power-All-in-One-Solar-Power-System-Y002.jpg\" alt=\"Sistem de alimentare cu energie solar\u0103 Kamada Power All in One 002\" width=\"1000\" height=\"788\" \/><\/p>\n<h3 style=\"text-align: center;\">Func\u021bie de egalizare (op\u021bional\u0103 activ\u0103 sau pasiv\u0103)<\/h3>\n<p>&nbsp;<\/p>\n<p><img loading=\"lazy\" decoding=\"async\" class=\"aligncenter wp-image-978 size-full\" src=\"http:\/\/www.kmdpower.com\/wp-content\/uploads\/Active-Equalization-Function-and-Active-Passive-Optional-0.png\" alt=\"Func\u021bie de egalizare activ\u0103 \u0219i activ\u0103 pasiv\u0103 op\u021bional\u0103 0\" width=\"1000\" height=\"246\" \/><\/p>\n<div>\n<p>Acest sistem Kamada Power Vertical ESS 48V 51.2V 100Ah 5kWh All In One Solar Power System cu sistem modular flexibil poate fi proiectat \u00een func\u021bie de consumul zilnic de energie din gospod\u0103rie.Aceast\u0103 sta\u021bie de putere lider \u00een clas\u0103 v\u0103 ofer\u0103 puterea de a rula aparatele electrocasnice zilnice sau chiar de a furniza energie de rezerv\u0103 pentru \u00eentreaga cas\u0103 pentru una sau dou\u0103 zile, \u00een func\u021bie de cerin\u021bele dvs. de \u00eenc\u0103rcare<\/p>\n<p>&nbsp;<\/p>\n<\/div>\n<h3 style=\"text-align: center;\">Puncte forte ale produsului<\/h3>\n<p><strong>Durat\u0103 lung\u0103 de via\u021b\u0103:<\/strong>Peste 6000 de cicluri @ 90% DOD<br \/>\n<strong>Putere redus\u0103:<\/strong>Consum redus de energie \u00een regim de a\u0219teptare \u226415W, pierdere \u00een func\u021bionare f\u0103r\u0103 sarcin\u0103 mai mic\u0103 de 100W<br \/>\n<strong>Design modular:<\/strong>Ad\u0103uga\u021bi at\u00e2tea module de baterii c\u00e2te sunt necesare<br \/>\n<strong>Func\u021bie de comutare f\u0103r\u0103 sudur\u0103:<\/strong>Suport\u0103 comutarea f\u0103r\u0103 \u00eentreruperi \u00eentre paralel \u0219i \u00een afara re\u021belei (mai pu\u021bin de 5ms)<br \/>\n<strong>Integrare ridicat\u0103:<\/strong>Invertor Hybird \u00eencorporat, BMS, banc\u0103 de baterii<br \/>\n<strong>Firmware la distan\u021b\u0103:<\/strong>Controla\u021bi \u0219i monitoriza\u021bi sistemul dvs. inteligent \u00een mi\u0219care prin intermediul aplica\u021biei \u0219i portalului nostru Kamada Power Monitoring.<br \/>\n<strong>Design stivuibil:<\/strong>Ave\u021bi nevoie de o capacitate mai mare? Designul modular permite instalarea mai multor unit\u0103\u021bi \u00een paralel<br \/>\n<strong>\u00cenalt\u0103 tensiune:<\/strong>BMS de \u00eenalt\u0103 tensiune permite o eficien\u021b\u0103 sporit\u0103 la \u00eenc\u0103rcare \u0219i desc\u0103rcare.<br \/>\n<strong>Kamada Power 25.6V 200Ah 5kWh All in One Solar Power System Can Stack Battery cu invertor \u00eencorporat:<\/strong>BMS de \u00eenalt\u0103 tensiune permite o putere mai mare de \u00eenc\u0103rcare \u0219i desc\u0103rcare la un curent mai mic, oferind o eficien\u021b\u0103 mai mare dec\u00e2t gama noastr\u0103 de tensiune mai mic\u0103.<\/p>\n<p>&nbsp;<\/p>\n<div>\n<h3 style=\"text-align: center;\">Sistem BMS fiabil Ultra Saftey<\/h3>\n<p><img loading=\"lazy\" decoding=\"async\" class=\"aligncenter wp-image-1283 size-full\" src=\"http:\/\/www.kmdpower.com\/wp-content\/uploads\/Kamada-Power-Battery-BMS.jpg\" alt=\"Kamada Power Baterie BMS\" width=\"1000\" height=\"401\" \/><\/p>\n<p style=\"text-align: left;\">Sistemul BMS Kamada Power All In One Solar Power System asigur\u0103 func\u021bionarea \u00een siguran\u021b\u0103 la temperaturi extreme, previne supra\u00eenc\u0103rcarea \u0219i supradesc\u0103rcarea, prelunge\u0219te durata de via\u021b\u0103 a bateriei \u0219i ofer\u0103 performan\u021be fiabile cu \u00eenc\u0103rcare \u0219i desc\u0103rcare eficient\u0103. Acesta include, de asemenea, protec\u021bie la supracurent \u0219i scurtcircuit pentru siguran\u021ba sistemului, oferind utilizatorilor op\u021biuni pentru echilibrare activ\u0103 sau pasiv\u0103 pentru a optimiza performan\u021ba bateriei \u0219i eficien\u021ba energetic\u0103.<\/p>\n<p>&nbsp;<\/p>\n<h3 style=\"text-align: center;\">Kamada Power 48V 51.2V 100Ah 5kWh All In One Solar Power System Func\u021bie Caracteristici<\/h3>\n<p><img loading=\"lazy\" decoding=\"async\" class=\"aligncenter wp-image-1220 size-full\" src=\"http:\/\/www.kmdpower.com\/wp-content\/uploads\/Kamada-Power-25-6V-200Ah-5kWh-All-In-One-Solar-Power-System-002.jpg\" alt=\"Sistem de alimentare cu energie solar\u0103 Kamada Power All in One 003\" width=\"1000\" height=\"792\" \/><\/p>\n<p><strong>Invertor de stocare a energiei:<\/strong>\u00a0Invertor \u00eencorporat, nu este nevoie de invertor extern, convenabil \u0219i rapid de utilizat.<br \/>\n<strong>Afi\u0219aj LED:<\/strong>\u00a0date de func\u021bionare a bateriei \u00een timp real<br \/>\n<strong>WiFi \u0219i aplica\u021bie:<\/strong>\u00a0Datele bateriei pot fi vizualizate prin WiFi \u0219i APP, \u00een timp real Toate \u00eentr-un singur sistem de energie solar\u0103 informa\u021bii despre baterie<br \/>\n<strong>Pachet de baterii Lifepo4:<\/strong>\u00a0Baterie Lifepo4, sigur\u0103 \u0219i fiabil\u0103, nu necesit\u0103 \u00eentre\u021binere<br \/>\n<strong>Afi\u0219area nivelului bateriei:<\/strong>\u00a0afi\u0219area \u00een timp real a progresului nivelului curent<br \/>\n<strong>Baterie stivuit\u0103:<\/strong>\u00a0u\u0219or de extins capacitatea<br \/>\n<strong>Baterie de baz\u0103:<\/strong>\u00a0robust \u0219i durabil<\/p>\n<p>&nbsp;<\/p>\n<h3 style=\"text-align: center;\">Kamada Power 48V 51.2V 100Ah 5kWh All in One Solar Power System Scenariu de aplicare<\/h3>\n<p><img loading=\"lazy\" decoding=\"async\" class=\"aligncenter wp-image-1354 size-full\" src=\"http:\/\/www.kmdpower.com\/wp-content\/uploads\/kamada-powerwall-battery-application-scenario-.jpg\" alt=\"scenariul aplica\u021biilor bateriei kamada powerwall\" width=\"1000\" height=\"462\" \/><\/p>\n<p><strong>Kamada Power All in One Solar Power System Poate fi utilizat \u00een urm\u0103toarele scenarii de aplicare:<\/strong><\/p>\n<p><strong>Sistemul solar:<\/strong> Stoca\u021bi energia solar\u0103 pentru o alimentare constant\u0103 zi \u0219i noapte.<br \/>\n<strong>C\u0103l\u0103torii cu rulota:<\/strong> Asigura\u021bi stocarea portabil\u0103 a energiei pentru c\u0103l\u0103torii.<br \/>\n<strong>Barc\u0103 \/ Marin\u0103:<\/strong> Asigura\u021bi o alimentare ne\u00eentrerupt\u0103 \u00een timpul navig\u0103rii sau al andoc\u0103rii.<br \/>\n<strong>\u00cen afara re\u021belei:<\/strong> R\u0103m\u00e2ne\u021bi conectat cu energie de rezerv\u0103 fiabil\u0103 \u00een loca\u021bii \u00eendep\u0103rtate.<\/p>\n<p>&nbsp;<\/p>\n<h3 style=\"text-align: center;\">De ce s\u0103 alege\u021bi Kamada Power OEM ODM pentru produsele dvs. de baterii?<\/h3>\n<p><strong>Nu trebuie s\u0103 v\u0103 face\u021bi griji cu privire la aceste provoc\u0103ri legate de problemele bateriei personalizate!<\/strong><br \/>\nImposibilitatea de a satisface cerin\u021bele dvs. de baterii personalizate, timpul de produc\u021bie lung, timpul de livrare lent, comunicarea ineficient\u0103, nicio garan\u021bie a calit\u0103\u021bii, pre\u021bul necompetitiv al produsului \u0219i experien\u021ba proast\u0103 a serviciilor sunt aceste probleme!<\/p>\n<p><strong>Puterea profesionalismului!<\/strong><br \/>\nAm servit mii de clien\u021bi de baterii din diverse industrii \u0219i am personalizat mii de produse de baterii! Cunoa\u0219tem importan\u021ba comunic\u0103rii \u00een profunzime a nevoilor, cunoa\u0219tem produsele de baterii de la proiectare la produc\u021bia de mas\u0103 a diferitelor provoc\u0103ri \u0219i probleme tehnice \u0219i cum s\u0103 rezolv\u0103m rapid \u0219i eficient aceste probleme!<\/p>\n<p><strong>Dezvolta\u021bi solu\u021bii eficiente pentru baterii personalizate!<\/strong><br \/>\nCa r\u0103spuns la nevoile dvs. de baterii personalizate, vom desemna \u00een mod specific echipa de proiect de tehnologie a bateriei pentru a v\u0103 oferi servicii 1-la-1. Comunic\u0103m cu dvs. \u00een profunzime despre industrie, scenarii, cerin\u021be, puncte sensibile, performan\u021b\u0103, func\u021bionalitate \u0219i dezvolt\u0103m solu\u021bii personalizate pentru baterii.<\/p>\n<p><strong>Livrare rapid\u0103 a produc\u021biei de baterii personalizate!<\/strong><br \/>\nSuntem agili \u0219i rapizi pentru a v\u0103 ajuta s\u0103 realiza\u021bi de la proiectarea produsului baterie, la e\u0219antionarea bateriei, la produc\u021bia de mas\u0103 a produsului baterie. Atinge\u021bi proiectarea rapid\u0103 a produsului, produc\u021bia \u0219i fabricarea rapid\u0103, livrarea \u0219i expedierea rapid\u0103, cea mai bun\u0103 calitate \u0219i pre\u021bul de fabric\u0103 pentru baterii personalizate!<\/p>\n<p><strong>V\u0103 ajut\u0103 s\u0103 profita\u021bi rapid de oportunitatea pie\u021bei bateriilor de stocare a energiei!<\/strong><br \/>\nKamada Power v\u0103 ajut\u0103 s\u0103 ob\u021bine\u021bi rapid produse de baterii personalizate diferen\u021biate, s\u0103 \u00eembun\u0103t\u0103\u021bi\u021bi competitivitatea produselor \u0219i s\u0103 v\u0103 ajuta\u021bi s\u0103 prelua\u021bi rapid conducerea pe pia\u021ba bateriilor de stocare a energiei.<\/p>\n<p>&nbsp;<\/p>\n<h3 style=\"text-align: center;\">Shenzhen Kamada Electronic Co., Ltd<br \/>\nExpozi\u021bia Kamada Power<\/h3>\n<p><img loading=\"lazy\" decoding=\"async\" class=\"aligncenter wp-image-1297 size-full\" src=\"http:\/\/www.kmdpower.com\/wp-content\/uploads\/Kamada-Power-Exhibition-Shenzhen-Kamada-Electronic-Co-Ltd.png\" alt=\"Expozi\u021bia Kamada Power Shenzhen Kamada Electronic Co Ltd\" width=\"1920\" height=\"841\" \/><\/p>\n<p>&nbsp;<\/p>\n<h3 style=\"text-align: center;\">Certificarea produc\u0103torilor de baterii Kamada Power<\/h3>\n<p><img loading=\"lazy\" decoding=\"async\" class=\"aligncenter wp-image-1285 size-full\" src=\"http:\/\/www.kmdpower.com\/wp-content\/uploads\/Kamada-Power-Battery-Certification.png\" alt=\"Certificarea produc\u0103torilor de baterii Kamada Power\" width=\"1344\" height=\"462\" \/><\/p>\n<p>&nbsp;<\/p>\n<h3 style=\"text-align: center;\">Procesul de produc\u021bie al fabricii de baterii litiu-ion Kamada Power<\/h3>\n<p><img loading=\"lazy\" decoding=\"async\" class=\"aligncenter wp-image-1323 size-full\" src=\"http:\/\/www.kmdpower.com\/wp-content\/uploads\/Kamada-Power-Lithium-ion-Battery-Manufacturers-Factory-Production-Process-02.jpg\" alt=\"Kamada Power Produc\u0103tori de baterii litiu-ion Fabrica Procesul de produc\u021bie 02\" width=\"1000\" height=\"517\" \/><\/p>\n<p>&nbsp;<\/p>\n<h3 style=\"text-align: center;\">Produc\u0103tori de baterii Kamada Power<\/h3>\n<p><img loading=\"lazy\" decoding=\"async\" class=\"aligncenter wp-image-1324 size-full\" src=\"http:\/\/www.kmdpower.com\/wp-content\/uploads\/Kamada-Power-Lithium-ion-Battery-Manufacturers-Factory-Show.jpg\" alt=\"Kamada Power Produc\u0103tori de baterii litiu-ion Factory Show\" width=\"1000\" height=\"584\" \/><\/p>\n<p>Fabrica de baterii Kamada Power produce toate tipurile de solu\u021bii personalizate pentru baterii oem odm: baterii solare de uz casnic, baterii pentru vehicule de mic\u0103 vitez\u0103 (baterii de golf, baterii RV, baterii de litiu cu plumb convertit, baterii pentru c\u0103rucioare electrice, baterii pentru stivuitoare), baterii marine, baterii pentru nave de croazier\u0103, baterii de \u00eenalt\u0103 tensiune, baterii stivuite,\u00a0<strong><a title=\"Produc\u0103tori de baterii cu ioni de sodiu\" href=\"http:\/\/www.kmdpower.com\/ro\/sodium-ion-battery-manufacturers\/\" target=\"_blank\" rel=\"noopener\">Baterie cu ioni de sodiu<\/a>,\u00a0<a href=\"http:\/\/www.kmdpower.com\/ro\/commercial-energy-storage-systems\/\" target=\"_blank\" rel=\"noopener\">sisteme industriale \u0219i comerciale de stocare a energiei<\/a><\/strong><\/p>\n<p>&nbsp;<\/p>\n<\/div>","protected":false},"excerpt":{"rendered":"<ul>\n<li><strong>Model:<\/strong>\u00a051.2V 100Ah 5kWh Toate \u00eentr-un singur sistem de energie solar\u0103<\/li>\n<li><strong>Ciclul de via\u021b\u0103:<\/strong>\u00a06000 de ori<\/li>\n<li><strong>Greutate:<\/strong>\u00a060KGS<\/li>\n<li><strong>Dimensiuni:<\/strong>\u00a0903*535*160 mm<\/li>\n<li><strong>Certificat:<\/strong>\u00a0CE\/UN38.3\/MSDS<\/li>\n<li><strong>Produc\u0103tori de sisteme de energie solar\u0103 All In One:<\/strong>\u00a0Kamada Power<\/li>\n<li><strong>Tip baterie:<\/strong>\u00a0Baterie LiFePO4<\/li>\n<li><strong>Caracteristici principale:<\/strong>\u00a0WiFi, APP personalizat (op\u021bional)<\/li>\n<li><strong>Suport pentru baterie:<\/strong>\u00a0Comer\u021b cu ridicata, OEM.ODM All In One Solar Power System<\/li>\n<li><strong>Garan\u021bie:<\/strong>\u00a010 ani<\/li>\n<li><strong>Timp de livrare:<\/strong>\u00a07-14 zile pentru mostre, 35-60 zile pentru produc\u021bia \u00een mas\u0103<\/li>\n<li><strong>Kamada Power Baterie Produse Sprijin cu ridicata, distribuitori \u0219i OEM ODM personalizat baterie. V\u0103 rug\u0103m\u00a0<a title=\"Contacta\u021bi Kamada Power\" href=\"https:\/\/www.kmdpower.com\/ro\/contact-us\/\" target=\"_blank\" rel=\"noopener\">Contacta\u021bi-ne<\/a>!<\/strong><\/li>\n<\/ul>","protected":false},"featured_media":1575,"template":"","meta":{"rank_math_lock_modified_date":false,"_kad_post_transparent":"default","_kad_post_title":"","_kad_post_layout":"default","_kad_post_sidebar_id":"","_kad_post_content_style":"default","_kad_post_vertical_padding":"default","_kad_post_feature":"","_kad_post_feature_position":"","_kad_post_header":false,"_kad_post_footer":false},"product_cat":[17,34],"product_tag":[224,242,319,327,323,324,325,326,332,333,334,335,336,337,338,339,340,341,342,343,344,345,346,347,366,367,384,385,388,392,79,418,509,511,616,641,706,815,816,817,932,933,934,1046,1112,1113,1120,1121,1119,1123],"class_list":{"0":"post-2324","1":"product","2":"type-product","3":"status-publish","4":"has-post-thumbnail","6":"product_cat-home-energy-storage-system","7":"product_cat-all-in-one-solar-power-system-manufacturers","8":"product_tag-3kwh-battery","9":"product_tag-48v-100ah-lifepo4-5-12-kwh","10":"product_tag-48v100ah-power-wall-5kwh-lithium-lifepo4-battery","11":"product_tag-5-12-kwh-lithium-battery","12":"product_tag-5-kw-battery","13":"product_tag-5-kwh-lithium-battery","14":"product_tag-5-kwh-lithium-ion-battery","15":"product_tag-5-kwh-solar-battery","16":"product_tag-52v-lifepo4-battery","17":"product_tag-5kw-battery","18":"product_tag-5kw-battery-storage","19":"product_tag-5kw-lithium-battery","20":"product_tag-5kw-lithium-ion-battery","21":"product_tag-5kw-powerwall","22":"product_tag-5kw-server-rack-battery","23":"product_tag-5kw-solar-battery","24":"product_tag-5kw-solar-system-battery-bank","25":"product_tag-5kwh","26":"product_tag-5kwh-2448v-server-rack-lifepo4","27":"product_tag-5kwh-48v-rack-battery","28":"product_tag-5kwh-battery-pack","29":"product_tag-5kwh-lifepo4-battery","30":"product_tag-5kwh-lithium-battery","31":"product_tag-6-5-kwh-lithium-battery","32":"product_tag-6kw-battery-storage","33":"product_tag-6kwh-lithium-battery","34":"product_tag-7kw-battery","35":"product_tag-7kwh-battery","36":"product_tag-9-6-kwh-lithium-battery","37":"product_tag-all-in-one-ess","38":"product_tag-all-in-one-solar-power-system","39":"product_tag-battery-5kwh","40":"product_tag-customized-5-kwh-lithium-ion-battery","41":"product_tag-customized-5kwh-lifepo4-battery","42":"product_tag-lifepo4-5kwh","43":"product_tag-lifepo4-battery-powerwall-5kw-48v","44":"product_tag-lithium-ion-battery-5kwh","45":"product_tag-odm-5kwh-lifepo4-battery","46":"product_tag-odm-5kwh-lifepo4-battery-manufacturer","47":"product_tag-odm-5kwh-lifepo4-battery-supplier","48":"product_tag-oem-5kwh-lifepo4-battery","49":"product_tag-oem-5kwh-lifepo4-battery-manufacturer","50":"product_tag-oem-5kwh-lifepo4-battery-supplier","51":"product_tag-server-rack-lifepo4-5kw","52":"product_tag-wholesale-48v-100ah-lifepo4-5-12-kwh-factory","53":"product_tag-wholesale-48v-100ah-lifepo4-5-12-kwh-supplier","54":"product_tag-wholesale-5-12-kwh-lithium-battery-manufacturers","55":"product_tag-wholesale-5-12-kwh-lithium-battery-supplier","56":"product_tag-wholesale-5-kwh-lithium-battery","57":"product_tag-wholesale-battery-5kwh","59":"first","60":"instock","61":"shipping-taxable","62":"product-type-simple","63":"entry","64":"content-bg","65":"loop-entry"},"_links":{"self":[{"href":"https:\/\/www.kmdpower.com\/ro\/wp-json\/wp\/v2\/product\/2324","targetHints":{"allow":["GET"]}}],"collection":[{"href":"https:\/\/www.kmdpower.com\/ro\/wp-json\/wp\/v2\/product"}],"about":[{"href":"https:\/\/www.kmdpower.com\/ro\/wp-json\/wp\/v2\/types\/product"}],"version-history":[{"count":3,"href":"https:\/\/www.kmdpower.com\/ro\/wp-json\/wp\/v2\/product\/2324\/revisions"}],"predecessor-version":[{"id":3919,"href":"https:\/\/www.kmdpower.com\/ro\/wp-json\/wp\/v2\/product\/2324\/revisions\/3919"}],"wp:featuredmedia":[{"embeddable":true,"href":"https:\/\/www.kmdpower.com\/ro\/wp-json\/wp\/v2\/media\/1575"}],"wp:attachment":[{"href":"https:\/\/www.kmdpower.com\/ro\/wp-json\/wp\/v2\/media?parent=2324"}],"wp:term":[{"taxonomy":"product_cat","embeddable":true,"href":"https:\/\/www.kmdpower.com\/ro\/wp-json\/wp\/v2\/product_cat?post=2324"},{"taxonomy":"product_tag","embeddable":true,"href":"https:\/\/www.kmdpower.com\/ro\/wp-json\/wp\/v2\/product_tag?post=2324"}],"curies":[{"name":"wp","href":"https:\/\/api.w.org\/{rel}","templated":true}]}}