{"id":2072,"date":"2024-10-10T06:07:06","date_gmt":"2024-10-10T06:07:06","guid":{"rendered":"http:\/\/www.kmdpower.com\/?post_type=product&#038;p=2072"},"modified":"2025-02-11T03:06:23","modified_gmt":"2025-02-11T03:06:23","slug":"48v-200ah-10kwh-home-energy-storage-lifepo4-battery-product","status":"publish","type":"product","link":"https:\/\/www.kmdpower.com\/ro\/48v-200ah-10kwh-home-energy-storage-lifepo4-battery-product\/","title":{"rendered":"48V 200ah 10Kwh Acumulator Lifepo4 de stocare a energiei casnice"},"content":{"rendered":"<p><a href=\"https:\/\/www.kmdpower.com\/ro\/contact-us\/\"><img fetchpriority=\"high\" decoding=\"async\" class=\"aligncenter\" src=\"http:\/\/www.kmdpower.com\/wp-content\/uploads\/Contact-US-Kamada-Power-Shenzhen-Kamada-Electronic-Co-Ltd.jpg\" alt=\"\" width=\"1000\" height=\"200\" \/><\/a><\/p>\n<p><img decoding=\"async\" class=\"aligncenter wp-image-1148 size-full\" src=\"http:\/\/www.kmdpower.com\/wp-content\/uploads\/Kamada-Power-5kWh-Powerwall-Battery-Simple-Version-01.jpg\" alt=\"Kamada Power 5kWh 10kwh Baterie Powerwall versiune simpl\u0103 01\" width=\"1000\" height=\"435\" \/><\/p>\n<h3 style=\"text-align: center;\">Kamada Power 48V 200Ah 10Kwh Home Energy Storage Lifepo4 Battery Simple Version Caracteristici<\/h3>\n<p><img decoding=\"async\" class=\"aligncenter wp-image-1333 size-full\" src=\"http:\/\/www.kmdpower.com\/wp-content\/uploads\/kamada-power-powerwall-sample-version-feature-001.jpg\" alt=\"kamada power powerwall versiune e\u0219antion caracteristic\u0103 001\" width=\"1000\" height=\"774\" \/><\/p>\n<h3 style=\"text-align: center;\">Func\u021bie de egalizare (op\u021bional\u0103 activ\u0103 sau pasiv\u0103)<\/h3>\n<p>&nbsp;<\/p>\n<p><img loading=\"lazy\" decoding=\"async\" class=\"aligncenter wp-image-978 size-full\" src=\"http:\/\/www.kmdpower.com\/wp-content\/uploads\/Active-Equalization-Function-and-Active-Passive-Optional-0.png\" alt=\"Func\u021bie de egalizare activ\u0103 \u0219i activ\u0103 pasiv\u0103 op\u021bional\u0103 0\" width=\"1000\" height=\"246\" \/><\/p>\n<div>\n<div>\n<div>\n<p>&nbsp;<\/p>\n<\/div>\n<\/div>\n<\/div>\n<div>\n<div>\n<div>\n<h3 style=\"text-align: center;\">Puncte forte ale produsului<\/h3>\n<p><strong>Func\u021bie de auto\u00eenc\u0103lzire<\/strong><br \/>\nTemperatura de pornire a \u00eenc\u0103lzirii \u22640 \u2103, temperatura de oprire a \u00eenc\u0103lzirii \u22655 \u2103. Func\u021bia de auto\u00eenc\u0103lzire din bateriile reziden\u021biale rezolv\u0103 \u00een mod eficient problema degrad\u0103rii performan\u021belor pe vreme rece, asigur\u00e2nd o func\u021bionare fiabil\u0103 \u0219i o durat\u0103 de via\u021b\u0103 prelungit\u0103 chiar \u0219i \u00een condi\u021bii climatice dificile, reduc\u00e2nd astfel costurile de \u00eentre\u021binere \u0219i \u00eembun\u0103t\u0103\u021bind eficien\u021ba general\u0103 a stoc\u0103rii energiei.<\/p>\n<p><strong>Suport pentru protocoale selectate automat<\/strong><\/p>\n<p>simplu \u0219i u\u0219or de integrat rapid invertoarele.<\/p>\n<p><strong>Monitorizare \u00een timp real Bluetooth prin aplica\u021bie<\/strong><br \/>\nMonitorizarea Bluetooth \u00een timp real prin intermediul unei aplica\u021bii pentru bateria de acas\u0103 rezolv\u0103 problema vizibilit\u0103\u021bii \u0219i controlului limitate asupra consumului de energie, oferindu-v\u0103 acces convenabil \u0219i imediat pentru a optimiza consumul de energie \u0219i eficien\u021ba stoc\u0103rii.<\/p>\n<p><strong>Baterie LiFePO4<\/strong><br \/>\n6000 cicluri Durat\u0103 lung\u0103 de via\u021b\u0103, greutate redus\u0103, capacitate mai mare, f\u0103r\u0103 \u00eentre\u021binere<\/p>\n<p><strong>Design modular Plug and Play<\/strong><br \/>\nDesignul de cablare ascendent\u0103 \u00een bateria reziden\u021bial\u0103 modular\u0103 plug-and-play simplific\u0103 instalarea, economisind timp \u0219i efort pentru dvs. Acesta asigur\u0103 o configurare rapid\u0103 \u0219i o integrare perfect\u0103, sporind confortul \u0219i eficien\u021ba opera\u021bional\u0103.<\/p>\n<p><strong>Cuplare DC sau AC, pe re\u021bea sau \u00een afara re\u021belei<\/strong><br \/>\nCuplarea DC sau AC pentru bateriile reziden\u021biale r\u0103spunde nevoilor dvs. de gestionare a energiei \u0219i de alimentare de rezerv\u0103 fiabil\u0103, fie la re\u021bea sau \u00een afara re\u021belei, sporind astfel independen\u021ba \u0219i fiabilitatea energetic\u0103.<\/p>\n<p><strong>Paralel\u0103<\/strong><br \/>\nBateria kamada power 10kwh powewall home suport\u0103 16 conexiuni paralele, satisf\u0103c\u00e2nd diverse nevoi de aplica\u021bii cu configura\u021bii flexibile \u0219i scalabile pentru performan\u021b\u0103 optimizat\u0103 \u0219i rentabilitate \u00een solu\u021biile de stocare a energiei.<\/p>\n<p>&nbsp;<\/p>\n<\/div>\n<\/div>\n<\/div>\n<p>&nbsp;<\/p>\n<h3 style=\"text-align: center;\">Sistem BMS fiabil Ultra Saftey<\/h3>\n<p><img loading=\"lazy\" decoding=\"async\" class=\"aligncenter wp-image-1283 size-full\" src=\"http:\/\/www.kmdpower.com\/wp-content\/uploads\/Kamada-Power-Battery-BMS.jpg\" alt=\"Kamada Power Baterie BMS\" width=\"1000\" height=\"401\" \/><\/p>\n<div>\n<p>BMS-ul bateriei Kamada Power Powerwall asigur\u0103 func\u021bionarea \u00een siguran\u021b\u0103 la temperaturi extreme, previne supra\u00eenc\u0103rcarea \u0219i supradesc\u0103rcarea, prelunge\u0219te durata de via\u021b\u0103 a bateriei \u0219i ofer\u0103 performan\u021be fiabile cu \u00eenc\u0103rcare \u0219i desc\u0103rcare eficient\u0103. De asemenea, include protec\u021bie la supracurent \u0219i scurtcircuit pentru siguran\u021ba sistemului, oferind utilizatorilor op\u021biuni pentru echilibrare activ\u0103 sau pasiv\u0103 pentru a optimiza performan\u021ba bateriei \u0219i eficien\u021ba energetic\u0103.<\/p>\n<\/div>\n<p>&nbsp;<\/p>\n<h3 style=\"text-align: center;\">Kamada Power Powerwall Baterie 5kwh 10kwh (Dimensiune Greutate)<\/h3>\n<p><img loading=\"lazy\" decoding=\"async\" class=\"aligncenter wp-image-1150 size-full\" src=\"http:\/\/www.kmdpower.com\/wp-content\/uploads\/Kamada-Power-5kWh-Powerwall-Battery-Simple-Version-03.jpg\" alt=\"Kamada Power 5kWh 10kwh Baterie Powerwall versiune simpl\u0103 03\" width=\"1000\" height=\"611\" \/><\/p>\n<p>&nbsp;<\/p>\n<h3 style=\"text-align: center;\">Kamada Power baterie invertor compatibil<\/h3>\n<p style=\"text-align: center;\">Compatibil cu 91% de invertoare de pe pia\u021b\u0103<\/p>\n<p><img loading=\"lazy\" decoding=\"async\" class=\"aligncenter wp-image-1288 size-full\" src=\"http:\/\/www.kmdpower.com\/wp-content\/uploads\/Kamada-Power-Battery-Inverter-Compatible-X01.jpg\" alt=\"Kamada Power baterie invertor compatibil X01\" width=\"1000\" height=\"552\" \/><\/p>\n<p style=\"text-align: center;\"><strong>Produsele Kamada Power Battery sunt compatibile cu 91% din m\u0103rcile de invertoare de pe pia\u021b\u0103<\/strong><\/p>\n<p>SMA,SRNE,IMEON ENGERGY,ZUCCHETTI,Ingeteam,AiSWEI,victron energy,must,moixa,megarevo,deye,growatt,studer,selectronic, voltronic power,sofar solar,sermatec,gmde,effekta,westernco,sungrow,luxpower,morningstar,delios,sungrow,luxpower,m\u0103rci de invertoare. voltronic power,sofar solar,sermatec,gmde,effekta,westernco,sungrow,luxpower,morningstar,delios,sunosynk,aeca,saj,solarmax,redback. invt,goodwe,solis,mlt,livoltek,eneiqy,solaxpower,opti-solar,kehua tech.(<strong>Mai jos este doar o list\u0103 par\u021bial\u0103 a m\u0103rcilor de invertoare<\/strong>)<\/p>\n<p>&nbsp;<\/p>\n<h3 style=\"text-align: center;\">Kamada Power Powerwall Diagrama de conectare a bateriei<\/h3>\n<p><img loading=\"lazy\" decoding=\"async\" class=\"aligncenter wp-image-1151 size-full\" src=\"http:\/\/www.kmdpower.com\/wp-content\/uploads\/Kamada-Power-5kWh-Powerwall-Battery-Simple-Version-04.jpg\" alt=\"Kamada Power 5kWh 10kwh Baterie Powerwall versiune simpl\u0103 04\" width=\"1000\" height=\"529\" \/><\/p>\n<p>&nbsp;<\/p>\n<h3 style=\"text-align: center;\">Scenariul aplica\u021biei bateriei Kamada Power Powerwall Home<\/h3>\n<div data-node=\"66bb1ada9ec32\" data-animation-delay=\"0.0\"><img loading=\"lazy\" decoding=\"async\" class=\"aligncenter wp-image-1354 size-full\" src=\"http:\/\/www.kmdpower.com\/wp-content\/uploads\/kamada-powerwall-battery-application-scenario-.jpg\" alt=\"scenariul aplica\u021biilor bateriei kamada powerwall\" width=\"1000\" height=\"462\" \/><\/div>\n<p>&nbsp;<\/p>\n<p><strong>Kamada Power Powerwall Home Battery Poate fi utilizat\u0103 \u00een urm\u0103toarele scenarii de aplicare:<\/strong><\/p>\n<p><strong>Sistemul solar:<\/strong>\u00a0Stoca\u021bi energia solar\u0103 pentru o alimentare constant\u0103 zi \u0219i noapte.<br \/>\n<strong>C\u0103l\u0103torii cu rulota:<\/strong>\u00a0Asigura\u021bi stocarea portabil\u0103 a energiei pentru c\u0103l\u0103torii.<br \/>\n<strong>Barc\u0103 \/ Marin\u0103:<\/strong>\u00a0Asigura\u021bi o alimentare ne\u00eentrerupt\u0103 \u00een timpul navig\u0103rii sau al andoc\u0103rii.<br \/>\n<strong>\u00cen afara re\u021belei:<\/strong>\u00a0R\u0103m\u00e2ne\u021bi conectat cu energie de rezerv\u0103 fiabil\u0103 \u00een loca\u021bii \u00eendep\u0103rtate.<\/p>\n<p>&nbsp;<\/p>\n<h3 style=\"text-align: center;\">De ce s\u0103 alege\u021bi Kamada Power OEM ODM pentru produsele dvs. de baterii?<\/h3>\n<p><strong>Nu trebuie s\u0103 v\u0103 face\u021bi griji cu privire la aceste provoc\u0103ri legate de problemele bateriei personalizate!<\/strong><br \/>\nImposibilitatea de a satisface cerin\u021bele dvs. de baterii personalizate, timpul de produc\u021bie lung, timpul de livrare lent, comunicarea ineficient\u0103, nicio garan\u021bie a calit\u0103\u021bii, pre\u021bul necompetitiv al produsului \u0219i experien\u021ba proast\u0103 a serviciilor sunt aceste probleme!<\/p>\n<p><strong>Puterea profesionalismului!<\/strong><br \/>\nAm servit mii de clien\u021bi de baterii din diverse industrii \u0219i am personalizat mii de produse de baterii! Cunoa\u0219tem importan\u021ba comunic\u0103rii \u00een profunzime a nevoilor, cunoa\u0219tem produsele de baterii de la proiectare la produc\u021bia de mas\u0103 a diferitelor provoc\u0103ri \u0219i probleme tehnice \u0219i cum s\u0103 rezolv\u0103m rapid \u0219i eficient aceste probleme!<\/p>\n<p><strong>Dezvolta\u021bi solu\u021bii eficiente pentru baterii personalizate!<\/strong><br \/>\nCa r\u0103spuns la nevoile dvs. de baterii personalizate, vom desemna \u00een mod specific echipa de proiect de tehnologie a bateriei pentru a v\u0103 oferi servicii 1-la-1. Comunic\u0103m cu dvs. \u00een profunzime despre industrie, scenarii, cerin\u021be, puncte sensibile, performan\u021b\u0103, func\u021bionalitate \u0219i dezvolt\u0103m solu\u021bii personalizate pentru baterii.<\/p>\n<p><strong>Livrare rapid\u0103 a produc\u021biei de baterii personalizate!<\/strong><br \/>\nSuntem agili \u0219i rapizi pentru a v\u0103 ajuta s\u0103 realiza\u021bi de la proiectarea produsului baterie, la e\u0219antionarea bateriei, la produc\u021bia de mas\u0103 a produsului baterie. Atinge\u021bi proiectarea rapid\u0103 a produsului, produc\u021bia \u0219i fabricarea rapid\u0103, livrarea \u0219i expedierea rapid\u0103, cea mai bun\u0103 calitate \u0219i pre\u021bul de fabric\u0103 pentru baterii personalizate!<\/p>\n<p><strong>V\u0103 ajut\u0103 s\u0103 profita\u021bi rapid de oportunitatea pie\u021bei bateriilor de stocare a energiei!<\/strong><br \/>\nKamada Power v\u0103 ajut\u0103 s\u0103 ob\u021bine\u021bi rapid produse de baterii personalizate diferen\u021biate, s\u0103 \u00eembun\u0103t\u0103\u021bi\u021bi competitivitatea produselor \u0219i s\u0103 v\u0103 ajuta\u021bi s\u0103 prelua\u021bi rapid conducerea pe pia\u021ba bateriilor de stocare a energiei.<\/p>\n<p>&nbsp;<\/p>\n<h3 style=\"text-align: center;\">Shenzhen Kamada Electronic Co., Ltd<br \/>\nExpozi\u021bia Kamada Power<\/h3>\n<p><img loading=\"lazy\" decoding=\"async\" class=\"aligncenter wp-image-1297 size-full\" src=\"http:\/\/www.kmdpower.com\/wp-content\/uploads\/Kamada-Power-Exhibition-Shenzhen-Kamada-Electronic-Co-Ltd.png\" alt=\"Expozi\u021bia Kamada Power Shenzhen Kamada Electronic Co Ltd\" width=\"1920\" height=\"841\" \/><\/p>\n<p>&nbsp;<\/p>\n<h3 style=\"text-align: center;\">Certificarea produc\u0103torilor de baterii Kamada Power<\/h3>\n<p><img loading=\"lazy\" decoding=\"async\" class=\"aligncenter wp-image-1285 size-full\" src=\"http:\/\/www.kmdpower.com\/wp-content\/uploads\/Kamada-Power-Battery-Certification.png\" alt=\"Certificarea produc\u0103torilor de baterii Kamada Power\" width=\"1344\" height=\"462\" \/><\/p>\n<p>&nbsp;<\/p>\n<h3 style=\"text-align: center;\">Kamada Power Battery Produc\u0103tori Fabrica Procesul de produc\u021bie<\/h3>\n<p><img loading=\"lazy\" decoding=\"async\" class=\"aligncenter wp-image-1323 size-full\" src=\"http:\/\/www.kmdpower.com\/wp-content\/uploads\/Kamada-Power-Lithium-ion-Battery-Manufacturers-Factory-Production-Process-02.jpg\" alt=\"Kamada Power Produc\u0103tori de baterii litiu-ion Fabrica Procesul de produc\u021bie 02\" width=\"1000\" height=\"517\" \/><\/p>\n<p>&nbsp;<\/p>\n<h3 style=\"text-align: center;\">Produc\u0103tori de baterii Kamada Power<\/h3>\n<p><img loading=\"lazy\" decoding=\"async\" class=\"aligncenter wp-image-1324 size-full\" src=\"http:\/\/www.kmdpower.com\/wp-content\/uploads\/Kamada-Power-Lithium-ion-Battery-Manufacturers-Factory-Show.jpg\" alt=\"Kamada Power Produc\u0103tori de baterii litiu-ion Factory Show\" width=\"1000\" height=\"584\" \/><\/p>\n<p>Fabrica de baterii Kamada Power produce toate tipurile de solu\u021bii personalizate pentru baterii oem odm: baterii solare de uz casnic, baterii pentru vehicule de mic\u0103 vitez\u0103 (baterii de golf, baterii RV, baterii de litiu cu plumb convertit, baterii pentru c\u0103rucioare electrice, baterii pentru stivuitoare), baterii marine, baterii pentru nave de croazier\u0103, baterii de \u00eenalt\u0103 tensiune, baterii stivuite,\u00a0<strong><a title=\"Produc\u0103tori de baterii cu ioni de sodiu\" href=\"http:\/\/www.kmdpower.com\/ro\/sodium-ion-battery-manufacturers\/\" target=\"_blank\" rel=\"noopener\">Baterie cu ioni de sodiu<\/a>,\u00a0<a href=\"http:\/\/www.kmdpower.com\/ro\/commercial-energy-storage-systems\/\" target=\"_blank\" rel=\"noopener\">sisteme industriale \u0219i comerciale de stocare a energiei<\/a><\/strong><\/p>\n<p>&nbsp;<\/p>","protected":false},"excerpt":{"rendered":"<ul>\n<li><strong>Model:<\/strong>\u00a048V 200ah 10Kwh Acumulator Lifepo4 de stocare a energiei casnice<\/li>\n<li><strong>Ciclul de via\u021b\u0103:<\/strong>\u00a06000 de ori<\/li>\n<li><strong>Greutate:<\/strong>\u00a089KGS<\/li>\n<li><strong>Dimensiuni:<\/strong>\u00a0547*471*248 mm<\/li>\n<li><strong>Certificat:<\/strong>\u00a0CE\/UN38.3\/MSDS<\/li>\n<li><strong>Produc\u0103torii de baterii Powerwall Home:<\/strong>\u00a0Kamada Power<\/li>\n<li><strong>Tip baterie:<\/strong>\u00a0Baterie LiFePO4<\/li>\n<li><strong>Caracteristici principale:<\/strong>\u00a0Bluetooth, Wifi, \u00eenc\u0103lzire automat\u0103, APP personalizat (op\u021bional)<\/li>\n<li><strong>Suport pentru baterie:<\/strong>\u00a0Cu ridicata, OEM.ODM Baterie solar\u0103 montat\u0103 pe perete<\/li>\n<li><strong>Garan\u021bie:<\/strong>\u00a010 ani<\/li>\n<li><strong>Timp de livrare:<\/strong>\u00a07-14 zile pentru mostre, 35-60 zile pentru produc\u021bia \u00een mas\u0103<\/li>\n<li><strong>Kamada Power Baterie Produse Sprijin cu ridicata, distribuitori \u0219i OEM ODM personalizat baterie. V\u0103 rug\u0103m\u00a0<a title=\"Contacta\u021bi Kamada Power\" href=\"https:\/\/www.kmdpower.com\/ro\/contact-us\/\" target=\"_blank\" rel=\"noopener\">Contacta\u021bi-ne<\/a>!<\/strong><\/li>\n<\/ul>","protected":false},"featured_media":1568,"template":"","meta":{"rank_math_lock_modified_date":false,"_kad_post_transparent":"default","_kad_post_title":"","_kad_post_layout":"default","_kad_post_sidebar_id":"","_kad_post_content_style":"default","_kad_post_vertical_padding":"default","_kad_post_feature":"","_kad_post_feature_position":"","_kad_post_header":false,"_kad_post_footer":false},"product_cat":[17,23],"product_tag":[85,86,87,88,89,93,94,95,96,97,98,99,100,101,102,103,104,105,106,55,107,268,487,514,521,48,596,49,50,676,756,757,830,831,904,943,944,945,56,1108,1109,1110,1130,1131,1132,1133],"class_list":{"0":"post-2072","1":"product","2":"type-product","3":"status-publish","4":"has-post-thumbnail","6":"product_cat-home-energy-storage-system","7":"product_cat-power-wall","8":"product_tag-10-kw-lithium-battery","9":"product_tag-10-kw-lithium-battery-pack","10":"product_tag-10-kw-solar-battery","11":"product_tag-10-kwh-lithium-battery","12":"product_tag-10-kwh-lithium-ion-battery","13":"product_tag-10kw-battery","14":"product_tag-10kw-battery-pack","15":"product_tag-10kw-home-battery","16":"product_tag-10kw-lifepo4-battery","17":"product_tag-10kw-lithium-battery","18":"product_tag-10kw-lithium-ion-battery","19":"product_tag-10kw-powerwall","20":"product_tag-10kw-solar-battery","21":"product_tag-10kwh-48v-lifepo4","22":"product_tag-10kwh-48v-lifepo4-manufacturer","23":"product_tag-10kwh-51-2-v-200ah-lifepo4-lithium-battery","24":"product_tag-10kwh-lifepo4-battery","25":"product_tag-10kwh-lithium-battery","26":"product_tag-10kwh-lithium-battery-48v","27":"product_tag-10kwh-powerwall","28":"product_tag-10kwh-solar-battery","29":"product_tag-48v-200ah-to-kwh","30":"product_tag-customized-10kwh-lifepo4-battery","31":"product_tag-customized-lifepo4-10kwh","32":"product_tag-customized-lithium-ion-battery-10kwh","33":"product_tag-home-battery","34":"product_tag-lifepo4-10kwh","35":"product_tag-lifepo4-200ah","36":"product_tag-lifepo4-battery","37":"product_tag-lithium-battery-10-kwh","38":"product_tag-odm-10kwh-lifepo4-battery-manufacturer","39":"product_tag-odm-10kwh-lifepo4-battery-supplier","40":"product_tag-odm-lifepo4-10kwh-manufacturer","41":"product_tag-odm-lifepo4-10kwh-supplier","42":"product_tag-oem-10kwh-lifepo4-battery-manufacturer","43":"product_tag-oem-lifepo4-10kwh","44":"product_tag-oem-lifepo4-10kwh-manufacturer","45":"product_tag-oem-lifepo4-10kwh-supplier","46":"product_tag-powerwall","47":"product_tag-wholesale-10kw-lithium-ion-battery-manufacturer","48":"product_tag-wholesale-13kw-solar-battery-factories","49":"product_tag-wholesale-13kw-solar-battery-manufacturers","50":"product_tag-wholesale-lifepo4-10kwh-factories","51":"product_tag-wholesale-lifepo4-10kwh-factory","52":"product_tag-wholesale-lifepo4-10kwh-manufacturers","53":"product_tag-wholesale-lifepo4-10kwh-suppliers","55":"first","56":"instock","57":"featured","58":"shipping-taxable","59":"product-type-simple","60":"entry","61":"content-bg","62":"loop-entry"},"_links":{"self":[{"href":"https:\/\/www.kmdpower.com\/ro\/wp-json\/wp\/v2\/product\/2072","targetHints":{"allow":["GET"]}}],"collection":[{"href":"https:\/\/www.kmdpower.com\/ro\/wp-json\/wp\/v2\/product"}],"about":[{"href":"https:\/\/www.kmdpower.com\/ro\/wp-json\/wp\/v2\/types\/product"}],"version-history":[{"count":4,"href":"https:\/\/www.kmdpower.com\/ro\/wp-json\/wp\/v2\/product\/2072\/revisions"}],"predecessor-version":[{"id":4013,"href":"https:\/\/www.kmdpower.com\/ro\/wp-json\/wp\/v2\/product\/2072\/revisions\/4013"}],"wp:featuredmedia":[{"embeddable":true,"href":"https:\/\/www.kmdpower.com\/ro\/wp-json\/wp\/v2\/media\/1568"}],"wp:attachment":[{"href":"https:\/\/www.kmdpower.com\/ro\/wp-json\/wp\/v2\/media?parent=2072"}],"wp:term":[{"taxonomy":"product_cat","embeddable":true,"href":"https:\/\/www.kmdpower.com\/ro\/wp-json\/wp\/v2\/product_cat?post=2072"},{"taxonomy":"product_tag","embeddable":true,"href":"https:\/\/www.kmdpower.com\/ro\/wp-json\/wp\/v2\/product_tag?post=2072"}],"curies":[{"name":"wp","href":"https:\/\/api.w.org\/{rel}","templated":true}]}}