{"id":3493,"date":"2024-12-29T14:25:00","date_gmt":"2024-12-29T14:25:00","guid":{"rendered":"http:\/\/www.kmdpower.com\/?page_id=3493"},"modified":"2025-02-04T17:54:33","modified_gmt":"2025-02-04T17:54:33","slug":"about","status":"publish","type":"page","link":"https:\/\/www.kmdpower.com\/ro\/about-us-2\/","title":{"rendered":"Despre"},"content":{"rendered":"<div data-elementor-type=\"wp-page\" data-elementor-id=\"3493\" class=\"elementor elementor-3493\" data-elementor-post-type=\"page\">\n\t\t\t\t<div class=\"elementor-element elementor-element-d1b6cf2 e-flex e-con-boxed e-con e-parent\" data-id=\"d1b6cf2\" data-element_type=\"container\" data-settings=\"{&quot;_ha_eqh_enable&quot;:&quot;yes&quot;,&quot;_ha_eqh_to&quot;:&quot;widget&quot;,&quot;_ha_eqh_disable_on_tablet&quot;:&quot;no&quot;,&quot;_ha_eqh_disable_on_mobile&quot;:&quot;yes&quot;}\">\n\t\t\t\t\t<div class=\"e-con-inner\">\n\t\t<div class=\"elementor-element elementor-element-96cb284 e-con-full e-flex e-con e-child\" data-id=\"96cb284\" data-element_type=\"container\" data-settings=\"{&quot;_ha_eqh_enable&quot;:&quot;yes&quot;,&quot;_ha_eqh_to&quot;:&quot;widget&quot;,&quot;_ha_eqh_disable_on_tablet&quot;:&quot;no&quot;,&quot;_ha_eqh_disable_on_mobile&quot;:&quot;yes&quot;}\">\n\t\t\t\t<div class=\"elementor-element elementor-element-dccf2df elementor-widget elementor-widget-heading\" data-id=\"dccf2df\" data-element_type=\"widget\" data-widget_type=\"heading.default\">\n\t\t\t\t<div class=\"elementor-widget-container\">\n\t\t\t<h2 class=\"elementor-heading-title elementor-size-default\">Shenzhen Kamada Electronic Co., Ltd<\/h2>\t\t<\/div>\n\t\t\t\t<\/div>\n\t\t\t\t<div class=\"elementor-element elementor-element-65b0ea7 elementor-widget elementor-widget-text-editor\" data-id=\"65b0ea7\" data-element_type=\"widget\" data-widget_type=\"text-editor.default\">\n\t\t\t\t<div class=\"elementor-widget-container\">\n\t\t\t\t\t\t\t<p>Shenzhen Kamada Electronic Co., Ltd. este o \u00eentreprindere de \u00eenalt\u0103 tehnologie specializat\u0103 \u00een cercetarea \u0219i dezvoltarea, fabricarea \u0219i v\u00e2nzarea de baterii litiu-fier-fosfat pentru sistemul de stocare a energiei, sisteme comerciale de stocare a energiei, baterie cu ioni de sodiu, solu\u021bie de baterie de \u00eenlocuire sla.<\/p><p>Produsele noastre sunt calificate cu ISO9001, UL, CB, IEC62133, CE, ROHS, UN38.3 \u0219i MSDS standard \u0219i se aplic\u0103 pe scar\u0103 larg\u0103 la sistemele de stocare a energiei comerciale, baterie cu ioni de sodiu, sistem de stocare a energiei solare acas\u0103, UPS, Golf Cart, c\u0103rucior, Yacht Fishing Boat, Stivuitor \u0219i alte zone de baterii personalizate, echipele noastre de cercetare \u0219i dezvoltare sunt capabile de cercetare \u0219i dezvoltare hardware \u0219i software.<\/p><p>Kamada Power de\u021bine o echip\u0103 excelent\u0103 de ingineri cu o bogat\u0103 experien\u021b\u0103 \u00een dezvoltarea cercet\u0103rii \u00een domeniul bateriilor \u0219i acord\u0103 \u00eentotdeauna aten\u021bie dezvolt\u0103rii recente \u00een domeniul bateriilor cu litiu \u0219i celor mai recente aplica\u021bii.<\/p><p>\u00cen prezent, sus\u021binem diverse solu\u021bii personalizate de baterii RS485 \/ RS232 \/ CANBUS \/ Bluetooth, egalizare activ\u0103, auto-\u00eenc\u0103lzire a bateriei, desc\u0103rcare \u0219i \u00eenc\u0103rcare de control la temperatur\u0103 ridicat\u0103 \u0219i sc\u0103zut\u0103.\u00cen acela\u0219i timp, are un grup de produc\u021bie profesional\u0103 \u0219i o echip\u0103 de management al calit\u0103\u021bii, care controleaz\u0103 strict procesul de produc\u021bie pentru fiecare pas.<\/p>\t\t\t\t\t\t<\/div>\n\t\t\t\t<\/div>\n\t\t\t\t<\/div>\n\t\t<div class=\"elementor-element elementor-element-336b48d e-con-full e-flex e-con e-child\" data-id=\"336b48d\" data-element_type=\"container\" data-settings=\"{&quot;_ha_eqh_enable&quot;:&quot;yes&quot;,&quot;_ha_eqh_to&quot;:&quot;widget&quot;,&quot;_ha_eqh_disable_on_tablet&quot;:&quot;no&quot;,&quot;_ha_eqh_disable_on_mobile&quot;:&quot;yes&quot;}\">\n\t\t\t\t<div class=\"elementor-element elementor-element-c966210 elementor-widget elementor-widget-image\" data-id=\"c966210\" data-element_type=\"widget\" data-widget_type=\"image.default\">\n\t\t\t\t<div class=\"elementor-widget-container\">\n\t\t\t\t\t\t\t\t\t\t\t\t\t<img fetchpriority=\"high\" decoding=\"async\" width=\"1024\" height=\"768\" src=\"https:\/\/www.kmdpower.com\/wp-content\/uploads\/factory-tour6.jpg\" class=\"attachment-large size-large wp-image-1068\" alt=\"Fabrica de baterii Kamada Power\" \/>\t\t\t\t\t\t\t\t\t\t\t\t\t<\/div>\n\t\t\t\t<\/div>\n\t\t\t\t<\/div>\n\t\t\t\t\t<\/div>\n\t\t\t\t<\/div>\n\t\t<div class=\"elementor-element elementor-element-5d46f0c e-flex e-con-boxed e-con e-parent\" data-id=\"5d46f0c\" data-element_type=\"container\" data-settings=\"{&quot;_ha_eqh_enable&quot;:false}\">\n\t\t\t\t\t<div class=\"e-con-inner\">\n\t\t\t\t<div class=\"elementor-element elementor-element-4acbe64 elementor-widget elementor-widget-heading\" data-id=\"4acbe64\" data-element_type=\"widget\" data-widget_type=\"heading.default\">\n\t\t\t\t<div class=\"elementor-widget-container\">\n\t\t\t<h2 class=\"elementor-heading-title elementor-size-default\">Expozi\u021bia Kamada Power Battery\n<\/h2>\t\t<\/div>\n\t\t\t\t<\/div>\n\t\t\t\t<div class=\"elementor-element elementor-element-c2c227b elementor-widget elementor-widget-image\" data-id=\"c2c227b\" data-element_type=\"widget\" data-widget_type=\"image.default\">\n\t\t\t\t<div class=\"elementor-widget-container\">\n\t\t\t\t\t\t\t\t\t\t\t\t\t<img decoding=\"async\" width=\"1024\" height=\"449\" src=\"https:\/\/www.kmdpower.com\/wp-content\/uploads\/kamada-power-lithium-battery-manufacturer-exhibition-.jpg\" class=\"attachment-large size-large wp-image-1319\" alt=\"expozi\u021bia produc\u0103torului de baterii cu litiu kamada power\" \/>\t\t\t\t\t\t\t\t\t\t\t\t\t<\/div>\n\t\t\t\t<\/div>\n\t\t\t\t\t<\/div>\n\t\t\t\t<\/div>\n\t\t<div class=\"elementor-element elementor-element-c1f2c31 e-flex e-con-boxed e-con e-parent\" data-id=\"c1f2c31\" data-element_type=\"container\" data-settings=\"{&quot;_ha_eqh_enable&quot;:false}\">\n\t\t\t\t\t<div class=\"e-con-inner\">\n\t\t\t\t<div class=\"elementor-element elementor-element-20d8717 elementor-widget elementor-widget-heading\" data-id=\"20d8717\" data-element_type=\"widget\" data-widget_type=\"heading.default\">\n\t\t\t\t<div class=\"elementor-widget-container\">\n\t\t\t<h2 class=\"elementor-heading-title elementor-size-default\">Certificare<\/h2>\t\t<\/div>\n\t\t\t\t<\/div>\n\t\t\t\t<div class=\"elementor-element elementor-element-eb50d01 elementor-widget elementor-widget-image\" data-id=\"eb50d01\" data-element_type=\"widget\" data-widget_type=\"image.default\">\n\t\t\t\t<div class=\"elementor-widget-container\">\n\t\t\t\t\t\t\t\t\t\t\t\t\t<img decoding=\"async\" width=\"1024\" height=\"352\" src=\"https:\/\/www.kmdpower.com\/wp-content\/uploads\/kamada-power-battery-certification.jpg\" class=\"attachment-large size-large wp-image-1284\" alt=\"expozi\u021bia produc\u0103torului de baterii cu litiu kamada power\" \/>\t\t\t\t\t\t\t\t\t\t\t\t\t<\/div>\n\t\t\t\t<\/div>\n\t\t\t\t\t<\/div>\n\t\t\t\t<\/div>\n\t\t<div class=\"elementor-element elementor-element-e350556 e-flex e-con-boxed e-con e-parent\" data-id=\"e350556\" data-element_type=\"container\" data-settings=\"{&quot;_ha_eqh_enable&quot;:false}\">\n\t\t\t\t\t<div class=\"e-con-inner\">\n\t\t\t\t<div class=\"elementor-element elementor-element-7391998 elementor-widget elementor-widget-heading\" data-id=\"7391998\" data-element_type=\"widget\" data-widget_type=\"heading.default\">\n\t\t\t\t<div class=\"elementor-widget-container\">\n\t\t\t<h2 class=\"elementor-heading-title elementor-size-default\">Produc\u0103tori de baterii litiu-ion Kamada Power<\/h2>\t\t<\/div>\n\t\t\t\t<\/div>\n\t\t\t\t<div class=\"elementor-element elementor-element-94db0c0 elementor-widget elementor-widget-image\" data-id=\"94db0c0\" data-element_type=\"widget\" data-widget_type=\"image.default\">\n\t\t\t\t<div class=\"elementor-widget-container\">\n\t\t\t\t\t\t\t\t\t\t\t\t\t<img loading=\"lazy\" decoding=\"async\" width=\"1024\" height=\"621\" src=\"https:\/\/www.kmdpower.com\/wp-content\/uploads\/Kamada-Power-Lithium-ion-Battery-Manufacturers.jpg\" class=\"attachment-large size-large wp-image-1320\" alt=\"Produc\u0103tori de baterii litiu-ion Kamada Power\" \/>\t\t\t\t\t\t\t\t\t\t\t\t\t<\/div>\n\t\t\t\t<\/div>\n\t\t\t\t\t<\/div>\n\t\t\t\t<\/div>\n\t\t\t\t<\/div>","protected":false},"excerpt":{"rendered":"<p>Shenzhen Kamada Electronic Co., Ltd Shenzhen Kamada Electronic Co., Ltd. este o \u00eentreprindere de \u00eenalt\u0103 tehnologie specializat\u0103 \u00een cercetarea \u0219i dezvoltarea, fabricarea \u0219i v\u00e2nzarea de baterii litiu-fier-fosfat pentru sisteme de stocare a energiei, sisteme comerciale de stocare a energiei, baterii cu ioni de sodiu, solu\u021bii de \u00eenlocuire a bateriei sla. Produsele noastre sunt calificate cu ISO9001, UL, CB, IEC62133, CE, ROHS, UN38.3 \u0219i MSDS standard \u0219i se aplic\u0103 pe scar\u0103 larg\u0103 la stocarea energiei comerciale...<\/p>","protected":false},"author":1,"featured_media":0,"parent":0,"menu_order":0,"comment_status":"closed","ping_status":"closed","template":"elementor_theme","meta":{"rank_math_lock_modified_date":false,"_kad_post_transparent":"","_kad_post_title":"hide","_kad_post_layout":"fullwidth","_kad_post_sidebar_id":"","_kad_post_content_style":"unboxed","_kad_post_vertical_padding":"hide","_kad_post_feature":"hide","_kad_post_feature_position":"","_kad_post_header":false,"_kad_post_footer":false,"footnotes":""},"class_list":["post-3493","page","type-page","status-publish","hentry"],"_links":{"self":[{"href":"https:\/\/www.kmdpower.com\/ro\/wp-json\/wp\/v2\/pages\/3493","targetHints":{"allow":["GET"]}}],"collection":[{"href":"https:\/\/www.kmdpower.com\/ro\/wp-json\/wp\/v2\/pages"}],"about":[{"href":"https:\/\/www.kmdpower.com\/ro\/wp-json\/wp\/v2\/types\/page"}],"author":[{"embeddable":true,"href":"https:\/\/www.kmdpower.com\/ro\/wp-json\/wp\/v2\/users\/1"}],"replies":[{"embeddable":true,"href":"https:\/\/www.kmdpower.com\/ro\/wp-json\/wp\/v2\/comments?post=3493"}],"version-history":[{"count":19,"href":"https:\/\/www.kmdpower.com\/ro\/wp-json\/wp\/v2\/pages\/3493\/revisions"}],"predecessor-version":[{"id":4097,"href":"https:\/\/www.kmdpower.com\/ro\/wp-json\/wp\/v2\/pages\/3493\/revisions\/4097"}],"wp:attachment":[{"href":"https:\/\/www.kmdpower.com\/ro\/wp-json\/wp\/v2\/media?parent=3493"}],"curies":[{"name":"wp","href":"https:\/\/api.w.org\/{rel}","templated":true}]}}