{"id":4478,"date":"2025-06-04T10:14:14","date_gmt":"2025-06-04T10:14:14","guid":{"rendered":"https:\/\/www.kmdpower.com\/?post_type=product&#038;p=4478"},"modified":"2025-06-05T12:20:18","modified_gmt":"2025-06-05T12:20:18","slug":"kamada-power-10kwh-home-sodium-battery","status":"publish","type":"product","link":"https:\/\/www.kmdpower.com\/pt\/product\/kamada-power-10kwh-home-sodium-battery\/","title":{"rendered":"Bateria de s\u00f3dio dom\u00e9stica Kamada Power 10kWh"},"content":{"rendered":"<div data-elementor-type=\"product-post\" data-elementor-id=\"4478\" class=\"elementor elementor-4478\" data-elementor-post-type=\"product\">\n\t\t\t\t<div class=\"elementor-element elementor-element-6d06c60f e-flex e-con-boxed e-con e-parent\" data-id=\"6d06c60f\" data-element_type=\"container\" data-settings=\"{&quot;_ha_eqh_enable&quot;:false}\">\n\t\t\t\t\t<div class=\"e-con-inner\">\n\t\t\t\t<div class=\"elementor-element elementor-element-69101ed elementor-widget elementor-widget-text-editor\" data-id=\"69101ed\" data-element_type=\"widget\" data-widget_type=\"text-editor.default\">\n\t\t\t\t<div class=\"elementor-widget-container\">\n\t\t\t\t\t\t\t<p><img fetchpriority=\"high\" decoding=\"async\" class=\"aligncenter\" src=\"https:\/\/www.kmdpower.com\/wp-content\/uploads\/kamada-power-48v-210ah-10kWh-Home-Sodium-Battery-001.jpg\" alt=\"\" width=\"1000\" height=\"420\" \/><br \/><img decoding=\"async\" class=\"size-full wp-image-4495 aligncenter\" src=\"https:\/\/www.kmdpower.com\/wp-content\/uploads\/kamada-power-48v-210ah-10kWh-Home-Sodium-Battery-0002.jpg\" alt=\"\" width=\"1000\" height=\"630\" srcset=\"https:\/\/www.kmdpower.com\/wp-content\/uploads\/kamada-power-48v-210ah-10kWh-Home-Sodium-Battery-0002.jpg 1000w, https:\/\/www.kmdpower.com\/wp-content\/uploads\/kamada-power-48v-210ah-10kWh-Home-Sodium-Battery-0002-300x189.jpg 300w, https:\/\/www.kmdpower.com\/wp-content\/uploads\/kamada-power-48v-210ah-10kWh-Home-Sodium-Battery-0002-768x484.jpg 768w, https:\/\/www.kmdpower.com\/wp-content\/uploads\/kamada-power-48v-210ah-10kWh-Home-Sodium-Battery-0002-18x12.jpg 18w, https:\/\/www.kmdpower.com\/wp-content\/uploads\/kamada-power-48v-210ah-10kWh-Home-Sodium-Battery-0002-600x378.jpg 600w\" sizes=\"(max-width: 1000px) 100vw, 1000px\" \/><\/p><h3 style=\"text-align: center;\"><strong>Carater\u00edsticas da bateria de s\u00f3dio dom\u00e9stica Kamada Power 10kWh<\/strong><\/h3><p><strong>Alto desempenho em temperaturas extremamente baixas<\/strong><br \/>Bateria de i\u00f5es de s\u00f3dio incorporada BMS, suporta descarga a -30 \u2103, sem medo do tempo frio do servidor.<\/p><p><strong>Seguran\u00e7a do que lifepo4<\/strong><br \/>A seguran\u00e7a n\u00e3o \u00e9 um custo, \u00e9 um investimento no futuro.<br \/>mais seguro do que o lifepo4, armazenador de energia. Atualmente \u00e9 o material de bateria mais seguro<\/p><p><strong>Bluetooth em tempo real<\/strong><br \/>monitoriza\u00e7\u00e3o atrav\u00e9s da aplica\u00e7\u00e3o (opcional)<\/p><p><strong>Protocolo Easy Change Inverter<\/strong><br \/>Escolha o protocolo do inversor no ecr\u00e3, sem necessidade de cabo extra. Ecr\u00e3 t\u00e1til (opcional)<\/p><h3 style=\"text-align: center;\">Sistema BMS fi\u00e1vel e ultra seguro<\/h3><p><img decoding=\"async\" class=\"aligncenter\" src=\"https:\/\/www.kmdpower.com\/wp-content\/uploads\/Kamada-Power-Battery-BMS.jpg\" alt=\"\" width=\"1000\" height=\"401\" \/><\/p><p>O BMS da bateria de i\u00f5es de s\u00f3dio dom\u00e9stica Kamada Power garante um funcionamento seguro em temperaturas extremas, evita a sobrecarga e a descarga excessiva, prolonga a vida \u00fatil da bateria e proporciona um desempenho fi\u00e1vel com carga e descarga eficientes. Inclui tamb\u00e9m prote\u00e7\u00e3o contra sobrecorrente e curto-circuito para seguran\u00e7a do sistema, oferecendo aos utilizadores op\u00e7\u00f5es de equil\u00edbrio ativo ou passivo para otimizar o desempenho da bateria e a efici\u00eancia energ\u00e9tica.<\/p><p><img loading=\"lazy\" decoding=\"async\" class=\"size-full wp-image-4496 aligncenter\" src=\"https:\/\/www.kmdpower.com\/wp-content\/uploads\/kamada-power-48v-210ah-10kWh-Home-Sodium-Battery-0004.jpg\" alt=\"\" width=\"1000\" height=\"625\" srcset=\"https:\/\/www.kmdpower.com\/wp-content\/uploads\/kamada-power-48v-210ah-10kWh-Home-Sodium-Battery-0004.jpg 1000w, https:\/\/www.kmdpower.com\/wp-content\/uploads\/kamada-power-48v-210ah-10kWh-Home-Sodium-Battery-0004-300x188.jpg 300w, https:\/\/www.kmdpower.com\/wp-content\/uploads\/kamada-power-48v-210ah-10kWh-Home-Sodium-Battery-0004-768x480.jpg 768w, https:\/\/www.kmdpower.com\/wp-content\/uploads\/kamada-power-48v-210ah-10kWh-Home-Sodium-Battery-0004-18x12.jpg 18w, https:\/\/www.kmdpower.com\/wp-content\/uploads\/kamada-power-48v-210ah-10kWh-Home-Sodium-Battery-0004-600x375.jpg 600w\" sizes=\"(max-width: 1000px) 100vw, 1000px\" \/><br \/><img loading=\"lazy\" decoding=\"async\" class=\"aligncenter\" src=\"https:\/\/www.kmdpower.com\/wp-content\/uploads\/kamada-power-48v-210ah-10kWh-Home-Sodium-Battery-003.jpg\" alt=\"\" width=\"1000\" height=\"817\" \/><br \/><img loading=\"lazy\" decoding=\"async\" class=\"aligncenter\" src=\"https:\/\/www.kmdpower.com\/wp-content\/uploads\/kamada-power-48v-210ah-10kWh-Home-Sodium-Battery-005.jpg\" alt=\"\" width=\"1000\" height=\"500\" \/> <img loading=\"lazy\" decoding=\"async\" class=\"aligncenter\" src=\"https:\/\/www.kmdpower.com\/wp-content\/uploads\/kamada-power-48v-210ah-10kWh-Home-Sodium-Battery-006.jpg\" alt=\"\" width=\"1000\" height=\"465\" \/><\/p><h3>\u00a0<\/h3><h3 style=\"text-align: center;\">Cen\u00e1rio de aplica\u00e7\u00e3o da bateria de i\u00f5es de s\u00f3dio dom\u00e9stica Kamada Power 48V 210Ah 10kWh<\/h3><p><img loading=\"lazy\" decoding=\"async\" class=\"aligncenter\" src=\"https:\/\/www.kmdpower.com\/wp-content\/uploads\/kamada-power-48v-210ah-10kWh-Home-Sodium-Battery-007.jpg\" alt=\"\" width=\"1000\" height=\"349\" \/><\/p><p style=\"text-align: center;\">Bateria de i\u00f5es de s\u00f3dio dom\u00e9stica Kamada Power 48v 210Ah 10kWh Aplica\u00e7\u00e3o: Armazenamento de energia dom\u00e9stica, sistemas de energia el\u00e9ctrica, para ambientes frios<\/p><h3 style=\"text-align: center;\">\u00a0<\/h3><h3 style=\"text-align: center;\">Shenzhen Kamada Electronic Co.,Ltd<br \/>Exposi\u00e7\u00e3o de energia Kamada<\/h3><p>\u00a0<\/p><p><img loading=\"lazy\" decoding=\"async\" class=\"size-full wp-image-4506 aligncenter\" src=\"https:\/\/www.kmdpower.com\/wp-content\/uploads\/about-kamada-power-000-scaled.jpg\" alt=\"\" width=\"932\" height=\"2560\" srcset=\"https:\/\/www.kmdpower.com\/wp-content\/uploads\/about-kamada-power-000-scaled.jpg 932w, https:\/\/www.kmdpower.com\/wp-content\/uploads\/about-kamada-power-000-109x300.jpg 109w, https:\/\/www.kmdpower.com\/wp-content\/uploads\/about-kamada-power-000-373x1024.jpg 373w, https:\/\/www.kmdpower.com\/wp-content\/uploads\/about-kamada-power-000-768x2109.jpg 768w, https:\/\/www.kmdpower.com\/wp-content\/uploads\/about-kamada-power-000-559x1536.jpg 559w, https:\/\/www.kmdpower.com\/wp-content\/uploads\/about-kamada-power-000-746x2048.jpg 746w, https:\/\/www.kmdpower.com\/wp-content\/uploads\/about-kamada-power-000-4x12.jpg 4w, https:\/\/www.kmdpower.com\/wp-content\/uploads\/about-kamada-power-000-600x1648.jpg 600w\" sizes=\"(max-width: 932px) 100vw, 932px\" \/><\/p>\t\t\t\t\t\t<\/div>\n\t\t\t\t<\/div>\n\t\t\t\t\t<\/div>\n\t\t\t\t<\/div>\n\t\t\t\t<\/div>","protected":false},"excerpt":{"rendered":"<ul>\n<li><strong>Modelo:<\/strong> Bateria de i\u00f5es de s\u00f3dio dom\u00e9stica 48V 210Ah 10kWh<\/li>\n<li><strong>Peso:<\/strong> 102KGS-104KGS(com rodas)<\/li>\n<li><strong>Vida \u00fatil do ciclo: <\/strong>6000 vezes<\/li>\n<li><strong>Dimens\u00f5es:<\/strong> 470 x 680 x 240 mm (sem rodas)<\/li>\n<li><strong>Certificado:<\/strong>\u00a0CE\/UN38.3\/MSDS<\/li>\n<li><strong>Fabricantes de baterias de i\u00f5es de s\u00f3dio:<\/strong>\u00a0Energia Kamada<\/li>\n<li><strong>Tipo de bateria:<\/strong>\u00a0Bateria de i\u00f5es de s\u00f3dio<\/li>\n<li><strong>Carater\u00edsticas principais:<\/strong> Excelente desempenho de baixa temperatura (-30 \u2103 ~ + 60 \u2103), RS485 \/ RS232 \/ Bluetooth \/ CAN (opcional), APP personalizado, IP21<\/li>\n<li><strong>Suporte de bateria:<\/strong> Atacado, OEM.ODM 48V 210Ah 10kWh Bateria de i\u00f5es de s\u00f3dio para uso dom\u00e9stico<\/li>\n<li><strong>Garantia:<\/strong> 10 anos<\/li>\n<li><strong>Prazo de entrega:<\/strong>\u00a07-14 dias para amostras, 35-60 dias para produ\u00e7\u00e3o em massa<\/li>\n<li><strong>Os produtos da Kamada Power Battery suportam atacado, distribuidores e baterias personalizadas OEM ODM. Por favor\u00a0<a title=\"Contactar a Kamada Power\" href=\"https:\/\/www.kmdpower.com\/pt\/contact-us\/\" target=\"_blank\" rel=\"noopener\">Contactar-nos<\/a>!<\/strong><\/li>\n<\/ul>","protected":false},"featured_media":4481,"template":"","meta":{"rank_math_lock_modified_date":false,"_kad_post_transparent":"default","_kad_post_title":"","_kad_post_layout":"default","_kad_post_sidebar_id":"","_kad_post_content_style":"default","_kad_post_vertical_padding":"default","_kad_post_feature":"","_kad_post_feature_position":"","_kad_post_header":false,"_kad_post_footer":false},"product_cat":[17,32],"product_tag":[40,42,45,46,71],"class_list":{"0":"post-4478","1":"product","2":"type-product","3":"status-publish","4":"has-post-thumbnail","6":"product_cat-home-energy-storage-system","7":"product_cat-sodium-ion-battery-manufacturers","8":"product_tag-china-sodium-ion-battery-factory","9":"product_tag-china-sodium-ion-battery-supplier","10":"product_tag-custom-sodium-ion-battery-manufacturers","11":"product_tag-custom-sodium-ion-battery-supplier","12":"product_tag-sodium-ion-battery","14":"first","15":"instock","16":"featured","17":"shipping-taxable","18":"product-type-simple","19":"entry","20":"content-bg","21":"loop-entry"},"_links":{"self":[{"href":"https:\/\/www.kmdpower.com\/pt\/wp-json\/wp\/v2\/product\/4478","targetHints":{"allow":["GET"]}}],"collection":[{"href":"https:\/\/www.kmdpower.com\/pt\/wp-json\/wp\/v2\/product"}],"about":[{"href":"https:\/\/www.kmdpower.com\/pt\/wp-json\/wp\/v2\/types\/product"}],"version-history":[{"count":5,"href":"https:\/\/www.kmdpower.com\/pt\/wp-json\/wp\/v2\/product\/4478\/revisions"}],"predecessor-version":[{"id":4509,"href":"https:\/\/www.kmdpower.com\/pt\/wp-json\/wp\/v2\/product\/4478\/revisions\/4509"}],"wp:featuredmedia":[{"embeddable":true,"href":"https:\/\/www.kmdpower.com\/pt\/wp-json\/wp\/v2\/media\/4481"}],"wp:attachment":[{"href":"https:\/\/www.kmdpower.com\/pt\/wp-json\/wp\/v2\/media?parent=4478"}],"wp:term":[{"taxonomy":"product_cat","embeddable":true,"href":"https:\/\/www.kmdpower.com\/pt\/wp-json\/wp\/v2\/product_cat?post=4478"},{"taxonomy":"product_tag","embeddable":true,"href":"https:\/\/www.kmdpower.com\/pt\/wp-json\/wp\/v2\/product_tag?post=4478"}],"curies":[{"name":"wp","href":"https:\/\/api.w.org\/{rel}","templated":true}]}}