{"id":4281,"date":"2025-03-29T10:15:24","date_gmt":"2025-03-29T10:15:24","guid":{"rendered":"https:\/\/www.kmdpower.com\/?post_type=product&#038;p=4281"},"modified":"2025-06-20T12:10:08","modified_gmt":"2025-06-20T12:10:08","slug":"kamada-power-10kwh-all-in-one-battery-and-inverter","status":"publish","type":"product","link":"https:\/\/www.kmdpower.com\/pt\/kamada-power-10kwh-all-in-one-battery-and-inverter\/","title":{"rendered":"Bateria e inversor tudo-em-um Kamada Power 10kWh"},"content":{"rendered":"<p><a href=\"https:\/\/www.kmdpower.com\/pt\/contact-us\/\"><img fetchpriority=\"high\" decoding=\"async\" class=\"aligncenter\" src=\"http:\/\/www.kmdpower.com\/wp-content\/uploads\/Contact-US-Kamada-Power-Shenzhen-Kamada-Electronic-Co-Ltd.jpg\" alt=\"\" width=\"1000\" height=\"200\" \/><\/a><\/p>\n<p>&nbsp;<\/p>\n<p><img decoding=\"async\" class=\"wp-image-4288 size-full aligncenter\" src=\"https:\/\/www.kmdpower.com\/wp-content\/uploads\/Kamada-Power-10kWh-15kWh-All-in-One-Battery-and-Inverter-Desc-001.jpg\" alt=\"\" width=\"1000\" height=\"414\" srcset=\"https:\/\/www.kmdpower.com\/wp-content\/uploads\/Kamada-Power-10kWh-15kWh-All-in-One-Battery-and-Inverter-Desc-001.jpg 1000w, https:\/\/www.kmdpower.com\/wp-content\/uploads\/Kamada-Power-10kWh-15kWh-All-in-One-Battery-and-Inverter-Desc-001-300x124.jpg 300w, https:\/\/www.kmdpower.com\/wp-content\/uploads\/Kamada-Power-10kWh-15kWh-All-in-One-Battery-and-Inverter-Desc-001-768x318.jpg 768w, https:\/\/www.kmdpower.com\/wp-content\/uploads\/Kamada-Power-10kWh-15kWh-All-in-One-Battery-and-Inverter-Desc-001-18x7.jpg 18w, https:\/\/www.kmdpower.com\/wp-content\/uploads\/Kamada-Power-10kWh-15kWh-All-in-One-Battery-and-Inverter-Desc-001-600x248.jpg 600w\" sizes=\"(max-width: 1000px) 100vw, 1000px\" \/><\/p>\n<h3 style=\"text-align: center;\">Bateria e inversor tudo-em-um Kamada Power 10kWh<\/h3>\n<p><img decoding=\"async\" class=\"wp-image-4289 size-full aligncenter\" src=\"https:\/\/www.kmdpower.com\/wp-content\/uploads\/Kamada-Power-10kWh-15kWh-All-in-One-Battery-and-Inverter-Desc-002.jpg\" alt=\"\" width=\"1000\" height=\"788\" srcset=\"https:\/\/www.kmdpower.com\/wp-content\/uploads\/Kamada-Power-10kWh-15kWh-All-in-One-Battery-and-Inverter-Desc-002.jpg 1000w, https:\/\/www.kmdpower.com\/wp-content\/uploads\/Kamada-Power-10kWh-15kWh-All-in-One-Battery-and-Inverter-Desc-002-300x236.jpg 300w, https:\/\/www.kmdpower.com\/wp-content\/uploads\/Kamada-Power-10kWh-15kWh-All-in-One-Battery-and-Inverter-Desc-002-768x605.jpg 768w, https:\/\/www.kmdpower.com\/wp-content\/uploads\/Kamada-Power-10kWh-15kWh-All-in-One-Battery-and-Inverter-Desc-002-15x12.jpg 15w, https:\/\/www.kmdpower.com\/wp-content\/uploads\/Kamada-Power-10kWh-15kWh-All-in-One-Battery-and-Inverter-Desc-002-600x473.jpg 600w\" sizes=\"(max-width: 1000px) 100vw, 1000px\" \/><\/p>\n<h3 style=\"text-align: center;\">Fun\u00e7\u00e3o de equaliza\u00e7\u00e3o\uff08Ativa ou passiva opcional)<\/h3>\n<p>&nbsp;<\/p>\n<p><img loading=\"lazy\" decoding=\"async\" class=\"aligncenter wp-image-978 size-full\" src=\"http:\/\/www.kmdpower.com\/wp-content\/uploads\/Active-Equalization-Function-and-Active-Passive-Optional-0.png\" alt=\"Fun\u00e7\u00e3o de equaliza\u00e7\u00e3o ativa e passiva ativa opcional 0\" width=\"1000\" height=\"246\" \/><\/p>\n<div>\n<p>Esta esta\u00e7\u00e3o de energia l\u00edder na sua classe fornece-lhe a energia para fazer funcionar os seus aparelhos dom\u00e9sticos di\u00e1rios ou at\u00e9 mesmo fornecer energia de reserva para toda a sua casa durante um ou dois dias, dependendo das suas necessidades de carga<\/p>\n<p>&nbsp;<\/p>\n<\/div>\n<h3 style=\"text-align: center;\">Destaques do produto<\/h3>\n<p><strong>Longa vida \u00fatil:<\/strong>Mais de 6000 ciclos @ 90% DOD<br \/>\n<strong>Baixa pot\u00eancia:<\/strong>Baixo consumo de energia em modo de espera \u226415W, perda de pot\u00eancia em funcionamento sem carga inferior a 100W<br \/>\n<strong>Design modular:<\/strong>Adicione tantos m\u00f3dulos de bateria quantos forem necess\u00e1rios<br \/>\n<strong>Fun\u00e7\u00e3o de comuta\u00e7\u00e3o cont\u00ednua:<\/strong>Suporta a comuta\u00e7\u00e3o cont\u00ednua entre paralelo e fora da rede (menos de 5ms)<br \/>\n<strong>Elevada integra\u00e7\u00e3o:<\/strong>Inversor Hybird incorporado, BMS, banco de baterias<br \/>\n<strong>Firmware remoto:<\/strong>Controle e monitorize o seu Smart System em movimento atrav\u00e9s da nossa aplica\u00e7\u00e3o e portal de monitoriza\u00e7\u00e3o de energia Kamada.<br \/>\n<strong>Design empilh\u00e1vel:<\/strong>Precisa de uma capacidade maior? O design modular permite a instala\u00e7\u00e3o de v\u00e1rias unidades em paralelo<br \/>\n<strong>Alta tens\u00e3o:<\/strong>O BMS de alta tens\u00e3o permite uma maior efici\u00eancia na carga e descarga.<br \/>\n<strong>Kamada Power 10kWh Bateria e inversor tudo-em-um pode empilhar a bateria com inversor incorporado:<\/strong>O BMS de alta tens\u00e3o permite uma maior pot\u00eancia de carga e descarga com uma corrente mais baixa, proporcionando uma maior efici\u00eancia do que a nossa gama de tens\u00e3o mais baixa.<\/p>\n<p>&nbsp;<\/p>\n<div>\n<h3 style=\"text-align: center;\">Sistema BMS fi\u00e1vel e ultra seguro<\/h3>\n<p><img loading=\"lazy\" decoding=\"async\" class=\"aligncenter wp-image-1283 size-full\" src=\"http:\/\/www.kmdpower.com\/wp-content\/uploads\/Kamada-Power-Battery-BMS.jpg\" alt=\"Kamada Power Battery BMS\" width=\"1000\" height=\"401\" \/><\/p>\n<p style=\"text-align: left;\">O BMS da Kamada Power 10kWh All in One Battery and Inverter garante um funcionamento seguro em temperaturas extremas, evita a sobrecarga e a descarga excessiva, prolonga a vida \u00fatil da bateria e proporciona um desempenho fi\u00e1vel com carga e descarga eficientes. Inclui tamb\u00e9m prote\u00e7\u00e3o contra sobreintensidades e curto-circuitos para seguran\u00e7a do sistema, oferecendo aos utilizadores op\u00e7\u00f5es de equil\u00edbrio ativo ou passivo para otimizar o desempenho da bateria e a efici\u00eancia energ\u00e9tica.<\/p>\n<p>&nbsp;<\/p>\n<h3 style=\"text-align: center;\">Kamada Power 10kWh Tudo em um Bateria e inversor Tamanho<\/h3>\n<p><img loading=\"lazy\" decoding=\"async\" class=\"aligncenter wp-image-4286 size-full\" src=\"https:\/\/www.kmdpower.com\/wp-content\/uploads\/kamada-all-in-one-10kwh-battery-005.jpg\" alt=\"\" width=\"1000\" height=\"1114\" srcset=\"https:\/\/www.kmdpower.com\/wp-content\/uploads\/kamada-all-in-one-10kwh-battery-005.jpg 1000w, https:\/\/www.kmdpower.com\/wp-content\/uploads\/kamada-all-in-one-10kwh-battery-005-269x300.jpg 269w, https:\/\/www.kmdpower.com\/wp-content\/uploads\/kamada-all-in-one-10kwh-battery-005-919x1024.jpg 919w, https:\/\/www.kmdpower.com\/wp-content\/uploads\/kamada-all-in-one-10kwh-battery-005-768x856.jpg 768w, https:\/\/www.kmdpower.com\/wp-content\/uploads\/kamada-all-in-one-10kwh-battery-005-11x12.jpg 11w, https:\/\/www.kmdpower.com\/wp-content\/uploads\/kamada-all-in-one-10kwh-battery-005-600x668.jpg 600w\" sizes=\"(max-width: 1000px) 100vw, 1000px\" \/><\/p>\n<p>&nbsp;<\/p>\n<h3 style=\"text-align: center;\">Cen\u00e1rio de aplica\u00e7\u00e3o da bateria e do inversor tudo-em-um Kamada Power 10kWh<\/h3>\n<p><img loading=\"lazy\" decoding=\"async\" class=\"aligncenter wp-image-1354 size-full\" src=\"http:\/\/www.kmdpower.com\/wp-content\/uploads\/kamada-powerwall-battery-application-scenario-.jpg\" alt=\"cen\u00e1rio de aplica\u00e7\u00e3o da bateria powerwall da kamada\" width=\"1000\" height=\"462\" \/><\/p>\n<p><strong>Kamada Power 10kWh All in One Battery and Inverter Pode ser aplicado nos seguintes cen\u00e1rios de aplica\u00e7\u00e3o:<\/strong><\/p>\n<p><strong>Sistema solar:<\/strong> Armazene a energia solar para obter energia constante dia e noite.<br \/>\n<strong>Viagens em autocaravana:<\/strong> Fornecer armazenamento port\u00e1til de energia para viagens.<br \/>\n<strong>Barco \/ Marinha:<\/strong> Assegura uma alimenta\u00e7\u00e3o ininterrupta enquanto navega ou est\u00e1 ancorado.<br \/>\n<strong>Fora da rede:<\/strong> Mantenha-se ligado com energia de reserva fi\u00e1vel em locais remotos.<\/p>\n<p>&nbsp;<\/p>\n<h3 style=\"text-align: center;\">Por que escolher Kamada Power OEM ODM seus produtos de bateria?<\/h3>\n<p><strong>N\u00e3o precisa de se preocupar com estes desafios de problemas de baterias personalizadas!<\/strong><br \/>\nA incapacidade de satisfazer os requisitos personalizados da sua bateria, o longo prazo de produ\u00e7\u00e3o, o tempo de entrega lento, a comunica\u00e7\u00e3o ineficaz, a falta de garantia de qualidade, o pre\u00e7o n\u00e3o competitivo do produto e a m\u00e1 experi\u00eancia de servi\u00e7o s\u00e3o estes problemas!<\/p>\n<p><strong>O poder do profissionalismo!<\/strong><br \/>\nJ\u00e1 servimos milhares de clientes de baterias de v\u00e1rios sectores e personaliz\u00e1mos milhares de produtos de baterias! Sabemos a import\u00e2ncia de uma comunica\u00e7\u00e3o aprofundada das necessidades, conhecemos os produtos de bateria desde a conce\u00e7\u00e3o at\u00e9 \u00e0 produ\u00e7\u00e3o em massa de v\u00e1rios desafios e problemas t\u00e9cnicos, e como resolver estes problemas de forma r\u00e1pida e eficaz!<\/p>\n<p><strong>Desenvolver solu\u00e7\u00f5es eficazes de baterias personalizadas!<\/strong><br \/>\nEm resposta \u00e0s suas necessidades de baterias personalizadas, designaremos especificamente a equipa de projeto de tecnologia de baterias para lhe fornecer um servi\u00e7o individual. Comunicamos consigo em profundidade sobre a ind\u00fastria, cen\u00e1rios, requisitos, pontos fracos, desempenho, funcionalidade e desenvolvemos solu\u00e7\u00f5es de baterias personalizadas.<\/p>\n<p><strong>Entrega r\u00e1pida da produ\u00e7\u00e3o de baterias personalizadas!<\/strong><br \/>\nSomos \u00e1geis e r\u00e1pidos para o ajudar a alcan\u00e7ar desde a conce\u00e7\u00e3o do produto da bateria, \u00e0 amostragem da bateria, \u00e0 produ\u00e7\u00e3o em massa do produto da bateria. Obtenha um design de produto r\u00e1pido, produ\u00e7\u00e3o e fabrico r\u00e1pidos, entrega e envio r\u00e1pidos, melhor qualidade e pre\u00e7o de f\u00e1brica para baterias personalizadas!<\/p>\n<p><strong>Ajudamo-lo a aproveitar rapidamente a oportunidade do mercado das baterias de armazenamento de energia!<\/strong><br \/>\nA Kamada Power ajuda-o a obter rapidamente produtos de bateria personalizados e diferenciados, a melhorar a competitividade do produto e a assumir rapidamente a lideran\u00e7a no mercado de baterias de armazenamento de energia.<\/p>\n<p>&nbsp;<\/p>\n<h3 style=\"text-align: center;\">Shenzhen Kamada Electronic Co.,Ltd<br \/>\nExposi\u00e7\u00e3o de energia Kamada<\/h3>\n<p><img loading=\"lazy\" decoding=\"async\" class=\"aligncenter wp-image-1297 size-full\" src=\"http:\/\/www.kmdpower.com\/wp-content\/uploads\/Kamada-Power-Exhibition-Shenzhen-Kamada-Electronic-Co-Ltd.png\" alt=\"Exposi\u00e7\u00e3o de energia Kamada Shenzhen Kamada Electronic Co Ltd\" width=\"1920\" height=\"841\" \/><\/p>\n<p>&nbsp;<\/p>\n<h3 style=\"text-align: center;\">Certifica\u00e7\u00e3o dos fabricantes de baterias Kamada Power<\/h3>\n<p><img loading=\"lazy\" decoding=\"async\" class=\"aligncenter wp-image-1285 size-full\" src=\"http:\/\/www.kmdpower.com\/wp-content\/uploads\/Kamada-Power-Battery-Certification.png\" alt=\"Certifica\u00e7\u00e3o dos fabricantes de baterias Kamada Power\" width=\"1344\" height=\"462\" \/><\/p>\n<p>&nbsp;<\/p>\n<h3 style=\"text-align: center;\">Processo de produ\u00e7\u00e3o da f\u00e1brica de baterias de i\u00f5es de l\u00edtio Kamada Power<\/h3>\n<p><img loading=\"lazy\" decoding=\"async\" class=\"aligncenter wp-image-1323 size-full\" src=\"http:\/\/www.kmdpower.com\/wp-content\/uploads\/Kamada-Power-Lithium-ion-Battery-Manufacturers-Factory-Production-Process-02.jpg\" alt=\"F\u00e1brica de fabricantes de baterias de i\u00f5es de l\u00edtio Kamada Power Processo de produ\u00e7\u00e3o 02\" width=\"1000\" height=\"517\" \/><\/p>\n<p>&nbsp;<\/p>\n<h3 style=\"text-align: center;\">Fabricantes de baterias el\u00e9ctricas Kamada<\/h3>\n<p><img loading=\"lazy\" decoding=\"async\" class=\"aligncenter wp-image-1324 size-full\" src=\"http:\/\/www.kmdpower.com\/wp-content\/uploads\/Kamada-Power-Lithium-ion-Battery-Manufacturers-Factory-Show.jpg\" alt=\"F\u00e1brica de baterias de i\u00f5es de l\u00edtio da Kamada Power\" width=\"1000\" height=\"584\" \/><\/p>\n<p>Kamada Power Battery Factory produz todos os tipos de solu\u00e7\u00f5es de baterias personalizadas oem odm: bateria solar dom\u00e9stica, baterias de ve\u00edculos de baixa velocidade (baterias de golfe, baterias RV, baterias de l\u00edtio convertidas em chumbo, baterias de carrinho el\u00e9trico, baterias de empilhadeira), baterias mar\u00edtimas, baterias de navios de cruzeiro, baterias de alta tens\u00e3o, baterias empilhadas,\u00a0<strong><a title=\"Fabricantes de baterias de i\u00f5es de s\u00f3dio\" href=\"http:\/\/www.kmdpower.com\/pt\/sodium-ion-battery-manufacturers\/\" target=\"_blank\" rel=\"noopener\">Bateria de i\u00f5es de s\u00f3dio<\/a>,\u00a0<a href=\"http:\/\/www.kmdpower.com\/pt\/commercial-energy-storage-systems\/\" target=\"_blank\" rel=\"noopener\">sistemas industriais e comerciais de armazenamento de energia<\/a><\/strong><\/p>\n<p>&nbsp;<\/p>\n<\/div>","protected":false},"excerpt":{"rendered":"<ul>\n<li><strong>Modelo:<\/strong> Bateria e inversor tudo-em-um Kamada Power 10kWh<\/li>\n<li><strong>Ciclo de vida:<\/strong>\u00a06000 vezes<\/li>\n<li><strong>Peso:<\/strong>\u00a060KGS<\/li>\n<li><strong>Dimens\u00f5es:<\/strong> 1471*570*250 mm<\/li>\n<li><strong>Certificado:<\/strong>\u00a0CE\/UN38.3\/MSDS<\/li>\n<li><strong>Fabricantes de baterias e inversores All in One:<\/strong>\u00a0Energia Kamada<\/li>\n<li><strong>Tipo de bateria:<\/strong>\u00a0Bateria LiFePO4<\/li>\n<li><strong>Carater\u00edsticas principais:<\/strong>\u00a0WiFi, APP personalizada (opcional)<\/li>\n<li><strong>Suporte de bateria:<\/strong> Atacado, OEM.ODM Bateria e inversor tudo em um<\/li>\n<li><strong>Garantia:<\/strong>\u00a010 anos<\/li>\n<li><strong>Prazo de entrega:<\/strong>\u00a07-14 dias para amostras, 35-60 dias para produ\u00e7\u00e3o em massa<\/li>\n<li><strong>Os produtos da Kamada Power Battery suportam atacado, distribuidores e baterias personalizadas OEM ODM. Por favor\u00a0<a title=\"Contactar a Kamada Power\" href=\"https:\/\/www.kmdpower.com\/pt\/contact-us\/\" target=\"_blank\" rel=\"noopener\">Contactar-nos<\/a>!<\/strong><\/li>\n<\/ul>","protected":false},"featured_media":4282,"template":"","meta":{"rank_math_lock_modified_date":false,"_kad_post_transparent":"default","_kad_post_title":"","_kad_post_layout":"default","_kad_post_sidebar_id":"","_kad_post_content_style":"default","_kad_post_vertical_padding":"default","_kad_post_feature":"","_kad_post_feature_position":"","_kad_post_header":false,"_kad_post_footer":false},"product_cat":[17,34],"product_tag":[1190,392],"class_list":{"0":"post-4281","1":"product","2":"type-product","3":"status-publish","4":"has-post-thumbnail","6":"product_cat-home-energy-storage-system","7":"product_cat-all-in-one-solar-power-system-manufacturers","8":"product_tag-all-in-one-battery-and-inverter","9":"product_tag-all-in-one-ess","11":"first","12":"instock","13":"featured","14":"shipping-taxable","15":"product-type-simple","16":"entry","17":"content-bg","18":"loop-entry"},"_links":{"self":[{"href":"https:\/\/www.kmdpower.com\/pt\/wp-json\/wp\/v2\/product\/4281","targetHints":{"allow":["GET"]}}],"collection":[{"href":"https:\/\/www.kmdpower.com\/pt\/wp-json\/wp\/v2\/product"}],"about":[{"href":"https:\/\/www.kmdpower.com\/pt\/wp-json\/wp\/v2\/types\/product"}],"version-history":[{"count":1,"href":"https:\/\/www.kmdpower.com\/pt\/wp-json\/wp\/v2\/product\/4281\/revisions"}],"predecessor-version":[{"id":4290,"href":"https:\/\/www.kmdpower.com\/pt\/wp-json\/wp\/v2\/product\/4281\/revisions\/4290"}],"wp:featuredmedia":[{"embeddable":true,"href":"https:\/\/www.kmdpower.com\/pt\/wp-json\/wp\/v2\/media\/4282"}],"wp:attachment":[{"href":"https:\/\/www.kmdpower.com\/pt\/wp-json\/wp\/v2\/media?parent=4281"}],"wp:term":[{"taxonomy":"product_cat","embeddable":true,"href":"https:\/\/www.kmdpower.com\/pt\/wp-json\/wp\/v2\/product_cat?post=4281"},{"taxonomy":"product_tag","embeddable":true,"href":"https:\/\/www.kmdpower.com\/pt\/wp-json\/wp\/v2\/product_tag?post=4281"}],"curies":[{"name":"wp","href":"https:\/\/api.w.org\/{rel}","templated":true}]}}