{"id":2328,"date":"2024-10-15T06:47:13","date_gmt":"2024-10-15T06:47:13","guid":{"rendered":"http:\/\/www.kmdpower.com\/?post_type=product&#038;p=2328"},"modified":"2025-01-19T07:11:54","modified_gmt":"2025-01-19T07:11:54","slug":"vertical-ess-48v-100ah-all-in-one-5kwh-10kwh-lithium-battery-solar-hybrid-inverter-scalable-module-product","status":"publish","type":"product","link":"https:\/\/www.kmdpower.com\/pt\/vertical-ess-48v-100ah-all-in-one-5kwh-10kwh-lithium-battery-solar-hybrid-inverter-scalable-module-product\/","title":{"rendered":"Vertical ESS 48V 100Ah All In One 5kwh 10kwh Bateria de l\u00edtio Solar H\u00edbrida Inversor M\u00f3dulo Escal\u00e1vel"},"content":{"rendered":"<p><a href=\"https:\/\/www.kmdpower.com\/pt\/contact-us\/\"><img fetchpriority=\"high\" decoding=\"async\" class=\"aligncenter\" src=\"http:\/\/www.kmdpower.com\/wp-content\/uploads\/Contact-US-Kamada-Power-Shenzhen-Kamada-Electronic-Co-Ltd.jpg\" alt=\"\" width=\"1000\" height=\"200\" \/><\/a><\/p>\n<p><img decoding=\"async\" class=\"aligncenter wp-image-2317 size-full\" src=\"http:\/\/www.kmdpower.com\/wp-content\/uploads\/kamada-power-all-in-one-solar-power-system-Y001.jpg\" alt=\"Sistema de energia solar tudo-em-um Kamada Power 001\" width=\"1000\" height=\"414\" \/><\/p>\n<h3 style=\"text-align: center;\">Kamada Power 48V 100Ah 5kWh Sistema de energia solar tudo-em-um Carater\u00edstica<\/h3>\n<p><img decoding=\"async\" class=\"aligncenter wp-image-2318 size-full\" src=\"http:\/\/www.kmdpower.com\/wp-content\/uploads\/Kamada-Power-All-in-One-Solar-Power-System-Y002.jpg\" alt=\"Kamada Power Sistema de energia solar tudo em um 002\" width=\"1000\" height=\"788\" \/><\/p>\n<h3 style=\"text-align: center;\">Fun\u00e7\u00e3o de equaliza\u00e7\u00e3o\uff08Ativa ou passiva opcional)<\/h3>\n<p>&nbsp;<\/p>\n<p><img loading=\"lazy\" decoding=\"async\" class=\"aligncenter wp-image-978 size-full\" src=\"http:\/\/www.kmdpower.com\/wp-content\/uploads\/Active-Equalization-Function-and-Active-Passive-Optional-0.png\" alt=\"Fun\u00e7\u00e3o de equaliza\u00e7\u00e3o ativa e ativa passiva opcional-0\" width=\"1000\" height=\"246\" \/><\/p>\n<div>\n<p>Este sistema de energia solar vertical ESS 48v 100Ah 5kWh All In One da Kamada Power, com um sistema modular flex\u00edvel, pode ser concebido com base no seu consumo di\u00e1rio de energia dom\u00e9stica. Esta central el\u00e9ctrica l\u00edder na sua classe fornece-lhe a energia para fazer funcionar os seus electrodom\u00e9sticos di\u00e1rios ou at\u00e9 mesmo fornecer energia de reserva para toda a sua casa durante um ou dois dias, dependendo das suas necessidades de carga<\/p>\n<p>&nbsp;<\/p>\n<\/div>\n<h3 style=\"text-align: center;\">Destaques do produto<\/h3>\n<p><strong>Longa vida \u00fatil:<\/strong>Mais de 6000 ciclos @ 90% DOD<br \/>\n<strong>Baixa pot\u00eancia:<\/strong>Baixo consumo de energia em modo de espera \u226415W, perda de pot\u00eancia em funcionamento sem carga inferior a 100W<br \/>\n<strong>Design modular:<\/strong>Adicione tantos m\u00f3dulos de bateria quantos forem necess\u00e1rios<br \/>\n<strong>Fun\u00e7\u00e3o de comuta\u00e7\u00e3o cont\u00ednua:<\/strong>Suporta a comuta\u00e7\u00e3o cont\u00ednua entre paralelo e fora da rede (menos de 5ms)<br \/>\n<strong>Elevada integra\u00e7\u00e3o:<\/strong>Inversor Hybird incorporado, BMS, banco de baterias<br \/>\n<strong>Firmware remoto:<\/strong>Controle e monitorize o seu Smart System em movimento atrav\u00e9s da nossa aplica\u00e7\u00e3o e portal de monitoriza\u00e7\u00e3o de energia Kamada.<br \/>\n<strong>Design empilh\u00e1vel:<\/strong>Precisa de uma capacidade maior? O design modular permite a instala\u00e7\u00e3o de v\u00e1rias unidades em paralelo<br \/>\n<strong>Alta tens\u00e3o:<\/strong>O BMS de alta tens\u00e3o permite uma maior efici\u00eancia na carga e descarga.<br \/>\n<strong>Kamada Power 48v 100Ah 5kWh Sistema de energia solar tudo-em-um pode empilhar a bateria com inversor incorporado:<\/strong>O BMS de alta tens\u00e3o permite uma maior pot\u00eancia de carga e descarga com uma corrente mais baixa, proporcionando uma maior efici\u00eancia do que a nossa gama de tens\u00e3o mais baixa.<\/p>\n<p>&nbsp;<\/p>\n<div>\n<h3 style=\"text-align: center;\">Sistema BMS fi\u00e1vel e ultra seguro<\/h3>\n<p><img loading=\"lazy\" decoding=\"async\" class=\"aligncenter wp-image-1283 size-full\" src=\"http:\/\/www.kmdpower.com\/wp-content\/uploads\/Kamada-Power-Battery-BMS.jpg\" alt=\"Kamada Power Battery BMS\" width=\"1000\" height=\"401\" \/><\/p>\n<p style=\"text-align: left;\">O BMS do Sistema de Energia Solar Tudo Em Um da Kamada Power garante um funcionamento seguro em temperaturas extremas, evita a sobrecarga e a descarga excessiva, prolonga a vida \u00fatil da bateria e proporciona um desempenho fi\u00e1vel com carga e descarga eficientes. Tamb\u00e9m inclui prote\u00e7\u00e3o contra sobrecorrente e curto-circuito para seguran\u00e7a do sistema, oferecendo aos utilizadores op\u00e7\u00f5es de equil\u00edbrio ativo ou passivo para otimizar o desempenho da bateria e a efici\u00eancia energ\u00e9tica.<\/p>\n<p>&nbsp;<\/p>\n<h3 style=\"text-align: center;\">Kamada Power 48V 100Ah 5kWh Sistema de energia solar tudo-em-um Carater\u00edsticas funcionais<\/h3>\n<p><img loading=\"lazy\" decoding=\"async\" class=\"aligncenter wp-image-1274 size-full\" src=\"http:\/\/www.kmdpower.com\/wp-content\/uploads\/Kamada-Power-All-in-One-Solar-Power-System-0031.jpg\" alt=\"Kamada Power Sistema de energia solar tudo em um 003\" width=\"1000\" height=\"792\" \/><\/p>\n<p><strong>Inversor de armazenamento de energia:<\/strong>\u00a0Inversor incorporado, sem necessidade de inversor externo, c\u00f3modo e r\u00e1pido de utilizar.<br \/>\n<strong>Ecr\u00e3 LED:<\/strong>\u00a0dados de funcionamento da bateria em tempo real<br \/>\n<strong>WiFi e App:<\/strong>\u00a0Os dados da bateria podem ser visualizados atrav\u00e9s de WiFi e APP, informa\u00e7\u00e3o em tempo real sobre a bateria do sistema de energia solar All in one<br \/>\n<strong>Bateria Lifepo4:<\/strong>\u00a0Bateria Lifepo4, segura e fi\u00e1vel, sem necessidade de manuten\u00e7\u00e3o<br \/>\n<strong>Ecr\u00e3 do n\u00edvel da bateria:<\/strong>\u00a0visualiza\u00e7\u00e3o em tempo real do progresso do n\u00edvel atual<br \/>\n<strong>Bateria empilhada:<\/strong>\u00a0f\u00e1cil de expandir a capacidade<br \/>\n<strong>Base da bateria:<\/strong>\u00a0robusto e duradouro<\/p>\n<p>&nbsp;<\/p>\n<h3 style=\"text-align: center;\">Cen\u00e1rio de Aplica\u00e7\u00e3o do Sistema de Energia Solar Tudo em Um 48V 100Ah da Kamada Power<\/h3>\n<p><img loading=\"lazy\" decoding=\"async\" class=\"aligncenter wp-image-1354 size-full\" src=\"http:\/\/www.kmdpower.com\/wp-content\/uploads\/kamada-powerwall-battery-application-scenario-.jpg\" alt=\"cen\u00e1rio de aplica\u00e7\u00e3o da bateria powerwall da kamada\" width=\"1000\" height=\"462\" \/><\/p>\n<p><strong>Kamada Power All in One Sistema de energia solar Pode ser aplicado nos seguintes cen\u00e1rios de aplica\u00e7\u00e3o:<\/strong><\/p>\n<p><strong>Sistema solar:<\/strong> Armazene a energia solar para obter energia constante dia e noite.<br \/>\n<strong>Viagens em autocaravana:<\/strong> Fornecer armazenamento port\u00e1til de energia para viagens.<br \/>\n<strong>Barco \/ Marinha:<\/strong> Assegura uma alimenta\u00e7\u00e3o ininterrupta enquanto navega ou est\u00e1 ancorado.<br \/>\n<strong>Fora da rede:<\/strong> Mantenha-se ligado com energia de reserva fi\u00e1vel em locais remotos.<\/p>\n<p>&nbsp;<\/p>\n<h3 style=\"text-align: center;\">Por que escolher Kamada Power OEM ODM seus produtos de bateria?<\/h3>\n<p><strong>N\u00e3o precisa de se preocupar com estes desafios de problemas de baterias personalizadas!<\/strong><br \/>\nA incapacidade de satisfazer os requisitos personalizados da sua bateria, o longo prazo de produ\u00e7\u00e3o, o tempo de entrega lento, a comunica\u00e7\u00e3o ineficaz, a falta de garantia de qualidade, o pre\u00e7o n\u00e3o competitivo do produto e a m\u00e1 experi\u00eancia de servi\u00e7o s\u00e3o estes problemas!<\/p>\n<p><strong>O poder do profissionalismo!<\/strong><br \/>\nJ\u00e1 servimos milhares de clientes de baterias de v\u00e1rios sectores e personaliz\u00e1mos milhares de produtos de baterias! Sabemos a import\u00e2ncia de uma comunica\u00e7\u00e3o aprofundada das necessidades, conhecemos os produtos de bateria desde a conce\u00e7\u00e3o at\u00e9 \u00e0 produ\u00e7\u00e3o em massa de v\u00e1rios desafios e problemas t\u00e9cnicos, e como resolver estes problemas de forma r\u00e1pida e eficaz!<\/p>\n<p><strong>Desenvolver solu\u00e7\u00f5es eficazes de baterias personalizadas!<\/strong><br \/>\nEm resposta \u00e0s suas necessidades de baterias personalizadas, designaremos especificamente a equipa de projeto de tecnologia de baterias para lhe fornecer um servi\u00e7o individual. Comunicamos consigo em profundidade sobre a ind\u00fastria, cen\u00e1rios, requisitos, pontos fracos, desempenho, funcionalidade e desenvolvemos solu\u00e7\u00f5es de baterias personalizadas.<\/p>\n<p><strong>Entrega r\u00e1pida da produ\u00e7\u00e3o de baterias personalizadas!<\/strong><br \/>\nSomos \u00e1geis e r\u00e1pidos para o ajudar a alcan\u00e7ar desde a conce\u00e7\u00e3o do produto da bateria, \u00e0 amostragem da bateria, \u00e0 produ\u00e7\u00e3o em massa do produto da bateria. Obtenha um design de produto r\u00e1pido, produ\u00e7\u00e3o e fabrico r\u00e1pidos, entrega e envio r\u00e1pidos, melhor qualidade e pre\u00e7o de f\u00e1brica para baterias personalizadas!<\/p>\n<p><strong>Ajudamo-lo a aproveitar rapidamente a oportunidade do mercado das baterias de armazenamento de energia!<\/strong><br \/>\nA Kamada Power ajuda-o a obter rapidamente produtos de bateria personalizados e diferenciados, a melhorar a competitividade do produto e a assumir rapidamente a lideran\u00e7a no mercado de baterias de armazenamento de energia.<\/p>\n<p>&nbsp;<\/p>\n<h3 style=\"text-align: center;\">Shenzhen Kamada Electronic Co.,Ltd<br \/>\nExposi\u00e7\u00e3o de energia Kamada<\/h3>\n<p><img loading=\"lazy\" decoding=\"async\" class=\"aligncenter wp-image-1297 size-full\" src=\"http:\/\/www.kmdpower.com\/wp-content\/uploads\/Kamada-Power-Exhibition-Shenzhen-Kamada-Electronic-Co-Ltd.png\" alt=\"Exposi\u00e7\u00e3o de energia Kamada Shenzhen Kamada Electronic Co Ltd\" width=\"1920\" height=\"841\" \/><\/p>\n<p>&nbsp;<\/p>\n<h3 style=\"text-align: center;\">Certifica\u00e7\u00e3o dos fabricantes de baterias Kamada Power<\/h3>\n<p><img loading=\"lazy\" decoding=\"async\" class=\"aligncenter wp-image-1285 size-full\" src=\"http:\/\/www.kmdpower.com\/wp-content\/uploads\/Kamada-Power-Battery-Certification.png\" alt=\"Certifica\u00e7\u00e3o dos fabricantes de baterias Kamada Power\" width=\"1344\" height=\"462\" \/><\/p>\n<p>&nbsp;<\/p>\n<h3 style=\"text-align: center;\">Processo de produ\u00e7\u00e3o da f\u00e1brica de baterias de i\u00f5es de l\u00edtio Kamada Power<\/h3>\n<p><img loading=\"lazy\" decoding=\"async\" class=\"aligncenter wp-image-1323 size-full\" src=\"http:\/\/www.kmdpower.com\/wp-content\/uploads\/Kamada-Power-Lithium-ion-Battery-Manufacturers-Factory-Production-Process-02.jpg\" alt=\"F\u00e1brica de fabricantes de baterias de i\u00f5es de l\u00edtio Kamada Power Processo de produ\u00e7\u00e3o 02\" width=\"1000\" height=\"517\" \/><\/p>\n<p>&nbsp;<\/p>\n<h3 style=\"text-align: center;\">Fabricantes de baterias el\u00e9ctricas Kamada<\/h3>\n<p><img loading=\"lazy\" decoding=\"async\" class=\"aligncenter wp-image-1324 size-full\" src=\"http:\/\/www.kmdpower.com\/wp-content\/uploads\/Kamada-Power-Lithium-ion-Battery-Manufacturers-Factory-Show.jpg\" alt=\"F\u00e1brica de baterias de i\u00f5es de l\u00edtio da Kamada Power\" width=\"1000\" height=\"584\" \/><\/p>\n<p>Kamada Power Battery Factory produz todos os tipos de solu\u00e7\u00f5es de baterias personalizadas oem odm: bateria solar dom\u00e9stica, baterias de ve\u00edculos de baixa velocidade (baterias de golfe, baterias RV, baterias de l\u00edtio convertidas em chumbo, baterias de carrinho el\u00e9trico, baterias de empilhadeira), baterias mar\u00edtimas, baterias de navios de cruzeiro, baterias de alta tens\u00e3o, baterias empilhadas,\u00a0<strong><a title=\"Fabricantes de baterias de i\u00f5es de s\u00f3dio\" href=\"http:\/\/www.kmdpower.com\/pt\/sodium-ion-battery-manufacturers\/\" target=\"_blank\" rel=\"noopener\">Bateria de i\u00f5es de s\u00f3dio<\/a>,\u00a0<a href=\"http:\/\/www.kmdpower.com\/pt\/commercial-energy-storage-systems\/\" target=\"_blank\" rel=\"noopener\">sistemas industriais e comerciais de armazenamento de energia<\/a><\/strong><\/p>\n<p>&nbsp;<\/p>\n<\/div>","protected":false},"excerpt":{"rendered":"<ul>\n<li><strong>Modelo:<\/strong>\u00a0Sistema de energia solar vertical ESS 48v 100Ah 5kWh tudo em um<\/li>\n<li><strong>Ciclo de vida:<\/strong>\u00a06000 vezes<\/li>\n<li><strong>Peso:<\/strong>\u00a060KGS<\/li>\n<li><strong>Dimens\u00f5es:<\/strong>\u00a0903*535*160 mm<\/li>\n<li><strong>Certificado:<\/strong>\u00a0CE\/UN38.3\/MSDS<\/li>\n<li><strong>Fabricantes de sistemas de energia solar All In One:<\/strong>\u00a0Energia Kamada<\/li>\n<li><strong>Tipo de bateria:<\/strong>\u00a0Bateria LiFePO4<\/li>\n<li><strong>Carater\u00edsticas principais:<\/strong>\u00a0WiFi, APP personalizada (opcional)<\/li>\n<li><strong>Suporte de bateria:<\/strong>\u00a0Sistema de energia solar tudo-em-um por atacado, OEM.ODM<\/li>\n<li><strong>Garantia:<\/strong>\u00a010 anos<\/li>\n<li><strong>Prazo de entrega:<\/strong>\u00a07-14 dias para amostras, 35-60 dias para produ\u00e7\u00e3o em massa<\/li>\n<li><strong>Os produtos da Kamada Power Battery suportam atacado, distribuidores e baterias personalizadas OEM ODM. Por favor\u00a0<a title=\"Contactar a Kamada Power\" href=\"https:\/\/www.kmdpower.com\/pt\/contact-us\/\" target=\"_blank\" rel=\"noopener\">Contactar-nos<\/a>!<\/strong><\/li>\n<\/ul>","protected":false},"featured_media":1631,"template":"","meta":{"rank_math_lock_modified_date":false,"_kad_post_transparent":"default","_kad_post_title":"","_kad_post_layout":"default","_kad_post_sidebar_id":"","_kad_post_content_style":"default","_kad_post_vertical_padding":"default","_kad_post_feature":"","_kad_post_feature_position":"","_kad_post_header":false,"_kad_post_footer":false},"product_cat":[17,34],"product_tag":[224,242,319,327,323,324,325,326,333,334,335,336,337,338,339,340,341,342,343,344,345,346,347,366,367,384,385,388,392,79,418,509,511,616,641,706,815,816,817,932,933,934,1046,1112,1113,1120,1121,1119,1123],"class_list":{"0":"post-2328","1":"product","2":"type-product","3":"status-publish","4":"has-post-thumbnail","6":"product_cat-home-energy-storage-system","7":"product_cat-all-in-one-solar-power-system-manufacturers","8":"product_tag-3kwh-battery","9":"product_tag-48v-100ah-lifepo4-5-12-kwh","10":"product_tag-48v100ah-power-wall-5kwh-lithium-lifepo4-battery","11":"product_tag-5-12-kwh-lithium-battery","12":"product_tag-5-kw-battery","13":"product_tag-5-kwh-lithium-battery","14":"product_tag-5-kwh-lithium-ion-battery","15":"product_tag-5-kwh-solar-battery","16":"product_tag-5kw-battery","17":"product_tag-5kw-battery-storage","18":"product_tag-5kw-lithium-battery","19":"product_tag-5kw-lithium-ion-battery","20":"product_tag-5kw-powerwall","21":"product_tag-5kw-server-rack-battery","22":"product_tag-5kw-solar-battery","23":"product_tag-5kw-solar-system-battery-bank","24":"product_tag-5kwh","25":"product_tag-5kwh-2448v-server-rack-lifepo4","26":"product_tag-5kwh-48v-rack-battery","27":"product_tag-5kwh-battery-pack","28":"product_tag-5kwh-lifepo4-battery","29":"product_tag-5kwh-lithium-battery","30":"product_tag-6-5-kwh-lithium-battery","31":"product_tag-6kw-battery-storage","32":"product_tag-6kwh-lithium-battery","33":"product_tag-7kw-battery","34":"product_tag-7kwh-battery","35":"product_tag-9-6-kwh-lithium-battery","36":"product_tag-all-in-one-ess","37":"product_tag-all-in-one-solar-power-system","38":"product_tag-battery-5kwh","39":"product_tag-customized-5-kwh-lithium-ion-battery","40":"product_tag-customized-5kwh-lifepo4-battery","41":"product_tag-lifepo4-5kwh","42":"product_tag-lifepo4-battery-powerwall-5kw-48v","43":"product_tag-lithium-ion-battery-5kwh","44":"product_tag-odm-5kwh-lifepo4-battery","45":"product_tag-odm-5kwh-lifepo4-battery-manufacturer","46":"product_tag-odm-5kwh-lifepo4-battery-supplier","47":"product_tag-oem-5kwh-lifepo4-battery","48":"product_tag-oem-5kwh-lifepo4-battery-manufacturer","49":"product_tag-oem-5kwh-lifepo4-battery-supplier","50":"product_tag-server-rack-lifepo4-5kw","51":"product_tag-wholesale-48v-100ah-lifepo4-5-12-kwh-factory","52":"product_tag-wholesale-48v-100ah-lifepo4-5-12-kwh-supplier","53":"product_tag-wholesale-5-12-kwh-lithium-battery-manufacturers","54":"product_tag-wholesale-5-12-kwh-lithium-battery-supplier","55":"product_tag-wholesale-5-kwh-lithium-battery","56":"product_tag-wholesale-battery-5kwh","58":"first","59":"instock","60":"shipping-taxable","61":"product-type-simple","62":"entry","63":"content-bg","64":"loop-entry"},"_links":{"self":[{"href":"https:\/\/www.kmdpower.com\/pt\/wp-json\/wp\/v2\/product\/2328","targetHints":{"allow":["GET"]}}],"collection":[{"href":"https:\/\/www.kmdpower.com\/pt\/wp-json\/wp\/v2\/product"}],"about":[{"href":"https:\/\/www.kmdpower.com\/pt\/wp-json\/wp\/v2\/types\/product"}],"version-history":[{"count":4,"href":"https:\/\/www.kmdpower.com\/pt\/wp-json\/wp\/v2\/product\/2328\/revisions"}],"predecessor-version":[{"id":2330,"href":"https:\/\/www.kmdpower.com\/pt\/wp-json\/wp\/v2\/product\/2328\/revisions\/2330"}],"wp:featuredmedia":[{"embeddable":true,"href":"https:\/\/www.kmdpower.com\/pt\/wp-json\/wp\/v2\/media\/1631"}],"wp:attachment":[{"href":"https:\/\/www.kmdpower.com\/pt\/wp-json\/wp\/v2\/media?parent=2328"}],"wp:term":[{"taxonomy":"product_cat","embeddable":true,"href":"https:\/\/www.kmdpower.com\/pt\/wp-json\/wp\/v2\/product_cat?post=2328"},{"taxonomy":"product_tag","embeddable":true,"href":"https:\/\/www.kmdpower.com\/pt\/wp-json\/wp\/v2\/product_tag?post=2328"}],"curies":[{"name":"wp","href":"https:\/\/api.w.org\/{rel}","templated":true}]}}