{"id":2278,"date":"2024-10-14T08:51:10","date_gmt":"2024-10-14T08:51:10","guid":{"rendered":"http:\/\/www.kmdpower.com\/?post_type=product&#038;p=2278"},"modified":"2025-01-19T06:53:01","modified_gmt":"2025-01-19T06:53:01","slug":"energy-storage-battery-51-2v-400ah-all-in-one-20kwh-10kwh-25kwh-lithium-ion-solar-home-product","status":"publish","type":"product","link":"https:\/\/www.kmdpower.com\/pt\/energy-storage-battery-51-2v-400ah-all-in-one-20kwh-10kwh-25kwh-lithium-ion-solar-home-product\/","title":{"rendered":"Bateria de armazenamento de energia 51.2V 400Ah All In One 20kwh 10kwh 25kwh Lithium Ion Solar Home"},"content":{"rendered":"<p><a href=\"https:\/\/www.kmdpower.com\/pt\/contact-us\/\"><img fetchpriority=\"high\" decoding=\"async\" class=\"aligncenter\" src=\"http:\/\/www.kmdpower.com\/wp-content\/uploads\/Contact-US-Kamada-Power-Shenzhen-Kamada-Electronic-Co-Ltd.jpg\" alt=\"\" width=\"1000\" height=\"200\" \/><\/a><\/p>\n<p><img decoding=\"async\" class=\"aligncenter wp-image-2264 size-full\" src=\"http:\/\/www.kmdpower.com\/wp-content\/uploads\/kamada-power-all-in-one-solar-power-system-001.jpg\" alt=\"sistema de energia solar &quot;tudo em um&quot; kamada power 001\" width=\"1000\" height=\"414\" \/><\/p>\n<h3 style=\"text-align: center;\">Kamada Power ESS Bateria de armazenamento de energia 51.2V 400Ah Tudo em um 20kwh 10kwh 25kwh<\/h3>\n<p><img decoding=\"async\" class=\"aligncenter wp-image-2265 size-full\" src=\"http:\/\/www.kmdpower.com\/wp-content\/uploads\/kamada-power-all-in-one-solar-power-system-002.jpg\" alt=\"kamada power sistema de energia solar tudo em um 002\" width=\"1000\" height=\"788\" \/><\/p>\n<h3 style=\"text-align: center;\">Fun\u00e7\u00e3o de equaliza\u00e7\u00e3o\uff08Ativa ou passiva opcional)<\/h3>\n<p>&nbsp;<\/p>\n<p><img loading=\"lazy\" decoding=\"async\" class=\"aligncenter wp-image-978 size-full\" src=\"http:\/\/www.kmdpower.com\/wp-content\/uploads\/Active-Equalization-Function-and-Active-Passive-Optional-0.png\" alt=\"Fun\u00e7\u00e3o de equaliza\u00e7\u00e3o ativa e passiva ativa opcional 0\" width=\"1000\" height=\"246\" \/><\/p>\n<div>\n<h3 style=\"text-align: center;\">Bateria empilh\u00e1vel de baixa tens\u00e3o Kamada Power Custom 10.24Wh~40.96kWh<\/h3>\n<p><img loading=\"lazy\" decoding=\"async\" class=\"aligncenter wp-image-2266 size-full\" src=\"http:\/\/www.kmdpower.com\/wp-content\/uploads\/kamada-power-all-in-one-solar-power-system-003.jpg\" alt=\"kamada power sistema de energia solar tudo em um 003\" width=\"1000\" height=\"455\" \/><\/p>\n<\/div>\n<div>\n<p style=\"text-align: center;\">Bateria empilh\u00e1vel de baixa tens\u00e3o Kamada Power Custom 10.24kWh, 15.36kWh, 20.48kWh, 25.75kWh, 30.72kWh, 35.84kWh, 40.96kWh<\/p>\n<\/div>\n<p>&nbsp;<\/p>\n<p>A bateria residencial empilh\u00e1vel de baixa tens\u00e3o Kamada Power foi concebida para armazenar eletricidade gerada a partir de fontes de energia renov\u00e1veis, como a energia solar e e\u00f3lica, para utiliza\u00e7\u00e3o dom\u00e9stica. Em contraste com as baterias residenciais empilh\u00e1veis de alta tens\u00e3o, a vers\u00e3o de baixa tens\u00e3o oferece uma solu\u00e7\u00e3o mais econ\u00f3mica com uma aplicabilidade mais ampla, tornando-a ideal para sistemas com requisitos de energia mais baixos, como as configura\u00e7\u00f5es dom\u00e9sticas t\u00edpicas.<\/p>\n<p>Kamada Power ESS Bateria de armazenamento de energia 51.2V 400Ah All In One 20kwh 10kwh 25kwh \u00e9 a vers\u00e3o mais recente do sistema de armazenamento de bateria. O sistema rec\u00e9m-projetado fornece um conetor f\u00e1cil para economizar tempo valioso para os instaladores. O sistema de empilhamento oferece configura\u00e7\u00f5es flex\u00edveis de 5,12 kWh a 40,96 kWh de capacidade.<\/p>\n<p>&nbsp;<\/p>\n<div>\n<div>\n<h3 style=\"text-align: center;\">Destaques do produto<\/h3>\n<p><strong>Design modular empilhado<\/strong>\uff1aDesign modular e empilhado para f\u00e1cil instala\u00e7\u00e3o e expans\u00e3o.(5.12kWh a 40.96kWh)<br \/>\n<strong>C\u00e9lula da bateria\uff1a<\/strong>C\u00e9lula da bateria BYD\/EVE\/REPT Lifepo4 no interior<br \/>\n<strong>Ciclo de vida<\/strong>\uff1aBateria solar de 6000 ciclos da Deep Cycles<br \/>\n<strong>Ecr\u00e3 LCD:<\/strong> dados de funcionamento da bateria em tempo real<br \/>\n<strong>Corrente de descarga grande<\/strong>\uff1aCorrente de descarga grande, adequada para sistema solar<br \/>\n<strong>Comunica\u00e7\u00e3o\uff1a<\/strong>Comunica\u00e7\u00e3o com inversores de diferentes marcas<br \/>\n<strong>Alta Densidade\uff1a<\/strong>Alta densidade, tamanho e peso reduzidos<br \/>\n<strong>Garantia\uff1a<\/strong>Mais de 10 anos de desempenho da bateria. 5 anos de garantia<br \/>\n<strong>BMS\uff1a<\/strong>Sistema BMS inteligente para otimizar o desempenho<\/p>\n<\/div>\n<p>&nbsp;<\/p>\n<h3 style=\"text-align: center;\">Sistema BMS fi\u00e1vel e ultra seguro<\/h3>\n<p><img loading=\"lazy\" decoding=\"async\" class=\"aligncenter wp-image-1283 size-full\" src=\"http:\/\/www.kmdpower.com\/wp-content\/uploads\/Kamada-Power-Battery-BMS.jpg\" alt=\"Kamada Power Battery BMS\" width=\"1000\" height=\"401\" \/><\/p>\n<p style=\"text-align: left;\">O BMS do sistema de energia solar tudo-em-um da Kamada Power garante um funcionamento seguro em temperaturas extremas, evita a sobrecarga e a descarga excessiva, prolonga a vida \u00fatil da bateria e proporciona um desempenho fi\u00e1vel com carga e descarga eficientes. Inclui tamb\u00e9m prote\u00e7\u00e3o contra sobrecorrente e curto-circuito para seguran\u00e7a do sistema, oferecendo aos utilizadores op\u00e7\u00f5es de equil\u00edbrio ativo ou passivo para otimizar o desempenho da bateria e a efici\u00eancia energ\u00e9tica.<\/p>\n<p>&nbsp;<\/p>\n<h3 style=\"text-align: center;\">Bateria de armazenamento de energia ESS 51.2V 400Ah Tudo em um 20kwh 10kwh 25kwh(Tamanho Peso)<\/h3>\n<p>&nbsp;<\/p>\n<p><img loading=\"lazy\" decoding=\"async\" class=\"aligncenter wp-image-1275 size-full\" src=\"http:\/\/www.kmdpower.com\/wp-content\/uploads\/kamada-power-all-in-one-solar-power-system-size-weight-001.png\" alt=\"kamada power sistema de energia solar tudo em um tamanho peso 001\" width=\"1830\" height=\"885\" \/><\/p>\n<p>&nbsp;<\/p>\n<h3 style=\"text-align: center;\">Compat\u00edvel com o inversor de bateria Kamada Power<\/h3>\n<p style=\"text-align: center;\">ompat\u00edvel com 91% dos inversores existentes no mercado<\/p>\n<p><img loading=\"lazy\" decoding=\"async\" class=\"aligncenter wp-image-1288 size-full\" src=\"http:\/\/www.kmdpower.com\/wp-content\/uploads\/Kamada-Power-Battery-Inverter-Compatible-X01.jpg\" alt=\"Inversor de bateria Kamada Power compat\u00edvel com X01\" width=\"1000\" height=\"552\" \/><\/p>\n<p style=\"text-align: center;\"><strong>Os produtos de bateria da Kamada Power s\u00e3o compat\u00edveis com o 91% das marcas de inversores do mercado<\/strong><\/p>\n<p>SMA,SRNE,IMEON ENGERGY,ZUCCHETTI,Ingeteam,AiSWEI,victron energy,must,moixa,megarevo,deye,growatt,studer,selectronic,voltronic power,sofar solar,sermatec,gmde,effekta,westernco,sungrow,luxpower,morningstar,delios,sungrow,luxpower,marcas de inversores. voltronic power,sofar solar,sermatec,gmde,effekta,westernco,sungrow,luxpower,morningstar,delios,sunosynk,aeca,saj,solarmax,redback. invt,goodwe,solis,mlt,livoltek,eneiqy,solaxpower,opti-solar,kehua tech.(<strong>Abaixo est\u00e1 apenas uma lista parcial de marcas de inversores<\/strong>)<\/p>\n<p>&nbsp;<\/p>\n<p>&nbsp;<\/p>\n<h3 style=\"text-align: center;\">Diagrama de liga\u00e7\u00e3o da bateria empilh\u00e1vel de baixa tens\u00e3o Kamada Power<\/h3>\n<p><img loading=\"lazy\" decoding=\"async\" class=\"aligncenter wp-image-1271 size-full\" src=\"http:\/\/www.kmdpower.com\/wp-content\/uploads\/kamada-power-all-in-one-solar-power-system-004.jpg\" alt=\"kamada power sistema de energia solar tudo em um 004\" width=\"1000\" height=\"602\" \/><\/p>\n<p>&nbsp;<\/p>\n<h3 style=\"text-align: center;\">Cen\u00e1rio de aplica\u00e7\u00e3o da Kamada Power Battery<\/h3>\n<p><img loading=\"lazy\" decoding=\"async\" class=\"aligncenter wp-image-1272 size-full\" src=\"http:\/\/www.kmdpower.com\/wp-content\/uploads\/kamada-power-all-in-one-solar-power-system-005.jpg\" alt=\"kamada power sistema de energia solar tudo em um 005\" width=\"1000\" height=\"544\" \/><\/p>\n<p style=\"text-align: left;\"><strong>Bateria de armazenamento de energia Kamada Power ESS 51.2V 400Ah All In One 20kwh 10kwh 25kwh Aplica\u00e7\u00e3o:<\/strong> Armazenamento de energia dom\u00e9stica, armazenamento de energia industrial, fornecimento de energia de reserva de emerg\u00eancia, banco de energia UPS, banco de energia de inversor, banco de energia ferrovi\u00e1rio, sistema de energia de telecomunica\u00e7\u00f5es, eletr\u00f3nica m\u00e9dica, esta\u00e7\u00f5es de base comerciais, comunica\u00e7\u00f5es de seguran\u00e7a, log\u00edstica de transportes, etc.<\/p>\n<p>&nbsp;<\/p>\n<h3 style=\"text-align: center;\">Por que escolher Kamada Power OEM ODM seus produtos de bateria?<\/h3>\n<p><strong>N\u00e3o precisa de se preocupar com estes desafios de problemas de baterias personalizadas!<\/strong><br \/>\nA incapacidade de satisfazer os requisitos personalizados da sua bateria, o longo prazo de produ\u00e7\u00e3o, o tempo de entrega lento, a comunica\u00e7\u00e3o ineficaz, a falta de garantia de qualidade, o pre\u00e7o n\u00e3o competitivo do produto e a m\u00e1 experi\u00eancia de servi\u00e7o s\u00e3o estes problemas!<\/p>\n<p><strong>O poder do profissionalismo!<\/strong><br \/>\nJ\u00e1 servimos milhares de clientes de baterias de v\u00e1rios sectores e personaliz\u00e1mos milhares de produtos de baterias! Sabemos a import\u00e2ncia de uma comunica\u00e7\u00e3o aprofundada das necessidades, conhecemos os produtos de bateria desde a conce\u00e7\u00e3o at\u00e9 \u00e0 produ\u00e7\u00e3o em massa de v\u00e1rios desafios e problemas t\u00e9cnicos, e como resolver estes problemas de forma r\u00e1pida e eficaz!<\/p>\n<p><strong>Desenvolver solu\u00e7\u00f5es eficazes de baterias personalizadas!<\/strong><br \/>\nEm resposta \u00e0s suas necessidades de baterias personalizadas, designaremos especificamente a equipa de projeto de tecnologia de baterias para lhe fornecer um servi\u00e7o individual. Comunicamos consigo em profundidade sobre a ind\u00fastria, cen\u00e1rios, requisitos, pontos fracos, desempenho, funcionalidade e desenvolvemos solu\u00e7\u00f5es de baterias personalizadas.<\/p>\n<p><strong>Entrega r\u00e1pida da produ\u00e7\u00e3o de baterias personalizadas!<\/strong><br \/>\nSomos \u00e1geis e r\u00e1pidos para o ajudar a alcan\u00e7ar desde a conce\u00e7\u00e3o do produto da bateria, \u00e0 amostragem da bateria, \u00e0 produ\u00e7\u00e3o em massa do produto da bateria. Obtenha um design de produto r\u00e1pido, produ\u00e7\u00e3o e fabrico r\u00e1pidos, entrega e envio r\u00e1pidos, melhor qualidade e pre\u00e7o de f\u00e1brica para baterias personalizadas!<\/p>\n<p><strong>Ajudamo-lo a aproveitar rapidamente a oportunidade do mercado das baterias de armazenamento de energia!<\/strong><br \/>\nA Kamada Power ajuda-o a obter rapidamente produtos de bateria personalizados e diferenciados, a melhorar a competitividade do produto e a assumir rapidamente a lideran\u00e7a no mercado de baterias de armazenamento de energia.<\/p>\n<p>&nbsp;<\/p>\n<h3 style=\"text-align: center;\">Shenzhen Kamada Electronic Co.,Ltd<br \/>\nExposi\u00e7\u00e3o de energia Kamada<\/h3>\n<p><img loading=\"lazy\" decoding=\"async\" class=\"aligncenter wp-image-1297 size-full\" src=\"http:\/\/www.kmdpower.com\/wp-content\/uploads\/Kamada-Power-Exhibition-Shenzhen-Kamada-Electronic-Co-Ltd.png\" alt=\"Exposi\u00e7\u00e3o de energia Kamada Shenzhen Kamada Electronic Co Ltd\" width=\"1920\" height=\"841\" \/><\/p>\n<p>&nbsp;<\/p>\n<h3 style=\"text-align: center;\">Certifica\u00e7\u00e3o dos fabricantes de baterias Kamada Power<\/h3>\n<p><img loading=\"lazy\" decoding=\"async\" class=\"aligncenter wp-image-1285 size-full\" src=\"http:\/\/www.kmdpower.com\/wp-content\/uploads\/Kamada-Power-Battery-Certification.png\" alt=\"Certifica\u00e7\u00e3o dos fabricantes de baterias Kamada Power\" width=\"1344\" height=\"462\" \/><\/p>\n<p>&nbsp;<\/p>\n<h3 style=\"text-align: center;\">Processo de produ\u00e7\u00e3o da f\u00e1brica de baterias de i\u00f5es de l\u00edtio Kamada Power<\/h3>\n<p><img loading=\"lazy\" decoding=\"async\" class=\"aligncenter wp-image-1323 size-full\" src=\"http:\/\/www.kmdpower.com\/wp-content\/uploads\/Kamada-Power-Lithium-ion-Battery-Manufacturers-Factory-Production-Process-02.jpg\" alt=\"F\u00e1brica de fabricantes de baterias de i\u00f5es de l\u00edtio Kamada Power Processo de produ\u00e7\u00e3o 02\" width=\"1000\" height=\"517\" \/><\/p>\n<p>&nbsp;<\/p>\n<h3 style=\"text-align: center;\">Fabricantes de baterias el\u00e9ctricas Kamada<\/h3>\n<p><img loading=\"lazy\" decoding=\"async\" class=\"aligncenter wp-image-1324 size-full\" src=\"http:\/\/www.kmdpower.com\/wp-content\/uploads\/Kamada-Power-Lithium-ion-Battery-Manufacturers-Factory-Show.jpg\" alt=\"F\u00e1brica de baterias de i\u00f5es de l\u00edtio da Kamada Power\" width=\"1000\" height=\"584\" \/><\/p>\n<p>Kamada Power Battery Factory produz todos os tipos de solu\u00e7\u00f5es de baterias personalizadas oem odm: bateria solar dom\u00e9stica, baterias de ve\u00edculos de baixa velocidade (baterias de golfe, baterias RV, baterias de l\u00edtio convertidas em chumbo, baterias de carrinho el\u00e9trico, baterias de empilhadeira), baterias mar\u00edtimas, baterias de navios de cruzeiro, baterias de alta tens\u00e3o, baterias empilhadas,\u00a0<strong><a title=\"Fabricantes de baterias de i\u00f5es de s\u00f3dio\" href=\"http:\/\/www.kmdpower.com\/pt\/sodium-ion-battery-manufacturers\/\" target=\"_blank\" rel=\"noopener\">Bateria de i\u00f5es de s\u00f3dio<\/a>,\u00a0<a href=\"http:\/\/www.kmdpower.com\/pt\/commercial-energy-storage-systems\/\" target=\"_blank\" rel=\"noopener\">sistemas industriais e comerciais de armazenamento de energia<\/a><\/strong><\/p>\n<p>&nbsp;<\/p>\n<\/div>","protected":false},"excerpt":{"rendered":"<ul>\n<li><strong>Modelo:<\/strong>\u00a0Bateria de armazenamento de energia 51.2V 400Ah All In One 20kwh 10kwh 25kwh Lithium Ion Solar Home<\/li>\n<li><strong>Ciclo de vida:<\/strong>\u00a06000 vezes<\/li>\n<li><strong>Peso:<\/strong>\u00a050KGS<\/li>\n<li><strong>Dimens\u00f5es:<\/strong>\u00a01575*661*391 mm<\/li>\n<li><strong>Certificado:<\/strong>\u00a0CE\/UN38.3\/MSDS<\/li>\n<li><strong>Fabricantes de baterias empilh\u00e1veis de baixa tens\u00e3o:<\/strong>\u00a0Energia Kamada<\/li>\n<li><strong>Tipo de bateria:<\/strong>\u00a0Bateria LiFePO4<\/li>\n<li><strong>Suporte de bateria:<\/strong>\u00a0Atacado, OEM.ODM Bateria empilh\u00e1vel de baixa tens\u00e3o<\/li>\n<li><strong>Garantia:<\/strong>\u00a010 anos<\/li>\n<li><strong>Prazo de entrega:<\/strong>\u00a07-14 dias para amostras, 35-60 dias para produ\u00e7\u00e3o em massa<\/li>\n<li><strong>Os produtos da Kamada Power Battery suportam atacado, distribuidores e baterias personalizadas OEM ODM. Por favor\u00a0<a title=\"Contactar a Kamada Power\" href=\"https:\/\/www.kmdpower.com\/pt\/contact-us\/\" target=\"_blank\" rel=\"noopener\">Contactar-nos<\/a>!<\/strong><\/li>\n<\/ul>","protected":false},"featured_media":1060,"template":"","meta":{"rank_math_lock_modified_date":false,"_kad_post_transparent":"default","_kad_post_title":"","_kad_post_layout":"default","_kad_post_sidebar_id":"","_kad_post_content_style":"default","_kad_post_vertical_padding":"default","_kad_post_feature":"","_kad_post_feature_position":"","_kad_post_header":false,"_kad_post_footer":false},"product_cat":[17,33],"product_tag":[85,86,87,88,89,93,94,95,96,97,98,99,100,101,102,103,104,105,106,107,153,154,155,156,157,158,268,332,392,487,514,521,596,676,756,757,830,831,904,943,944,945,75,1108,1109,1110,1130,1131,1132,1133],"class_list":{"0":"post-2278","1":"product","2":"type-product","3":"status-publish","4":"has-post-thumbnail","6":"product_cat-home-energy-storage-system","7":"product_cat-low-voltage-battery","8":"product_tag-10-kw-lithium-battery","9":"product_tag-10-kw-lithium-battery-pack","10":"product_tag-10-kw-solar-battery","11":"product_tag-10-kwh-lithium-battery","12":"product_tag-10-kwh-lithium-ion-battery","13":"product_tag-10kw-battery","14":"product_tag-10kw-battery-pack","15":"product_tag-10kw-home-battery","16":"product_tag-10kw-lifepo4-battery","17":"product_tag-10kw-lithium-battery","18":"product_tag-10kw-lithium-ion-battery","19":"product_tag-10kw-powerwall","20":"product_tag-10kw-solar-battery","21":"product_tag-10kwh-48v-lifepo4","22":"product_tag-10kwh-48v-lifepo4-manufacturer","23":"product_tag-10kwh-51-2-v-200ah-lifepo4-lithium-battery","24":"product_tag-10kwh-lifepo4-battery","25":"product_tag-10kwh-lithium-battery","26":"product_tag-10kwh-lithium-battery-48v","27":"product_tag-10kwh-solar-battery","28":"product_tag-20kw-battery","29":"product_tag-20kw-battery-bank","30":"product_tag-20kw-battery-inverter","31":"product_tag-20kw-battery-storage","32":"product_tag-20kw-lifepo4-battery","33":"product_tag-20kw-powerwall","34":"product_tag-48v-200ah-to-kwh","35":"product_tag-52v-lifepo4-battery","36":"product_tag-all-in-one-ess","37":"product_tag-customized-10kwh-lifepo4-battery","38":"product_tag-customized-lifepo4-10kwh","39":"product_tag-customized-lithium-ion-battery-10kwh","40":"product_tag-lifepo4-10kwh","41":"product_tag-lithium-battery-10-kwh","42":"product_tag-odm-10kwh-lifepo4-battery-manufacturer","43":"product_tag-odm-10kwh-lifepo4-battery-supplier","44":"product_tag-odm-lifepo4-10kwh-manufacturer","45":"product_tag-odm-lifepo4-10kwh-supplier","46":"product_tag-oem-10kwh-lifepo4-battery-manufacturer","47":"product_tag-oem-lifepo4-10kwh","48":"product_tag-oem-lifepo4-10kwh-manufacturer","49":"product_tag-oem-lifepo4-10kwh-supplier","50":"product_tag-stackable-battery","51":"product_tag-wholesale-10kw-lithium-ion-battery-manufacturer","52":"product_tag-wholesale-13kw-solar-battery-factories","53":"product_tag-wholesale-13kw-solar-battery-manufacturers","54":"product_tag-wholesale-lifepo4-10kwh-factories","55":"product_tag-wholesale-lifepo4-10kwh-factory","56":"product_tag-wholesale-lifepo4-10kwh-manufacturers","57":"product_tag-wholesale-lifepo4-10kwh-suppliers","59":"first","60":"instock","61":"shipping-taxable","62":"product-type-simple","63":"entry","64":"content-bg","65":"loop-entry"},"_links":{"self":[{"href":"https:\/\/www.kmdpower.com\/pt\/wp-json\/wp\/v2\/product\/2278","targetHints":{"allow":["GET"]}}],"collection":[{"href":"https:\/\/www.kmdpower.com\/pt\/wp-json\/wp\/v2\/product"}],"about":[{"href":"https:\/\/www.kmdpower.com\/pt\/wp-json\/wp\/v2\/types\/product"}],"version-history":[{"count":3,"href":"https:\/\/www.kmdpower.com\/pt\/wp-json\/wp\/v2\/product\/2278\/revisions"}],"predecessor-version":[{"id":3939,"href":"https:\/\/www.kmdpower.com\/pt\/wp-json\/wp\/v2\/product\/2278\/revisions\/3939"}],"wp:featuredmedia":[{"embeddable":true,"href":"https:\/\/www.kmdpower.com\/pt\/wp-json\/wp\/v2\/media\/1060"}],"wp:attachment":[{"href":"https:\/\/www.kmdpower.com\/pt\/wp-json\/wp\/v2\/media?parent=2278"}],"wp:term":[{"taxonomy":"product_cat","embeddable":true,"href":"https:\/\/www.kmdpower.com\/pt\/wp-json\/wp\/v2\/product_cat?post=2278"},{"taxonomy":"product_tag","embeddable":true,"href":"https:\/\/www.kmdpower.com\/pt\/wp-json\/wp\/v2\/product_tag?post=2278"}],"curies":[{"name":"wp","href":"https:\/\/api.w.org\/{rel}","templated":true}]}}