{"id":2146,"date":"2024-10-11T05:58:59","date_gmt":"2024-10-11T05:58:59","guid":{"rendered":"http:\/\/www.kmdpower.com\/?post_type=product&#038;p=2146"},"modified":"2025-01-19T06:07:57","modified_gmt":"2025-01-19T06:07:57","slug":"all-in-one-5kwh-25-6v-200ah-lifepo4-battery-hybrid-inverter-2-56kwh-3kwh-5kwh-product","status":"publish","type":"product","link":"https:\/\/www.kmdpower.com\/pt\/all-in-one-5kwh-25-6v-200ah-lifepo4-battery-hybrid-inverter-2-56kwh-3kwh-5kwh-product\/","title":{"rendered":"All In One 5kwh 25.6V 200Ah Bateria LiFePO4 Inversor h\u00edbrido 2.56kwh 3kwh 5kwh"},"content":{"rendered":"<p><a href=\"https:\/\/www.kmdpower.com\/pt\/contact-us\/\"><img fetchpriority=\"high\" decoding=\"async\" class=\"aligncenter\" src=\"http:\/\/www.kmdpower.com\/wp-content\/uploads\/Contact-US-Kamada-Power-Shenzhen-Kamada-Electronic-Co-Ltd.jpg\" alt=\"\" width=\"1000\" height=\"200\" \/><\/a><\/p>\n<p><img decoding=\"async\" class=\"aligncenter wp-image-1464 size-full\" src=\"http:\/\/www.kmdpower.com\/wp-content\/uploads\/Wall-Mount-Battery-Inverter-All-in-One-01.jpg\" alt=\"Kamada Power Sistema solar tudo-em-um 25.6V 200Ah 5Kwh Inversor h\u00edbrido Banner\" width=\"1000\" height=\"435\" \/><\/p>\n<h3 style=\"text-align: center;\">Kamada Power Sistema solar tudo em um 25.6V 200Ah 5Kwh Inversor h\u00edbrido Carater\u00edsticas<\/h3>\n<p><img decoding=\"async\" class=\"aligncenter wp-image-1325 size-full\" src=\"http:\/\/www.kmdpower.com\/wp-content\/uploads\/kamada-power-powerwall-all-in-one-system-feature-001.jpg\" alt=\"Kamada Power Sistema solar tudo em um 25.6V 200Ah 5Kwh Inversor h\u00edbrido Carater\u00edsticas\" width=\"1000\" height=\"774\" \/><\/p>\n<h3 style=\"text-align: center;\">Fun\u00e7\u00e3o de equaliza\u00e7\u00e3o\uff08Ativa ou passiva opcional)<\/h3>\n<p>&nbsp;<\/p>\n<p><img loading=\"lazy\" decoding=\"async\" class=\"aligncenter wp-image-978 size-full\" src=\"http:\/\/www.kmdpower.com\/wp-content\/uploads\/Active-Equalization-Function-and-Active-Passive-Optional-0.png\" alt=\"Fun\u00e7\u00e3o de equaliza\u00e7\u00e3o ativa e passiva ativa opcional 0\" width=\"1000\" height=\"246\" \/><\/p>\n<div>\n<div>\n<div>\n<p>&nbsp;<\/p>\n<\/div>\n<\/div>\n<\/div>\n<div>\n<h3 style=\"text-align: center;\">Destaques do produto<\/h3>\n<p><strong>Fun\u00e7\u00e3o de auto-aquecimento<\/strong><br \/>\nInicie a temperatura de aquecimento \u22640 \u2103, pare a temperatura de aquecimento \u22655 \u2103. A fun\u00e7\u00e3o de autoaquecimento em baterias residenciais resolve efetivamente o desafio da degrada\u00e7\u00e3o do desempenho em climas frios, garantindo uma opera\u00e7\u00e3o confi\u00e1vel e vida \u00fatil prolongada, mesmo em climas adversos, reduzindo assim os custos de manuten\u00e7\u00e3o e melhorando a efici\u00eancia geral do armazenamento de energia.<\/p>\n<p><strong>Suporte para protocolos auto-selecionados<\/strong><\/p>\n<p>simples e f\u00e1cil de integrar rapidamente os inversores.<\/p>\n<p><strong>Unidade de inversor integrada no sistema solar tudo-em-um montado na parede<\/strong><\/p>\n<p>A unidade de inversor integrada montada na parede possui um sistema de inversor incorporado que converte eficazmente a energia CC em energia CA. Concebido para ambientes residenciais ou de escrit\u00f3rio, este produto avan\u00e7ado garante um fornecimento est\u00e1vel de eletricidade. N\u00e3o s\u00f3 poupa espa\u00e7o como tamb\u00e9m simplifica a instala\u00e7\u00e3o e a manuten\u00e7\u00e3o, tornando-o ideal para aplica\u00e7\u00f5es que necessitam de uma convers\u00e3o de energia eficaz. Os utilizadores usufruem de uma gest\u00e3o de energia conveniente e de uma sa\u00edda fi\u00e1vel, aumentando consideravelmente o conforto e a efici\u00eancia tanto em casa como no local de trabalho.<\/p>\n<p><strong>Monitoriza\u00e7\u00e3o em tempo real por Bluetooth atrav\u00e9s de aplica\u00e7\u00e3o<\/strong><br \/>\nA monitoriza\u00e7\u00e3o Bluetooth em tempo real atrav\u00e9s de uma aplica\u00e7\u00e3o para baterias dom\u00e9sticas resolve o problema da visibilidade e controlo limitados sobre a utiliza\u00e7\u00e3o de energia, oferecendo-lhe acesso conveniente e imediato para otimizar o seu consumo de energia e efici\u00eancia de armazenamento.<\/p>\n<p><strong>Bateria LiFePO4<\/strong><br \/>\n6000 ciclos Longa vida \u00fatil, peso leve, maior capacidade, sem manuten\u00e7\u00e3o<\/p>\n<p><strong>Design modular Plug and Play<\/strong><br \/>\nO design de cablagem ascendente na bateria residencial modular plug-and-play simplifica a instala\u00e7\u00e3o, poupando-lhe tempo e esfor\u00e7o. Garante uma configura\u00e7\u00e3o r\u00e1pida e uma integra\u00e7\u00e3o perfeita, aumentando a comodidade e a efici\u00eancia operacional.<\/p>\n<p><strong>Acoplamento DC ou AC, dentro ou fora da rede<\/strong><br \/>\nO acoplamento CC ou CA para baterias residenciais responde \u00e0s suas necessidades de gest\u00e3o de energia e de energia de reserva fi\u00e1vel, dentro ou fora da rede, aumentando assim a independ\u00eancia e a fiabilidade energ\u00e9tica.<\/p>\n<p><strong>Paralelo<\/strong><br \/>\nA bateria dom\u00e9stica powewall 10kwh da kamada power suporta 16 liga\u00e7\u00f5es paralelas, satisfazendo diversas necessidades de aplica\u00e7\u00e3o com configura\u00e7\u00f5es flex\u00edveis e escal\u00e1veis para um desempenho optimizado e uma boa rela\u00e7\u00e3o custo-efic\u00e1cia em solu\u00e7\u00f5es de armazenamento de energia.<\/p>\n<p>&nbsp;<\/p>\n<\/div>\n<p>&nbsp;<\/p>\n<h3 style=\"text-align: center;\">Sistema BMS fi\u00e1vel e ultra seguro<\/h3>\n<p><img loading=\"lazy\" decoding=\"async\" class=\"aligncenter wp-image-1283 size-full\" src=\"http:\/\/www.kmdpower.com\/wp-content\/uploads\/Kamada-Power-Battery-BMS.jpg\" alt=\"Kamada Power Battery BMS\" width=\"1000\" height=\"401\" \/><\/p>\n<p style=\"text-align: left;\">O BMS do sistema solar tudo-em-um com bateria de parede da Kamada Power garante um funcionamento seguro em temperaturas extremas, evita a sobrecarga e a descarga excessiva, prolonga a vida \u00fatil da bateria e proporciona um desempenho fi\u00e1vel com carga e descarga eficientes. Inclui tamb\u00e9m prote\u00e7\u00e3o contra sobrecorrente e curto-circuito para seguran\u00e7a do sistema, oferecendo aos utilizadores op\u00e7\u00f5es de equil\u00edbrio ativo ou passivo para otimizar o desempenho da bateria e a efici\u00eancia energ\u00e9tica.<\/p>\n<p>&nbsp;<\/p>\n<h3 style=\"text-align: center;\">Kamada Power Sistema solar tudo-em-um montado na parede 2,5kwh 5kwh (Tamanho Peso)<\/h3>\n<p><img loading=\"lazy\" decoding=\"async\" class=\"aligncenter wp-image-1466 size-full\" src=\"http:\/\/www.kmdpower.com\/wp-content\/uploads\/Wall-Mount-Battery-Inverter-All-in-One-03.jpg\" alt=\"Kamada Power Sistema solar tudo-em-um montado na parede 2,5kwh 5kwh (Tamanho Peso)\" width=\"1000\" height=\"616\" \/><\/p>\n<p>Kamada Power Bateria de parede Sistema solar tudo-em-um 2.56kWh \/ 38KGS 690* 461*159 mm<br \/>\nKamada Power Bateria de parede Sistema solar tudo-em-um 5.12kWh \/ 60KGS 800 * 490 * 159 mm<\/p>\n<p>&nbsp;<\/p>\n<h3 style=\"text-align: center;\">Cen\u00e1rio de aplica\u00e7\u00e3o da bateria dom\u00e9stica Powerwall da Kamada Power<\/h3>\n<div data-node=\"66bb1ada9ec32\" data-animation-delay=\"0.0\"><img loading=\"lazy\" decoding=\"async\" class=\"aligncenter wp-image-1354 size-full\" src=\"http:\/\/www.kmdpower.com\/wp-content\/uploads\/kamada-powerwall-battery-application-scenario-.jpg\" alt=\"cen\u00e1rio de aplica\u00e7\u00e3o da bateria powerwall da kamada\" width=\"1000\" height=\"462\" \/><\/div>\n<p>&nbsp;<\/p>\n<p><strong>Kamada Powerwall Home Battery Pode ser aplicada nos seguintes cen\u00e1rios de aplica\u00e7\u00e3o:<\/strong><\/p>\n<p><strong>Sistema solar:<\/strong>\u00a0Armazene a energia solar para obter energia constante dia e noite.<br \/>\n<strong>Viagens em autocaravana:<\/strong>\u00a0Fornecer armazenamento port\u00e1til de energia para viagens.<br \/>\n<strong>Barco \/ Marinha:<\/strong>\u00a0Assegura uma alimenta\u00e7\u00e3o ininterrupta enquanto navega ou est\u00e1 ancorado.<br \/>\n<strong>Fora da rede:<\/strong>\u00a0Mantenha-se ligado com energia de reserva fi\u00e1vel em locais remotos.<\/p>\n<p>&nbsp;<\/p>\n<h3 style=\"text-align: center;\">Por que escolher Kamada Power OEM ODM seus produtos de bateria?<\/h3>\n<p><strong>N\u00e3o precisa de se preocupar com estes desafios de problemas de baterias personalizadas!<\/strong><br \/>\nA incapacidade de satisfazer os requisitos personalizados da sua bateria, o longo prazo de produ\u00e7\u00e3o, o tempo de entrega lento, a comunica\u00e7\u00e3o ineficaz, a falta de garantia de qualidade, o pre\u00e7o n\u00e3o competitivo do produto e a m\u00e1 experi\u00eancia de servi\u00e7o s\u00e3o estes problemas!<\/p>\n<p><strong>O poder do profissionalismo!<\/strong><br \/>\nJ\u00e1 servimos milhares de clientes de baterias de v\u00e1rios sectores e personaliz\u00e1mos milhares de produtos de baterias! Sabemos a import\u00e2ncia de uma comunica\u00e7\u00e3o aprofundada das necessidades, conhecemos os produtos de bateria desde a conce\u00e7\u00e3o at\u00e9 \u00e0 produ\u00e7\u00e3o em massa de v\u00e1rios desafios e problemas t\u00e9cnicos, e como resolver estes problemas de forma r\u00e1pida e eficaz!<\/p>\n<p><strong>Desenvolver solu\u00e7\u00f5es eficazes de baterias personalizadas!<\/strong><br \/>\nEm resposta \u00e0s suas necessidades de baterias personalizadas, designaremos especificamente a equipa de projeto de tecnologia de baterias para lhe fornecer um servi\u00e7o individual. Comunicamos consigo em profundidade sobre a ind\u00fastria, cen\u00e1rios, requisitos, pontos fracos, desempenho, funcionalidade e desenvolvemos solu\u00e7\u00f5es de baterias personalizadas.<\/p>\n<p><strong>Entrega r\u00e1pida da produ\u00e7\u00e3o de baterias personalizadas!<\/strong><br \/>\nSomos \u00e1geis e r\u00e1pidos para o ajudar a alcan\u00e7ar desde a conce\u00e7\u00e3o do produto da bateria, \u00e0 amostragem da bateria, \u00e0 produ\u00e7\u00e3o em massa do produto da bateria. Obtenha um design de produto r\u00e1pido, produ\u00e7\u00e3o e fabrico r\u00e1pidos, entrega e envio r\u00e1pidos, melhor qualidade e pre\u00e7o de f\u00e1brica para baterias personalizadas!<\/p>\n<p><strong>Ajudamo-lo a aproveitar rapidamente a oportunidade do mercado das baterias de armazenamento de energia!<\/strong><br \/>\nA Kamada Power ajuda-o a obter rapidamente produtos de bateria personalizados e diferenciados, a melhorar a competitividade do produto e a assumir rapidamente a lideran\u00e7a no mercado de baterias de armazenamento de energia.<\/p>\n<p>&nbsp;<\/p>\n<h3 style=\"text-align: center;\">Shenzhen Kamada Electronic Co.,Ltd<br \/>\nExposi\u00e7\u00e3o de energia Kamada<\/h3>\n<p><img loading=\"lazy\" decoding=\"async\" class=\"aligncenter wp-image-1297 size-full\" src=\"http:\/\/www.kmdpower.com\/wp-content\/uploads\/Kamada-Power-Exhibition-Shenzhen-Kamada-Electronic-Co-Ltd.png\" alt=\"Exposi\u00e7\u00e3o de energia Kamada Shenzhen Kamada Electronic Co Ltd\" width=\"1920\" height=\"841\" \/><\/p>\n<p>&nbsp;<\/p>\n<h3 style=\"text-align: center;\">Certifica\u00e7\u00e3o dos fabricantes de baterias Kamada Power<\/h3>\n<p><img loading=\"lazy\" decoding=\"async\" class=\"aligncenter wp-image-1285 size-full\" src=\"http:\/\/www.kmdpower.com\/wp-content\/uploads\/Kamada-Power-Battery-Certification.png\" alt=\"Certifica\u00e7\u00e3o dos fabricantes de baterias Kamada Power\" width=\"1344\" height=\"462\" \/><\/p>\n<p>&nbsp;<\/p>\n<h3 style=\"text-align: center;\">Processo de produ\u00e7\u00e3o da f\u00e1brica de baterias de i\u00f5es de l\u00edtio Kamada Power<\/h3>\n<p><img loading=\"lazy\" decoding=\"async\" class=\"aligncenter wp-image-1323 size-full\" src=\"http:\/\/www.kmdpower.com\/wp-content\/uploads\/Kamada-Power-Lithium-ion-Battery-Manufacturers-Factory-Production-Process-02.jpg\" alt=\"F\u00e1brica de fabricantes de baterias de i\u00f5es de l\u00edtio Kamada Power Processo de produ\u00e7\u00e3o 02\" width=\"1000\" height=\"517\" \/><\/p>\n<p>&nbsp;<\/p>\n<h3 style=\"text-align: center;\">Fabricantes de baterias el\u00e9ctricas Kamada<\/h3>\n<p><img loading=\"lazy\" decoding=\"async\" class=\"aligncenter wp-image-1324 size-full\" src=\"http:\/\/www.kmdpower.com\/wp-content\/uploads\/Kamada-Power-Lithium-ion-Battery-Manufacturers-Factory-Show.jpg\" alt=\"F\u00e1brica de baterias de i\u00f5es de l\u00edtio da Kamada Power\" width=\"1000\" height=\"584\" \/><\/p>\n<p>Kamada Power Battery Factory produz todos os tipos de solu\u00e7\u00f5es de baterias personalizadas oem odm: bateria solar dom\u00e9stica, baterias de ve\u00edculos de baixa velocidade (baterias de golfe, baterias RV, baterias de l\u00edtio convertidas em chumbo, baterias de carrinho el\u00e9trico, baterias de empilhadeira), baterias mar\u00edtimas, baterias de navios de cruzeiro, baterias de alta tens\u00e3o, baterias empilhadas,\u00a0<strong><a title=\"Fabricantes de baterias de i\u00f5es de s\u00f3dio\" href=\"http:\/\/www.kmdpower.com\/pt\/sodium-ion-battery-manufacturers\/\" target=\"_blank\" rel=\"noopener\">Bateria de i\u00f5es de s\u00f3dio<\/a>,\u00a0<a href=\"http:\/\/www.kmdpower.com\/pt\/commercial-energy-storage-systems\/\" target=\"_blank\" rel=\"noopener\">sistemas industriais e comerciais de armazenamento de energia<\/a><\/strong><\/p>\n<p>&nbsp;<\/p>","protected":false},"excerpt":{"rendered":"<ul>\n<li><strong>Modelo:<\/strong>\u00a0Bateria de parede tudo em um 5kwh 25.6V 200Ah Bateria LiFePO4 Inversor h\u00edbrido 2.56kwh 3kwh 5kwh<\/li>\n<li><strong>Ciclo de vida:<\/strong>\u00a06000 vezes<\/li>\n<li><strong>Peso:<\/strong>\u00a060KGS<\/li>\n<li><strong>Dimens\u00f5es:<\/strong>\u00a0800*490*159 mm<\/li>\n<li><strong>Certificado:<\/strong>\u00a0CE\/UN38.3\/MSDS<\/li>\n<li><strong>Fabricantes de sistemas solares All in One:<\/strong>\u00a0Energia Kamada<\/li>\n<li><strong>Tipo de bateria:<\/strong>\u00a0Bateria LiFePO4<\/li>\n<li><strong>Carater\u00edsticas principais:<\/strong>\u00a0Bluetooth, Wifi, Aquecimento autom\u00e1tico, APP personalizada (opcional)<\/li>\n<li><strong>Suporte de bateria:<\/strong>\u00a0Atacado, OEM.ODM Bateria de parede de energia Sistema solar tudo em um<\/li>\n<li><strong>Garantia:<\/strong>\u00a010 anos<\/li>\n<li><strong>Prazo de entrega:<\/strong>\u00a07-14 dias para amostras, 35-60 dias para produ\u00e7\u00e3o em massa<\/li>\n<li><strong>Os produtos da Kamada Power Battery suportam atacado, distribuidores e baterias personalizadas OEM ODM. Por favor\u00a0<a title=\"Contactar a Kamada Power\" href=\"https:\/\/www.kmdpower.com\/pt\/contact-us\/\" target=\"_blank\" rel=\"noopener\">Contactar-nos<\/a>!<\/strong><\/li>\n<\/ul>","protected":false},"featured_media":1634,"template":"","meta":{"rank_math_lock_modified_date":false,"_kad_post_transparent":"default","_kad_post_title":"","_kad_post_layout":"default","_kad_post_sidebar_id":"","_kad_post_content_style":"default","_kad_post_vertical_padding":"default","_kad_post_feature":"","_kad_post_feature_position":"","_kad_post_header":false,"_kad_post_footer":false},"product_cat":[17,23],"product_tag":[224,242,319,327,323,324,325,326,333,334,335,336,337,338,339,340,341,342,343,344,345,346,347,366,367,384,385,388,392,418,509,511,48,58,49,616,50,641,706,815,816,817,932,933,934,56,1046,59,1112,1113,1120,1121,1119,1123],"class_list":{"0":"post-2146","1":"product","2":"type-product","3":"status-publish","4":"has-post-thumbnail","6":"product_cat-home-energy-storage-system","7":"product_cat-power-wall","8":"product_tag-3kwh-battery","9":"product_tag-48v-100ah-lifepo4-5-12-kwh","10":"product_tag-48v100ah-power-wall-5kwh-lithium-lifepo4-battery","11":"product_tag-5-12-kwh-lithium-battery","12":"product_tag-5-kw-battery","13":"product_tag-5-kwh-lithium-battery","14":"product_tag-5-kwh-lithium-ion-battery","15":"product_tag-5-kwh-solar-battery","16":"product_tag-5kw-battery","17":"product_tag-5kw-battery-storage","18":"product_tag-5kw-lithium-battery","19":"product_tag-5kw-lithium-ion-battery","20":"product_tag-5kw-powerwall","21":"product_tag-5kw-server-rack-battery","22":"product_tag-5kw-solar-battery","23":"product_tag-5kw-solar-system-battery-bank","24":"product_tag-5kwh","25":"product_tag-5kwh-2448v-server-rack-lifepo4","26":"product_tag-5kwh-48v-rack-battery","27":"product_tag-5kwh-battery-pack","28":"product_tag-5kwh-lifepo4-battery","29":"product_tag-5kwh-lithium-battery","30":"product_tag-6-5-kwh-lithium-battery","31":"product_tag-6kw-battery-storage","32":"product_tag-6kwh-lithium-battery","33":"product_tag-7kw-battery","34":"product_tag-7kwh-battery","35":"product_tag-9-6-kwh-lithium-battery","36":"product_tag-all-in-one-ess","37":"product_tag-battery-5kwh","38":"product_tag-customized-5-kwh-lithium-ion-battery","39":"product_tag-customized-5kwh-lifepo4-battery","40":"product_tag-home-battery","41":"product_tag-lifepo4-100ah","42":"product_tag-lifepo4-200ah","43":"product_tag-lifepo4-5kwh","44":"product_tag-lifepo4-battery","45":"product_tag-lifepo4-battery-powerwall-5kw-48v","46":"product_tag-lithium-ion-battery-5kwh","47":"product_tag-odm-5kwh-lifepo4-battery","48":"product_tag-odm-5kwh-lifepo4-battery-manufacturer","49":"product_tag-odm-5kwh-lifepo4-battery-supplier","50":"product_tag-oem-5kwh-lifepo4-battery","51":"product_tag-oem-5kwh-lifepo4-battery-manufacturer","52":"product_tag-oem-5kwh-lifepo4-battery-supplier","53":"product_tag-powerwall","54":"product_tag-server-rack-lifepo4-5kw","55":"product_tag-wall-mount-battery","56":"product_tag-wholesale-48v-100ah-lifepo4-5-12-kwh-factory","57":"product_tag-wholesale-48v-100ah-lifepo4-5-12-kwh-supplier","58":"product_tag-wholesale-5-12-kwh-lithium-battery-manufacturers","59":"product_tag-wholesale-5-12-kwh-lithium-battery-supplier","60":"product_tag-wholesale-5-kwh-lithium-battery","61":"product_tag-wholesale-battery-5kwh","63":"first","64":"instock","65":"shipping-taxable","66":"product-type-simple","67":"entry","68":"content-bg","69":"loop-entry"},"_links":{"self":[{"href":"https:\/\/www.kmdpower.com\/pt\/wp-json\/wp\/v2\/product\/2146","targetHints":{"allow":["GET"]}}],"collection":[{"href":"https:\/\/www.kmdpower.com\/pt\/wp-json\/wp\/v2\/product"}],"about":[{"href":"https:\/\/www.kmdpower.com\/pt\/wp-json\/wp\/v2\/types\/product"}],"version-history":[{"count":4,"href":"https:\/\/www.kmdpower.com\/pt\/wp-json\/wp\/v2\/product\/2146\/revisions"}],"predecessor-version":[{"id":2148,"href":"https:\/\/www.kmdpower.com\/pt\/wp-json\/wp\/v2\/product\/2146\/revisions\/2148"}],"wp:featuredmedia":[{"embeddable":true,"href":"https:\/\/www.kmdpower.com\/pt\/wp-json\/wp\/v2\/media\/1634"}],"wp:attachment":[{"href":"https:\/\/www.kmdpower.com\/pt\/wp-json\/wp\/v2\/media?parent=2146"}],"wp:term":[{"taxonomy":"product_cat","embeddable":true,"href":"https:\/\/www.kmdpower.com\/pt\/wp-json\/wp\/v2\/product_cat?post=2146"},{"taxonomy":"product_tag","embeddable":true,"href":"https:\/\/www.kmdpower.com\/pt\/wp-json\/wp\/v2\/product_tag?post=2146"}],"curies":[{"name":"wp","href":"https:\/\/api.w.org\/{rel}","templated":true}]}}