{"id":4882,"date":"2025-11-07T09:56:56","date_gmt":"2025-11-07T09:56:56","guid":{"rendered":"https:\/\/www.kmdpower.com\/?post_type=product&#038;p=4882"},"modified":"2025-11-07T10:25:50","modified_gmt":"2025-11-07T10:25:50","slug":"kamada-power-12v-100ah-slimline-lithium-battery","status":"publish","type":"product","link":"https:\/\/www.kmdpower.com\/pl\/product\/kamada-power-12v-100ah-slimline-lithium-battery\/","title":{"rendered":"W\u0105ska bateria litowa Kamada Power 12V 100Ah"},"content":{"rendered":"<div data-elementor-type=\"product-post\" data-elementor-id=\"4882\" class=\"elementor elementor-4882\" data-elementor-post-type=\"product\">\n\t\t\t\t<div class=\"elementor-element elementor-element-0908ad9 e-flex e-con-boxed e-con e-parent\" data-id=\"0908ad9\" data-element_type=\"container\" data-settings=\"{&quot;_ha_eqh_enable&quot;:false}\">\n\t\t\t\t\t<div class=\"e-con-inner\">\n\t\t\t\t<div class=\"elementor-element elementor-element-a1b2422 elementor-widget elementor-widget-image\" data-id=\"a1b2422\" data-element_type=\"widget\" data-widget_type=\"image.default\">\n\t\t\t\t<div class=\"elementor-widget-container\">\n\t\t\t\t\t\t\t\t\t\t\t\t\t<img fetchpriority=\"high\" decoding=\"async\" width=\"1000\" height=\"1000\" src=\"https:\/\/www.kmdpower.com\/wp-content\/uploads\/kamada-power-12v-100ah-slimline-lithium-battery-a01.png\" class=\"attachment-large size-large wp-image-4885\" alt=\"\" srcset=\"https:\/\/www.kmdpower.com\/wp-content\/uploads\/kamada-power-12v-100ah-slimline-lithium-battery-a01.png 1000w, https:\/\/www.kmdpower.com\/wp-content\/uploads\/kamada-power-12v-100ah-slimline-lithium-battery-a01-300x300.png 300w, https:\/\/www.kmdpower.com\/wp-content\/uploads\/kamada-power-12v-100ah-slimline-lithium-battery-a01-150x150.png 150w, https:\/\/www.kmdpower.com\/wp-content\/uploads\/kamada-power-12v-100ah-slimline-lithium-battery-a01-768x768.png 768w, https:\/\/www.kmdpower.com\/wp-content\/uploads\/kamada-power-12v-100ah-slimline-lithium-battery-a01-12x12.png 12w, https:\/\/www.kmdpower.com\/wp-content\/uploads\/kamada-power-12v-100ah-slimline-lithium-battery-a01-600x600.png 600w, https:\/\/www.kmdpower.com\/wp-content\/uploads\/kamada-power-12v-100ah-slimline-lithium-battery-a01-100x100.png 100w\" sizes=\"(max-width: 1000px) 100vw, 1000px\" \/>\t\t\t\t\t\t\t\t\t\t\t\t\t<\/div>\n\t\t\t\t<\/div>\n\t\t\t\t\t<\/div>\n\t\t\t\t<\/div>\n\t\t<div class=\"elementor-element elementor-element-2660bc4 e-flex e-con-boxed e-con e-parent\" data-id=\"2660bc4\" data-element_type=\"container\" data-settings=\"{&quot;_ha_eqh_enable&quot;:false}\">\n\t\t\t\t\t<div class=\"e-con-inner\">\n\t\t\t\t<div class=\"elementor-element elementor-element-7daad2e elementor-widget elementor-widget-image\" data-id=\"7daad2e\" data-element_type=\"widget\" data-widget_type=\"image.default\">\n\t\t\t\t<div class=\"elementor-widget-container\">\n\t\t\t\t\t\t\t\t\t\t\t\t\t<img decoding=\"async\" width=\"1000\" height=\"1000\" src=\"https:\/\/www.kmdpower.com\/wp-content\/uploads\/kamada-power-12v-100ah-slimline-lithium-battery-a02.png\" class=\"attachment-large size-large wp-image-4886\" alt=\"\" srcset=\"https:\/\/www.kmdpower.com\/wp-content\/uploads\/kamada-power-12v-100ah-slimline-lithium-battery-a02.png 1000w, https:\/\/www.kmdpower.com\/wp-content\/uploads\/kamada-power-12v-100ah-slimline-lithium-battery-a02-300x300.png 300w, https:\/\/www.kmdpower.com\/wp-content\/uploads\/kamada-power-12v-100ah-slimline-lithium-battery-a02-150x150.png 150w, https:\/\/www.kmdpower.com\/wp-content\/uploads\/kamada-power-12v-100ah-slimline-lithium-battery-a02-768x768.png 768w, https:\/\/www.kmdpower.com\/wp-content\/uploads\/kamada-power-12v-100ah-slimline-lithium-battery-a02-12x12.png 12w, https:\/\/www.kmdpower.com\/wp-content\/uploads\/kamada-power-12v-100ah-slimline-lithium-battery-a02-600x600.png 600w, https:\/\/www.kmdpower.com\/wp-content\/uploads\/kamada-power-12v-100ah-slimline-lithium-battery-a02-100x100.png 100w\" sizes=\"(max-width: 1000px) 100vw, 1000px\" \/>\t\t\t\t\t\t\t\t\t\t\t\t\t<\/div>\n\t\t\t\t<\/div>\n\t\t\t\t\t<\/div>\n\t\t\t\t<\/div>\n\t\t<div class=\"elementor-element elementor-element-f37686e e-flex e-con-boxed e-con e-parent\" data-id=\"f37686e\" data-element_type=\"container\" data-settings=\"{&quot;_ha_eqh_enable&quot;:false}\">\n\t\t\t\t\t<div class=\"e-con-inner\">\n\t\t\t\t<div class=\"elementor-element elementor-element-5c1441f elementor-widget elementor-widget-image\" data-id=\"5c1441f\" data-element_type=\"widget\" data-widget_type=\"image.default\">\n\t\t\t\t<div class=\"elementor-widget-container\">\n\t\t\t\t\t\t\t\t\t\t\t\t\t<img decoding=\"async\" width=\"1000\" height=\"1000\" src=\"https:\/\/www.kmdpower.com\/wp-content\/uploads\/kamada-power-12v-100ah-slimline-lithium-battery-a03.png\" class=\"attachment-large size-large wp-image-4887\" alt=\"\" srcset=\"https:\/\/www.kmdpower.com\/wp-content\/uploads\/kamada-power-12v-100ah-slimline-lithium-battery-a03.png 1000w, https:\/\/www.kmdpower.com\/wp-content\/uploads\/kamada-power-12v-100ah-slimline-lithium-battery-a03-300x300.png 300w, https:\/\/www.kmdpower.com\/wp-content\/uploads\/kamada-power-12v-100ah-slimline-lithium-battery-a03-150x150.png 150w, https:\/\/www.kmdpower.com\/wp-content\/uploads\/kamada-power-12v-100ah-slimline-lithium-battery-a03-768x768.png 768w, https:\/\/www.kmdpower.com\/wp-content\/uploads\/kamada-power-12v-100ah-slimline-lithium-battery-a03-12x12.png 12w, https:\/\/www.kmdpower.com\/wp-content\/uploads\/kamada-power-12v-100ah-slimline-lithium-battery-a03-600x600.png 600w, https:\/\/www.kmdpower.com\/wp-content\/uploads\/kamada-power-12v-100ah-slimline-lithium-battery-a03-100x100.png 100w\" sizes=\"(max-width: 1000px) 100vw, 1000px\" \/>\t\t\t\t\t\t\t\t\t\t\t\t\t<\/div>\n\t\t\t\t<\/div>\n\t\t\t\t\t<\/div>\n\t\t\t\t<\/div>\n\t\t<div class=\"elementor-element elementor-element-8c1d060 e-flex e-con-boxed e-con e-parent\" data-id=\"8c1d060\" data-element_type=\"container\" data-settings=\"{&quot;_ha_eqh_enable&quot;:false}\">\n\t\t\t\t\t<div class=\"e-con-inner\">\n\t\t\t\t<div class=\"elementor-element elementor-element-888cccc elementor-widget elementor-widget-image\" data-id=\"888cccc\" data-element_type=\"widget\" data-widget_type=\"image.default\">\n\t\t\t\t<div class=\"elementor-widget-container\">\n\t\t\t\t\t\t\t\t\t\t\t\t\t<img loading=\"lazy\" decoding=\"async\" width=\"1000\" height=\"1000\" src=\"https:\/\/www.kmdpower.com\/wp-content\/uploads\/kamada-power-12v-100ah-slimline-lithium-battery-a04.png\" class=\"attachment-large size-large wp-image-4888\" alt=\"\" srcset=\"https:\/\/www.kmdpower.com\/wp-content\/uploads\/kamada-power-12v-100ah-slimline-lithium-battery-a04.png 1000w, https:\/\/www.kmdpower.com\/wp-content\/uploads\/kamada-power-12v-100ah-slimline-lithium-battery-a04-300x300.png 300w, https:\/\/www.kmdpower.com\/wp-content\/uploads\/kamada-power-12v-100ah-slimline-lithium-battery-a04-150x150.png 150w, https:\/\/www.kmdpower.com\/wp-content\/uploads\/kamada-power-12v-100ah-slimline-lithium-battery-a04-768x768.png 768w, https:\/\/www.kmdpower.com\/wp-content\/uploads\/kamada-power-12v-100ah-slimline-lithium-battery-a04-12x12.png 12w, https:\/\/www.kmdpower.com\/wp-content\/uploads\/kamada-power-12v-100ah-slimline-lithium-battery-a04-600x600.png 600w, https:\/\/www.kmdpower.com\/wp-content\/uploads\/kamada-power-12v-100ah-slimline-lithium-battery-a04-100x100.png 100w\" sizes=\"(max-width: 1000px) 100vw, 1000px\" \/>\t\t\t\t\t\t\t\t\t\t\t\t\t<\/div>\n\t\t\t\t<\/div>\n\t\t\t\t\t<\/div>\n\t\t\t\t<\/div>\n\t\t<div class=\"elementor-element elementor-element-352d1ae e-flex e-con-boxed e-con e-parent\" data-id=\"352d1ae\" data-element_type=\"container\" data-settings=\"{&quot;_ha_eqh_enable&quot;:false}\">\n\t\t\t\t\t<div class=\"e-con-inner\">\n\t\t\t\t<div class=\"elementor-element elementor-element-caebe49 elementor-widget elementor-widget-image\" data-id=\"caebe49\" data-element_type=\"widget\" data-widget_type=\"image.default\">\n\t\t\t\t<div class=\"elementor-widget-container\">\n\t\t\t\t\t\t\t\t\t\t\t\t\t<img loading=\"lazy\" decoding=\"async\" width=\"1000\" height=\"1000\" src=\"https:\/\/www.kmdpower.com\/wp-content\/uploads\/kamada-power-12v-100ah-slimline-lithium-battery-a05.png\" class=\"attachment-large size-large wp-image-4889\" alt=\"\" srcset=\"https:\/\/www.kmdpower.com\/wp-content\/uploads\/kamada-power-12v-100ah-slimline-lithium-battery-a05.png 1000w, https:\/\/www.kmdpower.com\/wp-content\/uploads\/kamada-power-12v-100ah-slimline-lithium-battery-a05-300x300.png 300w, https:\/\/www.kmdpower.com\/wp-content\/uploads\/kamada-power-12v-100ah-slimline-lithium-battery-a05-150x150.png 150w, https:\/\/www.kmdpower.com\/wp-content\/uploads\/kamada-power-12v-100ah-slimline-lithium-battery-a05-768x768.png 768w, https:\/\/www.kmdpower.com\/wp-content\/uploads\/kamada-power-12v-100ah-slimline-lithium-battery-a05-12x12.png 12w, https:\/\/www.kmdpower.com\/wp-content\/uploads\/kamada-power-12v-100ah-slimline-lithium-battery-a05-600x600.png 600w, https:\/\/www.kmdpower.com\/wp-content\/uploads\/kamada-power-12v-100ah-slimline-lithium-battery-a05-100x100.png 100w\" sizes=\"(max-width: 1000px) 100vw, 1000px\" \/>\t\t\t\t\t\t\t\t\t\t\t\t\t<\/div>\n\t\t\t\t<\/div>\n\t\t\t\t\t<\/div>\n\t\t\t\t<\/div>\n\t\t<div class=\"elementor-element elementor-element-fadef69 e-flex e-con-boxed e-con e-parent\" data-id=\"fadef69\" data-element_type=\"container\" data-settings=\"{&quot;_ha_eqh_enable&quot;:false}\">\n\t\t\t\t\t<div class=\"e-con-inner\">\n\t\t\t\t<div class=\"elementor-element elementor-element-d30fb88 elementor-widget elementor-widget-image\" data-id=\"d30fb88\" data-element_type=\"widget\" data-widget_type=\"image.default\">\n\t\t\t\t<div class=\"elementor-widget-container\">\n\t\t\t\t\t\t\t\t\t\t\t\t\t<img loading=\"lazy\" decoding=\"async\" width=\"1000\" height=\"1000\" src=\"https:\/\/www.kmdpower.com\/wp-content\/uploads\/kamada-power-12v-100ah-slimline-lithium-battery-a06.png\" class=\"attachment-large size-large wp-image-4890\" alt=\"\" srcset=\"https:\/\/www.kmdpower.com\/wp-content\/uploads\/kamada-power-12v-100ah-slimline-lithium-battery-a06.png 1000w, https:\/\/www.kmdpower.com\/wp-content\/uploads\/kamada-power-12v-100ah-slimline-lithium-battery-a06-300x300.png 300w, https:\/\/www.kmdpower.com\/wp-content\/uploads\/kamada-power-12v-100ah-slimline-lithium-battery-a06-150x150.png 150w, https:\/\/www.kmdpower.com\/wp-content\/uploads\/kamada-power-12v-100ah-slimline-lithium-battery-a06-768x768.png 768w, https:\/\/www.kmdpower.com\/wp-content\/uploads\/kamada-power-12v-100ah-slimline-lithium-battery-a06-12x12.png 12w, https:\/\/www.kmdpower.com\/wp-content\/uploads\/kamada-power-12v-100ah-slimline-lithium-battery-a06-600x600.png 600w, https:\/\/www.kmdpower.com\/wp-content\/uploads\/kamada-power-12v-100ah-slimline-lithium-battery-a06-100x100.png 100w\" sizes=\"(max-width: 1000px) 100vw, 1000px\" \/>\t\t\t\t\t\t\t\t\t\t\t\t\t<\/div>\n\t\t\t\t<\/div>\n\t\t\t\t\t<\/div>\n\t\t\t\t<\/div>\n\t\t<div class=\"elementor-element elementor-element-d6193b0 e-flex e-con-boxed e-con e-parent\" data-id=\"d6193b0\" data-element_type=\"container\" data-settings=\"{&quot;_ha_eqh_enable&quot;:false}\">\n\t\t\t\t\t<div class=\"e-con-inner\">\n\t\t\t\t<div class=\"elementor-element elementor-element-5986a54 elementor-widget elementor-widget-image\" data-id=\"5986a54\" data-element_type=\"widget\" data-widget_type=\"image.default\">\n\t\t\t\t<div class=\"elementor-widget-container\">\n\t\t\t\t\t\t\t\t\t\t\t\t\t<img loading=\"lazy\" decoding=\"async\" width=\"1000\" height=\"1000\" src=\"https:\/\/www.kmdpower.com\/wp-content\/uploads\/kamada-power-12v-100ah-slimline-lithium-battery-a07.png\" class=\"attachment-large size-large wp-image-4891\" alt=\"\" srcset=\"https:\/\/www.kmdpower.com\/wp-content\/uploads\/kamada-power-12v-100ah-slimline-lithium-battery-a07.png 1000w, https:\/\/www.kmdpower.com\/wp-content\/uploads\/kamada-power-12v-100ah-slimline-lithium-battery-a07-300x300.png 300w, https:\/\/www.kmdpower.com\/wp-content\/uploads\/kamada-power-12v-100ah-slimline-lithium-battery-a07-150x150.png 150w, https:\/\/www.kmdpower.com\/wp-content\/uploads\/kamada-power-12v-100ah-slimline-lithium-battery-a07-768x768.png 768w, https:\/\/www.kmdpower.com\/wp-content\/uploads\/kamada-power-12v-100ah-slimline-lithium-battery-a07-12x12.png 12w, https:\/\/www.kmdpower.com\/wp-content\/uploads\/kamada-power-12v-100ah-slimline-lithium-battery-a07-600x600.png 600w, https:\/\/www.kmdpower.com\/wp-content\/uploads\/kamada-power-12v-100ah-slimline-lithium-battery-a07-100x100.png 100w\" sizes=\"(max-width: 1000px) 100vw, 1000px\" \/>\t\t\t\t\t\t\t\t\t\t\t\t\t<\/div>\n\t\t\t\t<\/div>\n\t\t\t\t\t<\/div>\n\t\t\t\t<\/div>\n\t\t<div class=\"elementor-element elementor-element-1340301 e-flex e-con-boxed e-con e-parent\" data-id=\"1340301\" data-element_type=\"container\" data-settings=\"{&quot;_ha_eqh_enable&quot;:false}\">\n\t\t\t\t\t<div class=\"e-con-inner\">\n\t\t\t\t<div class=\"elementor-element elementor-element-3459ef6 elementor-widget elementor-widget-image\" data-id=\"3459ef6\" data-element_type=\"widget\" data-widget_type=\"image.default\">\n\t\t\t\t<div class=\"elementor-widget-container\">\n\t\t\t\t\t\t\t\t\t\t\t\t\t<img loading=\"lazy\" decoding=\"async\" width=\"1000\" height=\"1000\" src=\"https:\/\/www.kmdpower.com\/wp-content\/uploads\/kamada-power-12v-100ah-slimline-lithium-battery-a08.png\" class=\"attachment-large size-large wp-image-4892\" alt=\"\" srcset=\"https:\/\/www.kmdpower.com\/wp-content\/uploads\/kamada-power-12v-100ah-slimline-lithium-battery-a08.png 1000w, https:\/\/www.kmdpower.com\/wp-content\/uploads\/kamada-power-12v-100ah-slimline-lithium-battery-a08-300x300.png 300w, https:\/\/www.kmdpower.com\/wp-content\/uploads\/kamada-power-12v-100ah-slimline-lithium-battery-a08-150x150.png 150w, https:\/\/www.kmdpower.com\/wp-content\/uploads\/kamada-power-12v-100ah-slimline-lithium-battery-a08-768x768.png 768w, https:\/\/www.kmdpower.com\/wp-content\/uploads\/kamada-power-12v-100ah-slimline-lithium-battery-a08-12x12.png 12w, https:\/\/www.kmdpower.com\/wp-content\/uploads\/kamada-power-12v-100ah-slimline-lithium-battery-a08-600x600.png 600w, https:\/\/www.kmdpower.com\/wp-content\/uploads\/kamada-power-12v-100ah-slimline-lithium-battery-a08-100x100.png 100w\" sizes=\"(max-width: 1000px) 100vw, 1000px\" \/>\t\t\t\t\t\t\t\t\t\t\t\t\t<\/div>\n\t\t\t\t<\/div>\n\t\t\t\t\t<\/div>\n\t\t\t\t<\/div>\n\t\t<div class=\"elementor-element elementor-element-1b74df5 e-flex e-con-boxed e-con e-parent\" data-id=\"1b74df5\" data-element_type=\"container\" data-settings=\"{&quot;_ha_eqh_enable&quot;:false}\">\n\t\t\t\t\t<div class=\"e-con-inner\">\n\t\t\t\t<div class=\"elementor-element elementor-element-a17c7fc elementor-widget elementor-widget-heading\" data-id=\"a17c7fc\" data-element_type=\"widget\" data-widget_type=\"heading.default\">\n\t\t\t\t<div class=\"elementor-widget-container\">\n\t\t\t<h3 class=\"elementor-heading-title elementor-size-default\">Shenzhen Kamada Electronic Co, Ltd<br>\nWystawa Kamada Power<\/h3>\t\t<\/div>\n\t\t\t\t<\/div>\n\t\t\t\t<div class=\"elementor-element elementor-element-f896a39 elementor-widget elementor-widget-image\" data-id=\"f896a39\" data-element_type=\"widget\" data-widget_type=\"image.default\">\n\t\t\t\t<div class=\"elementor-widget-container\">\n\t\t\t\t\t\t\t\t\t\t\t\t\t<img loading=\"lazy\" decoding=\"async\" width=\"1024\" height=\"449\" src=\"https:\/\/www.kmdpower.com\/wp-content\/uploads\/Kamada-Power-Exhibition-Shenzhen-Kamada-Electronic-Co-Ltd.png\" class=\"attachment-large size-large wp-image-1297\" alt=\"\" \/>\t\t\t\t\t\t\t\t\t\t\t\t\t<\/div>\n\t\t\t\t<\/div>\n\t\t\t\t\t<\/div>\n\t\t\t\t<\/div>\n\t\t<div class=\"elementor-element elementor-element-ac3cd54 e-flex e-con-boxed e-con e-parent\" data-id=\"ac3cd54\" data-element_type=\"container\" data-settings=\"{&quot;_ha_eqh_enable&quot;:false}\">\n\t\t\t\t\t<div class=\"e-con-inner\">\n\t\t\t\t<div class=\"elementor-element elementor-element-cb4ce0f elementor-widget elementor-widget-heading\" data-id=\"cb4ce0f\" data-element_type=\"widget\" data-widget_type=\"heading.default\">\n\t\t\t\t<div class=\"elementor-widget-container\">\n\t\t\t<h3 class=\"elementor-heading-title elementor-size-default\">Certyfikacja producent\u00f3w akumulator\u00f3w Kamada Power<\/h3>\t\t<\/div>\n\t\t\t\t<\/div>\n\t\t\t\t<div class=\"elementor-element elementor-element-12e974e elementor-widget elementor-widget-image\" data-id=\"12e974e\" data-element_type=\"widget\" data-widget_type=\"image.default\">\n\t\t\t\t<div class=\"elementor-widget-container\">\n\t\t\t\t\t\t\t\t\t\t\t\t\t<img loading=\"lazy\" decoding=\"async\" width=\"1024\" height=\"352\" src=\"https:\/\/www.kmdpower.com\/wp-content\/uploads\/Kamada-Power-Battery-Certification.png\" class=\"attachment-large size-large wp-image-1285\" alt=\"\" \/>\t\t\t\t\t\t\t\t\t\t\t\t\t<\/div>\n\t\t\t\t<\/div>\n\t\t\t\t\t<\/div>\n\t\t\t\t<\/div>\n\t\t<div class=\"elementor-element elementor-element-536cc98 e-flex e-con-boxed e-con e-parent\" data-id=\"536cc98\" data-element_type=\"container\" data-settings=\"{&quot;_ha_eqh_enable&quot;:false}\">\n\t\t\t\t\t<div class=\"e-con-inner\">\n\t\t\t\t<div class=\"elementor-element elementor-element-850b61c elementor-widget elementor-widget-heading\" data-id=\"850b61c\" data-element_type=\"widget\" data-widget_type=\"heading.default\">\n\t\t\t\t<div class=\"elementor-widget-container\">\n\t\t\t<h3 class=\"elementor-heading-title elementor-size-default\">Fabryczny proces produkcji akumulator\u00f3w litowo-jonowych Kamada Power<\/h3>\t\t<\/div>\n\t\t\t\t<\/div>\n\t\t\t\t<div class=\"elementor-element elementor-element-d9217a1 elementor-widget elementor-widget-image\" data-id=\"d9217a1\" data-element_type=\"widget\" data-widget_type=\"image.default\">\n\t\t\t\t<div class=\"elementor-widget-container\">\n\t\t\t\t\t\t\t\t\t\t\t\t\t<img loading=\"lazy\" decoding=\"async\" width=\"1000\" height=\"517\" src=\"https:\/\/www.kmdpower.com\/wp-content\/uploads\/Kamada-Power-Lithium-ion-Battery-Manufacturers-Factory-Production-Process-02.jpg\" class=\"attachment-large size-large wp-image-1323\" alt=\"\" \/>\t\t\t\t\t\t\t\t\t\t\t\t\t<\/div>\n\t\t\t\t<\/div>\n\t\t\t\t\t<\/div>\n\t\t\t\t<\/div>\n\t\t<div class=\"elementor-element elementor-element-f0edc37 e-flex e-con-boxed e-con e-parent\" data-id=\"f0edc37\" data-element_type=\"container\" data-settings=\"{&quot;_ha_eqh_enable&quot;:false}\">\n\t\t\t\t\t<div class=\"e-con-inner\">\n\t\t\t\t<div class=\"elementor-element elementor-element-4123242 elementor-widget elementor-widget-heading\" data-id=\"4123242\" data-element_type=\"widget\" data-widget_type=\"heading.default\">\n\t\t\t\t<div class=\"elementor-widget-container\">\n\t\t\t<h3 class=\"elementor-heading-title elementor-size-default\"><a href=\"https:\/\/www.kmdpower.com\/pl\/slimline-lithium-battery\/\">Producenci baterii litowych Kamada Power Slimline<\/a><\/h3>\t\t<\/div>\n\t\t\t\t<\/div>\n\t\t\t\t<div class=\"elementor-element elementor-element-1935575 elementor-widget elementor-widget-image\" data-id=\"1935575\" data-element_type=\"widget\" data-widget_type=\"image.default\">\n\t\t\t\t<div class=\"elementor-widget-container\">\n\t\t\t\t\t\t\t\t\t\t\t\t\t<img loading=\"lazy\" decoding=\"async\" width=\"1000\" height=\"584\" src=\"https:\/\/www.kmdpower.com\/wp-content\/uploads\/Kamada-Power-Lithium-ion-Battery-Manufacturers-Factory-Show.jpg\" class=\"attachment-large size-large wp-image-1324\" alt=\"\" \/>\t\t\t\t\t\t\t\t\t\t\t\t\t<\/div>\n\t\t\t\t<\/div>\n\t\t\t\t<div class=\"elementor-element elementor-element-a9a1e5a elementor-widget elementor-widget-text-editor\" data-id=\"a9a1e5a\" data-element_type=\"widget\" data-widget_type=\"text-editor.default\">\n\t\t\t\t<div class=\"elementor-widget-container\">\n\t\t\t\t\t\t\t<p>Kamada Power Battery Factory produkuje wszystkie rodzaje niestandardowych rozwi\u0105za\u0144 akumulatorowych: domowe baterie s\u0142oneczne, akumulatory do pojazd\u00f3w o niskiej pr\u0119dko\u015bci (akumulatory golfowe, akumulatory do kamper\u00f3w, akumulatory litowe konwertowane na o\u0142\u00f3w, akumulatory do w\u00f3zk\u00f3w elektrycznych, akumulatory do w\u00f3zk\u00f3w wid\u0142owych), akumulatory morskie, akumulatory do statk\u00f3w wycieczkowych, akumulatory wysokiego napi\u0119cia, akumulatory pi\u0119trowe,\u00a0<strong><a title=\"Producenci akumulator\u00f3w sodowo-jonowych\" href=\"https:\/\/www.kmdpower.com\/pl\/sodium-ion-battery-manufacturers\/\" target=\"_blank\" rel=\"noopener\">Akumulator sodowo-jonowy<\/a>, <a href=\"https:\/\/www.kmdpower.com\/pl\/slimline-lithium-battery\/\">W\u0105ska bateria litowa<\/a><\/strong><\/p>\t\t\t\t\t\t<\/div>\n\t\t\t\t<\/div>\n\t\t\t\t\t<\/div>\n\t\t\t\t<\/div>\n\t\t\t\t<\/div>","protected":false},"excerpt":{"rendered":"<ul>\n<li><strong>Imi\u0119 i nazwisko:<\/strong>\u00a0W\u0105ska bateria litowa Kamada Power 12V 100Ah<\/li>\n<li><strong>Model:<\/strong>\u00a0KMD100LFP-MP<\/li>\n<li><strong>Waga:<\/strong>\u00a015,25 KG<\/li>\n<li><strong>\u017bywotno\u015b\u0107:<\/strong>\u00a06000 razy<\/li>\n<li><strong>Wymiary:<\/strong>\u00a0496 x 255 x 61,5 mm<\/li>\n<li><strong>Certyfikat:<\/strong>\u00a0CE\/UN38.3\/MSDS<\/li>\n<li><strong><a href=\"https:\/\/www.kmdpower.com\/pl\/slimline-lithium-battery\/\">Producenci w\u0105skich baterii litowych<\/a>:<\/strong>\u00a0Kamada Power<\/li>\n<li><strong>Typ baterii:<\/strong>\u00a0W\u0105ska bateria litowa<\/li>\n<li><strong>G\u0142\u00f3wne cechy:<\/strong>\u00a0ultracienki, cienki, 200% dwa razy mocniejszy od tradycyjnych akumulator\u00f3w<\/li>\n<li><strong>Obs\u0142uga baterii:<\/strong>\u00a0Hurtowa w\u0105ska bateria litowa OEM.ODM<\/li>\n<li><strong>Gwarancja:<\/strong>\u00a05 lat<\/li>\n<li><strong>Czas dostawy:<\/strong>\u00a07-14 dni dla pr\u00f3bek, 35-60 dni dla produkcji masowej<\/li>\n<li><strong>Produkty Kamada Power Battery obs\u0142uguj\u0105 sprzeda\u017c hurtow\u0105, dystrybutor\u00f3w i OEM ODM Slimline Lithium Battery. Prosz\u0119\u00a0<a href=\"https:\/\/www.kmdpower.com\/pl\/contact-us\/\">Skontaktuj si\u0119 z nami<\/a>!<\/strong><\/li>\n<\/ul>","protected":false},"featured_media":4883,"template":"","meta":{"rank_math_lock_modified_date":false,"_kad_post_transparent":"default","_kad_post_title":"hide","_kad_post_layout":"fullwidth","_kad_post_sidebar_id":"","_kad_post_content_style":"unboxed","_kad_post_vertical_padding":"hide","_kad_post_feature":"hide","_kad_post_feature_position":"","_kad_post_header":false,"_kad_post_footer":false},"product_cat":[17,1191],"product_tag":[],"class_list":{"0":"post-4882","1":"product","2":"type-product","3":"status-publish","4":"has-post-thumbnail","6":"product_cat-home-energy-storage-system","7":"product_cat-slimline-lithium-battery","9":"first","10":"instock","11":"featured","12":"shipping-taxable","13":"product-type-simple","14":"entry","15":"content-bg","16":"loop-entry"},"_links":{"self":[{"href":"https:\/\/www.kmdpower.com\/pl\/wp-json\/wp\/v2\/product\/4882","targetHints":{"allow":["GET"]}}],"collection":[{"href":"https:\/\/www.kmdpower.com\/pl\/wp-json\/wp\/v2\/product"}],"about":[{"href":"https:\/\/www.kmdpower.com\/pl\/wp-json\/wp\/v2\/types\/product"}],"version-history":[{"count":5,"href":"https:\/\/www.kmdpower.com\/pl\/wp-json\/wp\/v2\/product\/4882\/revisions"}],"predecessor-version":[{"id":4906,"href":"https:\/\/www.kmdpower.com\/pl\/wp-json\/wp\/v2\/product\/4882\/revisions\/4906"}],"wp:featuredmedia":[{"embeddable":true,"href":"https:\/\/www.kmdpower.com\/pl\/wp-json\/wp\/v2\/media\/4883"}],"wp:attachment":[{"href":"https:\/\/www.kmdpower.com\/pl\/wp-json\/wp\/v2\/media?parent=4882"}],"wp:term":[{"taxonomy":"product_cat","embeddable":true,"href":"https:\/\/www.kmdpower.com\/pl\/wp-json\/wp\/v2\/product_cat?post=4882"},{"taxonomy":"product_tag","embeddable":true,"href":"https:\/\/www.kmdpower.com\/pl\/wp-json\/wp\/v2\/product_tag?post=4882"}],"curies":[{"name":"wp","href":"https:\/\/api.w.org\/{rel}","templated":true}]}}