{"id":2328,"date":"2024-10-15T06:47:13","date_gmt":"2024-10-15T06:47:13","guid":{"rendered":"http:\/\/www.kmdpower.com\/?post_type=product&#038;p=2328"},"modified":"2025-01-19T07:11:54","modified_gmt":"2025-01-19T07:11:54","slug":"vertical-ess-48v-100ah-all-in-one-5kwh-10kwh-lithium-battery-solar-hybrid-inverter-scalable-module-product","status":"publish","type":"product","link":"https:\/\/www.kmdpower.com\/pl\/vertical-ess-48v-100ah-all-in-one-5kwh-10kwh-lithium-battery-solar-hybrid-inverter-scalable-module-product\/","title":{"rendered":"Pionowy falownik hybrydowy ESS 48V 100Ah All In One 5kwh 10kwh z bateri\u0105 litow\u0105 Modu\u0142 skalowalny"},"content":{"rendered":"<p><a href=\"https:\/\/www.kmdpower.com\/pl\/contact-us\/\"><img fetchpriority=\"high\" decoding=\"async\" class=\"aligncenter\" src=\"http:\/\/www.kmdpower.com\/wp-content\/uploads\/Contact-US-Kamada-Power-Shenzhen-Kamada-Electronic-Co-Ltd.jpg\" alt=\"\" width=\"1000\" height=\"200\" \/><\/a><\/p>\n<p><img decoding=\"async\" class=\"aligncenter wp-image-2317 size-full\" src=\"http:\/\/www.kmdpower.com\/wp-content\/uploads\/kamada-power-all-in-one-solar-power-system-Y001.jpg\" alt=\"Kamada Power All in One Solar Power System 001\" width=\"1000\" height=\"414\" \/><\/p>\n<h3 style=\"text-align: center;\">Kamada Power 48V 100Ah 5kWh All in One Solar Power System Funkcja<\/h3>\n<p><img decoding=\"async\" class=\"aligncenter wp-image-2318 size-full\" src=\"http:\/\/www.kmdpower.com\/wp-content\/uploads\/Kamada-Power-All-in-One-Solar-Power-System-Y002.jpg\" alt=\"Kamada Power All in One Solar Power System 002\" width=\"1000\" height=\"788\" \/><\/p>\n<h3 style=\"text-align: center;\">Funkcja korekcji (opcjonalnie aktywna lub pasywna)<\/h3>\n<p>&nbsp;<\/p>\n<p><img loading=\"lazy\" decoding=\"async\" class=\"aligncenter wp-image-978 size-full\" src=\"http:\/\/www.kmdpower.com\/wp-content\/uploads\/Active-Equalization-Function-and-Active-Passive-Optional-0.png\" alt=\"Aktywna funkcja wyr\u00f3wnywania i aktywna opcja pasywna-0\" width=\"1000\" height=\"246\" \/><\/p>\n<div>\n<p>Ten pionowy system zasilania s\u0142onecznego Kamada Power ESS 48v 100Ah 5kWh All In One z elastycznym systemem modu\u0142owym mo\u017cna zaprojektowa\u0107 w oparciu o codzienne zu\u017cycie energii w gospodarstwie domowym. Ta wiod\u0105ca w swojej klasie elektrownia zapewnia moc do zasilania codziennych urz\u0105dze\u0144 gospodarstwa domowego, a nawet zapewnia zasilanie awaryjne dla ca\u0142ego domu przez jeden lub dwa dni, w zale\u017cno\u015bci od zapotrzebowania na obci\u0105\u017cenie.<\/p>\n<p>&nbsp;<\/p>\n<\/div>\n<h3 style=\"text-align: center;\">Najwa\u017cniejsze cechy produktu<\/h3>\n<p><strong>D\u0142uga \u017cywotno\u015b\u0107:<\/strong>Ponad 6000 cykli @ 90% DOD<br \/>\n<strong>Niski pob\u00f3r mocy:<\/strong>Niski pob\u00f3r mocy w trybie gotowo\u015bci \u226415 W, straty podczas pracy bez obci\u0105\u017cenia poni\u017cej 100 W<br \/>\n<strong>Modu\u0142owa konstrukcja:<\/strong>Dodaj tyle modu\u0142\u00f3w baterii, ile potrzeba<br \/>\n<strong>Funkcja p\u0142ynnego prze\u0142\u0105czania:<\/strong>Obs\u0142uga p\u0142ynnego prze\u0142\u0105czania mi\u0119dzy trybem r\u00f3wnoleg\u0142ym i off-grid (mniej ni\u017c 5 ms)<br \/>\n<strong>Wysoka integracja:<\/strong>Wbudowany falownik Hybird, BMS, bank akumulator\u00f3w<br \/>\n<strong>Zdalne oprogramowanie sprz\u0119towe:<\/strong>Kontroluj i monitoruj sw\u00f3j inteligentny system w ruchu za po\u015brednictwem naszej aplikacji i portalu Kamada Power Monitoring.<br \/>\n<strong>Mo\u017cliwo\u015b\u0107 sztaplowania:<\/strong>Potrzebujesz wi\u0119kszej pojemno\u015bci? Modu\u0142owa konstrukcja pozwala na r\u00f3wnoleg\u0142\u0105 instalacj\u0119 wielu jednostek<br \/>\n<strong>Wysokie napi\u0119cie:<\/strong>Wysokonapi\u0119ciowy system BMS pozwala na zwi\u0119kszenie wydajno\u015bci \u0142adowania i roz\u0142adowywania.<br \/>\n<strong>Kamada Power 48v 100Ah 5kWh All in One Solar Power System Can Stack Battery z wbudowanym falownikiem:<\/strong>Wysokonapi\u0119ciowy system BMS pozwala na wi\u0119ksz\u0105 moc \u0142adowania i roz\u0142adowywania przy ni\u017cszym pr\u0105dzie, zapewniaj\u0105c wy\u017csz\u0105 wydajno\u015b\u0107 ni\u017c nasz zakres ni\u017cszego napi\u0119cia.<\/p>\n<p>&nbsp;<\/p>\n<div>\n<h3 style=\"text-align: center;\">Niezawodny system BMS Ultra Saftey<\/h3>\n<p><img loading=\"lazy\" decoding=\"async\" class=\"aligncenter wp-image-1283 size-full\" src=\"http:\/\/www.kmdpower.com\/wp-content\/uploads\/Kamada-Power-Battery-BMS.jpg\" alt=\"Kamada Power Battery BMS\" width=\"1000\" height=\"401\" \/><\/p>\n<p style=\"text-align: left;\">System BMS Kamada Power All In One Solar Power System zapewnia bezpieczn\u0105 prac\u0119 w ekstremalnych temperaturach, zapobiega prze\u0142adowaniu i nadmiernemu roz\u0142adowaniu, wyd\u0142u\u017ca \u017cywotno\u015b\u0107 baterii i zapewnia niezawodn\u0105 wydajno\u015b\u0107 dzi\u0119ki wydajnemu \u0142adowaniu i roz\u0142adowywaniu. Zawiera r\u00f3wnie\u017c zabezpieczenie nadpr\u0105dowe i przeciwzwarciowe dla bezpiecze\u0144stwa systemu, oferuj\u0105c u\u017cytkownikom opcje aktywnego lub pasywnego r\u00f3wnowa\u017cenia w celu optymalizacji wydajno\u015bci baterii i efektywno\u015bci energetycznej.<\/p>\n<p>&nbsp;<\/p>\n<h3 style=\"text-align: center;\">Kamada Power 48V 100Ah 5kWh All In One Solar Power System Cechy funkcjonalne<\/h3>\n<p><img loading=\"lazy\" decoding=\"async\" class=\"aligncenter wp-image-1274 size-full\" src=\"http:\/\/www.kmdpower.com\/wp-content\/uploads\/Kamada-Power-All-in-One-Solar-Power-System-0031.jpg\" alt=\"Kamada Power All in One Solar Power System 003\" width=\"1000\" height=\"792\" \/><\/p>\n<p><strong>Falownik magazynuj\u0105cy energi\u0119:<\/strong>\u00a0Wbudowany falownik, bez potrzeby stosowania zewn\u0119trznego falownika, wygodny i szybki w u\u017cyciu.<br \/>\n<strong>Wy\u015bwietlacz LED:<\/strong>\u00a0Dane operacyjne baterii w czasie rzeczywistym<br \/>\n<strong>WiFi i aplikacja:<\/strong>\u00a0Dane baterii mog\u0105 by\u0107 przegl\u0105dane przez WiFi i aplikacj\u0119, w czasie rzeczywistym Wszystkie informacje o baterii w jednym systemie zasilania energi\u0105 s\u0142oneczn\u0105<br \/>\n<strong>Zestaw baterii Lifepo4:<\/strong>\u00a0Bateria Lifepo4, bezpieczna i niezawodna, nie wymaga konserwacji<br \/>\n<strong>Wska\u017anik poziomu na\u0142adowania baterii:<\/strong>\u00a0Wy\u015bwietlanie w czasie rzeczywistym bie\u017c\u0105cego post\u0119pu poziomu<br \/>\n<strong>Bateria u\u0142o\u017cona w stos:<\/strong>\u00a0\u0142atwa rozbudowa pojemno\u015bci<br \/>\n<strong>Podstawa akumulatora:<\/strong>\u00a0Wytrzyma\u0142y i trwa\u0142y<\/p>\n<p>&nbsp;<\/p>\n<h3 style=\"text-align: center;\">Kamada Power 48V 100Ah All in One Solar Power System Scenariusz zastosowania<\/h3>\n<p><img loading=\"lazy\" decoding=\"async\" class=\"aligncenter wp-image-1354 size-full\" src=\"http:\/\/www.kmdpower.com\/wp-content\/uploads\/kamada-powerwall-battery-application-scenario-.jpg\" alt=\"scenariusz zastosowania baterii kamada powerwall\" width=\"1000\" height=\"462\" \/><\/p>\n<p><strong>Kamada Power All in One Solar Power System mo\u017ce by\u0107 stosowany w nast\u0119puj\u0105cych scenariuszach:<\/strong><\/p>\n<p><strong>Uk\u0142ad S\u0142oneczny:<\/strong> Magazynowanie energii s\u0142onecznej w celu zapewnienia sta\u0142ego zasilania w dzie\u0144 i w nocy.<br \/>\n<strong>Podr\u00f3\u017c kamperem:<\/strong> Zapewnienie przeno\u015bnego magazynu energii na czas podr\u00f3\u017cy.<br \/>\n<strong>\u0141\u00f3d\u017a \/ Marine:<\/strong> Zapewnia nieprzerwane zasilanie podczas \u017ceglugi lub dokowania.<br \/>\n<strong>Off Grid:<\/strong> Pozosta\u0144 w kontakcie dzi\u0119ki niezawodnemu zasilaniu awaryjnemu w odleg\u0142ych lokalizacjach.<\/p>\n<p>&nbsp;<\/p>\n<h3 style=\"text-align: center;\">Dlaczego warto wybra\u0107 produkty akumulatorowe Kamada Power OEM ODM?<\/h3>\n<p><strong>Nie musisz martwi\u0107 si\u0119 o te niestandardowe problemy z bateri\u0105!<\/strong><br \/>\nBrak mo\u017cliwo\u015bci spe\u0142nienia niestandardowych wymaga\u0144 dotycz\u0105cych baterii, d\u0142ugi czas realizacji produkcji, powolny czas dostawy, nieefektywna komunikacja, brak gwarancji jako\u015bci, niekonkurencyjna cena produktu i z\u0142e do\u015bwiadczenia serwisowe to te problemy!<\/p>\n<p><strong>Pot\u0119ga profesjonalizmu!<\/strong><br \/>\nObs\u0142u\u017cyli\u015bmy tysi\u0105ce klient\u00f3w z r\u00f3\u017cnych bran\u017c i dostosowali\u015bmy tysi\u0105ce produkt\u00f3w akumulatorowych! Wiemy, jak wa\u017cna jest dog\u0142\u0119bna komunikacja potrzeb, znamy produkty akumulatorowe od projektu po masow\u0105 produkcj\u0119 r\u00f3\u017cnych wyzwa\u0144 i problem\u00f3w technicznych oraz wiemy, jak szybko i skutecznie rozwi\u0105zywa\u0107 te problemy!<\/p>\n<p><strong>Opracuj skuteczne, niestandardowe rozwi\u0105zania akumulatorowe!<\/strong><br \/>\nW odpowiedzi na niestandardowe potrzeby w zakresie akumulator\u00f3w, specjalnie przydzielimy zesp\u00f3\u0142 projektowy ds. technologii akumulator\u00f3w, aby zapewni\u0107 obs\u0142ug\u0119 1 do 1. B\u0119dziemy komunikowa\u0107 si\u0119 z Tob\u0105 dog\u0142\u0119bnie na temat bran\u017cy, scenariuszy, wymaga\u0144, punkt\u00f3w b\u00f3lu, wydajno\u015bci, funkcjonalno\u015bci i opracowywa\u0107 niestandardowe rozwi\u0105zania akumulatorowe.<\/p>\n<p><strong>Szybka dostawa niestandardowych akumulator\u00f3w!<\/strong><br \/>\nJeste\u015bmy zwinni i szybcy, aby pom\u00f3c Ci osi\u0105gn\u0105\u0107 od projektu produktu baterii, przez pobieranie pr\u00f3bek baterii, po masow\u0105 produkcj\u0119 baterii. Osi\u0105gnij szybki projekt produktu, szybk\u0105 produkcj\u0119 i wytwarzanie, szybk\u0105 dostaw\u0119 i wysy\u0142k\u0119, najlepsz\u0105 jako\u015b\u0107 i cen\u0119 fabryczn\u0105 niestandardowych baterii!<\/p>\n<p><strong>Pom\u00f3\u017c szybko wykorzysta\u0107 szans\u0119 na rynku akumulator\u00f3w do magazynowania energii!<\/strong><br \/>\nKamada Power pomaga szybko uzyska\u0107 zr\u00f3\u017cnicowane, spersonalizowane produkty akumulatorowe, poprawi\u0107 konkurencyjno\u015b\u0107 produkt\u00f3w i szybko przej\u0105\u0107 inicjatyw\u0119 na rynku akumulator\u00f3w do magazynowania energii.<\/p>\n<p>&nbsp;<\/p>\n<h3 style=\"text-align: center;\">Shenzhen Kamada Electronic Co, Ltd<br \/>\nWystawa Kamada Power<\/h3>\n<p><img loading=\"lazy\" decoding=\"async\" class=\"aligncenter wp-image-1297 size-full\" src=\"http:\/\/www.kmdpower.com\/wp-content\/uploads\/Kamada-Power-Exhibition-Shenzhen-Kamada-Electronic-Co-Ltd.png\" alt=\"Kamada Power Exhibition Shenzhen Kamada Electronic Co Ltd\" width=\"1920\" height=\"841\" \/><\/p>\n<p>&nbsp;<\/p>\n<h3 style=\"text-align: center;\">Certyfikacja producent\u00f3w akumulator\u00f3w Kamada Power<\/h3>\n<p><img loading=\"lazy\" decoding=\"async\" class=\"aligncenter wp-image-1285 size-full\" src=\"http:\/\/www.kmdpower.com\/wp-content\/uploads\/Kamada-Power-Battery-Certification.png\" alt=\"Certyfikacja producent\u00f3w akumulator\u00f3w Kamada Power\" width=\"1344\" height=\"462\" \/><\/p>\n<p>&nbsp;<\/p>\n<h3 style=\"text-align: center;\">Fabryczny proces produkcji akumulator\u00f3w litowo-jonowych Kamada Power<\/h3>\n<p><img loading=\"lazy\" decoding=\"async\" class=\"aligncenter wp-image-1323 size-full\" src=\"http:\/\/www.kmdpower.com\/wp-content\/uploads\/Kamada-Power-Lithium-ion-Battery-Manufacturers-Factory-Production-Process-02.jpg\" alt=\"Fabryczny proces produkcji akumulator\u00f3w litowo-jonowych Kamada Power 02\" width=\"1000\" height=\"517\" \/><\/p>\n<p>&nbsp;<\/p>\n<h3 style=\"text-align: center;\">Producenci akumulator\u00f3w Kamada Power<\/h3>\n<p><img loading=\"lazy\" decoding=\"async\" class=\"aligncenter wp-image-1324 size-full\" src=\"http:\/\/www.kmdpower.com\/wp-content\/uploads\/Kamada-Power-Lithium-ion-Battery-Manufacturers-Factory-Show.jpg\" alt=\"Pokaz fabryczny producent\u00f3w akumulator\u00f3w litowo-jonowych Kamada Power\" width=\"1000\" height=\"584\" \/><\/p>\n<p>Kamada Power Battery Factory produkuje wszystkie rodzaje niestandardowych rozwi\u0105za\u0144 akumulatorowych: domowe baterie s\u0142oneczne, akumulatory do pojazd\u00f3w o niskiej pr\u0119dko\u015bci (akumulatory golfowe, akumulatory do kamper\u00f3w, akumulatory litowe konwertowane na o\u0142\u00f3w, akumulatory do w\u00f3zk\u00f3w elektrycznych, akumulatory do w\u00f3zk\u00f3w wid\u0142owych), akumulatory morskie, akumulatory do statk\u00f3w wycieczkowych, akumulatory wysokiego napi\u0119cia, akumulatory pi\u0119trowe,\u00a0<strong><a title=\"Producenci akumulator\u00f3w sodowo-jonowych\" href=\"http:\/\/www.kmdpower.com\/pl\/sodium-ion-battery-manufacturers\/\" target=\"_blank\" rel=\"noopener\">Akumulator sodowo-jonowy<\/a>,\u00a0<a href=\"http:\/\/www.kmdpower.com\/pl\/commercial-energy-storage-systems\/\" target=\"_blank\" rel=\"noopener\">przemys\u0142owe i komercyjne systemy magazynowania energii<\/a><\/strong><\/p>\n<p>&nbsp;<\/p>\n<\/div>","protected":false},"excerpt":{"rendered":"<ul>\n<li><strong>Model:<\/strong>\u00a0Pionowy system zasilania energi\u0105 s\u0142oneczn\u0105 ESS 48v 100Ah 5kWh All in One<\/li>\n<li><strong>Cykl \u017cycia:<\/strong>\u00a06000 razy<\/li>\n<li><strong>Waga:<\/strong>\u00a060KGS<\/li>\n<li><strong>Wymiary:<\/strong>\u00a0903*535*160 mm<\/li>\n<li><strong>Certyfikat:<\/strong>\u00a0CE\/UN38.3\/MSDS<\/li>\n<li><strong>Producenci system\u00f3w zasilania energi\u0105 s\u0142oneczn\u0105 typu \"wszystko w jednym\":<\/strong>\u00a0Kamada Power<\/li>\n<li><strong>Typ baterii:<\/strong>\u00a0Akumulator LiFePO4<\/li>\n<li><strong>G\u0142\u00f3wne cechy:<\/strong>\u00a0WiFi, niestandardowa aplikacja (opcjonalnie)<\/li>\n<li><strong>Obs\u0142uga baterii:<\/strong>\u00a0Sprzeda\u017c hurtowa, OEM.ODM Wszystko w jednym systemie energii s\u0142onecznej<\/li>\n<li><strong>Gwarancja:<\/strong>\u00a010 lat<\/li>\n<li><strong>Czas dostawy:<\/strong>\u00a07-14 dni dla pr\u00f3bek, 35-60 dni dla produkcji masowej<\/li>\n<li><strong>Produkty Kamada Power Battery obs\u0142uguj\u0105 sprzeda\u017c hurtow\u0105, dystrybutor\u00f3w i niestandardowe baterie OEM ODM. Prosz\u0119\u00a0<a title=\"Kontakt Kamada Power\" href=\"https:\/\/www.kmdpower.com\/pl\/contact-us\/\" target=\"_blank\" rel=\"noopener\">Skontaktuj si\u0119 z nami<\/a>!<\/strong><\/li>\n<\/ul>","protected":false},"featured_media":1631,"template":"","meta":{"rank_math_lock_modified_date":false,"_kad_post_transparent":"default","_kad_post_title":"","_kad_post_layout":"default","_kad_post_sidebar_id":"","_kad_post_content_style":"default","_kad_post_vertical_padding":"default","_kad_post_feature":"","_kad_post_feature_position":"","_kad_post_header":false,"_kad_post_footer":false},"product_cat":[17,34],"product_tag":[224,242,319,327,323,324,325,326,333,334,335,336,337,338,339,340,341,342,343,344,345,346,347,366,367,384,385,388,392,79,418,509,511,616,641,706,815,816,817,932,933,934,1046,1112,1113,1120,1121,1119,1123],"class_list":{"0":"post-2328","1":"product","2":"type-product","3":"status-publish","4":"has-post-thumbnail","6":"product_cat-home-energy-storage-system","7":"product_cat-all-in-one-solar-power-system-manufacturers","8":"product_tag-3kwh-battery","9":"product_tag-48v-100ah-lifepo4-5-12-kwh","10":"product_tag-48v100ah-power-wall-5kwh-lithium-lifepo4-battery","11":"product_tag-5-12-kwh-lithium-battery","12":"product_tag-5-kw-battery","13":"product_tag-5-kwh-lithium-battery","14":"product_tag-5-kwh-lithium-ion-battery","15":"product_tag-5-kwh-solar-battery","16":"product_tag-5kw-battery","17":"product_tag-5kw-battery-storage","18":"product_tag-5kw-lithium-battery","19":"product_tag-5kw-lithium-ion-battery","20":"product_tag-5kw-powerwall","21":"product_tag-5kw-server-rack-battery","22":"product_tag-5kw-solar-battery","23":"product_tag-5kw-solar-system-battery-bank","24":"product_tag-5kwh","25":"product_tag-5kwh-2448v-server-rack-lifepo4","26":"product_tag-5kwh-48v-rack-battery","27":"product_tag-5kwh-battery-pack","28":"product_tag-5kwh-lifepo4-battery","29":"product_tag-5kwh-lithium-battery","30":"product_tag-6-5-kwh-lithium-battery","31":"product_tag-6kw-battery-storage","32":"product_tag-6kwh-lithium-battery","33":"product_tag-7kw-battery","34":"product_tag-7kwh-battery","35":"product_tag-9-6-kwh-lithium-battery","36":"product_tag-all-in-one-ess","37":"product_tag-all-in-one-solar-power-system","38":"product_tag-battery-5kwh","39":"product_tag-customized-5-kwh-lithium-ion-battery","40":"product_tag-customized-5kwh-lifepo4-battery","41":"product_tag-lifepo4-5kwh","42":"product_tag-lifepo4-battery-powerwall-5kw-48v","43":"product_tag-lithium-ion-battery-5kwh","44":"product_tag-odm-5kwh-lifepo4-battery","45":"product_tag-odm-5kwh-lifepo4-battery-manufacturer","46":"product_tag-odm-5kwh-lifepo4-battery-supplier","47":"product_tag-oem-5kwh-lifepo4-battery","48":"product_tag-oem-5kwh-lifepo4-battery-manufacturer","49":"product_tag-oem-5kwh-lifepo4-battery-supplier","50":"product_tag-server-rack-lifepo4-5kw","51":"product_tag-wholesale-48v-100ah-lifepo4-5-12-kwh-factory","52":"product_tag-wholesale-48v-100ah-lifepo4-5-12-kwh-supplier","53":"product_tag-wholesale-5-12-kwh-lithium-battery-manufacturers","54":"product_tag-wholesale-5-12-kwh-lithium-battery-supplier","55":"product_tag-wholesale-5-kwh-lithium-battery","56":"product_tag-wholesale-battery-5kwh","58":"first","59":"instock","60":"shipping-taxable","61":"product-type-simple","62":"entry","63":"content-bg","64":"loop-entry"},"_links":{"self":[{"href":"https:\/\/www.kmdpower.com\/pl\/wp-json\/wp\/v2\/product\/2328","targetHints":{"allow":["GET"]}}],"collection":[{"href":"https:\/\/www.kmdpower.com\/pl\/wp-json\/wp\/v2\/product"}],"about":[{"href":"https:\/\/www.kmdpower.com\/pl\/wp-json\/wp\/v2\/types\/product"}],"version-history":[{"count":4,"href":"https:\/\/www.kmdpower.com\/pl\/wp-json\/wp\/v2\/product\/2328\/revisions"}],"predecessor-version":[{"id":2330,"href":"https:\/\/www.kmdpower.com\/pl\/wp-json\/wp\/v2\/product\/2328\/revisions\/2330"}],"wp:featuredmedia":[{"embeddable":true,"href":"https:\/\/www.kmdpower.com\/pl\/wp-json\/wp\/v2\/media\/1631"}],"wp:attachment":[{"href":"https:\/\/www.kmdpower.com\/pl\/wp-json\/wp\/v2\/media?parent=2328"}],"wp:term":[{"taxonomy":"product_cat","embeddable":true,"href":"https:\/\/www.kmdpower.com\/pl\/wp-json\/wp\/v2\/product_cat?post=2328"},{"taxonomy":"product_tag","embeddable":true,"href":"https:\/\/www.kmdpower.com\/pl\/wp-json\/wp\/v2\/product_tag?post=2328"}],"curies":[{"name":"wp","href":"https:\/\/api.w.org\/{rel}","templated":true}]}}