{"id":2278,"date":"2024-10-14T08:51:10","date_gmt":"2024-10-14T08:51:10","guid":{"rendered":"http:\/\/www.kmdpower.com\/?post_type=product&#038;p=2278"},"modified":"2025-01-19T06:53:01","modified_gmt":"2025-01-19T06:53:01","slug":"energy-storage-battery-51-2v-400ah-all-in-one-20kwh-10kwh-25kwh-lithium-ion-solar-home-product","status":"publish","type":"product","link":"https:\/\/www.kmdpower.com\/pl\/energy-storage-battery-51-2v-400ah-all-in-one-20kwh-10kwh-25kwh-lithium-ion-solar-home-product\/","title":{"rendered":"Akumulator 51.2V 400Ah All In One 20kwh 10kwh 25kwh Lithium Ion Solar Home"},"content":{"rendered":"<p><a href=\"https:\/\/www.kmdpower.com\/pl\/contact-us\/\"><img fetchpriority=\"high\" decoding=\"async\" class=\"aligncenter\" src=\"http:\/\/www.kmdpower.com\/wp-content\/uploads\/Contact-US-Kamada-Power-Shenzhen-Kamada-Electronic-Co-Ltd.jpg\" alt=\"\" width=\"1000\" height=\"200\" \/><\/a><\/p>\n<p><img decoding=\"async\" class=\"aligncenter wp-image-2264 size-full\" src=\"http:\/\/www.kmdpower.com\/wp-content\/uploads\/kamada-power-all-in-one-solar-power-system-001.jpg\" alt=\"kamada power all in one solar power system 001\" width=\"1000\" height=\"414\" \/><\/p>\n<h3 style=\"text-align: center;\">Kamada Power ESS Energy Storage Battery 51.2V 400Ah All In One 20kwh 10kwh 25kwh<\/h3>\n<p><img decoding=\"async\" class=\"aligncenter wp-image-2265 size-full\" src=\"http:\/\/www.kmdpower.com\/wp-content\/uploads\/kamada-power-all-in-one-solar-power-system-002.jpg\" alt=\"kamada power all in one solar power system 002\" width=\"1000\" height=\"788\" \/><\/p>\n<h3 style=\"text-align: center;\">Funkcja korekcji (opcjonalnie aktywna lub pasywna)<\/h3>\n<p>&nbsp;<\/p>\n<p><img loading=\"lazy\" decoding=\"async\" class=\"aligncenter wp-image-978 size-full\" src=\"http:\/\/www.kmdpower.com\/wp-content\/uploads\/Active-Equalization-Function-and-Active-Passive-Optional-0.png\" alt=\"Aktywna funkcja wyr\u00f3wnywania i aktywna opcja pasywna 0\" width=\"1000\" height=\"246\" \/><\/p>\n<div>\n<h3 style=\"text-align: center;\">Akumulator niskonapi\u0119ciowy Kamada Power Custom 10,24 Wh ~ 40,96 Wh<\/h3>\n<p><img loading=\"lazy\" decoding=\"async\" class=\"aligncenter wp-image-2266 size-full\" src=\"http:\/\/www.kmdpower.com\/wp-content\/uploads\/kamada-power-all-in-one-solar-power-system-003.jpg\" alt=\"kamada power all in one solar power system 003\" width=\"1000\" height=\"455\" \/><\/p>\n<\/div>\n<div>\n<p style=\"text-align: center;\">Kamada Power Custom 10.24kWh, 15.36kWh, 20.48kWh, 25.75kWh, 30.72kWh, 35.84kWh, 40.96kWh Niskonapi\u0119ciowy akumulator sztaplowany<\/p>\n<\/div>\n<p>&nbsp;<\/p>\n<p>Niskonapi\u0119ciowa bateria mieszkaniowa Kamada Power zosta\u0142a zaprojektowana do magazynowania energii elektrycznej wytwarzanej z odnawialnych \u017ar\u00f3de\u0142 energii, takich jak energia s\u0142oneczna i wiatrowa, do u\u017cytku domowego. W przeciwie\u0144stwie do wysokonapi\u0119ciowych akumulator\u00f3w mieszkaniowych, wersja niskonapi\u0119ciowa zapewnia bardziej op\u0142acalne rozwi\u0105zanie o szerszym zastosowaniu, dzi\u0119ki czemu idealnie nadaje si\u0119 do system\u00f3w o ni\u017cszych wymaganiach energetycznych, takich jak typowe konfiguracje domowe.<\/p>\n<p>Kamada Power ESS Energy Storage Battery 51.2V 400Ah All In One 20kwh 10kwh 25kwh to najnowsza wersja systemu magazynowania energii. Nowo zaprojektowany system zapewnia \u0142atwe pod\u0142\u0105czenie, aby zaoszcz\u0119dzi\u0107 cenny czas instalator\u00f3w. System uk\u0142adania zapewnia elastyczne konfiguracje od 5,12 kWh do 40,96 kWh pojemno\u015bci.<\/p>\n<p>&nbsp;<\/p>\n<div>\n<div>\n<h3 style=\"text-align: center;\">Najwa\u017cniejsze cechy produktu<\/h3>\n<p><strong>Modu\u0142owa konstrukcja pi\u0119trowa<\/strong>Modu\u0142owa i pi\u0119trowa konstrukcja u\u0142atwiaj\u0105ca instalacj\u0119 i rozbudow\u0119 (od 5,12 kWh do 40,96 kWh)<br \/>\n<strong>Ogniwo baterii\uff1a<\/strong>Wewn\u0119trzne ogniwo baterii BYD\/EVE\/REPT Lifepo4<br \/>\n<strong>Cykl \u017cycia<\/strong>Zestaw baterii s\u0142onecznych Deep Cycles 6000 Cycle<br \/>\n<strong>Wy\u015bwietlacz LCD:<\/strong> Dane operacyjne baterii w czasie rzeczywistym<br \/>\n<strong>Du\u017cy pr\u0105d roz\u0142adowania<\/strong>Du\u017cy pr\u0105d roz\u0142adowania, odpowiedni dla uk\u0142adu s\u0142onecznego<br \/>\n<strong>Komunikacja\uff1a<\/strong>Komunikacja z falownikami r\u00f3\u017cnych marek<br \/>\n<strong>Wysoka g\u0119sto\u015b\u0107 \uff1a<\/strong>Wysoka g\u0119sto\u015b\u0107, ma\u0142y rozmiar i waga<br \/>\n<strong>Gwarancja\uff1a<\/strong>Ponad 10 lat wydajno\u015bci baterii. 5 lat gwarancji<br \/>\n<strong>BMS\uff1a<\/strong>Inteligentny system BMS do optymalizacji wydajno\u015bci<\/p>\n<\/div>\n<p>&nbsp;<\/p>\n<h3 style=\"text-align: center;\">Niezawodny system BMS Ultra Saftey<\/h3>\n<p><img loading=\"lazy\" decoding=\"async\" class=\"aligncenter wp-image-1283 size-full\" src=\"http:\/\/www.kmdpower.com\/wp-content\/uploads\/Kamada-Power-Battery-BMS.jpg\" alt=\"Kamada Power Battery BMS\" width=\"1000\" height=\"401\" \/><\/p>\n<p style=\"text-align: left;\">System BMS Kamada Power all in one zapewnia bezpieczn\u0105 prac\u0119 w ekstremalnych temperaturach, zapobiega prze\u0142adowaniu i nadmiernemu roz\u0142adowaniu, wyd\u0142u\u017ca \u017cywotno\u015b\u0107 baterii i zapewnia niezawodn\u0105 wydajno\u015b\u0107 dzi\u0119ki wydajnemu \u0142adowaniu i roz\u0142adowywaniu. Zawiera r\u00f3wnie\u017c zabezpieczenie nadpr\u0105dowe i przeciwzwarciowe dla bezpiecze\u0144stwa systemu, oferuj\u0105c u\u017cytkownikom opcje aktywnego lub pasywnego r\u00f3wnowa\u017cenia w celu optymalizacji wydajno\u015bci baterii i efektywno\u015bci energetycznej.<\/p>\n<p>&nbsp;<\/p>\n<h3 style=\"text-align: center;\">Akumulator magazynuj\u0105cy energi\u0119 ESS 51.2V 400Ah Wszystko w jednym 20kwh 10kwh 25kwh (Rozmiar Waga)<\/h3>\n<p>&nbsp;<\/p>\n<p><img loading=\"lazy\" decoding=\"async\" class=\"aligncenter wp-image-1275 size-full\" src=\"http:\/\/www.kmdpower.com\/wp-content\/uploads\/kamada-power-all-in-one-solar-power-system-size-weight-001.png\" alt=\"kamada power all in one system zasilania s\u0142onecznego rozmiar waga 001\" width=\"1830\" height=\"885\" \/><\/p>\n<p>&nbsp;<\/p>\n<h3 style=\"text-align: center;\">Kompatybilny z falownikiem Kamada Power Battery<\/h3>\n<p style=\"text-align: center;\">Kompatybilny z 91% falownik\u00f3w dost\u0119pnych na rynku<\/p>\n<p><img loading=\"lazy\" decoding=\"async\" class=\"aligncenter wp-image-1288 size-full\" src=\"http:\/\/www.kmdpower.com\/wp-content\/uploads\/Kamada-Power-Battery-Inverter-Compatible-X01.jpg\" alt=\"Kompatybilny z Kamada Power Battery Inverter X01\" width=\"1000\" height=\"552\" \/><\/p>\n<p style=\"text-align: center;\"><strong>Produkty Kamada Power Battery s\u0105 kompatybilne z falownikami 91% r\u00f3\u017cnych marek dost\u0119pnych na rynku.<\/strong><\/p>\n<p>SMA, SRNE, IMEON ENGERGY, ZUCCHETTI, Ingeteam, AiSWEI, victron energy, must, moixa, megarevo, deye, growatt, studer, selectronic, voltronic power, sofar solar, sermatec, gmde, effekta, westernco, sungrow, luxpower, morningstar, delios, sungrow, luxpower, marki falownik\u00f3w. voltronic power,sofar solar,sermatec,gmde,effekta,westernco,sungrow,luxpower,morningstar,delios,sunosynk,aeca,saj,solarmax,redback. invt,goodwe,solis,mlt,livoltek,eneiqy,solaxpower,opti-solar,kehua tech.(<strong>Poni\u017cej znajduje si\u0119 tylko cz\u0119\u015bciowa lista marek falownik\u00f3w<\/strong>)<\/p>\n<p>&nbsp;<\/p>\n<p>&nbsp;<\/p>\n<h3 style=\"text-align: center;\">Schemat pod\u0142\u0105czenia akumulatora niskonapi\u0119ciowego Kamada Power<\/h3>\n<p><img loading=\"lazy\" decoding=\"async\" class=\"aligncenter wp-image-1271 size-full\" src=\"http:\/\/www.kmdpower.com\/wp-content\/uploads\/kamada-power-all-in-one-solar-power-system-004.jpg\" alt=\"kamada power all in one solar power system 004\" width=\"1000\" height=\"602\" \/><\/p>\n<p>&nbsp;<\/p>\n<h3 style=\"text-align: center;\">Scenariusz zastosowania akumulator\u00f3w Kamada Power<\/h3>\n<p><img loading=\"lazy\" decoding=\"async\" class=\"aligncenter wp-image-1272 size-full\" src=\"http:\/\/www.kmdpower.com\/wp-content\/uploads\/kamada-power-all-in-one-solar-power-system-005.jpg\" alt=\"kamada power all in one solar power system 005\" width=\"1000\" height=\"544\" \/><\/p>\n<p style=\"text-align: left;\"><strong>Kamada Power ESS Energy Storage Battery 51.2V 400Ah All In One 20kwh 10kwh 25kwh Zastosowanie:<\/strong> magazynowanie energii w domu, przemys\u0142owe magazynowanie energii, zapewnienie awaryjnego zasilania awaryjnego, bank mocy UPS, bank mocy falownika, bank mocy kolejowej, system zasilania telekomunikacyjnego, elektronika medyczna, komercyjne stacje bazowe, komunikacja bezpiecze\u0144stwa, logistyka transportu i tak dalej<\/p>\n<p>&nbsp;<\/p>\n<h3 style=\"text-align: center;\">Dlaczego warto wybra\u0107 produkty akumulatorowe Kamada Power OEM ODM?<\/h3>\n<p><strong>Nie musisz martwi\u0107 si\u0119 o te niestandardowe problemy z bateri\u0105!<\/strong><br \/>\nBrak mo\u017cliwo\u015bci spe\u0142nienia niestandardowych wymaga\u0144 dotycz\u0105cych baterii, d\u0142ugi czas realizacji produkcji, powolny czas dostawy, nieefektywna komunikacja, brak gwarancji jako\u015bci, niekonkurencyjna cena produktu i z\u0142e do\u015bwiadczenia serwisowe to te problemy!<\/p>\n<p><strong>Pot\u0119ga profesjonalizmu!<\/strong><br \/>\nObs\u0142u\u017cyli\u015bmy tysi\u0105ce klient\u00f3w z r\u00f3\u017cnych bran\u017c i dostosowali\u015bmy tysi\u0105ce produkt\u00f3w akumulatorowych! Wiemy, jak wa\u017cna jest dog\u0142\u0119bna komunikacja potrzeb, znamy produkty akumulatorowe od projektu po masow\u0105 produkcj\u0119 r\u00f3\u017cnych wyzwa\u0144 i problem\u00f3w technicznych oraz wiemy, jak szybko i skutecznie rozwi\u0105zywa\u0107 te problemy!<\/p>\n<p><strong>Opracuj skuteczne, niestandardowe rozwi\u0105zania akumulatorowe!<\/strong><br \/>\nW odpowiedzi na niestandardowe potrzeby w zakresie akumulator\u00f3w, specjalnie przydzielimy zesp\u00f3\u0142 projektowy ds. technologii akumulator\u00f3w, aby zapewni\u0107 obs\u0142ug\u0119 1 do 1. B\u0119dziemy komunikowa\u0107 si\u0119 z Tob\u0105 dog\u0142\u0119bnie na temat bran\u017cy, scenariuszy, wymaga\u0144, punkt\u00f3w b\u00f3lu, wydajno\u015bci, funkcjonalno\u015bci i opracowywa\u0107 niestandardowe rozwi\u0105zania akumulatorowe.<\/p>\n<p><strong>Szybka dostawa niestandardowych akumulator\u00f3w!<\/strong><br \/>\nJeste\u015bmy zwinni i szybcy, aby pom\u00f3c Ci osi\u0105gn\u0105\u0107 od projektu produktu baterii, przez pobieranie pr\u00f3bek baterii, po masow\u0105 produkcj\u0119 baterii. Osi\u0105gnij szybki projekt produktu, szybk\u0105 produkcj\u0119 i wytwarzanie, szybk\u0105 dostaw\u0119 i wysy\u0142k\u0119, najlepsz\u0105 jako\u015b\u0107 i cen\u0119 fabryczn\u0105 niestandardowych baterii!<\/p>\n<p><strong>Pom\u00f3\u017c szybko wykorzysta\u0107 szans\u0119 na rynku akumulator\u00f3w do magazynowania energii!<\/strong><br \/>\nKamada Power pomaga szybko uzyska\u0107 zr\u00f3\u017cnicowane, spersonalizowane produkty akumulatorowe, poprawi\u0107 konkurencyjno\u015b\u0107 produkt\u00f3w i szybko przej\u0105\u0107 inicjatyw\u0119 na rynku akumulator\u00f3w do magazynowania energii.<\/p>\n<p>&nbsp;<\/p>\n<h3 style=\"text-align: center;\">Shenzhen Kamada Electronic Co, Ltd<br \/>\nWystawa Kamada Power<\/h3>\n<p><img loading=\"lazy\" decoding=\"async\" class=\"aligncenter wp-image-1297 size-full\" src=\"http:\/\/www.kmdpower.com\/wp-content\/uploads\/Kamada-Power-Exhibition-Shenzhen-Kamada-Electronic-Co-Ltd.png\" alt=\"Kamada Power Exhibition Shenzhen Kamada Electronic Co Ltd\" width=\"1920\" height=\"841\" \/><\/p>\n<p>&nbsp;<\/p>\n<h3 style=\"text-align: center;\">Certyfikacja producent\u00f3w akumulator\u00f3w Kamada Power<\/h3>\n<p><img loading=\"lazy\" decoding=\"async\" class=\"aligncenter wp-image-1285 size-full\" src=\"http:\/\/www.kmdpower.com\/wp-content\/uploads\/Kamada-Power-Battery-Certification.png\" alt=\"Certyfikacja producent\u00f3w akumulator\u00f3w Kamada Power\" width=\"1344\" height=\"462\" \/><\/p>\n<p>&nbsp;<\/p>\n<h3 style=\"text-align: center;\">Fabryczny proces produkcji akumulator\u00f3w litowo-jonowych Kamada Power<\/h3>\n<p><img loading=\"lazy\" decoding=\"async\" class=\"aligncenter wp-image-1323 size-full\" src=\"http:\/\/www.kmdpower.com\/wp-content\/uploads\/Kamada-Power-Lithium-ion-Battery-Manufacturers-Factory-Production-Process-02.jpg\" alt=\"Fabryczny proces produkcji akumulator\u00f3w litowo-jonowych Kamada Power 02\" width=\"1000\" height=\"517\" \/><\/p>\n<p>&nbsp;<\/p>\n<h3 style=\"text-align: center;\">Producenci akumulator\u00f3w Kamada Power<\/h3>\n<p><img loading=\"lazy\" decoding=\"async\" class=\"aligncenter wp-image-1324 size-full\" src=\"http:\/\/www.kmdpower.com\/wp-content\/uploads\/Kamada-Power-Lithium-ion-Battery-Manufacturers-Factory-Show.jpg\" alt=\"Pokaz fabryczny producent\u00f3w akumulator\u00f3w litowo-jonowych Kamada Power\" width=\"1000\" height=\"584\" \/><\/p>\n<p>Kamada Power Battery Factory produkuje wszystkie rodzaje niestandardowych rozwi\u0105za\u0144 akumulatorowych: domowe baterie s\u0142oneczne, akumulatory do pojazd\u00f3w o niskiej pr\u0119dko\u015bci (akumulatory golfowe, akumulatory do kamper\u00f3w, akumulatory litowe konwertowane na o\u0142\u00f3w, akumulatory do w\u00f3zk\u00f3w elektrycznych, akumulatory do w\u00f3zk\u00f3w wid\u0142owych), akumulatory morskie, akumulatory do statk\u00f3w wycieczkowych, akumulatory wysokiego napi\u0119cia, akumulatory pi\u0119trowe,\u00a0<strong><a title=\"Producenci akumulator\u00f3w sodowo-jonowych\" href=\"http:\/\/www.kmdpower.com\/pl\/sodium-ion-battery-manufacturers\/\" target=\"_blank\" rel=\"noopener\">Akumulator sodowo-jonowy<\/a>,\u00a0<a href=\"http:\/\/www.kmdpower.com\/pl\/commercial-energy-storage-systems\/\" target=\"_blank\" rel=\"noopener\">przemys\u0142owe i komercyjne systemy magazynowania energii<\/a><\/strong><\/p>\n<p>&nbsp;<\/p>\n<\/div>","protected":false},"excerpt":{"rendered":"<ul>\n<li><strong>Model:<\/strong>\u00a0Akumulator 51.2V 400Ah All In One 20kwh 10kwh 25kwh Lithium Ion Solar Home<\/li>\n<li><strong>Cykl \u017cycia:<\/strong>\u00a06000 razy<\/li>\n<li><strong>Waga:<\/strong>\u00a050KGS<\/li>\n<li><strong>Wymiary:<\/strong>\u00a01575*661*391 mm<\/li>\n<li><strong>Certyfikat:<\/strong>\u00a0CE\/UN38.3\/MSDS<\/li>\n<li><strong>Producenci akumulator\u00f3w niskonapi\u0119ciowych:<\/strong>\u00a0Kamada Power<\/li>\n<li><strong>Typ baterii:<\/strong>\u00a0Akumulator LiFePO4<\/li>\n<li><strong>Obs\u0142uga baterii:<\/strong>\u00a0Sprzeda\u017c hurtowa, OEM.ODM Niskonapi\u0119ciowy akumulator sztaplowany<\/li>\n<li><strong>Gwarancja:<\/strong>\u00a010 lat<\/li>\n<li><strong>Czas dostawy:<\/strong>\u00a07-14 dni dla pr\u00f3bek, 35-60 dni dla produkcji masowej<\/li>\n<li><strong>Produkty Kamada Power Battery obs\u0142uguj\u0105 sprzeda\u017c hurtow\u0105, dystrybutor\u00f3w i niestandardowe baterie OEM ODM. Prosz\u0119\u00a0<a title=\"Kontakt Kamada Power\" href=\"https:\/\/www.kmdpower.com\/pl\/contact-us\/\" target=\"_blank\" rel=\"noopener\">Skontaktuj si\u0119 z nami<\/a>!<\/strong><\/li>\n<\/ul>","protected":false},"featured_media":1060,"template":"","meta":{"rank_math_lock_modified_date":false,"_kad_post_transparent":"default","_kad_post_title":"","_kad_post_layout":"default","_kad_post_sidebar_id":"","_kad_post_content_style":"default","_kad_post_vertical_padding":"default","_kad_post_feature":"","_kad_post_feature_position":"","_kad_post_header":false,"_kad_post_footer":false},"product_cat":[17,33],"product_tag":[85,86,87,88,89,93,94,95,96,97,98,99,100,101,102,103,104,105,106,107,153,154,155,156,157,158,268,332,392,487,514,521,596,676,756,757,830,831,904,943,944,945,75,1108,1109,1110,1130,1131,1132,1133],"class_list":{"0":"post-2278","1":"product","2":"type-product","3":"status-publish","4":"has-post-thumbnail","6":"product_cat-home-energy-storage-system","7":"product_cat-low-voltage-battery","8":"product_tag-10-kw-lithium-battery","9":"product_tag-10-kw-lithium-battery-pack","10":"product_tag-10-kw-solar-battery","11":"product_tag-10-kwh-lithium-battery","12":"product_tag-10-kwh-lithium-ion-battery","13":"product_tag-10kw-battery","14":"product_tag-10kw-battery-pack","15":"product_tag-10kw-home-battery","16":"product_tag-10kw-lifepo4-battery","17":"product_tag-10kw-lithium-battery","18":"product_tag-10kw-lithium-ion-battery","19":"product_tag-10kw-powerwall","20":"product_tag-10kw-solar-battery","21":"product_tag-10kwh-48v-lifepo4","22":"product_tag-10kwh-48v-lifepo4-manufacturer","23":"product_tag-10kwh-51-2-v-200ah-lifepo4-lithium-battery","24":"product_tag-10kwh-lifepo4-battery","25":"product_tag-10kwh-lithium-battery","26":"product_tag-10kwh-lithium-battery-48v","27":"product_tag-10kwh-solar-battery","28":"product_tag-20kw-battery","29":"product_tag-20kw-battery-bank","30":"product_tag-20kw-battery-inverter","31":"product_tag-20kw-battery-storage","32":"product_tag-20kw-lifepo4-battery","33":"product_tag-20kw-powerwall","34":"product_tag-48v-200ah-to-kwh","35":"product_tag-52v-lifepo4-battery","36":"product_tag-all-in-one-ess","37":"product_tag-customized-10kwh-lifepo4-battery","38":"product_tag-customized-lifepo4-10kwh","39":"product_tag-customized-lithium-ion-battery-10kwh","40":"product_tag-lifepo4-10kwh","41":"product_tag-lithium-battery-10-kwh","42":"product_tag-odm-10kwh-lifepo4-battery-manufacturer","43":"product_tag-odm-10kwh-lifepo4-battery-supplier","44":"product_tag-odm-lifepo4-10kwh-manufacturer","45":"product_tag-odm-lifepo4-10kwh-supplier","46":"product_tag-oem-10kwh-lifepo4-battery-manufacturer","47":"product_tag-oem-lifepo4-10kwh","48":"product_tag-oem-lifepo4-10kwh-manufacturer","49":"product_tag-oem-lifepo4-10kwh-supplier","50":"product_tag-stackable-battery","51":"product_tag-wholesale-10kw-lithium-ion-battery-manufacturer","52":"product_tag-wholesale-13kw-solar-battery-factories","53":"product_tag-wholesale-13kw-solar-battery-manufacturers","54":"product_tag-wholesale-lifepo4-10kwh-factories","55":"product_tag-wholesale-lifepo4-10kwh-factory","56":"product_tag-wholesale-lifepo4-10kwh-manufacturers","57":"product_tag-wholesale-lifepo4-10kwh-suppliers","59":"first","60":"instock","61":"shipping-taxable","62":"product-type-simple","63":"entry","64":"content-bg","65":"loop-entry"},"_links":{"self":[{"href":"https:\/\/www.kmdpower.com\/pl\/wp-json\/wp\/v2\/product\/2278","targetHints":{"allow":["GET"]}}],"collection":[{"href":"https:\/\/www.kmdpower.com\/pl\/wp-json\/wp\/v2\/product"}],"about":[{"href":"https:\/\/www.kmdpower.com\/pl\/wp-json\/wp\/v2\/types\/product"}],"version-history":[{"count":3,"href":"https:\/\/www.kmdpower.com\/pl\/wp-json\/wp\/v2\/product\/2278\/revisions"}],"predecessor-version":[{"id":3939,"href":"https:\/\/www.kmdpower.com\/pl\/wp-json\/wp\/v2\/product\/2278\/revisions\/3939"}],"wp:featuredmedia":[{"embeddable":true,"href":"https:\/\/www.kmdpower.com\/pl\/wp-json\/wp\/v2\/media\/1060"}],"wp:attachment":[{"href":"https:\/\/www.kmdpower.com\/pl\/wp-json\/wp\/v2\/media?parent=2278"}],"wp:term":[{"taxonomy":"product_cat","embeddable":true,"href":"https:\/\/www.kmdpower.com\/pl\/wp-json\/wp\/v2\/product_cat?post=2278"},{"taxonomy":"product_tag","embeddable":true,"href":"https:\/\/www.kmdpower.com\/pl\/wp-json\/wp\/v2\/product_tag?post=2278"}],"curies":[{"name":"wp","href":"https:\/\/api.w.org\/{rel}","templated":true}]}}