{"id":2244,"date":"2024-10-14T06:33:57","date_gmt":"2024-10-14T06:33:57","guid":{"rendered":"http:\/\/www.kmdpower.com\/?post_type=product&#038;p=2244"},"modified":"2025-01-18T09:37:18","modified_gmt":"2025-01-18T09:37:18","slug":"most-popular-50ah-25kwh-10kwh-15kwh-6000cycles-20kwh-solar-100ah-lifepo4-growatt-ark-hv-battery-product","status":"publish","type":"product","link":"https:\/\/www.kmdpower.com\/pl\/most-popular-50ah-25kwh-10kwh-15kwh-6000cycles-20kwh-solar-100ah-lifepo4-growatt-ark-hv-battery-product\/","title":{"rendered":"Najpopularniejszy akumulator 50Ah 25Kwh 10Kwh 15Kwh 6000Cycles 20Kwh Solar 100Ah Lifepo4 Growatt Ark Hv Battery"},"content":{"rendered":"<p><a href=\"https:\/\/www.kmdpower.com\/pl\/contact-us\/\"><img fetchpriority=\"high\" decoding=\"async\" class=\"aligncenter\" src=\"http:\/\/www.kmdpower.com\/wp-content\/uploads\/Contact-US-Kamada-Power-Shenzhen-Kamada-Electronic-Co-Ltd.jpg\" alt=\"\" width=\"1000\" height=\"200\" \/><\/a><\/p>\n<p><img decoding=\"async\" class=\"aligncenter wp-image-1305 size-full\" src=\"http:\/\/www.kmdpower.com\/wp-content\/uploads\/Kamada-Power-High-Voltage-Battery-001.jpg\" alt=\"Bateria wysokonapi\u0119ciowa Kamada Power 001\" width=\"1000\" height=\"414\" \/><\/p>\n<h3 style=\"text-align: center;\">Kamada Power 50Ah 25Kwh 10Kwh 15Kwh 20Kwh Bateria s\u0142oneczna 100Ah Lifepo4 Growatt Ark Hv Battery<\/h3>\n<p><img decoding=\"async\" class=\"aligncenter wp-image-1306 size-full\" src=\"http:\/\/www.kmdpower.com\/wp-content\/uploads\/Kamada-Power-High-Voltage-Battery-002.jpg\" alt=\"Bateria wysokonapi\u0119ciowa Kamada Power 002\" width=\"1000\" height=\"788\" \/><\/p>\n<h3 style=\"text-align: center;\">Funkcja korekcji (opcjonalnie aktywna lub pasywna)<\/h3>\n<p>&nbsp;<\/p>\n<p><img loading=\"lazy\" decoding=\"async\" class=\"aligncenter wp-image-978 size-full\" src=\"http:\/\/www.kmdpower.com\/wp-content\/uploads\/Active-Equalization-Function-and-Active-Passive-Optional-0.png\" alt=\"Aktywna funkcja wyr\u00f3wnywania i aktywna opcja pasywna 0\" width=\"1000\" height=\"246\" \/><\/p>\n<div>\n<h3 style=\"text-align: center;\">Niestandardowy akumulator wysokonapi\u0119ciowy Kamada Power<\/h3>\n<p><img loading=\"lazy\" decoding=\"async\" class=\"aligncenter wp-image-1307 size-full\" src=\"http:\/\/www.kmdpower.com\/wp-content\/uploads\/Kamada-Power-High-Voltage-Battery-003.jpg\" alt=\"Kamada Power High Voltage Battery 003\" width=\"1000\" height=\"455\" \/><\/p>\n<\/div>\n<div>\n<p style=\"text-align: center;\">Kamada Power Custom 10.24kWh, 15.36kWh, 20.48kWh, 25.75kWh, 30.72kWh, 35.84kWh, 40.96kWh Akumulator wysokonapi\u0119ciowy<\/p>\n<p>Odkryj moc naszych wysokonapi\u0119ciowych akumulator\u00f3w Kamada Power zaprojektowanych z my\u015bl\u0105 o najwy\u017cszej wydajno\u015bci i niezawodno\u015bci. Wyposa\u017cone w zaawansowan\u0105 technologi\u0119 LiFePO4, akumulatory te oferuj\u0105 ponad 6000 cykli i wysok\u0105 wydajno\u015b\u0107 95%. Technologia ta zapewnia d\u0142ugoterminow\u0105 trwa\u0142o\u015b\u0107 i optymalne zu\u017cycie energii, idealne zar\u00f3wno do zastosowa\u0144 domowych, jak i komercyjnych. Ciesz si\u0119 nieprzerwanym zasilaniem dzi\u0119ki naszej modu\u0142owej konstrukcji, kt\u00f3r\u0105 mo\u017cna rozbudowa\u0107 do 100 kWh, zapewniaj\u0105c elastyczno\u015b\u0107 i niezawodno\u015b\u0107. Nasze akumulatory s\u0105 wyposa\u017cone w najnowocze\u015bniejszy system zarz\u0105dzania akumulatorem (BMS), zapewniaj\u0105cy wi\u0119ksze bezpiecze\u0144stwo i wydajno\u015b\u0107. Przejd\u017a na nasze rozwi\u0105zanie wysokonapi\u0119ciowe i do\u015bwiadcz niezr\u00f3wnanej wydajno\u015bci energetycznej i niezawodno\u015bci.<\/p>\n<\/div>\n<p>&nbsp;<\/p>\n<p>&nbsp;<\/p>\n<div>\n<div>\n<h3 style=\"text-align: center;\">Najwa\u017cniejsze cechy produktu<\/h3>\n<p><strong>Stabilna wydajno\u015b\u0107<\/strong><br \/>\nWykorzystuje wysokowydajn\u0105 bateri\u0119 lifepo4 z ponad 6000 cyklami i wydajno\u015bci\u0105 95%.<br \/>\nWyposa\u017cony w zaawansowany system zarz\u0105dzania akumulatorem (BMS) Kamada Power dla wi\u0119kszego bezpiecze\u0144stwa.<\/p>\n<p><strong>Mo\u017cliwo\u015b\u0107 sztaplowania i kompaktowa konstrukcja<\/strong><br \/>\nIntegruje si\u0119 z odnawialnymi \u017ar\u00f3d\u0142ami energii, aby zoptymalizowa\u0107 zu\u017cycie w\u0142asne i zmniejszy\u0107 zale\u017cno\u015b\u0107 od sieci.<br \/>\nZapewnia niezawodne zasilanie awaryjne i wspiera zr\u00f3wnowa\u017cony styl \u017cycia dzi\u0119ki kompaktowej, wydajnej konstrukcji.<\/p>\n<p><strong>Mo\u017cliwo\u015b\u0107 rozbudowy do 100 kWh<\/strong><br \/>\nModu\u0142owa konstrukcja umo\u017cliwia elastyczn\u0105 rozbudow\u0119 do 100 kWh.<br \/>\nZakres napi\u0119cia od 102,4 V (2 modu\u0142y) do 409,6 V (8 modu\u0142\u00f3w) przy po\u0142\u0105czeniach szeregowych.<\/p>\n<p><strong>Zaawansowany BMS<\/strong><br \/>\nMonitoruje napi\u0119cie, limity pr\u0105du i stan na\u0142adowania.<br \/>\nZawiera funkcje bezpiecze\u0144stwa zapewniaj\u0105ce optymaln\u0105 wydajno\u015b\u0107 i d\u0142ug\u0105 \u017cywotno\u015b\u0107 baterii.<\/p>\n<p><strong>Bezpiecze\u0144stwo i niezawodno\u015b\u0107<\/strong><br \/>\nElastyczna, skalowalna konstrukcja z monitorowaniem w czasie rzeczywistym.<br \/>\nWyposa\u017cony w technologi\u0119 samonaprawiania dla wi\u0119kszego bezpiecze\u0144stwa i kontroli.<\/p>\n<\/div>\n<p>&nbsp;<\/p>\n<h3 style=\"text-align: center;\">Niezawodny system BMS Ultra Saftey<\/h3>\n<p><img loading=\"lazy\" decoding=\"async\" class=\"aligncenter wp-image-1283 size-full\" src=\"http:\/\/www.kmdpower.com\/wp-content\/uploads\/Kamada-Power-Battery-BMS.jpg\" alt=\"Kamada Power Battery BMS\" width=\"1000\" height=\"401\" \/><\/p>\n<p style=\"text-align: left;\">Bateria Kamada Power 50Ah 25Kwh 10Kwh 15Kwh 6000Cycles 20Kwh Solar 100Ah Lifepo4 Growatt Ark Hv Battery BMS zapewnia bezpieczn\u0105 prac\u0119 w ekstremalnych temperaturach, zapobiega prze\u0142adowaniu i nadmiernemu roz\u0142adowaniu, wyd\u0142u\u017ca \u017cywotno\u015b\u0107 baterii i zapewnia niezawodn\u0105 wydajno\u015b\u0107 dzi\u0119ki wydajnemu \u0142adowaniu i roz\u0142adowywaniu. Zawiera r\u00f3wnie\u017c zabezpieczenie nadpr\u0105dowe i przeciwzwarciowe dla bezpiecze\u0144stwa systemu, oferuj\u0105c u\u017cytkownikom opcje aktywnego lub pasywnego r\u00f3wnowa\u017cenia w celu optymalizacji wydajno\u015bci baterii i efektywno\u015bci energetycznej.<\/p>\n<p>&nbsp;<\/p>\n<h3 style=\"text-align: center;\">Kompatybilny z falownikiem Kamada Power Battery<\/h3>\n<p style=\"text-align: center;\">Kompatybilny z 91% falownik\u00f3w dost\u0119pnych na rynku<\/p>\n<p><img loading=\"lazy\" decoding=\"async\" class=\"aligncenter wp-image-1288 size-full\" src=\"http:\/\/www.kmdpower.com\/wp-content\/uploads\/Kamada-Power-Battery-Inverter-Compatible-X01.jpg\" alt=\"Kompatybilny z Kamada Power Battery Inverter X01\" width=\"1000\" height=\"552\" \/><\/p>\n<p style=\"text-align: center;\"><strong>Produkty Kamada Power Battery s\u0105 kompatybilne z falownikami 91% r\u00f3\u017cnych marek dost\u0119pnych na rynku.<\/strong><\/p>\n<p>SMA, SRNE, IMEON ENGERGY, ZUCCHETTI, Ingeteam, AiSWEI, victron energy, must, moixa, megarevo, deye, growatt, studer, selectronic, voltronic power, sofar solar, sermatec, gmde, effekta, westernco, sungrow, luxpower, morningstar, delios, sungrow, luxpower, marki falownik\u00f3w. voltronic power,sofar solar,sermatec,gmde,effekta,westernco,sungrow,luxpower,morningstar,delios,sunosynk,aeca,saj,solarmax,redback. invt,goodwe,solis,mlt,livoltek,eneiqy,solaxpower,opti-solar,kehua tech.(<strong>Poni\u017cej znajduje si\u0119 tylko cz\u0119\u015bciowa lista marek falownik\u00f3w<\/strong>)<\/p>\n<p>&nbsp;<\/p>\n<p>&nbsp;<\/p>\n<h3 style=\"text-align: center;\">Schemat pod\u0142\u0105czenia akumulatora wysokiego napi\u0119cia Kamada Power<\/h3>\n<p><img loading=\"lazy\" decoding=\"async\" class=\"aligncenter wp-image-1308 size-full\" src=\"http:\/\/www.kmdpower.com\/wp-content\/uploads\/Kamada-Power-High-Voltage-Battery-004.jpg\" alt=\"Bateria wysokonapi\u0119ciowa Kamada Power 004\" width=\"1000\" height=\"515\" \/><\/p>\n<p>&nbsp;<\/p>\n<h3 style=\"text-align: center;\">Scenariusz zastosowania akumulator\u00f3w Kamada Power<\/h3>\n<p><img loading=\"lazy\" decoding=\"async\" class=\"aligncenter wp-image-1309 size-full\" src=\"http:\/\/www.kmdpower.com\/wp-content\/uploads\/Kamada-Power-High-Voltage-Battery-005.jpg\" alt=\"Bateria wysokonapi\u0119ciowa Kamada Power 005\" width=\"1000\" height=\"541\" \/><\/p>\n<p style=\"text-align: left;\"><strong>Kamada Power High Voltage Battery Zastosowanie:<\/strong> magazynowanie energii w domu, przemys\u0142owe magazynowanie energii, zapewnienie awaryjnego zasilania awaryjnego, bank mocy UPS, bank mocy falownika, bank mocy kolejowej, system zasilania telekomunikacyjnego, elektronika medyczna, komercyjne stacje bazowe, komunikacja bezpiecze\u0144stwa, logistyka transportu i tak dalej<\/p>\n<p>&nbsp;<\/p>\n<h3 style=\"text-align: center;\">Dlaczego warto wybra\u0107 produkty akumulatorowe Kamada Power OEM ODM?<\/h3>\n<p><strong>Nie musisz martwi\u0107 si\u0119 o te niestandardowe problemy z bateri\u0105!<\/strong><br \/>\nBrak mo\u017cliwo\u015bci spe\u0142nienia niestandardowych wymaga\u0144 dotycz\u0105cych baterii, d\u0142ugi czas realizacji produkcji, powolny czas dostawy, nieefektywna komunikacja, brak gwarancji jako\u015bci, niekonkurencyjna cena produktu i z\u0142e do\u015bwiadczenia serwisowe to te problemy!<\/p>\n<p><strong>Pot\u0119ga profesjonalizmu!<\/strong><br \/>\nObs\u0142u\u017cyli\u015bmy tysi\u0105ce klient\u00f3w z r\u00f3\u017cnych bran\u017c i dostosowali\u015bmy tysi\u0105ce produkt\u00f3w akumulatorowych! Wiemy, jak wa\u017cna jest dog\u0142\u0119bna komunikacja potrzeb, znamy produkty akumulatorowe od projektu po masow\u0105 produkcj\u0119 r\u00f3\u017cnych wyzwa\u0144 i problem\u00f3w technicznych oraz wiemy, jak szybko i skutecznie rozwi\u0105zywa\u0107 te problemy!<\/p>\n<p><strong>Opracuj skuteczne, niestandardowe rozwi\u0105zania akumulatorowe!<\/strong><br \/>\nW odpowiedzi na niestandardowe potrzeby w zakresie akumulator\u00f3w, specjalnie przydzielimy zesp\u00f3\u0142 projektowy ds. technologii akumulator\u00f3w, aby zapewni\u0107 obs\u0142ug\u0119 1 do 1. B\u0119dziemy komunikowa\u0107 si\u0119 z Tob\u0105 dog\u0142\u0119bnie na temat bran\u017cy, scenariuszy, wymaga\u0144, punkt\u00f3w b\u00f3lu, wydajno\u015bci, funkcjonalno\u015bci i opracowywa\u0107 niestandardowe rozwi\u0105zania akumulatorowe.<\/p>\n<p><strong>Szybka dostawa niestandardowych akumulator\u00f3w!<\/strong><br \/>\nJeste\u015bmy zwinni i szybcy, aby pom\u00f3c Ci osi\u0105gn\u0105\u0107 od projektu produktu baterii, przez pobieranie pr\u00f3bek baterii, po masow\u0105 produkcj\u0119 baterii. Osi\u0105gnij szybki projekt produktu, szybk\u0105 produkcj\u0119 i wytwarzanie, szybk\u0105 dostaw\u0119 i wysy\u0142k\u0119, najlepsz\u0105 jako\u015b\u0107 i cen\u0119 fabryczn\u0105 niestandardowych baterii!<\/p>\n<p><strong>Pom\u00f3\u017c szybko wykorzysta\u0107 szans\u0119 na rynku akumulator\u00f3w do magazynowania energii!<\/strong><br \/>\nKamada Power pomaga szybko uzyska\u0107 zr\u00f3\u017cnicowane, spersonalizowane produkty akumulatorowe, poprawi\u0107 konkurencyjno\u015b\u0107 produkt\u00f3w i szybko przej\u0105\u0107 inicjatyw\u0119 na rynku akumulator\u00f3w do magazynowania energii.<\/p>\n<p>&nbsp;<\/p>\n<h3 style=\"text-align: center;\">Shenzhen Kamada Electronic Co, Ltd<br \/>\nWystawa Kamada Power<\/h3>\n<p><img loading=\"lazy\" decoding=\"async\" class=\"aligncenter wp-image-1297 size-full\" src=\"http:\/\/www.kmdpower.com\/wp-content\/uploads\/Kamada-Power-Exhibition-Shenzhen-Kamada-Electronic-Co-Ltd.png\" alt=\"Kamada Power Exhibition Shenzhen Kamada Electronic Co Ltd\" width=\"1920\" height=\"841\" \/><\/p>\n<p>&nbsp;<\/p>\n<h3 style=\"text-align: center;\">Certyfikacja producent\u00f3w akumulator\u00f3w Kamada Power<\/h3>\n<p><img loading=\"lazy\" decoding=\"async\" class=\"aligncenter wp-image-1285 size-full\" src=\"http:\/\/www.kmdpower.com\/wp-content\/uploads\/Kamada-Power-Battery-Certification.png\" alt=\"Certyfikacja producent\u00f3w akumulator\u00f3w Kamada Power\" width=\"1344\" height=\"462\" \/><\/p>\n<p>&nbsp;<\/p>\n<h3 style=\"text-align: center;\">Fabryczny proces produkcji akumulator\u00f3w litowo-jonowych Kamada Power<\/h3>\n<p><img loading=\"lazy\" decoding=\"async\" class=\"aligncenter wp-image-1323 size-full\" src=\"http:\/\/www.kmdpower.com\/wp-content\/uploads\/Kamada-Power-Lithium-ion-Battery-Manufacturers-Factory-Production-Process-02.jpg\" alt=\"Fabryczny proces produkcji akumulator\u00f3w litowo-jonowych Kamada Power 02\" width=\"1000\" height=\"517\" \/><\/p>\n<p>&nbsp;<\/p>\n<h3 style=\"text-align: center;\">Producenci akumulator\u00f3w Kamada Power<\/h3>\n<p><img loading=\"lazy\" decoding=\"async\" class=\"aligncenter wp-image-1324 size-full\" src=\"http:\/\/www.kmdpower.com\/wp-content\/uploads\/Kamada-Power-Lithium-ion-Battery-Manufacturers-Factory-Show.jpg\" alt=\"Pokaz fabryczny producent\u00f3w akumulator\u00f3w litowo-jonowych Kamada Power\" width=\"1000\" height=\"584\" \/><\/p>\n<p>Kamada Power Battery Factory produkuje wszystkie rodzaje niestandardowych rozwi\u0105za\u0144 akumulatorowych: domowe baterie s\u0142oneczne, akumulatory do pojazd\u00f3w o niskiej pr\u0119dko\u015bci (akumulatory golfowe, akumulatory do kamper\u00f3w, akumulatory litowe konwertowane na o\u0142\u00f3w, akumulatory do w\u00f3zk\u00f3w elektrycznych, akumulatory do w\u00f3zk\u00f3w wid\u0142owych), akumulatory morskie, akumulatory do statk\u00f3w wycieczkowych, akumulatory wysokiego napi\u0119cia, akumulatory pi\u0119trowe,\u00a0<strong><a title=\"Producenci akumulator\u00f3w sodowo-jonowych\" href=\"http:\/\/www.kmdpower.com\/pl\/sodium-ion-battery-manufacturers\/\" target=\"_blank\" rel=\"noopener\">Akumulator sodowo-jonowy<\/a>,\u00a0<a href=\"http:\/\/www.kmdpower.com\/pl\/commercial-energy-storage-systems\/\" target=\"_blank\" rel=\"noopener\">przemys\u0142owe i komercyjne systemy magazynowania energii<\/a><\/strong><\/p>\n<p>&nbsp;<\/p>\n<\/div>","protected":false},"excerpt":{"rendered":"<ul>\n<li><strong>Model:<\/strong>\u00a050Ah 25Kwh 10Kwh 15Kwh 6000Cycles 20Kwh Solar 100Ah Lifepo4 Growatt Ark Hv Battery<\/li>\n<li><strong>Cykl \u017cycia:<\/strong>\u00a06000 razy<\/li>\n<li><strong>Waga:<\/strong>\u00a0306KGS<\/li>\n<li><strong>Wymiary:<\/strong>\u00a01575*661*391 mm<\/li>\n<li><strong>Certyfikat:<\/strong>\u00a0CE\/UN38.3\/MSDS<\/li>\n<li><strong>Producenci akumulator\u00f3w wysokonapi\u0119ciowych:<\/strong>\u00a0Kamada Power<\/li>\n<li><strong>Typ baterii:<\/strong>\u00a0Akumulator LiFePO4<\/li>\n<li><strong>Obs\u0142uga baterii:<\/strong>\u00a0Sprzeda\u017c hurtowa, OEM.ODM Bateria wysokiego napi\u0119cia<\/li>\n<li><strong>Gwarancja:<\/strong>\u00a010 lat<\/li>\n<li><strong>Czas dostawy:<\/strong>\u00a07-14 dni dla pr\u00f3bek, 35-60 dni dla produkcji masowej<\/li>\n<li><strong>Produkty Kamada Power Battery obs\u0142uguj\u0105 sprzeda\u017c hurtow\u0105, dystrybutor\u00f3w i niestandardowe baterie OEM ODM. Prosz\u0119\u00a0<a title=\"Kontakt Kamada Power\" href=\"https:\/\/www.kmdpower.com\/pl\/contact-us\/\" target=\"_blank\" rel=\"noopener\">Skontaktuj si\u0119 z nami<\/a>!<\/strong><\/li>\n<\/ul>","protected":false},"featured_media":1484,"template":"","meta":{"rank_math_lock_modified_date":false,"_kad_post_transparent":"default","_kad_post_title":"","_kad_post_layout":"default","_kad_post_sidebar_id":"","_kad_post_content_style":"default","_kad_post_vertical_padding":"default","_kad_post_feature":"","_kad_post_feature_position":"","_kad_post_header":false,"_kad_post_footer":false},"product_cat":[31,17],"product_tag":[85,86,87,88,89,93,94,95,96,97,98,99,100,101,102,103,104,105,106,107,112,135,137,138,139,140,141,142,153,154,155,156,157,158,268,487,514,521,596,676,756,757,830,831,904,943,944,945,989,1108,1109,1110,1130,1131,1132,1133],"class_list":{"0":"post-2244","1":"product","2":"type-product","3":"status-publish","4":"has-post-thumbnail","6":"product_cat-stacked-battery","7":"product_cat-home-energy-storage-system","8":"product_tag-10-kw-lithium-battery","9":"product_tag-10-kw-lithium-battery-pack","10":"product_tag-10-kw-solar-battery","11":"product_tag-10-kwh-lithium-battery","12":"product_tag-10-kwh-lithium-ion-battery","13":"product_tag-10kw-battery","14":"product_tag-10kw-battery-pack","15":"product_tag-10kw-home-battery","16":"product_tag-10kw-lifepo4-battery","17":"product_tag-10kw-lithium-battery","18":"product_tag-10kw-lithium-ion-battery","19":"product_tag-10kw-powerwall","20":"product_tag-10kw-solar-battery","21":"product_tag-10kwh-48v-lifepo4","22":"product_tag-10kwh-48v-lifepo4-manufacturer","23":"product_tag-10kwh-51-2-v-200ah-lifepo4-lithium-battery","24":"product_tag-10kwh-lifepo4-battery","25":"product_tag-10kwh-lithium-battery","26":"product_tag-10kwh-lithium-battery-48v","27":"product_tag-10kwh-solar-battery","28":"product_tag-12-kwh-lithium-ion-battery","29":"product_tag-13kw-solar-battery","30":"product_tag-15kw-battery-bank","31":"product_tag-15kw-battery-storage","32":"product_tag-15kw-lithium-ion-battery","33":"product_tag-15kw-solar-storage-batteries","34":"product_tag-15kwh-battery","35":"product_tag-15kwh-battery-bank","36":"product_tag-20kw-battery","37":"product_tag-20kw-battery-bank","38":"product_tag-20kw-battery-inverter","39":"product_tag-20kw-battery-storage","40":"product_tag-20kw-lifepo4-battery","41":"product_tag-20kw-powerwall","42":"product_tag-48v-200ah-to-kwh","43":"product_tag-customized-10kwh-lifepo4-battery","44":"product_tag-customized-lifepo4-10kwh","45":"product_tag-customized-lithium-ion-battery-10kwh","46":"product_tag-lifepo4-10kwh","47":"product_tag-lithium-battery-10-kwh","48":"product_tag-odm-10kwh-lifepo4-battery-manufacturer","49":"product_tag-odm-10kwh-lifepo4-battery-supplier","50":"product_tag-odm-lifepo4-10kwh-manufacturer","51":"product_tag-odm-lifepo4-10kwh-supplier","52":"product_tag-oem-10kwh-lifepo4-battery-manufacturer","53":"product_tag-oem-lifepo4-10kwh","54":"product_tag-oem-lifepo4-10kwh-manufacturer","55":"product_tag-oem-lifepo4-10kwh-supplier","56":"product_tag-powerwall-15kw","57":"product_tag-wholesale-10kw-lithium-ion-battery-manufacturer","58":"product_tag-wholesale-13kw-solar-battery-factories","59":"product_tag-wholesale-13kw-solar-battery-manufacturers","60":"product_tag-wholesale-lifepo4-10kwh-factories","61":"product_tag-wholesale-lifepo4-10kwh-factory","62":"product_tag-wholesale-lifepo4-10kwh-manufacturers","63":"product_tag-wholesale-lifepo4-10kwh-suppliers","65":"first","66":"instock","67":"shipping-taxable","68":"product-type-simple","69":"entry","70":"content-bg","71":"loop-entry"},"_links":{"self":[{"href":"https:\/\/www.kmdpower.com\/pl\/wp-json\/wp\/v2\/product\/2244","targetHints":{"allow":["GET"]}}],"collection":[{"href":"https:\/\/www.kmdpower.com\/pl\/wp-json\/wp\/v2\/product"}],"about":[{"href":"https:\/\/www.kmdpower.com\/pl\/wp-json\/wp\/v2\/types\/product"}],"version-history":[{"count":3,"href":"https:\/\/www.kmdpower.com\/pl\/wp-json\/wp\/v2\/product\/2244\/revisions"}],"predecessor-version":[{"id":2246,"href":"https:\/\/www.kmdpower.com\/pl\/wp-json\/wp\/v2\/product\/2244\/revisions\/2246"}],"wp:featuredmedia":[{"embeddable":true,"href":"https:\/\/www.kmdpower.com\/pl\/wp-json\/wp\/v2\/media\/1484"}],"wp:attachment":[{"href":"https:\/\/www.kmdpower.com\/pl\/wp-json\/wp\/v2\/media?parent=2244"}],"wp:term":[{"taxonomy":"product_cat","embeddable":true,"href":"https:\/\/www.kmdpower.com\/pl\/wp-json\/wp\/v2\/product_cat?post=2244"},{"taxonomy":"product_tag","embeddable":true,"href":"https:\/\/www.kmdpower.com\/pl\/wp-json\/wp\/v2\/product_tag?post=2244"}],"curies":[{"name":"wp","href":"https:\/\/api.w.org\/{rel}","templated":true}]}}