{"id":2072,"date":"2024-10-10T06:07:06","date_gmt":"2024-10-10T06:07:06","guid":{"rendered":"http:\/\/www.kmdpower.com\/?post_type=product&#038;p=2072"},"modified":"2025-02-11T03:06:23","modified_gmt":"2025-02-11T03:06:23","slug":"48v-200ah-10kwh-home-energy-storage-lifepo4-battery-product","status":"publish","type":"product","link":"https:\/\/www.kmdpower.com\/pl\/48v-200ah-10kwh-home-energy-storage-lifepo4-battery-product\/","title":{"rendered":"Bateria Lifepo4 48V 200ah 10Kwh do domowego magazynowania energii"},"content":{"rendered":"<p><a href=\"https:\/\/www.kmdpower.com\/pl\/contact-us\/\"><img fetchpriority=\"high\" decoding=\"async\" class=\"aligncenter\" src=\"http:\/\/www.kmdpower.com\/wp-content\/uploads\/Contact-US-Kamada-Power-Shenzhen-Kamada-Electronic-Co-Ltd.jpg\" alt=\"\" width=\"1000\" height=\"200\" \/><\/a><\/p>\n<p><img decoding=\"async\" class=\"aligncenter wp-image-1148 size-full\" src=\"http:\/\/www.kmdpower.com\/wp-content\/uploads\/Kamada-Power-5kWh-Powerwall-Battery-Simple-Version-01.jpg\" alt=\"Kamada Power 5kWh 10kwh Powerwall Battery Simple Version 01\" width=\"1000\" height=\"435\" \/><\/p>\n<h3 style=\"text-align: center;\">Kamada Power 48V 200Ah 10Kwh Bateria do domowego magazynowania energii Lifepo4 Prosta wersja Cechy<\/h3>\n<p><img decoding=\"async\" class=\"aligncenter wp-image-1333 size-full\" src=\"http:\/\/www.kmdpower.com\/wp-content\/uploads\/kamada-power-powerwall-sample-version-feature-001.jpg\" alt=\"kamada power powerwall sample version feature 001\" width=\"1000\" height=\"774\" \/><\/p>\n<h3 style=\"text-align: center;\">Funkcja korekcji (opcjonalnie aktywna lub pasywna)<\/h3>\n<p>&nbsp;<\/p>\n<p><img loading=\"lazy\" decoding=\"async\" class=\"aligncenter wp-image-978 size-full\" src=\"http:\/\/www.kmdpower.com\/wp-content\/uploads\/Active-Equalization-Function-and-Active-Passive-Optional-0.png\" alt=\"Aktywna funkcja wyr\u00f3wnywania i aktywna opcja pasywna 0\" width=\"1000\" height=\"246\" \/><\/p>\n<div>\n<div>\n<div>\n<p>&nbsp;<\/p>\n<\/div>\n<\/div>\n<\/div>\n<div>\n<div>\n<div>\n<h3 style=\"text-align: center;\">Najwa\u017cniejsze cechy produktu<\/h3>\n<p><strong>Funkcja samonagrzewania<\/strong><br \/>\nTemperatura rozpocz\u0119cia ogrzewania \u22640\u2103, temperatura zako\u0144czenia ogrzewania \u22655\u2103. Funkcja samonagrzewania w akumulatorach mieszkaniowych skutecznie rozwi\u0105zuje problem pogorszenia wydajno\u015bci w niskich temperaturach, zapewniaj\u0105c niezawodne dzia\u0142anie i d\u0142u\u017csz\u0105 \u017cywotno\u015b\u0107 nawet w trudnych warunkach klimatycznych, zmniejszaj\u0105c w ten spos\u00f3b koszty konserwacji i zwi\u0119kszaj\u0105c og\u00f3ln\u0105 wydajno\u015b\u0107 magazynowania energii.<\/p>\n<p><strong>Obs\u0142uga samodzielnie wybranych protoko\u0142\u00f3w<\/strong><\/p>\n<p>prosta i \u0142atwa integracja falownik\u00f3w.<\/p>\n<p><strong>Monitorowanie Bluetooth w czasie rzeczywistym za po\u015brednictwem aplikacji<\/strong><br \/>\nMonitorowanie Bluetooth w czasie rzeczywistym za po\u015brednictwem aplikacji dla baterii domowych rozwi\u0105zuje problem ograniczonej widoczno\u015bci i kontroli nad zu\u017cyciem energii, oferuj\u0105c wygodny i natychmiastowy dost\u0119p do optymalizacji zu\u017cycia energii i wydajno\u015bci magazynowania.<\/p>\n<p><strong>Akumulator LiFePO4<\/strong><br \/>\n6000 cykli D\u0142uga \u017cywotno\u015b\u0107, niewielka waga, wi\u0119ksza pojemno\u015b\u0107, brak konserwacji<\/p>\n<p><strong>Modu\u0142owa konstrukcja Plug and Play<\/strong><br \/>\nKonstrukcja okablowania od g\u00f3ry w modu\u0142owej baterii mieszkaniowej typu plug-and-play upraszcza instalacj\u0119, oszcz\u0119dzaj\u0105c czas i wysi\u0142ek u\u017cytkownika. Zapewnia szybk\u0105 konfiguracj\u0119 i bezproblemow\u0105 integracj\u0119, zwi\u0119kszaj\u0105c wygod\u0119 i wydajno\u015b\u0107 operacyjn\u0105.<\/p>\n<p><strong>Sprz\u0119\u017cenie DC lub AC, w sieci lub poza ni\u0105<\/strong><br \/>\nSprz\u0119\u017cenie DC lub AC dla akumulator\u00f3w domowych zaspokaja potrzeby w zakresie zarz\u0105dzania energi\u0105 i niezawodnego zasilania awaryjnego, zar\u00f3wno w sieci, jak i poza ni\u0105, zwi\u0119kszaj\u0105c w ten spos\u00f3b niezale\u017cno\u015b\u0107 energetyczn\u0105 i niezawodno\u015b\u0107.<\/p>\n<p><strong>R\u00f3wnoleg\u0142y<\/strong><br \/>\nBateria kamada power 10kwh powewall home obs\u0142uguje 16 r\u00f3wnoleg\u0142ych po\u0142\u0105cze\u0144, spe\u0142niaj\u0105c r\u00f3\u017cnorodne potrzeby aplikacji dzi\u0119ki elastycznym i skalowalnym konfiguracjom zapewniaj\u0105cym zoptymalizowan\u0105 wydajno\u015b\u0107 i op\u0142acalno\u015b\u0107 rozwi\u0105za\u0144 magazynowania energii.<\/p>\n<p>&nbsp;<\/p>\n<\/div>\n<\/div>\n<\/div>\n<p>&nbsp;<\/p>\n<h3 style=\"text-align: center;\">Niezawodny system BMS Ultra Saftey<\/h3>\n<p><img loading=\"lazy\" decoding=\"async\" class=\"aligncenter wp-image-1283 size-full\" src=\"http:\/\/www.kmdpower.com\/wp-content\/uploads\/Kamada-Power-Battery-BMS.jpg\" alt=\"Kamada Power Battery BMS\" width=\"1000\" height=\"401\" \/><\/p>\n<div>\n<p>System BMS baterii Kamada Power Powerwall zapewnia bezpieczn\u0105 prac\u0119 w ekstremalnych temperaturach, zapobiega prze\u0142adowaniu i nadmiernemu roz\u0142adowaniu, wyd\u0142u\u017ca \u017cywotno\u015b\u0107 baterii i zapewnia niezawodn\u0105 wydajno\u015b\u0107 dzi\u0119ki wydajnemu \u0142adowaniu i roz\u0142adowywaniu. Zawiera r\u00f3wnie\u017c zabezpieczenie nadpr\u0105dowe i przeciwzwarciowe dla bezpiecze\u0144stwa systemu, oferuj\u0105c u\u017cytkownikom opcje aktywnego lub pasywnego r\u00f3wnowa\u017cenia w celu optymalizacji wydajno\u015bci baterii i efektywno\u015bci energetycznej.<\/p>\n<\/div>\n<p>&nbsp;<\/p>\n<h3 style=\"text-align: center;\">Kamada Power Powerwall Battery 5kwh 10kwh (rozmiar, waga)<\/h3>\n<p><img loading=\"lazy\" decoding=\"async\" class=\"aligncenter wp-image-1150 size-full\" src=\"http:\/\/www.kmdpower.com\/wp-content\/uploads\/Kamada-Power-5kWh-Powerwall-Battery-Simple-Version-03.jpg\" alt=\"Kamada Power 5kWh 10kwh Powerwall Battery Simple Version 03\" width=\"1000\" height=\"611\" \/><\/p>\n<p>&nbsp;<\/p>\n<h3 style=\"text-align: center;\">Kompatybilny z falownikiem Kamada Power Battery<\/h3>\n<p style=\"text-align: center;\">Kompatybilny z 91% falownik\u00f3w dost\u0119pnych na rynku<\/p>\n<p><img loading=\"lazy\" decoding=\"async\" class=\"aligncenter wp-image-1288 size-full\" src=\"http:\/\/www.kmdpower.com\/wp-content\/uploads\/Kamada-Power-Battery-Inverter-Compatible-X01.jpg\" alt=\"Kompatybilny z Kamada Power Battery Inverter X01\" width=\"1000\" height=\"552\" \/><\/p>\n<p style=\"text-align: center;\"><strong>Produkty Kamada Power Battery s\u0105 kompatybilne z falownikami 91% r\u00f3\u017cnych marek dost\u0119pnych na rynku.<\/strong><\/p>\n<p>SMA, SRNE, IMEON ENGERGY, ZUCCHETTI, Ingeteam, AiSWEI, victron energy, must, moixa, megarevo, deye, growatt, studer, selectronic, voltronic power, sofar solar, sermatec, gmde, effekta, westernco, sungrow, luxpower, morningstar, delios, sungrow, luxpower, marki falownik\u00f3w. voltronic power,sofar solar,sermatec,gmde,effekta,westernco,sungrow,luxpower,morningstar,delios,sunosynk,aeca,saj,solarmax,redback. invt,goodwe,solis,mlt,livoltek,eneiqy,solaxpower,opti-solar,kehua tech.(<strong>Poni\u017cej znajduje si\u0119 tylko cz\u0119\u015bciowa lista marek falownik\u00f3w<\/strong>)<\/p>\n<p>&nbsp;<\/p>\n<h3 style=\"text-align: center;\">Schemat pod\u0142\u0105czenia akumulatora Kamada Power Powerwall<\/h3>\n<p><img loading=\"lazy\" decoding=\"async\" class=\"aligncenter wp-image-1151 size-full\" src=\"http:\/\/www.kmdpower.com\/wp-content\/uploads\/Kamada-Power-5kWh-Powerwall-Battery-Simple-Version-04.jpg\" alt=\"Kamada Power 5kWh 10kwh Powerwall Battery Simple Version 04\" width=\"1000\" height=\"529\" \/><\/p>\n<p>&nbsp;<\/p>\n<h3 style=\"text-align: center;\">Scenariusz zastosowania domowej baterii Kamada Power Powerwall<\/h3>\n<div data-node=\"66bb1ada9ec32\" data-animation-delay=\"0.0\"><img loading=\"lazy\" decoding=\"async\" class=\"aligncenter wp-image-1354 size-full\" src=\"http:\/\/www.kmdpower.com\/wp-content\/uploads\/kamada-powerwall-battery-application-scenario-.jpg\" alt=\"scenariusz zastosowania baterii kamada powerwall\" width=\"1000\" height=\"462\" \/><\/div>\n<p>&nbsp;<\/p>\n<p><strong>Bateria Kamada Power Powerwall Home mo\u017ce by\u0107 stosowana w nast\u0119puj\u0105cych scenariuszach:<\/strong><\/p>\n<p><strong>Uk\u0142ad S\u0142oneczny:<\/strong>\u00a0Magazynowanie energii s\u0142onecznej w celu zapewnienia sta\u0142ego zasilania w dzie\u0144 i w nocy.<br \/>\n<strong>Podr\u00f3\u017c kamperem:<\/strong>\u00a0Zapewnienie przeno\u015bnego magazynu energii na czas podr\u00f3\u017cy.<br \/>\n<strong>\u0141\u00f3d\u017a \/ Marine:<\/strong>\u00a0Zapewnia nieprzerwane zasilanie podczas \u017ceglugi lub dokowania.<br \/>\n<strong>Off Grid:<\/strong>\u00a0Pozosta\u0144 w kontakcie dzi\u0119ki niezawodnemu zasilaniu awaryjnemu w odleg\u0142ych lokalizacjach.<\/p>\n<p>&nbsp;<\/p>\n<h3 style=\"text-align: center;\">Dlaczego warto wybra\u0107 produkty akumulatorowe Kamada Power OEM ODM?<\/h3>\n<p><strong>Nie musisz martwi\u0107 si\u0119 o te niestandardowe problemy z bateri\u0105!<\/strong><br \/>\nBrak mo\u017cliwo\u015bci spe\u0142nienia niestandardowych wymaga\u0144 dotycz\u0105cych baterii, d\u0142ugi czas realizacji produkcji, powolny czas dostawy, nieefektywna komunikacja, brak gwarancji jako\u015bci, niekonkurencyjna cena produktu i z\u0142e do\u015bwiadczenia serwisowe to te problemy!<\/p>\n<p><strong>Pot\u0119ga profesjonalizmu!<\/strong><br \/>\nObs\u0142u\u017cyli\u015bmy tysi\u0105ce klient\u00f3w z r\u00f3\u017cnych bran\u017c i dostosowali\u015bmy tysi\u0105ce produkt\u00f3w akumulatorowych! Wiemy, jak wa\u017cna jest dog\u0142\u0119bna komunikacja potrzeb, znamy produkty akumulatorowe od projektu po masow\u0105 produkcj\u0119 r\u00f3\u017cnych wyzwa\u0144 i problem\u00f3w technicznych oraz wiemy, jak szybko i skutecznie rozwi\u0105zywa\u0107 te problemy!<\/p>\n<p><strong>Opracuj skuteczne, niestandardowe rozwi\u0105zania akumulatorowe!<\/strong><br \/>\nW odpowiedzi na niestandardowe potrzeby w zakresie akumulator\u00f3w, specjalnie przydzielimy zesp\u00f3\u0142 projektowy ds. technologii akumulator\u00f3w, aby zapewni\u0107 obs\u0142ug\u0119 1 do 1. B\u0119dziemy komunikowa\u0107 si\u0119 z Tob\u0105 dog\u0142\u0119bnie na temat bran\u017cy, scenariuszy, wymaga\u0144, punkt\u00f3w b\u00f3lu, wydajno\u015bci, funkcjonalno\u015bci i opracowywa\u0107 niestandardowe rozwi\u0105zania akumulatorowe.<\/p>\n<p><strong>Szybka dostawa niestandardowych akumulator\u00f3w!<\/strong><br \/>\nJeste\u015bmy zwinni i szybcy, aby pom\u00f3c Ci osi\u0105gn\u0105\u0107 od projektu produktu baterii, przez pobieranie pr\u00f3bek baterii, po masow\u0105 produkcj\u0119 baterii. Osi\u0105gnij szybki projekt produktu, szybk\u0105 produkcj\u0119 i wytwarzanie, szybk\u0105 dostaw\u0119 i wysy\u0142k\u0119, najlepsz\u0105 jako\u015b\u0107 i cen\u0119 fabryczn\u0105 niestandardowych baterii!<\/p>\n<p><strong>Pom\u00f3\u017c szybko wykorzysta\u0107 szans\u0119 na rynku akumulator\u00f3w do magazynowania energii!<\/strong><br \/>\nKamada Power pomaga szybko uzyska\u0107 zr\u00f3\u017cnicowane, spersonalizowane produkty akumulatorowe, poprawi\u0107 konkurencyjno\u015b\u0107 produkt\u00f3w i szybko przej\u0105\u0107 inicjatyw\u0119 na rynku akumulator\u00f3w do magazynowania energii.<\/p>\n<p>&nbsp;<\/p>\n<h3 style=\"text-align: center;\">Shenzhen Kamada Electronic Co, Ltd<br \/>\nWystawa Kamada Power<\/h3>\n<p><img loading=\"lazy\" decoding=\"async\" class=\"aligncenter wp-image-1297 size-full\" src=\"http:\/\/www.kmdpower.com\/wp-content\/uploads\/Kamada-Power-Exhibition-Shenzhen-Kamada-Electronic-Co-Ltd.png\" alt=\"Kamada Power Exhibition Shenzhen Kamada Electronic Co Ltd\" width=\"1920\" height=\"841\" \/><\/p>\n<p>&nbsp;<\/p>\n<h3 style=\"text-align: center;\">Certyfikacja producent\u00f3w akumulator\u00f3w Kamada Power<\/h3>\n<p><img loading=\"lazy\" decoding=\"async\" class=\"aligncenter wp-image-1285 size-full\" src=\"http:\/\/www.kmdpower.com\/wp-content\/uploads\/Kamada-Power-Battery-Certification.png\" alt=\"Certyfikacja producent\u00f3w akumulator\u00f3w Kamada Power\" width=\"1344\" height=\"462\" \/><\/p>\n<p>&nbsp;<\/p>\n<h3 style=\"text-align: center;\">Producenci akumulator\u00f3w Kamada Power Factory Proces produkcji<\/h3>\n<p><img loading=\"lazy\" decoding=\"async\" class=\"aligncenter wp-image-1323 size-full\" src=\"http:\/\/www.kmdpower.com\/wp-content\/uploads\/Kamada-Power-Lithium-ion-Battery-Manufacturers-Factory-Production-Process-02.jpg\" alt=\"Fabryczny proces produkcji akumulator\u00f3w litowo-jonowych Kamada Power 02\" width=\"1000\" height=\"517\" \/><\/p>\n<p>&nbsp;<\/p>\n<h3 style=\"text-align: center;\">Producenci akumulator\u00f3w Kamada Power<\/h3>\n<p><img loading=\"lazy\" decoding=\"async\" class=\"aligncenter wp-image-1324 size-full\" src=\"http:\/\/www.kmdpower.com\/wp-content\/uploads\/Kamada-Power-Lithium-ion-Battery-Manufacturers-Factory-Show.jpg\" alt=\"Pokaz fabryczny producent\u00f3w akumulator\u00f3w litowo-jonowych Kamada Power\" width=\"1000\" height=\"584\" \/><\/p>\n<p>Kamada Power Battery Factory produkuje wszystkie rodzaje niestandardowych rozwi\u0105za\u0144 akumulatorowych: domowe baterie s\u0142oneczne, akumulatory do pojazd\u00f3w o niskiej pr\u0119dko\u015bci (akumulatory golfowe, akumulatory do kamper\u00f3w, akumulatory litowe konwertowane na o\u0142\u00f3w, akumulatory do w\u00f3zk\u00f3w elektrycznych, akumulatory do w\u00f3zk\u00f3w wid\u0142owych), akumulatory morskie, akumulatory do statk\u00f3w wycieczkowych, akumulatory wysokiego napi\u0119cia, akumulatory pi\u0119trowe,\u00a0<strong><a title=\"Producenci akumulator\u00f3w sodowo-jonowych\" href=\"http:\/\/www.kmdpower.com\/pl\/sodium-ion-battery-manufacturers\/\" target=\"_blank\" rel=\"noopener\">Akumulator sodowo-jonowy<\/a>,\u00a0<a href=\"http:\/\/www.kmdpower.com\/pl\/commercial-energy-storage-systems\/\" target=\"_blank\" rel=\"noopener\">przemys\u0142owe i komercyjne systemy magazynowania energii<\/a><\/strong><\/p>\n<p>&nbsp;<\/p>","protected":false},"excerpt":{"rendered":"<ul>\n<li><strong>Model:<\/strong>\u00a0Bateria Lifepo4 48V 200ah 10Kwh do domowego magazynowania energii<\/li>\n<li><strong>Cykl \u017cycia:<\/strong>\u00a06000 razy<\/li>\n<li><strong>Waga:<\/strong>\u00a089KGS<\/li>\n<li><strong>Wymiary:<\/strong>\u00a0547*471*248 mm<\/li>\n<li><strong>Certyfikat:<\/strong>\u00a0CE\/UN38.3\/MSDS<\/li>\n<li><strong>Producenci baterii Powerwall Home:<\/strong>\u00a0Kamada Power<\/li>\n<li><strong>Typ baterii:<\/strong>\u00a0Akumulator LiFePO4<\/li>\n<li><strong>G\u0142\u00f3wne cechy:<\/strong>\u00a0Bluetooth, Wi-Fi, automatyczne ogrzewanie, spersonalizowana aplikacja (opcjonalnie)<\/li>\n<li><strong>Obs\u0142uga baterii:<\/strong>\u00a0Sprzeda\u017c hurtowa, OEM.ODM Moc na\u015bcienna domowa bateria s\u0142oneczna<\/li>\n<li><strong>Gwarancja:<\/strong>\u00a010 lat<\/li>\n<li><strong>Czas dostawy:<\/strong>\u00a07-14 dni dla pr\u00f3bek, 35-60 dni dla produkcji masowej<\/li>\n<li><strong>Produkty Kamada Power Battery obs\u0142uguj\u0105 sprzeda\u017c hurtow\u0105, dystrybutor\u00f3w i niestandardowe baterie OEM ODM. Prosz\u0119\u00a0<a title=\"Kontakt Kamada Power\" href=\"https:\/\/www.kmdpower.com\/pl\/contact-us\/\" target=\"_blank\" rel=\"noopener\">Skontaktuj si\u0119 z nami<\/a>!<\/strong><\/li>\n<\/ul>","protected":false},"featured_media":1568,"template":"","meta":{"rank_math_lock_modified_date":false,"_kad_post_transparent":"default","_kad_post_title":"","_kad_post_layout":"default","_kad_post_sidebar_id":"","_kad_post_content_style":"default","_kad_post_vertical_padding":"default","_kad_post_feature":"","_kad_post_feature_position":"","_kad_post_header":false,"_kad_post_footer":false},"product_cat":[17,23],"product_tag":[85,86,87,88,89,93,94,95,96,97,98,99,100,101,102,103,104,105,106,55,107,268,487,514,521,48,596,49,50,676,756,757,830,831,904,943,944,945,56,1108,1109,1110,1130,1131,1132,1133],"class_list":{"0":"post-2072","1":"product","2":"type-product","3":"status-publish","4":"has-post-thumbnail","6":"product_cat-home-energy-storage-system","7":"product_cat-power-wall","8":"product_tag-10-kw-lithium-battery","9":"product_tag-10-kw-lithium-battery-pack","10":"product_tag-10-kw-solar-battery","11":"product_tag-10-kwh-lithium-battery","12":"product_tag-10-kwh-lithium-ion-battery","13":"product_tag-10kw-battery","14":"product_tag-10kw-battery-pack","15":"product_tag-10kw-home-battery","16":"product_tag-10kw-lifepo4-battery","17":"product_tag-10kw-lithium-battery","18":"product_tag-10kw-lithium-ion-battery","19":"product_tag-10kw-powerwall","20":"product_tag-10kw-solar-battery","21":"product_tag-10kwh-48v-lifepo4","22":"product_tag-10kwh-48v-lifepo4-manufacturer","23":"product_tag-10kwh-51-2-v-200ah-lifepo4-lithium-battery","24":"product_tag-10kwh-lifepo4-battery","25":"product_tag-10kwh-lithium-battery","26":"product_tag-10kwh-lithium-battery-48v","27":"product_tag-10kwh-powerwall","28":"product_tag-10kwh-solar-battery","29":"product_tag-48v-200ah-to-kwh","30":"product_tag-customized-10kwh-lifepo4-battery","31":"product_tag-customized-lifepo4-10kwh","32":"product_tag-customized-lithium-ion-battery-10kwh","33":"product_tag-home-battery","34":"product_tag-lifepo4-10kwh","35":"product_tag-lifepo4-200ah","36":"product_tag-lifepo4-battery","37":"product_tag-lithium-battery-10-kwh","38":"product_tag-odm-10kwh-lifepo4-battery-manufacturer","39":"product_tag-odm-10kwh-lifepo4-battery-supplier","40":"product_tag-odm-lifepo4-10kwh-manufacturer","41":"product_tag-odm-lifepo4-10kwh-supplier","42":"product_tag-oem-10kwh-lifepo4-battery-manufacturer","43":"product_tag-oem-lifepo4-10kwh","44":"product_tag-oem-lifepo4-10kwh-manufacturer","45":"product_tag-oem-lifepo4-10kwh-supplier","46":"product_tag-powerwall","47":"product_tag-wholesale-10kw-lithium-ion-battery-manufacturer","48":"product_tag-wholesale-13kw-solar-battery-factories","49":"product_tag-wholesale-13kw-solar-battery-manufacturers","50":"product_tag-wholesale-lifepo4-10kwh-factories","51":"product_tag-wholesale-lifepo4-10kwh-factory","52":"product_tag-wholesale-lifepo4-10kwh-manufacturers","53":"product_tag-wholesale-lifepo4-10kwh-suppliers","55":"first","56":"instock","57":"featured","58":"shipping-taxable","59":"product-type-simple","60":"entry","61":"content-bg","62":"loop-entry"},"_links":{"self":[{"href":"https:\/\/www.kmdpower.com\/pl\/wp-json\/wp\/v2\/product\/2072","targetHints":{"allow":["GET"]}}],"collection":[{"href":"https:\/\/www.kmdpower.com\/pl\/wp-json\/wp\/v2\/product"}],"about":[{"href":"https:\/\/www.kmdpower.com\/pl\/wp-json\/wp\/v2\/types\/product"}],"version-history":[{"count":4,"href":"https:\/\/www.kmdpower.com\/pl\/wp-json\/wp\/v2\/product\/2072\/revisions"}],"predecessor-version":[{"id":4013,"href":"https:\/\/www.kmdpower.com\/pl\/wp-json\/wp\/v2\/product\/2072\/revisions\/4013"}],"wp:featuredmedia":[{"embeddable":true,"href":"https:\/\/www.kmdpower.com\/pl\/wp-json\/wp\/v2\/media\/1568"}],"wp:attachment":[{"href":"https:\/\/www.kmdpower.com\/pl\/wp-json\/wp\/v2\/media?parent=2072"}],"wp:term":[{"taxonomy":"product_cat","embeddable":true,"href":"https:\/\/www.kmdpower.com\/pl\/wp-json\/wp\/v2\/product_cat?post=2072"},{"taxonomy":"product_tag","embeddable":true,"href":"https:\/\/www.kmdpower.com\/pl\/wp-json\/wp\/v2\/product_tag?post=2072"}],"curies":[{"name":"wp","href":"https:\/\/api.w.org\/{rel}","templated":true}]}}