{"id":4281,"date":"2025-03-29T10:15:24","date_gmt":"2025-03-29T10:15:24","guid":{"rendered":"https:\/\/www.kmdpower.com\/?post_type=product&#038;p=4281"},"modified":"2025-06-20T12:10:08","modified_gmt":"2025-06-20T12:10:08","slug":"kamada-power-10kwh-all-in-one-battery-and-inverter","status":"publish","type":"product","link":"https:\/\/www.kmdpower.com\/no\/kamada-power-10kwh-all-in-one-battery-and-inverter\/","title":{"rendered":"Kamada Power 10kWh alt-i-ett-batteri og omformer"},"content":{"rendered":"<p><a href=\"https:\/\/www.kmdpower.com\/no\/contact-us\/\"><img fetchpriority=\"high\" decoding=\"async\" class=\"aligncenter\" src=\"http:\/\/www.kmdpower.com\/wp-content\/uploads\/Contact-US-Kamada-Power-Shenzhen-Kamada-Electronic-Co-Ltd.jpg\" alt=\"\" width=\"1000\" height=\"200\" \/><\/a><\/p>\n<p>&nbsp;<\/p>\n<p><img decoding=\"async\" class=\"wp-image-4288 size-full aligncenter\" src=\"https:\/\/www.kmdpower.com\/wp-content\/uploads\/Kamada-Power-10kWh-15kWh-All-in-One-Battery-and-Inverter-Desc-001.jpg\" alt=\"\" width=\"1000\" height=\"414\" srcset=\"https:\/\/www.kmdpower.com\/wp-content\/uploads\/Kamada-Power-10kWh-15kWh-All-in-One-Battery-and-Inverter-Desc-001.jpg 1000w, https:\/\/www.kmdpower.com\/wp-content\/uploads\/Kamada-Power-10kWh-15kWh-All-in-One-Battery-and-Inverter-Desc-001-300x124.jpg 300w, https:\/\/www.kmdpower.com\/wp-content\/uploads\/Kamada-Power-10kWh-15kWh-All-in-One-Battery-and-Inverter-Desc-001-768x318.jpg 768w, https:\/\/www.kmdpower.com\/wp-content\/uploads\/Kamada-Power-10kWh-15kWh-All-in-One-Battery-and-Inverter-Desc-001-18x7.jpg 18w, https:\/\/www.kmdpower.com\/wp-content\/uploads\/Kamada-Power-10kWh-15kWh-All-in-One-Battery-and-Inverter-Desc-001-600x248.jpg 600w\" sizes=\"(max-width: 1000px) 100vw, 1000px\" \/><\/p>\n<h3 style=\"text-align: center;\">Kamada Power 10kWh alt-i-ett-batteri og omformerfunksjon<\/h3>\n<p><img decoding=\"async\" class=\"wp-image-4289 size-full aligncenter\" src=\"https:\/\/www.kmdpower.com\/wp-content\/uploads\/Kamada-Power-10kWh-15kWh-All-in-One-Battery-and-Inverter-Desc-002.jpg\" alt=\"\" width=\"1000\" height=\"788\" srcset=\"https:\/\/www.kmdpower.com\/wp-content\/uploads\/Kamada-Power-10kWh-15kWh-All-in-One-Battery-and-Inverter-Desc-002.jpg 1000w, https:\/\/www.kmdpower.com\/wp-content\/uploads\/Kamada-Power-10kWh-15kWh-All-in-One-Battery-and-Inverter-Desc-002-300x236.jpg 300w, https:\/\/www.kmdpower.com\/wp-content\/uploads\/Kamada-Power-10kWh-15kWh-All-in-One-Battery-and-Inverter-Desc-002-768x605.jpg 768w, https:\/\/www.kmdpower.com\/wp-content\/uploads\/Kamada-Power-10kWh-15kWh-All-in-One-Battery-and-Inverter-Desc-002-15x12.jpg 15w, https:\/\/www.kmdpower.com\/wp-content\/uploads\/Kamada-Power-10kWh-15kWh-All-in-One-Battery-and-Inverter-Desc-002-600x473.jpg 600w\" sizes=\"(max-width: 1000px) 100vw, 1000px\" \/><\/p>\n<h3 style=\"text-align: center;\">Utjevningsfunksjon (aktiv eller passiv valgfri)<\/h3>\n<p>&nbsp;<\/p>\n<p><img loading=\"lazy\" decoding=\"async\" class=\"aligncenter wp-image-978 size-full\" src=\"http:\/\/www.kmdpower.com\/wp-content\/uploads\/Active-Equalization-Function-and-Active-Passive-Optional-0.png\" alt=\"Aktiv utjevningsfunksjon og aktiv passiv valgfri 0\" width=\"1000\" height=\"246\" \/><\/p>\n<div>\n<p>Dette Kamada Power 10 kWh alt-i-ett-batteriet og omformeren med fleksibelt modulsystem kan utformes basert p\u00e5 det daglige energiforbruket i husholdningen, og denne klasseledende kraftstasjonen gir deg str\u00f8m til \u00e5 drive de daglige husholdningsapparatene dine eller til og med gi reservestr\u00f8m til hele huset i en eller to dager, avhengig av belastningsbehovet ditt.<\/p>\n<p>&nbsp;<\/p>\n<\/div>\n<h3 style=\"text-align: center;\">Produktets h\u00f8ydepunkter<\/h3>\n<p><strong>Lang levetid:<\/strong>Over 6000 sykluser ved 90% DOD<br \/>\n<strong>Lavt str\u00f8mforbruk:<\/strong>Lavt str\u00f8mforbruk i standby \u226415 W, driftstap uten belastning mindre enn 100 W<br \/>\n<strong>Modul\u00e6r design:<\/strong>Legg til s\u00e5 mange batterimoduler som n\u00f8dvendig<br \/>\n<strong>S\u00f8ml\u00f8s byttefunksjon:<\/strong>St\u00f8tte for s\u00f8ml\u00f8s veksling mellom parallell- og off-grid (mindre enn 5 ms)<br \/>\n<strong>H\u00f8y grad av integrasjon:<\/strong>Innebygd Hybird-omformer, BMS, batteribank<br \/>\n<strong>Ekstern fastvare:<\/strong>Kontroller og overv\u00e5k Smart System mens du er p\u00e5 farten via Kamada Power Monitoring-appen og -portalen.<br \/>\n<strong>Stabelbar design:<\/strong>Trenger du st\u00f8rre kapasitet? Modul\u00e6r design gj\u00f8r det mulig \u00e5 installere flere enheter parallelt<br \/>\n<strong>H\u00f8yspenning:<\/strong>H\u00f8yspennings BMS gir h\u00f8yere effektivitet ved lading og utlading.<br \/>\n<strong>Kamada Power 10kWh alt-i-ett-batteri og omformer kan stables med innebygd omformer:<\/strong>H\u00f8yspennings-BMS gir st\u00f8rre lade- og utladningseffekt ved lavere str\u00f8mstyrke, noe som gir h\u00f8yere effektivitet enn v\u00e5rt utvalg med lavere spenning.<\/p>\n<p>&nbsp;<\/p>\n<div>\n<h3 style=\"text-align: center;\">P\u00e5litelig BMS-system Ultra Saftey<\/h3>\n<p><img loading=\"lazy\" decoding=\"async\" class=\"aligncenter wp-image-1283 size-full\" src=\"http:\/\/www.kmdpower.com\/wp-content\/uploads\/Kamada-Power-Battery-BMS.jpg\" alt=\"Kamada Power Battery BMS\" width=\"1000\" height=\"401\" \/><\/p>\n<p style=\"text-align: left;\">Kamada Power 10kWh All in One Battery and Inverter BMS s\u00f8rger for sikker drift i ekstreme temperaturer, forhindrer overlading og overutlading, forlenger batteriets levetid og gir p\u00e5litelig ytelse med effektiv lading og utlading. Det inkluderer ogs\u00e5 overstr\u00f8ms- og kortslutningsbeskyttelse for systemsikkerhet, og gir brukerne alternativer for aktiv eller passiv balansering for \u00e5 optimalisere batteriets ytelse og energieffektivitet.<\/p>\n<p>&nbsp;<\/p>\n<h3 style=\"text-align: center;\">Kamada Power 10 kWh alt-i-ett-batteri og inverterst\u00f8rrelse<\/h3>\n<p><img loading=\"lazy\" decoding=\"async\" class=\"aligncenter wp-image-4286 size-full\" src=\"https:\/\/www.kmdpower.com\/wp-content\/uploads\/kamada-all-in-one-10kwh-battery-005.jpg\" alt=\"\" width=\"1000\" height=\"1114\" srcset=\"https:\/\/www.kmdpower.com\/wp-content\/uploads\/kamada-all-in-one-10kwh-battery-005.jpg 1000w, https:\/\/www.kmdpower.com\/wp-content\/uploads\/kamada-all-in-one-10kwh-battery-005-269x300.jpg 269w, https:\/\/www.kmdpower.com\/wp-content\/uploads\/kamada-all-in-one-10kwh-battery-005-919x1024.jpg 919w, https:\/\/www.kmdpower.com\/wp-content\/uploads\/kamada-all-in-one-10kwh-battery-005-768x856.jpg 768w, https:\/\/www.kmdpower.com\/wp-content\/uploads\/kamada-all-in-one-10kwh-battery-005-11x12.jpg 11w, https:\/\/www.kmdpower.com\/wp-content\/uploads\/kamada-all-in-one-10kwh-battery-005-600x668.jpg 600w\" sizes=\"(max-width: 1000px) 100vw, 1000px\" \/><\/p>\n<p>&nbsp;<\/p>\n<h3 style=\"text-align: center;\">Kamada Power 10 kWh alt-i-ett-batteri og vekselretter - applikasjonsscenario<\/h3>\n<p><img loading=\"lazy\" decoding=\"async\" class=\"aligncenter wp-image-1354 size-full\" src=\"http:\/\/www.kmdpower.com\/wp-content\/uploads\/kamada-powerwall-battery-application-scenario-.jpg\" alt=\"kamada powerwall-batteriets bruksscenario\" width=\"1000\" height=\"462\" \/><\/p>\n<p><strong>Kamada Power 10kWh alt-i-ett-batteri og vekselretter Kan brukes i f\u00f8lgende bruksomr\u00e5der:<\/strong><\/p>\n<p><strong>Solsystemet:<\/strong> Lagrer solenergi for jevn str\u00f8mforsyning dag og natt.<br \/>\n<strong>Bobilreiser:<\/strong> Tilbyr b\u00e6rbar energilagring for reiser.<br \/>\n<strong>B\u00e5t \/ Marine:<\/strong> S\u00f8rg for uavbrutt str\u00f8mtilf\u00f8rsel under seiling eller ved kai.<br \/>\n<strong>Off Grid:<\/strong> Hold kontakten med p\u00e5litelig reservestr\u00f8m p\u00e5 avsidesliggende steder.<\/p>\n<p>&nbsp;<\/p>\n<h3 style=\"text-align: center;\">Hvorfor velge Kamada Power OEM ODM dine batteriprodukter?<\/h3>\n<p><strong>Du trenger ikke \u00e5 bekymre deg for disse utfordringene med tilpassede batteriproblemer!<\/strong><br \/>\nKan ikke oppfylle dine tilpassede batterikrav, lang produksjonstid, langsom leveringstid, ineffektiv kommunikasjon, ingen garanti for kvalitet, konkurransedyktig produktpris og d\u00e5rlig serviceopplevelse er disse problemene!<\/p>\n<p><strong>Kraften i profesjonalitet!<\/strong><br \/>\nVi har betjent tusenvis av batterikunder fra ulike bransjer og spesialtilpasset tusenvis av batteriprodukter! Vi vet hvor viktig det er \u00e5 kommunisere grundig om behov, vi kjenner batteriprodukter fra design til masseproduksjon av ulike tekniske utfordringer og problemer, og hvordan vi raskt og effektivt kan l\u00f8se disse problemene!<\/p>\n<p><strong>Utvikle effektive, tilpassede batteril\u00f8sninger!<\/strong><br \/>\nSom svar p\u00e5 dine tilpassede batteribehov vil vi spesifikt tildele batteriteknologiprosjektteamet til \u00e5 gi deg 1-til-1-service. Vi kommuniserer grundig med deg om bransjen, scenarier, krav, smertepunkter, ytelse og funksjonalitet, og utvikler tilpassede batteril\u00f8sninger.<\/p>\n<p><strong>Rask levering av tilpasset batteriproduksjon!<\/strong><br \/>\nVi er smidige og raske for \u00e5 hjelpe deg med \u00e5 oppn\u00e5 fra batteriproduktdesign, til pr\u00f8vetaking av batterier, til masseproduksjon av batteriprodukter. Oppn\u00e5 rask produktdesign, rask produksjon og produksjon, rask levering og forsendelse, beste kvalitet og fabrikkpris for tilpassede batterier!<\/p>\n<p><strong>Vi hjelper deg med \u00e5 raskt gripe markedsmuligheten for energilagringsbatterier!<\/strong><br \/>\nKamada Power hjelper deg med \u00e5 raskt oppn\u00e5 differensierte, kundetilpassede batteriprodukter, forbedre produktets konkurranseevne og hjelpe deg med \u00e5 raskt ta ledelsen i markedet for energilagringsbatterier.<\/p>\n<p>&nbsp;<\/p>\n<h3 style=\"text-align: center;\">Shenzhen Kamada Electronic Co, Ltd<br \/>\nKamada Power-utstillingen<\/h3>\n<p><img loading=\"lazy\" decoding=\"async\" class=\"aligncenter wp-image-1297 size-full\" src=\"http:\/\/www.kmdpower.com\/wp-content\/uploads\/Kamada-Power-Exhibition-Shenzhen-Kamada-Electronic-Co-Ltd.png\" alt=\"Kamada Power Exhibition Shenzhen Kamada Electronic Co Ltd\" width=\"1920\" height=\"841\" \/><\/p>\n<p>&nbsp;<\/p>\n<h3 style=\"text-align: center;\">Kamada Power Battery Produsentsertifisering<\/h3>\n<p><img loading=\"lazy\" decoding=\"async\" class=\"aligncenter wp-image-1285 size-full\" src=\"http:\/\/www.kmdpower.com\/wp-content\/uploads\/Kamada-Power-Battery-Certification.png\" alt=\"Kamada Power Battery Produsentsertifisering\" width=\"1344\" height=\"462\" \/><\/p>\n<p>&nbsp;<\/p>\n<h3 style=\"text-align: center;\">Kamada Power litiumionbatteri Produsenter Fabrikk Produksjonsprosess<\/h3>\n<p><img loading=\"lazy\" decoding=\"async\" class=\"aligncenter wp-image-1323 size-full\" src=\"http:\/\/www.kmdpower.com\/wp-content\/uploads\/Kamada-Power-Lithium-ion-Battery-Manufacturers-Factory-Production-Process-02.jpg\" alt=\"Kamada Power litiumionbatteri Produsenter Fabrikk Produksjonsprosess 02\" width=\"1000\" height=\"517\" \/><\/p>\n<p>&nbsp;<\/p>\n<h3 style=\"text-align: center;\">Kamada Power Battery Produsenter<\/h3>\n<p><img loading=\"lazy\" decoding=\"async\" class=\"aligncenter wp-image-1324 size-full\" src=\"http:\/\/www.kmdpower.com\/wp-content\/uploads\/Kamada-Power-Lithium-ion-Battery-Manufacturers-Factory-Show.jpg\" alt=\"Kamada Power Litiumionbatteri Produsenter Factory Show\" width=\"1000\" height=\"584\" \/><\/p>\n<p>Kamada Power Battery Factory produserer alle typer oem odm tilpassede batteril\u00f8sninger: solcellebatteri til hjemmet, lavhastighetsbatterier til kj\u00f8ret\u00f8y (golfbatterier, bobilbatterier, blykonverterte litiumbatterier, elektriske vognbatterier, gaffeltruckbatterier), marine batterier, cruiseskipbatterier, h\u00f8yspentbatterier, stablede batterier,\u00a0<strong><a title=\"Produsenter av natriumionbatterier\" href=\"http:\/\/www.kmdpower.com\/no\/sodium-ion-battery-manufacturers\/\" target=\"_blank\" rel=\"noopener\">Natriumionbatteri<\/a>,\u00a0<a href=\"http:\/\/www.kmdpower.com\/no\/commercial-energy-storage-systems\/\" target=\"_blank\" rel=\"noopener\">industrielle og kommersielle energilagringssystemer<\/a><\/strong><\/p>\n<p>&nbsp;<\/p>\n<\/div>","protected":false},"excerpt":{"rendered":"<ul>\n<li><strong>Modell:<\/strong> Kamada Power 10kWh alt-i-ett-batteri og omformer<\/li>\n<li><strong>Sykluslevetid:<\/strong>\u00a06000 ganger<\/li>\n<li><strong>Vekt:<\/strong>\u00a060KGS<\/li>\n<li><strong>Dimensjoner:<\/strong> 1471*570*250 mm<\/li>\n<li><strong>Sertifikat:<\/strong>\u00a0CE\/UN38.3\/MSDS<\/li>\n<li><strong>Alt i ett batteri- og inverterprodusenter:<\/strong>\u00a0Kamada Power<\/li>\n<li><strong>Batteritype:<\/strong>\u00a0LiFePO4-batteri<\/li>\n<li><strong>Kjernefunksjoner:<\/strong>\u00a0WiFi, tilpasset APP (valgfritt)<\/li>\n<li><strong>Batterist\u00f8tte:<\/strong> Engros, OEM.ODM Alt i ett batteri og omformer<\/li>\n<li><strong>Garanti:<\/strong>\u00a010 \u00e5r<\/li>\n<li><strong>Leveringstid:<\/strong>\u00a07-14 dager for pr\u00f8ver, 35-60 dager for masseproduksjon<\/li>\n<li><strong>Kamada Power Battery Products st\u00f8tter engros, distribut\u00f8rer og OEM ODM tilpasset batteri. Vennligst\u00a0<a title=\"Kontakt Kamada Power\" href=\"https:\/\/www.kmdpower.com\/no\/contact-us\/\" target=\"_blank\" rel=\"noopener\">Kontakt oss<\/a>!<\/strong><\/li>\n<\/ul>","protected":false},"featured_media":4282,"template":"","meta":{"rank_math_lock_modified_date":false,"_kad_post_transparent":"default","_kad_post_title":"","_kad_post_layout":"default","_kad_post_sidebar_id":"","_kad_post_content_style":"default","_kad_post_vertical_padding":"default","_kad_post_feature":"","_kad_post_feature_position":"","_kad_post_header":false,"_kad_post_footer":false},"product_cat":[17,34],"product_tag":[1190,392],"class_list":{"0":"post-4281","1":"product","2":"type-product","3":"status-publish","4":"has-post-thumbnail","6":"product_cat-home-energy-storage-system","7":"product_cat-all-in-one-solar-power-system-manufacturers","8":"product_tag-all-in-one-battery-and-inverter","9":"product_tag-all-in-one-ess","11":"first","12":"instock","13":"featured","14":"shipping-taxable","15":"product-type-simple","16":"entry","17":"content-bg","18":"loop-entry"},"_links":{"self":[{"href":"https:\/\/www.kmdpower.com\/no\/wp-json\/wp\/v2\/product\/4281","targetHints":{"allow":["GET"]}}],"collection":[{"href":"https:\/\/www.kmdpower.com\/no\/wp-json\/wp\/v2\/product"}],"about":[{"href":"https:\/\/www.kmdpower.com\/no\/wp-json\/wp\/v2\/types\/product"}],"version-history":[{"count":1,"href":"https:\/\/www.kmdpower.com\/no\/wp-json\/wp\/v2\/product\/4281\/revisions"}],"predecessor-version":[{"id":4290,"href":"https:\/\/www.kmdpower.com\/no\/wp-json\/wp\/v2\/product\/4281\/revisions\/4290"}],"wp:featuredmedia":[{"embeddable":true,"href":"https:\/\/www.kmdpower.com\/no\/wp-json\/wp\/v2\/media\/4282"}],"wp:attachment":[{"href":"https:\/\/www.kmdpower.com\/no\/wp-json\/wp\/v2\/media?parent=4281"}],"wp:term":[{"taxonomy":"product_cat","embeddable":true,"href":"https:\/\/www.kmdpower.com\/no\/wp-json\/wp\/v2\/product_cat?post=4281"},{"taxonomy":"product_tag","embeddable":true,"href":"https:\/\/www.kmdpower.com\/no\/wp-json\/wp\/v2\/product_tag?post=4281"}],"curies":[{"name":"wp","href":"https:\/\/api.w.org\/{rel}","templated":true}]}}