{"id":2236,"date":"2024-10-14T05:54:32","date_gmt":"2024-10-14T05:54:32","guid":{"rendered":"http:\/\/www.kmdpower.com\/?post_type=product&#038;p=2236"},"modified":"2025-01-18T09:33:57","modified_gmt":"2025-01-18T09:33:57","slug":"48v384v-high-voltage-battery-storage-system-energy-storage-battery-product","status":"publish","type":"product","link":"https:\/\/www.kmdpower.com\/no\/48v384v-high-voltage-battery-storage-system-energy-storage-battery-product\/","title":{"rendered":"48V~384V h\u00f8yspennings batterilagringssystem Energilagringsbatteri"},"content":{"rendered":"<p><a href=\"https:\/\/www.kmdpower.com\/no\/contact-us\/\"><img fetchpriority=\"high\" decoding=\"async\" class=\"aligncenter\" src=\"http:\/\/www.kmdpower.com\/wp-content\/uploads\/Contact-US-Kamada-Power-Shenzhen-Kamada-Electronic-Co-Ltd.jpg\" alt=\"\" width=\"1000\" height=\"200\" \/><\/a><\/p>\n<p><img decoding=\"async\" class=\"aligncenter wp-image-1305 size-full\" src=\"http:\/\/www.kmdpower.com\/wp-content\/uploads\/Kamada-Power-High-Voltage-Battery-001.jpg\" alt=\"Kamada Power h\u00f8yspenningsbatteri 001\" width=\"1000\" height=\"414\" \/><\/p>\n<h3 style=\"text-align: center;\">Kamada Power 48V~384V h\u00f8yspenningsbatterifunksjon<\/h3>\n<p><img decoding=\"async\" class=\"aligncenter wp-image-1306 size-full\" src=\"http:\/\/www.kmdpower.com\/wp-content\/uploads\/Kamada-Power-High-Voltage-Battery-002.jpg\" alt=\"Kamada Power h\u00f8yspenningsbatteri 002\" width=\"1000\" height=\"788\" \/><\/p>\n<h3 style=\"text-align: center;\">Utjevningsfunksjon (aktiv eller passiv valgfri)<\/h3>\n<p>&nbsp;<\/p>\n<p><img loading=\"lazy\" decoding=\"async\" class=\"aligncenter wp-image-978 size-full\" src=\"http:\/\/www.kmdpower.com\/wp-content\/uploads\/Active-Equalization-Function-and-Active-Passive-Optional-0.png\" alt=\"Aktiv utjevningsfunksjon og aktiv passiv valgfri 0\" width=\"1000\" height=\"246\" \/><\/p>\n<div>\n<h3 style=\"text-align: center;\">Kamada Power Custom h\u00f8yspenningsbatteri<\/h3>\n<p><img loading=\"lazy\" decoding=\"async\" class=\"aligncenter wp-image-1307 size-full\" src=\"http:\/\/www.kmdpower.com\/wp-content\/uploads\/Kamada-Power-High-Voltage-Battery-003.jpg\" alt=\"Kamada Power h\u00f8yspenningsbatteri 003\" width=\"1000\" height=\"455\" \/><\/p>\n<\/div>\n<div>\n<p style=\"text-align: center;\">Kamada Power Custom 10,24kWh,15,36kWh,20,48kWh,25,75kWh,30,72kWh,35,84kWh,40,96kWh H\u00f8yspenningsbatteri<\/p>\n<p>Oppdag kraften i Kamada Powers stabelbare h\u00f8yspenningsbatterier som er designet for topp ytelse og p\u00e5litelighet. Disse batteriene er utstyrt med avansert LiFePO4-teknologi og har over 6000 sykluser og en h\u00f8y effektivitet p\u00e5 95%. Denne teknologien sikrer langvarig holdbarhet og optimal energiutnyttelse, perfekt for b\u00e5de private og kommersielle bruksomr\u00e5der. F\u00e5 avbruddsfri str\u00f8m med v\u00e5r stabelbare, modul\u00e6re design som kan utvides opp til 100 kWh, noe som gir fleksibilitet og p\u00e5litelighet. Batteriene v\u00e5re er utstyrt med et banebrytende batteristyringssystem (BMS) for \u00f8kt sikkerhet og ytelse. Oppgrader til v\u00e5r h\u00f8yspentl\u00f8sning og opplev uovertruffen energieffektivitet og p\u00e5litelighet.<\/p>\n<\/div>\n<p>&nbsp;<\/p>\n<p>&nbsp;<\/p>\n<div>\n<div>\n<h3 style=\"text-align: center;\">Produktets h\u00f8ydepunkter<\/h3>\n<p><strong>Stabil ytelse<\/strong><br \/>\nBruker et h\u00f8ytytende lifepo4-batteri med over 6000 sykluser og 95% effektivitet.<br \/>\nUtstyrt med Kamada Powers avanserte batteristyringssystem (BMS) for \u00f8kt sikkerhet.<\/p>\n<p><strong>Stabelbar og kompakt design<\/strong><br \/>\nKan integreres med fornybare energikilder for \u00e5 optimalisere egenforbruket og redusere avhengigheten av str\u00f8mnettet.<br \/>\nGir p\u00e5litelig reservestr\u00f8m og st\u00f8tter en b\u00e6rekraftig livsstil med en kompakt, effektiv design.<\/p>\n<p><strong>Kan utvides til 100 KWH<\/strong><br \/>\nModul\u00e6r design gir mulighet for fleksibel utvidelse opp til 100 KWH.<br \/>\nSpenningsomr\u00e5de fra 102,4 V (2 moduler) til 409,6 V (8 moduler) med seriekoblinger.<\/p>\n<p><strong>Avansert BMS<\/strong><br \/>\nOverv\u00e5ker spenning, str\u00f8mgrenser og ladetilstand.<br \/>\nInkluderer sikkerhetsfunksjoner for \u00e5 sikre optimal ytelse og lang batterilevetid.<\/p>\n<p><strong>Sikkerhet og p\u00e5litelighet<\/strong><br \/>\nFleksibel, skalerbar design med sanntidsoverv\u00e5king.<br \/>\nHar selvhelbredende teknologi for \u00f8kt sikkerhet og kontroll.<\/p>\n<\/div>\n<p>&nbsp;<\/p>\n<h3 style=\"text-align: center;\">P\u00e5litelig BMS-system Ultra Saftey<\/h3>\n<p><img loading=\"lazy\" decoding=\"async\" class=\"aligncenter wp-image-1283 size-full\" src=\"http:\/\/www.kmdpower.com\/wp-content\/uploads\/Kamada-Power-Battery-BMS.jpg\" alt=\"Kamada Power Battery BMS\" width=\"1000\" height=\"401\" \/><\/p>\n<p style=\"text-align: left;\">Kamada Power Battery BMS s\u00f8rger for sikker drift i ekstreme temperaturer, forhindrer overlading og overutlading, forlenger batteriets levetid og gir p\u00e5litelig ytelse med effektiv lading og utlading. Det inkluderer ogs\u00e5 overstr\u00f8ms- og kortslutningsbeskyttelse for systemsikkerhet, og gir brukerne alternativer for aktiv eller passiv balansering for \u00e5 optimalisere batteriets ytelse og energieffektivitet.<\/p>\n<p>&nbsp;<\/p>\n<h3 style=\"text-align: center;\">Kamada Power Battery Inverter kompatibel<\/h3>\n<p style=\"text-align: center;\">Kompatibel med 91% av omformere p\u00e5 markedet<\/p>\n<p><img loading=\"lazy\" decoding=\"async\" class=\"aligncenter wp-image-1288 size-full\" src=\"http:\/\/www.kmdpower.com\/wp-content\/uploads\/Kamada-Power-Battery-Inverter-Compatible-X01.jpg\" alt=\"Kamada Power Battery Inverter kompatibel X01\" width=\"1000\" height=\"552\" \/><\/p>\n<p style=\"text-align: center;\"><strong>Kamada Power-batteriprodukter er kompatible med 91% av invertermerkene p\u00e5 markedet<\/strong><\/p>\n<p>SMA, SRNE, IMEON ENGERGY, ZUCCHETTI, Ingeteam, AiSWEI, victron energy, must, moixa, megarevo, deye, growatt, studer, selectronic, voltronic power, sofar solar, sermatec, gmde, effekta, westernco, sungrow, luxpower, morningstar, delios, sungrow, luxpower, invertermerker. voltronic power,sofar solar,sermatec,gmde,effekta,westernco,sungrow,luxpower,morningstar,delios,sunosynk,aeca,saj,solarmax,redback. invt,goodwe,solis,mlt,livoltek,eneiqy,solaxpower,opti-solar,kehua tech.(<strong>Nedenfor er bare en delvis liste over invertermerker<\/strong>)<\/p>\n<p>&nbsp;<\/p>\n<p>&nbsp;<\/p>\n<h3 style=\"text-align: center;\">Tilkoblingsskjema for Kamada Power h\u00f8yspenningsbatteri<\/h3>\n<p><img loading=\"lazy\" decoding=\"async\" class=\"aligncenter wp-image-1308 size-full\" src=\"http:\/\/www.kmdpower.com\/wp-content\/uploads\/Kamada-Power-High-Voltage-Battery-004.jpg\" alt=\"Kamada Power h\u00f8yspenningsbatteri 004\" width=\"1000\" height=\"515\" \/><\/p>\n<p>&nbsp;<\/p>\n<h3 style=\"text-align: center;\">Kamada Power-batteriets bruksomr\u00e5de<\/h3>\n<p><img loading=\"lazy\" decoding=\"async\" class=\"aligncenter wp-image-1309 size-full\" src=\"http:\/\/www.kmdpower.com\/wp-content\/uploads\/Kamada-Power-High-Voltage-Battery-005.jpg\" alt=\"Kamada Power h\u00f8yspenningsbatteri 005\" width=\"1000\" height=\"541\" \/><\/p>\n<p style=\"text-align: left;\"><strong>Kamada Power 48V~384V h\u00f8yspennings batterilagringssystem Applikasjon<\/strong>: energilagring i hjemmet, industriell energilagring, gir n\u00f8dstr\u00f8m, UPS-str\u00f8mbank, inverterstr\u00f8mbank, jernbanestr\u00f8mbank, telekommunikasjonskraftsystem, medisinsk elektronikk, kommersielle basestasjoner, sikkerhetskommunikasjon, transportlogistikk og s\u00e5 videre<\/p>\n<p>&nbsp;<\/p>\n<h3 style=\"text-align: center;\">Hvorfor velge Kamada Power OEM ODM dine batteriprodukter?<\/h3>\n<p><strong>Du trenger ikke \u00e5 bekymre deg for disse utfordringene med tilpassede batteriproblemer!<\/strong><br \/>\nKan ikke oppfylle dine tilpassede batterikrav, lang produksjonstid, langsom leveringstid, ineffektiv kommunikasjon, ingen garanti for kvalitet, konkurransedyktig produktpris og d\u00e5rlig serviceopplevelse er disse problemene!<\/p>\n<p><strong>Kraften i profesjonalitet!<\/strong><br \/>\nVi har betjent tusenvis av batterikunder fra ulike bransjer og spesialtilpasset tusenvis av batteriprodukter! Vi vet hvor viktig det er \u00e5 kommunisere grundig om behov, vi kjenner batteriprodukter fra design til masseproduksjon av ulike tekniske utfordringer og problemer, og hvordan vi raskt og effektivt kan l\u00f8se disse problemene!<\/p>\n<p><strong>Utvikle effektive, tilpassede batteril\u00f8sninger!<\/strong><br \/>\nSom svar p\u00e5 dine tilpassede batteribehov vil vi spesifikt tildele batteriteknologiprosjektteamet til \u00e5 gi deg 1-til-1-service. Vi kommuniserer grundig med deg om bransjen, scenarier, krav, smertepunkter, ytelse og funksjonalitet, og utvikler tilpassede batteril\u00f8sninger.<\/p>\n<p><strong>Rask levering av tilpasset batteriproduksjon!<\/strong><br \/>\nVi er smidige og raske for \u00e5 hjelpe deg med \u00e5 oppn\u00e5 fra batteriproduktdesign, til pr\u00f8vetaking av batterier, til masseproduksjon av batteriprodukter. Oppn\u00e5 rask produktdesign, rask produksjon og produksjon, rask levering og forsendelse, beste kvalitet og fabrikkpris for tilpassede batterier!<\/p>\n<p><strong>Vi hjelper deg med \u00e5 raskt gripe markedsmuligheten for energilagringsbatterier!<\/strong><br \/>\nKamada Power hjelper deg med \u00e5 raskt oppn\u00e5 differensierte, kundetilpassede batteriprodukter, forbedre produktets konkurranseevne og hjelpe deg med \u00e5 raskt ta ledelsen i markedet for energilagringsbatterier.<\/p>\n<p>&nbsp;<\/p>\n<h3 style=\"text-align: center;\">Shenzhen Kamada Electronic Co, Ltd<br \/>\nKamada Power-utstillingen<\/h3>\n<p><img loading=\"lazy\" decoding=\"async\" class=\"aligncenter wp-image-1297 size-full\" src=\"http:\/\/www.kmdpower.com\/wp-content\/uploads\/Kamada-Power-Exhibition-Shenzhen-Kamada-Electronic-Co-Ltd.png\" alt=\"Kamada Power Exhibition Shenzhen Kamada Electronic Co Ltd\" width=\"1920\" height=\"841\" \/><\/p>\n<p>&nbsp;<\/p>\n<h3 style=\"text-align: center;\">Kamada Power Battery Produsentsertifisering<\/h3>\n<p><img loading=\"lazy\" decoding=\"async\" class=\"aligncenter wp-image-1285 size-full\" src=\"http:\/\/www.kmdpower.com\/wp-content\/uploads\/Kamada-Power-Battery-Certification.png\" alt=\"Kamada Power Battery Produsentsertifisering\" width=\"1344\" height=\"462\" \/><\/p>\n<p>&nbsp;<\/p>\n<h3 style=\"text-align: center;\">Kamada Power litiumionbatteri Produsenter Fabrikk Produksjonsprosess<\/h3>\n<p><img loading=\"lazy\" decoding=\"async\" class=\"aligncenter wp-image-1323 size-full\" src=\"http:\/\/www.kmdpower.com\/wp-content\/uploads\/Kamada-Power-Lithium-ion-Battery-Manufacturers-Factory-Production-Process-02.jpg\" alt=\"Kamada Power litiumionbatteri Produsenter Fabrikk Produksjonsprosess 02\" width=\"1000\" height=\"517\" \/><\/p>\n<p>&nbsp;<\/p>\n<h3 style=\"text-align: center;\">Kamada Power Battery Produsenter<\/h3>\n<p><img loading=\"lazy\" decoding=\"async\" class=\"aligncenter wp-image-1324 size-full\" src=\"http:\/\/www.kmdpower.com\/wp-content\/uploads\/Kamada-Power-Lithium-ion-Battery-Manufacturers-Factory-Show.jpg\" alt=\"Kamada Power Litiumionbatteri Produsenter Factory Show\" width=\"1000\" height=\"584\" \/><\/p>\n<p>Kamada Power Battery Factory produserer alle typer oem odm tilpassede batteril\u00f8sninger: solcellebatteri til hjemmet, lavhastighetsbatterier til kj\u00f8ret\u00f8y (golfbatterier, bobilbatterier, blykonverterte litiumbatterier, elektriske vognbatterier, gaffeltruckbatterier), marine batterier, cruiseskipbatterier, h\u00f8yspentbatterier, stablede batterier,\u00a0<strong><a title=\"Produsenter av natriumionbatterier\" href=\"http:\/\/www.kmdpower.com\/no\/sodium-ion-battery-manufacturers\/\" target=\"_blank\" rel=\"noopener\">Natriumionbatteri<\/a>,\u00a0<a href=\"http:\/\/www.kmdpower.com\/no\/commercial-energy-storage-systems\/\" target=\"_blank\" rel=\"noopener\">industrielle og kommersielle energilagringssystemer<\/a><\/strong><\/p>\n<p>&nbsp;<\/p>\n<\/div>","protected":false},"excerpt":{"rendered":"<ul>\n<li><strong>Modell:<\/strong>\u00a048V~384V h\u00f8yspenningsbatteri<\/li>\n<li><strong>Sykluslevetid:<\/strong>\u00a06000 ganger<\/li>\n<li><strong>Vekt:<\/strong>\u00a0306KGS<\/li>\n<li><strong>Dimensjoner:<\/strong>\u00a01575*661*391 mm<\/li>\n<li><strong>Sertifikat:<\/strong>\u00a0CE\/UN38.3\/MSDS<\/li>\n<li><strong>Produsenter av h\u00f8yspenningsbatterier:<\/strong>\u00a0Kamada Power<\/li>\n<li><strong>Batteritype:<\/strong>\u00a0LiFePO4-batteri<\/li>\n<li><strong>Batterist\u00f8tte:<\/strong>\u00a0Engros, OEM.ODM h\u00f8yspenningsbatteri<\/li>\n<li><strong>Garanti:<\/strong>\u00a010 \u00e5r<\/li>\n<li><strong>Leveringstid:<\/strong>\u00a07-14 dager for pr\u00f8ver, 35-60 dager for masseproduksjon<\/li>\n<li><strong>Kamada Power Battery Products st\u00f8tter engros, distribut\u00f8rer og OEM ODM tilpasset batteri. Vennligst\u00a0<a title=\"Kontakt Kamada Power\" href=\"https:\/\/www.kmdpower.com\/no\/contact-us\/\" target=\"_blank\" rel=\"noopener\">Kontakt oss<\/a>!<\/strong><\/li>\n<\/ul>","protected":false},"featured_media":1484,"template":"","meta":{"rank_math_lock_modified_date":false,"_kad_post_transparent":"default","_kad_post_title":"","_kad_post_layout":"default","_kad_post_sidebar_id":"","_kad_post_content_style":"default","_kad_post_vertical_padding":"default","_kad_post_feature":"","_kad_post_feature_position":"","_kad_post_header":false,"_kad_post_footer":false},"product_cat":[31,17],"product_tag":[399,400,561],"class_list":{"0":"post-2236","1":"product","2":"type-product","3":"status-publish","4":"has-post-thumbnail","6":"product_cat-stacked-battery","7":"product_cat-home-energy-storage-system","8":"product_tag-batterie-48v-1000w","9":"product_tag-batterie-48v-1000w-20ah","10":"product_tag-high-voltage-wholesale","12":"first","13":"instock","14":"shipping-taxable","15":"product-type-simple","16":"entry","17":"content-bg","18":"loop-entry"},"_links":{"self":[{"href":"https:\/\/www.kmdpower.com\/no\/wp-json\/wp\/v2\/product\/2236","targetHints":{"allow":["GET"]}}],"collection":[{"href":"https:\/\/www.kmdpower.com\/no\/wp-json\/wp\/v2\/product"}],"about":[{"href":"https:\/\/www.kmdpower.com\/no\/wp-json\/wp\/v2\/types\/product"}],"version-history":[{"count":3,"href":"https:\/\/www.kmdpower.com\/no\/wp-json\/wp\/v2\/product\/2236\/revisions"}],"predecessor-version":[{"id":3955,"href":"https:\/\/www.kmdpower.com\/no\/wp-json\/wp\/v2\/product\/2236\/revisions\/3955"}],"wp:featuredmedia":[{"embeddable":true,"href":"https:\/\/www.kmdpower.com\/no\/wp-json\/wp\/v2\/media\/1484"}],"wp:attachment":[{"href":"https:\/\/www.kmdpower.com\/no\/wp-json\/wp\/v2\/media?parent=2236"}],"wp:term":[{"taxonomy":"product_cat","embeddable":true,"href":"https:\/\/www.kmdpower.com\/no\/wp-json\/wp\/v2\/product_cat?post=2236"},{"taxonomy":"product_tag","embeddable":true,"href":"https:\/\/www.kmdpower.com\/no\/wp-json\/wp\/v2\/product_tag?post=2236"}],"curies":[{"name":"wp","href":"https:\/\/api.w.org\/{rel}","templated":true}]}}