{"id":2146,"date":"2024-10-11T05:58:59","date_gmt":"2024-10-11T05:58:59","guid":{"rendered":"http:\/\/www.kmdpower.com\/?post_type=product&#038;p=2146"},"modified":"2025-01-19T06:07:57","modified_gmt":"2025-01-19T06:07:57","slug":"all-in-one-5kwh-25-6v-200ah-lifepo4-battery-hybrid-inverter-2-56kwh-3kwh-5kwh-product","status":"publish","type":"product","link":"https:\/\/www.kmdpower.com\/no\/all-in-one-5kwh-25-6v-200ah-lifepo4-battery-hybrid-inverter-2-56kwh-3kwh-5kwh-product\/","title":{"rendered":"Alt i ett 5kwh 25.6V 200Ah LiFePO4-batteri Hybrid vekselretter 2.56kwh 3kwh 5kwh"},"content":{"rendered":"<p><a href=\"https:\/\/www.kmdpower.com\/no\/contact-us\/\"><img fetchpriority=\"high\" decoding=\"async\" class=\"aligncenter\" src=\"http:\/\/www.kmdpower.com\/wp-content\/uploads\/Contact-US-Kamada-Power-Shenzhen-Kamada-Electronic-Co-Ltd.jpg\" alt=\"\" width=\"1000\" height=\"200\" \/><\/a><\/p>\n<p><img decoding=\"async\" class=\"aligncenter wp-image-1464 size-full\" src=\"http:\/\/www.kmdpower.com\/wp-content\/uploads\/Wall-Mount-Battery-Inverter-All-in-One-01.jpg\" alt=\"Kamada Power Alt i ett solsystem 25.6V 200Ah 5Kwh Hybrid Inverter Banner\" width=\"1000\" height=\"435\" \/><\/p>\n<h3 style=\"text-align: center;\">Kamada Power All In One Solar System 25.6V 200Ah 5Kwh Hybrid Inverter Funksjoner<\/h3>\n<p><img decoding=\"async\" class=\"aligncenter wp-image-1325 size-full\" src=\"http:\/\/www.kmdpower.com\/wp-content\/uploads\/kamada-power-powerwall-all-in-one-system-feature-001.jpg\" alt=\"Kamada Power All In One Solar System 25.6V 200Ah 5Kwh Hybrid Inverter Funksjoner\" width=\"1000\" height=\"774\" \/><\/p>\n<h3 style=\"text-align: center;\">Utjevningsfunksjon (aktiv eller passiv valgfri)<\/h3>\n<p>&nbsp;<\/p>\n<p><img loading=\"lazy\" decoding=\"async\" class=\"aligncenter wp-image-978 size-full\" src=\"http:\/\/www.kmdpower.com\/wp-content\/uploads\/Active-Equalization-Function-and-Active-Passive-Optional-0.png\" alt=\"Aktiv utjevningsfunksjon og aktiv passiv valgfri 0\" width=\"1000\" height=\"246\" \/><\/p>\n<div>\n<div>\n<div>\n<p>&nbsp;<\/p>\n<\/div>\n<\/div>\n<\/div>\n<div>\n<h3 style=\"text-align: center;\">Produktets h\u00f8ydepunkter<\/h3>\n<p><strong>Selvoppvarmende funksjon<\/strong><br \/>\nStart oppvarmingstemperatur \u22640 \u00b0C, stopp oppvarmingstemperatur \u22655 \u00b0C. Den selvoppvarmede funksjonen i boligbatterier l\u00f8ser effektivt utfordringen med ytelsesforringelse i kaldt v\u00e6r, og sikrer p\u00e5litelig drift og forlenget levetid selv i t\u00f8ffe klimaer, noe som reduserer vedlikeholdskostnadene og forbedrer den totale energilagringseffektiviteten.<\/p>\n<p><strong>St\u00f8tte for selvvalgte protokoller<\/strong><\/p>\n<p>enkelt og raskt \u00e5 integrere vekselrettere.<\/p>\n<p><strong>Veggmontert alt-i-ett-solcelleanlegg med integrert vekselretterenhet<\/strong><\/p>\n<p>Den veggmonterte, integrerte omformerenheten har et innebygd omformersystem som effektivt konverterer likestr\u00f8m til vekselstr\u00f8m. Dette avanserte produktet er designet for bolig- eller kontormilj\u00f8er og sikrer stabil str\u00f8mforsyning. Den sparer ikke bare plass, men forenkler ogs\u00e5 installasjon og vedlikehold, noe som gj\u00f8r den ideell for bruksomr\u00e5der som krever effektiv str\u00f8mkonvertering. Brukerne f\u00e5r praktisk str\u00f8mstyring og p\u00e5litelig effekt, noe som \u00f8ker komforten og effektiviteten b\u00e5de i hjemmet og p\u00e5 arbeidsplassen.<\/p>\n<p><strong>Bluetooth-overv\u00e5king i sanntid via app<\/strong><br \/>\nBluetooth-overv\u00e5king i sanntid via en app for hjemmebatterier l\u00f8ser problemet med begrenset innsyn i og kontroll over energiforbruket, og gir deg praktisk og umiddelbar tilgang til \u00e5 optimalisere energiforbruket og lagringseffektiviteten.<\/p>\n<p><strong>LiFePO4-batteri<\/strong><br \/>\n6000 syccles Lang levetid, lav vekt, h\u00f8yere kapasitet, ingen vedlikehold<\/p>\n<p><strong>Modul\u00e6r design Plug and Play<\/strong><br \/>\nDen oppadg\u00e5ende ledningsf\u00f8ringen i det modul\u00e6re plug-and-play-batteriet forenkler installasjonen, noe som sparer deg for tid og krefter. Det sikrer raskt oppsett og s\u00f8ml\u00f8s integrering, noe som \u00f8ker brukervennligheten og driftseffektiviteten.<\/p>\n<p><strong>DC- eller AC-kobling, p\u00e5 eller utenfor nettet<\/strong><br \/>\nLikestr\u00f8ms- eller vekselstr\u00f8mskobling for boligbatterier dekker dine behov for energistyring og p\u00e5litelig reservestr\u00f8m, enten det er p\u00e5 eller utenfor nettet, og bidrar dermed til \u00f8kt energiuavhengighet og p\u00e5litelighet.<\/p>\n<p><strong>Parallell<\/strong><br \/>\nkamada power 10kwh powewall-hjemmebatteriet har st\u00f8tte for 16 parallelle tilkoblinger, noe som oppfyller ulike bruksbehov med fleksible og skalerbare konfigurasjoner for optimalisert ytelse og kostnadseffektivitet i energilagringsl\u00f8sninger.<\/p>\n<p>&nbsp;<\/p>\n<\/div>\n<p>&nbsp;<\/p>\n<h3 style=\"text-align: center;\">P\u00e5litelig BMS-system Ultra Saftey<\/h3>\n<p><img loading=\"lazy\" decoding=\"async\" class=\"aligncenter wp-image-1283 size-full\" src=\"http:\/\/www.kmdpower.com\/wp-content\/uploads\/Kamada-Power-Battery-BMS.jpg\" alt=\"Kamada Power Battery BMS\" width=\"1000\" height=\"401\" \/><\/p>\n<p style=\"text-align: left;\">Kamada Power Wall Mounted Battery All In One Solar System BMS s\u00f8rger for sikker drift i ekstreme temperaturer, forhindrer overlading og overutlading, forlenger batteriets levetid og gir p\u00e5litelig ytelse med effektiv lading og utlading. Det inkluderer ogs\u00e5 overstr\u00f8ms- og kortslutningsbeskyttelse for systemets sikkerhet, og gir brukerne alternativer for aktiv eller passiv balansering for \u00e5 optimalisere batteriets ytelse og energieffektivitet.<\/p>\n<p>&nbsp;<\/p>\n<h3 style=\"text-align: center;\">Kamada Power veggmontert alt-i-ett solsystem 2,5kwh 5kwh (st\u00f8rrelse og vekt)<\/h3>\n<p><img loading=\"lazy\" decoding=\"async\" class=\"aligncenter wp-image-1466 size-full\" src=\"http:\/\/www.kmdpower.com\/wp-content\/uploads\/Wall-Mount-Battery-Inverter-All-in-One-03.jpg\" alt=\"Kamada Power veggmontert alt-i-ett solsystem 2,5kwh 5kwh (st\u00f8rrelse og vekt)\" width=\"1000\" height=\"616\" \/><\/p>\n<p>Kamada Power veggmontert batteri alt i ett solsystem 2,56 kWh \/ 38 kg 690 * 461 * 159 mm<br \/>\nKamada Power veggmontert batteri alt i ett solsystem 5.12kWh \/ 60KGS 800 * 490 * 159 mm<\/p>\n<p>&nbsp;<\/p>\n<h3 style=\"text-align: center;\">Kamada Power Powerwall Home Battery Application Scenario<\/h3>\n<div data-node=\"66bb1ada9ec32\" data-animation-delay=\"0.0\"><img loading=\"lazy\" decoding=\"async\" class=\"aligncenter wp-image-1354 size-full\" src=\"http:\/\/www.kmdpower.com\/wp-content\/uploads\/kamada-powerwall-battery-application-scenario-.jpg\" alt=\"kamada powerwall-batteriets bruksscenario\" width=\"1000\" height=\"462\" \/><\/div>\n<p>&nbsp;<\/p>\n<p><strong>Kamada Power Powerwall Home Battery kan brukes i f\u00f8lgende bruksomr\u00e5der:<\/strong><\/p>\n<p><strong>Solsystemet:<\/strong>\u00a0Lagrer solenergi for jevn str\u00f8mforsyning dag og natt.<br \/>\n<strong>Bobilreiser:<\/strong>\u00a0Tilbyr b\u00e6rbar energilagring for reiser.<br \/>\n<strong>B\u00e5t \/ Marine:<\/strong>\u00a0S\u00f8rg for uavbrutt str\u00f8mtilf\u00f8rsel under seiling eller ved kai.<br \/>\n<strong>Off Grid:<\/strong>\u00a0Hold kontakten med p\u00e5litelig reservestr\u00f8m p\u00e5 avsidesliggende steder.<\/p>\n<p>&nbsp;<\/p>\n<h3 style=\"text-align: center;\">Hvorfor velge Kamada Power OEM ODM dine batteriprodukter?<\/h3>\n<p><strong>Du trenger ikke \u00e5 bekymre deg for disse utfordringene med tilpassede batteriproblemer!<\/strong><br \/>\nKan ikke oppfylle dine tilpassede batterikrav, lang produksjonstid, langsom leveringstid, ineffektiv kommunikasjon, ingen garanti for kvalitet, konkurransedyktig produktpris og d\u00e5rlig serviceopplevelse er disse problemene!<\/p>\n<p><strong>Kraften i profesjonalitet!<\/strong><br \/>\nVi har betjent tusenvis av batterikunder fra ulike bransjer og spesialtilpasset tusenvis av batteriprodukter! Vi vet hvor viktig det er \u00e5 kommunisere grundig om behov, vi kjenner batteriprodukter fra design til masseproduksjon av ulike tekniske utfordringer og problemer, og hvordan vi raskt og effektivt kan l\u00f8se disse problemene!<\/p>\n<p><strong>Utvikle effektive, tilpassede batteril\u00f8sninger!<\/strong><br \/>\nSom svar p\u00e5 dine tilpassede batteribehov vil vi spesifikt tildele batteriteknologiprosjektteamet til \u00e5 gi deg 1-til-1-service. Vi kommuniserer grundig med deg om bransjen, scenarier, krav, smertepunkter, ytelse og funksjonalitet, og utvikler tilpassede batteril\u00f8sninger.<\/p>\n<p><strong>Rask levering av tilpasset batteriproduksjon!<\/strong><br \/>\nVi er smidige og raske for \u00e5 hjelpe deg med \u00e5 oppn\u00e5 fra batteriproduktdesign, til pr\u00f8vetaking av batterier, til masseproduksjon av batteriprodukter. Oppn\u00e5 rask produktdesign, rask produksjon og produksjon, rask levering og forsendelse, beste kvalitet og fabrikkpris for tilpassede batterier!<\/p>\n<p><strong>Vi hjelper deg med \u00e5 raskt gripe markedsmuligheten for energilagringsbatterier!<\/strong><br \/>\nKamada Power hjelper deg med \u00e5 raskt oppn\u00e5 differensierte, kundetilpassede batteriprodukter, forbedre produktets konkurranseevne og hjelpe deg med \u00e5 raskt ta ledelsen i markedet for energilagringsbatterier.<\/p>\n<p>&nbsp;<\/p>\n<h3 style=\"text-align: center;\">Shenzhen Kamada Electronic Co, Ltd<br \/>\nKamada Power-utstillingen<\/h3>\n<p><img loading=\"lazy\" decoding=\"async\" class=\"aligncenter wp-image-1297 size-full\" src=\"http:\/\/www.kmdpower.com\/wp-content\/uploads\/Kamada-Power-Exhibition-Shenzhen-Kamada-Electronic-Co-Ltd.png\" alt=\"Kamada Power Exhibition Shenzhen Kamada Electronic Co Ltd\" width=\"1920\" height=\"841\" \/><\/p>\n<p>&nbsp;<\/p>\n<h3 style=\"text-align: center;\">Kamada Power Battery Produsentsertifisering<\/h3>\n<p><img loading=\"lazy\" decoding=\"async\" class=\"aligncenter wp-image-1285 size-full\" src=\"http:\/\/www.kmdpower.com\/wp-content\/uploads\/Kamada-Power-Battery-Certification.png\" alt=\"Kamada Power Battery Produsentsertifisering\" width=\"1344\" height=\"462\" \/><\/p>\n<p>&nbsp;<\/p>\n<h3 style=\"text-align: center;\">Kamada Power litiumionbatteri Produsenter Fabrikk Produksjonsprosess<\/h3>\n<p><img loading=\"lazy\" decoding=\"async\" class=\"aligncenter wp-image-1323 size-full\" src=\"http:\/\/www.kmdpower.com\/wp-content\/uploads\/Kamada-Power-Lithium-ion-Battery-Manufacturers-Factory-Production-Process-02.jpg\" alt=\"Kamada Power litiumionbatteri Produsenter Fabrikk Produksjonsprosess 02\" width=\"1000\" height=\"517\" \/><\/p>\n<p>&nbsp;<\/p>\n<h3 style=\"text-align: center;\">Kamada Power Battery Produsenter<\/h3>\n<p><img loading=\"lazy\" decoding=\"async\" class=\"aligncenter wp-image-1324 size-full\" src=\"http:\/\/www.kmdpower.com\/wp-content\/uploads\/Kamada-Power-Lithium-ion-Battery-Manufacturers-Factory-Show.jpg\" alt=\"Kamada Power Litiumionbatteri Produsenter Factory Show\" width=\"1000\" height=\"584\" \/><\/p>\n<p>Kamada Power Battery Factory produserer alle typer oem odm tilpassede batteril\u00f8sninger: solcellebatteri til hjemmet, lavhastighetsbatterier til kj\u00f8ret\u00f8y (golfbatterier, bobilbatterier, blykonverterte litiumbatterier, elektriske vognbatterier, gaffeltruckbatterier), marine batterier, cruiseskipbatterier, h\u00f8yspentbatterier, stablede batterier,\u00a0<strong><a title=\"Produsenter av natriumionbatterier\" href=\"http:\/\/www.kmdpower.com\/no\/sodium-ion-battery-manufacturers\/\" target=\"_blank\" rel=\"noopener\">Natriumionbatteri<\/a>,\u00a0<a href=\"http:\/\/www.kmdpower.com\/no\/commercial-energy-storage-systems\/\" target=\"_blank\" rel=\"noopener\">industrielle og kommersielle energilagringssystemer<\/a><\/strong><\/p>\n<p>&nbsp;<\/p>","protected":false},"excerpt":{"rendered":"<ul>\n<li><strong>Modell:<\/strong>\u00a0Veggmontert batteri Alt i ett 5kwh 25.6V 200Ah LiFePO4-batteri Hybrid vekselretter 2.56kwh 3kwh 5kwh<\/li>\n<li><strong>Sykluslevetid:<\/strong>\u00a06000 ganger<\/li>\n<li><strong>Vekt:<\/strong>\u00a060KGS<\/li>\n<li><strong>Dimensjoner:<\/strong>\u00a0800*490*159 mm<\/li>\n<li><strong>Sertifikat:<\/strong>\u00a0CE\/UN38.3\/MSDS<\/li>\n<li><strong>Alt i ett solsystem Produsenter:<\/strong>\u00a0Kamada Power<\/li>\n<li><strong>Batteritype:<\/strong>\u00a0LiFePO4-batteri<\/li>\n<li><strong>Kjernefunksjoner:<\/strong>\u00a0Bluetooth, Wifi, automatisk oppvarming, tilpasset APP (valgfritt)<\/li>\n<li><strong>Batterist\u00f8tte:<\/strong>\u00a0Engros, OEM.ODM Power veggmontert batteri alt i ett solsystem<\/li>\n<li><strong>Garanti:<\/strong>\u00a010 \u00e5r<\/li>\n<li><strong>Leveringstid:<\/strong>\u00a07-14 dager for pr\u00f8ver, 35-60 dager for masseproduksjon<\/li>\n<li><strong>Kamada Power Battery Products st\u00f8tter engros, distribut\u00f8rer og OEM ODM tilpasset batteri. Vennligst\u00a0<a title=\"Kontakt Kamada Power\" href=\"https:\/\/www.kmdpower.com\/no\/contact-us\/\" target=\"_blank\" rel=\"noopener\">Kontakt oss<\/a>!<\/strong><\/li>\n<\/ul>","protected":false},"featured_media":1634,"template":"","meta":{"rank_math_lock_modified_date":false,"_kad_post_transparent":"default","_kad_post_title":"","_kad_post_layout":"default","_kad_post_sidebar_id":"","_kad_post_content_style":"default","_kad_post_vertical_padding":"default","_kad_post_feature":"","_kad_post_feature_position":"","_kad_post_header":false,"_kad_post_footer":false},"product_cat":[17,23],"product_tag":[224,242,319,327,323,324,325,326,333,334,335,336,337,338,339,340,341,342,343,344,345,346,347,366,367,384,385,388,392,418,509,511,48,58,49,616,50,641,706,815,816,817,932,933,934,56,1046,59,1112,1113,1120,1121,1119,1123],"class_list":{"0":"post-2146","1":"product","2":"type-product","3":"status-publish","4":"has-post-thumbnail","6":"product_cat-home-energy-storage-system","7":"product_cat-power-wall","8":"product_tag-3kwh-battery","9":"product_tag-48v-100ah-lifepo4-5-12-kwh","10":"product_tag-48v100ah-power-wall-5kwh-lithium-lifepo4-battery","11":"product_tag-5-12-kwh-lithium-battery","12":"product_tag-5-kw-battery","13":"product_tag-5-kwh-lithium-battery","14":"product_tag-5-kwh-lithium-ion-battery","15":"product_tag-5-kwh-solar-battery","16":"product_tag-5kw-battery","17":"product_tag-5kw-battery-storage","18":"product_tag-5kw-lithium-battery","19":"product_tag-5kw-lithium-ion-battery","20":"product_tag-5kw-powerwall","21":"product_tag-5kw-server-rack-battery","22":"product_tag-5kw-solar-battery","23":"product_tag-5kw-solar-system-battery-bank","24":"product_tag-5kwh","25":"product_tag-5kwh-2448v-server-rack-lifepo4","26":"product_tag-5kwh-48v-rack-battery","27":"product_tag-5kwh-battery-pack","28":"product_tag-5kwh-lifepo4-battery","29":"product_tag-5kwh-lithium-battery","30":"product_tag-6-5-kwh-lithium-battery","31":"product_tag-6kw-battery-storage","32":"product_tag-6kwh-lithium-battery","33":"product_tag-7kw-battery","34":"product_tag-7kwh-battery","35":"product_tag-9-6-kwh-lithium-battery","36":"product_tag-all-in-one-ess","37":"product_tag-battery-5kwh","38":"product_tag-customized-5-kwh-lithium-ion-battery","39":"product_tag-customized-5kwh-lifepo4-battery","40":"product_tag-home-battery","41":"product_tag-lifepo4-100ah","42":"product_tag-lifepo4-200ah","43":"product_tag-lifepo4-5kwh","44":"product_tag-lifepo4-battery","45":"product_tag-lifepo4-battery-powerwall-5kw-48v","46":"product_tag-lithium-ion-battery-5kwh","47":"product_tag-odm-5kwh-lifepo4-battery","48":"product_tag-odm-5kwh-lifepo4-battery-manufacturer","49":"product_tag-odm-5kwh-lifepo4-battery-supplier","50":"product_tag-oem-5kwh-lifepo4-battery","51":"product_tag-oem-5kwh-lifepo4-battery-manufacturer","52":"product_tag-oem-5kwh-lifepo4-battery-supplier","53":"product_tag-powerwall","54":"product_tag-server-rack-lifepo4-5kw","55":"product_tag-wall-mount-battery","56":"product_tag-wholesale-48v-100ah-lifepo4-5-12-kwh-factory","57":"product_tag-wholesale-48v-100ah-lifepo4-5-12-kwh-supplier","58":"product_tag-wholesale-5-12-kwh-lithium-battery-manufacturers","59":"product_tag-wholesale-5-12-kwh-lithium-battery-supplier","60":"product_tag-wholesale-5-kwh-lithium-battery","61":"product_tag-wholesale-battery-5kwh","63":"first","64":"instock","65":"shipping-taxable","66":"product-type-simple","67":"entry","68":"content-bg","69":"loop-entry"},"_links":{"self":[{"href":"https:\/\/www.kmdpower.com\/no\/wp-json\/wp\/v2\/product\/2146","targetHints":{"allow":["GET"]}}],"collection":[{"href":"https:\/\/www.kmdpower.com\/no\/wp-json\/wp\/v2\/product"}],"about":[{"href":"https:\/\/www.kmdpower.com\/no\/wp-json\/wp\/v2\/types\/product"}],"version-history":[{"count":4,"href":"https:\/\/www.kmdpower.com\/no\/wp-json\/wp\/v2\/product\/2146\/revisions"}],"predecessor-version":[{"id":2148,"href":"https:\/\/www.kmdpower.com\/no\/wp-json\/wp\/v2\/product\/2146\/revisions\/2148"}],"wp:featuredmedia":[{"embeddable":true,"href":"https:\/\/www.kmdpower.com\/no\/wp-json\/wp\/v2\/media\/1634"}],"wp:attachment":[{"href":"https:\/\/www.kmdpower.com\/no\/wp-json\/wp\/v2\/media?parent=2146"}],"wp:term":[{"taxonomy":"product_cat","embeddable":true,"href":"https:\/\/www.kmdpower.com\/no\/wp-json\/wp\/v2\/product_cat?post=2146"},{"taxonomy":"product_tag","embeddable":true,"href":"https:\/\/www.kmdpower.com\/no\/wp-json\/wp\/v2\/product_tag?post=2146"}],"curies":[{"name":"wp","href":"https:\/\/api.w.org\/{rel}","templated":true}]}}