{"id":2331,"date":"2024-10-15T06:59:27","date_gmt":"2024-10-15T06:59:27","guid":{"rendered":"http:\/\/www.kmdpower.com\/?post_type=product&#038;p=2331"},"modified":"2025-01-19T07:11:29","modified_gmt":"2025-01-19T07:11:29","slug":"all-in-one-system-48v-300ah-solar-power-14-4kwh-15kwh-10kwh-lithium-lifepo4-battery-and-inverter-product","status":"publish","type":"product","link":"https:\/\/www.kmdpower.com\/it\/all-in-one-system-48v-300ah-solar-power-14-4kwh-15kwh-10kwh-lithium-lifepo4-battery-and-inverter-product\/","title":{"rendered":"Sistema All In One 48V 300Ah Energia solare 14,4kwh 15kwh 10kwh Batteria al litio Lifepo4 e inverter"},"content":{"rendered":"<p><a href=\"https:\/\/www.kmdpower.com\/it\/contact-us\/\"><img fetchpriority=\"high\" decoding=\"async\" class=\"aligncenter\" src=\"http:\/\/www.kmdpower.com\/wp-content\/uploads\/Contact-US-Kamada-Power-Shenzhen-Kamada-Electronic-Co-Ltd.jpg\" alt=\"\" width=\"1000\" height=\"200\" \/><\/a><\/p>\n<p><img decoding=\"async\" class=\"aligncenter wp-image-2317 size-full\" src=\"http:\/\/www.kmdpower.com\/wp-content\/uploads\/kamada-power-all-in-one-solar-power-system-Y001.jpg\" alt=\"Sistema solare Kamada Power All in One 001\" width=\"1000\" height=\"414\" \/><\/p>\n<h3 style=\"text-align: center;\">Kamada Power 48V 300Ah 15kWh All in One Sistema di energia solare Batteria Caratteristica<\/h3>\n<p><img decoding=\"async\" class=\"aligncenter wp-image-2318 size-full\" src=\"http:\/\/www.kmdpower.com\/wp-content\/uploads\/Kamada-Power-All-in-One-Solar-Power-System-Y002.jpg\" alt=\"Kamada Power Sistema solare All in One 002\" width=\"1000\" height=\"788\" \/><\/p>\n<h3 style=\"text-align: center;\">Funzione di equalizzazione (attiva o passiva opzionale)<\/h3>\n<p>&nbsp;<\/p>\n<p><img loading=\"lazy\" decoding=\"async\" class=\"aligncenter wp-image-978 size-full\" src=\"http:\/\/www.kmdpower.com\/wp-content\/uploads\/Active-Equalization-Function-and-Active-Passive-Optional-0.png\" alt=\"Funzione di equalizzazione attiva e opzione passiva attiva-0\" width=\"1000\" height=\"246\" \/><\/p>\n<div>\n<p>Questo sistema solare All In One di Kamada Power Vertical ESS 48v 300Ah 15kWh con sistema modulare flessibile pu\u00f2 essere progettato in base al consumo quotidiano di energia domestica. Questa centrale elettrica leader di categoria fornisce l'energia necessaria per far funzionare gli elettrodomestici di tutti i giorni o addirittura per fornire energia di riserva per l'intera casa per uno o due giorni, a seconda delle esigenze di carico.<\/p>\n<p>&nbsp;<\/p>\n<\/div>\n<h3 style=\"text-align: center;\">Punti di forza del prodotto<\/h3>\n<p><strong>Lunga durata:<\/strong>Oltre 6000 cicli a 90% DOD<br \/>\n<strong>Basso consumo:<\/strong>Basso consumo energetico in standby \u226415W, perdita di funzionamento a vuoto inferiore a 100W<br \/>\n<strong>Design modulare:<\/strong>Aggiungere tutti i moduli batteria necessari<br \/>\n<strong>Funzione di commutazione senza soluzione di continuit\u00e0:<\/strong>Supporto della commutazione senza soluzione di continuit\u00e0 tra parallelo e rete (meno di 5 ms)<br \/>\n<strong>Alta integrazione:<\/strong>Inverter Hybird incorporato, BMS, banco batterie<br \/>\n<strong>Firmware remoto:<\/strong>Controllate e monitorate il vostro Smart System anche in mobilit\u00e0 tramite l'App e il Portale Kamada Power Monitoring.<br \/>\n<strong>Design impilabile:<\/strong>Avete bisogno di una capacit\u00e0 maggiore? Il design modulare consente di installare pi\u00f9 unit\u00e0 in parallelo<br \/>\n<strong>Alta tensione:<\/strong>Il BMS ad alta tensione consente di aumentare l'efficienza di carica e scarica.<br \/>\n<strong>Kamada Power 48v 300Ah 15kWh All In One Solar Power System Batteria impilabile con inverter incorporato:<\/strong>Il BMS ad alta tensione consente una maggiore potenza di carica e scarica a una corrente inferiore, garantendo un'efficienza superiore rispetto alla nostra gamma a tensione inferiore.<\/p>\n<div>\n<h3 style=\"text-align: center;\">Sistema BMS affidabile e ultra sicuro<\/h3>\n<p><img loading=\"lazy\" decoding=\"async\" class=\"aligncenter wp-image-1283 size-full\" src=\"http:\/\/www.kmdpower.com\/wp-content\/uploads\/Kamada-Power-Battery-BMS.jpg\" alt=\"BMS per batterie di potenza Kamada\" width=\"1000\" height=\"401\" \/><\/p>\n<p style=\"text-align: left;\">Il BMS di Kamada Power All In One Solar Power System garantisce un funzionamento sicuro a temperature estreme, previene il sovraccarico e la sovrascarica, prolunga la durata della batteria e fornisce prestazioni affidabili con carica e scarica efficienti. Include inoltre una protezione da sovracorrenti e cortocircuiti per la sicurezza del sistema e offre agli utenti la possibilit\u00e0 di effettuare un bilanciamento attivo o passivo per ottimizzare le prestazioni della batteria e l'efficienza energetica.<\/p>\n<p>&nbsp;<\/p>\n<h3 style=\"text-align: center;\">Kamada Power 48V 300Ah 15kWh All In One Solar Power System Caratteristiche della funzione<\/h3>\n<p><img loading=\"lazy\" decoding=\"async\" class=\"aligncenter wp-image-1274 size-full\" src=\"http:\/\/www.kmdpower.com\/wp-content\/uploads\/Kamada-Power-All-in-One-Solar-Power-System-0031.jpg\" alt=\"Sistema solare Kamada Power All in One 003\" width=\"1000\" height=\"792\" \/><\/p>\n<p><strong>Inverter per l'accumulo di energia:<\/strong>\u00a0Inverter integrato, senza necessit\u00e0 di inverter esterni, comodo e veloce da usare.<br \/>\n<strong>Display a LED:<\/strong>\u00a0dati di funzionamento della batteria in tempo reale<br \/>\n<strong>WiFi e App:<\/strong>\u00a0I dati della batteria possono essere visualizzati tramite WiFi e APP, informazioni in tempo reale sulla batteria dell'impianto solare All in one.<br \/>\n<strong>Batteria Lifepo4:<\/strong>\u00a0Batteria Lifepo4, sicura e affidabile, senza necessit\u00e0 di manutenzione<br \/>\n<strong>Visualizzazione del livello della batteria:<\/strong>\u00a0Visualizzazione in tempo reale dell'avanzamento del livello attuale<br \/>\n<strong>Batteria impilata:<\/strong>\u00a0facile espansione della capacit\u00e0<br \/>\n<strong>Base della batteria:<\/strong>\u00a0robusto e durevole<\/p>\n<p>&nbsp;<\/p>\n<h3 style=\"text-align: center;\">Kamada Power 48V 300Ah 15kWh All in One Sistema di energia solare Scenario di applicazione<\/h3>\n<p><img loading=\"lazy\" decoding=\"async\" class=\"aligncenter wp-image-1354 size-full\" src=\"http:\/\/www.kmdpower.com\/wp-content\/uploads\/kamada-powerwall-battery-application-scenario-.jpg\" alt=\"scenario applicativo della batteria powerwall kamada\" width=\"1000\" height=\"462\" \/><\/p>\n<p><strong>Kamada Power All in One Solar Power System Pu\u00f2 essere utilizzato nei seguenti scenari applicativi:<\/strong><\/p>\n<p><strong>Sistema solare:<\/strong> Immagazzinare l'energia solare per un'alimentazione costante giorno e notte.<br \/>\n<strong>Viaggi in camper:<\/strong> Fornire un accumulo di energia portatile per i viaggi.<br \/>\n<strong>Barca \/ Marina:<\/strong> Assicura un'alimentazione ininterrotta durante la navigazione o l'ormeggio.<br \/>\n<strong>Off Grid:<\/strong> Rimanete in contatto con un'alimentazione di backup affidabile in luoghi remoti.<\/p>\n<h3 style=\"text-align: center;\">Perch\u00e9 scegliere l'OEM ODM di Kamada Power per i prodotti della batteria?<\/h3>\n<p><strong>Non c'\u00e8 bisogno di preoccuparsi di questi problemi di batteria personalizzata!<\/strong><br \/>\nL'incapacit\u00e0 di soddisfare le vostre richieste di batterie personalizzate, i lunghi tempi di produzione, i tempi di consegna lenti, la comunicazione inefficiente, l'assenza di garanzia di qualit\u00e0, il prezzo non competitivo dei prodotti e la cattiva esperienza di servizio sono questi problemi!<\/p>\n<p><strong>Il potere della professionalit\u00e0!<\/strong><br \/>\nAbbiamo servito migliaia di clienti di vari settori e personalizzato migliaia di prodotti a batteria! Conosciamo l'importanza di una comunicazione approfondita delle esigenze, conosciamo i prodotti a batteria, dalla progettazione alla produzione di massa, le varie sfide e i problemi tecnici e sappiamo come risolverli in modo rapido ed efficace!<\/p>\n<p><strong>Sviluppate soluzioni efficaci di batterie personalizzate!<\/strong><br \/>\nIn risposta alle vostre esigenze di batterie personalizzate, assegneremo in modo specifico il team di progetto per la tecnologia delle batterie per fornirvi un servizio 1-to-1. Comunicheremo con voi in modo approfondito sul settore, gli scenari, i requisiti, i punti dolenti, le prestazioni, la funzionalit\u00e0 e svilupperemo soluzioni di batterie personalizzate.<\/p>\n<p><strong>Consegna rapida della produzione di batterie personalizzate!<\/strong><br \/>\nSiamo agili e veloci per aiutarvi a passare dalla progettazione del prodotto batteria, alla campionatura della batteria, alla produzione di massa del prodotto batteria. Ottenete una rapida progettazione del prodotto, una rapida produzione e fabbricazione, una rapida consegna e spedizione, la migliore qualit\u00e0 e il prezzo di fabbrica per le batterie personalizzate!<\/p>\n<p><strong>Aiutatevi a cogliere rapidamente l'opportunit\u00e0 del mercato delle batterie per l'accumulo di energia!<\/strong><br \/>\nKamada Power vi aiuta a realizzare rapidamente prodotti differenziati e personalizzati per le batterie, a migliorare la competitivit\u00e0 dei prodotti e a conquistare rapidamente la leadership nel mercato delle batterie per l'accumulo di energia.<\/p>\n<p>&nbsp;<\/p>\n<h3 style=\"text-align: center;\">Shenzhen Kamada Electronic Co.,Ltd<br \/>\nMostra di Kamada Power<\/h3>\n<p><img loading=\"lazy\" decoding=\"async\" class=\"aligncenter wp-image-1297 size-full\" src=\"http:\/\/www.kmdpower.com\/wp-content\/uploads\/Kamada-Power-Exhibition-Shenzhen-Kamada-Electronic-Co-Ltd.png\" alt=\"Kamada Power Exhibition Shenzhen Kamada Electronic Co Ltd\" width=\"1920\" height=\"841\" \/><\/p>\n<p>&nbsp;<\/p>\n<h3 style=\"text-align: center;\">Certificazione dei produttori di batterie di potenza Kamada<\/h3>\n<p><img loading=\"lazy\" decoding=\"async\" class=\"aligncenter wp-image-1285 size-full\" src=\"http:\/\/www.kmdpower.com\/wp-content\/uploads\/Kamada-Power-Battery-Certification.png\" alt=\"Certificazione dei produttori di batterie di potenza Kamada\" width=\"1344\" height=\"462\" \/><\/p>\n<p>&nbsp;<\/p>\n<h3 style=\"text-align: center;\">Produttori di batterie agli ioni di litio di Kamada Power Processo di produzione in fabbrica<\/h3>\n<p><img loading=\"lazy\" decoding=\"async\" class=\"aligncenter wp-image-1323 size-full\" src=\"http:\/\/www.kmdpower.com\/wp-content\/uploads\/Kamada-Power-Lithium-ion-Battery-Manufacturers-Factory-Production-Process-02.jpg\" alt=\"Produttori di batterie agli ioni di litio Kamada Power Fabbrica Processo di produzione 02\" width=\"1000\" height=\"517\" \/><\/p>\n<p>&nbsp;<\/p>\n<h3 style=\"text-align: center;\">Produttori di batterie di potenza Kamada<\/h3>\n<p><img loading=\"lazy\" decoding=\"async\" class=\"aligncenter wp-image-1324 size-full\" src=\"http:\/\/www.kmdpower.com\/wp-content\/uploads\/Kamada-Power-Lithium-ion-Battery-Manufacturers-Factory-Show.jpg\" alt=\"Kamada Power Batteria agli ioni di litio Produttori Fabbrica Mostra\" width=\"1000\" height=\"584\" \/><\/p>\n<p>Kamada Power Battery Factory produce tutti i tipi di soluzioni di batterie personalizzate oem odm: batterie solari domestiche, batterie per veicoli a bassa velocit\u00e0 (batterie per golf, batterie per camper, batterie al litio convertite al piombo, batterie per carrelli elettrici, batterie per carrelli elevatori), batterie marine, batterie per navi da crociera, batterie ad alta tensione, batterie impilate,\u00a0<strong><a title=\"Produttori di batterie agli ioni di sodio\" href=\"http:\/\/www.kmdpower.com\/it\/sodium-ion-battery-manufacturers\/\" target=\"_blank\" rel=\"noopener\">Batteria agli ioni di sodio<\/a>,\u00a0<a href=\"http:\/\/www.kmdpower.com\/it\/commercial-energy-storage-systems\/\" target=\"_blank\" rel=\"noopener\">sistemi di accumulo di energia industriali e commerciali<\/a><\/strong><\/p>\n<p>&nbsp;<\/p>\n<\/div>","protected":false},"excerpt":{"rendered":"<ul>\n<li><strong>Modello:\u00a0<\/strong>48v 300Ah 15kWh Tutto in uno Sistema di energia solare<\/li>\n<li><strong>Ciclo di vita:<\/strong>\u00a06000 volte<\/li>\n<li><strong>Peso:<\/strong>\u00a0144KGS<\/li>\n<li><strong>Dimensioni:<\/strong>\u00a01823*535*160 mm<\/li>\n<li><strong>Certificato:<\/strong>\u00a0CE\/UN38.3\/MSDS<\/li>\n<li><strong>Produttori di sistemi solari All In One:<\/strong>\u00a0Potenza Kamada<\/li>\n<li><strong>Tipo di batteria:<\/strong>\u00a0Batteria LiFePO4<\/li>\n<li><strong>Caratteristiche principali:<\/strong>\u00a0WiFi, APP personalizzata (opzionale)<\/li>\n<li><strong>Supporto della batteria:<\/strong>\u00a0all'ingrosso, OEM.ODM Tutti in un sistema di energia solare<\/li>\n<li><strong>Garanzia:<\/strong>\u00a010 anni<\/li>\n<li><strong>Tempi di consegna:<\/strong>\u00a07-14 giorni per i campioni, 35-60 giorni per la produzione in serie<\/li>\n<li><strong>I prodotti della batteria di Kamada Power supportano la vendita all'ingrosso, i distributori e la batteria personalizzata OEM ODM. Per favore\u00a0<a title=\"Contatto Kamada Power\" href=\"https:\/\/www.kmdpower.com\/it\/contact-us\/\" target=\"_blank\" rel=\"noopener\">Contattateci<\/a>!<\/strong><\/li>\n<\/ul>","protected":false},"featured_media":1631,"template":"","meta":{"rank_math_lock_modified_date":false,"_kad_post_transparent":"default","_kad_post_title":"","_kad_post_layout":"default","_kad_post_sidebar_id":"","_kad_post_content_style":"default","_kad_post_vertical_padding":"default","_kad_post_feature":"","_kad_post_feature_position":"","_kad_post_header":false,"_kad_post_footer":false},"product_cat":[17,34],"product_tag":[84,112,135,137,138,139,140,141,142,392,79,989],"class_list":{"0":"post-2331","1":"product","2":"type-product","3":"status-publish","4":"has-post-thumbnail","6":"product_cat-home-energy-storage-system","7":"product_cat-all-in-one-solar-power-system-manufacturers","8":"product_tag-10-kw-battery-storage","9":"product_tag-12-kwh-lithium-ion-battery","10":"product_tag-13kw-solar-battery","11":"product_tag-15kw-battery-bank","12":"product_tag-15kw-battery-storage","13":"product_tag-15kw-lithium-ion-battery","14":"product_tag-15kw-solar-storage-batteries","15":"product_tag-15kwh-battery","16":"product_tag-15kwh-battery-bank","17":"product_tag-all-in-one-ess","18":"product_tag-all-in-one-solar-power-system","19":"product_tag-powerwall-15kw","21":"first","22":"instock","23":"shipping-taxable","24":"product-type-simple","25":"entry","26":"content-bg","27":"loop-entry"},"_links":{"self":[{"href":"https:\/\/www.kmdpower.com\/it\/wp-json\/wp\/v2\/product\/2331","targetHints":{"allow":["GET"]}}],"collection":[{"href":"https:\/\/www.kmdpower.com\/it\/wp-json\/wp\/v2\/product"}],"about":[{"href":"https:\/\/www.kmdpower.com\/it\/wp-json\/wp\/v2\/types\/product"}],"version-history":[{"count":5,"href":"https:\/\/www.kmdpower.com\/it\/wp-json\/wp\/v2\/product\/2331\/revisions"}],"predecessor-version":[{"id":3163,"href":"https:\/\/www.kmdpower.com\/it\/wp-json\/wp\/v2\/product\/2331\/revisions\/3163"}],"wp:featuredmedia":[{"embeddable":true,"href":"https:\/\/www.kmdpower.com\/it\/wp-json\/wp\/v2\/media\/1631"}],"wp:attachment":[{"href":"https:\/\/www.kmdpower.com\/it\/wp-json\/wp\/v2\/media?parent=2331"}],"wp:term":[{"taxonomy":"product_cat","embeddable":true,"href":"https:\/\/www.kmdpower.com\/it\/wp-json\/wp\/v2\/product_cat?post=2331"},{"taxonomy":"product_tag","embeddable":true,"href":"https:\/\/www.kmdpower.com\/it\/wp-json\/wp\/v2\/product_tag?post=2331"}],"curies":[{"name":"wp","href":"https:\/\/api.w.org\/{rel}","templated":true}]}}