{"id":2304,"date":"2024-10-15T02:59:08","date_gmt":"2024-10-15T02:59:08","guid":{"rendered":"http:\/\/www.kmdpower.com\/?post_type=product&#038;p=2304"},"modified":"2025-01-19T07:03:21","modified_gmt":"2025-01-19T07:03:21","slug":"10kwh-rack-battery-48v-200ah-lifepo4-energy-storage-battery-for-telecome-site-use-product","status":"publish","type":"product","link":"https:\/\/www.kmdpower.com\/it\/10kwh-rack-battery-48v-200ah-lifepo4-energy-storage-battery-for-telecome-site-use-product\/","title":{"rendered":"Batteria rack 10Kwh 48V 200Ah batteria di accumulo di energia lifepo4 per uso sito di telecomunicazione"},"content":{"rendered":"<p><a href=\"https:\/\/www.kmdpower.com\/it\/contact-us\/\"><img fetchpriority=\"high\" decoding=\"async\" class=\"aligncenter\" src=\"http:\/\/www.kmdpower.com\/wp-content\/uploads\/Contact-US-Kamada-Power-Shenzhen-Kamada-Electronic-Co-Ltd.jpg\" alt=\"\" width=\"1000\" height=\"200\" \/><\/a><\/p>\n<p><img decoding=\"async\" class=\"aligncenter wp-image-1222 size-full\" src=\"http:\/\/www.kmdpower.com\/wp-content\/uploads\/Kamada-Power-48V-100Ah-Server-Rack-Battery-001.jpg\" alt=\"Kamada Power 48V 100Ah 10kw Batteria per server rack\" width=\"1000\" height=\"435\" \/><\/p>\n<h3 style=\"text-align: center;\">Kamada Power 48V 200Ah Batteria rack per server Caratteristiche<\/h3>\n<p><img decoding=\"async\" class=\"aligncenter wp-image-1226 size-full\" src=\"http:\/\/www.kmdpower.com\/wp-content\/uploads\/Kamada-Power-48V-100Ah-Server-Rack-Battery-Features-002.jpg\" alt=\"Kamada Power 48V 100Ah Batteria rack per server Caratteristiche\" width=\"1000\" height=\"787\" \/><\/p>\n<h3 style=\"text-align: center;\">Funzione di equalizzazione (attiva o passiva opzionale)<\/h3>\n<p>&nbsp;<\/p>\n<p><img loading=\"lazy\" decoding=\"async\" class=\"aligncenter wp-image-978 size-full\" src=\"http:\/\/www.kmdpower.com\/wp-content\/uploads\/Active-Equalization-Function-and-Active-Passive-Optional-0.png\" alt=\"Funzione di equalizzazione attiva e passiva attiva opzionale 0\" width=\"1000\" height=\"246\" \/><\/p>\n<div>\n<p>&nbsp;<\/p>\n<\/div>\n<div>\n<div>\n<h3 style=\"text-align: center;\">Kamada Power OEM ODM Custom Server Rack Batteria tensione e capacit\u00e0<\/h3>\n<p><img loading=\"lazy\" decoding=\"async\" class=\"aligncenter wp-image-1223 size-full\" src=\"http:\/\/www.kmdpower.com\/wp-content\/uploads\/Kamada-Power-48V-100Ah-Server-Rack-Battery-5kwh-10kwh-15kwh.jpg\" alt=\"Kamada Power 48V 100Ah Batteria rack per server 5kwh 10kwh 15kwh\" width=\"1000\" height=\"258\" \/><\/p>\n<p>Serie di batterie per rack di server di Kamada Power: batteria per rack di server da 5kwh, batteria per rack di server da 7,5kWh, batteria per rack di server da 10kWh, batteria per rack di server da 15kWh\u3002\uff08<strong>Pi\u00f9 tensione e capacit\u00e0 La batteria del rack del server pu\u00f2 essere personalizzata<\/strong>\uff09<\/p>\n<p>&nbsp;<\/p>\n<\/div>\n<\/div>\n<h3 style=\"text-align: center;\">Punti di forza del prodotto<\/h3>\n<p><strong>Funzione autoriscaldante<\/strong><br \/>\nTemperatura di avvio del riscaldamento \u22640\u2103, temperatura di arresto del riscaldamento \u22655\u2103. La funzione di auto-riscaldamento delle batterie residenziali risolve efficacemente il problema del degrado delle prestazioni in condizioni di freddo, garantendo un funzionamento affidabile e una durata prolungata anche in climi rigidi, riducendo cos\u00ec i costi di manutenzione e migliorando l'efficienza complessiva dell'accumulo di energia.<\/p>\n<p><strong>Supporto per i protocolli auto-selezionati<\/strong><br \/>\nsemplice e facile da integrare rapidamente negli inverter.<\/p>\n<p><strong>Monitoraggio Bluetooth in tempo reale tramite app<\/strong><br \/>\nIl monitoraggio Bluetooth in tempo reale tramite un'app per le batterie domestiche risolve il problema della visibilit\u00e0 e del controllo limitati sull'utilizzo dell'energia, offrendo un accesso comodo e immediato per ottimizzare il consumo energetico e l'efficienza dell'accumulo.<\/p>\n<p><strong>Batteria LiFePO4<\/strong><br \/>\nLe batterie LiFePO4 offrono vantaggi significativi per i rack di server: garantiscono una lunga durata fino a 10 anni, una sicurezza eccezionale grazie all'elevata stabilit\u00e0 termica e prestazioni costanti con una tensione stabile. Sono pi\u00f9 dense di energia e compatte delle batterie tradizionali, sono ecologiche e richiedono una manutenzione minima. Inoltre, supportano la ricarica rapida, migliorando la reattivit\u00e0 e l'efficienza del sistema.<\/p>\n<p><strong>Accoppiamento CC o CA, on o off grid<\/strong><br \/>\nL'accoppiamento CC o CA per le batterie residenziali risponde alle vostre esigenze di gestione dell'energia e di alimentazione di riserva affidabile, sia in rete che fuori rete, migliorando cos\u00ec l'indipendenza e l'affidabilit\u00e0 energetica.<\/p>\n<p><strong>Serie Parallelo<\/strong><br \/>\nIl Power Server Rack Battery di kamada supporta 16 connessioni in serie e in parallelo, soddisfacendo le diverse esigenze applicative con configurazioni flessibili e scalabili per ottimizzare le prestazioni e l'economicit\u00e0 delle soluzioni di accumulo di energia.<\/p>\n<p>&nbsp;<\/p>\n<h3 style=\"text-align: center;\">Kamada Power 48V 200Ah Batteria rack per server Dettagli<\/h3>\n<p><img loading=\"lazy\" decoding=\"async\" class=\"aligncenter wp-image-1225 size-full\" src=\"http:\/\/www.kmdpower.com\/wp-content\/uploads\/Kamada-Power-48V-100Ah-Server-Rack-Battery-Details.jpg\" alt=\"Kamada Power 48V 100Ah Batteria rack per server Dettagli\" width=\"1000\" height=\"426\" \/><\/p>\n<p style=\"text-align: center;\"><strong>Dettagli sulla batteria del rack per server di Kamada Power<\/strong>Elettrodo positivo, display, elettrodo negativo, interruttore, RS485, RS232, CAN, pulsante di alimentazione<\/p>\n<div>\n<p>&nbsp;<\/p>\n<h3 style=\"text-align: center;\">Sistema BMS affidabile e ultra sicuro<\/h3>\n<p><img loading=\"lazy\" decoding=\"async\" class=\"aligncenter wp-image-1283 size-full\" src=\"http:\/\/www.kmdpower.com\/wp-content\/uploads\/Kamada-Power-Battery-BMS.jpg\" alt=\"BMS per batterie di potenza Kamada\" width=\"1000\" height=\"401\" \/><\/p>\n<p style=\"text-align: left;\">Il BMS per batterie di server rack di Kamada Power assicura un funzionamento sicuro a temperature estreme, previene il sovraccarico e il sovra-scarico, prolunga la durata della batteria e fornisce prestazioni affidabili con carica e scarica efficienti. Include anche la protezione da sovracorrenti e cortocircuiti per la sicurezza del sistema e offre agli utenti la possibilit\u00e0 di effettuare un bilanciamento attivo o passivo per ottimizzare le prestazioni della batteria e l'efficienza energetica.<\/p>\n<p>&nbsp;<\/p>\n<h3 style=\"text-align: center;\">Compatibile con l'inverter Kamada Power Battery<\/h3>\n<p style=\"text-align: center;\">ompatibile con il 91% degli inverter presenti sul mercato<\/p>\n<p><img loading=\"lazy\" decoding=\"async\" class=\"aligncenter wp-image-1288 size-full\" src=\"http:\/\/www.kmdpower.com\/wp-content\/uploads\/Kamada-Power-Battery-Inverter-Compatible-X01.jpg\" alt=\"Kamada Power Battery Inverter compatibile X01\" width=\"1000\" height=\"552\" \/><\/p>\n<p style=\"text-align: center;\"><strong>I prodotti a batteria di Kamada Power sono compatibili con i 91% delle marche di inverter presenti sul mercato<\/strong><\/p>\n<p>SMA, SRNE, IMEON ENGERGY, ZUCCHETTI, Ingeteam, AiSWEI, victron energy, must, moixa, megarevo, deye, growatt, studer, selectronic, voltronic power, sofar solar, sermatec, gmde, effekta, westernco, sungrow, luxpower, morningstar, delios, sungrow, luxpower, marche inverter. voltronic power,sofar solar,sermatec,gmde,effekta,westernco,sungrow,luxpower,morningstar,delios,sunosynk,aeca,saj,solarmax,redback. invt,goodwe,solis,mlt,livoltek,eneiqy,solaxpower,opti-solar,kehua tech.(<strong>Di seguito \u00e8 riportato solo un elenco parziale delle marche di inverter<\/strong>)<\/p>\n<p>&nbsp;<\/p>\n<h3 style=\"text-align: center;\">Diagramma di collegamento della batteria del rack per server da 48V 200Ah di Kamada Power<\/h3>\n<p><img loading=\"lazy\" decoding=\"async\" class=\"aligncenter wp-image-1224 size-full\" src=\"http:\/\/www.kmdpower.com\/wp-content\/uploads\/Kamada-Power-48V-100Ah-Server-Rack-Battery-Connection-Diagram-004.jpg\" alt=\"Diagramma di collegamento della batteria rack per server 48V 100Ah di Kamada Power\" width=\"1000\" height=\"428\" \/><\/p>\n<p>&nbsp;<\/p>\n<h3 style=\"text-align: center;\">Scenario applicativo della batteria rack per server di Kamada Power<\/h3>\n<p><img loading=\"lazy\" decoding=\"async\" class=\"aligncenter wp-image-1354 size-full\" src=\"http:\/\/www.kmdpower.com\/wp-content\/uploads\/kamada-powerwall-battery-application-scenario-.jpg\" alt=\"scenario applicativo della batteria powerwall kamada\" width=\"1000\" height=\"462\" \/><\/p>\n<p><strong>Kamada Power Server Rack Battery Pu\u00f2 essere utilizzato nei seguenti scenari applicativi:<\/strong><\/p>\n<p><strong>Sistema solare:<\/strong> Immagazzinare l'energia solare per un'alimentazione costante giorno e notte.<br \/>\n<strong>Viaggi in camper:<\/strong> Fornire un accumulo di energia portatile per i viaggi.<br \/>\n<strong>Barca \/ Marina:<\/strong> Assicura un'alimentazione ininterrotta durante la navigazione o l'ormeggio.<br \/>\n<strong>Off Grid:<\/strong> Rimanete in contatto con un'alimentazione di backup affidabile in luoghi remoti.<\/p>\n<p>&nbsp;<\/p>\n<h3 style=\"text-align: center;\">Perch\u00e9 scegliere l'OEM ODM di Kamada Power per i prodotti della batteria?<\/h3>\n<p><strong>Non c'\u00e8 bisogno di preoccuparsi di questi problemi di batteria personalizzata!<\/strong><br \/>\nL'incapacit\u00e0 di soddisfare le vostre richieste di batterie personalizzate, i lunghi tempi di produzione, i tempi di consegna lenti, la comunicazione inefficiente, l'assenza di garanzia di qualit\u00e0, il prezzo non competitivo dei prodotti e la cattiva esperienza di servizio sono questi problemi!<\/p>\n<p><strong>Il potere della professionalit\u00e0!<\/strong><br \/>\nAbbiamo servito migliaia di clienti di vari settori e personalizzato migliaia di prodotti a batteria! Conosciamo l'importanza di una comunicazione approfondita delle esigenze, conosciamo i prodotti a batteria, dalla progettazione alla produzione di massa, le varie sfide e i problemi tecnici e sappiamo come risolverli in modo rapido ed efficace!<\/p>\n<p><strong>Sviluppate soluzioni efficaci di batterie personalizzate!<\/strong><br \/>\nIn risposta alle vostre esigenze di batterie personalizzate, assegneremo in modo specifico il team di progetto per la tecnologia delle batterie per fornirvi un servizio 1-to-1. Comunicheremo con voi in modo approfondito sul settore, gli scenari, i requisiti, i punti dolenti, le prestazioni, la funzionalit\u00e0 e svilupperemo soluzioni di batterie personalizzate.<\/p>\n<p><strong>Consegna rapida della produzione di batterie personalizzate!<\/strong><br \/>\nSiamo agili e veloci per aiutarvi a passare dalla progettazione del prodotto batteria, alla campionatura della batteria, alla produzione di massa del prodotto batteria. Ottenete una rapida progettazione del prodotto, una rapida produzione e fabbricazione, una rapida consegna e spedizione, la migliore qualit\u00e0 e il prezzo di fabbrica per le batterie personalizzate!<\/p>\n<p><strong>Aiutatevi a cogliere rapidamente l'opportunit\u00e0 del mercato delle batterie per l'accumulo di energia!<\/strong><br \/>\nKamada Power vi aiuta a realizzare rapidamente prodotti differenziati e personalizzati per le batterie, a migliorare la competitivit\u00e0 dei prodotti e a conquistare rapidamente la leadership nel mercato delle batterie per l'accumulo di energia.<\/p>\n<p>&nbsp;<\/p>\n<h3 style=\"text-align: center;\">Shenzhen Kamada Electronic Co.,Ltd<br \/>\nMostra di Kamada Power<\/h3>\n<p><img loading=\"lazy\" decoding=\"async\" class=\"aligncenter wp-image-1297 size-full\" src=\"http:\/\/www.kmdpower.com\/wp-content\/uploads\/Kamada-Power-Exhibition-Shenzhen-Kamada-Electronic-Co-Ltd.png\" alt=\"Kamada Power Exhibition Shenzhen Kamada Electronic Co Ltd\" width=\"1920\" height=\"841\" \/><\/p>\n<p>&nbsp;<\/p>\n<h3 style=\"text-align: center;\">Certificazione dei produttori di batterie di potenza Kamada<\/h3>\n<p><img loading=\"lazy\" decoding=\"async\" class=\"aligncenter wp-image-1285 size-full\" src=\"http:\/\/www.kmdpower.com\/wp-content\/uploads\/Kamada-Power-Battery-Certification.png\" alt=\"Certificazione dei produttori di batterie di potenza Kamada\" width=\"1344\" height=\"462\" \/><\/p>\n<p>&nbsp;<\/p>\n<h3 style=\"text-align: center;\">Produttori di batterie agli ioni di litio di Kamada Power Processo di produzione in fabbrica<\/h3>\n<p><img loading=\"lazy\" decoding=\"async\" class=\"aligncenter wp-image-1323 size-full\" src=\"http:\/\/www.kmdpower.com\/wp-content\/uploads\/Kamada-Power-Lithium-ion-Battery-Manufacturers-Factory-Production-Process-02.jpg\" alt=\"Produttori di batterie agli ioni di litio Kamada Power Fabbrica Processo di produzione 02\" width=\"1000\" height=\"517\" \/><\/p>\n<p>&nbsp;<\/p>\n<h3 style=\"text-align: center;\">Produttori di batterie di potenza Kamada<\/h3>\n<p><img loading=\"lazy\" decoding=\"async\" class=\"aligncenter wp-image-1324 size-full\" src=\"http:\/\/www.kmdpower.com\/wp-content\/uploads\/Kamada-Power-Lithium-ion-Battery-Manufacturers-Factory-Show.jpg\" alt=\"Kamada Power Batteria agli ioni di litio Produttori Fabbrica Mostra\" width=\"1000\" height=\"584\" \/><\/p>\n<p>Kamada Power Battery Factory produce tutti i tipi di soluzioni di batterie personalizzate oem odm: batterie solari domestiche, batterie per veicoli a bassa velocit\u00e0 (batterie per golf, batterie per camper, batterie al litio convertite al piombo, batterie per carrelli elettrici, batterie per carrelli elevatori), batterie marine, batterie per navi da crociera, batterie ad alta tensione, batterie impilate,\u00a0<strong><a title=\"Produttori di batterie agli ioni di sodio\" href=\"http:\/\/www.kmdpower.com\/it\/sodium-ion-battery-manufacturers\/\" target=\"_blank\" rel=\"noopener\">Batteria agli ioni di sodio<\/a>,\u00a0<a href=\"http:\/\/www.kmdpower.com\/it\/commercial-energy-storage-systems\/\" target=\"_blank\" rel=\"noopener\">sistemi di accumulo di energia industriali e commerciali<\/a><\/strong><\/p>\n<p>&nbsp;<\/p>\n<\/div>","protected":false},"excerpt":{"rendered":"<ul>\n<li><strong>Modello:<\/strong>\u00a0Batteria rack 10Kwh 48V 200Ah batteria di accumulo di energia lifepo4 per uso sito di telecomunicazione<\/li>\n<li><strong>Peso:<\/strong>\u00a045KGS<\/li>\n<li><strong>Dimensioni:<\/strong>\u00a0485*442*177 mm<\/li>\n<li><strong>Certificato:<\/strong>\u00a0CE\/UN38.3\/MSDS<\/li>\n<li><strong>Produttori di batterie per rack di server:<\/strong>\u00a0Potenza Kamada<\/li>\n<li><strong>Tipo di batteria:<\/strong>\u00a0Batteria LiFePO4<\/li>\n<li><strong>Caratteristiche principali:<\/strong>\u00a0Bluetooth, riscaldamento automatico, APP personalizzata<\/li>\n<li><strong>Supporto della batteria:<\/strong>\u00a0all'ingrosso, OEM.ODM 48V 200Ah Server Rack Battery<\/li>\n<li><strong>Garanzia:<\/strong>\u00a05 anni<\/li>\n<li><strong>Tempi di consegna:<\/strong>\u00a07-14 giorni per i campioni, 35-60 giorni per la produzione in serie<\/li>\n<li><strong>I prodotti della batteria di Kamada Power supportano la vendita all'ingrosso, i distributori e la batteria personalizzata OEM ODM. Per favore\u00a0<a title=\"Contatto Kamada Power\" href=\"https:\/\/www.kmdpower.com\/it\/contact-us\/\" target=\"_blank\" rel=\"noopener\">Contattateci<\/a>!<\/strong><\/li>\n<\/ul>","protected":false},"featured_media":1583,"template":"","meta":{"rank_math_lock_modified_date":false,"_kad_post_transparent":"default","_kad_post_title":"","_kad_post_layout":"default","_kad_post_sidebar_id":"","_kad_post_content_style":"default","_kad_post_vertical_padding":"default","_kad_post_feature":"","_kad_post_feature_position":"","_kad_post_header":false,"_kad_post_footer":false},"product_cat":[17,29],"product_tag":[84,114,127,130,131,132,159,170,171,235,249,288,295,307,308,309,310,311,312,313,314,315,320,424,425,426,427,430,531,532,590,49,54,50,642,643,644,656,657,658,659,660,661,686,687,718,738,739,995,77,996,997,998,999,1000,1001,1002,1003,1004,1005,1006,1007,1008,1009,1010,1011,1012,1013,1014,1015,1016,1017,1018,1027,1028,1029,1030,1031,1032,1033,1034,78,1035,1036,1037,1038,1039,1040,1041,1042,1043,1044,1045,1047,1048,1049,1050,1051,1052,1053,1057,1058,1059,1060,1106,1116,1117,1118,1134,1135,1136,1137,1138,1139,1147,1148,1149,1150,1151,1152,1159,1160,1161,1162,1163,1164,1165,1166,1167,1168,1169,1170,1171,1172,1173,1174,1175,1176,1177,1178,1179],"class_list":{"0":"post-2304","1":"product","2":"type-product","3":"status-publish","4":"has-post-thumbnail","6":"product_cat-home-energy-storage-system","7":"product_cat-solar-batteries","8":"product_tag-10-kw-battery-storage","9":"product_tag-12-volt-server-rack-battery","10":"product_tag-12v-battery-rack","11":"product_tag-12v-server-rack-battery","12":"product_tag-12v-server-rack-lifepo4","13":"product_tag-12v-server-rack-lifepo4-battery","14":"product_tag-24-volt-server-rack-battery","15":"product_tag-24v-rack-mount-battery","16":"product_tag-24v-server-rack-battery","17":"product_tag-48-volt-server-rack-battery","18":"product_tag-48v-100ah-rack-battery","19":"product_tag-48v-battery-rack","20":"product_tag-48v-lifepo4-server-rack-battery","21":"product_tag-48v-rack-battery","22":"product_tag-48v-rack-mount-battery","23":"product_tag-48v-rack-mount-lithium-battery","24":"product_tag-48v-rack-mount-power-supply","25":"product_tag-48v-rack-mounted-solar-batteries-factory","26":"product_tag-48v-server","27":"product_tag-48v-server-battery","28":"product_tag-48v-server-power-supply","29":"product_tag-48v-server-rack-battery","30":"product_tag-48vdc-power-supply-rack-mount","31":"product_tag-battery-rack","32":"product_tag-battery-rack-12v","33":"product_tag-battery-rack-for-solar-system","34":"product_tag-battery-server-rack","35":"product_tag-budget-server-rack-lifepo4","36":"product_tag-eg4-server-rack-battery","37":"product_tag-eg4-server-rack-battery-12v","38":"product_tag-life-power-4-server-rack-battery","39":"product_tag-lifepo4-200ah","40":"product_tag-lifepo4-48v","41":"product_tag-lifepo4-battery","42":"product_tag-lifepo4-battery-rack","43":"product_tag-lifepo4-battery-rack-mount","44":"product_tag-lifepo4-battery-server-rack","45":"product_tag-lifepo4-rack","46":"product_tag-lifepo4-rack-battery","47":"product_tag-lifepo4-rack-mount","48":"product_tag-lifepo4-server-battery","49":"product_tag-lifepo4-server-rack","50":"product_tag-lifepo4-server-rack-battery","51":"product_tag-lithium-battery-rack","52":"product_tag-lithium-battery-rack-mount","53":"product_tag-lithium-ion-battery-rack","54":"product_tag-lithium-rack-battery","55":"product_tag-lithium-server-rack-battery","56":"product_tag-rack-batteries","57":"product_tag-rack-battery","58":"product_tag-rack-battery-lifepo4","59":"product_tag-rack-for-battery","60":"product_tag-rack-lifepo4","61":"product_tag-rack-lifepo4-battery","62":"product_tag-rack-lithium-battery","63":"product_tag-rack-mount-48v-battery","64":"product_tag-rack-mount-48vdc-power-supply","65":"product_tag-rack-mount-batteries","66":"product_tag-rack-mount-battery","67":"product_tag-rack-mount-battery-lifepo4","68":"product_tag-rack-mount-lifepo4","69":"product_tag-rack-mount-lifepo4-battery","70":"product_tag-rack-mount-lithium-battery","71":"product_tag-rack-mount-power-supply-12v","72":"product_tag-rack-mount-solar-battery","73":"product_tag-rack-mount-solar-battery-suppliers","74":"product_tag-rack-mount-ups-lithium","75":"product_tag-rack-mounted-battery","76":"product_tag-rack-mounted-lithium-battery","77":"product_tag-rackmount-battery","78":"product_tag-rackmount-lifepo4","79":"product_tag-rackmount-lifepo4-battery","80":"product_tag-rackmount-lithium-battery","81":"product_tag-server-batteries","82":"product_tag-server-battery","83":"product_tag-server-battery-pack","84":"product_tag-server-battery-rack","85":"product_tag-server-lithium-battery","86":"product_tag-server-rack-batteri","87":"product_tag-server-rack-batteries","88":"product_tag-server-rack-batteries-lifepo4","89":"product_tag-server-rack-battery","90":"product_tag-server-rack-battery-12v","91":"product_tag-server-rack-battery-24v","92":"product_tag-server-rack-battery-48v","93":"product_tag-server-rack-battery-backup","94":"product_tag-server-rack-battery-for-solar","95":"product_tag-server-rack-battery-lifepo4","96":"product_tag-server-rack-battery-pack","97":"product_tag-server-rack-battery-solar","98":"product_tag-server-rack-lifepo4","99":"product_tag-server-rack-lifepo4-12v","100":"product_tag-server-rack-lifepo4-24v","101":"product_tag-server-rack-lifepo4-batteries","102":"product_tag-server-rack-lifepo4-battery","103":"product_tag-server-rack-lifepo4-solar-batteries","104":"product_tag-server-rack-lifepo4-solar-battery","105":"product_tag-server-rack-lithium-battery","106":"product_tag-server-rack-lithium-iron-phosphate-battery","107":"product_tag-server-rack-solar-battery","108":"product_tag-solar-battery-rack","109":"product_tag-solar-battery-racks","110":"product_tag-solar-battery-server-rack","111":"product_tag-solar-battery-storage-rack","112":"product_tag-what-is-a-server-rack-battery","113":"product_tag-wholesale-48v-server-battery","114":"product_tag-wholesale-48v-server-battery-factories","115":"product_tag-wholesale-48v-server-battery-manufacturer","116":"product_tag-wholesale-lifepo4-battery-rack","117":"product_tag-wholesale-lifepo4-battery-rack-factories","118":"product_tag-wholesale-lifepo4-battery-rack-factory","119":"product_tag-wholesale-lifepo4-battery-rack-manufacturer","120":"product_tag-wholesale-lifepo4-battery-rack-manufacturers","121":"product_tag-wholesale-lifepo4-battery-rack-suppliers","122":"product_tag-wholesale-lifepo4-rack-factories","123":"product_tag-wholesale-lifepo4-rack-factory","124":"product_tag-wholesale-lifepo4-rack-manufacturer","125":"product_tag-wholesale-lifepo4-rack-manufacturers","126":"product_tag-wholesale-lifepo4-rack-supplier","127":"product_tag-wholesale-lifepo4-rack-suppliers","128":"product_tag-wholesale-rack-mount-lifepo4-battery-factories","129":"product_tag-wholesale-rack-mount-lifepo4-battery-factory","130":"product_tag-wholesale-rack-mount-lifepo4-battery-manufacturer","131":"product_tag-wholesale-rack-mount-lifepo4-battery-supplier","132":"product_tag-wholesale-server-batteries-factories","133":"product_tag-wholesale-server-batteries-manufacturer","134":"product_tag-wholesale-server-batteries-supplier","135":"product_tag-wholesale-server-batteries-suppliers","136":"product_tag-wholesale-server-battery-pack","137":"product_tag-wholesale-server-battery-pack-factories","138":"product_tag-wholesale-server-battery-pack-manufacturer","139":"product_tag-wholesale-server-battery-pack-manufacturers","140":"product_tag-wholesale-server-battery-pack-supplier","141":"product_tag-wholesale-server-rack-battery-factories","142":"product_tag-wholesale-server-rack-battery-factory","143":"product_tag-wholesale-server-rack-battery-manufacturer","144":"product_tag-wholesale-server-rack-battery-suppliers","145":"product_tag-wholesale-server-rack-lifepo4-factories","146":"product_tag-wholesale-server-rack-lifepo4-factory","147":"product_tag-wholesale-server-rack-lifepo4-manufacturer","148":"product_tag-wholesale-server-rack-lifepo4-manufacturers","150":"first","151":"instock","152":"shipping-taxable","153":"product-type-simple","154":"entry","155":"content-bg","156":"loop-entry"},"_links":{"self":[{"href":"https:\/\/www.kmdpower.com\/it\/wp-json\/wp\/v2\/product\/2304","targetHints":{"allow":["GET"]}}],"collection":[{"href":"https:\/\/www.kmdpower.com\/it\/wp-json\/wp\/v2\/product"}],"about":[{"href":"https:\/\/www.kmdpower.com\/it\/wp-json\/wp\/v2\/types\/product"}],"version-history":[{"count":3,"href":"https:\/\/www.kmdpower.com\/it\/wp-json\/wp\/v2\/product\/2304\/revisions"}],"predecessor-version":[{"id":3164,"href":"https:\/\/www.kmdpower.com\/it\/wp-json\/wp\/v2\/product\/2304\/revisions\/3164"}],"wp:featuredmedia":[{"embeddable":true,"href":"https:\/\/www.kmdpower.com\/it\/wp-json\/wp\/v2\/media\/1583"}],"wp:attachment":[{"href":"https:\/\/www.kmdpower.com\/it\/wp-json\/wp\/v2\/media?parent=2304"}],"wp:term":[{"taxonomy":"product_cat","embeddable":true,"href":"https:\/\/www.kmdpower.com\/it\/wp-json\/wp\/v2\/product_cat?post=2304"},{"taxonomy":"product_tag","embeddable":true,"href":"https:\/\/www.kmdpower.com\/it\/wp-json\/wp\/v2\/product_tag?post=2304"}],"curies":[{"name":"wp","href":"https:\/\/api.w.org\/{rel}","templated":true}]}}