{"id":4908,"date":"2025-11-08T06:48:36","date_gmt":"2025-11-08T06:48:36","guid":{"rendered":"https:\/\/www.kmdpower.com\/?post_type=product&#038;p=4908"},"modified":"2025-11-08T06:48:37","modified_gmt":"2025-11-08T06:48:37","slug":"kamada-power-12v-200ah-slimline-lithium-battery","status":"publish","type":"product","link":"https:\/\/www.kmdpower.com\/hu\/kamada-power-12v-200ah-slimline-lithium-battery\/","title":{"rendered":"Kamada Power 12V 200Ah Slimline l\u00edtium akkumul\u00e1tor"},"content":{"rendered":"<div data-elementor-type=\"product-post\" data-elementor-id=\"4908\" class=\"elementor elementor-4908\" data-elementor-post-type=\"product\">\n\t\t\t\t<div class=\"elementor-element elementor-element-0908ad9 e-flex e-con-boxed e-con e-parent\" data-id=\"0908ad9\" data-element_type=\"container\" data-settings=\"{&quot;_ha_eqh_enable&quot;:false}\">\n\t\t\t\t\t<div class=\"e-con-inner\">\n\t\t\t\t<div class=\"elementor-element elementor-element-a1b2422 elementor-widget elementor-widget-image\" data-id=\"a1b2422\" data-element_type=\"widget\" data-widget_type=\"image.default\">\n\t\t\t\t<div class=\"elementor-widget-container\">\n\t\t\t\t\t\t\t\t\t\t\t\t\t<img fetchpriority=\"high\" decoding=\"async\" width=\"1000\" height=\"1000\" src=\"https:\/\/www.kmdpower.com\/wp-content\/uploads\/kamada-power-12v-200ah-slimline-lithium-battery-a01.jpg\" class=\"attachment-large size-large wp-image-4911\" alt=\"\" srcset=\"https:\/\/www.kmdpower.com\/wp-content\/uploads\/kamada-power-12v-200ah-slimline-lithium-battery-a01.jpg 1000w, https:\/\/www.kmdpower.com\/wp-content\/uploads\/kamada-power-12v-200ah-slimline-lithium-battery-a01-300x300.jpg 300w, https:\/\/www.kmdpower.com\/wp-content\/uploads\/kamada-power-12v-200ah-slimline-lithium-battery-a01-150x150.jpg 150w, https:\/\/www.kmdpower.com\/wp-content\/uploads\/kamada-power-12v-200ah-slimline-lithium-battery-a01-768x768.jpg 768w, https:\/\/www.kmdpower.com\/wp-content\/uploads\/kamada-power-12v-200ah-slimline-lithium-battery-a01-12x12.jpg 12w, https:\/\/www.kmdpower.com\/wp-content\/uploads\/kamada-power-12v-200ah-slimline-lithium-battery-a01-600x600.jpg 600w, https:\/\/www.kmdpower.com\/wp-content\/uploads\/kamada-power-12v-200ah-slimline-lithium-battery-a01-100x100.jpg 100w\" sizes=\"(max-width: 1000px) 100vw, 1000px\" \/>\t\t\t\t\t\t\t\t\t\t\t\t\t<\/div>\n\t\t\t\t<\/div>\n\t\t\t\t\t<\/div>\n\t\t\t\t<\/div>\n\t\t<div class=\"elementor-element elementor-element-2660bc4 e-flex e-con-boxed e-con e-parent\" data-id=\"2660bc4\" data-element_type=\"container\" data-settings=\"{&quot;_ha_eqh_enable&quot;:false}\">\n\t\t\t\t\t<div class=\"e-con-inner\">\n\t\t\t\t<div class=\"elementor-element elementor-element-7daad2e elementor-widget elementor-widget-image\" data-id=\"7daad2e\" data-element_type=\"widget\" data-widget_type=\"image.default\">\n\t\t\t\t<div class=\"elementor-widget-container\">\n\t\t\t\t\t\t\t\t\t\t\t\t\t<img decoding=\"async\" width=\"1000\" height=\"1000\" src=\"https:\/\/www.kmdpower.com\/wp-content\/uploads\/kamada-power-12v-200ah-slimline-lithium-battery-a02.jpg\" class=\"attachment-large size-large wp-image-4912\" alt=\"\" srcset=\"https:\/\/www.kmdpower.com\/wp-content\/uploads\/kamada-power-12v-200ah-slimline-lithium-battery-a02.jpg 1000w, https:\/\/www.kmdpower.com\/wp-content\/uploads\/kamada-power-12v-200ah-slimline-lithium-battery-a02-300x300.jpg 300w, https:\/\/www.kmdpower.com\/wp-content\/uploads\/kamada-power-12v-200ah-slimline-lithium-battery-a02-150x150.jpg 150w, https:\/\/www.kmdpower.com\/wp-content\/uploads\/kamada-power-12v-200ah-slimline-lithium-battery-a02-768x768.jpg 768w, https:\/\/www.kmdpower.com\/wp-content\/uploads\/kamada-power-12v-200ah-slimline-lithium-battery-a02-12x12.jpg 12w, https:\/\/www.kmdpower.com\/wp-content\/uploads\/kamada-power-12v-200ah-slimline-lithium-battery-a02-600x600.jpg 600w, https:\/\/www.kmdpower.com\/wp-content\/uploads\/kamada-power-12v-200ah-slimline-lithium-battery-a02-100x100.jpg 100w\" sizes=\"(max-width: 1000px) 100vw, 1000px\" \/>\t\t\t\t\t\t\t\t\t\t\t\t\t<\/div>\n\t\t\t\t<\/div>\n\t\t\t\t\t<\/div>\n\t\t\t\t<\/div>\n\t\t<div class=\"elementor-element elementor-element-f37686e e-flex e-con-boxed e-con e-parent\" data-id=\"f37686e\" data-element_type=\"container\" data-settings=\"{&quot;_ha_eqh_enable&quot;:false}\">\n\t\t\t\t\t<div class=\"e-con-inner\">\n\t\t\t\t<div class=\"elementor-element elementor-element-5c1441f elementor-widget elementor-widget-image\" data-id=\"5c1441f\" data-element_type=\"widget\" data-widget_type=\"image.default\">\n\t\t\t\t<div class=\"elementor-widget-container\">\n\t\t\t\t\t\t\t\t\t\t\t\t\t<img decoding=\"async\" width=\"1000\" height=\"1000\" src=\"https:\/\/www.kmdpower.com\/wp-content\/uploads\/kamada-power-12v-200ah-slimline-lithium-battery-a03.jpg\" class=\"attachment-large size-large wp-image-4913\" alt=\"\" srcset=\"https:\/\/www.kmdpower.com\/wp-content\/uploads\/kamada-power-12v-200ah-slimline-lithium-battery-a03.jpg 1000w, https:\/\/www.kmdpower.com\/wp-content\/uploads\/kamada-power-12v-200ah-slimline-lithium-battery-a03-300x300.jpg 300w, https:\/\/www.kmdpower.com\/wp-content\/uploads\/kamada-power-12v-200ah-slimline-lithium-battery-a03-150x150.jpg 150w, https:\/\/www.kmdpower.com\/wp-content\/uploads\/kamada-power-12v-200ah-slimline-lithium-battery-a03-768x768.jpg 768w, https:\/\/www.kmdpower.com\/wp-content\/uploads\/kamada-power-12v-200ah-slimline-lithium-battery-a03-12x12.jpg 12w, https:\/\/www.kmdpower.com\/wp-content\/uploads\/kamada-power-12v-200ah-slimline-lithium-battery-a03-600x600.jpg 600w, https:\/\/www.kmdpower.com\/wp-content\/uploads\/kamada-power-12v-200ah-slimline-lithium-battery-a03-100x100.jpg 100w\" sizes=\"(max-width: 1000px) 100vw, 1000px\" \/>\t\t\t\t\t\t\t\t\t\t\t\t\t<\/div>\n\t\t\t\t<\/div>\n\t\t\t\t\t<\/div>\n\t\t\t\t<\/div>\n\t\t<div class=\"elementor-element elementor-element-8c1d060 e-flex e-con-boxed e-con e-parent\" data-id=\"8c1d060\" data-element_type=\"container\" data-settings=\"{&quot;_ha_eqh_enable&quot;:false}\">\n\t\t\t\t\t<div class=\"e-con-inner\">\n\t\t\t\t<div class=\"elementor-element elementor-element-888cccc elementor-widget elementor-widget-image\" data-id=\"888cccc\" data-element_type=\"widget\" data-widget_type=\"image.default\">\n\t\t\t\t<div class=\"elementor-widget-container\">\n\t\t\t\t\t\t\t\t\t\t\t\t\t<img loading=\"lazy\" decoding=\"async\" width=\"1000\" height=\"1000\" src=\"https:\/\/www.kmdpower.com\/wp-content\/uploads\/kamada-power-12v-200ah-slimline-lithium-battery-a04.jpg\" class=\"attachment-large size-large wp-image-4914\" alt=\"\" srcset=\"https:\/\/www.kmdpower.com\/wp-content\/uploads\/kamada-power-12v-200ah-slimline-lithium-battery-a04.jpg 1000w, https:\/\/www.kmdpower.com\/wp-content\/uploads\/kamada-power-12v-200ah-slimline-lithium-battery-a04-300x300.jpg 300w, https:\/\/www.kmdpower.com\/wp-content\/uploads\/kamada-power-12v-200ah-slimline-lithium-battery-a04-150x150.jpg 150w, https:\/\/www.kmdpower.com\/wp-content\/uploads\/kamada-power-12v-200ah-slimline-lithium-battery-a04-768x768.jpg 768w, https:\/\/www.kmdpower.com\/wp-content\/uploads\/kamada-power-12v-200ah-slimline-lithium-battery-a04-12x12.jpg 12w, https:\/\/www.kmdpower.com\/wp-content\/uploads\/kamada-power-12v-200ah-slimline-lithium-battery-a04-600x600.jpg 600w, https:\/\/www.kmdpower.com\/wp-content\/uploads\/kamada-power-12v-200ah-slimline-lithium-battery-a04-100x100.jpg 100w\" sizes=\"(max-width: 1000px) 100vw, 1000px\" \/>\t\t\t\t\t\t\t\t\t\t\t\t\t<\/div>\n\t\t\t\t<\/div>\n\t\t\t\t\t<\/div>\n\t\t\t\t<\/div>\n\t\t<div class=\"elementor-element elementor-element-352d1ae e-flex e-con-boxed e-con e-parent\" data-id=\"352d1ae\" data-element_type=\"container\" data-settings=\"{&quot;_ha_eqh_enable&quot;:false}\">\n\t\t\t\t\t<div class=\"e-con-inner\">\n\t\t\t\t<div class=\"elementor-element elementor-element-caebe49 elementor-widget elementor-widget-image\" data-id=\"caebe49\" data-element_type=\"widget\" data-widget_type=\"image.default\">\n\t\t\t\t<div class=\"elementor-widget-container\">\n\t\t\t\t\t\t\t\t\t\t\t\t\t<img loading=\"lazy\" decoding=\"async\" width=\"1000\" height=\"1000\" src=\"https:\/\/www.kmdpower.com\/wp-content\/uploads\/kamada-power-12v-200ah-slimline-lithium-battery-a05.jpg\" class=\"attachment-large size-large wp-image-4915\" alt=\"\" srcset=\"https:\/\/www.kmdpower.com\/wp-content\/uploads\/kamada-power-12v-200ah-slimline-lithium-battery-a05.jpg 1000w, https:\/\/www.kmdpower.com\/wp-content\/uploads\/kamada-power-12v-200ah-slimline-lithium-battery-a05-300x300.jpg 300w, https:\/\/www.kmdpower.com\/wp-content\/uploads\/kamada-power-12v-200ah-slimline-lithium-battery-a05-150x150.jpg 150w, https:\/\/www.kmdpower.com\/wp-content\/uploads\/kamada-power-12v-200ah-slimline-lithium-battery-a05-768x768.jpg 768w, https:\/\/www.kmdpower.com\/wp-content\/uploads\/kamada-power-12v-200ah-slimline-lithium-battery-a05-12x12.jpg 12w, https:\/\/www.kmdpower.com\/wp-content\/uploads\/kamada-power-12v-200ah-slimline-lithium-battery-a05-600x600.jpg 600w, https:\/\/www.kmdpower.com\/wp-content\/uploads\/kamada-power-12v-200ah-slimline-lithium-battery-a05-100x100.jpg 100w\" sizes=\"(max-width: 1000px) 100vw, 1000px\" \/>\t\t\t\t\t\t\t\t\t\t\t\t\t<\/div>\n\t\t\t\t<\/div>\n\t\t\t\t\t<\/div>\n\t\t\t\t<\/div>\n\t\t<div class=\"elementor-element elementor-element-fadef69 e-flex e-con-boxed e-con e-parent\" data-id=\"fadef69\" data-element_type=\"container\" data-settings=\"{&quot;_ha_eqh_enable&quot;:false}\">\n\t\t\t\t\t<div class=\"e-con-inner\">\n\t\t\t\t<div class=\"elementor-element elementor-element-d30fb88 elementor-widget elementor-widget-image\" data-id=\"d30fb88\" data-element_type=\"widget\" data-widget_type=\"image.default\">\n\t\t\t\t<div class=\"elementor-widget-container\">\n\t\t\t\t\t\t\t\t\t\t\t\t\t<img loading=\"lazy\" decoding=\"async\" width=\"1000\" height=\"1000\" src=\"https:\/\/www.kmdpower.com\/wp-content\/uploads\/kamada-power-12v-200ah-slimline-lithium-battery-a06.jpg\" class=\"attachment-large size-large wp-image-4916\" alt=\"\" srcset=\"https:\/\/www.kmdpower.com\/wp-content\/uploads\/kamada-power-12v-200ah-slimline-lithium-battery-a06.jpg 1000w, https:\/\/www.kmdpower.com\/wp-content\/uploads\/kamada-power-12v-200ah-slimline-lithium-battery-a06-300x300.jpg 300w, https:\/\/www.kmdpower.com\/wp-content\/uploads\/kamada-power-12v-200ah-slimline-lithium-battery-a06-150x150.jpg 150w, https:\/\/www.kmdpower.com\/wp-content\/uploads\/kamada-power-12v-200ah-slimline-lithium-battery-a06-768x768.jpg 768w, https:\/\/www.kmdpower.com\/wp-content\/uploads\/kamada-power-12v-200ah-slimline-lithium-battery-a06-12x12.jpg 12w, https:\/\/www.kmdpower.com\/wp-content\/uploads\/kamada-power-12v-200ah-slimline-lithium-battery-a06-600x600.jpg 600w, https:\/\/www.kmdpower.com\/wp-content\/uploads\/kamada-power-12v-200ah-slimline-lithium-battery-a06-100x100.jpg 100w\" sizes=\"(max-width: 1000px) 100vw, 1000px\" \/>\t\t\t\t\t\t\t\t\t\t\t\t\t<\/div>\n\t\t\t\t<\/div>\n\t\t\t\t\t<\/div>\n\t\t\t\t<\/div>\n\t\t<div class=\"elementor-element elementor-element-d6193b0 e-flex e-con-boxed e-con e-parent\" data-id=\"d6193b0\" data-element_type=\"container\" data-settings=\"{&quot;_ha_eqh_enable&quot;:false}\">\n\t\t\t\t\t<div class=\"e-con-inner\">\n\t\t\t\t<div class=\"elementor-element elementor-element-5986a54 elementor-widget elementor-widget-image\" data-id=\"5986a54\" data-element_type=\"widget\" data-widget_type=\"image.default\">\n\t\t\t\t<div class=\"elementor-widget-container\">\n\t\t\t\t\t\t\t\t\t\t\t\t\t<img loading=\"lazy\" decoding=\"async\" width=\"1000\" height=\"1000\" src=\"https:\/\/www.kmdpower.com\/wp-content\/uploads\/kamada-power-12v-200ah-slimline-lithium-battery-a07.jpg\" class=\"attachment-large size-large wp-image-4917\" alt=\"\" srcset=\"https:\/\/www.kmdpower.com\/wp-content\/uploads\/kamada-power-12v-200ah-slimline-lithium-battery-a07.jpg 1000w, https:\/\/www.kmdpower.com\/wp-content\/uploads\/kamada-power-12v-200ah-slimline-lithium-battery-a07-300x300.jpg 300w, https:\/\/www.kmdpower.com\/wp-content\/uploads\/kamada-power-12v-200ah-slimline-lithium-battery-a07-150x150.jpg 150w, https:\/\/www.kmdpower.com\/wp-content\/uploads\/kamada-power-12v-200ah-slimline-lithium-battery-a07-768x768.jpg 768w, https:\/\/www.kmdpower.com\/wp-content\/uploads\/kamada-power-12v-200ah-slimline-lithium-battery-a07-12x12.jpg 12w, https:\/\/www.kmdpower.com\/wp-content\/uploads\/kamada-power-12v-200ah-slimline-lithium-battery-a07-600x600.jpg 600w, https:\/\/www.kmdpower.com\/wp-content\/uploads\/kamada-power-12v-200ah-slimline-lithium-battery-a07-100x100.jpg 100w\" sizes=\"(max-width: 1000px) 100vw, 1000px\" \/>\t\t\t\t\t\t\t\t\t\t\t\t\t<\/div>\n\t\t\t\t<\/div>\n\t\t\t\t\t<\/div>\n\t\t\t\t<\/div>\n\t\t<div class=\"elementor-element elementor-element-1340301 e-flex e-con-boxed e-con e-parent\" data-id=\"1340301\" data-element_type=\"container\" data-settings=\"{&quot;_ha_eqh_enable&quot;:false}\">\n\t\t\t\t\t<div class=\"e-con-inner\">\n\t\t\t\t<div class=\"elementor-element elementor-element-3459ef6 elementor-widget elementor-widget-image\" data-id=\"3459ef6\" data-element_type=\"widget\" data-widget_type=\"image.default\">\n\t\t\t\t<div class=\"elementor-widget-container\">\n\t\t\t\t\t\t\t\t\t\t\t\t\t<img loading=\"lazy\" decoding=\"async\" width=\"1000\" height=\"850\" src=\"https:\/\/www.kmdpower.com\/wp-content\/uploads\/kamada-power-12v-200ah-slimline-lithium-battery-a08.png\" class=\"attachment-large size-large wp-image-4918\" alt=\"\" srcset=\"https:\/\/www.kmdpower.com\/wp-content\/uploads\/kamada-power-12v-200ah-slimline-lithium-battery-a08.png 1000w, https:\/\/www.kmdpower.com\/wp-content\/uploads\/kamada-power-12v-200ah-slimline-lithium-battery-a08-300x255.png 300w, https:\/\/www.kmdpower.com\/wp-content\/uploads\/kamada-power-12v-200ah-slimline-lithium-battery-a08-768x653.png 768w, https:\/\/www.kmdpower.com\/wp-content\/uploads\/kamada-power-12v-200ah-slimline-lithium-battery-a08-14x12.png 14w, https:\/\/www.kmdpower.com\/wp-content\/uploads\/kamada-power-12v-200ah-slimline-lithium-battery-a08-600x510.png 600w\" sizes=\"(max-width: 1000px) 100vw, 1000px\" \/>\t\t\t\t\t\t\t\t\t\t\t\t\t<\/div>\n\t\t\t\t<\/div>\n\t\t\t\t\t<\/div>\n\t\t\t\t<\/div>\n\t\t<div class=\"elementor-element elementor-element-1b74df5 e-flex e-con-boxed e-con e-parent\" data-id=\"1b74df5\" data-element_type=\"container\" data-settings=\"{&quot;_ha_eqh_enable&quot;:false}\">\n\t\t\t\t\t<div class=\"e-con-inner\">\n\t\t\t\t<div class=\"elementor-element elementor-element-a17c7fc elementor-widget elementor-widget-heading\" data-id=\"a17c7fc\" data-element_type=\"widget\" data-widget_type=\"heading.default\">\n\t\t\t\t<div class=\"elementor-widget-container\">\n\t\t\t<h3 class=\"elementor-heading-title elementor-size-default\">Shenzhen Kamada Electronic Co., Ltd.<br>\nKamada Power ki\u00e1ll\u00edt\u00e1s<\/h3>\t\t<\/div>\n\t\t\t\t<\/div>\n\t\t\t\t<div class=\"elementor-element elementor-element-f896a39 elementor-widget elementor-widget-image\" data-id=\"f896a39\" data-element_type=\"widget\" data-widget_type=\"image.default\">\n\t\t\t\t<div class=\"elementor-widget-container\">\n\t\t\t\t\t\t\t\t\t\t\t\t\t<img loading=\"lazy\" decoding=\"async\" width=\"1024\" height=\"449\" src=\"https:\/\/www.kmdpower.com\/wp-content\/uploads\/Kamada-Power-Exhibition-Shenzhen-Kamada-Electronic-Co-Ltd.png\" class=\"attachment-large size-large wp-image-1297\" alt=\"\" \/>\t\t\t\t\t\t\t\t\t\t\t\t\t<\/div>\n\t\t\t\t<\/div>\n\t\t\t\t\t<\/div>\n\t\t\t\t<\/div>\n\t\t<div class=\"elementor-element elementor-element-ac3cd54 e-flex e-con-boxed e-con e-parent\" data-id=\"ac3cd54\" data-element_type=\"container\" data-settings=\"{&quot;_ha_eqh_enable&quot;:false}\">\n\t\t\t\t\t<div class=\"e-con-inner\">\n\t\t\t\t<div class=\"elementor-element elementor-element-cb4ce0f elementor-widget elementor-widget-heading\" data-id=\"cb4ce0f\" data-element_type=\"widget\" data-widget_type=\"heading.default\">\n\t\t\t\t<div class=\"elementor-widget-container\">\n\t\t\t<h3 class=\"elementor-heading-title elementor-size-default\">Kamada Power akkumul\u00e1tor gy\u00e1rt\u00f3k tan\u00fas\u00edt\u00e1sa<\/h3>\t\t<\/div>\n\t\t\t\t<\/div>\n\t\t\t\t<div class=\"elementor-element elementor-element-12e974e elementor-widget elementor-widget-image\" data-id=\"12e974e\" data-element_type=\"widget\" data-widget_type=\"image.default\">\n\t\t\t\t<div class=\"elementor-widget-container\">\n\t\t\t\t\t\t\t\t\t\t\t\t\t<img loading=\"lazy\" decoding=\"async\" width=\"1024\" height=\"352\" src=\"https:\/\/www.kmdpower.com\/wp-content\/uploads\/Kamada-Power-Battery-Certification.png\" class=\"attachment-large size-large wp-image-1285\" alt=\"\" \/>\t\t\t\t\t\t\t\t\t\t\t\t\t<\/div>\n\t\t\t\t<\/div>\n\t\t\t\t\t<\/div>\n\t\t\t\t<\/div>\n\t\t<div class=\"elementor-element elementor-element-536cc98 e-flex e-con-boxed e-con e-parent\" data-id=\"536cc98\" data-element_type=\"container\" data-settings=\"{&quot;_ha_eqh_enable&quot;:false}\">\n\t\t\t\t\t<div class=\"e-con-inner\">\n\t\t\t\t<div class=\"elementor-element elementor-element-850b61c elementor-widget elementor-widget-heading\" data-id=\"850b61c\" data-element_type=\"widget\" data-widget_type=\"heading.default\">\n\t\t\t\t<div class=\"elementor-widget-container\">\n\t\t\t<h3 class=\"elementor-heading-title elementor-size-default\">Kamada Power l\u00edtium-ion akkumul\u00e1tor gy\u00e1rt\u00f3k gy\u00e1ri termel\u00e9si folyamat<\/h3>\t\t<\/div>\n\t\t\t\t<\/div>\n\t\t\t\t<div class=\"elementor-element elementor-element-d9217a1 elementor-widget elementor-widget-image\" data-id=\"d9217a1\" data-element_type=\"widget\" data-widget_type=\"image.default\">\n\t\t\t\t<div class=\"elementor-widget-container\">\n\t\t\t\t\t\t\t\t\t\t\t\t\t<img loading=\"lazy\" decoding=\"async\" width=\"1000\" height=\"517\" src=\"https:\/\/www.kmdpower.com\/wp-content\/uploads\/Kamada-Power-Lithium-ion-Battery-Manufacturers-Factory-Production-Process-02.jpg\" class=\"attachment-large size-large wp-image-1323\" alt=\"\" \/>\t\t\t\t\t\t\t\t\t\t\t\t\t<\/div>\n\t\t\t\t<\/div>\n\t\t\t\t\t<\/div>\n\t\t\t\t<\/div>\n\t\t<div class=\"elementor-element elementor-element-f0edc37 e-flex e-con-boxed e-con e-parent\" data-id=\"f0edc37\" data-element_type=\"container\" data-settings=\"{&quot;_ha_eqh_enable&quot;:false}\">\n\t\t\t\t\t<div class=\"e-con-inner\">\n\t\t\t\t<div class=\"elementor-element elementor-element-4123242 elementor-widget elementor-widget-heading\" data-id=\"4123242\" data-element_type=\"widget\" data-widget_type=\"heading.default\">\n\t\t\t\t<div class=\"elementor-widget-container\">\n\t\t\t<h3 class=\"elementor-heading-title elementor-size-default\"><a href=\"https:\/\/www.kmdpower.com\/hu\/slimline-lithium-battery\/\">Kamada Power Slimline l\u00edtium akkumul\u00e1tor gy\u00e1rt\u00f3k<\/a><\/h3>\t\t<\/div>\n\t\t\t\t<\/div>\n\t\t\t\t<div class=\"elementor-element elementor-element-1935575 elementor-widget elementor-widget-image\" data-id=\"1935575\" data-element_type=\"widget\" data-widget_type=\"image.default\">\n\t\t\t\t<div class=\"elementor-widget-container\">\n\t\t\t\t\t\t\t\t\t\t\t\t\t<img loading=\"lazy\" decoding=\"async\" width=\"1000\" height=\"584\" src=\"https:\/\/www.kmdpower.com\/wp-content\/uploads\/Kamada-Power-Lithium-ion-Battery-Manufacturers-Factory-Show.jpg\" class=\"attachment-large size-large wp-image-1324\" alt=\"\" \/>\t\t\t\t\t\t\t\t\t\t\t\t\t<\/div>\n\t\t\t\t<\/div>\n\t\t\t\t<div class=\"elementor-element elementor-element-a9a1e5a elementor-widget elementor-widget-text-editor\" data-id=\"a9a1e5a\" data-element_type=\"widget\" data-widget_type=\"text-editor.default\">\n\t\t\t\t<div class=\"elementor-widget-container\">\n\t\t\t\t\t\t\t<p>A Kamada Power Battery Factory minden t\u00edpus\u00fa oem odm testreszabott akkumul\u00e1tor-megold\u00e1st gy\u00e1rt: otthoni napelemes akkumul\u00e1tor, alacsony sebess\u00e9g\u0171 j\u00e1rm\u0171 akkumul\u00e1torok (golf akkumul\u00e1torok, RV akkumul\u00e1torok, \u00f3lomkonvert\u00e1lt l\u00edtium akkumul\u00e1torok, elektromos kocsi akkumul\u00e1torok, targonca akkumul\u00e1torok), tengeri akkumul\u00e1torok, s\u00e9tahaj\u00f3 akkumul\u00e1torok, nagyfesz\u00fclts\u00e9g\u0171 akkumul\u00e1torok, egym\u00e1sra helyezett akkumul\u00e1torok,\u00a0<strong><a title=\"N\u00e1trium-ion akkumul\u00e1tor gy\u00e1rt\u00f3k\" href=\"https:\/\/www.kmdpower.com\/hu\/sodium-ion-battery-manufacturers\/\" target=\"_blank\" rel=\"noopener\">N\u00e1trium-ion akkumul\u00e1tor<\/a>, <a href=\"https:\/\/www.kmdpower.com\/hu\/slimline-lithium-battery\/\">Karcs\u00fa l\u00edtium akkumul\u00e1tor<\/a><\/strong><\/p>\t\t\t\t\t\t<\/div>\n\t\t\t\t<\/div>\n\t\t\t\t\t<\/div>\n\t\t\t\t<\/div>\n\t\t\t\t<\/div>","protected":false},"excerpt":{"rendered":"<ul>\n<li><strong>N\u00e9v:<\/strong> Kamada Power 12V 200Ah Slimline l\u00edtium akkumul\u00e1tor<\/li>\n<li><strong>Modell:<\/strong> KMD200LFP-MP<\/li>\n<li><strong>S\u00faly:<\/strong> 24.96 KG<\/li>\n<li><strong>Ciklusos \u00e9lettartam:<\/strong>\u00a06000 alkalommal<\/li>\n<li><strong>M\u00e9retek:<\/strong> 900 x 275 x 63 mm<\/li>\n<li><strong>Tan\u00fas\u00edtv\u00e1ny:<\/strong>\u00a0CE\/UN38.3\/MSDS<\/li>\n<li><strong><a href=\"https:\/\/www.kmdpower.com\/hu\/slimline-lithium-battery\/\">Slimline l\u00edtium akkumul\u00e1tor gy\u00e1rt\u00f3k<\/a>:<\/strong>\u00a0Kamada Power<\/li>\n<li><strong>Akkumul\u00e1tor t\u00edpusa: Akkumul\u00e1tor t\u00edpusa:<\/strong>\u00a0Karcs\u00fa l\u00edtium akkumul\u00e1tor<\/li>\n<li><strong>F\u0151 jellemz\u0151k:<\/strong>\u00a0ultra v\u00e9kony v\u00e9kony, 200% k\u00e9tszer annyi energi\u00e1t biztos\u00edt, mint a hagyom\u00e1nyos akkumul\u00e1torok<\/li>\n<li><strong>Akkumul\u00e1tor-t\u00e1mogat\u00e1s:<\/strong>\u00a0Nagykereskedelmi OEM.ODM Slimline l\u00edtium akkumul\u00e1tor<\/li>\n<li><strong>Garancia:<\/strong>\u00a05 \u00e9v<\/li>\n<li><strong>Sz\u00e1ll\u00edt\u00e1si id\u0151:<\/strong>\u00a07-14 nap mint\u00e1khoz, 35-60 nap t\u00f6megtermel\u00e9shez<\/li>\n<li><strong>Kamada Power akkumul\u00e1tor term\u00e9kek t\u00e1mogat\u00e1sa Nagykereskedelem, forgalmaz\u00f3k \u00e9s OEM ODM Slimline l\u00edtium akkumul\u00e1tor. K\u00e9rj\u00fck,\u00a0<a href=\"https:\/\/www.kmdpower.com\/hu\/contact-us\/\">Kapcsolatfelv\u00e9tel<\/a>!<\/strong><\/li>\n<\/ul>","protected":false},"featured_media":4922,"template":"","meta":{"rank_math_lock_modified_date":false,"_kad_post_transparent":"default","_kad_post_title":"hide","_kad_post_layout":"fullwidth","_kad_post_sidebar_id":"","_kad_post_content_style":"unboxed","_kad_post_vertical_padding":"hide","_kad_post_feature":"hide","_kad_post_feature_position":"","_kad_post_header":false,"_kad_post_footer":false},"product_cat":[17,1191],"product_tag":[],"class_list":{"0":"post-4908","1":"product","2":"type-product","3":"status-publish","4":"has-post-thumbnail","6":"product_cat-home-energy-storage-system","7":"product_cat-slimline-lithium-battery","9":"first","10":"instock","11":"featured","12":"shipping-taxable","13":"product-type-simple","14":"entry","15":"content-bg","16":"loop-entry"},"_links":{"self":[{"href":"https:\/\/www.kmdpower.com\/hu\/wp-json\/wp\/v2\/product\/4908","targetHints":{"allow":["GET"]}}],"collection":[{"href":"https:\/\/www.kmdpower.com\/hu\/wp-json\/wp\/v2\/product"}],"about":[{"href":"https:\/\/www.kmdpower.com\/hu\/wp-json\/wp\/v2\/types\/product"}],"version-history":[{"count":5,"href":"https:\/\/www.kmdpower.com\/hu\/wp-json\/wp\/v2\/product\/4908\/revisions"}],"predecessor-version":[{"id":4924,"href":"https:\/\/www.kmdpower.com\/hu\/wp-json\/wp\/v2\/product\/4908\/revisions\/4924"}],"wp:featuredmedia":[{"embeddable":true,"href":"https:\/\/www.kmdpower.com\/hu\/wp-json\/wp\/v2\/media\/4922"}],"wp:attachment":[{"href":"https:\/\/www.kmdpower.com\/hu\/wp-json\/wp\/v2\/media?parent=4908"}],"wp:term":[{"taxonomy":"product_cat","embeddable":true,"href":"https:\/\/www.kmdpower.com\/hu\/wp-json\/wp\/v2\/product_cat?post=4908"},{"taxonomy":"product_tag","embeddable":true,"href":"https:\/\/www.kmdpower.com\/hu\/wp-json\/wp\/v2\/product_tag?post=4908"}],"curies":[{"name":"wp","href":"https:\/\/api.w.org\/{rel}","templated":true}]}}