{"id":4478,"date":"2025-06-04T10:14:14","date_gmt":"2025-06-04T10:14:14","guid":{"rendered":"https:\/\/www.kmdpower.com\/?post_type=product&#038;p=4478"},"modified":"2025-06-05T12:20:18","modified_gmt":"2025-06-05T12:20:18","slug":"kamada-power-10kwh-home-sodium-battery","status":"publish","type":"product","link":"https:\/\/www.kmdpower.com\/hu\/product\/kamada-power-10kwh-home-sodium-battery\/","title":{"rendered":"Kamada Power 10kWh otthoni n\u00e1trium akkumul\u00e1tor"},"content":{"rendered":"<div data-elementor-type=\"product-post\" data-elementor-id=\"4478\" class=\"elementor elementor-4478\" data-elementor-post-type=\"product\">\n\t\t\t\t<div class=\"elementor-element elementor-element-6d06c60f e-flex e-con-boxed e-con e-parent\" data-id=\"6d06c60f\" data-element_type=\"container\" data-settings=\"{&quot;_ha_eqh_enable&quot;:false}\">\n\t\t\t\t\t<div class=\"e-con-inner\">\n\t\t\t\t<div class=\"elementor-element elementor-element-69101ed elementor-widget elementor-widget-text-editor\" data-id=\"69101ed\" data-element_type=\"widget\" data-widget_type=\"text-editor.default\">\n\t\t\t\t<div class=\"elementor-widget-container\">\n\t\t\t\t\t\t\t<p><img fetchpriority=\"high\" decoding=\"async\" class=\"aligncenter\" src=\"https:\/\/www.kmdpower.com\/wp-content\/uploads\/kamada-power-48v-210ah-10kWh-Home-Sodium-Battery-001.jpg\" alt=\"\" width=\"1000\" height=\"420\" \/><br \/><img decoding=\"async\" class=\"size-full wp-image-4495 aligncenter\" src=\"https:\/\/www.kmdpower.com\/wp-content\/uploads\/kamada-power-48v-210ah-10kWh-Home-Sodium-Battery-0002.jpg\" alt=\"\" width=\"1000\" height=\"630\" srcset=\"https:\/\/www.kmdpower.com\/wp-content\/uploads\/kamada-power-48v-210ah-10kWh-Home-Sodium-Battery-0002.jpg 1000w, https:\/\/www.kmdpower.com\/wp-content\/uploads\/kamada-power-48v-210ah-10kWh-Home-Sodium-Battery-0002-300x189.jpg 300w, https:\/\/www.kmdpower.com\/wp-content\/uploads\/kamada-power-48v-210ah-10kWh-Home-Sodium-Battery-0002-768x484.jpg 768w, https:\/\/www.kmdpower.com\/wp-content\/uploads\/kamada-power-48v-210ah-10kWh-Home-Sodium-Battery-0002-18x12.jpg 18w, https:\/\/www.kmdpower.com\/wp-content\/uploads\/kamada-power-48v-210ah-10kWh-Home-Sodium-Battery-0002-600x378.jpg 600w\" sizes=\"(max-width: 1000px) 100vw, 1000px\" \/><\/p><h3 style=\"text-align: center;\"><strong>Kamada Power 10kWh otthoni n\u00e1trium akkumul\u00e1tor jellemz\u0151i<\/strong><\/h3><p><strong>Nagy teljes\u00edtm\u00e9ny extr\u00e9m alacsony h\u0151m\u00e9rs\u00e9kleten<\/strong><br \/>Be\u00e9p\u00edtett n\u00e1trium-ion akkumul\u00e1tor BMS, t\u00e1mogatja a kis\u00fct\u00e9st -30 \u2103, f\u00e9lelem n\u00e9lk\u00fcli servere hideg id\u0151j\u00e1r\u00e1s.<\/p><p><strong>Biztons\u00e1gosabb, mint a lifepo4<\/strong><br \/>A biztons\u00e1g nem k\u00f6lts\u00e9g, hanem a j\u00f6v\u0151re vonatkoz\u00f3 beruh\u00e1z\u00e1s.<br \/>biztons\u00e1gosabb, mint a lifepo4, energia storgy.currently a legbiztons\u00e1gosabb akkumul\u00e1tor anyag<\/p><p><strong>Bluetooth Real Time<\/strong><br \/>megfigyel\u00e9s az alkalmaz\u00e1son kereszt\u00fcl (opcion\u00e1lis)<\/p><p><strong>Easy Change Inverter protokoll<\/strong><br \/>V\u00e1lassza ki az inverter protokollt a k\u00e9perny\u0151n, nincs sz\u00fcks\u00e9g extra k\u00e1belre.\u00c9rint\u0151k\u00e9perny\u0151 (opcion\u00e1lis)<\/p><h3 style=\"text-align: center;\">Megb\u00edzhat\u00f3 BMS rendszer Ultra Saftey<\/h3><p><img decoding=\"async\" class=\"aligncenter\" src=\"https:\/\/www.kmdpower.com\/wp-content\/uploads\/Kamada-Power-Battery-BMS.jpg\" alt=\"\" width=\"1000\" height=\"401\" \/><\/p><p>A Kamada Power otthoni n\u00e1triumion akkumul\u00e1tor BMS biztos\u00edtja a biztons\u00e1gos m\u0171k\u00f6d\u00e9st sz\u00e9ls\u0151s\u00e9ges h\u0151m\u00e9rs\u00e9kleten, megakad\u00e1lyozza a t\u00falt\u00f6lt\u00e9st \u00e9s a t\u00falzott kis\u00fct\u00e9st, meghosszabb\u00edtja az akkumul\u00e1tor \u00e9lettartam\u00e1t, \u00e9s megb\u00edzhat\u00f3 teljes\u00edtm\u00e9nyt ny\u00fajt hat\u00e9kony t\u00f6lt\u00e9ssel \u00e9s kis\u00fct\u00e9ssel. A rendszer biztons\u00e1ga \u00e9rdek\u00e9ben t\u00fal\u00e1ram- \u00e9s r\u00f6vidz\u00e1rlat-v\u00e9delmet is tartalmaz, \u00e9s a felhaszn\u00e1l\u00f3knak lehet\u0151s\u00e9get k\u00edn\u00e1l az akt\u00edv vagy passz\u00edv kiegyens\u00falyoz\u00e1sra az akkumul\u00e1tor teljes\u00edtm\u00e9ny\u00e9nek \u00e9s energiahat\u00e9konys\u00e1g\u00e1nak optimaliz\u00e1l\u00e1sa \u00e9rdek\u00e9ben.<\/p><p><img loading=\"lazy\" decoding=\"async\" class=\"size-full wp-image-4496 aligncenter\" src=\"https:\/\/www.kmdpower.com\/wp-content\/uploads\/kamada-power-48v-210ah-10kWh-Home-Sodium-Battery-0004.jpg\" alt=\"\" width=\"1000\" height=\"625\" srcset=\"https:\/\/www.kmdpower.com\/wp-content\/uploads\/kamada-power-48v-210ah-10kWh-Home-Sodium-Battery-0004.jpg 1000w, https:\/\/www.kmdpower.com\/wp-content\/uploads\/kamada-power-48v-210ah-10kWh-Home-Sodium-Battery-0004-300x188.jpg 300w, https:\/\/www.kmdpower.com\/wp-content\/uploads\/kamada-power-48v-210ah-10kWh-Home-Sodium-Battery-0004-768x480.jpg 768w, https:\/\/www.kmdpower.com\/wp-content\/uploads\/kamada-power-48v-210ah-10kWh-Home-Sodium-Battery-0004-18x12.jpg 18w, https:\/\/www.kmdpower.com\/wp-content\/uploads\/kamada-power-48v-210ah-10kWh-Home-Sodium-Battery-0004-600x375.jpg 600w\" sizes=\"(max-width: 1000px) 100vw, 1000px\" \/><br \/><img loading=\"lazy\" decoding=\"async\" class=\"aligncenter\" src=\"https:\/\/www.kmdpower.com\/wp-content\/uploads\/kamada-power-48v-210ah-10kWh-Home-Sodium-Battery-003.jpg\" alt=\"\" width=\"1000\" height=\"817\" \/><br \/><img loading=\"lazy\" decoding=\"async\" class=\"aligncenter\" src=\"https:\/\/www.kmdpower.com\/wp-content\/uploads\/kamada-power-48v-210ah-10kWh-Home-Sodium-Battery-005.jpg\" alt=\"\" width=\"1000\" height=\"500\" \/> <img loading=\"lazy\" decoding=\"async\" class=\"aligncenter\" src=\"https:\/\/www.kmdpower.com\/wp-content\/uploads\/kamada-power-48v-210ah-10kWh-Home-Sodium-Battery-006.jpg\" alt=\"\" width=\"1000\" height=\"465\" \/><\/p><h3>\u00a0<\/h3><h3 style=\"text-align: center;\">Kamada Power 48V 210Ah 10kWh otthoni n\u00e1trium-ion akkumul\u00e1tor alkalmaz\u00e1si forgat\u00f3k\u00f6nyve<\/h3><p><img loading=\"lazy\" decoding=\"async\" class=\"aligncenter\" src=\"https:\/\/www.kmdpower.com\/wp-content\/uploads\/kamada-power-48v-210ah-10kWh-Home-Sodium-Battery-007.jpg\" alt=\"\" width=\"1000\" height=\"349\" \/><\/p><p style=\"text-align: center;\">Kamada Power 48v 210Ah 10kWh otthoni n\u00e1triumion akkumul\u00e1tor Alkalmaz\u00e1s: Elektromos energiaell\u00e1t\u00f3 rendszerek, hideg k\u00f6rnyezethez.<\/p><h3 style=\"text-align: center;\">\u00a0<\/h3><h3 style=\"text-align: center;\">Shenzhen Kamada Electronic Co., Ltd.<br \/>Kamada Power ki\u00e1ll\u00edt\u00e1s<\/h3><p>\u00a0<\/p><p><img loading=\"lazy\" decoding=\"async\" class=\"size-full wp-image-4506 aligncenter\" src=\"https:\/\/www.kmdpower.com\/wp-content\/uploads\/about-kamada-power-000-scaled.jpg\" alt=\"\" width=\"932\" height=\"2560\" srcset=\"https:\/\/www.kmdpower.com\/wp-content\/uploads\/about-kamada-power-000-scaled.jpg 932w, https:\/\/www.kmdpower.com\/wp-content\/uploads\/about-kamada-power-000-109x300.jpg 109w, https:\/\/www.kmdpower.com\/wp-content\/uploads\/about-kamada-power-000-373x1024.jpg 373w, https:\/\/www.kmdpower.com\/wp-content\/uploads\/about-kamada-power-000-768x2109.jpg 768w, https:\/\/www.kmdpower.com\/wp-content\/uploads\/about-kamada-power-000-559x1536.jpg 559w, https:\/\/www.kmdpower.com\/wp-content\/uploads\/about-kamada-power-000-746x2048.jpg 746w, https:\/\/www.kmdpower.com\/wp-content\/uploads\/about-kamada-power-000-4x12.jpg 4w, https:\/\/www.kmdpower.com\/wp-content\/uploads\/about-kamada-power-000-600x1648.jpg 600w\" sizes=\"(max-width: 932px) 100vw, 932px\" \/><\/p>\t\t\t\t\t\t<\/div>\n\t\t\t\t<\/div>\n\t\t\t\t\t<\/div>\n\t\t\t\t<\/div>\n\t\t\t\t<\/div>","protected":false},"excerpt":{"rendered":"<ul>\n<li><strong>Modell:<\/strong> 48V 210Ah 10kWh otthoni n\u00e1trium-ion akkumul\u00e1tor<\/li>\n<li><strong>S\u00faly:<\/strong> 102KGS-104KGS (kerekekkel)<\/li>\n<li><strong>Ciklusos \u00e9lettartam: <\/strong>6000 alkalommal<\/li>\n<li><strong>M\u00e9retek:<\/strong> 470 x 680 x 240 mm (kerekek n\u00e9lk\u00fcl)<\/li>\n<li><strong>Tan\u00fas\u00edtv\u00e1ny:<\/strong>\u00a0CE\/UN38.3\/MSDS<\/li>\n<li><strong>N\u00e1triumion akkumul\u00e1tor gy\u00e1rt\u00f3k:<\/strong>\u00a0Kamada Power<\/li>\n<li><strong>Akkumul\u00e1tor t\u00edpusa: Akkumul\u00e1tor t\u00edpusa:<\/strong>\u00a0N\u00e1trium-ion akkumul\u00e1tor<\/li>\n<li><strong>F\u0151 jellemz\u0151k:<\/strong> Kiv\u00e1l\u00f3 alacsony h\u0151m\u00e9rs\u00e9kleti teljes\u00edtm\u00e9ny (-30 \u2103 ~ + 60 \u2103), RS485 \/ RS232 \/ Bluetooth \/ CAN (opcion\u00e1lis), testreszabott APP, IP21<\/li>\n<li><strong>Akkumul\u00e1tor-t\u00e1mogat\u00e1s:<\/strong> Nagykereskedelem, OEM.ODM 48V 210Ah 10kWh otthoni n\u00e1trium-ion akkumul\u00e1tor<\/li>\n<li><strong>Garancia:<\/strong> 10 \u00e9v<\/li>\n<li><strong>Sz\u00e1ll\u00edt\u00e1si id\u0151:<\/strong>\u00a07-14 nap mint\u00e1khoz, 35-60 nap t\u00f6megtermel\u00e9shez<\/li>\n<li><strong>Kamada Power akkumul\u00e1tor term\u00e9kek t\u00e1mogat\u00e1sa Nagykereskedelem, forgalmaz\u00f3k \u00e9s OEM ODM egyedi akkumul\u00e1tor. K\u00e9rj\u00fck,\u00a0<a title=\"Kapcsolat Kamada Power\" href=\"https:\/\/www.kmdpower.com\/hu\/contact-us\/\" target=\"_blank\" rel=\"noopener\">Kapcsolatfelv\u00e9tel<\/a>!<\/strong><\/li>\n<\/ul>","protected":false},"featured_media":4481,"template":"","meta":{"rank_math_lock_modified_date":false,"_kad_post_transparent":"default","_kad_post_title":"","_kad_post_layout":"default","_kad_post_sidebar_id":"","_kad_post_content_style":"default","_kad_post_vertical_padding":"default","_kad_post_feature":"","_kad_post_feature_position":"","_kad_post_header":false,"_kad_post_footer":false},"product_cat":[17,32],"product_tag":[40,42,45,46,71],"class_list":{"0":"post-4478","1":"product","2":"type-product","3":"status-publish","4":"has-post-thumbnail","6":"product_cat-home-energy-storage-system","7":"product_cat-sodium-ion-battery-manufacturers","8":"product_tag-china-sodium-ion-battery-factory","9":"product_tag-china-sodium-ion-battery-supplier","10":"product_tag-custom-sodium-ion-battery-manufacturers","11":"product_tag-custom-sodium-ion-battery-supplier","12":"product_tag-sodium-ion-battery","14":"first","15":"instock","16":"featured","17":"shipping-taxable","18":"product-type-simple","19":"entry","20":"content-bg","21":"loop-entry"},"_links":{"self":[{"href":"https:\/\/www.kmdpower.com\/hu\/wp-json\/wp\/v2\/product\/4478","targetHints":{"allow":["GET"]}}],"collection":[{"href":"https:\/\/www.kmdpower.com\/hu\/wp-json\/wp\/v2\/product"}],"about":[{"href":"https:\/\/www.kmdpower.com\/hu\/wp-json\/wp\/v2\/types\/product"}],"version-history":[{"count":5,"href":"https:\/\/www.kmdpower.com\/hu\/wp-json\/wp\/v2\/product\/4478\/revisions"}],"predecessor-version":[{"id":4509,"href":"https:\/\/www.kmdpower.com\/hu\/wp-json\/wp\/v2\/product\/4478\/revisions\/4509"}],"wp:featuredmedia":[{"embeddable":true,"href":"https:\/\/www.kmdpower.com\/hu\/wp-json\/wp\/v2\/media\/4481"}],"wp:attachment":[{"href":"https:\/\/www.kmdpower.com\/hu\/wp-json\/wp\/v2\/media?parent=4478"}],"wp:term":[{"taxonomy":"product_cat","embeddable":true,"href":"https:\/\/www.kmdpower.com\/hu\/wp-json\/wp\/v2\/product_cat?post=4478"},{"taxonomy":"product_tag","embeddable":true,"href":"https:\/\/www.kmdpower.com\/hu\/wp-json\/wp\/v2\/product_tag?post=4478"}],"curies":[{"name":"wp","href":"https:\/\/api.w.org\/{rel}","templated":true}]}}