{"id":4281,"date":"2025-03-29T10:15:24","date_gmt":"2025-03-29T10:15:24","guid":{"rendered":"https:\/\/www.kmdpower.com\/?post_type=product&#038;p=4281"},"modified":"2025-06-20T12:10:08","modified_gmt":"2025-06-20T12:10:08","slug":"kamada-power-10kwh-all-in-one-battery-and-inverter","status":"publish","type":"product","link":"https:\/\/www.kmdpower.com\/hu\/kamada-power-10kwh-all-in-one-battery-and-inverter\/","title":{"rendered":"Kamada Power 10kWh All in One akkumul\u00e1tor \u00e9s inverter"},"content":{"rendered":"<p><a href=\"https:\/\/www.kmdpower.com\/hu\/contact-us\/\"><img fetchpriority=\"high\" decoding=\"async\" class=\"aligncenter\" src=\"http:\/\/www.kmdpower.com\/wp-content\/uploads\/Contact-US-Kamada-Power-Shenzhen-Kamada-Electronic-Co-Ltd.jpg\" alt=\"\" width=\"1000\" height=\"200\" \/><\/a><\/p>\n<p>&nbsp;<\/p>\n<p><img decoding=\"async\" class=\"wp-image-4288 size-full aligncenter\" src=\"https:\/\/www.kmdpower.com\/wp-content\/uploads\/Kamada-Power-10kWh-15kWh-All-in-One-Battery-and-Inverter-Desc-001.jpg\" alt=\"\" width=\"1000\" height=\"414\" srcset=\"https:\/\/www.kmdpower.com\/wp-content\/uploads\/Kamada-Power-10kWh-15kWh-All-in-One-Battery-and-Inverter-Desc-001.jpg 1000w, https:\/\/www.kmdpower.com\/wp-content\/uploads\/Kamada-Power-10kWh-15kWh-All-in-One-Battery-and-Inverter-Desc-001-300x124.jpg 300w, https:\/\/www.kmdpower.com\/wp-content\/uploads\/Kamada-Power-10kWh-15kWh-All-in-One-Battery-and-Inverter-Desc-001-768x318.jpg 768w, https:\/\/www.kmdpower.com\/wp-content\/uploads\/Kamada-Power-10kWh-15kWh-All-in-One-Battery-and-Inverter-Desc-001-18x7.jpg 18w, https:\/\/www.kmdpower.com\/wp-content\/uploads\/Kamada-Power-10kWh-15kWh-All-in-One-Battery-and-Inverter-Desc-001-600x248.jpg 600w\" sizes=\"(max-width: 1000px) 100vw, 1000px\" \/><\/p>\n<h3 style=\"text-align: center;\">Kamada Power 10kWh All in One akkumul\u00e1tor \u00e9s inverter jellemz\u0151i<\/h3>\n<p><img decoding=\"async\" class=\"wp-image-4289 size-full aligncenter\" src=\"https:\/\/www.kmdpower.com\/wp-content\/uploads\/Kamada-Power-10kWh-15kWh-All-in-One-Battery-and-Inverter-Desc-002.jpg\" alt=\"\" width=\"1000\" height=\"788\" srcset=\"https:\/\/www.kmdpower.com\/wp-content\/uploads\/Kamada-Power-10kWh-15kWh-All-in-One-Battery-and-Inverter-Desc-002.jpg 1000w, https:\/\/www.kmdpower.com\/wp-content\/uploads\/Kamada-Power-10kWh-15kWh-All-in-One-Battery-and-Inverter-Desc-002-300x236.jpg 300w, https:\/\/www.kmdpower.com\/wp-content\/uploads\/Kamada-Power-10kWh-15kWh-All-in-One-Battery-and-Inverter-Desc-002-768x605.jpg 768w, https:\/\/www.kmdpower.com\/wp-content\/uploads\/Kamada-Power-10kWh-15kWh-All-in-One-Battery-and-Inverter-Desc-002-15x12.jpg 15w, https:\/\/www.kmdpower.com\/wp-content\/uploads\/Kamada-Power-10kWh-15kWh-All-in-One-Battery-and-Inverter-Desc-002-600x473.jpg 600w\" sizes=\"(max-width: 1000px) 100vw, 1000px\" \/><\/p>\n<h3 style=\"text-align: center;\">Kiegyenl\u00edt\u00e9si funkci\u00f3\uff08Akt\u00edv vagy passz\u00edv v\u00e1laszthat\u00f3)<\/h3>\n<p>&nbsp;<\/p>\n<p><img loading=\"lazy\" decoding=\"async\" class=\"aligncenter wp-image-978 size-full\" src=\"http:\/\/www.kmdpower.com\/wp-content\/uploads\/Active-Equalization-Function-and-Active-Passive-Optional-0.png\" alt=\"Akt\u00edv kiegyenl\u00edt\u0151 funkci\u00f3 \u00e9s akt\u00edv passz\u00edv opcion\u00e1lis 0\" width=\"1000\" height=\"246\" \/><\/p>\n<div>\n<p>Ez a Kamada Power 10kWh All in One akkumul\u00e1tor \u00e9s inverter rugalmas modul\u00e1ris rendszerrel a napi h\u00e1ztart\u00e1si energiafogyaszt\u00e1s alapj\u00e1n tervezhet\u0151.Ez a kateg\u00f3ri\u00e1j\u00e1ban vezet\u0151 er\u0151m\u0171 biztos\u00edtja a napi h\u00e1ztart\u00e1si k\u00e9sz\u00fcl\u00e9kek m\u0171k\u00f6dtet\u00e9s\u00e9hez sz\u00fcks\u00e9ges energi\u00e1t, vagy ak\u00e1r az eg\u00e9sz h\u00e1z \u00e1ramell\u00e1t\u00e1s\u00e1t egy vagy k\u00e9t napra, a terhel\u00e9si ig\u00e9nyekt\u0151l f\u00fcgg\u0151en.<\/p>\n<p>&nbsp;<\/p>\n<\/div>\n<h3 style=\"text-align: center;\">A term\u00e9k kiemelked\u0151 jellemz\u0151i<\/h3>\n<p><strong>Hossz\u00fa \u00e9lettartam:<\/strong>T\u00f6bb mint 6000 ciklus @ 90% DOD<br \/>\n<strong>Alacsony energiafogyaszt\u00e1s:<\/strong>Alacsony k\u00e9szenl\u00e9ti energiafogyaszt\u00e1s \u226415W, \u00fcresj\u00e1rati vesztes\u00e9g kevesebb, mint 100W<br \/>\n<strong>Modul\u00e1ris kialak\u00edt\u00e1s:<\/strong>Annyi akkumul\u00e1tormodult adhat hozz\u00e1, amennyit csak sz\u00fcks\u00e9ges<br \/>\n<strong>Z\u00f6kken\u0151mentes kapcsol\u00e1si funkci\u00f3:<\/strong>T\u00e1mogatja a z\u00f6kken\u0151mentes v\u00e1lt\u00e1st a p\u00e1rhuzamos \u00e9s a h\u00e1l\u00f3zaton k\u00edv\u00fcli \u00fczemm\u00f3d k\u00f6z\u00f6tt (kevesebb mint 5 ms)<br \/>\n<strong>Magas fok\u00fa integr\u00e1ci\u00f3:<\/strong>Be\u00e9p\u00edtett Hybird inverter, BMS, akkumul\u00e1torbank<br \/>\n<strong>T\u00e1voli firmware:<\/strong>Ir\u00e1ny\u00edtsa \u00e9s fel\u00fcgyelje intelligens rendszer\u00e9t \u00fatk\u00f6zben a Kamada Power Monitoring alkalmaz\u00e1son \u00e9s port\u00e1lon kereszt\u00fcl.<br \/>\n<strong>Halmozhat\u00f3 kialak\u00edt\u00e1s:<\/strong>Nagyobb kapacit\u00e1sra van sz\u00fcks\u00e9ge? A modul\u00e1ris kialak\u00edt\u00e1s lehet\u0151v\u00e9 teszi t\u00f6bb egys\u00e9g p\u00e1rhuzamos telep\u00edt\u00e9s\u00e9t<br \/>\n<strong>Nagyfesz\u00fclts\u00e9g:<\/strong>A nagyfesz\u00fclts\u00e9g\u0171 BMS nagyobb hat\u00e9konys\u00e1got tesz lehet\u0151v\u00e9 a t\u00f6lt\u00e9s \u00e9s a kis\u00fct\u00e9s sor\u00e1n.<br \/>\n<strong>Kamada Power 10kWh All in One akkumul\u00e1tor \u00e9s inverter Can Stack akkumul\u00e1tor be\u00e9p\u00edtett inverterrel:<\/strong>A nagyfesz\u00fclts\u00e9g\u0171 BMS nagyobb t\u00f6lt\u00e9si \u00e9s kis\u00fct\u00e9si teljes\u00edtm\u00e9nyt tesz lehet\u0151v\u00e9 alacsonyabb \u00e1ramer\u0151ss\u00e9g mellett, nagyobb hat\u00e9konys\u00e1got biztos\u00edtva, mint a kisebb fesz\u00fclts\u00e9g\u0171 tartom\u00e1nyunk.<\/p>\n<p>&nbsp;<\/p>\n<div>\n<h3 style=\"text-align: center;\">Megb\u00edzhat\u00f3 BMS rendszer Ultra Saftey<\/h3>\n<p><img loading=\"lazy\" decoding=\"async\" class=\"aligncenter wp-image-1283 size-full\" src=\"http:\/\/www.kmdpower.com\/wp-content\/uploads\/Kamada-Power-Battery-BMS.jpg\" alt=\"Kamada Power akkumul\u00e1tor BMS\" width=\"1000\" height=\"401\" \/><\/p>\n<p style=\"text-align: left;\">A Kamada Power 10kWh All in One akkumul\u00e1tor \u00e9s inverter BMS biztos\u00edtja a biztons\u00e1gos m\u0171k\u00f6d\u00e9st sz\u00e9ls\u0151s\u00e9ges h\u0151m\u00e9rs\u00e9kleten, megakad\u00e1lyozza a t\u00falt\u00f6lt\u00e9st \u00e9s a t\u00falzott lemer\u00edt\u00e9st, meghosszabb\u00edtja az akkumul\u00e1tor \u00e9lettartam\u00e1t, \u00e9s megb\u00edzhat\u00f3 teljes\u00edtm\u00e9nyt ny\u00fajt hat\u00e9kony t\u00f6lt\u00e9ssel \u00e9s kis\u00fct\u00e9ssel. A rendszer biztons\u00e1ga \u00e9rdek\u00e9ben t\u00fal\u00e1ram- \u00e9s r\u00f6vidz\u00e1rlat-v\u00e9delmet is tartalmaz, \u00e9s a felhaszn\u00e1l\u00f3knak lehet\u0151s\u00e9get k\u00edn\u00e1l az akt\u00edv vagy passz\u00edv kiegyens\u00falyoz\u00e1sra az akkumul\u00e1tor teljes\u00edtm\u00e9ny\u00e9nek \u00e9s energiahat\u00e9konys\u00e1g\u00e1nak optimaliz\u00e1l\u00e1sa \u00e9rdek\u00e9ben.<\/p>\n<p>&nbsp;<\/p>\n<h3 style=\"text-align: center;\">Kamada Power 10kWh All in One akkumul\u00e1tor \u00e9s inverter m\u00e9rete<\/h3>\n<p><img loading=\"lazy\" decoding=\"async\" class=\"aligncenter wp-image-4286 size-full\" src=\"https:\/\/www.kmdpower.com\/wp-content\/uploads\/kamada-all-in-one-10kwh-battery-005.jpg\" alt=\"\" width=\"1000\" height=\"1114\" srcset=\"https:\/\/www.kmdpower.com\/wp-content\/uploads\/kamada-all-in-one-10kwh-battery-005.jpg 1000w, https:\/\/www.kmdpower.com\/wp-content\/uploads\/kamada-all-in-one-10kwh-battery-005-269x300.jpg 269w, https:\/\/www.kmdpower.com\/wp-content\/uploads\/kamada-all-in-one-10kwh-battery-005-919x1024.jpg 919w, https:\/\/www.kmdpower.com\/wp-content\/uploads\/kamada-all-in-one-10kwh-battery-005-768x856.jpg 768w, https:\/\/www.kmdpower.com\/wp-content\/uploads\/kamada-all-in-one-10kwh-battery-005-11x12.jpg 11w, https:\/\/www.kmdpower.com\/wp-content\/uploads\/kamada-all-in-one-10kwh-battery-005-600x668.jpg 600w\" sizes=\"(max-width: 1000px) 100vw, 1000px\" \/><\/p>\n<p>&nbsp;<\/p>\n<h3 style=\"text-align: center;\">Kamada Power 10kWh All in One akkumul\u00e1tor \u00e9s inverter alkalmaz\u00e1si forgat\u00f3k\u00f6nyv<\/h3>\n<p><img loading=\"lazy\" decoding=\"async\" class=\"aligncenter wp-image-1354 size-full\" src=\"http:\/\/www.kmdpower.com\/wp-content\/uploads\/kamada-powerwall-battery-application-scenario-.jpg\" alt=\"kamada powerwall akkumul\u00e1tor alkalmaz\u00e1si forgat\u00f3k\u00f6nyv\" width=\"1000\" height=\"462\" \/><\/p>\n<p><strong>Kamada Power 10kWh All in One akkumul\u00e1tor \u00e9s inverter A k\u00f6vetkez\u0151 alkalmaz\u00e1si forgat\u00f3k\u00f6nyvekben alkalmazhat\u00f3:<\/strong><\/p>\n<p><strong>Naprendszer:<\/strong> Napenergia-t\u00e1rol\u00e1s a napenergi\u00e1val, hogy \u00e9jjel-nappal egyenletes energi\u00e1t biztos\u00edtson.<br \/>\n<strong>Lak\u00f3kocsis utaz\u00e1s:<\/strong> Hordozhat\u00f3 energiat\u00e1rol\u00f3 az utaz\u00e1shoz.<br \/>\n<strong>Haj\u00f3 \/ Tengeri:<\/strong> Biztos\u00edtja a folyamatos \u00e1ramell\u00e1t\u00e1st vitorl\u00e1z\u00e1s vagy kik\u00f6t\u00e9s k\u00f6zben.<br \/>\n<strong>Off Grid:<\/strong> Maradjon kapcsolatban a megb\u00edzhat\u00f3 tartal\u00e9k \u00e1ramell\u00e1t\u00e1ssal t\u00e1voli helyeken.<\/p>\n<p>&nbsp;<\/p>\n<h3 style=\"text-align: center;\">Mi\u00e9rt v\u00e1lassza a Kamada Power OEM ODM akkumul\u00e1tor term\u00e9kek?<\/h3>\n<p><strong>Nem kell agg\u00f3dnia ezekkel az egyedi akkumul\u00e1tor probl\u00e9m\u00e1kkal kapcsolatos kih\u00edv\u00e1sok miatt!<\/strong><br \/>\nNem tudja teljes\u00edteni az egyedi akkumul\u00e1tor k\u00f6vetelm\u00e9nyeit, hossz\u00fa gy\u00e1rt\u00e1si \u00e1tfut\u00e1si id\u0151, lass\u00fa sz\u00e1ll\u00edt\u00e1si id\u0151, nem hat\u00e9kony kommunik\u00e1ci\u00f3, nincs min\u0151s\u00e9gi garancia, nem versenyk\u00e9pes term\u00e9k\u00e1r \u00e9s rossz szolg\u00e1ltat\u00e1si tapasztalat ezek a probl\u00e9m\u00e1k!<\/p>\n<p><strong>A szakmais\u00e1g ereje!<\/strong><br \/>\nM\u00e1r t\u00f6bb ezer akkumul\u00e1tor-\u00fcgyfelet szolg\u00e1ltunk ki k\u00fcl\u00f6nb\u00f6z\u0151 ipar\u00e1gakb\u00f3l, \u00e9s t\u00f6bb ezer akkumul\u00e1tor-term\u00e9ket testre szabtunk! Ismerj\u00fck az ig\u00e9nyek m\u00e9lyrehat\u00f3 kommunik\u00e1ci\u00f3j\u00e1nak fontoss\u00e1g\u00e1t, ismerj\u00fck az akkumul\u00e1tor-term\u00e9kek tervez\u00e9s\u00e9t\u0151l a k\u00fcl\u00f6nb\u00f6z\u0151 technikai kih\u00edv\u00e1sok \u00e9s probl\u00e9m\u00e1k t\u00f6meggy\u00e1rt\u00e1s\u00e1ig, \u00e9s tudjuk, hogyan lehet gyorsan \u00e9s hat\u00e9konyan megoldani ezeket a probl\u00e9m\u00e1kat!<\/p>\n<p><strong>Fejlesszen ki hat\u00e9kony egyedi akkumul\u00e1tor megold\u00e1sokat!<\/strong><br \/>\nEgyedi akkumul\u00e1tor ig\u00e9nyeihez igazodva, kifejezetten az akkumul\u00e1tor-technol\u00f3giai projektcsapatot jel\u00f6lj\u00fck ki, hogy 1 az 1 ellen\u00e9ben ny\u00fajtsunk \u00d6nnek szolg\u00e1ltat\u00e1st. Alaposan kommunik\u00e1ljunk \u00d6nnel az ipar\u00e1gr\u00f3l, a forgat\u00f3k\u00f6nyvekr\u0151l, a k\u00f6vetelm\u00e9nyekr\u0151l, a f\u00e1jdalmas pontokr\u00f3l, a teljes\u00edtm\u00e9nyr\u0151l, a funkcionalit\u00e1sr\u00f3l, \u00e9s fejlessz\u00fcnk ki egyedi akkumul\u00e1tor-megold\u00e1sokat.<\/p>\n<p><strong>Gyors egyedi akkumul\u00e1tor gy\u00e1rt\u00e1s sz\u00e1ll\u00edt\u00e1s!<\/strong><br \/>\nMozg\u00e9konyak \u00e9s gyorsak vagyunk, hogy seg\u00edts\u00fcnk \u00d6nnek az akkumul\u00e1tor term\u00e9ktervez\u00e9st\u0151l az akkumul\u00e1tor mintav\u00e9telez\u00e9sen \u00e1t az akkumul\u00e1tor term\u00e9k t\u00f6megtermel\u00e9s\u00e9ig. Gyors term\u00e9ktervez\u00e9s, gyors gy\u00e1rt\u00e1s \u00e9s gy\u00e1rt\u00e1s, gyors sz\u00e1ll\u00edt\u00e1s \u00e9s sz\u00e1ll\u00edt\u00e1s, legjobb min\u0151s\u00e9g \u00e9s gy\u00e1ri \u00e1r az egyedi akkumul\u00e1torok sz\u00e1m\u00e1ra!<\/p>\n<p><strong>Seg\u00edt\u00fcnk gyorsan megragadni az energiat\u00e1rol\u00f3 akkumul\u00e1torok piaci lehet\u0151s\u00e9g\u00e9t!<\/strong><br \/>\nA Kamada Power seg\u00edt \u00d6nnek gyorsan differenci\u00e1lt, szem\u00e9lyre szabott akkumul\u00e1tor-term\u00e9kek el\u0151\u00e1ll\u00edt\u00e1s\u00e1ban, a term\u00e9kek versenyk\u00e9pess\u00e9g\u00e9nek jav\u00edt\u00e1s\u00e1ban, \u00e9s abban, hogy gyorsan \u00e1tvegye a vezet\u00e9st az energiat\u00e1rol\u00f3 akkumul\u00e1torok piac\u00e1n.<\/p>\n<p>&nbsp;<\/p>\n<h3 style=\"text-align: center;\">Shenzhen Kamada Electronic Co., Ltd.<br \/>\nKamada Power ki\u00e1ll\u00edt\u00e1s<\/h3>\n<p><img loading=\"lazy\" decoding=\"async\" class=\"aligncenter wp-image-1297 size-full\" src=\"http:\/\/www.kmdpower.com\/wp-content\/uploads\/Kamada-Power-Exhibition-Shenzhen-Kamada-Electronic-Co-Ltd.png\" alt=\"Kamada Power ki\u00e1ll\u00edt\u00e1s Shenzhen Kamada Electronic Co Ltd.\" width=\"1920\" height=\"841\" \/><\/p>\n<p>&nbsp;<\/p>\n<h3 style=\"text-align: center;\">Kamada Power akkumul\u00e1tor gy\u00e1rt\u00f3k tan\u00fas\u00edt\u00e1sa<\/h3>\n<p><img loading=\"lazy\" decoding=\"async\" class=\"aligncenter wp-image-1285 size-full\" src=\"http:\/\/www.kmdpower.com\/wp-content\/uploads\/Kamada-Power-Battery-Certification.png\" alt=\"Kamada Power akkumul\u00e1tor gy\u00e1rt\u00f3k tan\u00fas\u00edt\u00e1sa\" width=\"1344\" height=\"462\" \/><\/p>\n<p>&nbsp;<\/p>\n<h3 style=\"text-align: center;\">Kamada Power l\u00edtium-ion akkumul\u00e1tor gy\u00e1rt\u00f3k gy\u00e1ri termel\u00e9si folyamat<\/h3>\n<p><img loading=\"lazy\" decoding=\"async\" class=\"aligncenter wp-image-1323 size-full\" src=\"http:\/\/www.kmdpower.com\/wp-content\/uploads\/Kamada-Power-Lithium-ion-Battery-Manufacturers-Factory-Production-Process-02.jpg\" alt=\"Kamada Power l\u00edtium-ion akkumul\u00e1tor gy\u00e1rt\u00f3k gy\u00e1ri termel\u00e9si folyamat 02\" width=\"1000\" height=\"517\" \/><\/p>\n<p>&nbsp;<\/p>\n<h3 style=\"text-align: center;\">Kamada Power akkumul\u00e1tor gy\u00e1rt\u00f3k<\/h3>\n<p><img loading=\"lazy\" decoding=\"async\" class=\"aligncenter wp-image-1324 size-full\" src=\"http:\/\/www.kmdpower.com\/wp-content\/uploads\/Kamada-Power-Lithium-ion-Battery-Manufacturers-Factory-Show.jpg\" alt=\"Kamada Power l\u00edtium-ion akkumul\u00e1tor gy\u00e1rt\u00f3k Factory Show\" width=\"1000\" height=\"584\" \/><\/p>\n<p>A Kamada Power Battery Factory minden t\u00edpus\u00fa oem odm testreszabott akkumul\u00e1tor-megold\u00e1st gy\u00e1rt: otthoni napelemes akkumul\u00e1tor, alacsony sebess\u00e9g\u0171 j\u00e1rm\u0171 akkumul\u00e1torok (golf akkumul\u00e1torok, RV akkumul\u00e1torok, \u00f3lomkonvert\u00e1lt l\u00edtium akkumul\u00e1torok, elektromos kocsi akkumul\u00e1torok, targonca akkumul\u00e1torok), tengeri akkumul\u00e1torok, s\u00e9tahaj\u00f3 akkumul\u00e1torok, nagyfesz\u00fclts\u00e9g\u0171 akkumul\u00e1torok, egym\u00e1sra helyezett akkumul\u00e1torok,\u00a0<strong><a title=\"N\u00e1trium-ion akkumul\u00e1tor gy\u00e1rt\u00f3k\" href=\"http:\/\/www.kmdpower.com\/hu\/sodium-ion-battery-manufacturers\/\" target=\"_blank\" rel=\"noopener\">N\u00e1trium-ion akkumul\u00e1tor<\/a>,\u00a0<a href=\"http:\/\/www.kmdpower.com\/hu\/commercial-energy-storage-systems\/\" target=\"_blank\" rel=\"noopener\">ipari \u00e9s kereskedelmi energiat\u00e1rol\u00f3 rendszerek<\/a><\/strong><\/p>\n<p>&nbsp;<\/p>\n<\/div>","protected":false},"excerpt":{"rendered":"<ul>\n<li><strong>Modell:<\/strong> Kamada Power 10kWh All in One akkumul\u00e1tor \u00e9s inverter<\/li>\n<li><strong>Ciklus \u00e9lettartam:<\/strong>\u00a06000 alkalommal<\/li>\n<li><strong>S\u00faly:<\/strong>\u00a060KGS<\/li>\n<li><strong>M\u00e9retek:<\/strong> 1471*570*250 mm<\/li>\n<li><strong>Tan\u00fas\u00edtv\u00e1ny:<\/strong>\u00a0CE\/UN38.3\/MSDS<\/li>\n<li><strong>All in One akkumul\u00e1tor \u00e9s inverter gy\u00e1rt\u00f3k:<\/strong>\u00a0Kamada Power<\/li>\n<li><strong>Akkumul\u00e1tor t\u00edpusa: Akkumul\u00e1tor t\u00edpusa:<\/strong>\u00a0LiFePO4 akkumul\u00e1tor<\/li>\n<li><strong>F\u0151 jellemz\u0151k:<\/strong>\u00a0WiFi, testreszabott APP (opcion\u00e1lis)<\/li>\n<li><strong>Akkumul\u00e1tor-t\u00e1mogat\u00e1s:<\/strong> Nagykereskedelem, OEM.ODM All in One akkumul\u00e1tor \u00e9s inverter<\/li>\n<li><strong>Garancia:<\/strong>\u00a010 \u00e9v<\/li>\n<li><strong>Sz\u00e1ll\u00edt\u00e1si id\u0151:<\/strong>\u00a07-14 nap mint\u00e1khoz, 35-60 nap t\u00f6megtermel\u00e9shez<\/li>\n<li><strong>Kamada Power akkumul\u00e1tor term\u00e9kek t\u00e1mogat\u00e1sa Nagykereskedelem, forgalmaz\u00f3k \u00e9s OEM ODM egyedi akkumul\u00e1tor. K\u00e9rj\u00fck,\u00a0<a title=\"Kapcsolat Kamada Power\" href=\"https:\/\/www.kmdpower.com\/hu\/contact-us\/\" target=\"_blank\" rel=\"noopener\">Kapcsolatfelv\u00e9tel<\/a>!<\/strong><\/li>\n<\/ul>","protected":false},"featured_media":4282,"template":"","meta":{"rank_math_lock_modified_date":false,"_kad_post_transparent":"default","_kad_post_title":"","_kad_post_layout":"default","_kad_post_sidebar_id":"","_kad_post_content_style":"default","_kad_post_vertical_padding":"default","_kad_post_feature":"","_kad_post_feature_position":"","_kad_post_header":false,"_kad_post_footer":false},"product_cat":[17,34],"product_tag":[1190,392],"class_list":{"0":"post-4281","1":"product","2":"type-product","3":"status-publish","4":"has-post-thumbnail","6":"product_cat-home-energy-storage-system","7":"product_cat-all-in-one-solar-power-system-manufacturers","8":"product_tag-all-in-one-battery-and-inverter","9":"product_tag-all-in-one-ess","11":"first","12":"instock","13":"featured","14":"shipping-taxable","15":"product-type-simple","16":"entry","17":"content-bg","18":"loop-entry"},"_links":{"self":[{"href":"https:\/\/www.kmdpower.com\/hu\/wp-json\/wp\/v2\/product\/4281","targetHints":{"allow":["GET"]}}],"collection":[{"href":"https:\/\/www.kmdpower.com\/hu\/wp-json\/wp\/v2\/product"}],"about":[{"href":"https:\/\/www.kmdpower.com\/hu\/wp-json\/wp\/v2\/types\/product"}],"version-history":[{"count":1,"href":"https:\/\/www.kmdpower.com\/hu\/wp-json\/wp\/v2\/product\/4281\/revisions"}],"predecessor-version":[{"id":4290,"href":"https:\/\/www.kmdpower.com\/hu\/wp-json\/wp\/v2\/product\/4281\/revisions\/4290"}],"wp:featuredmedia":[{"embeddable":true,"href":"https:\/\/www.kmdpower.com\/hu\/wp-json\/wp\/v2\/media\/4282"}],"wp:attachment":[{"href":"https:\/\/www.kmdpower.com\/hu\/wp-json\/wp\/v2\/media?parent=4281"}],"wp:term":[{"taxonomy":"product_cat","embeddable":true,"href":"https:\/\/www.kmdpower.com\/hu\/wp-json\/wp\/v2\/product_cat?post=4281"},{"taxonomy":"product_tag","embeddable":true,"href":"https:\/\/www.kmdpower.com\/hu\/wp-json\/wp\/v2\/product_tag?post=4281"}],"curies":[{"name":"wp","href":"https:\/\/api.w.org\/{rel}","templated":true}]}}