{"id":2056,"date":"2024-10-10T02:42:18","date_gmt":"2024-10-10T02:42:18","guid":{"rendered":"http:\/\/www.kmdpower.com\/?post_type=product&#038;p=2056"},"modified":"2025-01-19T06:17:18","modified_gmt":"2025-01-19T06:17:18","slug":"48v-51-2v-lifepo4-solar-battery-100ah-for-energy-power-storage-system-product","status":"publish","type":"product","link":"https:\/\/www.kmdpower.com\/hu\/48v-51-2v-lifepo4-solar-battery-100ah-for-energy-power-storage-system-product\/","title":{"rendered":"48v 51.2v lifepo4 napelem 100ah energia energiat\u00e1rol\u00f3 rendszerhez"},"content":{"rendered":"<p><a href=\"https:\/\/www.kmdpower.com\/hu\/contact-us\/\"><img fetchpriority=\"high\" decoding=\"async\" class=\"aligncenter\" src=\"http:\/\/www.kmdpower.com\/wp-content\/uploads\/Contact-US-Kamada-Power-Shenzhen-Kamada-Electronic-Co-Ltd.jpg\" alt=\"\" width=\"1000\" height=\"200\" \/><\/a><\/p>\n<p><img decoding=\"async\" class=\"aligncenter wp-image-1355 size-full\" src=\"http:\/\/www.kmdpower.com\/wp-content\/uploads\/Kamada-powerwall-battery-banner.jpg\" alt=\"Kamada powerwall akkumul\u00e1tor banner\" width=\"1000\" height=\"435\" \/><\/p>\n<h3 style=\"text-align: center;\">Kamada Power 48v 51.2V 100Ah 5kWh otthoni Lifepo4 napelemes akkumul\u00e1tor jellemz\u0151je<\/h3>\n<p><img decoding=\"async\" class=\"aligncenter wp-image-1335 size-full\" src=\"http:\/\/www.kmdpower.com\/wp-content\/uploads\/Kamada-Power-Powerwall-Wall-Mount-Lifepo4-Battery-Feature-X01.jpg\" alt=\"Kamada Powerwall Powerwall fali tart\u00f3 Lifepo4 akkumul\u00e1tor funkci\u00f3 X01\" width=\"1000\" height=\"807\" \/><\/p>\n<h3 style=\"text-align: center;\">Kiegyenl\u00edt\u00e9si funkci\u00f3\uff08Akt\u00edv vagy passz\u00edv v\u00e1laszthat\u00f3)<\/h3>\n<p>&nbsp;<\/p>\n<p><img loading=\"lazy\" decoding=\"async\" class=\"aligncenter wp-image-978 size-full\" src=\"http:\/\/www.kmdpower.com\/wp-content\/uploads\/Active-Equalization-Function-and-Active-Passive-Optional-0.png\" alt=\"Akt\u00edv kiegyenl\u00edt\u0151 funkci\u00f3 \u00e9s akt\u00edv passz\u00edv opcion\u00e1lis 0\" width=\"1000\" height=\"246\" \/><\/p>\n<div>\n<div>\n<div>\n<p>&nbsp;<\/p>\n<\/div>\n<\/div>\n<\/div>\n<div>\n<div>\n<div>\n<h3 style=\"text-align: center;\">A term\u00e9k kiemelked\u0151 jellemz\u0151i<\/h3>\n<p><strong>\u00d6nmeleg\u00edt\u0151 funkci\u00f3<\/strong><br \/>\nKezdeti f\u0171t\u00e9si h\u0151m\u00e9rs\u00e9klet \u22640 \u2103, Stop f\u0171t\u00e9si h\u0151m\u00e9rs\u00e9klet \u22655 \u2103. A lakoss\u00e1gi akkumul\u00e1torok \u00f6nmeleg\u00edt\u0151 funkci\u00f3ja hat\u00e9konyan oldja meg a hideg id\u0151j\u00e1r\u00e1sban bek\u00f6vetkez\u0151 teljes\u00edtm\u00e9nyroml\u00e1s kih\u00edv\u00e1s\u00e1t, biztos\u00edtva a megb\u00edzhat\u00f3 m\u0171k\u00f6d\u00e9st \u00e9s a meghosszabb\u00edtott \u00e9lettartamot m\u00e9g zord \u00e9ghajlaton is, ez\u00e1ltal cs\u00f6kkentve a karbantart\u00e1si k\u00f6lts\u00e9geket \u00e9s n\u00f6velve az energiat\u00e1rol\u00e1s \u00e1ltal\u00e1nos hat\u00e9konys\u00e1g\u00e1t.<\/p>\n<p><strong>\u00d6n\u00e1ll\u00f3an kiv\u00e1lasztott protokollok t\u00e1mogat\u00e1sa<\/strong><\/p>\n<p>egyszer\u0171 \u00e9s k\u00f6nnyen \u00e9s gyorsan integr\u00e1lhat\u00f3 inverterek.<\/p>\n<p><strong>Bluetooth val\u00f3s idej\u0171 fel\u00fcgyelet alkalmaz\u00e1son kereszt\u00fcl<\/strong><br \/>\nAz otthoni akkumul\u00e1torok val\u00f3s idej\u0171 Bluetooth-fel\u00fcgyelete egy alkalmaz\u00e1son kereszt\u00fcl megoldja az energiafelhaszn\u00e1l\u00e1s korl\u00e1tozott \u00e1tl\u00e1that\u00f3s\u00e1g\u00e1nak \u00e9s ellen\u0151rz\u00e9s\u00e9nek f\u00e1jdalmas pontj\u00e1t, k\u00e9nyelmes \u00e9s azonnali hozz\u00e1f\u00e9r\u00e9st biztos\u00edtva \u00d6nnek az energiafogyaszt\u00e1s \u00e9s a t\u00e1rol\u00e1si hat\u00e9konys\u00e1g optimaliz\u00e1l\u00e1s\u00e1hoz.<\/p>\n<p><strong>LiFePO4 akkumul\u00e1tor<\/strong><br \/>\n6000 k\u00f6bcenti Hossz\u00fa \u00e9lettartam, k\u00f6nny\u0171 s\u00faly, nagyobb kapacit\u00e1s, nincs karbantart\u00e1s<\/p>\n<p><strong>Modul\u00e1ris kialak\u00edt\u00e1s Plug and Play<\/strong><br \/>\nA modul\u00e1ris plug-and-play lakoss\u00e1gi akkumul\u00e1tor felfel\u00e9 ir\u00e1nyul\u00f3 vezet\u00e9kez\u00e9si kialak\u00edt\u00e1sa leegyszer\u0171s\u00edti a telep\u00edt\u00e9st, id\u0151t \u00e9s energi\u00e1t takar\u00edtva meg \u00d6nnek. Gyors telep\u00edt\u00e9st \u00e9s z\u00f6kken\u0151mentes integr\u00e1ci\u00f3t biztos\u00edt, n\u00f6velve a k\u00e9nyelmet \u00e9s a m\u0171k\u00f6d\u00e9si hat\u00e9konys\u00e1got.<\/p>\n<p><strong>DC vagy AC csatol\u00e1s, h\u00e1l\u00f3zaton vagy h\u00e1l\u00f3zaton k\u00edv\u00fcl<\/strong><br \/>\nA lakoss\u00e1gi akkumul\u00e1torok egyen\u00e1ram\u00fa vagy v\u00e1ltakoz\u00f3 \u00e1ram\u00fa csatlakoztat\u00e1sa megfelel az energiagazd\u00e1lkod\u00e1s \u00e9s a megb\u00edzhat\u00f3 tartal\u00e9k energiaell\u00e1t\u00e1s ig\u00e9nyeinek, ak\u00e1r h\u00e1l\u00f3zaton, ak\u00e1r h\u00e1l\u00f3zaton k\u00edv\u00fcl, ez\u00e1ltal n\u00f6velve az energiaf\u00fcggetlens\u00e9get \u00e9s a megb\u00edzhat\u00f3s\u00e1got.<\/p>\n<p><strong>P\u00e1rhuzamos<\/strong><br \/>\nA kamada power 10kwh powewall otthoni akkumul\u00e1tor 16 p\u00e1rhuzamos csatlakoz\u00e1st t\u00e1mogat, \u00edgy rugalmas \u00e9s sk\u00e1l\u00e1zhat\u00f3 konfigur\u00e1ci\u00f3kkal felel meg a k\u00fcl\u00f6nf\u00e9le alkalmaz\u00e1si ig\u00e9nyeknek, az energiat\u00e1rol\u00e1si megold\u00e1sok optim\u00e1lis teljes\u00edtm\u00e9nye \u00e9s k\u00f6lts\u00e9ghat\u00e9konys\u00e1ga \u00e9rdek\u00e9ben.<\/p>\n<p>&nbsp;<\/p>\n<\/div>\n<\/div>\n<\/div>\n<p>&nbsp;<\/p>\n<h3 style=\"text-align: center;\">Megb\u00edzhat\u00f3 BMS rendszer Ultra Saftey<\/h3>\n<p><img loading=\"lazy\" decoding=\"async\" class=\"aligncenter wp-image-1283 size-full\" src=\"http:\/\/www.kmdpower.com\/wp-content\/uploads\/Kamada-Power-Battery-BMS.jpg\" alt=\"Kamada Power akkumul\u00e1tor BMS\" width=\"1000\" height=\"401\" \/><\/p>\n<p style=\"text-align: left;\">A Kamada Power 48v 51.2v 100Ah 5kWh Lifepo4 Home Solar Battery BMS 48v 51.2v 100Ah 5kWh biztos\u00edtja a biztons\u00e1gos m\u0171k\u00f6d\u00e9st sz\u00e9ls\u0151s\u00e9ges h\u0151m\u00e9rs\u00e9kleten, megakad\u00e1lyozza a t\u00falt\u00f6lt\u00e9st \u00e9s a t\u00falzott kis\u00fct\u00e9st, meghosszabb\u00edtja az akkumul\u00e1tor \u00e9lettartam\u00e1t, \u00e9s megb\u00edzhat\u00f3 teljes\u00edtm\u00e9nyt ny\u00fajt a hat\u00e9kony t\u00f6lt\u00e9ssel \u00e9s kis\u00fct\u00e9ssel. A rendszer biztons\u00e1ga \u00e9rdek\u00e9ben t\u00fal\u00e1ram- \u00e9s r\u00f6vidz\u00e1rlat-v\u00e9delmet is tartalmaz, \u00e9s a felhaszn\u00e1l\u00f3knak lehet\u0151s\u00e9get k\u00edn\u00e1l az akt\u00edv vagy passz\u00edv kiegyens\u00falyoz\u00e1sra az akkumul\u00e1tor teljes\u00edtm\u00e9ny\u00e9nek \u00e9s energiahat\u00e9konys\u00e1g\u00e1nak optimaliz\u00e1l\u00e1sa \u00e9rdek\u00e9ben.<\/p>\n<p>&nbsp;<\/p>\n<h3 style=\"text-align: center;\">Kamada Power Powerwall akkumul\u00e1tor 5kwh 10kwh (m\u00e9ret s\u00faly)<\/h3>\n<p><img loading=\"lazy\" decoding=\"async\" class=\"aligncenter wp-image-1329 size-full\" src=\"http:\/\/www.kmdpower.com\/wp-content\/uploads\/kamada-power-powerwall-battery-5kwh-10kwh-size.jpg\" alt=\"kamada power powerwall akkumul\u00e1tor 5kwh 10kwh m\u00e9ret\" width=\"1000\" height=\"615\" \/><\/p>\n<p>&nbsp;<\/p>\n<h3 style=\"text-align: center;\">Kamada Power akkumul\u00e1tor inverter kompatibilis<\/h3>\n<p style=\"text-align: center;\">Kompatibilis a piacon l\u00e9v\u0151 91% inverterekkel<\/p>\n<p><img loading=\"lazy\" decoding=\"async\" class=\"aligncenter wp-image-1288 size-full\" src=\"http:\/\/www.kmdpower.com\/wp-content\/uploads\/Kamada-Power-Battery-Inverter-Compatible-X01.jpg\" alt=\"Kamada Power akkumul\u00e1tor inverter kompatibilis X01\" width=\"1000\" height=\"552\" \/><\/p>\n<p style=\"text-align: center;\"><strong>A Kamada Power akkumul\u00e1tor term\u00e9kek kompatibilisek a piacon l\u00e9v\u0151 inverter m\u00e1rk\u00e1k 91%-ivel<\/strong><\/p>\n<p>SMA, SRNE, IMEON ENGERGY, ZUCCHETTI, Ingeteam, AiSWEI, victron energy, must, moixa, megarevo, deye, growatt, studer, selectronic, voltronic power, sofar solar, sermatec, gmde, effekta, westernco, sungrow, luxpower, morningstar, delios, sungrow, luxpower, inverter m\u00e1rk\u00e1k. voltronic power,sofar solar,sermatec,gmde,effekta,westernco,sungrow,luxpower,morningstar,delios,sunosynk,aeca,saj,solarmax,redback. invt,goodwe,solis,mlt,livoltek,eneiqy,solaxpower,opti-solar,kehua tech.(<strong>Az al\u00e1bbiakban csak az inverter m\u00e1rk\u00e1k r\u00e9szleges list\u00e1ja tal\u00e1lhat\u00f3 meg<\/strong>)<\/p>\n<p>&nbsp;<\/p>\n<h3 style=\"text-align: center;\">Kamada Power Powerwall akkumul\u00e1tor csatlakoz\u00e1si diagram<\/h3>\n<p><img loading=\"lazy\" decoding=\"async\" class=\"aligncenter wp-image-1423 size-full\" src=\"http:\/\/www.kmdpower.com\/wp-content\/uploads\/powerwall-battery-L05.jpg\" alt=\"kamada power powerwall akkumul\u00e1tor 5kwh 10kwh csatlakoz\u00e1si diagram 01\" width=\"1000\" height=\"447\" \/><\/p>\n<p>&nbsp;<\/p>\n<h3 style=\"text-align: center;\">Kamada Power Powerwall otthoni akkumul\u00e1tor alkalmaz\u00e1si forgat\u00f3k\u00f6nyve<\/h3>\n<div data-node=\"66bb1ada9ec32\" data-animation-delay=\"0.0\"><img loading=\"lazy\" decoding=\"async\" class=\"aligncenter wp-image-1354 size-full\" src=\"http:\/\/www.kmdpower.com\/wp-content\/uploads\/kamada-powerwall-battery-application-scenario-.jpg\" alt=\"kamada powerwall akkumul\u00e1tor alkalmaz\u00e1si forgat\u00f3k\u00f6nyv\" width=\"1000\" height=\"462\" \/><\/div>\n<p>&nbsp;<\/p>\n<p><strong>Kamada Power Powerwall otthoni akkumul\u00e1tor A k\u00f6vetkez\u0151 alkalmaz\u00e1si forgat\u00f3k\u00f6nyvekben alkalmazhat\u00f3:<\/strong><\/p>\n<p><strong>Naprendszer:<\/strong>\u00a0Napenergia-t\u00e1rol\u00e1s a napenergi\u00e1val, hogy \u00e9jjel-nappal egyenletes energi\u00e1t biztos\u00edtson.<br \/>\n<strong>Lak\u00f3kocsis utaz\u00e1s:<\/strong>\u00a0Hordozhat\u00f3 energiat\u00e1rol\u00f3 az utaz\u00e1shoz.<br \/>\n<strong>Haj\u00f3 \/ Tengeri:<\/strong>\u00a0Biztos\u00edtja a folyamatos \u00e1ramell\u00e1t\u00e1st vitorl\u00e1z\u00e1s vagy kik\u00f6t\u00e9s k\u00f6zben.<br \/>\n<strong>Off Grid:<\/strong>\u00a0Maradjon kapcsolatban a megb\u00edzhat\u00f3 tartal\u00e9k \u00e1ramell\u00e1t\u00e1ssal t\u00e1voli helyeken.<\/p>\n<p>&nbsp;<\/p>\n<h3 style=\"text-align: center;\">Mi\u00e9rt v\u00e1lassza a Kamada Power OEM ODM akkumul\u00e1tor term\u00e9kek?<\/h3>\n<p><strong>Nem kell agg\u00f3dnia ezekkel az egyedi akkumul\u00e1tor probl\u00e9m\u00e1kkal kapcsolatos kih\u00edv\u00e1sok miatt!<\/strong><br \/>\nNem tudja teljes\u00edteni az egyedi akkumul\u00e1tor k\u00f6vetelm\u00e9nyeit, hossz\u00fa gy\u00e1rt\u00e1si \u00e1tfut\u00e1si id\u0151, lass\u00fa sz\u00e1ll\u00edt\u00e1si id\u0151, nem hat\u00e9kony kommunik\u00e1ci\u00f3, nincs min\u0151s\u00e9gi garancia, nem versenyk\u00e9pes term\u00e9k\u00e1r \u00e9s rossz szolg\u00e1ltat\u00e1si tapasztalat ezek a probl\u00e9m\u00e1k!<\/p>\n<p><strong>A szakmais\u00e1g ereje!<\/strong><br \/>\nM\u00e1r t\u00f6bb ezer akkumul\u00e1tor-\u00fcgyfelet szolg\u00e1ltunk ki k\u00fcl\u00f6nb\u00f6z\u0151 ipar\u00e1gakb\u00f3l, \u00e9s t\u00f6bb ezer akkumul\u00e1tor-term\u00e9ket testre szabtunk! Ismerj\u00fck az ig\u00e9nyek m\u00e9lyrehat\u00f3 kommunik\u00e1ci\u00f3j\u00e1nak fontoss\u00e1g\u00e1t, ismerj\u00fck az akkumul\u00e1tor-term\u00e9kek tervez\u00e9s\u00e9t\u0151l a k\u00fcl\u00f6nb\u00f6z\u0151 technikai kih\u00edv\u00e1sok \u00e9s probl\u00e9m\u00e1k t\u00f6meggy\u00e1rt\u00e1s\u00e1ig, \u00e9s tudjuk, hogyan lehet gyorsan \u00e9s hat\u00e9konyan megoldani ezeket a probl\u00e9m\u00e1kat!<\/p>\n<p><strong>Fejlesszen ki hat\u00e9kony egyedi akkumul\u00e1tor megold\u00e1sokat!<\/strong><br \/>\nEgyedi akkumul\u00e1tor ig\u00e9nyeihez igazodva, kifejezetten az akkumul\u00e1tor-technol\u00f3giai projektcsapatot jel\u00f6lj\u00fck ki, hogy 1 az 1 ellen\u00e9ben ny\u00fajtsunk \u00d6nnek szolg\u00e1ltat\u00e1st. Alaposan kommunik\u00e1ljunk \u00d6nnel az ipar\u00e1gr\u00f3l, a forgat\u00f3k\u00f6nyvekr\u0151l, a k\u00f6vetelm\u00e9nyekr\u0151l, a f\u00e1jdalmas pontokr\u00f3l, a teljes\u00edtm\u00e9nyr\u0151l, a funkcionalit\u00e1sr\u00f3l, \u00e9s fejlessz\u00fcnk ki egyedi akkumul\u00e1tor-megold\u00e1sokat.<\/p>\n<p><strong>Gyors egyedi akkumul\u00e1tor gy\u00e1rt\u00e1s sz\u00e1ll\u00edt\u00e1s!<\/strong><br \/>\nMozg\u00e9konyak \u00e9s gyorsak vagyunk, hogy seg\u00edts\u00fcnk \u00d6nnek az akkumul\u00e1tor term\u00e9ktervez\u00e9st\u0151l az akkumul\u00e1tor mintav\u00e9telez\u00e9sen \u00e1t az akkumul\u00e1tor term\u00e9k t\u00f6megtermel\u00e9s\u00e9ig. Gyors term\u00e9ktervez\u00e9s, gyors gy\u00e1rt\u00e1s \u00e9s gy\u00e1rt\u00e1s, gyors sz\u00e1ll\u00edt\u00e1s \u00e9s sz\u00e1ll\u00edt\u00e1s, legjobb min\u0151s\u00e9g \u00e9s gy\u00e1ri \u00e1r az egyedi akkumul\u00e1torok sz\u00e1m\u00e1ra!<\/p>\n<p><strong>Seg\u00edt\u00fcnk gyorsan megragadni az energiat\u00e1rol\u00f3 akkumul\u00e1torok piaci lehet\u0151s\u00e9g\u00e9t!<\/strong><br \/>\nA Kamada Power seg\u00edt \u00d6nnek gyorsan differenci\u00e1lt, szem\u00e9lyre szabott akkumul\u00e1tor-term\u00e9kek el\u0151\u00e1ll\u00edt\u00e1s\u00e1ban, a term\u00e9kek versenyk\u00e9pess\u00e9g\u00e9nek jav\u00edt\u00e1s\u00e1ban, \u00e9s abban, hogy gyorsan \u00e1tvegye a vezet\u00e9st az energiat\u00e1rol\u00f3 akkumul\u00e1torok piac\u00e1n.<\/p>\n<p>&nbsp;<\/p>\n<h3 style=\"text-align: center;\">Shenzhen Kamada Electronic Co., Ltd.<br \/>\nKamada Power ki\u00e1ll\u00edt\u00e1s<\/h3>\n<p><img loading=\"lazy\" decoding=\"async\" class=\"aligncenter wp-image-1297 size-full\" src=\"http:\/\/www.kmdpower.com\/wp-content\/uploads\/Kamada-Power-Exhibition-Shenzhen-Kamada-Electronic-Co-Ltd.png\" alt=\"Kamada Power ki\u00e1ll\u00edt\u00e1s Shenzhen Kamada Electronic Co Ltd.\" width=\"1920\" height=\"841\" \/><\/p>\n<p>&nbsp;<\/p>\n<h3 style=\"text-align: center;\">Kamada Power akkumul\u00e1tor gy\u00e1rt\u00f3k tan\u00fas\u00edt\u00e1sa<\/h3>\n<p><img loading=\"lazy\" decoding=\"async\" class=\"aligncenter wp-image-1285 size-full\" src=\"http:\/\/www.kmdpower.com\/wp-content\/uploads\/Kamada-Power-Battery-Certification.png\" alt=\"Kamada Power akkumul\u00e1tor gy\u00e1rt\u00f3k tan\u00fas\u00edt\u00e1sa\" width=\"1344\" height=\"462\" \/><\/p>\n<p>&nbsp;<\/p>\n<h3 style=\"text-align: center;\">Kamada Power l\u00edtium-ion akkumul\u00e1tor gy\u00e1rt\u00f3k gy\u00e1ri termel\u00e9si folyamat<\/h3>\n<p><img loading=\"lazy\" decoding=\"async\" class=\"aligncenter wp-image-1323 size-full\" src=\"http:\/\/www.kmdpower.com\/wp-content\/uploads\/Kamada-Power-Lithium-ion-Battery-Manufacturers-Factory-Production-Process-02.jpg\" alt=\"Kamada Power l\u00edtium-ion akkumul\u00e1tor gy\u00e1rt\u00f3k gy\u00e1ri termel\u00e9si folyamat 02\" width=\"1000\" height=\"517\" \/><\/p>\n<p>&nbsp;<\/p>\n<h3 style=\"text-align: center;\">Kamada Power akkumul\u00e1tor gy\u00e1rt\u00f3k<\/h3>\n<p><img loading=\"lazy\" decoding=\"async\" class=\"aligncenter wp-image-1324 size-full\" src=\"http:\/\/www.kmdpower.com\/wp-content\/uploads\/Kamada-Power-Lithium-ion-Battery-Manufacturers-Factory-Show.jpg\" alt=\"Kamada Power l\u00edtium-ion akkumul\u00e1tor gy\u00e1rt\u00f3k Factory Show\" width=\"1000\" height=\"584\" \/><\/p>\n<p>A Kamada Power Battery Factory minden t\u00edpus\u00fa oem odm testreszabott akkumul\u00e1tor-megold\u00e1st gy\u00e1rt: otthoni napelemes akkumul\u00e1tor, alacsony sebess\u00e9g\u0171 j\u00e1rm\u0171 akkumul\u00e1torok (golf akkumul\u00e1torok, RV akkumul\u00e1torok, \u00f3lomkonvert\u00e1lt l\u00edtium akkumul\u00e1torok, elektromos kocsi akkumul\u00e1torok, targonca akkumul\u00e1torok), tengeri akkumul\u00e1torok, s\u00e9tahaj\u00f3 akkumul\u00e1torok, nagyfesz\u00fclts\u00e9g\u0171 akkumul\u00e1torok, egym\u00e1sra helyezett akkumul\u00e1torok,\u00a0<strong><a title=\"N\u00e1trium-ion akkumul\u00e1tor gy\u00e1rt\u00f3k\" href=\"http:\/\/www.kmdpower.com\/hu\/sodium-ion-battery-manufacturers\/\" target=\"_blank\" rel=\"noopener\">N\u00e1trium-ion akkumul\u00e1tor<\/a>,\u00a0<a href=\"http:\/\/www.kmdpower.com\/hu\/commercial-energy-storage-systems\/\" target=\"_blank\" rel=\"noopener\">ipari \u00e9s kereskedelmi energiat\u00e1rol\u00f3 rendszerek<\/a><\/strong><\/p>\n<p>&nbsp;<\/p>","protected":false},"excerpt":{"rendered":"<ul>\n<li><strong>Modell:<\/strong>\u00a051.2v 100Ah 5kw Lifepo4 napelemes akkumul\u00e1tor 51,2v 100Ah 5kw<\/li>\n<li><strong>Ciklus \u00e9lettartam:<\/strong>\u00a06000 alkalommal<\/li>\n<li><strong>S\u00faly:<\/strong>\u00a045KGS<\/li>\n<li><strong>M\u00e9retek:<\/strong>\u00a0547*461*163 mm<\/li>\n<li><strong>Tan\u00fas\u00edtv\u00e1ny:<\/strong>\u00a0CE\/UN38.3\/MSDS<\/li>\n<li><strong>Lifepo4 akkumul\u00e1tor gy\u00e1rt\u00f3k:<\/strong>\u00a0Kamada Power<\/li>\n<li><strong>Akkumul\u00e1tor t\u00edpusa: Akkumul\u00e1tor t\u00edpusa:<\/strong>\u00a0LiFePO4 akkumul\u00e1tor<\/li>\n<li><strong>F\u0151 jellemz\u0151k:<\/strong>\u00a0Bluetooth, Wifi, automatikus f\u0171t\u00e9s, testreszabott APP (opcion\u00e1lis)<\/li>\n<li><strong>Akkumul\u00e1tor-t\u00e1mogat\u00e1s:<\/strong>\u00a0Nagykereskedelem, OEM.ODM Home Lifepo4 napelemes akkumul\u00e1tor<\/li>\n<li><strong>Garancia:<\/strong>\u00a05 \u00e9v<\/li>\n<li><strong>Sz\u00e1ll\u00edt\u00e1si id\u0151:<\/strong>\u00a07-14 nap mint\u00e1khoz, 35-60 nap t\u00f6megtermel\u00e9shez<\/li>\n<li><strong>Kamada Power akkumul\u00e1tor term\u00e9kek t\u00e1mogat\u00e1sa Nagykereskedelem, forgalmaz\u00f3k \u00e9s OEM ODM egyedi akkumul\u00e1tor. K\u00e9rj\u00fck,\u00a0<a title=\"Kapcsolat Kamada Power\" href=\"https:\/\/www.kmdpower.com\/hu\/contact-us\/\" target=\"_blank\" rel=\"noopener\">Kapcsolatfelv\u00e9tel<\/a>!<\/strong><\/li>\n<\/ul>","protected":false},"featured_media":855,"template":"","meta":{"rank_math_lock_modified_date":false,"_kad_post_transparent":"default","_kad_post_title":"","_kad_post_layout":"default","_kad_post_sidebar_id":"","_kad_post_content_style":"default","_kad_post_vertical_padding":"default","_kad_post_feature":"","_kad_post_feature_position":"","_kad_post_header":false,"_kad_post_footer":false},"product_cat":[17,23],"product_tag":[332],"class_list":{"0":"post-2056","1":"product","2":"type-product","3":"status-publish","4":"has-post-thumbnail","6":"product_cat-home-energy-storage-system","7":"product_cat-power-wall","8":"product_tag-52v-lifepo4-battery","10":"first","11":"instock","12":"shipping-taxable","13":"product-type-simple","14":"entry","15":"content-bg","16":"loop-entry"},"_links":{"self":[{"href":"https:\/\/www.kmdpower.com\/hu\/wp-json\/wp\/v2\/product\/2056","targetHints":{"allow":["GET"]}}],"collection":[{"href":"https:\/\/www.kmdpower.com\/hu\/wp-json\/wp\/v2\/product"}],"about":[{"href":"https:\/\/www.kmdpower.com\/hu\/wp-json\/wp\/v2\/types\/product"}],"version-history":[{"count":5,"href":"https:\/\/www.kmdpower.com\/hu\/wp-json\/wp\/v2\/product\/2056\/revisions"}],"predecessor-version":[{"id":4025,"href":"https:\/\/www.kmdpower.com\/hu\/wp-json\/wp\/v2\/product\/2056\/revisions\/4025"}],"wp:featuredmedia":[{"embeddable":true,"href":"https:\/\/www.kmdpower.com\/hu\/wp-json\/wp\/v2\/media\/855"}],"wp:attachment":[{"href":"https:\/\/www.kmdpower.com\/hu\/wp-json\/wp\/v2\/media?parent=2056"}],"wp:term":[{"taxonomy":"product_cat","embeddable":true,"href":"https:\/\/www.kmdpower.com\/hu\/wp-json\/wp\/v2\/product_cat?post=2056"},{"taxonomy":"product_tag","embeddable":true,"href":"https:\/\/www.kmdpower.com\/hu\/wp-json\/wp\/v2\/product_tag?post=2056"}],"curies":[{"name":"wp","href":"https:\/\/api.w.org\/{rel}","templated":true}]}}