{"id":4281,"date":"2025-03-29T10:15:24","date_gmt":"2025-03-29T10:15:24","guid":{"rendered":"https:\/\/www.kmdpower.com\/?post_type=product&#038;p=4281"},"modified":"2025-06-20T12:10:08","modified_gmt":"2025-06-20T12:10:08","slug":"kamada-power-10kwh-all-in-one-battery-and-inverter","status":"publish","type":"product","link":"https:\/\/www.kmdpower.com\/fr\/kamada-power-10kwh-all-in-one-battery-and-inverter\/","title":{"rendered":"Kamada Power 10kWh Batterie et onduleur tout-en-un"},"content":{"rendered":"<p><a href=\"https:\/\/www.kmdpower.com\/fr\/contact-us\/\"><img fetchpriority=\"high\" decoding=\"async\" class=\"aligncenter\" src=\"http:\/\/www.kmdpower.com\/wp-content\/uploads\/Contact-US-Kamada-Power-Shenzhen-Kamada-Electronic-Co-Ltd.jpg\" alt=\"\" width=\"1000\" height=\"200\" \/><\/a><\/p>\n<p>&nbsp;<\/p>\n<p><img decoding=\"async\" class=\"wp-image-4288 size-full aligncenter\" src=\"https:\/\/www.kmdpower.com\/wp-content\/uploads\/Kamada-Power-10kWh-15kWh-All-in-One-Battery-and-Inverter-Desc-001.jpg\" alt=\"\" width=\"1000\" height=\"414\" srcset=\"https:\/\/www.kmdpower.com\/wp-content\/uploads\/Kamada-Power-10kWh-15kWh-All-in-One-Battery-and-Inverter-Desc-001.jpg 1000w, https:\/\/www.kmdpower.com\/wp-content\/uploads\/Kamada-Power-10kWh-15kWh-All-in-One-Battery-and-Inverter-Desc-001-300x124.jpg 300w, https:\/\/www.kmdpower.com\/wp-content\/uploads\/Kamada-Power-10kWh-15kWh-All-in-One-Battery-and-Inverter-Desc-001-768x318.jpg 768w, https:\/\/www.kmdpower.com\/wp-content\/uploads\/Kamada-Power-10kWh-15kWh-All-in-One-Battery-and-Inverter-Desc-001-18x7.jpg 18w, https:\/\/www.kmdpower.com\/wp-content\/uploads\/Kamada-Power-10kWh-15kWh-All-in-One-Battery-and-Inverter-Desc-001-600x248.jpg 600w\" sizes=\"(max-width: 1000px) 100vw, 1000px\" \/><\/p>\n<h3 style=\"text-align: center;\">Kamada Power 10kWh Batterie et onduleur tout-en-un Fonctionnalit\u00e9<\/h3>\n<p><img decoding=\"async\" class=\"wp-image-4289 size-full aligncenter\" src=\"https:\/\/www.kmdpower.com\/wp-content\/uploads\/Kamada-Power-10kWh-15kWh-All-in-One-Battery-and-Inverter-Desc-002.jpg\" alt=\"\" width=\"1000\" height=\"788\" srcset=\"https:\/\/www.kmdpower.com\/wp-content\/uploads\/Kamada-Power-10kWh-15kWh-All-in-One-Battery-and-Inverter-Desc-002.jpg 1000w, https:\/\/www.kmdpower.com\/wp-content\/uploads\/Kamada-Power-10kWh-15kWh-All-in-One-Battery-and-Inverter-Desc-002-300x236.jpg 300w, https:\/\/www.kmdpower.com\/wp-content\/uploads\/Kamada-Power-10kWh-15kWh-All-in-One-Battery-and-Inverter-Desc-002-768x605.jpg 768w, https:\/\/www.kmdpower.com\/wp-content\/uploads\/Kamada-Power-10kWh-15kWh-All-in-One-Battery-and-Inverter-Desc-002-15x12.jpg 15w, https:\/\/www.kmdpower.com\/wp-content\/uploads\/Kamada-Power-10kWh-15kWh-All-in-One-Battery-and-Inverter-Desc-002-600x473.jpg 600w\" sizes=\"(max-width: 1000px) 100vw, 1000px\" \/><\/p>\n<h3 style=\"text-align: center;\">Fonction d'\u00e9galisation\uff08Active ou passive (en option)<\/h3>\n<p>&nbsp;<\/p>\n<p><img loading=\"lazy\" decoding=\"async\" class=\"aligncenter wp-image-978 size-full\" src=\"http:\/\/www.kmdpower.com\/wp-content\/uploads\/Active-Equalization-Function-and-Active-Passive-Optional-0.png\" alt=\"Fonction d&#039;\u00e9galisation active et passive active en option 0\" width=\"1000\" height=\"246\" \/><\/p>\n<div>\n<p>Cette centrale Kamada Power 10kWh All in One Battery and Inverter avec un syst\u00e8me modulaire flexible peut \u00eatre con\u00e7ue en fonction de votre consommation quotidienne d'\u00e9nergie domestique. Cette centrale de classe sup\u00e9rieure vous fournit l'\u00e9nergie n\u00e9cessaire pour faire fonctionner vos appareils m\u00e9nagers quotidiens ou m\u00eame pour fournir une alimentation de secours pour toute votre maison pendant un ou deux jours en fonction de vos demandes de charge.<\/p>\n<p>&nbsp;<\/p>\n<\/div>\n<h3 style=\"text-align: center;\">Points forts du produit<\/h3>\n<p><strong>Longue dur\u00e9e de vie :<\/strong>Plus de 6000 cycles @ 90% DOD<br \/>\n<strong>Faible consommation :<\/strong>Faible consommation d'\u00e9nergie en veille \u226415W, perte de fonctionnement \u00e0 vide inf\u00e9rieure \u00e0 100W<br \/>\n<strong>Conception modulaire :<\/strong>Ajouter autant de modules de batterie que n\u00e9cessaire<br \/>\n<strong>Fonction de commutation transparente :<\/strong>Passage transparent entre le r\u00e9seau parall\u00e8le et le r\u00e9seau hors r\u00e9seau (moins de 5 ms)<br \/>\n<strong>Int\u00e9gration pouss\u00e9e :<\/strong>Onduleur Hybird int\u00e9gr\u00e9, BMS, banc de batteries<br \/>\n<strong>Firmware \u00e0 distance :<\/strong>Contr\u00f4lez et surveillez votre Smart System en d\u00e9placement gr\u00e2ce \u00e0 l'application et au portail Kamada Power Monitoring.<br \/>\n<strong>Design empilable :<\/strong>Besoin d'une plus grande capacit\u00e9 ? La conception modulaire permet d'installer plusieurs unit\u00e9s en parall\u00e8le.<br \/>\n<strong>Haute tension :<\/strong>Le BMS \u00e0 haute tension permet d'augmenter l'efficacit\u00e9 de la charge et de la d\u00e9charge.<br \/>\n<strong>Kamada Power 10kWh All in One Battery and Inverter Can Stack Battery with Built-In Inverter :<\/strong>Le BMS haute tension permet une plus grande puissance de charge et de d\u00e9charge en fonctionnant \u00e0 un courant plus faible, ce qui offre un meilleur rendement que notre gamme de tension inf\u00e9rieure.<\/p>\n<p>&nbsp;<\/p>\n<div>\n<h3 style=\"text-align: center;\">Syst\u00e8me BMS fiable et ultra-s\u00fbr<\/h3>\n<p><img loading=\"lazy\" decoding=\"async\" class=\"aligncenter wp-image-1283 size-full\" src=\"http:\/\/www.kmdpower.com\/wp-content\/uploads\/Kamada-Power-Battery-BMS.jpg\" alt=\"Kamada Power Battery BMS\" width=\"1000\" height=\"401\" \/><\/p>\n<p style=\"text-align: left;\">Le syst\u00e8me Kamada Power 10kWh All in One Battery and Inverter BMS assure un fonctionnement s\u00fbr dans des temp\u00e9ratures extr\u00eames, emp\u00eache la surcharge et la d\u00e9charge excessive, prolonge la dur\u00e9e de vie de la batterie et fournit des performances fiables avec une charge et une d\u00e9charge efficaces. Il comprend \u00e9galement une protection contre les surintensit\u00e9s et les courts-circuits pour la s\u00e9curit\u00e9 du syst\u00e8me, et offre aux utilisateurs des options d'\u00e9quilibrage actif ou passif pour optimiser les performances de la batterie et l'efficacit\u00e9 \u00e9nerg\u00e9tique.<\/p>\n<p>&nbsp;<\/p>\n<h3 style=\"text-align: center;\">Kamada Power 10kWh All in One Batterie et onduleur Taille<\/h3>\n<p><img loading=\"lazy\" decoding=\"async\" class=\"aligncenter wp-image-4286 size-full\" src=\"https:\/\/www.kmdpower.com\/wp-content\/uploads\/kamada-all-in-one-10kwh-battery-005.jpg\" alt=\"\" width=\"1000\" height=\"1114\" srcset=\"https:\/\/www.kmdpower.com\/wp-content\/uploads\/kamada-all-in-one-10kwh-battery-005.jpg 1000w, https:\/\/www.kmdpower.com\/wp-content\/uploads\/kamada-all-in-one-10kwh-battery-005-269x300.jpg 269w, https:\/\/www.kmdpower.com\/wp-content\/uploads\/kamada-all-in-one-10kwh-battery-005-919x1024.jpg 919w, https:\/\/www.kmdpower.com\/wp-content\/uploads\/kamada-all-in-one-10kwh-battery-005-768x856.jpg 768w, https:\/\/www.kmdpower.com\/wp-content\/uploads\/kamada-all-in-one-10kwh-battery-005-11x12.jpg 11w, https:\/\/www.kmdpower.com\/wp-content\/uploads\/kamada-all-in-one-10kwh-battery-005-600x668.jpg 600w\" sizes=\"(max-width: 1000px) 100vw, 1000px\" \/><\/p>\n<p>&nbsp;<\/p>\n<h3 style=\"text-align: center;\">Sc\u00e9nario d'application de la batterie et de l'onduleur Kamada Power 10kWh All in One<\/h3>\n<p><img loading=\"lazy\" decoding=\"async\" class=\"aligncenter wp-image-1354 size-full\" src=\"http:\/\/www.kmdpower.com\/wp-content\/uploads\/kamada-powerwall-battery-application-scenario-.jpg\" alt=\"sc\u00e9nario d&#039;application de la batterie powerwall kamada\" width=\"1000\" height=\"462\" \/><\/p>\n<p><strong>Kamada Power 10kWh All in One Battery and Inverter Peut \u00eatre utilis\u00e9 dans les sc\u00e9narios d'application suivants :<\/strong><\/p>\n<p><strong>Syst\u00e8me solaire :<\/strong> Stocker l'\u00e9nergie solaire pour une alimentation constante jour et nuit.<br \/>\n<strong>Voyage en camping-car :<\/strong> Fournir un stockage d'\u00e9nergie portable pour les d\u00e9placements.<br \/>\n<strong>Bateau \/ Marine :<\/strong> Garantir une alimentation \u00e9lectrique ininterrompue en navigation ou \u00e0 quai.<br \/>\n<strong>Hors r\u00e9seau :<\/strong> Restez connect\u00e9 gr\u00e2ce \u00e0 une alimentation de secours fiable dans les endroits \u00e9loign\u00e9s.<\/p>\n<p>&nbsp;<\/p>\n<h3 style=\"text-align: center;\">Pourquoi choisir Kamada Power OEM ODM pour vos produits de batterie ?<\/h3>\n<p><strong>Vous n'avez pas \u00e0 vous soucier de ces probl\u00e8mes de piles personnalis\u00e9es !<\/strong><br \/>\nImpossibilit\u00e9 de r\u00e9pondre \u00e0 vos besoins en mati\u00e8re de piles personnalis\u00e9es, longs d\u00e9lais de production, d\u00e9lais de livraison lents, communication inefficace, absence de garantie de qualit\u00e9, prix des produits non comp\u00e9titifs et mauvaise exp\u00e9rience en mati\u00e8re de service : tels sont les probl\u00e8mes qui se posent !<\/p>\n<p><strong>Le pouvoir du professionnalisme !<\/strong><br \/>\nNous avons servi des milliers de clients du secteur des piles dans divers secteurs et personnalis\u00e9 des milliers de produits de piles ! Nous connaissons l'importance d'une communication approfondie des besoins, nous connaissons les produits de batterie, de la conception \u00e0 la production de masse, les diff\u00e9rents d\u00e9fis et probl\u00e8mes techniques, et nous savons comment r\u00e9soudre rapidement et efficacement ces probl\u00e8mes !<\/p>\n<p><strong>D\u00e9veloppez des solutions efficaces et personnalis\u00e9es pour les batteries !<\/strong><br \/>\nEn r\u00e9ponse \u00e0 vos besoins en mati\u00e8re de batteries personnalis\u00e9es, nous affecterons sp\u00e9cifiquement l'\u00e9quipe de projet de technologie des batteries pour vous fournir un service personnalis\u00e9. Nous communiquerons avec vous en profondeur sur l'industrie, les sc\u00e9narios, les exigences, les points probl\u00e9matiques, les performances, les fonctionnalit\u00e9s, et nous d\u00e9velopperons des solutions de batteries personnalis\u00e9es.<\/p>\n<p><strong>Livraison rapide de batteries personnalis\u00e9es !<\/strong><br \/>\nNous sommes agiles et rapides pour vous aider \u00e0 passer de la conception du produit de batterie, \u00e0 l'\u00e9chantillonnage de la batterie, \u00e0 la production de masse du produit de batterie. La conception du produit, la production et la fabrication, la livraison et l'exp\u00e9dition, la meilleure qualit\u00e9 et le prix d'usine pour les batteries personnalis\u00e9es sont rapides !<\/p>\n<p><strong>Vous aider \u00e0 saisir rapidement l'opportunit\u00e9 du march\u00e9 des batteries de stockage d'\u00e9nergie !<\/strong><br \/>\nKamada Power vous aide \u00e0 obtenir rapidement des produits de batterie personnalis\u00e9s et diff\u00e9renci\u00e9s, \u00e0 am\u00e9liorer la comp\u00e9titivit\u00e9 de vos produits et \u00e0 prendre rapidement la t\u00eate du march\u00e9 des batteries de stockage d'\u00e9nergie.<\/p>\n<p>&nbsp;<\/p>\n<h3 style=\"text-align: center;\">Shenzhen Kamada Electronic Co.,Ltd<br \/>\nExposition sur l'\u00e9nergie de Kamada<\/h3>\n<p><img loading=\"lazy\" decoding=\"async\" class=\"aligncenter wp-image-1297 size-full\" src=\"http:\/\/www.kmdpower.com\/wp-content\/uploads\/Kamada-Power-Exhibition-Shenzhen-Kamada-Electronic-Co-Ltd.png\" alt=\"Exposition Kamada Power Shenzhen Kamada Electronic Co Ltd\" width=\"1920\" height=\"841\" \/><\/p>\n<p>&nbsp;<\/p>\n<h3 style=\"text-align: center;\">Certification des fabricants de batteries Kamada Power<\/h3>\n<p><img loading=\"lazy\" decoding=\"async\" class=\"aligncenter wp-image-1285 size-full\" src=\"http:\/\/www.kmdpower.com\/wp-content\/uploads\/Kamada-Power-Battery-Certification.png\" alt=\"Certification des fabricants de batteries Kamada Power\" width=\"1344\" height=\"462\" \/><\/p>\n<p>&nbsp;<\/p>\n<h3 style=\"text-align: center;\">Kamada Power Lithium ion Battery Manufacturers Factory Processus de production<\/h3>\n<p><img loading=\"lazy\" decoding=\"async\" class=\"aligncenter wp-image-1323 size-full\" src=\"http:\/\/www.kmdpower.com\/wp-content\/uploads\/Kamada-Power-Lithium-ion-Battery-Manufacturers-Factory-Production-Process-02.jpg\" alt=\"Kamada Power Lithium ion Battery Manufacturers Factory Production Process 02\" width=\"1000\" height=\"517\" \/><\/p>\n<p>&nbsp;<\/p>\n<h3 style=\"text-align: center;\">Kamada Power Battery Fabricants<\/h3>\n<p><img loading=\"lazy\" decoding=\"async\" class=\"aligncenter wp-image-1324 size-full\" src=\"http:\/\/www.kmdpower.com\/wp-content\/uploads\/Kamada-Power-Lithium-ion-Battery-Manufacturers-Factory-Show.jpg\" alt=\"Exposition des fabricants de batteries lithium-ion de Kamada Power\" width=\"1000\" height=\"584\" \/><\/p>\n<p>Kamada Power Battery Factory produit tous les types de solutions de batteries oem odm personnalis\u00e9es : batteries solaires domestiques, batteries pour v\u00e9hicules \u00e0 basse vitesse (batteries de golf, batteries pour v\u00e9hicules de loisirs, batteries au lithium converties au plomb, batteries pour chariots \u00e9lectriques, batteries pour chariots \u00e9l\u00e9vateurs), batteries marines, batteries pour bateaux de croisi\u00e8re, batteries \u00e0 haute tension, batteries empil\u00e9es,\u00a0<strong><a title=\"Fabricants de batteries sodium-ion\" href=\"http:\/\/www.kmdpower.com\/fr\/sodium-ion-battery-manufacturers\/\" target=\"_blank\" rel=\"noopener\">Batterie \u00e0 ions sodium<\/a>,\u00a0<a href=\"http:\/\/www.kmdpower.com\/fr\/commercial-energy-storage-systems\/\" target=\"_blank\" rel=\"noopener\">les syst\u00e8mes de stockage d'\u00e9nergie industriels et commerciaux<\/a><\/strong><\/p>\n<p>&nbsp;<\/p>\n<\/div>","protected":false},"excerpt":{"rendered":"<ul>\n<li><strong>Mod\u00e8le :<\/strong> Kamada Power 10kWh Batterie et onduleur tout-en-un<\/li>\n<li><strong>Dur\u00e9e du cycle :<\/strong>\u00a06000 fois<\/li>\n<li><strong>Poids :<\/strong>\u00a060KGS<\/li>\n<li><strong>Dimensions :<\/strong> 1471*570*250 mm<\/li>\n<li><strong>Certificat :<\/strong>\u00a0CE\/UN38.3\/MSDS<\/li>\n<li><strong>Fabricants de batteries et d'onduleurs tout-en-un :<\/strong>\u00a0Kamada Power<\/li>\n<li><strong>Type de batterie :<\/strong>\u00a0Batterie LiFePO4<\/li>\n<li><strong>Caract\u00e9ristiques principales :<\/strong>\u00a0WiFi, APP personnalis\u00e9e (en option)<\/li>\n<li><strong>Support de batterie :<\/strong> Vente en gros, OEM.ODM Batterie et onduleur tout-en-un<\/li>\n<li><strong>Garantie :<\/strong>\u00a010 ans<\/li>\n<li><strong>D\u00e9lai de livraison :<\/strong>\u00a07-14 jours pour les \u00e9chantillons, 35-60 jours pour la production de masse<\/li>\n<li><strong>Kamada Power Battery Products prend en charge les grossistes, les distributeurs et les OEM ODM Custom Battery. S'il vous pla\u00eet\u00a0<a title=\"Contacter Kamada Power\" href=\"https:\/\/www.kmdpower.com\/fr\/contact-us\/\" target=\"_blank\" rel=\"noopener\">Contactez nous<\/a>!<\/strong><\/li>\n<\/ul>","protected":false},"featured_media":4282,"template":"","meta":{"rank_math_lock_modified_date":false,"_kad_post_transparent":"default","_kad_post_title":"","_kad_post_layout":"default","_kad_post_sidebar_id":"","_kad_post_content_style":"default","_kad_post_vertical_padding":"default","_kad_post_feature":"","_kad_post_feature_position":"","_kad_post_header":false,"_kad_post_footer":false},"product_cat":[17,34],"product_tag":[1190,392],"class_list":{"0":"post-4281","1":"product","2":"type-product","3":"status-publish","4":"has-post-thumbnail","6":"product_cat-home-energy-storage-system","7":"product_cat-all-in-one-solar-power-system-manufacturers","8":"product_tag-all-in-one-battery-and-inverter","9":"product_tag-all-in-one-ess","11":"first","12":"instock","13":"featured","14":"shipping-taxable","15":"product-type-simple","16":"entry","17":"content-bg","18":"loop-entry"},"_links":{"self":[{"href":"https:\/\/www.kmdpower.com\/fr\/wp-json\/wp\/v2\/product\/4281","targetHints":{"allow":["GET"]}}],"collection":[{"href":"https:\/\/www.kmdpower.com\/fr\/wp-json\/wp\/v2\/product"}],"about":[{"href":"https:\/\/www.kmdpower.com\/fr\/wp-json\/wp\/v2\/types\/product"}],"version-history":[{"count":1,"href":"https:\/\/www.kmdpower.com\/fr\/wp-json\/wp\/v2\/product\/4281\/revisions"}],"predecessor-version":[{"id":4290,"href":"https:\/\/www.kmdpower.com\/fr\/wp-json\/wp\/v2\/product\/4281\/revisions\/4290"}],"wp:featuredmedia":[{"embeddable":true,"href":"https:\/\/www.kmdpower.com\/fr\/wp-json\/wp\/v2\/media\/4282"}],"wp:attachment":[{"href":"https:\/\/www.kmdpower.com\/fr\/wp-json\/wp\/v2\/media?parent=4281"}],"wp:term":[{"taxonomy":"product_cat","embeddable":true,"href":"https:\/\/www.kmdpower.com\/fr\/wp-json\/wp\/v2\/product_cat?post=4281"},{"taxonomy":"product_tag","embeddable":true,"href":"https:\/\/www.kmdpower.com\/fr\/wp-json\/wp\/v2\/product_tag?post=4281"}],"curies":[{"name":"wp","href":"https:\/\/api.w.org\/{rel}","templated":true}]}}