{"id":2328,"date":"2024-10-15T06:47:13","date_gmt":"2024-10-15T06:47:13","guid":{"rendered":"http:\/\/www.kmdpower.com\/?post_type=product&#038;p=2328"},"modified":"2025-01-19T07:11:54","modified_gmt":"2025-01-19T07:11:54","slug":"vertical-ess-48v-100ah-all-in-one-5kwh-10kwh-lithium-battery-solar-hybrid-inverter-scalable-module-product","status":"publish","type":"product","link":"https:\/\/www.kmdpower.com\/fr\/vertical-ess-48v-100ah-all-in-one-5kwh-10kwh-lithium-battery-solar-hybrid-inverter-scalable-module-product\/","title":{"rendered":"Vertical ESS 48V 100Ah All In One 5kwh 10kwh Lithium Battery Solar Hybrid Inverter Scalable Module"},"content":{"rendered":"<p><a href=\"https:\/\/www.kmdpower.com\/fr\/contact-us\/\"><img fetchpriority=\"high\" decoding=\"async\" class=\"aligncenter\" src=\"http:\/\/www.kmdpower.com\/wp-content\/uploads\/Contact-US-Kamada-Power-Shenzhen-Kamada-Electronic-Co-Ltd.jpg\" alt=\"\" width=\"1000\" height=\"200\" \/><\/a><\/p>\n<p><img decoding=\"async\" class=\"aligncenter wp-image-2317 size-full\" src=\"http:\/\/www.kmdpower.com\/wp-content\/uploads\/kamada-power-all-in-one-solar-power-system-Y001.jpg\" alt=\"Syst\u00e8me d&#039;\u00e9nergie solaire Kamada Power All in One 001\" width=\"1000\" height=\"414\" \/><\/p>\n<h3 style=\"text-align: center;\">Kamada Power 48V 100Ah 5kWh All in One Solar Power System Feature<\/h3>\n<p><img decoding=\"async\" class=\"aligncenter wp-image-2318 size-full\" src=\"http:\/\/www.kmdpower.com\/wp-content\/uploads\/Kamada-Power-All-in-One-Solar-Power-System-Y002.jpg\" alt=\"Kamada Power Syst\u00e8me d&#039;\u00e9nergie solaire tout-en-un 002\" width=\"1000\" height=\"788\" \/><\/p>\n<h3 style=\"text-align: center;\">Fonction d'\u00e9galisation\uff08Active ou passive (en option)<\/h3>\n<p>&nbsp;<\/p>\n<p><img loading=\"lazy\" decoding=\"async\" class=\"aligncenter wp-image-978 size-full\" src=\"http:\/\/www.kmdpower.com\/wp-content\/uploads\/Active-Equalization-Function-and-Active-Passive-Optional-0.png\" alt=\"Fonction d&#039;\u00e9galisation active et option passive active-0\" width=\"1000\" height=\"246\" \/><\/p>\n<div>\n<p>Ce syst\u00e8me solaire Kamada Power Vertical ESS 48v 100Ah 5kWh All In One avec un syst\u00e8me modulaire flexible peut \u00eatre con\u00e7u en fonction de votre consommation quotidienne d'\u00e9nergie domestique. Cette centrale \u00e9lectrique de premier ordre vous fournit l'\u00e9nergie n\u00e9cessaire pour faire fonctionner vos appareils m\u00e9nagers quotidiens ou m\u00eame pour fournir une alimentation de secours pour toute votre maison pendant un ou deux jours en fonction de vos demandes de charge.<\/p>\n<p>&nbsp;<\/p>\n<\/div>\n<h3 style=\"text-align: center;\">Points forts du produit<\/h3>\n<p><strong>Longue dur\u00e9e de vie :<\/strong>Plus de 6000 cycles @ 90% DOD<br \/>\n<strong>Faible consommation :<\/strong>Faible consommation d'\u00e9nergie en veille \u226415W, perte de fonctionnement \u00e0 vide inf\u00e9rieure \u00e0 100W<br \/>\n<strong>Conception modulaire :<\/strong>Ajouter autant de modules de batterie que n\u00e9cessaire<br \/>\n<strong>Fonction de commutation transparente :<\/strong>Passage transparent entre le r\u00e9seau parall\u00e8le et le r\u00e9seau hors r\u00e9seau (moins de 5 ms)<br \/>\n<strong>Int\u00e9gration pouss\u00e9e :<\/strong>Onduleur Hybird int\u00e9gr\u00e9, BMS, banc de batteries<br \/>\n<strong>Firmware \u00e0 distance :<\/strong>Contr\u00f4lez et surveillez votre Smart System en d\u00e9placement gr\u00e2ce \u00e0 l'application et au portail Kamada Power Monitoring.<br \/>\n<strong>Design empilable :<\/strong>Besoin d'une plus grande capacit\u00e9 ? La conception modulaire permet d'installer plusieurs unit\u00e9s en parall\u00e8le.<br \/>\n<strong>Haute tension :<\/strong>Le BMS \u00e0 haute tension permet d'augmenter l'efficacit\u00e9 de la charge et de la d\u00e9charge.<br \/>\n<strong>Kamada Power 48v 100Ah 5kWh All in One Solar Power System Can Stack Battery with Built-In Inverter :<\/strong>Le BMS haute tension permet une plus grande puissance de charge et de d\u00e9charge en fonctionnant \u00e0 un courant plus faible, ce qui offre un meilleur rendement que notre gamme de tension inf\u00e9rieure.<\/p>\n<p>&nbsp;<\/p>\n<div>\n<h3 style=\"text-align: center;\">Syst\u00e8me BMS fiable et ultra-s\u00fbr<\/h3>\n<p><img loading=\"lazy\" decoding=\"async\" class=\"aligncenter wp-image-1283 size-full\" src=\"http:\/\/www.kmdpower.com\/wp-content\/uploads\/Kamada-Power-Battery-BMS.jpg\" alt=\"Kamada Power Battery BMS\" width=\"1000\" height=\"401\" \/><\/p>\n<p style=\"text-align: left;\">Le BMS du syst\u00e8me d'alimentation solaire Kamada Power All In One assure un fonctionnement s\u00fbr dans des temp\u00e9ratures extr\u00eames, emp\u00eache la surcharge et la d\u00e9charge excessive, prolonge la dur\u00e9e de vie de la batterie et fournit des performances fiables avec une charge et une d\u00e9charge efficaces. Il comprend \u00e9galement une protection contre les surintensit\u00e9s et les courts-circuits pour la s\u00e9curit\u00e9 du syst\u00e8me, et offre aux utilisateurs des options d'\u00e9quilibrage actif ou passif pour optimiser les performances de la batterie et l'efficacit\u00e9 \u00e9nerg\u00e9tique.<\/p>\n<p>&nbsp;<\/p>\n<h3 style=\"text-align: center;\">Kamada Power 48V 100Ah 5kWh Syst\u00e8me d'\u00e9nergie solaire tout-en-un Fonctionnalit\u00e9s<\/h3>\n<p><img loading=\"lazy\" decoding=\"async\" class=\"aligncenter wp-image-1274 size-full\" src=\"http:\/\/www.kmdpower.com\/wp-content\/uploads\/Kamada-Power-All-in-One-Solar-Power-System-0031.jpg\" alt=\"Kamada Power Syst\u00e8me d&#039;\u00e9nergie solaire tout-en-un 003\" width=\"1000\" height=\"792\" \/><\/p>\n<p><strong>Onduleur \u00e0 stockage d'\u00e9nergie :<\/strong>\u00a0Onduleur int\u00e9gr\u00e9, pas besoin d'onduleur externe, pratique et rapide \u00e0 utiliser.<br \/>\n<strong>Affichage LED :<\/strong>\u00a0donn\u00e9es de fonctionnement de la batterie en temps r\u00e9el<br \/>\n<strong>WiFi et App :<\/strong>\u00a0Les donn\u00e9es de la batterie peuvent \u00eatre visualis\u00e9es par WiFi et APP, informations en temps r\u00e9el sur la batterie du syst\u00e8me d'\u00e9nergie solaire tout-en-un.<br \/>\n<strong>Batterie Lifepo4 :<\/strong>\u00a0Batterie Lifepo4, s\u00fbre et fiable, ne n\u00e9cessitant pas d'entretien<br \/>\n<strong>Affichage du niveau de la batterie :<\/strong>\u00a0affichage en temps r\u00e9el de la progression du niveau actuel<br \/>\n<strong>Batterie empil\u00e9e :<\/strong>\u00a0facilit\u00e9 d'extension de la capacit\u00e9<br \/>\n<strong>Base de la batterie :<\/strong>\u00a0robuste et durable<\/p>\n<p>&nbsp;<\/p>\n<h3 style=\"text-align: center;\">Kamada Power 48V 100Ah All in One Solar Power System Application Scenario<\/h3>\n<p><img loading=\"lazy\" decoding=\"async\" class=\"aligncenter wp-image-1354 size-full\" src=\"http:\/\/www.kmdpower.com\/wp-content\/uploads\/kamada-powerwall-battery-application-scenario-.jpg\" alt=\"sc\u00e9nario d&#039;application de la batterie powerwall kamada\" width=\"1000\" height=\"462\" \/><\/p>\n<p><strong>Kamada Power All in One Solar Power System Peut \u00eatre utilis\u00e9 dans les sc\u00e9narios d'application suivants :<\/strong><\/p>\n<p><strong>Syst\u00e8me solaire :<\/strong> Stocker l'\u00e9nergie solaire pour une alimentation constante jour et nuit.<br \/>\n<strong>Voyage en camping-car :<\/strong> Fournir un stockage d'\u00e9nergie portable pour les d\u00e9placements.<br \/>\n<strong>Bateau \/ Marine :<\/strong> Garantir une alimentation \u00e9lectrique ininterrompue en navigation ou \u00e0 quai.<br \/>\n<strong>Hors r\u00e9seau :<\/strong> Restez connect\u00e9 gr\u00e2ce \u00e0 une alimentation de secours fiable dans les endroits \u00e9loign\u00e9s.<\/p>\n<p>&nbsp;<\/p>\n<h3 style=\"text-align: center;\">Pourquoi choisir Kamada Power OEM ODM pour vos produits de batterie ?<\/h3>\n<p><strong>Vous n'avez pas \u00e0 vous soucier de ces probl\u00e8mes de piles personnalis\u00e9es !<\/strong><br \/>\nImpossibilit\u00e9 de r\u00e9pondre \u00e0 vos besoins en mati\u00e8re de piles personnalis\u00e9es, longs d\u00e9lais de production, d\u00e9lais de livraison lents, communication inefficace, absence de garantie de qualit\u00e9, prix des produits non comp\u00e9titifs et mauvaise exp\u00e9rience en mati\u00e8re de service : tels sont les probl\u00e8mes qui se posent !<\/p>\n<p><strong>Le pouvoir du professionnalisme !<\/strong><br \/>\nNous avons servi des milliers de clients du secteur des piles dans divers secteurs et personnalis\u00e9 des milliers de produits de piles ! Nous connaissons l'importance d'une communication approfondie des besoins, nous connaissons les produits de batterie, de la conception \u00e0 la production de masse, les diff\u00e9rents d\u00e9fis et probl\u00e8mes techniques, et nous savons comment r\u00e9soudre rapidement et efficacement ces probl\u00e8mes !<\/p>\n<p><strong>D\u00e9veloppez des solutions efficaces et personnalis\u00e9es pour les batteries !<\/strong><br \/>\nEn r\u00e9ponse \u00e0 vos besoins en mati\u00e8re de batteries personnalis\u00e9es, nous affecterons sp\u00e9cifiquement l'\u00e9quipe de projet de technologie des batteries pour vous fournir un service personnalis\u00e9. Nous communiquerons avec vous en profondeur sur l'industrie, les sc\u00e9narios, les exigences, les points probl\u00e9matiques, les performances, les fonctionnalit\u00e9s, et nous d\u00e9velopperons des solutions de batteries personnalis\u00e9es.<\/p>\n<p><strong>Livraison rapide de batteries personnalis\u00e9es !<\/strong><br \/>\nNous sommes agiles et rapides pour vous aider \u00e0 passer de la conception du produit de batterie, \u00e0 l'\u00e9chantillonnage de la batterie, \u00e0 la production de masse du produit de batterie. La conception du produit, la production et la fabrication, la livraison et l'exp\u00e9dition, la meilleure qualit\u00e9 et le prix d'usine pour les batteries personnalis\u00e9es sont rapides !<\/p>\n<p><strong>Vous aider \u00e0 saisir rapidement l'opportunit\u00e9 du march\u00e9 des batteries de stockage d'\u00e9nergie !<\/strong><br \/>\nKamada Power vous aide \u00e0 obtenir rapidement des produits de batterie personnalis\u00e9s et diff\u00e9renci\u00e9s, \u00e0 am\u00e9liorer la comp\u00e9titivit\u00e9 de vos produits et \u00e0 prendre rapidement la t\u00eate du march\u00e9 des batteries de stockage d'\u00e9nergie.<\/p>\n<p>&nbsp;<\/p>\n<h3 style=\"text-align: center;\">Shenzhen Kamada Electronic Co.,Ltd<br \/>\nExposition sur l'\u00e9nergie de Kamada<\/h3>\n<p><img loading=\"lazy\" decoding=\"async\" class=\"aligncenter wp-image-1297 size-full\" src=\"http:\/\/www.kmdpower.com\/wp-content\/uploads\/Kamada-Power-Exhibition-Shenzhen-Kamada-Electronic-Co-Ltd.png\" alt=\"Exposition Kamada Power Shenzhen Kamada Electronic Co Ltd\" width=\"1920\" height=\"841\" \/><\/p>\n<p>&nbsp;<\/p>\n<h3 style=\"text-align: center;\">Certification des fabricants de batteries Kamada Power<\/h3>\n<p><img loading=\"lazy\" decoding=\"async\" class=\"aligncenter wp-image-1285 size-full\" src=\"http:\/\/www.kmdpower.com\/wp-content\/uploads\/Kamada-Power-Battery-Certification.png\" alt=\"Certification des fabricants de batteries Kamada Power\" width=\"1344\" height=\"462\" \/><\/p>\n<p>&nbsp;<\/p>\n<h3 style=\"text-align: center;\">Kamada Power Lithium ion Battery Manufacturers Factory Processus de production<\/h3>\n<p><img loading=\"lazy\" decoding=\"async\" class=\"aligncenter wp-image-1323 size-full\" src=\"http:\/\/www.kmdpower.com\/wp-content\/uploads\/Kamada-Power-Lithium-ion-Battery-Manufacturers-Factory-Production-Process-02.jpg\" alt=\"Kamada Power Lithium ion Battery Manufacturers Factory Production Process 02\" width=\"1000\" height=\"517\" \/><\/p>\n<p>&nbsp;<\/p>\n<h3 style=\"text-align: center;\">Kamada Power Battery Fabricants<\/h3>\n<p><img loading=\"lazy\" decoding=\"async\" class=\"aligncenter wp-image-1324 size-full\" src=\"http:\/\/www.kmdpower.com\/wp-content\/uploads\/Kamada-Power-Lithium-ion-Battery-Manufacturers-Factory-Show.jpg\" alt=\"Exposition des fabricants de batteries lithium-ion de Kamada Power\" width=\"1000\" height=\"584\" \/><\/p>\n<p>Kamada Power Battery Factory produit tous les types de solutions de batteries oem odm personnalis\u00e9es : batteries solaires domestiques, batteries pour v\u00e9hicules \u00e0 basse vitesse (batteries de golf, batteries pour v\u00e9hicules de loisirs, batteries au lithium converties au plomb, batteries pour chariots \u00e9lectriques, batteries pour chariots \u00e9l\u00e9vateurs), batteries marines, batteries pour bateaux de croisi\u00e8re, batteries \u00e0 haute tension, batteries empil\u00e9es,\u00a0<strong><a title=\"Fabricants de batteries sodium-ion\" href=\"http:\/\/www.kmdpower.com\/fr\/sodium-ion-battery-manufacturers\/\" target=\"_blank\" rel=\"noopener\">Batterie \u00e0 ions sodium<\/a>,\u00a0<a href=\"http:\/\/www.kmdpower.com\/fr\/commercial-energy-storage-systems\/\" target=\"_blank\" rel=\"noopener\">les syst\u00e8mes de stockage d'\u00e9nergie industriels et commerciaux<\/a><\/strong><\/p>\n<p>&nbsp;<\/p>\n<\/div>","protected":false},"excerpt":{"rendered":"<ul>\n<li><strong>Mod\u00e8le :<\/strong>\u00a0Vertical ESS 48v 100Ah 5kWh All in One Solar Power System<\/li>\n<li><strong>Dur\u00e9e du cycle :<\/strong>\u00a06000 fois<\/li>\n<li><strong>Poids :<\/strong>\u00a060KGS<\/li>\n<li><strong>Dimensions :<\/strong>\u00a0903*535*160 mm<\/li>\n<li><strong>Certificat :<\/strong>\u00a0CE\/UN38.3\/MSDS<\/li>\n<li><strong>Fabricants de syst\u00e8mes d'\u00e9nergie solaire tout-en-un :<\/strong>\u00a0Kamada Power<\/li>\n<li><strong>Type de batterie :<\/strong>\u00a0Batterie LiFePO4<\/li>\n<li><strong>Caract\u00e9ristiques principales :<\/strong>\u00a0WiFi, APP personnalis\u00e9e (en option)<\/li>\n<li><strong>Support de batterie :<\/strong>\u00a0Vente en gros, OEM.ODM Syst\u00e8me d'alimentation solaire tout-en-un<\/li>\n<li><strong>Garantie :<\/strong>\u00a010 ans<\/li>\n<li><strong>D\u00e9lai de livraison :<\/strong>\u00a07-14 jours pour les \u00e9chantillons, 35-60 jours pour la production de masse<\/li>\n<li><strong>Kamada Power Battery Products prend en charge les grossistes, les distributeurs et les OEM ODM Custom Battery. S'il vous pla\u00eet\u00a0<a title=\"Contacter Kamada Power\" href=\"https:\/\/www.kmdpower.com\/fr\/contact-us\/\" target=\"_blank\" rel=\"noopener\">Contactez nous<\/a>!<\/strong><\/li>\n<\/ul>","protected":false},"featured_media":1631,"template":"","meta":{"rank_math_lock_modified_date":false,"_kad_post_transparent":"default","_kad_post_title":"","_kad_post_layout":"default","_kad_post_sidebar_id":"","_kad_post_content_style":"default","_kad_post_vertical_padding":"default","_kad_post_feature":"","_kad_post_feature_position":"","_kad_post_header":false,"_kad_post_footer":false},"product_cat":[17,34],"product_tag":[224,242,319,327,323,324,325,326,333,334,335,336,337,338,339,340,341,342,343,344,345,346,347,366,367,384,385,388,392,79,418,509,511,616,641,706,815,816,817,932,933,934,1046,1112,1113,1120,1121,1119,1123],"class_list":{"0":"post-2328","1":"product","2":"type-product","3":"status-publish","4":"has-post-thumbnail","6":"product_cat-home-energy-storage-system","7":"product_cat-all-in-one-solar-power-system-manufacturers","8":"product_tag-3kwh-battery","9":"product_tag-48v-100ah-lifepo4-5-12-kwh","10":"product_tag-48v100ah-power-wall-5kwh-lithium-lifepo4-battery","11":"product_tag-5-12-kwh-lithium-battery","12":"product_tag-5-kw-battery","13":"product_tag-5-kwh-lithium-battery","14":"product_tag-5-kwh-lithium-ion-battery","15":"product_tag-5-kwh-solar-battery","16":"product_tag-5kw-battery","17":"product_tag-5kw-battery-storage","18":"product_tag-5kw-lithium-battery","19":"product_tag-5kw-lithium-ion-battery","20":"product_tag-5kw-powerwall","21":"product_tag-5kw-server-rack-battery","22":"product_tag-5kw-solar-battery","23":"product_tag-5kw-solar-system-battery-bank","24":"product_tag-5kwh","25":"product_tag-5kwh-2448v-server-rack-lifepo4","26":"product_tag-5kwh-48v-rack-battery","27":"product_tag-5kwh-battery-pack","28":"product_tag-5kwh-lifepo4-battery","29":"product_tag-5kwh-lithium-battery","30":"product_tag-6-5-kwh-lithium-battery","31":"product_tag-6kw-battery-storage","32":"product_tag-6kwh-lithium-battery","33":"product_tag-7kw-battery","34":"product_tag-7kwh-battery","35":"product_tag-9-6-kwh-lithium-battery","36":"product_tag-all-in-one-ess","37":"product_tag-all-in-one-solar-power-system","38":"product_tag-battery-5kwh","39":"product_tag-customized-5-kwh-lithium-ion-battery","40":"product_tag-customized-5kwh-lifepo4-battery","41":"product_tag-lifepo4-5kwh","42":"product_tag-lifepo4-battery-powerwall-5kw-48v","43":"product_tag-lithium-ion-battery-5kwh","44":"product_tag-odm-5kwh-lifepo4-battery","45":"product_tag-odm-5kwh-lifepo4-battery-manufacturer","46":"product_tag-odm-5kwh-lifepo4-battery-supplier","47":"product_tag-oem-5kwh-lifepo4-battery","48":"product_tag-oem-5kwh-lifepo4-battery-manufacturer","49":"product_tag-oem-5kwh-lifepo4-battery-supplier","50":"product_tag-server-rack-lifepo4-5kw","51":"product_tag-wholesale-48v-100ah-lifepo4-5-12-kwh-factory","52":"product_tag-wholesale-48v-100ah-lifepo4-5-12-kwh-supplier","53":"product_tag-wholesale-5-12-kwh-lithium-battery-manufacturers","54":"product_tag-wholesale-5-12-kwh-lithium-battery-supplier","55":"product_tag-wholesale-5-kwh-lithium-battery","56":"product_tag-wholesale-battery-5kwh","58":"first","59":"instock","60":"shipping-taxable","61":"product-type-simple","62":"entry","63":"content-bg","64":"loop-entry"},"_links":{"self":[{"href":"https:\/\/www.kmdpower.com\/fr\/wp-json\/wp\/v2\/product\/2328","targetHints":{"allow":["GET"]}}],"collection":[{"href":"https:\/\/www.kmdpower.com\/fr\/wp-json\/wp\/v2\/product"}],"about":[{"href":"https:\/\/www.kmdpower.com\/fr\/wp-json\/wp\/v2\/types\/product"}],"version-history":[{"count":4,"href":"https:\/\/www.kmdpower.com\/fr\/wp-json\/wp\/v2\/product\/2328\/revisions"}],"predecessor-version":[{"id":2330,"href":"https:\/\/www.kmdpower.com\/fr\/wp-json\/wp\/v2\/product\/2328\/revisions\/2330"}],"wp:featuredmedia":[{"embeddable":true,"href":"https:\/\/www.kmdpower.com\/fr\/wp-json\/wp\/v2\/media\/1631"}],"wp:attachment":[{"href":"https:\/\/www.kmdpower.com\/fr\/wp-json\/wp\/v2\/media?parent=2328"}],"wp:term":[{"taxonomy":"product_cat","embeddable":true,"href":"https:\/\/www.kmdpower.com\/fr\/wp-json\/wp\/v2\/product_cat?post=2328"},{"taxonomy":"product_tag","embeddable":true,"href":"https:\/\/www.kmdpower.com\/fr\/wp-json\/wp\/v2\/product_tag?post=2328"}],"curies":[{"name":"wp","href":"https:\/\/api.w.org\/{rel}","templated":true}]}}