{"id":4281,"date":"2025-03-29T10:15:24","date_gmt":"2025-03-29T10:15:24","guid":{"rendered":"https:\/\/www.kmdpower.com\/?post_type=product&#038;p=4281"},"modified":"2025-06-20T12:10:08","modified_gmt":"2025-06-20T12:10:08","slug":"kamada-power-10kwh-all-in-one-battery-and-inverter","status":"publish","type":"product","link":"https:\/\/www.kmdpower.com\/fi\/kamada-power-10kwh-all-in-one-battery-and-inverter\/","title":{"rendered":"Kamada Power 10kWh All in One -akku ja invertteri"},"content":{"rendered":"<p><a href=\"https:\/\/www.kmdpower.com\/fi\/contact-us\/\"><img fetchpriority=\"high\" decoding=\"async\" class=\"aligncenter\" src=\"http:\/\/www.kmdpower.com\/wp-content\/uploads\/Contact-US-Kamada-Power-Shenzhen-Kamada-Electronic-Co-Ltd.jpg\" alt=\"\" width=\"1000\" height=\"200\" \/><\/a><\/p>\n<p>&nbsp;<\/p>\n<p><img decoding=\"async\" class=\"wp-image-4288 size-full aligncenter\" src=\"https:\/\/www.kmdpower.com\/wp-content\/uploads\/Kamada-Power-10kWh-15kWh-All-in-One-Battery-and-Inverter-Desc-001.jpg\" alt=\"\" width=\"1000\" height=\"414\" srcset=\"https:\/\/www.kmdpower.com\/wp-content\/uploads\/Kamada-Power-10kWh-15kWh-All-in-One-Battery-and-Inverter-Desc-001.jpg 1000w, https:\/\/www.kmdpower.com\/wp-content\/uploads\/Kamada-Power-10kWh-15kWh-All-in-One-Battery-and-Inverter-Desc-001-300x124.jpg 300w, https:\/\/www.kmdpower.com\/wp-content\/uploads\/Kamada-Power-10kWh-15kWh-All-in-One-Battery-and-Inverter-Desc-001-768x318.jpg 768w, https:\/\/www.kmdpower.com\/wp-content\/uploads\/Kamada-Power-10kWh-15kWh-All-in-One-Battery-and-Inverter-Desc-001-18x7.jpg 18w, https:\/\/www.kmdpower.com\/wp-content\/uploads\/Kamada-Power-10kWh-15kWh-All-in-One-Battery-and-Inverter-Desc-001-600x248.jpg 600w\" sizes=\"(max-width: 1000px) 100vw, 1000px\" \/><\/p>\n<h3 style=\"text-align: center;\">Kamada Power 10kWh All in One -akku ja invertteri ominaisuus<\/h3>\n<p><img decoding=\"async\" class=\"wp-image-4289 size-full aligncenter\" src=\"https:\/\/www.kmdpower.com\/wp-content\/uploads\/Kamada-Power-10kWh-15kWh-All-in-One-Battery-and-Inverter-Desc-002.jpg\" alt=\"\" width=\"1000\" height=\"788\" srcset=\"https:\/\/www.kmdpower.com\/wp-content\/uploads\/Kamada-Power-10kWh-15kWh-All-in-One-Battery-and-Inverter-Desc-002.jpg 1000w, https:\/\/www.kmdpower.com\/wp-content\/uploads\/Kamada-Power-10kWh-15kWh-All-in-One-Battery-and-Inverter-Desc-002-300x236.jpg 300w, https:\/\/www.kmdpower.com\/wp-content\/uploads\/Kamada-Power-10kWh-15kWh-All-in-One-Battery-and-Inverter-Desc-002-768x605.jpg 768w, https:\/\/www.kmdpower.com\/wp-content\/uploads\/Kamada-Power-10kWh-15kWh-All-in-One-Battery-and-Inverter-Desc-002-15x12.jpg 15w, https:\/\/www.kmdpower.com\/wp-content\/uploads\/Kamada-Power-10kWh-15kWh-All-in-One-Battery-and-Inverter-Desc-002-600x473.jpg 600w\" sizes=\"(max-width: 1000px) 100vw, 1000px\" \/><\/p>\n<h3 style=\"text-align: center;\">Tasaustoiminto\uff08Aktiivinen tai passiivinen Valinnainen)<\/h3>\n<p>&nbsp;<\/p>\n<p><img loading=\"lazy\" decoding=\"async\" class=\"aligncenter wp-image-978 size-full\" src=\"http:\/\/www.kmdpower.com\/wp-content\/uploads\/Active-Equalization-Function-and-Active-Passive-Optional-0.png\" alt=\"Aktiivinen tasaustoiminto ja aktiivinen passiivinen valinnainen 0\" width=\"1000\" height=\"246\" \/><\/p>\n<div>\n<p>T\u00e4m\u00e4 Kamada Power 10kWh All in One -akku ja invertteri, jossa on joustava modulaarinen j\u00e4rjestelm\u00e4, voidaan suunnitella kotitaloutesi p\u00e4ivitt\u00e4isen energiankulutuksen mukaan.T\u00e4m\u00e4 luokan johtava voimalaitos tarjoaa sinulle virtaa p\u00e4ivitt\u00e4isten kodinkoneidesi k\u00e4ytt\u00e4miseen tai jopa virran varaj\u00e4rjestelm\u00e4n koko talollesi yhdeksi tai kahdeksi p\u00e4iv\u00e4ksi kuormitusvaatimuksistasi riippuen.<\/p>\n<p>&nbsp;<\/p>\n<\/div>\n<h3 style=\"text-align: center;\">Tuotteen kohokohdat<\/h3>\n<p><strong>Pitk\u00e4 k\u00e4ytt\u00f6ik\u00e4:<\/strong>Yli 6000 sykli\u00e4 @ 90% DOD<br \/>\n<strong>V\u00e4h\u00e4n virtaa:<\/strong>Alhainen virrankulutus valmiustilassa \u226415W, kuormittamaton toimintah\u00e4vi\u00f6 alle 100W.<br \/>\n<strong>Modulaarinen rakenne:<\/strong>Lis\u00e4\u00e4 niin monta akkumoduulia kuin tarvitaan<br \/>\n<strong>Saumaton vaihtotoiminto:<\/strong>Tukee saumatonta siirtymist\u00e4 rinnakkaisen ja verkon ulkopuolisen verkon v\u00e4lill\u00e4 (alle 5 ms).<br \/>\n<strong>Hyvin integroitunut:<\/strong>Sis\u00e4\u00e4nrakennettu Hybird-invertteri, BMS, akkupankki<br \/>\n<strong>Kauko-ohjelmisto:<\/strong>Ohjaa ja valvo \u00e4lyk\u00e4st\u00e4 j\u00e4rjestelm\u00e4\u00e4si liikkeell\u00e4 Kamada Power Monitoring -sovelluksen ja -portaalin avulla.<br \/>\n<strong>Pinottava muotoilu:<\/strong>Tarvitsetko suurempaa kapasiteettia? Modulaarinen rakenne mahdollistaa useiden yksik\u00f6iden asentamisen rinnakkain.<br \/>\n<strong>Korkea j\u00e4nnite:<\/strong>Korkean j\u00e4nnitteen BMS mahdollistaa suuremman hy\u00f6tysuhteen latauksessa ja purkauksessa.<br \/>\n<strong>Kamada Power 10kWh All in One -akku ja invertteri voi pinota akun sis\u00e4\u00e4nrakennetulla invertterill\u00e4:<\/strong>Korkeaj\u00e4nnite-BMS mahdollistaa suuremman lataus- ja purkaustehon pienemm\u00e4ll\u00e4 virralla, mik\u00e4 tarjoaa suuremman hy\u00f6tysuhteen kuin pienemm\u00e4n j\u00e4nnitteen valikoimamme.<\/p>\n<p>&nbsp;<\/p>\n<div>\n<h3 style=\"text-align: center;\">Luotettava BMS-j\u00e4rjestelm\u00e4 Ultra Saftey (eritt\u00e4in turvallinen)<\/h3>\n<p><img loading=\"lazy\" decoding=\"async\" class=\"aligncenter wp-image-1283 size-full\" src=\"http:\/\/www.kmdpower.com\/wp-content\/uploads\/Kamada-Power-Battery-BMS.jpg\" alt=\"Kamada Power Battery BMS\" width=\"1000\" height=\"401\" \/><\/p>\n<p style=\"text-align: left;\">Kamada Power 10kWh All in One -akku ja invertteri BMS varmistaa turvallisen toiminnan \u00e4\u00e4rimm\u00e4isiss\u00e4 l\u00e4mp\u00f6tiloissa, est\u00e4\u00e4 ylilatauksen ja ylipurkauksen, pident\u00e4\u00e4 akun k\u00e4ytt\u00f6ik\u00e4\u00e4 ja tarjoaa luotettavan suorituskyvyn tehokkaalla latauksella ja purkauksella. Se sis\u00e4lt\u00e4\u00e4 my\u00f6s ylivirta- ja oikosulkusuojauksen j\u00e4rjestelm\u00e4n turvallisuuden varmistamiseksi ja tarjoaa k\u00e4ytt\u00e4jille vaihtoehtoja aktiiviseen tai passiiviseen tasapainottamiseen akun suorituskyvyn ja energiatehokkuuden optimoimiseksi.<\/p>\n<p>&nbsp;<\/p>\n<h3 style=\"text-align: center;\">Kamada Power 10kWh All in One -akku ja invertteri Koko<\/h3>\n<p><img loading=\"lazy\" decoding=\"async\" class=\"aligncenter wp-image-4286 size-full\" src=\"https:\/\/www.kmdpower.com\/wp-content\/uploads\/kamada-all-in-one-10kwh-battery-005.jpg\" alt=\"\" width=\"1000\" height=\"1114\" srcset=\"https:\/\/www.kmdpower.com\/wp-content\/uploads\/kamada-all-in-one-10kwh-battery-005.jpg 1000w, https:\/\/www.kmdpower.com\/wp-content\/uploads\/kamada-all-in-one-10kwh-battery-005-269x300.jpg 269w, https:\/\/www.kmdpower.com\/wp-content\/uploads\/kamada-all-in-one-10kwh-battery-005-919x1024.jpg 919w, https:\/\/www.kmdpower.com\/wp-content\/uploads\/kamada-all-in-one-10kwh-battery-005-768x856.jpg 768w, https:\/\/www.kmdpower.com\/wp-content\/uploads\/kamada-all-in-one-10kwh-battery-005-11x12.jpg 11w, https:\/\/www.kmdpower.com\/wp-content\/uploads\/kamada-all-in-one-10kwh-battery-005-600x668.jpg 600w\" sizes=\"(max-width: 1000px) 100vw, 1000px\" \/><\/p>\n<p>&nbsp;<\/p>\n<h3 style=\"text-align: center;\">Kamada Power 10kWh All in One -akku ja invertteri Sovellusskenaario<\/h3>\n<p><img loading=\"lazy\" decoding=\"async\" class=\"aligncenter wp-image-1354 size-full\" src=\"http:\/\/www.kmdpower.com\/wp-content\/uploads\/kamada-powerwall-battery-application-scenario-.jpg\" alt=\"kamada powerwall-akun sovellusskenaario\" width=\"1000\" height=\"462\" \/><\/p>\n<p><strong>Kamada Power 10kWh All in One -akku ja invertteri Voidaan k\u00e4ytt\u00e4\u00e4 seuraavissa sovelluskohteissa:<\/strong><\/p>\n<p><strong>Aurinkokunta:<\/strong> Varastoi aurinkoenergiaa tasaista virtaa varten y\u00f6t\u00e4 p\u00e4iv\u00e4\u00e4.<br \/>\n<strong>Matkailuautomatkailu:<\/strong> Tarjota kannettava energiavarasto matkustamista varten.<br \/>\n<strong>Vene \/ merenkulku:<\/strong> Varmista keskeytym\u00e4t\u00f6n virransy\u00f6tt\u00f6 purjehduksen tai telakoinnin aikana.<br \/>\n<strong>Off Grid:<\/strong> Pysy yhteydess\u00e4 luotettavan varavoiman avulla syrj\u00e4isiss\u00e4 paikoissa.<\/p>\n<p>&nbsp;<\/p>\n<h3 style=\"text-align: center;\">Miksi valita Kamada Power OEM ODM akkutuotteesi?<\/h3>\n<p><strong>Sinun ei tarvitse murehtia n\u00e4it\u00e4 mukautettuja akkuongelmia haasteita!<\/strong><br \/>\nOngelmia ovat kyvytt\u00f6myys t\u00e4ytt\u00e4\u00e4 r\u00e4\u00e4t\u00e4l\u00f6ityj\u00e4 akkuvaatimuksia, pitk\u00e4 tuotantoaika, hidas toimitusaika, tehoton viestint\u00e4, ei laatutakuuta, kilpailukyvyt\u00f6n tuotteen hinta ja huono palvelukokemus!<\/p>\n<p><strong>Ammattitaidon voima!<\/strong><br \/>\nOlemme palvelleet tuhansia akkuasiakkaita eri toimialoilta ja r\u00e4\u00e4t\u00e4l\u00f6ineet tuhansia akkutuotteita! Tied\u00e4mme tarpeiden syv\u00e4llisen viestinn\u00e4n merkityksen, tunnemme akkutuotteiden suunnittelusta massatuotantoon erilaiset tekniset haasteet ja ongelmat ja miten ratkaista n\u00e4m\u00e4 ongelmat nopeasti ja tehokkaasti!<\/p>\n<p><strong>Kehit\u00e4 tehokkaita r\u00e4\u00e4t\u00e4l\u00f6ityj\u00e4 akkuratkaisuja!<\/strong><br \/>\nVastauksena r\u00e4\u00e4t\u00e4l\u00f6ityihin akkutarpeisiisi, m\u00e4\u00e4rittelemme akkuteknologiaprojektiryhm\u00e4n tarjoamaan sinulle 1-to-1-palvelua. Viestimme kanssasi perusteellisesti toimialasta, skenaarioista, vaatimuksista, kipupisteist\u00e4, suorituskyvyst\u00e4, toiminnallisuudesta ja kehit\u00e4mme r\u00e4\u00e4t\u00e4l\u00f6ityj\u00e4 akkuratkaisuja.<\/p>\n<p><strong>Nopea r\u00e4\u00e4t\u00e4l\u00f6ityjen akkujen tuotannon toimitus!<\/strong><br \/>\nOlemme ketteri\u00e4 ja nopeita auttamaan sinua akkutuotteen suunnittelusta akun n\u00e4ytteenottoon ja akkutuotteen massatuotantoon. Saavuta nopea tuotesuunnittelu, nopea tuotanto ja valmistus, nopea toimitus ja l\u00e4hetys, paras laatu ja tehtaan hinta r\u00e4\u00e4t\u00e4l\u00f6idyille akuille!<\/p>\n<p><strong>Auttaa sinua tarttumaan nopeasti energiavarastointiakkujen markkinamahdollisuuksiin!<\/strong><br \/>\nKamada Power auttaa sinua saamaan nopeasti aikaan erilaistuneita r\u00e4\u00e4t\u00e4l\u00f6ityj\u00e4 akkutuotteita, parantamaan tuotteiden kilpailukyky\u00e4 ja ottamaan nopeasti johtoaseman energiavarastointiakkujen markkinoilla.<\/p>\n<p>&nbsp;<\/p>\n<h3 style=\"text-align: center;\">Shenzhen Kamada Electronic Co., Ltd<br \/>\nKamada Power -n\u00e4yttely<\/h3>\n<p><img loading=\"lazy\" decoding=\"async\" class=\"aligncenter wp-image-1297 size-full\" src=\"http:\/\/www.kmdpower.com\/wp-content\/uploads\/Kamada-Power-Exhibition-Shenzhen-Kamada-Electronic-Co-Ltd.png\" alt=\"Kamada Power n\u00e4yttely Shenzhen Kamada Electronic Co Ltd\" width=\"1920\" height=\"841\" \/><\/p>\n<p>&nbsp;<\/p>\n<h3 style=\"text-align: center;\">Kamada Power Battery Valmistajien sertifiointi<\/h3>\n<p><img loading=\"lazy\" decoding=\"async\" class=\"aligncenter wp-image-1285 size-full\" src=\"http:\/\/www.kmdpower.com\/wp-content\/uploads\/Kamada-Power-Battery-Certification.png\" alt=\"Kamada Power Battery Valmistajien sertifiointi\" width=\"1344\" height=\"462\" \/><\/p>\n<p>&nbsp;<\/p>\n<h3 style=\"text-align: center;\">Kamada Power litiumioniakkujen valmistajat Factory tuotantoprosessi<\/h3>\n<p><img loading=\"lazy\" decoding=\"async\" class=\"aligncenter wp-image-1323 size-full\" src=\"http:\/\/www.kmdpower.com\/wp-content\/uploads\/Kamada-Power-Lithium-ion-Battery-Manufacturers-Factory-Production-Process-02.jpg\" alt=\"Kamada Power litiumioniakkujen valmistajat Factory tuotantoprosessi 02\" width=\"1000\" height=\"517\" \/><\/p>\n<p>&nbsp;<\/p>\n<h3 style=\"text-align: center;\">Kamada Power akkujen valmistajat<\/h3>\n<p><img loading=\"lazy\" decoding=\"async\" class=\"aligncenter wp-image-1324 size-full\" src=\"http:\/\/www.kmdpower.com\/wp-content\/uploads\/Kamada-Power-Lithium-ion-Battery-Manufacturers-Factory-Show.jpg\" alt=\"Kamada Power litiumioniakkujen valmistajat Factory Show\" width=\"1000\" height=\"584\" \/><\/p>\n<p>Kamada Power Battery Factory valmistaa kaikenlaisia oem odm r\u00e4\u00e4t\u00e4l\u00f6ityj\u00e4 akkuratkaisuja: kodin aurinkoakku, hidask\u00e4yntiset ajoneuvoakut (golf-akut, matkailuautojen akut, lyijykonvertoidut litiumakut, s\u00e4hk\u00f6k\u00e4rryn akut, trukkiakut), merenkulkuakut, risteilyaluksen akut, suurj\u00e4nniteakut, pinotut akut,\u00a0<strong><a title=\"Natriumioniakkujen valmistajat\" href=\"http:\/\/www.kmdpower.com\/fi\/sodium-ion-battery-manufacturers\/\" target=\"_blank\" rel=\"noopener\">Natriumioniakku<\/a>,\u00a0<a href=\"http:\/\/www.kmdpower.com\/fi\/commercial-energy-storage-systems\/\" target=\"_blank\" rel=\"noopener\">teolliset ja kaupalliset energian varastointij\u00e4rjestelm\u00e4t<\/a><\/strong><\/p>\n<p>&nbsp;<\/p>\n<\/div>","protected":false},"excerpt":{"rendered":"<ul>\n<li><strong>Malli:<\/strong> Kamada Power 10kWh All in One -akku ja invertteri<\/li>\n<li><strong>Syklin kesto:<\/strong>\u00a06000 kertaa<\/li>\n<li><strong>Paino:<\/strong>\u00a060KGS<\/li>\n<li><strong>Mitat:<\/strong> 1471*570*250 mm<\/li>\n<li><strong>Todistus:<\/strong>\u00a0CE\/UN38.3\/MSDS<\/li>\n<li><strong>All in One -akku- ja invertterivalmistajat:<\/strong>\u00a0Kamada Power<\/li>\n<li><strong>Paristotyyppi: Akun tyyppi:<\/strong>\u00a0LiFePO4-akku<\/li>\n<li><strong>Ydinominaisuudet:<\/strong>\u00a0WiFi, r\u00e4\u00e4t\u00e4l\u00f6ity APP (valinnainen)<\/li>\n<li><strong>Akun tuki:<\/strong> Tukkukauppa, OEM.ODM All in One akku ja invertteri<\/li>\n<li><strong>Takuu:<\/strong>\u00a010 vuotta<\/li>\n<li><strong>Toimitusaika:<\/strong>\u00a07-14 p\u00e4iv\u00e4\u00e4 n\u00e4ytteille, 35-60 p\u00e4iv\u00e4\u00e4 massatuotannolle<\/li>\n<li><strong>Kamada Power Battery Tuotteet tukevat tukkukauppaa, jakelijoita ja OEM ODM Custom Battery. Ole hyv\u00e4 ja l\u00e4het\u00e4\u00a0<a title=\"Ota yhteytt\u00e4 Kamada Poweriin\" href=\"https:\/\/www.kmdpower.com\/fi\/contact-us\/\" target=\"_blank\" rel=\"noopener\">Ota yhteytt\u00e4<\/a>!<\/strong><\/li>\n<\/ul>","protected":false},"featured_media":4282,"template":"","meta":{"rank_math_lock_modified_date":false,"_kad_post_transparent":"default","_kad_post_title":"","_kad_post_layout":"default","_kad_post_sidebar_id":"","_kad_post_content_style":"default","_kad_post_vertical_padding":"default","_kad_post_feature":"","_kad_post_feature_position":"","_kad_post_header":false,"_kad_post_footer":false},"product_cat":[17,34],"product_tag":[1190,392],"class_list":{"0":"post-4281","1":"product","2":"type-product","3":"status-publish","4":"has-post-thumbnail","6":"product_cat-home-energy-storage-system","7":"product_cat-all-in-one-solar-power-system-manufacturers","8":"product_tag-all-in-one-battery-and-inverter","9":"product_tag-all-in-one-ess","11":"first","12":"instock","13":"featured","14":"shipping-taxable","15":"product-type-simple","16":"entry","17":"content-bg","18":"loop-entry"},"_links":{"self":[{"href":"https:\/\/www.kmdpower.com\/fi\/wp-json\/wp\/v2\/product\/4281","targetHints":{"allow":["GET"]}}],"collection":[{"href":"https:\/\/www.kmdpower.com\/fi\/wp-json\/wp\/v2\/product"}],"about":[{"href":"https:\/\/www.kmdpower.com\/fi\/wp-json\/wp\/v2\/types\/product"}],"version-history":[{"count":1,"href":"https:\/\/www.kmdpower.com\/fi\/wp-json\/wp\/v2\/product\/4281\/revisions"}],"predecessor-version":[{"id":4290,"href":"https:\/\/www.kmdpower.com\/fi\/wp-json\/wp\/v2\/product\/4281\/revisions\/4290"}],"wp:featuredmedia":[{"embeddable":true,"href":"https:\/\/www.kmdpower.com\/fi\/wp-json\/wp\/v2\/media\/4282"}],"wp:attachment":[{"href":"https:\/\/www.kmdpower.com\/fi\/wp-json\/wp\/v2\/media?parent=4281"}],"wp:term":[{"taxonomy":"product_cat","embeddable":true,"href":"https:\/\/www.kmdpower.com\/fi\/wp-json\/wp\/v2\/product_cat?post=4281"},{"taxonomy":"product_tag","embeddable":true,"href":"https:\/\/www.kmdpower.com\/fi\/wp-json\/wp\/v2\/product_tag?post=4281"}],"curies":[{"name":"wp","href":"https:\/\/api.w.org\/{rel}","templated":true}]}}