{"id":2236,"date":"2024-10-14T05:54:32","date_gmt":"2024-10-14T05:54:32","guid":{"rendered":"http:\/\/www.kmdpower.com\/?post_type=product&#038;p=2236"},"modified":"2025-01-18T09:33:57","modified_gmt":"2025-01-18T09:33:57","slug":"48v384v-high-voltage-battery-storage-system-energy-storage-battery-product","status":"publish","type":"product","link":"https:\/\/www.kmdpower.com\/fi\/48v384v-high-voltage-battery-storage-system-energy-storage-battery-product\/","title":{"rendered":"48V ~ 384V korkea j\u00e4nnite Akun varastointij\u00e4rjestelm\u00e4 Energiavarastointiakku"},"content":{"rendered":"<p><a href=\"https:\/\/www.kmdpower.com\/fi\/contact-us\/\"><img fetchpriority=\"high\" decoding=\"async\" class=\"aligncenter\" src=\"http:\/\/www.kmdpower.com\/wp-content\/uploads\/Contact-US-Kamada-Power-Shenzhen-Kamada-Electronic-Co-Ltd.jpg\" alt=\"\" width=\"1000\" height=\"200\" \/><\/a><\/p>\n<p><img decoding=\"async\" class=\"aligncenter wp-image-1305 size-full\" src=\"http:\/\/www.kmdpower.com\/wp-content\/uploads\/Kamada-Power-High-Voltage-Battery-001.jpg\" alt=\"Kamada Power korkeaj\u00e4nniteakku 001\" width=\"1000\" height=\"414\" \/><\/p>\n<h3 style=\"text-align: center;\">Kamada Power 48V ~ 384V korkea j\u00e4nnite akku ominaisuus<\/h3>\n<p><img decoding=\"async\" class=\"aligncenter wp-image-1306 size-full\" src=\"http:\/\/www.kmdpower.com\/wp-content\/uploads\/Kamada-Power-High-Voltage-Battery-002.jpg\" alt=\"Kamada Power korkeaj\u00e4nniteakku 002\" width=\"1000\" height=\"788\" \/><\/p>\n<h3 style=\"text-align: center;\">Tasaustoiminto\uff08Aktiivinen tai passiivinen Valinnainen)<\/h3>\n<p>&nbsp;<\/p>\n<p><img loading=\"lazy\" decoding=\"async\" class=\"aligncenter wp-image-978 size-full\" src=\"http:\/\/www.kmdpower.com\/wp-content\/uploads\/Active-Equalization-Function-and-Active-Passive-Optional-0.png\" alt=\"Aktiivinen tasaustoiminto ja aktiivinen passiivinen valinnainen 0\" width=\"1000\" height=\"246\" \/><\/p>\n<div>\n<h3 style=\"text-align: center;\">Kamada Power Custom Korkeaj\u00e4nniteakku<\/h3>\n<p><img loading=\"lazy\" decoding=\"async\" class=\"aligncenter wp-image-1307 size-full\" src=\"http:\/\/www.kmdpower.com\/wp-content\/uploads\/Kamada-Power-High-Voltage-Battery-003.jpg\" alt=\"Kamada Power korkeaj\u00e4nniteakku 003\" width=\"1000\" height=\"455\" \/><\/p>\n<\/div>\n<div>\n<p style=\"text-align: center;\">Kamada Power Custom 10.24kWh,15.36kWh,20.48kWh,25.75kWh,30.72kWh,35.84kWh,40.96kWh Suurj\u00e4nniteakku<\/p>\n<p>Tutustu Kamada Power -korkeaj\u00e4nniteakkujen tehoon, jotka on suunniteltu huippusuorituskykyyn ja luotettavuuteen. Kehittyneell\u00e4 LiFePO4-teknologialla varustetut akut tarjoavat yli 6 000 sykli\u00e4 ja korkean hy\u00f6tysuhteen 95%. T\u00e4m\u00e4 tekniikka takaa pitk\u00e4aikaisen kest\u00e4vyyden ja optimaalisen energiank\u00e4yt\u00f6n, joka sopii t\u00e4ydellisesti sek\u00e4 asuin- ett\u00e4 kaupallisiin sovelluksiin. Nauti keskeytym\u00e4tt\u00f6m\u00e4st\u00e4 virrasta pinottavan, modulaarisen rakenteen avulla, joka voi laajentua jopa 100KWh:iin ja joka tarjoaa joustavuutta ja luotettavuutta. Akkumme on varustettu huippuluokan akunhallintaj\u00e4rjestelm\u00e4ll\u00e4 (BMS), joka parantaa turvallisuutta ja suorituskyky\u00e4. P\u00e4ivit\u00e4 suurj\u00e4nniteratkaisuumme ja koe vertaansa vailla oleva energiatehokkuus ja luotettavuus.<\/p>\n<\/div>\n<p>&nbsp;<\/p>\n<p>&nbsp;<\/p>\n<div>\n<div>\n<h3 style=\"text-align: center;\">Tuotteen kohokohdat<\/h3>\n<p><strong>Vakaa suorituskyky<\/strong><br \/>\nK\u00e4ytt\u00e4\u00e4 eritt\u00e4in suorituskykyist\u00e4 lifepo4-akkua, jossa on yli 6000 sykli\u00e4 ja 95%-tehokkuus.<br \/>\nVarustettu Kamada Powerin kehittyneell\u00e4 akunhallintaj\u00e4rjestelm\u00e4ll\u00e4 (BMS) turvallisuuden parantamiseksi.<\/p>\n<p><strong>Pinottava ja kompakti muotoilu<\/strong><br \/>\nIntegroidaan uusiutuviin energial\u00e4hteisiin, jotta voidaan optimoida omavaraisuus ja v\u00e4hent\u00e4\u00e4 riippuvuutta s\u00e4hk\u00f6verkosta.<br \/>\nTarjoaa luotettavan varavoiman ja tukee kest\u00e4v\u00e4\u00e4 el\u00e4m\u00e4ntapaa kompaktilla ja tehokkaalla suunnittelulla.<\/p>\n<p><strong>Laajennettavissa 100KWH:iin<\/strong><br \/>\nModulaarinen rakenne mahdollistaa joustavan laajentamisen jopa 100KWH:iin.<br \/>\nJ\u00e4nnitealue 102,4V (2 moduulia) - 409,6V (8 moduulia) sarjakytkenn\u00f6ill\u00e4.<\/p>\n<p><strong>Kehittynyt BMS<\/strong><br \/>\nValvoo j\u00e4nnitett\u00e4, virtarajoja ja varaustilaa.<br \/>\nSis\u00e4lt\u00e4\u00e4 turvatoimintoja, jotka varmistavat optimaalisen suorituskyvyn ja akun pitk\u00e4ik\u00e4isyyden.<\/p>\n<p><strong>Turvallisuus ja luotettavuus<\/strong><br \/>\nJoustava, skaalautuva rakenne ja reaaliaikainen seuranta.<br \/>\nSis\u00e4lt\u00e4\u00e4 itsekorjautuvan tekniikan, joka parantaa turvallisuutta ja valvontaa.<\/p>\n<\/div>\n<p>&nbsp;<\/p>\n<h3 style=\"text-align: center;\">Luotettava BMS-j\u00e4rjestelm\u00e4 Ultra Saftey (eritt\u00e4in turvallinen)<\/h3>\n<p><img loading=\"lazy\" decoding=\"async\" class=\"aligncenter wp-image-1283 size-full\" src=\"http:\/\/www.kmdpower.com\/wp-content\/uploads\/Kamada-Power-Battery-BMS.jpg\" alt=\"Kamada Power Battery BMS\" width=\"1000\" height=\"401\" \/><\/p>\n<p style=\"text-align: left;\">Kamada Power Battery BMS varmistaa turvallisen toiminnan \u00e4\u00e4rimm\u00e4isiss\u00e4 l\u00e4mp\u00f6tiloissa, est\u00e4\u00e4 ylilatauksen ja ylipurkauksen, pident\u00e4\u00e4 akun k\u00e4ytt\u00f6ik\u00e4\u00e4 ja tarjoaa luotettavan suorituskyvyn tehokkaalla latauksella ja purkauksella. Se sis\u00e4lt\u00e4\u00e4 my\u00f6s ylivirta- ja oikosulkusuojauksen j\u00e4rjestelm\u00e4n turvallisuuden varmistamiseksi ja tarjoaa k\u00e4ytt\u00e4jille vaihtoehtoja aktiiviseen tai passiiviseen tasapainottamiseen akun suorituskyvyn ja energiatehokkuuden optimoimiseksi.<\/p>\n<p>&nbsp;<\/p>\n<h3 style=\"text-align: center;\">Kamada Power Battery Inverter yhteensopiva<\/h3>\n<p style=\"text-align: center;\">Yhteensopiva markkinoilla olevien 91%-taajuusmuuttajien kanssa.<\/p>\n<p><img loading=\"lazy\" decoding=\"async\" class=\"aligncenter wp-image-1288 size-full\" src=\"http:\/\/www.kmdpower.com\/wp-content\/uploads\/Kamada-Power-Battery-Inverter-Compatible-X01.jpg\" alt=\"Kamada Power akku Invertteri yhteensopiva X01\" width=\"1000\" height=\"552\" \/><\/p>\n<p style=\"text-align: center;\"><strong>Kamada Power -akkutuotteet ovat yhteensopivia markkinoilla olevien invertterimerkkien 91% kanssa.<\/strong><\/p>\n<p>SMA, SRNE, IMEON ENGERGY, ZUCCHETTI, Ingeteam, AiSWEI, victron energy, must, moixa, megarevo, deye, growatt, studer, selectronic, voltronic power, sofar solar, sermatec, gmde, effekta, westernco, sungrow, luxpower, morningstar, delios, sungrow, luxpower, invertteri tuotemerkit. voltronic power,sofar solar,sermatec,gmde,effekta,westernco,sungrow,luxpower,morningstar,delios,sunosynk,aeca,saj,solarmax,redback. invt,goodwe,solis,mlt,livoltek,eneiqy,solaxpower,opti-solar,kehua tech.(<strong>Alla on vain osittainen luettelo invertterimerkkien tuotemerkeist\u00e4.<\/strong>)<\/p>\n<p>&nbsp;<\/p>\n<p>&nbsp;<\/p>\n<h3 style=\"text-align: center;\">Kamada Power korkeaj\u00e4nniteakun kytkent\u00e4kaavio<\/h3>\n<p><img loading=\"lazy\" decoding=\"async\" class=\"aligncenter wp-image-1308 size-full\" src=\"http:\/\/www.kmdpower.com\/wp-content\/uploads\/Kamada-Power-High-Voltage-Battery-004.jpg\" alt=\"Kamada Power korkeaj\u00e4nniteakku 004\" width=\"1000\" height=\"515\" \/><\/p>\n<p>&nbsp;<\/p>\n<h3 style=\"text-align: center;\">Kamada Power Battery -sovellusskenaario<\/h3>\n<p><img loading=\"lazy\" decoding=\"async\" class=\"aligncenter wp-image-1309 size-full\" src=\"http:\/\/www.kmdpower.com\/wp-content\/uploads\/Kamada-Power-High-Voltage-Battery-005.jpg\" alt=\"Kamada Power korkeaj\u00e4nniteakku 005\" width=\"1000\" height=\"541\" \/><\/p>\n<p style=\"text-align: left;\"><strong>Kamada Power 48V ~ 384V korkeaj\u00e4nniteakun varastointij\u00e4rjestelm\u00e4n sovellus<\/strong>: kodin energian varastointi, teollisuuden energian varastointi, tarjota h\u00e4t\u00e4tilanteessa varavoimaa, UPS-virtapankki, invertterin tehopankki, rautateiden tehopankki, televiestint\u00e4j\u00e4rjestelm\u00e4, l\u00e4\u00e4ketieteellinen elektroniikka, kaupalliset tukiasemat, turvallisuusviestint\u00e4, kuljetuslogistiikka jne.<\/p>\n<p>&nbsp;<\/p>\n<h3 style=\"text-align: center;\">Miksi valita Kamada Power OEM ODM akkutuotteesi?<\/h3>\n<p><strong>Sinun ei tarvitse murehtia n\u00e4it\u00e4 mukautettuja akkuongelmia haasteita!<\/strong><br \/>\nOngelmia ovat kyvytt\u00f6myys t\u00e4ytt\u00e4\u00e4 r\u00e4\u00e4t\u00e4l\u00f6ityj\u00e4 akkuvaatimuksia, pitk\u00e4 tuotantoaika, hidas toimitusaika, tehoton viestint\u00e4, ei laatutakuuta, kilpailukyvyt\u00f6n tuotteen hinta ja huono palvelukokemus!<\/p>\n<p><strong>Ammattitaidon voima!<\/strong><br \/>\nOlemme palvelleet tuhansia akkuasiakkaita eri toimialoilta ja r\u00e4\u00e4t\u00e4l\u00f6ineet tuhansia akkutuotteita! Tied\u00e4mme tarpeiden syv\u00e4llisen viestinn\u00e4n merkityksen, tunnemme akkutuotteiden suunnittelusta massatuotantoon erilaiset tekniset haasteet ja ongelmat ja miten ratkaista n\u00e4m\u00e4 ongelmat nopeasti ja tehokkaasti!<\/p>\n<p><strong>Kehit\u00e4 tehokkaita r\u00e4\u00e4t\u00e4l\u00f6ityj\u00e4 akkuratkaisuja!<\/strong><br \/>\nVastauksena r\u00e4\u00e4t\u00e4l\u00f6ityihin akkutarpeisiisi, m\u00e4\u00e4rittelemme akkuteknologiaprojektiryhm\u00e4n tarjoamaan sinulle 1-to-1-palvelua. Viestimme kanssasi perusteellisesti toimialasta, skenaarioista, vaatimuksista, kipupisteist\u00e4, suorituskyvyst\u00e4, toiminnallisuudesta ja kehit\u00e4mme r\u00e4\u00e4t\u00e4l\u00f6ityj\u00e4 akkuratkaisuja.<\/p>\n<p><strong>Nopea r\u00e4\u00e4t\u00e4l\u00f6ityjen akkujen tuotannon toimitus!<\/strong><br \/>\nOlemme ketteri\u00e4 ja nopeita auttamaan sinua akkutuotteen suunnittelusta akun n\u00e4ytteenottoon ja akkutuotteen massatuotantoon. Saavuta nopea tuotesuunnittelu, nopea tuotanto ja valmistus, nopea toimitus ja l\u00e4hetys, paras laatu ja tehtaan hinta r\u00e4\u00e4t\u00e4l\u00f6idyille akuille!<\/p>\n<p><strong>Auttaa sinua tarttumaan nopeasti energiavarastointiakkujen markkinamahdollisuuksiin!<\/strong><br \/>\nKamada Power auttaa sinua saamaan nopeasti aikaan erilaistuneita r\u00e4\u00e4t\u00e4l\u00f6ityj\u00e4 akkutuotteita, parantamaan tuotteiden kilpailukyky\u00e4 ja ottamaan nopeasti johtoaseman energiavarastointiakkujen markkinoilla.<\/p>\n<p>&nbsp;<\/p>\n<h3 style=\"text-align: center;\">Shenzhen Kamada Electronic Co., Ltd<br \/>\nKamada Power -n\u00e4yttely<\/h3>\n<p><img loading=\"lazy\" decoding=\"async\" class=\"aligncenter wp-image-1297 size-full\" src=\"http:\/\/www.kmdpower.com\/wp-content\/uploads\/Kamada-Power-Exhibition-Shenzhen-Kamada-Electronic-Co-Ltd.png\" alt=\"Kamada Power n\u00e4yttely Shenzhen Kamada Electronic Co Ltd\" width=\"1920\" height=\"841\" \/><\/p>\n<p>&nbsp;<\/p>\n<h3 style=\"text-align: center;\">Kamada Power Battery Valmistajien sertifiointi<\/h3>\n<p><img loading=\"lazy\" decoding=\"async\" class=\"aligncenter wp-image-1285 size-full\" src=\"http:\/\/www.kmdpower.com\/wp-content\/uploads\/Kamada-Power-Battery-Certification.png\" alt=\"Kamada Power Battery Valmistajien sertifiointi\" width=\"1344\" height=\"462\" \/><\/p>\n<p>&nbsp;<\/p>\n<h3 style=\"text-align: center;\">Kamada Power litiumioniakkujen valmistajat Factory tuotantoprosessi<\/h3>\n<p><img loading=\"lazy\" decoding=\"async\" class=\"aligncenter wp-image-1323 size-full\" src=\"http:\/\/www.kmdpower.com\/wp-content\/uploads\/Kamada-Power-Lithium-ion-Battery-Manufacturers-Factory-Production-Process-02.jpg\" alt=\"Kamada Power litiumioniakkujen valmistajat Factory tuotantoprosessi 02\" width=\"1000\" height=\"517\" \/><\/p>\n<p>&nbsp;<\/p>\n<h3 style=\"text-align: center;\">Kamada Power akkujen valmistajat<\/h3>\n<p><img loading=\"lazy\" decoding=\"async\" class=\"aligncenter wp-image-1324 size-full\" src=\"http:\/\/www.kmdpower.com\/wp-content\/uploads\/Kamada-Power-Lithium-ion-Battery-Manufacturers-Factory-Show.jpg\" alt=\"Kamada Power litiumioniakkujen valmistajat Factory Show\" width=\"1000\" height=\"584\" \/><\/p>\n<p>Kamada Power Battery Factory valmistaa kaikenlaisia oem odm r\u00e4\u00e4t\u00e4l\u00f6ityj\u00e4 akkuratkaisuja: kodin aurinkoakku, hidask\u00e4yntiset ajoneuvoakut (golf-akut, matkailuautojen akut, lyijykonvertoidut litiumakut, s\u00e4hk\u00f6k\u00e4rryn akut, trukkiakut), merenkulkuakut, risteilyaluksen akut, suurj\u00e4nniteakut, pinotut akut,\u00a0<strong><a title=\"Natriumioniakkujen valmistajat\" href=\"http:\/\/www.kmdpower.com\/fi\/sodium-ion-battery-manufacturers\/\" target=\"_blank\" rel=\"noopener\">Natriumioniakku<\/a>,\u00a0<a href=\"http:\/\/www.kmdpower.com\/fi\/commercial-energy-storage-systems\/\" target=\"_blank\" rel=\"noopener\">teolliset ja kaupalliset energian varastointij\u00e4rjestelm\u00e4t<\/a><\/strong><\/p>\n<p>&nbsp;<\/p>\n<\/div>","protected":false},"excerpt":{"rendered":"<ul>\n<li><strong>Malli:<\/strong>\u00a048V~384V korkea j\u00e4nniteakku<\/li>\n<li><strong>Syklin kesto:<\/strong>\u00a06000 kertaa<\/li>\n<li><strong>Paino:<\/strong>\u00a0306KGS<\/li>\n<li><strong>Mitat:<\/strong>\u00a01575*661*391 mm<\/li>\n<li><strong>Todistus:<\/strong>\u00a0CE\/UN38.3\/MSDS<\/li>\n<li><strong>Suurj\u00e4nniteakkujen valmistajat:<\/strong>\u00a0Kamada Power<\/li>\n<li><strong>Paristotyyppi: Akun tyyppi:<\/strong>\u00a0LiFePO4-akku<\/li>\n<li><strong>Akun tuki:<\/strong>\u00a0Tukkukauppa, OEM.ODM Suurj\u00e4nnite akku<\/li>\n<li><strong>Takuu:<\/strong>\u00a010 vuotta<\/li>\n<li><strong>Toimitusaika:<\/strong>\u00a07-14 p\u00e4iv\u00e4\u00e4 n\u00e4ytteille, 35-60 p\u00e4iv\u00e4\u00e4 massatuotannolle<\/li>\n<li><strong>Kamada Power Battery Tuotteet tukevat tukkukauppaa, jakelijoita ja OEM ODM Custom Battery. Ole hyv\u00e4 ja l\u00e4het\u00e4\u00a0<a title=\"Ota yhteytt\u00e4 Kamada Poweriin\" href=\"https:\/\/www.kmdpower.com\/fi\/contact-us\/\" target=\"_blank\" rel=\"noopener\">Ota yhteytt\u00e4<\/a>!<\/strong><\/li>\n<\/ul>","protected":false},"featured_media":1484,"template":"","meta":{"rank_math_lock_modified_date":false,"_kad_post_transparent":"default","_kad_post_title":"","_kad_post_layout":"default","_kad_post_sidebar_id":"","_kad_post_content_style":"default","_kad_post_vertical_padding":"default","_kad_post_feature":"","_kad_post_feature_position":"","_kad_post_header":false,"_kad_post_footer":false},"product_cat":[31,17],"product_tag":[399,400,561],"class_list":{"0":"post-2236","1":"product","2":"type-product","3":"status-publish","4":"has-post-thumbnail","6":"product_cat-stacked-battery","7":"product_cat-home-energy-storage-system","8":"product_tag-batterie-48v-1000w","9":"product_tag-batterie-48v-1000w-20ah","10":"product_tag-high-voltage-wholesale","12":"first","13":"instock","14":"shipping-taxable","15":"product-type-simple","16":"entry","17":"content-bg","18":"loop-entry"},"_links":{"self":[{"href":"https:\/\/www.kmdpower.com\/fi\/wp-json\/wp\/v2\/product\/2236","targetHints":{"allow":["GET"]}}],"collection":[{"href":"https:\/\/www.kmdpower.com\/fi\/wp-json\/wp\/v2\/product"}],"about":[{"href":"https:\/\/www.kmdpower.com\/fi\/wp-json\/wp\/v2\/types\/product"}],"version-history":[{"count":3,"href":"https:\/\/www.kmdpower.com\/fi\/wp-json\/wp\/v2\/product\/2236\/revisions"}],"predecessor-version":[{"id":3955,"href":"https:\/\/www.kmdpower.com\/fi\/wp-json\/wp\/v2\/product\/2236\/revisions\/3955"}],"wp:featuredmedia":[{"embeddable":true,"href":"https:\/\/www.kmdpower.com\/fi\/wp-json\/wp\/v2\/media\/1484"}],"wp:attachment":[{"href":"https:\/\/www.kmdpower.com\/fi\/wp-json\/wp\/v2\/media?parent=2236"}],"wp:term":[{"taxonomy":"product_cat","embeddable":true,"href":"https:\/\/www.kmdpower.com\/fi\/wp-json\/wp\/v2\/product_cat?post=2236"},{"taxonomy":"product_tag","embeddable":true,"href":"https:\/\/www.kmdpower.com\/fi\/wp-json\/wp\/v2\/product_tag?post=2236"}],"curies":[{"name":"wp","href":"https:\/\/api.w.org\/{rel}","templated":true}]}}