{"id":2224,"date":"2024-10-14T02:32:38","date_gmt":"2024-10-14T02:32:38","guid":{"rendered":"http:\/\/www.kmdpower.com\/?post_type=product&#038;p=2224"},"modified":"2025-01-18T09:01:50","modified_gmt":"2025-01-18T09:01:50","slug":"kamada-power-24v-200ah-lifepo4-battery-product","status":"publish","type":"product","link":"https:\/\/www.kmdpower.com\/fi\/kamada-power-24v-200ah-lifepo4-battery-product\/","title":{"rendered":"Kamada Power 24V 200Ah Lifepo4 akku"},"content":{"rendered":"<p><a href=\"https:\/\/www.kmdpower.com\/fi\/contact-us\/\"><img fetchpriority=\"high\" decoding=\"async\" class=\"aligncenter\" src=\"http:\/\/www.kmdpower.com\/wp-content\/uploads\/Contact-US-Kamada-Power-Shenzhen-Kamada-Electronic-Co-Ltd.jpg\" alt=\"\" width=\"1000\" height=\"200\" \/><\/a><\/p>\n<p><img decoding=\"async\" class=\"aligncenter wp-image-1207 size-full\" src=\"http:\/\/www.kmdpower.com\/wp-content\/uploads\/Kamada-Power-24V-200Ah-LifePO4-Battery-DESC-001.jpg\" alt=\"Kamada Power 24V 200Ah LifePO4 akku DESC 001\" width=\"1000\" height=\"480\" \/><\/p>\n<h3 style=\"text-align: center;\">Kamada Power 24V 200Ah LifePO4-akun ominaisuudet<\/h3>\n<p><img decoding=\"async\" class=\"aligncenter wp-image-1208 size-full\" src=\"http:\/\/www.kmdpower.com\/wp-content\/uploads\/Kamada-Power-24V-200Ah-LifePO4-Battery-DESC-002.jpg\" alt=\"Kamada Power 24V 200Ah LifePO4 akku DESC 002\" width=\"1000\" height=\"770\" \/><\/p>\n<h3 style=\"text-align: center;\">Tasaustoiminto\uff08Aktiivinen tai passiivinen Valinnainen)<\/h3>\n<p>&nbsp;<\/p>\n<p><img loading=\"lazy\" decoding=\"async\" class=\"aligncenter wp-image-978 size-full\" src=\"http:\/\/www.kmdpower.com\/wp-content\/uploads\/Active-Equalization-Function-and-Active-Passive-Optional-0.png\" alt=\"Aktiivinen ekvalisointitoiminto ja aktiivinen passiivinen valinnainen-0\" width=\"1000\" height=\"246\" \/><\/p>\n<div>\n<h3 style=\"text-align: center;\">Kamada Power OEM ODM Custom 12V \/ 24V LifePO4 akun j\u00e4nnite ja kapasiteetti<\/h3>\n<p>&nbsp;<\/p>\n<table>\n<tbody>\n<tr>\n<td>12.8V 50ah LifePO4-akku<\/td>\n<td>12.8V 200ah LifePO4-akku<\/td>\n<td>25.6V 100ah LifePO4-akku<\/td>\n<\/tr>\n<tr>\n<td>12.8V 100ah LifePO4-akku<\/td>\n<td>12.8V 300ah LifePO4-akku<\/td>\n<td>25.6V 150ah LifePO4-akku<\/td>\n<\/tr>\n<tr>\n<td>12.8V 150ah LifePO4-akku<\/td>\n<td>25.6V 300ah LifePO4-akku<\/td>\n<td>25.6V 200ah LifePO4-akku<\/td>\n<\/tr>\n<tr>\n<td style=\"text-align: center;\" colspan=\"3\">\n<p style=\"color: #339966;\">Enemm\u00e4n j\u00e4nnitett\u00e4 ja kapasiteetin k\u00e4ytt\u00f6ik\u00e4\u00e4PO4-akku voidaan r\u00e4\u00e4t\u00e4l\u00f6id\u00e4<\/p>\n<\/td>\n<\/tr>\n<\/tbody>\n<\/table>\n<p>&nbsp;<\/p>\n<\/div>\n<div>\n<p>&nbsp;<\/p>\n<h3 style=\"text-align: center;\">Tuotteen kohokohdat<\/h3>\n<p><strong>Itsel\u00e4mmitett\u00e4v\u00e4 toiminto<\/strong><\/p>\n<p>Aloitusl\u00e4mp\u00f6tila \u22640 \u2103, lopetusl\u00e4mp\u00f6tila \u22655 \u2103. Asuink\u00e4ytt\u00f6\u00f6n tarkoitettujen akkujen itsel\u00e4mmitystoiminto ratkaisee tehokkaasti suorituskyvyn heikkenemisen kylm\u00e4ll\u00e4 s\u00e4\u00e4ll\u00e4, varmistaa luotettavan toiminnan ja pitk\u00e4n k\u00e4ytt\u00f6i\u00e4n jopa ankarissa ilmasto-olosuhteissa, v\u00e4hent\u00e4\u00e4 siten huoltokustannuksia ja parantaa energian varastoinnin yleist\u00e4 tehokkuutta.<\/p>\n<p><strong>Bluetooth Reaaliaikainen seuranta sovelluksen kautta<\/strong><\/p>\n<p>Reaaliaikainen Bluetooth-seuranta kotipariston sovelluksen kautta ratkaisee ongelman, joka liittyy energiank\u00e4yt\u00f6n rajalliseen n\u00e4kyvyyteen ja hallintaan, ja tarjoaa sinulle k\u00e4tev\u00e4n ja v\u00e4litt\u00f6m\u00e4n p\u00e4\u00e4syn energiankulutuksen ja varastointitehokkuuden optimointiin.<\/p>\n<p><strong>LiFePO4-akku<\/strong><\/p>\n<p>LiFePO4-akku tarjoaa jopa 4000 sykli\u00e4, suuren energiatiheyden ja erinomaisen turvallisuuden. Ne tukevat pikalatausta ja syv\u00e4purkausta, vaativat vain v\u00e4h\u00e4n huoltoa ja ovat ymp\u00e4rist\u00f6yst\u00e4v\u00e4llisi\u00e4. Kaiken kaikkiaan ne tarjoavat luotettavan ja tehokkaan energiaratkaisun, jolla on pitk\u00e4 k\u00e4ytt\u00f6ik\u00e4.<\/p>\n<p><strong>Vesitiivis IP67<\/strong><\/p>\n<p>IP67-vedenpit\u00e4vyys, joka tarjoaa erinomaisen suojan vett\u00e4 ja p\u00f6ly\u00e4 vastaan. T\u00e4m\u00e4 takaa luotettavan suorituskyvyn vaativissa ymp\u00e4rist\u00f6iss\u00e4 ja antaa sinulle mielenrauhan ja tasaisen virran kaikissa ulkoilmael\u00e4myksiss\u00e4si.<\/p>\n<p><strong>Aktiivinen tasapaino ja passiivinen tasapaino ovat valinnaisia<\/strong><\/p>\n<p>varmistaa optimaalisen suorituskyvyn ja pitk\u00e4ik\u00e4isyyden. Aktiivinen tasapainotus jakaa energiaa kennojen v\u00e4lill\u00e4 uudelleen maksimaalisen tehokkuuden saavuttamiseksi, kun taas passiivinen tasapainotus yll\u00e4pit\u00e4\u00e4 kennojen j\u00e4nnitteen tasapainoa ja est\u00e4\u00e4 ylilatauksen. N\u00e4m\u00e4 ominaisuudet tarjoavat luotettavan, tehokkaan ja pitk\u00e4ik\u00e4isen virtaratkaisun, joka minimoi huollon ja maksimoi asuntoautosi seikkailut....<\/p>\n<\/div>\n<p>&nbsp;<\/p>\n<h3 style=\"text-align: center;\">Luotettava BMS-j\u00e4rjestelm\u00e4 Ultra Saftey (eritt\u00e4in turvallinen)<\/h3>\n<p><img loading=\"lazy\" decoding=\"async\" class=\"aligncenter wp-image-1283 size-full\" src=\"http:\/\/www.kmdpower.com\/wp-content\/uploads\/Kamada-Power-Battery-BMS.jpg\" alt=\"Kamada Power Battery BMS\" width=\"1000\" height=\"401\" \/><\/p>\n<p style=\"text-align: left;\">Kamada Power 24v 200ah lifepo4-akku BMS varmistaa turvallisen toiminnan \u00e4\u00e4rimm\u00e4isiss\u00e4 l\u00e4mp\u00f6tiloissa, est\u00e4\u00e4 ylilatauksen ja ylipurkauksen, pident\u00e4\u00e4 akun k\u00e4ytt\u00f6ik\u00e4\u00e4 ja tarjoaa luotettavan suorituskyvyn tehokkaalla latauksella ja purkauksella. Se sis\u00e4lt\u00e4\u00e4 my\u00f6s ylivirta- ja oikosulkusuojauksen j\u00e4rjestelm\u00e4n turvallisuuden varmistamiseksi ja tarjoaa k\u00e4ytt\u00e4jille vaihtoehtoja aktiiviseen tai passiiviseen tasapainottamiseen akun suorituskyvyn ja energiatehokkuuden optimoimiseksi.<\/p>\n<p>&nbsp;<\/p>\n<h3 style=\"text-align: center;\">Kamada Power 24V 200Ah LiFePO4 akku sarjassa ja rinnakkain<\/h3>\n<p><img loading=\"lazy\" decoding=\"async\" class=\"aligncenter wp-image-2220 size-full\" src=\"http:\/\/www.kmdpower.com\/wp-content\/uploads\/51.2v-100Ah-Parallel-up-to-4p-and-Series-up-to-4s.png\" alt=\"Kamada Power 24V 200Ah LifePO4 akku DESC 1005\" width=\"997\" height=\"720\" \/><\/p>\n<p>&nbsp;<\/p>\n<h3 style=\"text-align: center;\">Kamada Power 24V 200Ah LiFePO4-akku VS Lyijyakku VS Lyijyakku<\/h3>\n<p><img loading=\"lazy\" decoding=\"async\" class=\"aligncenter wp-image-1210 size-full\" src=\"http:\/\/www.kmdpower.com\/wp-content\/uploads\/Kamada-Power-24V-200Ah-LifePO4-Battery-DESC-004.jpg\" alt=\"Kamada Power 24V 200Ah LifePO4 akku DESC 004\" width=\"1000\" height=\"680\" \/><\/p>\n<p>&nbsp;<\/p>\n<h3 style=\"text-align: center;\">51.2V 100Ah LifePO4-akku Integroitu itsel\u00e4mmitystoiminto ja Bluetooth-sovellus<\/h3>\n<p><img loading=\"lazy\" decoding=\"async\" class=\"aligncenter wp-image-1209 size-full\" src=\"http:\/\/www.kmdpower.com\/wp-content\/uploads\/Kamada-Power-24V-200Ah-LifePO4-Battery-DESC-003.jpg\" alt=\"Kamada Power 24V 200Ah LifePO4 akku DESC 003\" width=\"1000\" height=\"583\" \/><\/p>\n<p>&nbsp;<\/p>\n<h3 style=\"text-align: center;\">Kamada Power 51.2v 100Ah LifePO4-akku 3 lataustapaa<\/h3>\n<p><img loading=\"lazy\" decoding=\"async\" class=\"aligncenter wp-image-1163 size-full\" src=\"http:\/\/www.kmdpower.com\/wp-content\/uploads\/Kamada-Power-12v-50Ah-SLA-LifePO4-Battery-3-Charging-Methods-003.jpg\" alt=\"Kamada Power 12v 50Ah SLA LifePO4-akku 3 lataustapaa\" width=\"1000\" height=\"392\" \/><\/p>\n<div data-node=\"66bb1ada9ec32\" data-animation-delay=\"0.0\">Litium-rautafosfaatti4-langan laturi (14.6V)<br \/>\nAurinkos\u00e4hk\u00f6paneelit MPPT:ll\u00e4<br \/>\nInvertteri (sis\u00e4\u00e4nrakennettu Ac DC)<\/div>\n<div data-node=\"66bb1ada9ec32\" data-animation-delay=\"0.0\"><\/div>\n<h3 style=\"text-align: center;\">Kamada Power 24V 200Ah LifePO4-akun sovellusskenaario<\/h3>\n<p><img loading=\"lazy\" decoding=\"async\" class=\"aligncenter wp-image-1201 size-full\" src=\"http:\/\/www.kmdpower.com\/wp-content\/uploads\/Kamada-Power-12v-SLA-LifePO4-Battery-Application-Scenario-007.jpg\" alt=\"Kamada Power 12v SLA LifePO4 -akkujen k\u00e4ytt\u00f6skenaario\" width=\"1000\" height=\"454\" \/><\/p>\n<p style=\"text-align: center;\"><strong>24v 200Ah LiFePO4-akku Sovellus:<\/strong> Vapaa-ajan ajoneuvo,Saapas ja kalastus,Aurinko- ja tuulivoima,Telttailu,Off-Grid-sovellus<\/p>\n<p>&nbsp;<\/p>\n<h3 style=\"text-align: center;\">Miksi valita Kamada Power OEM ODM akkutuotteesi?<\/h3>\n<p><strong>Sinun ei tarvitse murehtia n\u00e4it\u00e4 mukautettuja akkuongelmia haasteita!<\/strong><br \/>\nOngelmia ovat kyvytt\u00f6myys t\u00e4ytt\u00e4\u00e4 r\u00e4\u00e4t\u00e4l\u00f6ityj\u00e4 akkuvaatimuksia, pitk\u00e4 tuotantoaika, hidas toimitusaika, tehoton viestint\u00e4, ei laatutakuuta, kilpailukyvyt\u00f6n tuotteen hinta ja huono palvelukokemus!<\/p>\n<p><strong>Ammattitaidon voima!<\/strong><br \/>\nOlemme palvelleet tuhansia akkuasiakkaita eri toimialoilta ja r\u00e4\u00e4t\u00e4l\u00f6ineet tuhansia akkutuotteita! Tied\u00e4mme tarpeiden syv\u00e4llisen viestinn\u00e4n merkityksen, tunnemme akkutuotteiden suunnittelusta massatuotantoon erilaiset tekniset haasteet ja ongelmat ja miten ratkaista n\u00e4m\u00e4 ongelmat nopeasti ja tehokkaasti!<\/p>\n<p><strong>Kehit\u00e4 tehokkaita r\u00e4\u00e4t\u00e4l\u00f6ityj\u00e4 akkuratkaisuja!<\/strong><br \/>\nVastauksena r\u00e4\u00e4t\u00e4l\u00f6ityihin akkutarpeisiisi, m\u00e4\u00e4rittelemme akkuteknologiaprojektiryhm\u00e4n tarjoamaan sinulle 1-to-1-palvelua. Viestimme kanssasi perusteellisesti toimialasta, skenaarioista, vaatimuksista, kipupisteist\u00e4, suorituskyvyst\u00e4, toiminnallisuudesta ja kehit\u00e4mme r\u00e4\u00e4t\u00e4l\u00f6ityj\u00e4 akkuratkaisuja.<\/p>\n<p><strong>Nopea r\u00e4\u00e4t\u00e4l\u00f6ityjen akkujen tuotannon toimitus!<\/strong><br \/>\nOlemme ketteri\u00e4 ja nopeita auttamaan sinua akkutuotteen suunnittelusta akun n\u00e4ytteenottoon ja akkutuotteen massatuotantoon. Saavuta nopea tuotesuunnittelu, nopea tuotanto ja valmistus, nopea toimitus ja l\u00e4hetys, paras laatu ja tehtaan hinta r\u00e4\u00e4t\u00e4l\u00f6idyille akuille!<\/p>\n<p><strong>Auttaa sinua tarttumaan nopeasti energiavarastointiakkujen markkinamahdollisuuksiin!<\/strong><br \/>\nKamada Power auttaa sinua saamaan nopeasti aikaan erilaistuneita r\u00e4\u00e4t\u00e4l\u00f6ityj\u00e4 akkutuotteita, parantamaan tuotteiden kilpailukyky\u00e4 ja ottamaan nopeasti johtoaseman energiavarastointiakkujen markkinoilla.<\/p>\n<p>&nbsp;<\/p>\n<h3 style=\"text-align: center;\">Shenzhen Kamada Electronic Co., Ltd<br \/>\nKamada Power -n\u00e4yttely<\/h3>\n<p><img loading=\"lazy\" decoding=\"async\" class=\"aligncenter wp-image-1297 size-full\" src=\"http:\/\/www.kmdpower.com\/wp-content\/uploads\/Kamada-Power-Exhibition-Shenzhen-Kamada-Electronic-Co-Ltd.png\" alt=\"Kamada Power n\u00e4yttely Shenzhen Kamada Electronic Co Ltd\" width=\"1920\" height=\"841\" \/><\/p>\n<p>&nbsp;<\/p>\n<h3 style=\"text-align: center;\">Kamada Power Battery Valmistajien sertifiointi<\/h3>\n<p><img loading=\"lazy\" decoding=\"async\" class=\"aligncenter wp-image-1285 size-full\" src=\"http:\/\/www.kmdpower.com\/wp-content\/uploads\/Kamada-Power-Battery-Certification.png\" alt=\"Kamada Power Battery Valmistajien sertifiointi\" width=\"1344\" height=\"462\" \/><\/p>\n<p>&nbsp;<\/p>\n<h3 style=\"text-align: center;\">Kamada Power litiumioniakkujen valmistajat Factory tuotantoprosessi<\/h3>\n<p><img loading=\"lazy\" decoding=\"async\" class=\"aligncenter wp-image-1323 size-full\" src=\"http:\/\/www.kmdpower.com\/wp-content\/uploads\/Kamada-Power-Lithium-ion-Battery-Manufacturers-Factory-Production-Process-02.jpg\" alt=\"Kamada Power litiumioniakkujen valmistajat Factory tuotantoprosessi 02\" width=\"1000\" height=\"517\" \/><\/p>\n<p>&nbsp;<\/p>\n<h3 style=\"text-align: center;\">Kamada Power akkujen valmistajat<\/h3>\n<p><img loading=\"lazy\" decoding=\"async\" class=\"aligncenter wp-image-1324 size-full\" src=\"http:\/\/www.kmdpower.com\/wp-content\/uploads\/Kamada-Power-Lithium-ion-Battery-Manufacturers-Factory-Show.jpg\" alt=\"Kamada Power litiumioniakkujen valmistajat Factory Show\" width=\"1000\" height=\"584\" \/><\/p>\n<p>Kamada Power Battery Factory valmistaa kaikenlaisia oem odm r\u00e4\u00e4t\u00e4l\u00f6ityj\u00e4 akkuratkaisuja: kodin aurinkoakku, hidask\u00e4yntiset ajoneuvoakut (golf-akut, matkailuautojen akut, lyijykonvertoidut litiumakut, s\u00e4hk\u00f6k\u00e4rryn akut, trukkiakut), merenkulkuakut, risteilyaluksen akut, suurj\u00e4nniteakut, pinotut akut,\u00a0<strong><a title=\"Natriumioniakkujen valmistajat\" href=\"http:\/\/www.kmdpower.com\/fi\/sodium-ion-battery-manufacturers\/\" target=\"_blank\" rel=\"noopener\">Natriumioniakku<\/a>,\u00a0<a href=\"http:\/\/www.kmdpower.com\/fi\/commercial-energy-storage-systems\/\" target=\"_blank\" rel=\"noopener\">teolliset ja kaupalliset energian varastointij\u00e4rjestelm\u00e4t<\/a><\/strong><\/p>\n<p>&nbsp;<\/p>","protected":false},"excerpt":{"rendered":"<ul>\n<li><strong>Malli:<\/strong>\u00a024V 200Ah litiumakku<\/li>\n<li><strong>Cycles Life:<\/strong>4000 kertaa<\/li>\n<li><strong>Paino:<\/strong>\u00a037KGS<\/li>\n<li><strong>Mitat:<\/strong>\u00a0522*238*218 mm<\/li>\n<li><strong>Todistus:<\/strong>\u00a0CE\/UN38.3\/MSDS<\/li>\n<li><strong>Lifepo4-akkujen valmistajat:<\/strong>\u00a0Kamada Power<\/li>\n<li><strong>Paristotyyppi: Akun tyyppi:<\/strong>\u00a0Lifepo4 akku<\/li>\n<li><strong>Ydinominaisuudet:<\/strong>\u00a0Bluetooth, automaattinen l\u00e4mmitys, r\u00e4\u00e4t\u00e4l\u00f6ity APP, IP67 (valinnainen)<\/li>\n<li><strong>Akun tuki:<\/strong>\u00a0Tukkukauppa, OEM.ODM 24V 200Ah Lifepo4 akku<\/li>\n<li><strong>Takuu:<\/strong>\u00a05 vuotta<\/li>\n<li><strong>Toimitusaika:<\/strong>\u00a07-14 p\u00e4iv\u00e4\u00e4 n\u00e4ytteille, 35-60 p\u00e4iv\u00e4\u00e4 massatuotannolle<\/li>\n<li><strong>Kamada Power Battery Tuotteet tukevat tukkukauppaa, jakelijoita ja OEM ODM Custom Battery. Ole hyv\u00e4 ja l\u00e4het\u00e4\u00a0<a title=\"Ota yhteytt\u00e4 Kamada Poweriin\" href=\"https:\/\/www.kmdpower.com\/fi\/contact-us\/\" target=\"_blank\" rel=\"noopener\">Ota yhteytt\u00e4<\/a>!<\/strong><\/li>\n<\/ul>","protected":false},"featured_media":1214,"template":"","meta":{"rank_math_lock_modified_date":false,"_kad_post_transparent":"default","_kad_post_title":"","_kad_post_layout":"default","_kad_post_sidebar_id":"","_kad_post_content_style":"default","_kad_post_vertical_padding":"default","_kad_post_feature":"","_kad_post_feature_position":"","_kad_post_header":false,"_kad_post_footer":false},"product_cat":[17,30],"product_tag":[108,109,111,134,149,150,151,152,160,161,162,163,164,165,166,167,168,172,173,228,230,250,251,252,253,257,258,259,260,261,262,269,270,271,272,273,274,275,276,277,278,279,280,281,282,283,285,321,322,368,369,370,371,372,373,374,375,376,377,378,379,380,381,382,383,386,387,412,415,417,419,457,458,602,612,613,614,615,617,618,619,620,621,622,627,631,632,633,634,635,636,637,663,664,677,680,681,694,700,701,702,707,729,733,741,796,797,798,799,800,801,802,803,804,805,806,807,808,809,813,814],"class_list":{"0":"post-2224","1":"product","2":"type-product","3":"status-publish","4":"has-post-thumbnail","6":"product_cat-home-energy-storage-system","7":"product_cat-12v-lifepo4-battery","8":"product_tag-10s2p","9":"product_tag-10s2p-battery","10":"product_tag-10s2p-battery-pack","11":"product_tag-13ah","12":"product_tag-20ah-48v-battery","13":"product_tag-20ah-48v-lithium-battery","14":"product_tag-20ah-battery-pack","15":"product_tag-20ah-lithium-ion-battery","16":"product_tag-24v-10ah-battery","17":"product_tag-24v-10ah-battery-pack","18":"product_tag-24v-10ah-lithium-batterie","19":"product_tag-24v-10ah-lithium-battery","20":"product_tag-24v-10ah-lithium-ion-battery","21":"product_tag-24v-10ah-lithium-ion-battery-pack","22":"product_tag-24v-20ah-lithium-ion-battery","23":"product_tag-24v-lithium-ion-battery-odm","24":"product_tag-24v-lithium-solar-battery","25":"product_tag-25v-battery","26":"product_tag-25v-lithium-ion-battery","27":"product_tag-48-volt-10ah-lithium-ion-battery","28":"product_tag-48-volt-20ah-lithium-battery","29":"product_tag-48v-10ah","30":"product_tag-48v-10ah-battery","31":"product_tag-48v-10ah-lithium-battery","32":"product_tag-48v-10ah-lithium-ion-battery","33":"product_tag-48v-13ah","34":"product_tag-48v-13ah-battery-pack-supplier","35":"product_tag-48v-14ah-battery","36":"product_tag-48v-14ah-lithium-ion-battery","37":"product_tag-48v-17ah","38":"product_tag-48v-17ah-battery","39":"product_tag-48v-20ah","40":"product_tag-48v-20ah-battery","41":"product_tag-48v-20ah-battery-uk","42":"product_tag-48v-20ah-lifepo4","43":"product_tag-48v-20ah-lifepo4-battery","44":"product_tag-48v-20ah-lifepo4-battery-pack","45":"product_tag-48v-20ah-lithium-battery","46":"product_tag-48v-20ah-lithium-battery-pack","47":"product_tag-48v-20ah-lithium-ion-battery","48":"product_tag-48v-20ah-lithium-ion-battery-pack","49":"product_tag-48v-20ah-lithium-ion-battery-price","50":"product_tag-48v-40ah-lifepo4-battery","51":"product_tag-48v-50ah-lithium-ion-battery","52":"product_tag-48v-8ah","53":"product_tag-48v-8ah-lithium-battery","54":"product_tag-48v-battery-20ah","55":"product_tag-4s2p-lifepo4-battery","56":"product_tag-4s2p-lifepo4-battery-pack","57":"product_tag-72v-100ah-battery","58":"product_tag-72v-100ah-lifepo4-battery-pack","59":"product_tag-72v-100ah-lithium-battery","60":"product_tag-72v-100ah-lithium-battery-pack","61":"product_tag-72v-100ah-lithium-ion-battery-pack","62":"product_tag-72v-100ah-lithium-ion-battery-pack-price","63":"product_tag-72v-40ah","64":"product_tag-72v-40ah-battery","65":"product_tag-72v-40ah-lifepo4-battery-pack","66":"product_tag-72v-40ah-lithium-battery","67":"product_tag-72v-50ah-lithium-battery-pack","68":"product_tag-72v-lifepo4","69":"product_tag-72v-lifepo4-battery","70":"product_tag-72v-lifepo4-battery-pack","71":"product_tag-72v-lithium-phosphate-battery","72":"product_tag-72v40ah-lithium-battery","73":"product_tag-8ah-lithium-battery","74":"product_tag-8ah-lithium-ion-battery","75":"product_tag-battery-24v-10ah","76":"product_tag-battery-48v-10ah","77":"product_tag-battery-48v-20ah","78":"product_tag-battery-72v-40ah","79":"product_tag-china-lithium-ion-motorcycle-battery-customized","80":"product_tag-china-lithium-ion-motorcycle-battery-odm","81":"product_tag-lifepo4-30ah","82":"product_tag-lifepo4-48v-20ah","83":"product_tag-lifepo4-48v-40ah","84":"product_tag-lifepo4-48v-60ah","85":"product_tag-lifepo4-48v-battery-pack","86":"product_tag-lifepo4-60v","87":"product_tag-lifepo4-60v-20ah","88":"product_tag-lifepo4-60v-50ah","89":"product_tag-lifepo4-72v","90":"product_tag-lifepo4-72v-100ah","91":"product_tag-lifepo4-72v-40ah","92":"product_tag-lifepo4-battery-24v-20ah","93":"product_tag-lifepo4-battery-48v-20ah","94":"product_tag-lifepo4-battery-48v-40ah","95":"product_tag-lifepo4-battery-48v-60ah","96":"product_tag-lifepo4-battery-60ah","97":"product_tag-lifepo4-battery-60v","98":"product_tag-lifepo4-battery-72v","99":"product_tag-lifepo4-battery-72v-100ah","100":"product_tag-lithium-24v-100ah","101":"product_tag-lithium-24v-200ah","102":"product_tag-lithium-battery-24v-200ah","103":"product_tag-lithium-battery-48v-20ah","104":"product_tag-lithium-battery-60ah","105":"product_tag-lithium-ion-24v","106":"product_tag-lithium-ion-battery-24v-100ah","107":"product_tag-lithium-ion-battery-24v-10ah","108":"product_tag-lithium-ion-battery-24v-200ah","109":"product_tag-lithium-ion-battery-60v-100ah","110":"product_tag-lithium-iron-phosphate-battery-72v","111":"product_tag-lithium-phosphate-battery-72v","112":"product_tag-lithium-solar-batteries-24v","113":"product_tag-odm-22v-lithium-ionen-batterie","114":"product_tag-odm-24-volt-lifepo4","115":"product_tag-odm-24-volt-lifepo4-battery","116":"product_tag-odm-24v-100ah","117":"product_tag-odm-24v-100ah-lifepo4","118":"product_tag-odm-24v-200ah-lifepo4-battery","119":"product_tag-odm-24v-200ah-lifepo4-battery-manufacturer","120":"product_tag-odm-24v-200ah-lifepo4-battery-supplier","121":"product_tag-odm-24v-50ah-lifepo4-manufacturer","122":"product_tag-odm-24v-50ah-lithium-ion-battery","123":"product_tag-odm-24v-lifepo4-battery","124":"product_tag-odm-24v-lithium-battery-charger-customized","125":"product_tag-odm-24v-lithium-ion-battery-customized","126":"product_tag-odm-24v-lithium-ion-battery-manufacturer","127":"product_tag-odm-50-ah-lifepo4","128":"product_tag-odm-50-ah-lifepo4-manufacturer","130":"first","131":"instock","132":"shipping-taxable","133":"product-type-simple","134":"entry","135":"content-bg","136":"loop-entry"},"_links":{"self":[{"href":"https:\/\/www.kmdpower.com\/fi\/wp-json\/wp\/v2\/product\/2224","targetHints":{"allow":["GET"]}}],"collection":[{"href":"https:\/\/www.kmdpower.com\/fi\/wp-json\/wp\/v2\/product"}],"about":[{"href":"https:\/\/www.kmdpower.com\/fi\/wp-json\/wp\/v2\/types\/product"}],"version-history":[{"count":4,"href":"https:\/\/www.kmdpower.com\/fi\/wp-json\/wp\/v2\/product\/2224\/revisions"}],"predecessor-version":[{"id":3959,"href":"https:\/\/www.kmdpower.com\/fi\/wp-json\/wp\/v2\/product\/2224\/revisions\/3959"}],"wp:featuredmedia":[{"embeddable":true,"href":"https:\/\/www.kmdpower.com\/fi\/wp-json\/wp\/v2\/media\/1214"}],"wp:attachment":[{"href":"https:\/\/www.kmdpower.com\/fi\/wp-json\/wp\/v2\/media?parent=2224"}],"wp:term":[{"taxonomy":"product_cat","embeddable":true,"href":"https:\/\/www.kmdpower.com\/fi\/wp-json\/wp\/v2\/product_cat?post=2224"},{"taxonomy":"product_tag","embeddable":true,"href":"https:\/\/www.kmdpower.com\/fi\/wp-json\/wp\/v2\/product_tag?post=2224"}],"curies":[{"name":"wp","href":"https:\/\/api.w.org\/{rel}","templated":true}]}}