{"id":2146,"date":"2024-10-11T05:58:59","date_gmt":"2024-10-11T05:58:59","guid":{"rendered":"http:\/\/www.kmdpower.com\/?post_type=product&#038;p=2146"},"modified":"2025-01-19T06:07:57","modified_gmt":"2025-01-19T06:07:57","slug":"all-in-one-5kwh-25-6v-200ah-lifepo4-battery-hybrid-inverter-2-56kwh-3kwh-5kwh-product","status":"publish","type":"product","link":"https:\/\/www.kmdpower.com\/fi\/all-in-one-5kwh-25-6v-200ah-lifepo4-battery-hybrid-inverter-2-56kwh-3kwh-5kwh-product\/","title":{"rendered":"All In One 5kwh 25.6V 200Ah LiFePO4 akku hybridi-invertteri 2.56kwh 3kwh 5kwh"},"content":{"rendered":"<p><a href=\"https:\/\/www.kmdpower.com\/fi\/contact-us\/\"><img fetchpriority=\"high\" decoding=\"async\" class=\"aligncenter\" src=\"http:\/\/www.kmdpower.com\/wp-content\/uploads\/Contact-US-Kamada-Power-Shenzhen-Kamada-Electronic-Co-Ltd.jpg\" alt=\"\" width=\"1000\" height=\"200\" \/><\/a><\/p>\n<p><img decoding=\"async\" class=\"aligncenter wp-image-1464 size-full\" src=\"http:\/\/www.kmdpower.com\/wp-content\/uploads\/Wall-Mount-Battery-Inverter-All-in-One-01.jpg\" alt=\"Kamada Power All In One Solar System 25.6V 200Ah 5Kwh hybridi invertteri Banner\" width=\"1000\" height=\"435\" \/><\/p>\n<h3 style=\"text-align: center;\">Kamada Power All In One Solar System 25.6V 200Ah 5Kwh Hybrid Inverter ominaisuudet<\/h3>\n<p><img decoding=\"async\" class=\"aligncenter wp-image-1325 size-full\" src=\"http:\/\/www.kmdpower.com\/wp-content\/uploads\/kamada-power-powerwall-all-in-one-system-feature-001.jpg\" alt=\"Kamada Power All In One Solar System 25.6V 200Ah 5Kwh Hybrid Inverter ominaisuudet\" width=\"1000\" height=\"774\" \/><\/p>\n<h3 style=\"text-align: center;\">Tasaustoiminto\uff08Aktiivinen tai passiivinen Valinnainen)<\/h3>\n<p>&nbsp;<\/p>\n<p><img loading=\"lazy\" decoding=\"async\" class=\"aligncenter wp-image-978 size-full\" src=\"http:\/\/www.kmdpower.com\/wp-content\/uploads\/Active-Equalization-Function-and-Active-Passive-Optional-0.png\" alt=\"Aktiivinen tasaustoiminto ja aktiivinen passiivinen valinnainen 0\" width=\"1000\" height=\"246\" \/><\/p>\n<div>\n<div>\n<div>\n<p>&nbsp;<\/p>\n<\/div>\n<\/div>\n<\/div>\n<div>\n<h3 style=\"text-align: center;\">Tuotteen kohokohdat<\/h3>\n<p><strong>Itsel\u00e4mmitett\u00e4v\u00e4 toiminto<\/strong><br \/>\nAloitusl\u00e4mp\u00f6tila \u22640 \u2103, lopetusl\u00e4mp\u00f6tila \u22655 \u2103. Asuink\u00e4ytt\u00f6\u00f6n tarkoitettujen akkujen itsel\u00e4mmitystoiminto ratkaisee tehokkaasti suorituskyvyn heikkenemisen kylm\u00e4ll\u00e4 s\u00e4\u00e4ll\u00e4, varmistaa luotettavan toiminnan ja pitk\u00e4n k\u00e4ytt\u00f6i\u00e4n jopa ankarissa ilmasto-olosuhteissa, v\u00e4hent\u00e4\u00e4 siten huoltokustannuksia ja parantaa energian varastoinnin yleist\u00e4 tehokkuutta.<\/p>\n<p><strong>Tuki itse valituille protokollille<\/strong><\/p>\n<p>yksinkertainen ja helppo integroida nopeasti invertterit.<\/p>\n<p><strong>Sein\u00e4asennettava All In One Solar System Integroitu invertteriyksikk\u00f6<\/strong><\/p>\n<p>Sein\u00e4\u00e4n asennettavassa integroidussa invertteriyksik\u00f6ss\u00e4 on sis\u00e4\u00e4nrakennettu invertteri, joka muuntaa tasavirran tehokkaasti vaihtovirraksi. T\u00e4m\u00e4 asuin- tai toimistoymp\u00e4rist\u00f6\u00f6n suunniteltu edistyksellinen tuote takaa vakaan s\u00e4hk\u00f6nsaannin. Se ei ainoastaan s\u00e4\u00e4st\u00e4 tilaa, vaan my\u00f6s yksinkertaistaa asennusta ja huoltoa, joten se on ihanteellinen sovelluksiin, joissa tarvitaan tehokasta virran muuntamista. K\u00e4ytt\u00e4j\u00e4t nauttivat k\u00e4tev\u00e4st\u00e4 virranhallinnasta ja luotettavasta tuotosta, mik\u00e4 parantaa huomattavasti mukavuutta ja tehokkuutta sek\u00e4 kotona ett\u00e4 ty\u00f6paikalla.<\/p>\n<p><strong>Bluetooth Reaaliaikainen seuranta sovelluksen kautta<\/strong><br \/>\nReaaliaikainen Bluetooth-seuranta kotipariston sovelluksen kautta ratkaisee ongelman, joka liittyy energiank\u00e4yt\u00f6n rajalliseen n\u00e4kyvyyteen ja hallintaan, ja tarjoaa sinulle k\u00e4tev\u00e4n ja v\u00e4litt\u00f6m\u00e4n p\u00e4\u00e4syn energiankulutuksen ja varastointitehokkuuden optimointiin.<\/p>\n<p><strong>LiFePO4-akku<\/strong><br \/>\n6000 sylinteri\u00e4 Pitk\u00e4 k\u00e4ytt\u00f6ik\u00e4, kevyt paino, suurempi kapasiteetti, ei huoltoa<\/p>\n<p><strong>Modulaarinen rakenne Plug and Play<\/strong><br \/>\nModulaarisen plug-and-play-asuinhuoneakun yl\u00f6sp\u00e4in suuntautuva johdotusrakenne yksinkertaistaa asennusta, mik\u00e4 s\u00e4\u00e4st\u00e4\u00e4 aikaa ja vaivaa. Se takaa nopean asennuksen ja saumattoman integroinnin, mik\u00e4 lis\u00e4\u00e4 k\u00e4ytt\u00f6mukavuutta ja toiminnan tehokkuutta.<\/p>\n<p><strong>DC- tai AC-kytkent\u00e4, verkkoon kytkettyn\u00e4 tai verkon ulkopuolisena.<\/strong><br \/>\nAsuink\u00e4ytt\u00f6\u00f6n tarkoitettujen akkujen tasavirta- tai vaihtovirtakytkent\u00e4 vastaa tarpeisiisi energianhallinnan ja luotettavan varavoiman osalta, olipa kyseess\u00e4 sitten verkkoon kytketty tai verkkoon kytketty akku, ja lis\u00e4\u00e4 siten energiaomavaraisuutta ja luotettavuutta.<\/p>\n<p><strong>Rinnakkainen<\/strong><br \/>\nKamada power 10kwh powewall home -akku tukee 16 rinnakkaista liit\u00e4nt\u00e4\u00e4, mik\u00e4 vastaa erilaisiin sovellustarpeisiin joustavilla ja skaalautuvilla kokoonpanoilla, jotka mahdollistavat optimaalisen suorituskyvyn ja kustannustehokkuuden energian varastointiratkaisuissa.<\/p>\n<p>&nbsp;<\/p>\n<\/div>\n<p>&nbsp;<\/p>\n<h3 style=\"text-align: center;\">Luotettava BMS-j\u00e4rjestelm\u00e4 Ultra Saftey (eritt\u00e4in turvallinen)<\/h3>\n<p><img loading=\"lazy\" decoding=\"async\" class=\"aligncenter wp-image-1283 size-full\" src=\"http:\/\/www.kmdpower.com\/wp-content\/uploads\/Kamada-Power-Battery-BMS.jpg\" alt=\"Kamada Power Battery BMS\" width=\"1000\" height=\"401\" \/><\/p>\n<p style=\"text-align: left;\">Kamada Power Wall Mounted Battery All In One Solar System BMS varmistaa turvallisen toiminnan \u00e4\u00e4rimm\u00e4isiss\u00e4 l\u00e4mp\u00f6tiloissa, est\u00e4\u00e4 ylilatauksen ja ylipurkauksen, pident\u00e4\u00e4 akun k\u00e4ytt\u00f6ik\u00e4\u00e4 ja tarjoaa luotettavan suorituskyvyn tehokkaalla latauksella ja purkauksella. Se sis\u00e4lt\u00e4\u00e4 my\u00f6s ylivirta- ja oikosulkusuojauksen j\u00e4rjestelm\u00e4n turvallisuuden varmistamiseksi ja tarjoaa k\u00e4ytt\u00e4jille vaihtoehtoja aktiiviseen tai passiiviseen tasapainottamiseen akun suorituskyvyn ja energiatehokkuuden optimoimiseksi.<\/p>\n<p>&nbsp;<\/p>\n<h3 style=\"text-align: center;\">Kamada Power Wall Mounted All In One Solar System 2.5kwh 5kwh (koko paino)<\/h3>\n<p><img loading=\"lazy\" decoding=\"async\" class=\"aligncenter wp-image-1466 size-full\" src=\"http:\/\/www.kmdpower.com\/wp-content\/uploads\/Wall-Mount-Battery-Inverter-All-in-One-03.jpg\" alt=\"Kamada Power Wall Mounted All In One Solar System 2.5kwh 5kwh (koko paino)\" width=\"1000\" height=\"616\" \/><\/p>\n<p>Kamada Power Wall Mounted Battery All In One Solar System 2,56 kWh \/ 38KGS 690 * 461 * 159 mm<br \/>\nKamada Power Wall Mounted Battery All In One Solar System 5.12kWh \/ 60KGS 800 * 490 * 159 mm<\/p>\n<p>&nbsp;<\/p>\n<h3 style=\"text-align: center;\">Kamada Power Powerwall kotiakkujen sovellusskenaario<\/h3>\n<div data-node=\"66bb1ada9ec32\" data-animation-delay=\"0.0\"><img loading=\"lazy\" decoding=\"async\" class=\"aligncenter wp-image-1354 size-full\" src=\"http:\/\/www.kmdpower.com\/wp-content\/uploads\/kamada-powerwall-battery-application-scenario-.jpg\" alt=\"kamada powerwall-akun sovellusskenaario\" width=\"1000\" height=\"462\" \/><\/div>\n<p>&nbsp;<\/p>\n<p><strong>Kamada Power Powerwall Home Battery Voidaan k\u00e4ytt\u00e4\u00e4 seuraavissa sovelluskohteissa:<\/strong><\/p>\n<p><strong>Aurinkokunta:<\/strong>\u00a0Varastoi aurinkoenergiaa tasaista virtaa varten y\u00f6t\u00e4 p\u00e4iv\u00e4\u00e4.<br \/>\n<strong>Matkailuautomatkailu:<\/strong>\u00a0Tarjota kannettava energiavarasto matkustamista varten.<br \/>\n<strong>Vene \/ merenkulku:<\/strong>\u00a0Varmista keskeytym\u00e4t\u00f6n virransy\u00f6tt\u00f6 purjehduksen tai telakoinnin aikana.<br \/>\n<strong>Off Grid:<\/strong>\u00a0Pysy yhteydess\u00e4 luotettavan varavoiman avulla syrj\u00e4isiss\u00e4 paikoissa.<\/p>\n<p>&nbsp;<\/p>\n<h3 style=\"text-align: center;\">Miksi valita Kamada Power OEM ODM akkutuotteesi?<\/h3>\n<p><strong>Sinun ei tarvitse murehtia n\u00e4it\u00e4 mukautettuja akkuongelmia haasteita!<\/strong><br \/>\nOngelmia ovat kyvytt\u00f6myys t\u00e4ytt\u00e4\u00e4 r\u00e4\u00e4t\u00e4l\u00f6ityj\u00e4 akkuvaatimuksia, pitk\u00e4 tuotantoaika, hidas toimitusaika, tehoton viestint\u00e4, ei laatutakuuta, kilpailukyvyt\u00f6n tuotteen hinta ja huono palvelukokemus!<\/p>\n<p><strong>Ammattitaidon voima!<\/strong><br \/>\nOlemme palvelleet tuhansia akkuasiakkaita eri toimialoilta ja r\u00e4\u00e4t\u00e4l\u00f6ineet tuhansia akkutuotteita! Tied\u00e4mme tarpeiden syv\u00e4llisen viestinn\u00e4n merkityksen, tunnemme akkutuotteiden suunnittelusta massatuotantoon erilaiset tekniset haasteet ja ongelmat ja miten ratkaista n\u00e4m\u00e4 ongelmat nopeasti ja tehokkaasti!<\/p>\n<p><strong>Kehit\u00e4 tehokkaita r\u00e4\u00e4t\u00e4l\u00f6ityj\u00e4 akkuratkaisuja!<\/strong><br \/>\nVastauksena r\u00e4\u00e4t\u00e4l\u00f6ityihin akkutarpeisiisi, m\u00e4\u00e4rittelemme akkuteknologiaprojektiryhm\u00e4n tarjoamaan sinulle 1-to-1-palvelua. Viestimme kanssasi perusteellisesti toimialasta, skenaarioista, vaatimuksista, kipupisteist\u00e4, suorituskyvyst\u00e4, toiminnallisuudesta ja kehit\u00e4mme r\u00e4\u00e4t\u00e4l\u00f6ityj\u00e4 akkuratkaisuja.<\/p>\n<p><strong>Nopea r\u00e4\u00e4t\u00e4l\u00f6ityjen akkujen tuotannon toimitus!<\/strong><br \/>\nOlemme ketteri\u00e4 ja nopeita auttamaan sinua akkutuotteen suunnittelusta akun n\u00e4ytteenottoon ja akkutuotteen massatuotantoon. Saavuta nopea tuotesuunnittelu, nopea tuotanto ja valmistus, nopea toimitus ja l\u00e4hetys, paras laatu ja tehtaan hinta r\u00e4\u00e4t\u00e4l\u00f6idyille akuille!<\/p>\n<p><strong>Auttaa sinua tarttumaan nopeasti energiavarastointiakkujen markkinamahdollisuuksiin!<\/strong><br \/>\nKamada Power auttaa sinua saamaan nopeasti aikaan erilaistuneita r\u00e4\u00e4t\u00e4l\u00f6ityj\u00e4 akkutuotteita, parantamaan tuotteiden kilpailukyky\u00e4 ja ottamaan nopeasti johtoaseman energiavarastointiakkujen markkinoilla.<\/p>\n<p>&nbsp;<\/p>\n<h3 style=\"text-align: center;\">Shenzhen Kamada Electronic Co., Ltd<br \/>\nKamada Power -n\u00e4yttely<\/h3>\n<p><img loading=\"lazy\" decoding=\"async\" class=\"aligncenter wp-image-1297 size-full\" src=\"http:\/\/www.kmdpower.com\/wp-content\/uploads\/Kamada-Power-Exhibition-Shenzhen-Kamada-Electronic-Co-Ltd.png\" alt=\"Kamada Power n\u00e4yttely Shenzhen Kamada Electronic Co Ltd\" width=\"1920\" height=\"841\" \/><\/p>\n<p>&nbsp;<\/p>\n<h3 style=\"text-align: center;\">Kamada Power Battery Valmistajien sertifiointi<\/h3>\n<p><img loading=\"lazy\" decoding=\"async\" class=\"aligncenter wp-image-1285 size-full\" src=\"http:\/\/www.kmdpower.com\/wp-content\/uploads\/Kamada-Power-Battery-Certification.png\" alt=\"Kamada Power Battery Valmistajien sertifiointi\" width=\"1344\" height=\"462\" \/><\/p>\n<p>&nbsp;<\/p>\n<h3 style=\"text-align: center;\">Kamada Power litiumioniakkujen valmistajat Factory tuotantoprosessi<\/h3>\n<p><img loading=\"lazy\" decoding=\"async\" class=\"aligncenter wp-image-1323 size-full\" src=\"http:\/\/www.kmdpower.com\/wp-content\/uploads\/Kamada-Power-Lithium-ion-Battery-Manufacturers-Factory-Production-Process-02.jpg\" alt=\"Kamada Power litiumioniakkujen valmistajat Factory tuotantoprosessi 02\" width=\"1000\" height=\"517\" \/><\/p>\n<p>&nbsp;<\/p>\n<h3 style=\"text-align: center;\">Kamada Power akkujen valmistajat<\/h3>\n<p><img loading=\"lazy\" decoding=\"async\" class=\"aligncenter wp-image-1324 size-full\" src=\"http:\/\/www.kmdpower.com\/wp-content\/uploads\/Kamada-Power-Lithium-ion-Battery-Manufacturers-Factory-Show.jpg\" alt=\"Kamada Power litiumioniakkujen valmistajat Factory Show\" width=\"1000\" height=\"584\" \/><\/p>\n<p>Kamada Power Battery Factory valmistaa kaikenlaisia oem odm r\u00e4\u00e4t\u00e4l\u00f6ityj\u00e4 akkuratkaisuja: kodin aurinkoakku, hidask\u00e4yntiset ajoneuvoakut (golf-akut, matkailuautojen akut, lyijykonvertoidut litiumakut, s\u00e4hk\u00f6k\u00e4rryn akut, trukkiakut), merenkulkuakut, risteilyaluksen akut, suurj\u00e4nniteakut, pinotut akut,\u00a0<strong><a title=\"Natriumioniakkujen valmistajat\" href=\"http:\/\/www.kmdpower.com\/fi\/sodium-ion-battery-manufacturers\/\" target=\"_blank\" rel=\"noopener\">Natriumioniakku<\/a>,\u00a0<a href=\"http:\/\/www.kmdpower.com\/fi\/commercial-energy-storage-systems\/\" target=\"_blank\" rel=\"noopener\">teolliset ja kaupalliset energian varastointij\u00e4rjestelm\u00e4t<\/a><\/strong><\/p>\n<p>&nbsp;<\/p>","protected":false},"excerpt":{"rendered":"<ul>\n<li><strong>Malli:<\/strong>\u00a0Sein\u00e4\u00e4n asennettava akku All In One 5kwh 25.6V 200Ah LiFePO4 akku hybridi-invertteri 2.56kwh 3kwh 5kwh<\/li>\n<li><strong>Syklin kesto:<\/strong>\u00a06000 kertaa<\/li>\n<li><strong>Paino:<\/strong>\u00a060KGS<\/li>\n<li><strong>Mitat:<\/strong>\u00a0800*490*159 mm<\/li>\n<li><strong>Todistus:<\/strong>\u00a0CE\/UN38.3\/MSDS<\/li>\n<li><strong>Kaikki yhdess\u00e4 aurinkoj\u00e4rjestelm\u00e4n valmistajat:<\/strong>\u00a0Kamada Power<\/li>\n<li><strong>Paristotyyppi: Akun tyyppi:<\/strong>\u00a0LiFePO4-akku<\/li>\n<li><strong>Ydinominaisuudet:<\/strong>\u00a0Bluetooth, Wifi, automaattinen l\u00e4mmitys, r\u00e4\u00e4t\u00e4l\u00f6ity APP (valinnainen)<\/li>\n<li><strong>Akun tuki:<\/strong>\u00a0Tukkukauppa, OEM.ODM Power Wall Mounted akku kaikki yhdess\u00e4 aurinkoj\u00e4rjestelm\u00e4ss\u00e4<\/li>\n<li><strong>Takuu:<\/strong>\u00a010 vuotta<\/li>\n<li><strong>Toimitusaika:<\/strong>\u00a07-14 p\u00e4iv\u00e4\u00e4 n\u00e4ytteille, 35-60 p\u00e4iv\u00e4\u00e4 massatuotannolle<\/li>\n<li><strong>Kamada Power Battery Tuotteet tukevat tukkukauppaa, jakelijoita ja OEM ODM Custom Battery. Ole hyv\u00e4 ja l\u00e4het\u00e4\u00a0<a title=\"Ota yhteytt\u00e4 Kamada Poweriin\" href=\"https:\/\/www.kmdpower.com\/fi\/contact-us\/\" target=\"_blank\" rel=\"noopener\">Ota yhteytt\u00e4<\/a>!<\/strong><\/li>\n<\/ul>","protected":false},"featured_media":1634,"template":"","meta":{"rank_math_lock_modified_date":false,"_kad_post_transparent":"default","_kad_post_title":"","_kad_post_layout":"default","_kad_post_sidebar_id":"","_kad_post_content_style":"default","_kad_post_vertical_padding":"default","_kad_post_feature":"","_kad_post_feature_position":"","_kad_post_header":false,"_kad_post_footer":false},"product_cat":[17,23],"product_tag":[224,242,319,327,323,324,325,326,333,334,335,336,337,338,339,340,341,342,343,344,345,346,347,366,367,384,385,388,392,418,509,511,48,58,49,616,50,641,706,815,816,817,932,933,934,56,1046,59,1112,1113,1120,1121,1119,1123],"class_list":{"0":"post-2146","1":"product","2":"type-product","3":"status-publish","4":"has-post-thumbnail","6":"product_cat-home-energy-storage-system","7":"product_cat-power-wall","8":"product_tag-3kwh-battery","9":"product_tag-48v-100ah-lifepo4-5-12-kwh","10":"product_tag-48v100ah-power-wall-5kwh-lithium-lifepo4-battery","11":"product_tag-5-12-kwh-lithium-battery","12":"product_tag-5-kw-battery","13":"product_tag-5-kwh-lithium-battery","14":"product_tag-5-kwh-lithium-ion-battery","15":"product_tag-5-kwh-solar-battery","16":"product_tag-5kw-battery","17":"product_tag-5kw-battery-storage","18":"product_tag-5kw-lithium-battery","19":"product_tag-5kw-lithium-ion-battery","20":"product_tag-5kw-powerwall","21":"product_tag-5kw-server-rack-battery","22":"product_tag-5kw-solar-battery","23":"product_tag-5kw-solar-system-battery-bank","24":"product_tag-5kwh","25":"product_tag-5kwh-2448v-server-rack-lifepo4","26":"product_tag-5kwh-48v-rack-battery","27":"product_tag-5kwh-battery-pack","28":"product_tag-5kwh-lifepo4-battery","29":"product_tag-5kwh-lithium-battery","30":"product_tag-6-5-kwh-lithium-battery","31":"product_tag-6kw-battery-storage","32":"product_tag-6kwh-lithium-battery","33":"product_tag-7kw-battery","34":"product_tag-7kwh-battery","35":"product_tag-9-6-kwh-lithium-battery","36":"product_tag-all-in-one-ess","37":"product_tag-battery-5kwh","38":"product_tag-customized-5-kwh-lithium-ion-battery","39":"product_tag-customized-5kwh-lifepo4-battery","40":"product_tag-home-battery","41":"product_tag-lifepo4-100ah","42":"product_tag-lifepo4-200ah","43":"product_tag-lifepo4-5kwh","44":"product_tag-lifepo4-battery","45":"product_tag-lifepo4-battery-powerwall-5kw-48v","46":"product_tag-lithium-ion-battery-5kwh","47":"product_tag-odm-5kwh-lifepo4-battery","48":"product_tag-odm-5kwh-lifepo4-battery-manufacturer","49":"product_tag-odm-5kwh-lifepo4-battery-supplier","50":"product_tag-oem-5kwh-lifepo4-battery","51":"product_tag-oem-5kwh-lifepo4-battery-manufacturer","52":"product_tag-oem-5kwh-lifepo4-battery-supplier","53":"product_tag-powerwall","54":"product_tag-server-rack-lifepo4-5kw","55":"product_tag-wall-mount-battery","56":"product_tag-wholesale-48v-100ah-lifepo4-5-12-kwh-factory","57":"product_tag-wholesale-48v-100ah-lifepo4-5-12-kwh-supplier","58":"product_tag-wholesale-5-12-kwh-lithium-battery-manufacturers","59":"product_tag-wholesale-5-12-kwh-lithium-battery-supplier","60":"product_tag-wholesale-5-kwh-lithium-battery","61":"product_tag-wholesale-battery-5kwh","63":"first","64":"instock","65":"shipping-taxable","66":"product-type-simple","67":"entry","68":"content-bg","69":"loop-entry"},"_links":{"self":[{"href":"https:\/\/www.kmdpower.com\/fi\/wp-json\/wp\/v2\/product\/2146","targetHints":{"allow":["GET"]}}],"collection":[{"href":"https:\/\/www.kmdpower.com\/fi\/wp-json\/wp\/v2\/product"}],"about":[{"href":"https:\/\/www.kmdpower.com\/fi\/wp-json\/wp\/v2\/types\/product"}],"version-history":[{"count":4,"href":"https:\/\/www.kmdpower.com\/fi\/wp-json\/wp\/v2\/product\/2146\/revisions"}],"predecessor-version":[{"id":2148,"href":"https:\/\/www.kmdpower.com\/fi\/wp-json\/wp\/v2\/product\/2146\/revisions\/2148"}],"wp:featuredmedia":[{"embeddable":true,"href":"https:\/\/www.kmdpower.com\/fi\/wp-json\/wp\/v2\/media\/1634"}],"wp:attachment":[{"href":"https:\/\/www.kmdpower.com\/fi\/wp-json\/wp\/v2\/media?parent=2146"}],"wp:term":[{"taxonomy":"product_cat","embeddable":true,"href":"https:\/\/www.kmdpower.com\/fi\/wp-json\/wp\/v2\/product_cat?post=2146"},{"taxonomy":"product_tag","embeddable":true,"href":"https:\/\/www.kmdpower.com\/fi\/wp-json\/wp\/v2\/product_tag?post=2146"}],"curies":[{"name":"wp","href":"https:\/\/api.w.org\/{rel}","templated":true}]}}