{"id":3493,"date":"2024-12-29T14:25:00","date_gmt":"2024-12-29T14:25:00","guid":{"rendered":"http:\/\/www.kmdpower.com\/?page_id=3493"},"modified":"2025-02-04T17:54:33","modified_gmt":"2025-02-04T17:54:33","slug":"about","status":"publish","type":"page","link":"https:\/\/www.kmdpower.com\/fi\/about-us-2\/","title":{"rendered":"Noin"},"content":{"rendered":"<div data-elementor-type=\"wp-page\" data-elementor-id=\"3493\" class=\"elementor elementor-3493\" data-elementor-post-type=\"page\">\n\t\t\t\t<div class=\"elementor-element elementor-element-d1b6cf2 e-flex e-con-boxed e-con e-parent\" data-id=\"d1b6cf2\" data-element_type=\"container\" data-settings=\"{&quot;_ha_eqh_enable&quot;:&quot;yes&quot;,&quot;_ha_eqh_to&quot;:&quot;widget&quot;,&quot;_ha_eqh_disable_on_tablet&quot;:&quot;no&quot;,&quot;_ha_eqh_disable_on_mobile&quot;:&quot;yes&quot;}\">\n\t\t\t\t\t<div class=\"e-con-inner\">\n\t\t<div class=\"elementor-element elementor-element-96cb284 e-con-full e-flex e-con e-child\" data-id=\"96cb284\" data-element_type=\"container\" data-settings=\"{&quot;_ha_eqh_enable&quot;:&quot;yes&quot;,&quot;_ha_eqh_to&quot;:&quot;widget&quot;,&quot;_ha_eqh_disable_on_tablet&quot;:&quot;no&quot;,&quot;_ha_eqh_disable_on_mobile&quot;:&quot;yes&quot;}\">\n\t\t\t\t<div class=\"elementor-element elementor-element-dccf2df elementor-widget elementor-widget-heading\" data-id=\"dccf2df\" data-element_type=\"widget\" data-widget_type=\"heading.default\">\n\t\t\t\t<div class=\"elementor-widget-container\">\n\t\t\t<h2 class=\"elementor-heading-title elementor-size-default\">Shenzhen Kamada Electronic Co., Ltd.<\/h2>\t\t<\/div>\n\t\t\t\t<\/div>\n\t\t\t\t<div class=\"elementor-element elementor-element-65b0ea7 elementor-widget elementor-widget-text-editor\" data-id=\"65b0ea7\" data-element_type=\"widget\" data-widget_type=\"text-editor.default\">\n\t\t\t\t<div class=\"elementor-widget-container\">\n\t\t\t\t\t\t\t<p>Shenzhen Kamada Electronic Co., Ltd. on korkean teknologian yritys, joka on erikoistunut tutkimukseen ja kehitt\u00e4miseen, valmistukseen ja myyntiin litium-rautafosfaattiakku energiavarastointij\u00e4rjestelm\u00e4\u00e4n, kaupallisiin energiavarastointij\u00e4rjestelmiin, natrium-ioniakkuihin, sla-korvausparistoratkaisuun.<\/p><p>Tuotteemme ovat p\u00e4tevi\u00e4 ISO9001-, UL-, CB-, IEC62133-, CE-, ROHS-, UN38.3- ja MSDS-standardin mukaisesti, ja niit\u00e4 sovelletaan laajalti kaupallisiin energiavarastointij\u00e4rjestelmiin, natriumioniakkuihin, aurinkokodin varastointij\u00e4rjestelm\u00e4\u00e4n, UPS: \u00e4\u00e4n, golfk\u00e4rryyn, vaunuk\u00e4rryyn, veneeseen, kalastusveneeseen, trukkiin ja muihin r\u00e4\u00e4t\u00e4l\u00f6ityihin akkuihin, T &amp; K-tiimimme kykenev\u00e4t laitteistojen ja ohjelmistojen tutkimukseen ja kehitt\u00e4miseen.<\/p><p>Kamada Power omistaa erinomaisen insin\u00f6\u00f6ritiimin, jolla on runsaasti kokemusta akkujen tutkimuskehityksest\u00e4, ja se kiinnitt\u00e4\u00e4 aina huomiota litiumakkujen viimeaikaiseen kehitykseen ja uusimpiin sovelluksiin.<\/p><p>T\u00e4ll\u00e4 hetkell\u00e4 tuemme erilaisia r\u00e4\u00e4t\u00e4l\u00f6ityj\u00e4 akkuratkaisuja RS485 \/ RS232 \/ CANBUS \/ Bluetooth, aktiivinen tasaus, akun itsel\u00e4mmitys, korkean ja matalan l\u00e4mp\u00f6tilan ohjaus purkautuminen ja charging.At samaan aikaan, se on ryhm\u00e4 ammattimaista tuotantoa ja laadunhallintaryhm\u00e4, joka tiukasti valvoo tuotantoprosessin joka vaiheessa.<\/p>\t\t\t\t\t\t<\/div>\n\t\t\t\t<\/div>\n\t\t\t\t<\/div>\n\t\t<div class=\"elementor-element elementor-element-336b48d e-con-full e-flex e-con e-child\" data-id=\"336b48d\" data-element_type=\"container\" data-settings=\"{&quot;_ha_eqh_enable&quot;:&quot;yes&quot;,&quot;_ha_eqh_to&quot;:&quot;widget&quot;,&quot;_ha_eqh_disable_on_tablet&quot;:&quot;no&quot;,&quot;_ha_eqh_disable_on_mobile&quot;:&quot;yes&quot;}\">\n\t\t\t\t<div class=\"elementor-element elementor-element-c966210 elementor-widget elementor-widget-image\" data-id=\"c966210\" data-element_type=\"widget\" data-widget_type=\"image.default\">\n\t\t\t\t<div class=\"elementor-widget-container\">\n\t\t\t\t\t\t\t\t\t\t\t\t\t<img fetchpriority=\"high\" decoding=\"async\" width=\"1024\" height=\"768\" src=\"https:\/\/www.kmdpower.com\/wp-content\/uploads\/factory-tour6.jpg\" class=\"attachment-large size-large wp-image-1068\" alt=\"Kamada Power Battery Factory\" \/>\t\t\t\t\t\t\t\t\t\t\t\t\t<\/div>\n\t\t\t\t<\/div>\n\t\t\t\t<\/div>\n\t\t\t\t\t<\/div>\n\t\t\t\t<\/div>\n\t\t<div class=\"elementor-element elementor-element-5d46f0c e-flex e-con-boxed e-con e-parent\" data-id=\"5d46f0c\" data-element_type=\"container\" data-settings=\"{&quot;_ha_eqh_enable&quot;:false}\">\n\t\t\t\t\t<div class=\"e-con-inner\">\n\t\t\t\t<div class=\"elementor-element elementor-element-4acbe64 elementor-widget elementor-widget-heading\" data-id=\"4acbe64\" data-element_type=\"widget\" data-widget_type=\"heading.default\">\n\t\t\t\t<div class=\"elementor-widget-container\">\n\t\t\t<h2 class=\"elementor-heading-title elementor-size-default\">Kamada Power Battery -n\u00e4yttely\n<\/h2>\t\t<\/div>\n\t\t\t\t<\/div>\n\t\t\t\t<div class=\"elementor-element elementor-element-c2c227b elementor-widget elementor-widget-image\" data-id=\"c2c227b\" data-element_type=\"widget\" data-widget_type=\"image.default\">\n\t\t\t\t<div class=\"elementor-widget-container\">\n\t\t\t\t\t\t\t\t\t\t\t\t\t<img decoding=\"async\" width=\"1024\" height=\"449\" src=\"https:\/\/www.kmdpower.com\/wp-content\/uploads\/kamada-power-lithium-battery-manufacturer-exhibition-.jpg\" class=\"attachment-large size-large wp-image-1319\" alt=\"kamada power litium akku valmistaja n\u00e4yttely\" \/>\t\t\t\t\t\t\t\t\t\t\t\t\t<\/div>\n\t\t\t\t<\/div>\n\t\t\t\t\t<\/div>\n\t\t\t\t<\/div>\n\t\t<div class=\"elementor-element elementor-element-c1f2c31 e-flex e-con-boxed e-con e-parent\" data-id=\"c1f2c31\" data-element_type=\"container\" data-settings=\"{&quot;_ha_eqh_enable&quot;:false}\">\n\t\t\t\t\t<div class=\"e-con-inner\">\n\t\t\t\t<div class=\"elementor-element elementor-element-20d8717 elementor-widget elementor-widget-heading\" data-id=\"20d8717\" data-element_type=\"widget\" data-widget_type=\"heading.default\">\n\t\t\t\t<div class=\"elementor-widget-container\">\n\t\t\t<h2 class=\"elementor-heading-title elementor-size-default\">Sertifiointi<\/h2>\t\t<\/div>\n\t\t\t\t<\/div>\n\t\t\t\t<div class=\"elementor-element elementor-element-eb50d01 elementor-widget elementor-widget-image\" data-id=\"eb50d01\" data-element_type=\"widget\" data-widget_type=\"image.default\">\n\t\t\t\t<div class=\"elementor-widget-container\">\n\t\t\t\t\t\t\t\t\t\t\t\t\t<img decoding=\"async\" width=\"1024\" height=\"352\" src=\"https:\/\/www.kmdpower.com\/wp-content\/uploads\/kamada-power-battery-certification.jpg\" class=\"attachment-large size-large wp-image-1284\" alt=\"kamada power litium akku valmistaja n\u00e4yttely\" \/>\t\t\t\t\t\t\t\t\t\t\t\t\t<\/div>\n\t\t\t\t<\/div>\n\t\t\t\t\t<\/div>\n\t\t\t\t<\/div>\n\t\t<div class=\"elementor-element elementor-element-e350556 e-flex e-con-boxed e-con e-parent\" data-id=\"e350556\" data-element_type=\"container\" data-settings=\"{&quot;_ha_eqh_enable&quot;:false}\">\n\t\t\t\t\t<div class=\"e-con-inner\">\n\t\t\t\t<div class=\"elementor-element elementor-element-7391998 elementor-widget elementor-widget-heading\" data-id=\"7391998\" data-element_type=\"widget\" data-widget_type=\"heading.default\">\n\t\t\t\t<div class=\"elementor-widget-container\">\n\t\t\t<h2 class=\"elementor-heading-title elementor-size-default\">Kamada Power litiumioniakkujen valmistajat<\/h2>\t\t<\/div>\n\t\t\t\t<\/div>\n\t\t\t\t<div class=\"elementor-element elementor-element-94db0c0 elementor-widget elementor-widget-image\" data-id=\"94db0c0\" data-element_type=\"widget\" data-widget_type=\"image.default\">\n\t\t\t\t<div class=\"elementor-widget-container\">\n\t\t\t\t\t\t\t\t\t\t\t\t\t<img loading=\"lazy\" decoding=\"async\" width=\"1024\" height=\"621\" src=\"https:\/\/www.kmdpower.com\/wp-content\/uploads\/Kamada-Power-Lithium-ion-Battery-Manufacturers.jpg\" class=\"attachment-large size-large wp-image-1320\" alt=\"Kamada Power litiumioniakkujen valmistajat\" \/>\t\t\t\t\t\t\t\t\t\t\t\t\t<\/div>\n\t\t\t\t<\/div>\n\t\t\t\t\t<\/div>\n\t\t\t\t<\/div>\n\t\t\t\t<\/div>","protected":false},"excerpt":{"rendered":"<p>Shenzhen Kamada Electronic Co., Ltd Shenzhen Kamada Electronic Co., Ltd. on korkean teknologian yritys, joka on erikoistunut litium-rautafosfaattiakkujen tutkimukseen ja kehitt\u00e4miseen, valmistukseen ja myyntiin energian varastointij\u00e4rjestelm\u00e4\u00e4n, kaupallisiin energian varastointij\u00e4rjestelmiin, natriumioniakkuihin, sla-korvausparistoratkaisuun. Tuotteemme ovat p\u00e4tevi\u00e4 ISO9001, UL, CB, IEC62133, CE, ROHS, UN38.3 ja MSDS-standardi ja sovelletaan laajalti Commerical energian varastointi...<\/p>","protected":false},"author":1,"featured_media":0,"parent":0,"menu_order":0,"comment_status":"closed","ping_status":"closed","template":"elementor_theme","meta":{"rank_math_lock_modified_date":false,"_kad_post_transparent":"","_kad_post_title":"hide","_kad_post_layout":"fullwidth","_kad_post_sidebar_id":"","_kad_post_content_style":"unboxed","_kad_post_vertical_padding":"hide","_kad_post_feature":"hide","_kad_post_feature_position":"","_kad_post_header":false,"_kad_post_footer":false,"footnotes":""},"class_list":["post-3493","page","type-page","status-publish","hentry"],"_links":{"self":[{"href":"https:\/\/www.kmdpower.com\/fi\/wp-json\/wp\/v2\/pages\/3493","targetHints":{"allow":["GET"]}}],"collection":[{"href":"https:\/\/www.kmdpower.com\/fi\/wp-json\/wp\/v2\/pages"}],"about":[{"href":"https:\/\/www.kmdpower.com\/fi\/wp-json\/wp\/v2\/types\/page"}],"author":[{"embeddable":true,"href":"https:\/\/www.kmdpower.com\/fi\/wp-json\/wp\/v2\/users\/1"}],"replies":[{"embeddable":true,"href":"https:\/\/www.kmdpower.com\/fi\/wp-json\/wp\/v2\/comments?post=3493"}],"version-history":[{"count":19,"href":"https:\/\/www.kmdpower.com\/fi\/wp-json\/wp\/v2\/pages\/3493\/revisions"}],"predecessor-version":[{"id":4097,"href":"https:\/\/www.kmdpower.com\/fi\/wp-json\/wp\/v2\/pages\/3493\/revisions\/4097"}],"wp:attachment":[{"href":"https:\/\/www.kmdpower.com\/fi\/wp-json\/wp\/v2\/media?parent=3493"}],"curies":[{"name":"wp","href":"https:\/\/api.w.org\/{rel}","templated":true}]}}