{"id":4281,"date":"2025-03-29T10:15:24","date_gmt":"2025-03-29T10:15:24","guid":{"rendered":"https:\/\/www.kmdpower.com\/?post_type=product&#038;p=4281"},"modified":"2025-06-20T12:10:08","modified_gmt":"2025-06-20T12:10:08","slug":"kamada-power-10kwh-all-in-one-battery-and-inverter","status":"publish","type":"product","link":"https:\/\/www.kmdpower.com\/es\/kamada-power-10kwh-all-in-one-battery-and-inverter\/","title":{"rendered":"Bater\u00eda e inversor todo en uno Kamada Power 10kWh"},"content":{"rendered":"<p><a href=\"https:\/\/www.kmdpower.com\/es\/contact-us\/\"><img fetchpriority=\"high\" decoding=\"async\" class=\"aligncenter\" src=\"http:\/\/www.kmdpower.com\/wp-content\/uploads\/Contact-US-Kamada-Power-Shenzhen-Kamada-Electronic-Co-Ltd.jpg\" alt=\"\" width=\"1000\" height=\"200\" \/><\/a><\/p>\n<p>&nbsp;<\/p>\n<p><img decoding=\"async\" class=\"wp-image-4288 size-full aligncenter\" src=\"https:\/\/www.kmdpower.com\/wp-content\/uploads\/Kamada-Power-10kWh-15kWh-All-in-One-Battery-and-Inverter-Desc-001.jpg\" alt=\"\" width=\"1000\" height=\"414\" srcset=\"https:\/\/www.kmdpower.com\/wp-content\/uploads\/Kamada-Power-10kWh-15kWh-All-in-One-Battery-and-Inverter-Desc-001.jpg 1000w, https:\/\/www.kmdpower.com\/wp-content\/uploads\/Kamada-Power-10kWh-15kWh-All-in-One-Battery-and-Inverter-Desc-001-300x124.jpg 300w, https:\/\/www.kmdpower.com\/wp-content\/uploads\/Kamada-Power-10kWh-15kWh-All-in-One-Battery-and-Inverter-Desc-001-768x318.jpg 768w, https:\/\/www.kmdpower.com\/wp-content\/uploads\/Kamada-Power-10kWh-15kWh-All-in-One-Battery-and-Inverter-Desc-001-18x7.jpg 18w, https:\/\/www.kmdpower.com\/wp-content\/uploads\/Kamada-Power-10kWh-15kWh-All-in-One-Battery-and-Inverter-Desc-001-600x248.jpg 600w\" sizes=\"(max-width: 1000px) 100vw, 1000px\" \/><\/p>\n<h3 style=\"text-align: center;\">Bater\u00eda e inversor todo en uno Kamada Power 10kWh<\/h3>\n<p><img decoding=\"async\" class=\"wp-image-4289 size-full aligncenter\" src=\"https:\/\/www.kmdpower.com\/wp-content\/uploads\/Kamada-Power-10kWh-15kWh-All-in-One-Battery-and-Inverter-Desc-002.jpg\" alt=\"\" width=\"1000\" height=\"788\" srcset=\"https:\/\/www.kmdpower.com\/wp-content\/uploads\/Kamada-Power-10kWh-15kWh-All-in-One-Battery-and-Inverter-Desc-002.jpg 1000w, https:\/\/www.kmdpower.com\/wp-content\/uploads\/Kamada-Power-10kWh-15kWh-All-in-One-Battery-and-Inverter-Desc-002-300x236.jpg 300w, https:\/\/www.kmdpower.com\/wp-content\/uploads\/Kamada-Power-10kWh-15kWh-All-in-One-Battery-and-Inverter-Desc-002-768x605.jpg 768w, https:\/\/www.kmdpower.com\/wp-content\/uploads\/Kamada-Power-10kWh-15kWh-All-in-One-Battery-and-Inverter-Desc-002-15x12.jpg 15w, https:\/\/www.kmdpower.com\/wp-content\/uploads\/Kamada-Power-10kWh-15kWh-All-in-One-Battery-and-Inverter-Desc-002-600x473.jpg 600w\" sizes=\"(max-width: 1000px) 100vw, 1000px\" \/><\/p>\n<h3 style=\"text-align: center;\">Funci\u00f3n de ecualizaci\u00f3n\uff08Activa o pasiva Opcional)<\/h3>\n<p>&nbsp;<\/p>\n<p><img loading=\"lazy\" decoding=\"async\" class=\"aligncenter wp-image-978 size-full\" src=\"http:\/\/www.kmdpower.com\/wp-content\/uploads\/Active-Equalization-Function-and-Active-Passive-Optional-0.png\" alt=\"Funci\u00f3n de ecualizaci\u00f3n activa y pasiva activa opcional 0\" width=\"1000\" height=\"246\" \/><\/p>\n<div>\n<p>Este inversor y bater\u00eda Kamada Power 10kWh All in One con sistema modular flexible se puede dise\u00f1ar en funci\u00f3n del consumo energ\u00e9tico diario de su hogar. Esta central el\u00e9ctrica l\u00edder en su clase le proporciona la energ\u00eda necesaria para hacer funcionar sus electrodom\u00e9sticos diarios o incluso proporcionar energ\u00eda de reserva para toda su casa durante uno o dos d\u00edas en funci\u00f3n de sus demandas de carga.<\/p>\n<p>&nbsp;<\/p>\n<\/div>\n<h3 style=\"text-align: center;\">Productos destacados<\/h3>\n<p><strong>Larga vida \u00fatil:<\/strong>M\u00e1s de 6000 ciclos @ 90% DOD<br \/>\n<strong>Bajo consumo:<\/strong>Bajo consumo de energ\u00eda en modo de espera \u226415W, p\u00e9rdida en funcionamiento sin carga inferior a 100W.<br \/>\n<strong>Dise\u00f1o modular:<\/strong>A\u00f1ade tantos m\u00f3dulos de bater\u00eda como necesites<br \/>\n<strong>Funci\u00f3n de conmutaci\u00f3n sin fisuras:<\/strong>Soporta el cambio sin interrupciones entre paralelo y sin red (menos de 5 ms)<br \/>\n<strong>Alta integraci\u00f3n:<\/strong>Inversor Hybird integrado, BMS, banco de bater\u00edas<br \/>\n<strong>Firmware remoto:<\/strong>Controle y supervise su Smart System en movimiento a trav\u00e9s de nuestra aplicaci\u00f3n y portal Kamada Power Monitoring.<br \/>\n<strong>Dise\u00f1o apilable:<\/strong>\u00bfNecesita mayor capacidad? El dise\u00f1o modular permite instalar varias unidades en paralelo<br \/>\n<strong>Alta tensi\u00f3n:<\/strong>El BMS de alto voltaje permite una mayor eficiencia en la carga y descarga.<br \/>\n<strong>Bater\u00eda e inversor todo en uno Kamada Power 10kWh Bater\u00eda apilable con inversor incorporado:<\/strong>El BMS de alto voltaje permite una mayor potencia de carga y descarga funcionando a una corriente m\u00e1s baja, lo que proporciona una mayor eficiencia que nuestra gama de menor voltaje.<\/p>\n<p>&nbsp;<\/p>\n<div>\n<h3 style=\"text-align: center;\">Sistema BMS fiable y ultra seguro<\/h3>\n<p><img loading=\"lazy\" decoding=\"async\" class=\"aligncenter wp-image-1283 size-full\" src=\"http:\/\/www.kmdpower.com\/wp-content\/uploads\/Kamada-Power-Battery-BMS.jpg\" alt=\"BMS de bater\u00eda Kamada Power\" width=\"1000\" height=\"401\" \/><\/p>\n<p style=\"text-align: left;\">El BMS de bater\u00eda e inversor Kamada Power 10kWh All in One garantiza un funcionamiento seguro a temperaturas extremas, evita la sobrecarga y la sobredescarga, prolonga la vida \u00fatil de la bater\u00eda y proporciona un rendimiento fiable con una carga y descarga eficientes. Tambi\u00e9n incluye protecci\u00f3n contra sobrecorriente y cortocircuito para la seguridad del sistema, y ofrece a los usuarios opciones de equilibrado activo o pasivo para optimizar el rendimiento de la bater\u00eda y la eficiencia energ\u00e9tica.<\/p>\n<p>&nbsp;<\/p>\n<h3 style=\"text-align: center;\">Kamada Power 10kWh Todo en Uno Bater\u00eda e inversor Tama\u00f1o<\/h3>\n<p><img loading=\"lazy\" decoding=\"async\" class=\"aligncenter wp-image-4286 size-full\" src=\"https:\/\/www.kmdpower.com\/wp-content\/uploads\/kamada-all-in-one-10kwh-battery-005.jpg\" alt=\"\" width=\"1000\" height=\"1114\" srcset=\"https:\/\/www.kmdpower.com\/wp-content\/uploads\/kamada-all-in-one-10kwh-battery-005.jpg 1000w, https:\/\/www.kmdpower.com\/wp-content\/uploads\/kamada-all-in-one-10kwh-battery-005-269x300.jpg 269w, https:\/\/www.kmdpower.com\/wp-content\/uploads\/kamada-all-in-one-10kwh-battery-005-919x1024.jpg 919w, https:\/\/www.kmdpower.com\/wp-content\/uploads\/kamada-all-in-one-10kwh-battery-005-768x856.jpg 768w, https:\/\/www.kmdpower.com\/wp-content\/uploads\/kamada-all-in-one-10kwh-battery-005-11x12.jpg 11w, https:\/\/www.kmdpower.com\/wp-content\/uploads\/kamada-all-in-one-10kwh-battery-005-600x668.jpg 600w\" sizes=\"(max-width: 1000px) 100vw, 1000px\" \/><\/p>\n<p>&nbsp;<\/p>\n<h3 style=\"text-align: center;\">Kamada Power 10kWh Todo en uno Bater\u00eda e inversor Escenario de aplicaci\u00f3n<\/h3>\n<p><img loading=\"lazy\" decoding=\"async\" class=\"aligncenter wp-image-1354 size-full\" src=\"http:\/\/www.kmdpower.com\/wp-content\/uploads\/kamada-powerwall-battery-application-scenario-.jpg\" alt=\"escenario de aplicaci\u00f3n de la bater\u00eda kamada powerwall\" width=\"1000\" height=\"462\" \/><\/p>\n<p><strong>Bater\u00eda e inversor todo en uno Kamada Power 10kWh Puede aplicarse en los siguientes escenarios de aplicaci\u00f3n:<\/strong><\/p>\n<p><strong>Sistema Solar:<\/strong> Almacena energ\u00eda solar para disponer de energ\u00eda constante d\u00eda y noche.<br \/>\n<strong>Viajes en autocaravana:<\/strong> Proporcionar almacenamiento de energ\u00eda port\u00e1til para viajar.<br \/>\n<strong>Barco \/ Marina:<\/strong> Garantice una alimentaci\u00f3n ininterrumpida mientras navega o est\u00e1 atracado.<br \/>\n<strong>Fuera de la red:<\/strong> Mant\u00e9ngase conectado con una alimentaci\u00f3n de reserva fiable en lugares remotos.<\/p>\n<p>&nbsp;<\/p>\n<h3 style=\"text-align: center;\">\u00bfPor qu\u00e9 elegir Kamada Power OEM ODM sus productos de bater\u00eda?<\/h3>\n<p><strong>No tienes por qu\u00e9 preocuparte por estos retos de problemas con las pilas personalizadas.<\/strong><br \/>\nEstos problemas son la imposibilidad de satisfacer sus requisitos de bater\u00edas personalizadas, el largo plazo de producci\u00f3n, la lentitud en los plazos de entrega, la comunicaci\u00f3n ineficaz, la falta de garant\u00eda de calidad, el precio poco competitivo de los productos y la mala experiencia de servicio.<\/p>\n<p><strong>El poder de la profesionalidad<\/strong><br \/>\nHemos servido a miles de clientes de bater\u00edas de diversos sectores y personalizado miles de productos de bater\u00edas. \u00a1Conocemos la importancia de la comunicaci\u00f3n en profundidad de las necesidades, sabemos productos de la bater\u00eda desde el dise\u00f1o hasta la producci\u00f3n en masa de diversos desaf\u00edos y problemas t\u00e9cnicos, y c\u00f3mo resolver r\u00e1pida y eficazmente estos problemas!<\/p>\n<p><strong>Desarrolle soluciones eficaces de bater\u00edas a medida<\/strong><br \/>\nEn respuesta a sus necesidades de bater\u00edas personalizadas, asignaremos espec\u00edficamente el equipo de proyecto de tecnolog\u00eda de bater\u00edas para ofrecerle un servicio 1 a 1. Nos comunicaremos con usted en profundidad sobre el sector, los escenarios, los requisitos, los puntos d\u00e9biles, el rendimiento, la funcionalidad y desarrollaremos soluciones de bater\u00edas personalizadas.<\/p>\n<p><strong>Entrega r\u00e1pida de bater\u00edas personalizadas<\/strong><br \/>\nSomos \u00e1giles y r\u00e1pidos para ayudarle a conseguir desde el dise\u00f1o del producto de la pila, pasando por el muestreo de la pila, hasta la producci\u00f3n en serie del producto de la pila. Consiga un dise\u00f1o de producto r\u00e1pido, una producci\u00f3n y fabricaci\u00f3n r\u00e1pidas, una entrega y un env\u00edo r\u00e1pidos, la mejor calidad y el precio de f\u00e1brica para bater\u00edas personalizadas.<\/p>\n<p><strong>Le ayudamos a aprovechar r\u00e1pidamente la oportunidad del mercado de bater\u00edas de almacenamiento de energ\u00eda.<\/strong><br \/>\nKamada Power le ayuda a conseguir r\u00e1pidamente productos de bater\u00edas personalizados y diferenciados, a mejorar la competitividad de sus productos y a tomar r\u00e1pidamente la delantera en el mercado de las bater\u00edas de almacenamiento de energ\u00eda.<\/p>\n<p>&nbsp;<\/p>\n<h3 style=\"text-align: center;\">Shenzhen Kamada Electronic Co.,Ltd<br \/>\nExposici\u00f3n Kamada Power<\/h3>\n<p><img loading=\"lazy\" decoding=\"async\" class=\"aligncenter wp-image-1297 size-full\" src=\"http:\/\/www.kmdpower.com\/wp-content\/uploads\/Kamada-Power-Exhibition-Shenzhen-Kamada-Electronic-Co-Ltd.png\" alt=\"Exposici\u00f3n Kamada Power Shenzhen Kamada Electronic Co Ltd\" width=\"1920\" height=\"841\" \/><\/p>\n<p>&nbsp;<\/p>\n<h3 style=\"text-align: center;\">Certificaci\u00f3n de fabricantes de bater\u00edas Kamada Power<\/h3>\n<p><img loading=\"lazy\" decoding=\"async\" class=\"aligncenter wp-image-1285 size-full\" src=\"http:\/\/www.kmdpower.com\/wp-content\/uploads\/Kamada-Power-Battery-Certification.png\" alt=\"Certificaci\u00f3n de fabricantes de bater\u00edas Kamada Power\" width=\"1344\" height=\"462\" \/><\/p>\n<p>&nbsp;<\/p>\n<h3 style=\"text-align: center;\">Fabricantes de bater\u00edas de iones de litio Kamada Power Proceso de producci\u00f3n en f\u00e1brica<\/h3>\n<p><img loading=\"lazy\" decoding=\"async\" class=\"aligncenter wp-image-1323 size-full\" src=\"http:\/\/www.kmdpower.com\/wp-content\/uploads\/Kamada-Power-Lithium-ion-Battery-Manufacturers-Factory-Production-Process-02.jpg\" alt=\"Fabricantes de bater\u00edas de iones de litio Kamada Power Proceso de producci\u00f3n en f\u00e1brica 02\" width=\"1000\" height=\"517\" \/><\/p>\n<p>&nbsp;<\/p>\n<h3 style=\"text-align: center;\">Fabricantes de bater\u00edas Kamada Power<\/h3>\n<p><img loading=\"lazy\" decoding=\"async\" class=\"aligncenter wp-image-1324 size-full\" src=\"http:\/\/www.kmdpower.com\/wp-content\/uploads\/Kamada-Power-Lithium-ion-Battery-Manufacturers-Factory-Show.jpg\" alt=\"Kamada Power Bater\u00eda de iones de litio Fabricantes F\u00e1brica Mostrar\" width=\"1000\" height=\"584\" \/><\/p>\n<p>Kamada Power Battery Factory produce todo tipo de soluciones de bater\u00edas personalizadas oem odm: bater\u00eda solar dom\u00e9stica, bater\u00edas para veh\u00edculos de baja velocidad (bater\u00edas de golf, bater\u00edas para veh\u00edculos recreativos, bater\u00edas de litio convertidas en plomo, bater\u00edas para carros el\u00e9ctricos, bater\u00edas para carretillas elevadoras), bater\u00edas marinas, bater\u00edas para cruceros, bater\u00edas de alto voltaje, bater\u00edas apiladas,\u00a0<strong><a title=\"Fabricantes de pilas de iones de sodio\" href=\"http:\/\/www.kmdpower.com\/es\/sodium-ion-battery-manufacturers\/\" target=\"_blank\" rel=\"noopener\">Bater\u00eda de iones de sodio<\/a>,\u00a0<a href=\"http:\/\/www.kmdpower.com\/es\/commercial-energy-storage-systems\/\" target=\"_blank\" rel=\"noopener\">sistemas industriales y comerciales de almacenamiento de energ\u00eda<\/a><\/strong><\/p>\n<p>&nbsp;<\/p>\n<\/div>","protected":false},"excerpt":{"rendered":"<ul>\n<li><strong>Modelo:<\/strong> Bater\u00eda e inversor todo en uno Kamada Power 10kWh<\/li>\n<li><strong>Ciclo de vida:<\/strong>\u00a06000 veces<\/li>\n<li><strong>Peso:<\/strong>\u00a060KGS<\/li>\n<li><strong>Dimensiones:<\/strong> 1471*570*250 mm<\/li>\n<li><strong>Certificado:<\/strong>\u00a0CE\/UN38.3\/MSDS<\/li>\n<li><strong>Fabricantes de bater\u00edas e inversores todo en uno:<\/strong>\u00a0Kamada Power<\/li>\n<li><strong>Tipo de bater\u00eda:<\/strong>\u00a0Bater\u00eda LiFePO4<\/li>\n<li><strong>Caracter\u00edsticas principales:<\/strong>\u00a0WiFi, APP personalizada (opcional)<\/li>\n<li><strong>Soporte de bater\u00eda:<\/strong> Venta al por mayor, OEM.ODM Todo en uno Bater\u00eda e inversor<\/li>\n<li><strong>Garant\u00eda:<\/strong>\u00a010 a\u00f1os<\/li>\n<li><strong>Plazo de entrega:<\/strong>\u00a07-14 d\u00edas para muestras, 35-60 d\u00edas para producci\u00f3n en serie<\/li>\n<li><strong>Kamada Power Productos de la bater\u00eda de apoyo al por mayor, distribuidores y OEM ODM personalizado de la bater\u00eda. Por favor\u00a0<a title=\"Contacto Kamada Power\" href=\"https:\/\/www.kmdpower.com\/es\/contact-us\/\" target=\"_blank\" rel=\"noopener\">P\u00f3ngase en contacto con nosotros<\/a>!<\/strong><\/li>\n<\/ul>","protected":false},"featured_media":4282,"template":"","meta":{"rank_math_lock_modified_date":false,"_kad_post_transparent":"default","_kad_post_title":"","_kad_post_layout":"default","_kad_post_sidebar_id":"","_kad_post_content_style":"default","_kad_post_vertical_padding":"default","_kad_post_feature":"","_kad_post_feature_position":"","_kad_post_header":false,"_kad_post_footer":false},"product_cat":[17,34],"product_tag":[1190,392],"class_list":{"0":"post-4281","1":"product","2":"type-product","3":"status-publish","4":"has-post-thumbnail","6":"product_cat-home-energy-storage-system","7":"product_cat-all-in-one-solar-power-system-manufacturers","8":"product_tag-all-in-one-battery-and-inverter","9":"product_tag-all-in-one-ess","11":"first","12":"instock","13":"featured","14":"shipping-taxable","15":"product-type-simple","16":"entry","17":"content-bg","18":"loop-entry"},"_links":{"self":[{"href":"https:\/\/www.kmdpower.com\/es\/wp-json\/wp\/v2\/product\/4281","targetHints":{"allow":["GET"]}}],"collection":[{"href":"https:\/\/www.kmdpower.com\/es\/wp-json\/wp\/v2\/product"}],"about":[{"href":"https:\/\/www.kmdpower.com\/es\/wp-json\/wp\/v2\/types\/product"}],"version-history":[{"count":1,"href":"https:\/\/www.kmdpower.com\/es\/wp-json\/wp\/v2\/product\/4281\/revisions"}],"predecessor-version":[{"id":4290,"href":"https:\/\/www.kmdpower.com\/es\/wp-json\/wp\/v2\/product\/4281\/revisions\/4290"}],"wp:featuredmedia":[{"embeddable":true,"href":"https:\/\/www.kmdpower.com\/es\/wp-json\/wp\/v2\/media\/4282"}],"wp:attachment":[{"href":"https:\/\/www.kmdpower.com\/es\/wp-json\/wp\/v2\/media?parent=4281"}],"wp:term":[{"taxonomy":"product_cat","embeddable":true,"href":"https:\/\/www.kmdpower.com\/es\/wp-json\/wp\/v2\/product_cat?post=4281"},{"taxonomy":"product_tag","embeddable":true,"href":"https:\/\/www.kmdpower.com\/es\/wp-json\/wp\/v2\/product_tag?post=4281"}],"curies":[{"name":"wp","href":"https:\/\/api.w.org\/{rel}","templated":true}]}}