{"id":2324,"date":"2024-10-15T06:19:12","date_gmt":"2024-10-15T06:19:12","guid":{"rendered":"http:\/\/www.kmdpower.com\/?post_type=product&#038;p=2324"},"modified":"2025-01-19T07:09:52","modified_gmt":"2025-01-19T07:09:52","slug":"all-in-one-5kw-inverter-5kwh-lifepo4-battery-48v-51-2v-100ah-lithium-battery-pack-vertical-product","status":"publish","type":"product","link":"https:\/\/www.kmdpower.com\/es\/all-in-one-5kw-inverter-5kwh-lifepo4-battery-48v-51-2v-100ah-lithium-battery-pack-vertical-product\/","title":{"rendered":"5kWh Todo En Uno Sistema De Energ\u00eda Solar Inversor 5kWh LiFePO4 Bater\u00eda 48V 51.2V 100Ah Bater\u00eda De Litio"},"content":{"rendered":"<p><a href=\"https:\/\/www.kmdpower.com\/es\/contact-us\/\"><img fetchpriority=\"high\" decoding=\"async\" class=\"aligncenter\" src=\"http:\/\/www.kmdpower.com\/wp-content\/uploads\/Contact-US-Kamada-Power-Shenzhen-Kamada-Electronic-Co-Ltd.jpg\" alt=\"\" width=\"1000\" height=\"200\" \/><\/a><\/p>\n<p><img decoding=\"async\" class=\"aligncenter wp-image-2317 size-full\" src=\"http:\/\/www.kmdpower.com\/wp-content\/uploads\/kamada-power-all-in-one-solar-power-system-Y001.jpg\" alt=\"Sistema de energ\u00eda solar todo en uno Kamada Power 001\" width=\"1000\" height=\"414\" \/><\/p>\n<h3 style=\"text-align: center;\">Kamada Power 51.2V 100Ah 5kWh Todo en Uno Sistema de Energ\u00eda Solar Caracter\u00edstica<\/h3>\n<p><img decoding=\"async\" class=\"aligncenter wp-image-2318 size-full\" src=\"http:\/\/www.kmdpower.com\/wp-content\/uploads\/Kamada-Power-All-in-One-Solar-Power-System-Y002.jpg\" alt=\"Sistema de energ\u00eda solar todo en uno Kamada Power 002\" width=\"1000\" height=\"788\" \/><\/p>\n<h3 style=\"text-align: center;\">Funci\u00f3n de ecualizaci\u00f3n\uff08Activa o pasiva Opcional)<\/h3>\n<p>&nbsp;<\/p>\n<p><img loading=\"lazy\" decoding=\"async\" class=\"aligncenter wp-image-978 size-full\" src=\"http:\/\/www.kmdpower.com\/wp-content\/uploads\/Active-Equalization-Function-and-Active-Passive-Optional-0.png\" alt=\"Funci\u00f3n de ecualizaci\u00f3n activa y pasiva activa opcional 0\" width=\"1000\" height=\"246\" \/><\/p>\n<div>\n<p>Este Kamada Power Vertical ESS 48V 51.2V 100Ah 5kWh All In One Solar Power System con sistema modular flexible puede ser dise\u00f1ado en base a su consumo diario de energ\u00eda en el hogar.esta estaci\u00f3n de energ\u00eda l\u00edder en su clase le proporciona la energ\u00eda para hacer funcionar sus electrodom\u00e9sticos diarios o incluso proporcionar energ\u00eda de respaldo para toda su casa durante uno o dos d\u00edas dependiendo de sus demandas de carga.<\/p>\n<p>&nbsp;<\/p>\n<\/div>\n<h3 style=\"text-align: center;\">Productos destacados<\/h3>\n<p><strong>Larga vida \u00fatil:<\/strong>M\u00e1s de 6000 ciclos @ 90% DOD<br \/>\n<strong>Bajo consumo:<\/strong>Bajo consumo de energ\u00eda en modo de espera \u226415W, p\u00e9rdida en funcionamiento sin carga inferior a 100W.<br \/>\n<strong>Dise\u00f1o modular:<\/strong>A\u00f1ade tantos m\u00f3dulos de bater\u00eda como necesites<br \/>\n<strong>Funci\u00f3n de conmutaci\u00f3n sin fisuras:<\/strong>Soporta el cambio sin interrupciones entre paralelo y sin red (menos de 5 ms)<br \/>\n<strong>Alta integraci\u00f3n:<\/strong>Inversor Hybird integrado, BMS, banco de bater\u00edas<br \/>\n<strong>Firmware remoto:<\/strong>Controle y supervise su Smart System en movimiento a trav\u00e9s de nuestra aplicaci\u00f3n y portal Kamada Power Monitoring.<br \/>\n<strong>Dise\u00f1o apilable:<\/strong>\u00bfNecesita mayor capacidad? El dise\u00f1o modular permite instalar varias unidades en paralelo<br \/>\n<strong>Alta tensi\u00f3n:<\/strong>El BMS de alto voltaje permite una mayor eficiencia en la carga y descarga.<br \/>\n<strong>Kamada Power 25.6V 200Ah 5kWh Todo en Uno Sistema de Energ\u00eda Solar Puede apilar la bater\u00eda con inversor incorporado:<\/strong>El BMS de alto voltaje permite una mayor potencia de carga y descarga funcionando a una corriente m\u00e1s baja, lo que proporciona una mayor eficiencia que nuestra gama de menor voltaje.<\/p>\n<p>&nbsp;<\/p>\n<div>\n<h3 style=\"text-align: center;\">Sistema BMS fiable y ultra seguro<\/h3>\n<p><img loading=\"lazy\" decoding=\"async\" class=\"aligncenter wp-image-1283 size-full\" src=\"http:\/\/www.kmdpower.com\/wp-content\/uploads\/Kamada-Power-Battery-BMS.jpg\" alt=\"BMS de bater\u00eda Kamada Power\" width=\"1000\" height=\"401\" \/><\/p>\n<p style=\"text-align: left;\">El BMS del sistema de energ\u00eda solar Kamada Power All In One garantiza un funcionamiento seguro a temperaturas extremas, evita la sobrecarga y la sobredescarga, prolonga la vida \u00fatil de la bater\u00eda y proporciona un rendimiento fiable con una carga y descarga eficientes. Tambi\u00e9n incluye protecci\u00f3n contra sobrecorriente y cortocircuito para la seguridad del sistema, y ofrece a los usuarios opciones de equilibrado activo o pasivo para optimizar el rendimiento de la bater\u00eda y la eficiencia energ\u00e9tica.<\/p>\n<p>&nbsp;<\/p>\n<h3 style=\"text-align: center;\">Kamada Power 48V 51.2V 100Ah 5kWh Todo en Uno Sistema de Energ\u00eda Solar Funci\u00f3n Caracter\u00edsticas<\/h3>\n<p><img loading=\"lazy\" decoding=\"async\" class=\"aligncenter wp-image-1220 size-full\" src=\"http:\/\/www.kmdpower.com\/wp-content\/uploads\/Kamada-Power-25-6V-200Ah-5kWh-All-In-One-Solar-Power-System-002.jpg\" alt=\"Sistema de energ\u00eda solar todo en uno Kamada Power 003\" width=\"1000\" height=\"792\" \/><\/p>\n<p><strong>Inversor de almacenamiento de energ\u00eda:<\/strong>\u00a0Inversor incorporado, sin necesidad de inversor externo, c\u00f3modo y r\u00e1pido de usar.<br \/>\n<strong>Pantalla LED:<\/strong>\u00a0datos de funcionamiento de la bater\u00eda en tiempo real<br \/>\n<strong>WiFi y App:<\/strong>\u00a0Los datos de la bater\u00eda se pueden ver por WiFi y APP, en tiempo real Todo en un sistema de energ\u00eda solar informaci\u00f3n de la bater\u00eda<br \/>\n<strong>Bater\u00eda Lifepo4:<\/strong>\u00a0Bater\u00eda Lifepo4, segura y fiable, sin necesidad de mantenimiento<br \/>\n<strong>Indicaci\u00f3n del nivel de bater\u00eda:<\/strong>\u00a0visualizaci\u00f3n en tiempo real del progreso del nivel actual<br \/>\n<strong>Bater\u00eda apilada:<\/strong>\u00a0f\u00e1cil de ampliar la capacidad<br \/>\n<strong>Base de la bater\u00eda:<\/strong>\u00a0resistente y duradero<\/p>\n<p>&nbsp;<\/p>\n<h3 style=\"text-align: center;\">Kamada Power 48V 51.2V 100Ah 5kWh Todo en Uno Sistema de Energ\u00eda Solar Escenario de Aplicaci\u00f3n<\/h3>\n<p><img loading=\"lazy\" decoding=\"async\" class=\"aligncenter wp-image-1354 size-full\" src=\"http:\/\/www.kmdpower.com\/wp-content\/uploads\/kamada-powerwall-battery-application-scenario-.jpg\" alt=\"escenario de aplicaci\u00f3n de la bater\u00eda kamada powerwall\" width=\"1000\" height=\"462\" \/><\/p>\n<p><strong>Sistema de energ\u00eda solar todo en uno Kamada Power Puede aplicarse en los siguientes escenarios de aplicaci\u00f3n:<\/strong><\/p>\n<p><strong>Sistema Solar:<\/strong> Almacena energ\u00eda solar para disponer de energ\u00eda constante d\u00eda y noche.<br \/>\n<strong>Viajes en autocaravana:<\/strong> Proporcionar almacenamiento de energ\u00eda port\u00e1til para viajar.<br \/>\n<strong>Barco \/ Marina:<\/strong> Garantice una alimentaci\u00f3n ininterrumpida mientras navega o est\u00e1 atracado.<br \/>\n<strong>Fuera de la red:<\/strong> Mant\u00e9ngase conectado con una alimentaci\u00f3n de reserva fiable en lugares remotos.<\/p>\n<p>&nbsp;<\/p>\n<h3 style=\"text-align: center;\">\u00bfPor qu\u00e9 elegir Kamada Power OEM ODM sus productos de bater\u00eda?<\/h3>\n<p><strong>No tienes por qu\u00e9 preocuparte por estos retos de problemas con las pilas personalizadas.<\/strong><br \/>\nEstos problemas son la imposibilidad de satisfacer sus requisitos de bater\u00edas personalizadas, el largo plazo de producci\u00f3n, la lentitud en los plazos de entrega, la comunicaci\u00f3n ineficaz, la falta de garant\u00eda de calidad, el precio poco competitivo de los productos y la mala experiencia de servicio.<\/p>\n<p><strong>El poder de la profesionalidad<\/strong><br \/>\nHemos servido a miles de clientes de bater\u00edas de diversos sectores y personalizado miles de productos de bater\u00edas. \u00a1Conocemos la importancia de la comunicaci\u00f3n en profundidad de las necesidades, sabemos productos de la bater\u00eda desde el dise\u00f1o hasta la producci\u00f3n en masa de diversos desaf\u00edos y problemas t\u00e9cnicos, y c\u00f3mo resolver r\u00e1pida y eficazmente estos problemas!<\/p>\n<p><strong>Desarrolle soluciones eficaces de bater\u00edas a medida<\/strong><br \/>\nEn respuesta a sus necesidades de bater\u00edas personalizadas, asignaremos espec\u00edficamente el equipo de proyecto de tecnolog\u00eda de bater\u00edas para ofrecerle un servicio 1 a 1. Nos comunicaremos con usted en profundidad sobre el sector, los escenarios, los requisitos, los puntos d\u00e9biles, el rendimiento, la funcionalidad y desarrollaremos soluciones de bater\u00edas personalizadas.<\/p>\n<p><strong>Entrega r\u00e1pida de bater\u00edas personalizadas<\/strong><br \/>\nSomos \u00e1giles y r\u00e1pidos para ayudarle a conseguir desde el dise\u00f1o del producto de la pila, pasando por el muestreo de la pila, hasta la producci\u00f3n en serie del producto de la pila. Consiga un dise\u00f1o de producto r\u00e1pido, una producci\u00f3n y fabricaci\u00f3n r\u00e1pidas, una entrega y un env\u00edo r\u00e1pidos, la mejor calidad y el precio de f\u00e1brica para bater\u00edas personalizadas.<\/p>\n<p><strong>Le ayudamos a aprovechar r\u00e1pidamente la oportunidad del mercado de bater\u00edas de almacenamiento de energ\u00eda.<\/strong><br \/>\nKamada Power le ayuda a conseguir r\u00e1pidamente productos de bater\u00edas personalizados y diferenciados, a mejorar la competitividad de sus productos y a tomar r\u00e1pidamente la delantera en el mercado de las bater\u00edas de almacenamiento de energ\u00eda.<\/p>\n<p>&nbsp;<\/p>\n<h3 style=\"text-align: center;\">Shenzhen Kamada Electronic Co.,Ltd<br \/>\nExposici\u00f3n Kamada Power<\/h3>\n<p><img loading=\"lazy\" decoding=\"async\" class=\"aligncenter wp-image-1297 size-full\" src=\"http:\/\/www.kmdpower.com\/wp-content\/uploads\/Kamada-Power-Exhibition-Shenzhen-Kamada-Electronic-Co-Ltd.png\" alt=\"Exposici\u00f3n Kamada Power Shenzhen Kamada Electronic Co Ltd\" width=\"1920\" height=\"841\" \/><\/p>\n<p>&nbsp;<\/p>\n<h3 style=\"text-align: center;\">Certificaci\u00f3n de fabricantes de bater\u00edas Kamada Power<\/h3>\n<p><img loading=\"lazy\" decoding=\"async\" class=\"aligncenter wp-image-1285 size-full\" src=\"http:\/\/www.kmdpower.com\/wp-content\/uploads\/Kamada-Power-Battery-Certification.png\" alt=\"Certificaci\u00f3n de fabricantes de bater\u00edas Kamada Power\" width=\"1344\" height=\"462\" \/><\/p>\n<p>&nbsp;<\/p>\n<h3 style=\"text-align: center;\">Fabricantes de bater\u00edas de iones de litio Kamada Power Proceso de producci\u00f3n en f\u00e1brica<\/h3>\n<p><img loading=\"lazy\" decoding=\"async\" class=\"aligncenter wp-image-1323 size-full\" src=\"http:\/\/www.kmdpower.com\/wp-content\/uploads\/Kamada-Power-Lithium-ion-Battery-Manufacturers-Factory-Production-Process-02.jpg\" alt=\"Fabricantes de bater\u00edas de iones de litio Kamada Power Proceso de producci\u00f3n en f\u00e1brica 02\" width=\"1000\" height=\"517\" \/><\/p>\n<p>&nbsp;<\/p>\n<h3 style=\"text-align: center;\">Fabricantes de bater\u00edas Kamada Power<\/h3>\n<p><img loading=\"lazy\" decoding=\"async\" class=\"aligncenter wp-image-1324 size-full\" src=\"http:\/\/www.kmdpower.com\/wp-content\/uploads\/Kamada-Power-Lithium-ion-Battery-Manufacturers-Factory-Show.jpg\" alt=\"Kamada Power Bater\u00eda de iones de litio Fabricantes F\u00e1brica Mostrar\" width=\"1000\" height=\"584\" \/><\/p>\n<p>Kamada Power Battery Factory produce todo tipo de soluciones de bater\u00edas personalizadas oem odm: bater\u00eda solar dom\u00e9stica, bater\u00edas para veh\u00edculos de baja velocidad (bater\u00edas de golf, bater\u00edas para veh\u00edculos recreativos, bater\u00edas de litio convertidas en plomo, bater\u00edas para carros el\u00e9ctricos, bater\u00edas para carretillas elevadoras), bater\u00edas marinas, bater\u00edas para cruceros, bater\u00edas de alto voltaje, bater\u00edas apiladas,\u00a0<strong><a title=\"Fabricantes de pilas de iones de sodio\" href=\"http:\/\/www.kmdpower.com\/es\/sodium-ion-battery-manufacturers\/\" target=\"_blank\" rel=\"noopener\">Bater\u00eda de iones de sodio<\/a>,\u00a0<a href=\"http:\/\/www.kmdpower.com\/es\/commercial-energy-storage-systems\/\" target=\"_blank\" rel=\"noopener\">sistemas industriales y comerciales de almacenamiento de energ\u00eda<\/a><\/strong><\/p>\n<p>&nbsp;<\/p>\n<\/div>","protected":false},"excerpt":{"rendered":"<ul>\n<li><strong>Modelo:<\/strong>\u00a051.2V 100Ah 5kWh Todo en Uno Sistema de Energ\u00eda Solar<\/li>\n<li><strong>Ciclo de vida:<\/strong>\u00a06000 veces<\/li>\n<li><strong>Peso:<\/strong>\u00a060KGS<\/li>\n<li><strong>Dimensiones:<\/strong>\u00a0903*535*160 mm<\/li>\n<li><strong>Certificado:<\/strong>\u00a0CE\/UN38.3\/MSDS<\/li>\n<li><strong>Fabricantes de sistemas de energ\u00eda solar todo en uno:<\/strong>\u00a0Kamada Power<\/li>\n<li><strong>Tipo de bater\u00eda:<\/strong>\u00a0Bater\u00eda LiFePO4<\/li>\n<li><strong>Caracter\u00edsticas principales:<\/strong>\u00a0WiFi, APP personalizada (opcional)<\/li>\n<li><strong>Soporte de bater\u00eda:<\/strong>\u00a0Venta al por mayor, OEM.ODM Sistema de energ\u00eda solar todo en uno<\/li>\n<li><strong>Garant\u00eda:<\/strong>\u00a010 a\u00f1os<\/li>\n<li><strong>Plazo de entrega:<\/strong>\u00a07-14 d\u00edas para muestras, 35-60 d\u00edas para producci\u00f3n en serie<\/li>\n<li><strong>Kamada Power Productos de la bater\u00eda de apoyo al por mayor, distribuidores y OEM ODM personalizado de la bater\u00eda. Por favor\u00a0<a title=\"Contacto Kamada Power\" href=\"https:\/\/www.kmdpower.com\/es\/contact-us\/\" target=\"_blank\" rel=\"noopener\">P\u00f3ngase en contacto con nosotros<\/a>!<\/strong><\/li>\n<\/ul>","protected":false},"featured_media":1575,"template":"","meta":{"rank_math_lock_modified_date":false,"_kad_post_transparent":"default","_kad_post_title":"","_kad_post_layout":"default","_kad_post_sidebar_id":"","_kad_post_content_style":"default","_kad_post_vertical_padding":"default","_kad_post_feature":"","_kad_post_feature_position":"","_kad_post_header":false,"_kad_post_footer":false},"product_cat":[17,34],"product_tag":[224,242,319,327,323,324,325,326,332,333,334,335,336,337,338,339,340,341,342,343,344,345,346,347,366,367,384,385,388,392,79,418,509,511,616,641,706,815,816,817,932,933,934,1046,1112,1113,1120,1121,1119,1123],"class_list":{"0":"post-2324","1":"product","2":"type-product","3":"status-publish","4":"has-post-thumbnail","6":"product_cat-home-energy-storage-system","7":"product_cat-all-in-one-solar-power-system-manufacturers","8":"product_tag-3kwh-battery","9":"product_tag-48v-100ah-lifepo4-5-12-kwh","10":"product_tag-48v100ah-power-wall-5kwh-lithium-lifepo4-battery","11":"product_tag-5-12-kwh-lithium-battery","12":"product_tag-5-kw-battery","13":"product_tag-5-kwh-lithium-battery","14":"product_tag-5-kwh-lithium-ion-battery","15":"product_tag-5-kwh-solar-battery","16":"product_tag-52v-lifepo4-battery","17":"product_tag-5kw-battery","18":"product_tag-5kw-battery-storage","19":"product_tag-5kw-lithium-battery","20":"product_tag-5kw-lithium-ion-battery","21":"product_tag-5kw-powerwall","22":"product_tag-5kw-server-rack-battery","23":"product_tag-5kw-solar-battery","24":"product_tag-5kw-solar-system-battery-bank","25":"product_tag-5kwh","26":"product_tag-5kwh-2448v-server-rack-lifepo4","27":"product_tag-5kwh-48v-rack-battery","28":"product_tag-5kwh-battery-pack","29":"product_tag-5kwh-lifepo4-battery","30":"product_tag-5kwh-lithium-battery","31":"product_tag-6-5-kwh-lithium-battery","32":"product_tag-6kw-battery-storage","33":"product_tag-6kwh-lithium-battery","34":"product_tag-7kw-battery","35":"product_tag-7kwh-battery","36":"product_tag-9-6-kwh-lithium-battery","37":"product_tag-all-in-one-ess","38":"product_tag-all-in-one-solar-power-system","39":"product_tag-battery-5kwh","40":"product_tag-customized-5-kwh-lithium-ion-battery","41":"product_tag-customized-5kwh-lifepo4-battery","42":"product_tag-lifepo4-5kwh","43":"product_tag-lifepo4-battery-powerwall-5kw-48v","44":"product_tag-lithium-ion-battery-5kwh","45":"product_tag-odm-5kwh-lifepo4-battery","46":"product_tag-odm-5kwh-lifepo4-battery-manufacturer","47":"product_tag-odm-5kwh-lifepo4-battery-supplier","48":"product_tag-oem-5kwh-lifepo4-battery","49":"product_tag-oem-5kwh-lifepo4-battery-manufacturer","50":"product_tag-oem-5kwh-lifepo4-battery-supplier","51":"product_tag-server-rack-lifepo4-5kw","52":"product_tag-wholesale-48v-100ah-lifepo4-5-12-kwh-factory","53":"product_tag-wholesale-48v-100ah-lifepo4-5-12-kwh-supplier","54":"product_tag-wholesale-5-12-kwh-lithium-battery-manufacturers","55":"product_tag-wholesale-5-12-kwh-lithium-battery-supplier","56":"product_tag-wholesale-5-kwh-lithium-battery","57":"product_tag-wholesale-battery-5kwh","59":"first","60":"instock","61":"shipping-taxable","62":"product-type-simple","63":"entry","64":"content-bg","65":"loop-entry"},"_links":{"self":[{"href":"https:\/\/www.kmdpower.com\/es\/wp-json\/wp\/v2\/product\/2324","targetHints":{"allow":["GET"]}}],"collection":[{"href":"https:\/\/www.kmdpower.com\/es\/wp-json\/wp\/v2\/product"}],"about":[{"href":"https:\/\/www.kmdpower.com\/es\/wp-json\/wp\/v2\/types\/product"}],"version-history":[{"count":3,"href":"https:\/\/www.kmdpower.com\/es\/wp-json\/wp\/v2\/product\/2324\/revisions"}],"predecessor-version":[{"id":3919,"href":"https:\/\/www.kmdpower.com\/es\/wp-json\/wp\/v2\/product\/2324\/revisions\/3919"}],"wp:featuredmedia":[{"embeddable":true,"href":"https:\/\/www.kmdpower.com\/es\/wp-json\/wp\/v2\/media\/1575"}],"wp:attachment":[{"href":"https:\/\/www.kmdpower.com\/es\/wp-json\/wp\/v2\/media?parent=2324"}],"wp:term":[{"taxonomy":"product_cat","embeddable":true,"href":"https:\/\/www.kmdpower.com\/es\/wp-json\/wp\/v2\/product_cat?post=2324"},{"taxonomy":"product_tag","embeddable":true,"href":"https:\/\/www.kmdpower.com\/es\/wp-json\/wp\/v2\/product_tag?post=2324"}],"curies":[{"name":"wp","href":"https:\/\/api.w.org\/{rel}","templated":true}]}}