{"id":2244,"date":"2024-10-14T06:33:57","date_gmt":"2024-10-14T06:33:57","guid":{"rendered":"http:\/\/www.kmdpower.com\/?post_type=product&#038;p=2244"},"modified":"2025-01-18T09:37:18","modified_gmt":"2025-01-18T09:37:18","slug":"most-popular-50ah-25kwh-10kwh-15kwh-6000cycles-20kwh-solar-100ah-lifepo4-growatt-ark-hv-battery-product","status":"publish","type":"product","link":"https:\/\/www.kmdpower.com\/es\/most-popular-50ah-25kwh-10kwh-15kwh-6000cycles-20kwh-solar-100ah-lifepo4-growatt-ark-hv-battery-product\/","title":{"rendered":"M\u00e1s populares 50Ah 25Kwh 10Kwh 15Kwh 6000Cycles 20Kwh Solar 100Ah Lifepo4 Growatt Ark Hv Bater\u00eda"},"content":{"rendered":"<p><a href=\"https:\/\/www.kmdpower.com\/es\/contact-us\/\"><img fetchpriority=\"high\" decoding=\"async\" class=\"aligncenter\" src=\"http:\/\/www.kmdpower.com\/wp-content\/uploads\/Contact-US-Kamada-Power-Shenzhen-Kamada-Electronic-Co-Ltd.jpg\" alt=\"\" width=\"1000\" height=\"200\" \/><\/a><\/p>\n<p><img decoding=\"async\" class=\"aligncenter wp-image-1305 size-full\" src=\"http:\/\/www.kmdpower.com\/wp-content\/uploads\/Kamada-Power-High-Voltage-Battery-001.jpg\" alt=\"Bater\u00eda de alto voltaje Kamada Power 001\" width=\"1000\" height=\"414\" \/><\/p>\n<h3 style=\"text-align: center;\">Bater\u00eda Solar Hv Kamada Power 50Ah 25Kwh 10Kwh 15Kwh 20Kwh 100Ah Lifepo4 Growatt Ark<\/h3>\n<p><img decoding=\"async\" class=\"aligncenter wp-image-1306 size-full\" src=\"http:\/\/www.kmdpower.com\/wp-content\/uploads\/Kamada-Power-High-Voltage-Battery-002.jpg\" alt=\"Bater\u00eda de alto voltaje Kamada Power 002\" width=\"1000\" height=\"788\" \/><\/p>\n<h3 style=\"text-align: center;\">Funci\u00f3n de ecualizaci\u00f3n\uff08Activa o pasiva Opcional)<\/h3>\n<p>&nbsp;<\/p>\n<p><img loading=\"lazy\" decoding=\"async\" class=\"aligncenter wp-image-978 size-full\" src=\"http:\/\/www.kmdpower.com\/wp-content\/uploads\/Active-Equalization-Function-and-Active-Passive-Optional-0.png\" alt=\"Funci\u00f3n de ecualizaci\u00f3n activa y pasiva activa opcional 0\" width=\"1000\" height=\"246\" \/><\/p>\n<div>\n<h3 style=\"text-align: center;\">Bater\u00eda de alto voltaje Kamada Power Custom<\/h3>\n<p><img loading=\"lazy\" decoding=\"async\" class=\"aligncenter wp-image-1307 size-full\" src=\"http:\/\/www.kmdpower.com\/wp-content\/uploads\/Kamada-Power-High-Voltage-Battery-003.jpg\" alt=\"Bater\u00eda de alto voltaje Kamada Power 003\" width=\"1000\" height=\"455\" \/><\/p>\n<\/div>\n<div>\n<p style=\"text-align: center;\">Bater\u00eda de alto voltaje Kamada Power Custom 10,24 kWh,15,36 kWh,20,48 kWh,25,75 kWh,30,72 kWh,35,84 kWh,40,96 kWh<\/p>\n<p>Descubra la potencia de nuestra bater\u00eda apilable de alto voltaje Kamada Power, dise\u00f1ada para ofrecer el m\u00e1ximo rendimiento y fiabilidad. Equipadas con la avanzada tecnolog\u00eda LiFePO4, estas bater\u00edas ofrecen m\u00e1s de 6.000 ciclos y una alta eficiencia de 95%. Esta tecnolog\u00eda garantiza una durabilidad a largo plazo y un uso \u00f3ptimo de la energ\u00eda, perfecto tanto para aplicaciones residenciales como comerciales. Disfrute de energ\u00eda ininterrumpida con nuestro dise\u00f1o apilable y modular que puede ampliarse hasta 100KWh, proporcionando flexibilidad y fiabilidad. Nuestras bater\u00edas est\u00e1n equipadas con un vanguardista sistema de gesti\u00f3n de bater\u00edas (BMS) para mejorar la seguridad y el rendimiento. Cambie a nuestra soluci\u00f3n de alto voltaje y disfrute de una eficiencia energ\u00e9tica y una fiabilidad inigualables.<\/p>\n<\/div>\n<p>&nbsp;<\/p>\n<p>&nbsp;<\/p>\n<div>\n<div>\n<h3 style=\"text-align: center;\">Productos destacados<\/h3>\n<p><strong>Rendimiento estable<\/strong><br \/>\nUtiliza bater\u00eda lifepo4 de alto rendimiento con m\u00e1s de 6.000 ciclos y eficiencia 95%.<br \/>\nEquipado con el sistema avanzado de gesti\u00f3n de bater\u00edas (BMS) Kamada Power para una mayor seguridad.<\/p>\n<p><strong>Dise\u00f1o apilable y compacto<\/strong><br \/>\nSe integra con fuentes de energ\u00eda renovables para optimizar el autoconsumo y reducir la dependencia de la red.<br \/>\nProporciona energ\u00eda de reserva fiable y contribuye a un estilo de vida sostenible con un dise\u00f1o compacto y eficiente.<\/p>\n<p><strong>Ampliable a 100 kWh<\/strong><br \/>\nEl dise\u00f1o modular permite una ampliaci\u00f3n flexible hasta 100 kWh.<br \/>\nRango de tensi\u00f3n de 102,4 V (2 m\u00f3dulos) a 409,6 V (8 m\u00f3dulos) con conexiones en serie.<\/p>\n<p><strong>BMS avanzado<\/strong><br \/>\nSupervisa la tensi\u00f3n, los l\u00edmites de corriente y el estado de carga.<br \/>\nIncluye funciones de seguridad para garantizar un rendimiento \u00f3ptimo y la longevidad de la bater\u00eda.<\/p>\n<p><strong>Seguridad y fiabilidad<\/strong><br \/>\nDise\u00f1o flexible y escalable con supervisi\u00f3n en tiempo real.<br \/>\nIncorpora tecnolog\u00eda de autorreparaci\u00f3n para mejorar la seguridad y el control.<\/p>\n<\/div>\n<p>&nbsp;<\/p>\n<h3 style=\"text-align: center;\">Sistema BMS fiable y ultra seguro<\/h3>\n<p><img loading=\"lazy\" decoding=\"async\" class=\"aligncenter wp-image-1283 size-full\" src=\"http:\/\/www.kmdpower.com\/wp-content\/uploads\/Kamada-Power-Battery-BMS.jpg\" alt=\"BMS de bater\u00eda Kamada Power\" width=\"1000\" height=\"401\" \/><\/p>\n<p style=\"text-align: left;\">El Kamada Power 50Ah 25Kwh 10Kwh 15Kwh 6000Cycles 20Kwh Solar 100Ah Lifepo4 Growatt Ark Hv Battery BMS garantiza un funcionamiento seguro en temperaturas extremas, evita la sobrecarga y la sobredescarga, prolonga la vida \u00fatil de la bater\u00eda y proporciona un rendimiento fiable con una carga y descarga eficientes. Tambi\u00e9n incluye protecci\u00f3n contra sobrecorriente y cortocircuito para la seguridad del sistema, y ofrece a los usuarios opciones de equilibrado activo o pasivo para optimizar el rendimiento de la bater\u00eda y la eficiencia energ\u00e9tica.<\/p>\n<p>&nbsp;<\/p>\n<h3 style=\"text-align: center;\">Kamada Power Compatible con inversor de bater\u00eda<\/h3>\n<p style=\"text-align: center;\">ompatible con el 91% de inversores del mercado<\/p>\n<p><img loading=\"lazy\" decoding=\"async\" class=\"aligncenter wp-image-1288 size-full\" src=\"http:\/\/www.kmdpower.com\/wp-content\/uploads\/Kamada-Power-Battery-Inverter-Compatible-X01.jpg\" alt=\"Kamada Power Inversor Bater\u00eda Compatible X01\" width=\"1000\" height=\"552\" \/><\/p>\n<p style=\"text-align: center;\"><strong>Los productos de bater\u00eda Kamada Power son compatibles con el 91% de las marcas de inversores del mercado.<\/strong><\/p>\n<p>SMA,SRNE,IMEON ENGERGY,ZUCCHETTI,Ingeteam,AiSWEI,victron energy,must,moixa,megarevo,deye,growatt,studer,selectronic, voltronic power,sofar solar,sermatec,gmde,effekta,westernco,sungrow,luxpower,morningstar,delios,sungrow,luxpower,marcas de inversores. voltronic power,sofar solar,sermatec,gmde,effekta,westernco,sungrow,luxpower,morningstar,delios,sunosynk,aeca,saj,solarmax,redback. invt,goodwe,solis,mlt,livoltek,eneiqy,solaxpower,opti-solar,kehua tech.(<strong>Esta es s\u00f3lo una lista parcial de marcas de inversores<\/strong>)<\/p>\n<p>&nbsp;<\/p>\n<p>&nbsp;<\/p>\n<h3 style=\"text-align: center;\">Diagrama de conexi\u00f3n de la bater\u00eda de alto voltaje Kamada Power<\/h3>\n<p><img loading=\"lazy\" decoding=\"async\" class=\"aligncenter wp-image-1308 size-full\" src=\"http:\/\/www.kmdpower.com\/wp-content\/uploads\/Kamada-Power-High-Voltage-Battery-004.jpg\" alt=\"Bater\u00eda de alto voltaje Kamada Power 004\" width=\"1000\" height=\"515\" \/><\/p>\n<p>&nbsp;<\/p>\n<h3 style=\"text-align: center;\">Kamada Power Battery Escenario de aplicaci\u00f3n<\/h3>\n<p><img loading=\"lazy\" decoding=\"async\" class=\"aligncenter wp-image-1309 size-full\" src=\"http:\/\/www.kmdpower.com\/wp-content\/uploads\/Kamada-Power-High-Voltage-Battery-005.jpg\" alt=\"Bater\u00eda de alto voltaje Kamada Power 005\" width=\"1000\" height=\"541\" \/><\/p>\n<p style=\"text-align: left;\"><strong>Bater\u00eda de alto voltaje Kamada Power Aplicaci\u00f3n:<\/strong> Almacenamiento de energ\u00eda en el hogar, almacenamiento de energ\u00eda industrial, proporcionar energ\u00eda de reserva de emergencia, banco de energ\u00eda UPS, banco de energ\u00eda del inversor, banco de energ\u00eda ferroviaria, sistema de energ\u00eda de telecomunicaciones, electr\u00f3nica m\u00e9dica, estaciones base comerciales, comunicaciones de seguridad, log\u00edstica de transporte, etc.<\/p>\n<p>&nbsp;<\/p>\n<h3 style=\"text-align: center;\">\u00bfPor qu\u00e9 elegir Kamada Power OEM ODM sus productos de bater\u00eda?<\/h3>\n<p><strong>No tienes por qu\u00e9 preocuparte por estos retos de problemas con las pilas personalizadas.<\/strong><br \/>\nEstos problemas son la imposibilidad de satisfacer sus requisitos de bater\u00edas personalizadas, el largo plazo de producci\u00f3n, la lentitud en los plazos de entrega, la comunicaci\u00f3n ineficaz, la falta de garant\u00eda de calidad, el precio poco competitivo de los productos y la mala experiencia de servicio.<\/p>\n<p><strong>El poder de la profesionalidad<\/strong><br \/>\nHemos servido a miles de clientes de bater\u00edas de diversos sectores y personalizado miles de productos de bater\u00edas. \u00a1Conocemos la importancia de la comunicaci\u00f3n en profundidad de las necesidades, sabemos productos de la bater\u00eda desde el dise\u00f1o hasta la producci\u00f3n en masa de diversos desaf\u00edos y problemas t\u00e9cnicos, y c\u00f3mo resolver r\u00e1pida y eficazmente estos problemas!<\/p>\n<p><strong>Desarrolle soluciones eficaces de bater\u00edas a medida<\/strong><br \/>\nEn respuesta a sus necesidades de bater\u00edas personalizadas, asignaremos espec\u00edficamente el equipo de proyecto de tecnolog\u00eda de bater\u00edas para ofrecerle un servicio 1 a 1. Nos comunicaremos con usted en profundidad sobre el sector, los escenarios, los requisitos, los puntos d\u00e9biles, el rendimiento, la funcionalidad y desarrollaremos soluciones de bater\u00edas personalizadas.<\/p>\n<p><strong>Entrega r\u00e1pida de bater\u00edas personalizadas<\/strong><br \/>\nSomos \u00e1giles y r\u00e1pidos para ayudarle a conseguir desde el dise\u00f1o del producto de la pila, pasando por el muestreo de la pila, hasta la producci\u00f3n en serie del producto de la pila. Consiga un dise\u00f1o de producto r\u00e1pido, una producci\u00f3n y fabricaci\u00f3n r\u00e1pidas, una entrega y un env\u00edo r\u00e1pidos, la mejor calidad y el precio de f\u00e1brica para bater\u00edas personalizadas.<\/p>\n<p><strong>Le ayudamos a aprovechar r\u00e1pidamente la oportunidad del mercado de bater\u00edas de almacenamiento de energ\u00eda.<\/strong><br \/>\nKamada Power le ayuda a conseguir r\u00e1pidamente productos de bater\u00edas personalizados y diferenciados, a mejorar la competitividad de sus productos y a tomar r\u00e1pidamente la delantera en el mercado de las bater\u00edas de almacenamiento de energ\u00eda.<\/p>\n<p>&nbsp;<\/p>\n<h3 style=\"text-align: center;\">Shenzhen Kamada Electronic Co.,Ltd<br \/>\nExposici\u00f3n Kamada Power<\/h3>\n<p><img loading=\"lazy\" decoding=\"async\" class=\"aligncenter wp-image-1297 size-full\" src=\"http:\/\/www.kmdpower.com\/wp-content\/uploads\/Kamada-Power-Exhibition-Shenzhen-Kamada-Electronic-Co-Ltd.png\" alt=\"Exposici\u00f3n Kamada Power Shenzhen Kamada Electronic Co Ltd\" width=\"1920\" height=\"841\" \/><\/p>\n<p>&nbsp;<\/p>\n<h3 style=\"text-align: center;\">Certificaci\u00f3n de fabricantes de bater\u00edas Kamada Power<\/h3>\n<p><img loading=\"lazy\" decoding=\"async\" class=\"aligncenter wp-image-1285 size-full\" src=\"http:\/\/www.kmdpower.com\/wp-content\/uploads\/Kamada-Power-Battery-Certification.png\" alt=\"Certificaci\u00f3n de fabricantes de bater\u00edas Kamada Power\" width=\"1344\" height=\"462\" \/><\/p>\n<p>&nbsp;<\/p>\n<h3 style=\"text-align: center;\">Fabricantes de bater\u00edas de iones de litio Kamada Power Proceso de producci\u00f3n en f\u00e1brica<\/h3>\n<p><img loading=\"lazy\" decoding=\"async\" class=\"aligncenter wp-image-1323 size-full\" src=\"http:\/\/www.kmdpower.com\/wp-content\/uploads\/Kamada-Power-Lithium-ion-Battery-Manufacturers-Factory-Production-Process-02.jpg\" alt=\"Fabricantes de bater\u00edas de iones de litio Kamada Power Proceso de producci\u00f3n en f\u00e1brica 02\" width=\"1000\" height=\"517\" \/><\/p>\n<p>&nbsp;<\/p>\n<h3 style=\"text-align: center;\">Fabricantes de bater\u00edas Kamada Power<\/h3>\n<p><img loading=\"lazy\" decoding=\"async\" class=\"aligncenter wp-image-1324 size-full\" src=\"http:\/\/www.kmdpower.com\/wp-content\/uploads\/Kamada-Power-Lithium-ion-Battery-Manufacturers-Factory-Show.jpg\" alt=\"Kamada Power Bater\u00eda de iones de litio Fabricantes F\u00e1brica Mostrar\" width=\"1000\" height=\"584\" \/><\/p>\n<p>Kamada Power Battery Factory produce todo tipo de soluciones de bater\u00edas personalizadas oem odm: bater\u00eda solar dom\u00e9stica, bater\u00edas para veh\u00edculos de baja velocidad (bater\u00edas de golf, bater\u00edas para veh\u00edculos recreativos, bater\u00edas de litio convertidas en plomo, bater\u00edas para carros el\u00e9ctricos, bater\u00edas para carretillas elevadoras), bater\u00edas marinas, bater\u00edas para cruceros, bater\u00edas de alto voltaje, bater\u00edas apiladas,\u00a0<strong><a title=\"Fabricantes de pilas de iones de sodio\" href=\"http:\/\/www.kmdpower.com\/es\/sodium-ion-battery-manufacturers\/\" target=\"_blank\" rel=\"noopener\">Bater\u00eda de iones de sodio<\/a>,\u00a0<a href=\"http:\/\/www.kmdpower.com\/es\/commercial-energy-storage-systems\/\" target=\"_blank\" rel=\"noopener\">sistemas industriales y comerciales de almacenamiento de energ\u00eda<\/a><\/strong><\/p>\n<p>&nbsp;<\/p>\n<\/div>","protected":false},"excerpt":{"rendered":"<ul>\n<li><strong>Modelo:<\/strong>\u00a050Ah 25Kwh 10Kwh 15Kwh 6000Ciclos 20Kwh Solar 100Ah Lifepo4 Growatt Ark Hv Bater\u00eda<\/li>\n<li><strong>Ciclo de vida:<\/strong>\u00a06000 veces<\/li>\n<li><strong>Peso:<\/strong>\u00a0306KGS<\/li>\n<li><strong>Dimensiones:<\/strong>\u00a01575*661*391 mm<\/li>\n<li><strong>Certificado:<\/strong>\u00a0CE\/UN38.3\/MSDS<\/li>\n<li><strong>Fabricantes de bater\u00edas de alto voltaje:<\/strong>\u00a0Kamada Power<\/li>\n<li><strong>Tipo de bater\u00eda:<\/strong>\u00a0Bater\u00eda LiFePO4<\/li>\n<li><strong>Soporte de bater\u00eda:<\/strong>\u00a0Venta al por mayor, OEM.ODM Bater\u00eda de alto voltaje<\/li>\n<li><strong>Garant\u00eda:<\/strong>\u00a010 a\u00f1os<\/li>\n<li><strong>Plazo de entrega:<\/strong>\u00a07-14 d\u00edas para muestras, 35-60 d\u00edas para producci\u00f3n en serie<\/li>\n<li><strong>Kamada Power Productos de la bater\u00eda de apoyo al por mayor, distribuidores y OEM ODM personalizado de la bater\u00eda. Por favor\u00a0<a title=\"Contacto Kamada Power\" href=\"https:\/\/www.kmdpower.com\/es\/contact-us\/\" target=\"_blank\" rel=\"noopener\">P\u00f3ngase en contacto con nosotros<\/a>!<\/strong><\/li>\n<\/ul>","protected":false},"featured_media":1484,"template":"","meta":{"rank_math_lock_modified_date":false,"_kad_post_transparent":"default","_kad_post_title":"","_kad_post_layout":"default","_kad_post_sidebar_id":"","_kad_post_content_style":"default","_kad_post_vertical_padding":"default","_kad_post_feature":"","_kad_post_feature_position":"","_kad_post_header":false,"_kad_post_footer":false},"product_cat":[31,17],"product_tag":[85,86,87,88,89,93,94,95,96,97,98,99,100,101,102,103,104,105,106,107,112,135,137,138,139,140,141,142,153,154,155,156,157,158,268,487,514,521,596,676,756,757,830,831,904,943,944,945,989,1108,1109,1110,1130,1131,1132,1133],"class_list":{"0":"post-2244","1":"product","2":"type-product","3":"status-publish","4":"has-post-thumbnail","6":"product_cat-stacked-battery","7":"product_cat-home-energy-storage-system","8":"product_tag-10-kw-lithium-battery","9":"product_tag-10-kw-lithium-battery-pack","10":"product_tag-10-kw-solar-battery","11":"product_tag-10-kwh-lithium-battery","12":"product_tag-10-kwh-lithium-ion-battery","13":"product_tag-10kw-battery","14":"product_tag-10kw-battery-pack","15":"product_tag-10kw-home-battery","16":"product_tag-10kw-lifepo4-battery","17":"product_tag-10kw-lithium-battery","18":"product_tag-10kw-lithium-ion-battery","19":"product_tag-10kw-powerwall","20":"product_tag-10kw-solar-battery","21":"product_tag-10kwh-48v-lifepo4","22":"product_tag-10kwh-48v-lifepo4-manufacturer","23":"product_tag-10kwh-51-2-v-200ah-lifepo4-lithium-battery","24":"product_tag-10kwh-lifepo4-battery","25":"product_tag-10kwh-lithium-battery","26":"product_tag-10kwh-lithium-battery-48v","27":"product_tag-10kwh-solar-battery","28":"product_tag-12-kwh-lithium-ion-battery","29":"product_tag-13kw-solar-battery","30":"product_tag-15kw-battery-bank","31":"product_tag-15kw-battery-storage","32":"product_tag-15kw-lithium-ion-battery","33":"product_tag-15kw-solar-storage-batteries","34":"product_tag-15kwh-battery","35":"product_tag-15kwh-battery-bank","36":"product_tag-20kw-battery","37":"product_tag-20kw-battery-bank","38":"product_tag-20kw-battery-inverter","39":"product_tag-20kw-battery-storage","40":"product_tag-20kw-lifepo4-battery","41":"product_tag-20kw-powerwall","42":"product_tag-48v-200ah-to-kwh","43":"product_tag-customized-10kwh-lifepo4-battery","44":"product_tag-customized-lifepo4-10kwh","45":"product_tag-customized-lithium-ion-battery-10kwh","46":"product_tag-lifepo4-10kwh","47":"product_tag-lithium-battery-10-kwh","48":"product_tag-odm-10kwh-lifepo4-battery-manufacturer","49":"product_tag-odm-10kwh-lifepo4-battery-supplier","50":"product_tag-odm-lifepo4-10kwh-manufacturer","51":"product_tag-odm-lifepo4-10kwh-supplier","52":"product_tag-oem-10kwh-lifepo4-battery-manufacturer","53":"product_tag-oem-lifepo4-10kwh","54":"product_tag-oem-lifepo4-10kwh-manufacturer","55":"product_tag-oem-lifepo4-10kwh-supplier","56":"product_tag-powerwall-15kw","57":"product_tag-wholesale-10kw-lithium-ion-battery-manufacturer","58":"product_tag-wholesale-13kw-solar-battery-factories","59":"product_tag-wholesale-13kw-solar-battery-manufacturers","60":"product_tag-wholesale-lifepo4-10kwh-factories","61":"product_tag-wholesale-lifepo4-10kwh-factory","62":"product_tag-wholesale-lifepo4-10kwh-manufacturers","63":"product_tag-wholesale-lifepo4-10kwh-suppliers","65":"first","66":"instock","67":"shipping-taxable","68":"product-type-simple","69":"entry","70":"content-bg","71":"loop-entry"},"_links":{"self":[{"href":"https:\/\/www.kmdpower.com\/es\/wp-json\/wp\/v2\/product\/2244","targetHints":{"allow":["GET"]}}],"collection":[{"href":"https:\/\/www.kmdpower.com\/es\/wp-json\/wp\/v2\/product"}],"about":[{"href":"https:\/\/www.kmdpower.com\/es\/wp-json\/wp\/v2\/types\/product"}],"version-history":[{"count":3,"href":"https:\/\/www.kmdpower.com\/es\/wp-json\/wp\/v2\/product\/2244\/revisions"}],"predecessor-version":[{"id":2246,"href":"https:\/\/www.kmdpower.com\/es\/wp-json\/wp\/v2\/product\/2244\/revisions\/2246"}],"wp:featuredmedia":[{"embeddable":true,"href":"https:\/\/www.kmdpower.com\/es\/wp-json\/wp\/v2\/media\/1484"}],"wp:attachment":[{"href":"https:\/\/www.kmdpower.com\/es\/wp-json\/wp\/v2\/media?parent=2244"}],"wp:term":[{"taxonomy":"product_cat","embeddable":true,"href":"https:\/\/www.kmdpower.com\/es\/wp-json\/wp\/v2\/product_cat?post=2244"},{"taxonomy":"product_tag","embeddable":true,"href":"https:\/\/www.kmdpower.com\/es\/wp-json\/wp\/v2\/product_tag?post=2244"}],"curies":[{"name":"wp","href":"https:\/\/api.w.org\/{rel}","templated":true}]}}