{"id":3678,"date":"2025-01-12T13:56:05","date_gmt":"2025-01-12T13:56:05","guid":{"rendered":"http:\/\/www.kmdpower.com\/?page_id=3678"},"modified":"2025-01-12T14:45:41","modified_gmt":"2025-01-12T14:45:41","slug":"commercial-energy-storage-cases","status":"publish","type":"page","link":"https:\/\/www.kmdpower.com\/es\/commercial-energy-storage-cases\/","title":{"rendered":"Casos de almacenamiento de energ\u00eda comercial"},"content":{"rendered":"<div data-elementor-type=\"wp-page\" data-elementor-id=\"3678\" class=\"elementor elementor-3678\" data-elementor-post-type=\"page\">\n\t\t\t\t<div class=\"elementor-element elementor-element-f076a1c e-flex e-con-boxed e-con e-parent\" data-id=\"f076a1c\" data-element_type=\"container\" data-settings=\"{&quot;_ha_eqh_enable&quot;:false}\">\n\t\t\t\t\t<div class=\"e-con-inner\">\n\t\t\t\t<div class=\"elementor-element elementor-element-6f0dc24 elementor-widget elementor-widget-heading\" data-id=\"6f0dc24\" data-element_type=\"widget\" data-widget_type=\"heading.default\">\n\t\t\t\t<div class=\"elementor-widget-container\">\n\t\t\t<h1 class=\"elementor-heading-title elementor-size-default\">Casos de almacenamiento de energ\u00eda comercial<\/h1>\t\t<\/div>\n\t\t\t\t<\/div>\n\t\t\t\t\t<\/div>\n\t\t\t\t<\/div>\n\t\t<div class=\"elementor-element elementor-element-b14c90d e-flex e-con-boxed e-con e-parent\" data-id=\"b14c90d\" data-element_type=\"container\" data-settings=\"{&quot;_ha_eqh_enable&quot;:false}\">\n\t\t\t\t\t<div class=\"e-con-inner\">\n\t\t<div class=\"elementor-element elementor-element-1726301 e-con-full e-flex e-con e-child\" data-id=\"1726301\" data-element_type=\"container\" data-settings=\"{&quot;_ha_eqh_enable&quot;:false}\">\n\t\t\t\t<div class=\"elementor-element elementor-element-c463ea5 elementor-widget elementor-widget-image\" data-id=\"c463ea5\" data-element_type=\"widget\" data-widget_type=\"image.default\">\n\t\t\t\t<div class=\"elementor-widget-container\">\n\t\t\t\t\t\t\t\t\t\t\t\t\t<img fetchpriority=\"high\" decoding=\"async\" width=\"1024\" height=\"682\" src=\"https:\/\/www.kmdpower.com\/wp-content\/uploads\/Kamad-Power-100kWh-Battery-Uk-Case-001.png\" class=\"attachment-large size-large wp-image-3688\" alt=\"Bater\u00eda Kamada Power 100kWh Uk Caso 001\" \/>\t\t\t\t\t\t\t\t\t\t\t\t\t<\/div>\n\t\t\t\t<\/div>\n\t\t\t\t<\/div>\n\t\t<div class=\"elementor-element elementor-element-1ac87ed e-con-full e-flex e-con e-child\" data-id=\"1ac87ed\" data-element_type=\"container\" data-settings=\"{&quot;_ha_eqh_enable&quot;:false}\">\n\t\t\t\t<div class=\"elementor-element elementor-element-5854c20 elementor-widget elementor-widget-text-editor\" data-id=\"5854c20\" data-element_type=\"widget\" data-widget_type=\"text-editor.default\">\n\t\t\t\t<div class=\"elementor-widget-container\">\n\t\t\t\t\t\t\t<p><strong><span style=\"color: #000000;\">Reino Unido<\/span><\/strong><\/p><p><span style=\"color: #000000;\"><strong>Modo:<\/strong><\/span>Kamada Power-BESS-150-100<br \/><span style=\"color: #000000;\"><strong>Capacidad de la bater\u00eda :<\/strong><\/span>150 kWh<br \/><span style=\"color: #000000;\"><strong>PCS:<\/strong><\/span>100kw<br \/><span style=\"color: #000000;\"><strong>Aplicaci\u00f3n:<\/strong> <\/span>Reducci\u00f3n de picos<\/p>\t\t\t\t\t\t<\/div>\n\t\t\t\t<\/div>\n\t\t\t\t<\/div>\n\t\t\t\t\t<\/div>\n\t\t\t\t<\/div>\n\t\t<div class=\"elementor-element elementor-element-67d5932 e-flex e-con-boxed e-con e-parent\" data-id=\"67d5932\" data-element_type=\"container\" data-settings=\"{&quot;_ha_eqh_enable&quot;:false}\">\n\t\t\t\t\t<div class=\"e-con-inner\">\n\t\t<div class=\"elementor-element elementor-element-41b2f6d e-con-full e-flex e-con e-child\" data-id=\"41b2f6d\" data-element_type=\"container\" data-settings=\"{&quot;_ha_eqh_enable&quot;:false}\">\n\t\t\t\t<div class=\"elementor-element elementor-element-e9c62ef elementor-widget elementor-widget-text-editor\" data-id=\"e9c62ef\" data-element_type=\"widget\" data-widget_type=\"text-editor.default\">\n\t\t\t\t<div class=\"elementor-widget-container\">\n\t\t\t\t\t\t\t<p><span style=\"color: #000000;\"><strong>Irlanda<\/strong><\/span><\/p><p><span style=\"color: #000000;\"><strong>Contenedor ESS de 20 pies<\/strong><\/span><br \/><strong><span style=\"color: #000000;\">Capacidad de la bater\u00eda:<\/span><\/strong>600 kWh<br \/><span style=\"color: #000000;\"><strong>PCS:<\/strong><\/span>150kw<br \/><span style=\"color: #000000;\"><strong>MPPT:<\/strong><\/span>300kw<br \/><span style=\"color: #000000;\"><strong>Aplicaci\u00f3n:<\/strong><\/span>Autoconsumo solar<\/p>\t\t\t\t\t\t<\/div>\n\t\t\t\t<\/div>\n\t\t\t\t<\/div>\n\t\t<div class=\"elementor-element elementor-element-8366c0f e-con-full e-flex e-con e-child\" data-id=\"8366c0f\" data-element_type=\"container\" data-settings=\"{&quot;_ha_eqh_enable&quot;:false}\">\n\t\t\t\t<div class=\"elementor-element elementor-element-ceefb18 elementor-widget elementor-widget-image\" data-id=\"ceefb18\" data-element_type=\"widget\" data-widget_type=\"image.default\">\n\t\t\t\t<div class=\"elementor-widget-container\">\n\t\t\t\t\t\t\t\t\t\t\t\t\t<img decoding=\"async\" width=\"1024\" height=\"768\" src=\"https:\/\/www.kmdpower.com\/wp-content\/uploads\/Kamada-Power-Ireland-20ft-ESS-Container-600kWh-Battery-Case-001.png\" class=\"attachment-large size-large wp-image-3689\" alt=\"\" \/>\t\t\t\t\t\t\t\t\t\t\t\t\t<\/div>\n\t\t\t\t<\/div>\n\t\t\t\t<\/div>\n\t\t\t\t\t<\/div>\n\t\t\t\t<\/div>\n\t\t<div class=\"elementor-element elementor-element-6bd5b04 e-flex e-con-boxed e-con e-parent\" data-id=\"6bd5b04\" data-element_type=\"container\" data-settings=\"{&quot;_ha_eqh_enable&quot;:false}\">\n\t\t\t\t\t<div class=\"e-con-inner\">\n\t\t<div class=\"elementor-element elementor-element-418fd18 e-con-full e-flex e-con e-child\" data-id=\"418fd18\" data-element_type=\"container\" data-settings=\"{&quot;_ha_eqh_enable&quot;:false}\">\n\t\t\t\t<div class=\"elementor-element elementor-element-0871344 elementor-widget elementor-widget-image\" data-id=\"0871344\" data-element_type=\"widget\" data-widget_type=\"image.default\">\n\t\t\t\t<div class=\"elementor-widget-container\">\n\t\t\t\t\t\t\t\t\t\t\t\t\t<img decoding=\"async\" width=\"1024\" height=\"676\" src=\"https:\/\/www.kmdpower.com\/wp-content\/uploads\/Kamad-Power-ESS-300kWh-Battery-Germany-Case-001.png\" class=\"attachment-large size-large wp-image-3690\" alt=\"\" \/>\t\t\t\t\t\t\t\t\t\t\t\t\t<\/div>\n\t\t\t\t<\/div>\n\t\t\t\t<\/div>\n\t\t<div class=\"elementor-element elementor-element-06066a9 e-con-full e-flex e-con e-child\" data-id=\"06066a9\" data-element_type=\"container\" data-settings=\"{&quot;_ha_eqh_enable&quot;:false}\">\n\t\t\t\t<div class=\"elementor-element elementor-element-ebafc7c elementor-widget elementor-widget-text-editor\" data-id=\"ebafc7c\" data-element_type=\"widget\" data-widget_type=\"text-editor.default\">\n\t\t\t\t<div class=\"elementor-widget-container\">\n\t\t\t\t\t\t\t<p><span style=\"color: #000000;\"><strong>Alemania<\/strong><\/span><\/p><p><span style=\"color: #000000;\"><strong>Modelo:<\/strong><\/span>Cargador r\u00e1pido Kamada Power-BESS-300-200 180kw CC<br \/><span style=\"color: #000000;\"><strong>Capacidad de la bater\u00eda:<\/strong><\/span>Conectores CCS2 duales de 300 kWh<br \/><span style=\"color: #000000;\"><strong>PCS:<\/strong><\/span>200kw<br \/><span style=\"color: #000000;\"><strong>Aplicaci\u00f3n:<\/strong> <\/span>Fuente de alimentaci\u00f3n<\/p>\t\t\t\t\t\t<\/div>\n\t\t\t\t<\/div>\n\t\t\t\t<\/div>\n\t\t\t\t\t<\/div>\n\t\t\t\t<\/div>\n\t\t<div class=\"elementor-element elementor-element-4ec4b3c e-flex e-con-boxed e-con e-parent\" data-id=\"4ec4b3c\" data-element_type=\"container\" data-settings=\"{&quot;_ha_eqh_enable&quot;:false}\">\n\t\t\t\t\t<div class=\"e-con-inner\">\n\t\t<div class=\"elementor-element elementor-element-aee7a53 e-con-full e-flex e-con e-child\" data-id=\"aee7a53\" data-element_type=\"container\" data-settings=\"{&quot;_ha_eqh_enable&quot;:false}\">\n\t\t\t\t<div class=\"elementor-element elementor-element-e224860 elementor-widget elementor-widget-text-editor\" data-id=\"e224860\" data-element_type=\"widget\" data-widget_type=\"text-editor.default\">\n\t\t\t\t<div class=\"elementor-widget-container\">\n\t\t\t\t\t\t\t<p><span style=\"color: #000000;\"><strong>Alemania<\/strong><\/span><\/p><p><span style=\"color: #000000;\"><strong>Modelo:<\/strong><\/span>Kamada Power-BESS-300-100<br \/><span style=\"color: #000000;\"><strong>Capacidad de la bater\u00eda:<\/strong><\/span>300 kWh<br \/><span style=\"color: #000000;\"><strong>PCS:<\/strong><\/span>100kw<br \/><span style=\"color: #000000;\"><strong>Aplicaci\u00f3n:<\/strong><\/span>Sistema de microrred<\/p>\t\t\t\t\t\t<\/div>\n\t\t\t\t<\/div>\n\t\t\t\t<\/div>\n\t\t<div class=\"elementor-element elementor-element-c99ec70 e-con-full e-flex e-con e-child\" data-id=\"c99ec70\" data-element_type=\"container\" data-settings=\"{&quot;_ha_eqh_enable&quot;:false}\">\n\t\t\t\t<div class=\"elementor-element elementor-element-44d796d elementor-widget elementor-widget-image\" data-id=\"44d796d\" data-element_type=\"widget\" data-widget_type=\"image.default\">\n\t\t\t\t<div class=\"elementor-widget-container\">\n\t\t\t\t\t\t\t\t\t\t\t\t\t<img loading=\"lazy\" decoding=\"async\" width=\"1024\" height=\"703\" src=\"https:\/\/www.kmdpower.com\/wp-content\/uploads\/Kamad-Power-ESS-300kWh-100kw-Battery-Germany-Case-001.png\" class=\"attachment-large size-large wp-image-3694\" alt=\"\" \/>\t\t\t\t\t\t\t\t\t\t\t\t\t<\/div>\n\t\t\t\t<\/div>\n\t\t\t\t<\/div>\n\t\t\t\t\t<\/div>\n\t\t\t\t<\/div>\n\t\t<div class=\"elementor-element elementor-element-68400e6 e-flex e-con-boxed e-con e-parent\" data-id=\"68400e6\" data-element_type=\"container\" data-settings=\"{&quot;_ha_eqh_enable&quot;:false}\">\n\t\t\t\t\t<div class=\"e-con-inner\">\n\t\t<div class=\"elementor-element elementor-element-c19052f e-con-full e-flex e-con e-child\" data-id=\"c19052f\" data-element_type=\"container\" data-settings=\"{&quot;_ha_eqh_enable&quot;:false}\">\n\t\t\t\t<div class=\"elementor-element elementor-element-60b4e39 elementor-widget elementor-widget-image\" data-id=\"60b4e39\" data-element_type=\"widget\" data-widget_type=\"image.default\">\n\t\t\t\t<div class=\"elementor-widget-container\">\n\t\t\t\t\t\t\t\t\t\t\t\t\t<img loading=\"lazy\" decoding=\"async\" width=\"1024\" height=\"771\" src=\"https:\/\/www.kmdpower.com\/wp-content\/uploads\/Kamada-Power-645kWh-300kW-Netherlands-Case-001.png\" class=\"attachment-large size-large wp-image-3717\" alt=\"\" \/>\t\t\t\t\t\t\t\t\t\t\t\t\t<\/div>\n\t\t\t\t<\/div>\n\t\t\t\t<\/div>\n\t\t<div class=\"elementor-element elementor-element-4e57b1d e-con-full e-flex e-con e-child\" data-id=\"4e57b1d\" data-element_type=\"container\" data-settings=\"{&quot;_ha_eqh_enable&quot;:false}\">\n\t\t\t\t<div class=\"elementor-element elementor-element-96ba837 elementor-widget elementor-widget-text-editor\" data-id=\"96ba837\" data-element_type=\"widget\" data-widget_type=\"text-editor.default\">\n\t\t\t\t<div class=\"elementor-widget-container\">\n\t\t\t\t\t\t\t<p><span style=\"color: #000000;\"><strong>Pa\u00edses Bajos<\/strong><\/span><\/p><p><span style=\"color: #000000;\"><strong>Capacidad de la bater\u00eda:<\/strong><\/span>645 kWh<br \/><span style=\"color: #000000;\"><strong>PCS:<\/strong><\/span>300kw<br \/><span style=\"color: #000000;\"><strong>Aplicaci\u00f3n:<\/strong><\/span>Fuente de alimentaci\u00f3n DG+ESS<\/p>\t\t\t\t\t\t<\/div>\n\t\t\t\t<\/div>\n\t\t\t\t<\/div>\n\t\t\t\t\t<\/div>\n\t\t\t\t<\/div>\n\t\t<div class=\"elementor-element elementor-element-fd69d80 e-flex e-con-boxed e-con e-parent\" data-id=\"fd69d80\" data-element_type=\"container\" data-settings=\"{&quot;_ha_eqh_enable&quot;:false}\">\n\t\t\t\t\t<div class=\"e-con-inner\">\n\t\t<div class=\"elementor-element elementor-element-d1b0beb e-con-full e-flex e-con e-child\" data-id=\"d1b0beb\" data-element_type=\"container\" data-settings=\"{&quot;_ha_eqh_enable&quot;:false}\">\n\t\t\t\t<div class=\"elementor-element elementor-element-e66aa63 elementor-widget elementor-widget-text-editor\" data-id=\"e66aa63\" data-element_type=\"widget\" data-widget_type=\"text-editor.default\">\n\t\t\t\t<div class=\"elementor-widget-container\">\n\t\t\t\t\t\t\t<p><span style=\"color: #000000;\"><strong>Pa\u00edses Bajos<\/strong><\/span><\/p><p><span style=\"color: #000000;\"><strong>Capacidad de la bater\u00eda:<\/strong><\/span>1MWh<br \/><span style=\"color: #000000;\"><strong>PCS:<\/strong><\/span>500kw<br \/><span style=\"color: #000000;\"><strong>Aplicaci\u00f3n:<\/strong><\/span>Almacenamiento solar,Energ\u00eda de reserva<\/p>\t\t\t\t\t\t<\/div>\n\t\t\t\t<\/div>\n\t\t\t\t<\/div>\n\t\t<div class=\"elementor-element elementor-element-dd0329d e-con-full e-flex e-con e-child\" data-id=\"dd0329d\" data-element_type=\"container\" data-settings=\"{&quot;_ha_eqh_enable&quot;:false}\">\n\t\t\t\t<div class=\"elementor-element elementor-element-e183abb elementor-widget elementor-widget-image\" data-id=\"e183abb\" data-element_type=\"widget\" data-widget_type=\"image.default\">\n\t\t\t\t<div class=\"elementor-widget-container\">\n\t\t\t\t\t\t\t\t\t\t\t\t\t<img loading=\"lazy\" decoding=\"async\" width=\"1024\" height=\"827\" src=\"https:\/\/www.kmdpower.com\/wp-content\/uploads\/Kamada-Power-1MWh-500kW-Netherlands-Case-001.png\" class=\"attachment-large size-large wp-image-3713\" alt=\"Kamada Power 1MWh 500kW Pa\u00edses Bajos Caso 001\" \/>\t\t\t\t\t\t\t\t\t\t\t\t\t<\/div>\n\t\t\t\t<\/div>\n\t\t\t\t<\/div>\n\t\t\t\t\t<\/div>\n\t\t\t\t<\/div>\n\t\t<div class=\"elementor-element elementor-element-7721f22 e-flex e-con-boxed e-con e-parent\" data-id=\"7721f22\" data-element_type=\"container\" data-settings=\"{&quot;_ha_eqh_enable&quot;:false}\">\n\t\t\t\t\t<div class=\"e-con-inner\">\n\t\t<div class=\"elementor-element elementor-element-d757486 e-con-full e-flex e-con e-child\" data-id=\"d757486\" data-element_type=\"container\" data-settings=\"{&quot;_ha_eqh_enable&quot;:false}\">\n\t\t\t\t<div class=\"elementor-element elementor-element-0578ab4 elementor-widget elementor-widget-image\" data-id=\"0578ab4\" data-element_type=\"widget\" data-widget_type=\"image.default\">\n\t\t\t\t<div class=\"elementor-widget-container\">\n\t\t\t\t\t\t\t\t\t\t\t\t\t<img loading=\"lazy\" decoding=\"async\" width=\"1024\" height=\"763\" src=\"https:\/\/www.kmdpower.com\/wp-content\/uploads\/Kamada-Power-ESS-225KwH-Battery-Austria-Case.png\" class=\"attachment-large size-large wp-image-3709\" alt=\"Maleta Kamada Power ESS 225KwH Battery Austria\" \/>\t\t\t\t\t\t\t\t\t\t\t\t\t<\/div>\n\t\t\t\t<\/div>\n\t\t\t\t<\/div>\n\t\t<div class=\"elementor-element elementor-element-5d4d9d1 e-con-full e-flex e-con e-child\" data-id=\"5d4d9d1\" data-element_type=\"container\" data-settings=\"{&quot;_ha_eqh_enable&quot;:false}\">\n\t\t\t\t<div class=\"elementor-element elementor-element-94b4699 elementor-widget elementor-widget-text-editor\" data-id=\"94b4699\" data-element_type=\"widget\" data-widget_type=\"text-editor.default\">\n\t\t\t\t<div class=\"elementor-widget-container\">\n\t\t\t\t\t\t\t<p><span style=\"color: #000000;\"><strong>Austria<\/strong><\/span><\/p><p><span style=\"color: #000000;\"><strong>Capacidad de la bater\u00eda:<\/strong><\/span>225 kWh<br \/><span style=\"color: #000000;\"><strong>PCS:<\/strong><\/span>150kw<br \/><span style=\"color: #000000;\"><strong>Aplicaci\u00f3n:<\/strong><\/span>Energ\u00eda de reserva<\/p>\t\t\t\t\t\t<\/div>\n\t\t\t\t<\/div>\n\t\t\t\t<\/div>\n\t\t\t\t\t<\/div>\n\t\t\t\t<\/div>\n\t\t<div class=\"elementor-element elementor-element-19a7e63 e-flex e-con-boxed e-con e-parent\" data-id=\"19a7e63\" data-element_type=\"container\" data-settings=\"{&quot;_ha_eqh_enable&quot;:false}\">\n\t\t\t\t\t<div class=\"e-con-inner\">\n\t\t\t\t\t<\/div>\n\t\t\t\t<\/div>\n\t\t\t\t<\/div>","protected":false},"excerpt":{"rendered":"<p>Casos comerciales de almacenamiento de energ\u00eda Reino Unido Modo:Kamada Power-BESS-150-100Capacidad de bater\u00eda :150kWhPCS:100kwAplicaci\u00f3n: Peak Shaving Irlanda 20ft ESS ContainerBattery Capacity:600kWhPCS:150kwMPPT:300kwApplication:Solar Storage self-consumption Alemania Model:Kamada Power-BESS-300-200 180kw DC Fast ChargerBattery Capacity:300kWh Dual CCS2 ConnectorsPCS:200kwApplication: Fuente de alimentaci\u00f3n Alemania Modelo:Kamada Power-BESS-300-100Capacidad de bater\u00eda:300kWhPCS:100kwAplicaci\u00f3n:Sistema de microrredes Pa\u00edses Bajos Capacidad de bater\u00eda:645kWhPCS:300kwAplicaci\u00f3n:Fuente de alimentaci\u00f3n DG+ESS Pa\u00edses Bajos Capacidad de bater\u00eda:1MWhPCS:500kwAplicaci\u00f3n:Almacenamiento solar,Energ\u00eda de reserva Austria Capacidad de bater\u00eda:225kWhPCS:150kwAplicaci\u00f3n:Energ\u00eda de reserva<\/p>","protected":false},"author":1,"featured_media":0,"parent":0,"menu_order":0,"comment_status":"closed","ping_status":"closed","template":"","meta":{"rank_math_lock_modified_date":false,"_kad_post_transparent":"","_kad_post_title":"hide","_kad_post_layout":"fullwidth","_kad_post_sidebar_id":"","_kad_post_content_style":"unboxed","_kad_post_vertical_padding":"hide","_kad_post_feature":"hide","_kad_post_feature_position":"","_kad_post_header":false,"_kad_post_footer":false,"footnotes":""},"class_list":["post-3678","page","type-page","status-publish","hentry"],"_links":{"self":[{"href":"https:\/\/www.kmdpower.com\/es\/wp-json\/wp\/v2\/pages\/3678","targetHints":{"allow":["GET"]}}],"collection":[{"href":"https:\/\/www.kmdpower.com\/es\/wp-json\/wp\/v2\/pages"}],"about":[{"href":"https:\/\/www.kmdpower.com\/es\/wp-json\/wp\/v2\/types\/page"}],"author":[{"embeddable":true,"href":"https:\/\/www.kmdpower.com\/es\/wp-json\/wp\/v2\/users\/1"}],"replies":[{"embeddable":true,"href":"https:\/\/www.kmdpower.com\/es\/wp-json\/wp\/v2\/comments?post=3678"}],"version-history":[{"count":25,"href":"https:\/\/www.kmdpower.com\/es\/wp-json\/wp\/v2\/pages\/3678\/revisions"}],"predecessor-version":[{"id":3726,"href":"https:\/\/www.kmdpower.com\/es\/wp-json\/wp\/v2\/pages\/3678\/revisions\/3726"}],"wp:attachment":[{"href":"https:\/\/www.kmdpower.com\/es\/wp-json\/wp\/v2\/media?parent=3678"}],"curies":[{"name":"wp","href":"https:\/\/api.w.org\/{rel}","templated":true}]}}