{"id":3651,"date":"2025-01-12T12:49:21","date_gmt":"2025-01-12T12:49:21","guid":{"rendered":"http:\/\/www.kmdpower.com\/?page_id=3651"},"modified":"2025-02-04T17:56:30","modified_gmt":"2025-02-04T17:56:30","slug":"download","status":"publish","type":"page","link":"https:\/\/www.kmdpower.com\/es\/download\/","title":{"rendered":"Descargar"},"content":{"rendered":"<div data-elementor-type=\"wp-page\" data-elementor-id=\"3651\" class=\"elementor elementor-3651\" data-elementor-post-type=\"page\">\n\t\t\t\t<div class=\"elementor-element elementor-element-77dc898 e-flex e-con-boxed e-con e-parent\" data-id=\"77dc898\" data-element_type=\"container\" data-settings=\"{&quot;_ha_eqh_enable&quot;:false}\">\n\t\t\t\t\t<div class=\"e-con-inner\">\n\t\t<div class=\"elementor-element elementor-element-04a4252 e-con-full e-flex e-con e-child\" data-id=\"04a4252\" data-element_type=\"container\" data-settings=\"{&quot;_ha_eqh_enable&quot;:false}\">\n\t\t\t\t<div class=\"elementor-element elementor-element-6c35c03 elementor-widget elementor-widget-image\" data-id=\"6c35c03\" data-element_type=\"widget\" data-widget_type=\"image.default\">\n\t\t\t\t<div class=\"elementor-widget-container\">\n\t\t\t\t\t\t\t\t\t\t\t\t\t\t<a href=\"http:\/\/www.kmdpower.com\/wp-content\/uploads\/Hexagon-Powerwall-Battery.pdf\">\n\t\t\t\t\t\t\t<img decoding=\"async\" width=\"100\" height=\"100\" src=\"https:\/\/www.kmdpower.com\/wp-content\/uploads\/robotic-arm-pdf-1.png\" class=\"attachment-large size-large wp-image-1432\" alt=\"\" \/>\t\t\t\t\t\t\t\t<\/a>\n\t\t\t\t\t\t\t\t\t\t\t\t\t<\/div>\n\t\t\t\t<\/div>\n\t\t\t\t<div class=\"elementor-element elementor-element-e3f84ce elementor-widget elementor-widget-heading\" data-id=\"e3f84ce\" data-element_type=\"widget\" data-widget_type=\"heading.default\">\n\t\t\t\t<div class=\"elementor-widget-container\">\n\t\t\t<h3 class=\"elementor-heading-title elementor-size-default\"><a href=\"http:\/\/www.kmdpower.com\/wp-content\/uploads\/Hexagon-Powerwall-Battery.pdf\">Bater\u00eda Hexagon Powerwall<\/a><\/h3>\t\t<\/div>\n\t\t\t\t<\/div>\n\t\t\t\t<\/div>\n\t\t<div class=\"elementor-element elementor-element-169b71a e-con-full e-flex e-con e-child\" data-id=\"169b71a\" data-element_type=\"container\" data-settings=\"{&quot;_ha_eqh_enable&quot;:false}\">\n\t\t\t\t<div class=\"elementor-element elementor-element-805ce00 elementor-widget elementor-widget-image\" data-id=\"805ce00\" data-element_type=\"widget\" data-widget_type=\"image.default\">\n\t\t\t\t<div class=\"elementor-widget-container\">\n\t\t\t\t\t\t\t\t\t\t\t\t\t\t<a href=\"http:\/\/www.kmdpower.com\/wp-content\/uploads\/High-Voltage-Stackable-Battery.pdf\">\n\t\t\t\t\t\t\t<img decoding=\"async\" width=\"100\" height=\"100\" src=\"https:\/\/www.kmdpower.com\/wp-content\/uploads\/robotic-arm-pdf-1.png\" class=\"attachment-large size-large wp-image-1432\" alt=\"\" \/>\t\t\t\t\t\t\t\t<\/a>\n\t\t\t\t\t\t\t\t\t\t\t\t\t<\/div>\n\t\t\t\t<\/div>\n\t\t\t\t<div class=\"elementor-element elementor-element-0c9d053 elementor-widget elementor-widget-heading\" data-id=\"0c9d053\" data-element_type=\"widget\" data-widget_type=\"heading.default\">\n\t\t\t\t<div class=\"elementor-widget-container\">\n\t\t\t<h3 class=\"elementor-heading-title elementor-size-default\"><a href=\"http:\/\/www.kmdpower.com\/wp-content\/uploads\/High-Voltage-Stackable-Battery.pdf\">Bater\u00eda apilable de alto voltaje<\/a><\/h3>\t\t<\/div>\n\t\t\t\t<\/div>\n\t\t\t\t<\/div>\n\t\t<div class=\"elementor-element elementor-element-80370a3 e-con-full e-flex e-con e-child\" data-id=\"80370a3\" data-element_type=\"container\" data-settings=\"{&quot;_ha_eqh_enable&quot;:false}\">\n\t\t\t\t<div class=\"elementor-element elementor-element-77027ac elementor-widget elementor-widget-image\" data-id=\"77027ac\" data-element_type=\"widget\" data-widget_type=\"image.default\">\n\t\t\t\t<div class=\"elementor-widget-container\">\n\t\t\t\t\t\t\t\t\t\t\t\t\t\t<a href=\"http:\/\/www.kmdpower.com\/wp-content\/uploads\/Low-Voltage-Stackable-Battery.pdf\">\n\t\t\t\t\t\t\t<img decoding=\"async\" width=\"100\" height=\"100\" src=\"https:\/\/www.kmdpower.com\/wp-content\/uploads\/robotic-arm-pdf-1.png\" class=\"attachment-large size-large wp-image-1432\" alt=\"\" \/>\t\t\t\t\t\t\t\t<\/a>\n\t\t\t\t\t\t\t\t\t\t\t\t\t<\/div>\n\t\t\t\t<\/div>\n\t\t\t\t<div class=\"elementor-element elementor-element-3c95619 elementor-widget elementor-widget-heading\" data-id=\"3c95619\" data-element_type=\"widget\" data-widget_type=\"heading.default\">\n\t\t\t\t<div class=\"elementor-widget-container\">\n\t\t\t<h3 class=\"elementor-heading-title elementor-size-default\"><a href=\"http:\/\/www.kmdpower.com\/wp-content\/uploads\/Low-Voltage-Stackable-Battery.pdf\">Bater\u00eda apilable de bajo voltaje<\/a><\/h3>\t\t<\/div>\n\t\t\t\t<\/div>\n\t\t\t\t<\/div>\n\t\t<div class=\"elementor-element elementor-element-4c328ba e-con-full e-flex e-con e-child\" data-id=\"4c328ba\" data-element_type=\"container\" data-settings=\"{&quot;_ha_eqh_enable&quot;:false}\">\n\t\t\t\t<div class=\"elementor-element elementor-element-05ede3d elementor-widget elementor-widget-image\" data-id=\"05ede3d\" data-element_type=\"widget\" data-widget_type=\"image.default\">\n\t\t\t\t<div class=\"elementor-widget-container\">\n\t\t\t\t\t\t\t\t\t\t\t\t\t\t<a href=\"http:\/\/www.kmdpower.com\/wp-content\/uploads\/Powerwall-battery.pdf\">\n\t\t\t\t\t\t\t<img decoding=\"async\" width=\"100\" height=\"100\" src=\"https:\/\/www.kmdpower.com\/wp-content\/uploads\/robotic-arm-pdf-1.png\" class=\"attachment-large size-large wp-image-1432\" alt=\"\" \/>\t\t\t\t\t\t\t\t<\/a>\n\t\t\t\t\t\t\t\t\t\t\t\t\t<\/div>\n\t\t\t\t<\/div>\n\t\t\t\t<div class=\"elementor-element elementor-element-ae5fadc elementor-widget elementor-widget-heading\" data-id=\"ae5fadc\" data-element_type=\"widget\" data-widget_type=\"heading.default\">\n\t\t\t\t<div class=\"elementor-widget-container\">\n\t\t\t<h3 class=\"elementor-heading-title elementor-size-default\"><a href=\"http:\/\/www.kmdpower.com\/wp-content\/uploads\/Powerwall-battery.pdf\">Bater\u00eda Powerwall<\/a><\/h3>\t\t<\/div>\n\t\t\t\t<\/div>\n\t\t\t\t<\/div>\n\t\t<div class=\"elementor-element elementor-element-0fa77b3 e-con-full e-flex e-con e-child\" data-id=\"0fa77b3\" data-element_type=\"container\" data-settings=\"{&quot;_ha_eqh_enable&quot;:false}\">\n\t\t\t\t<div class=\"elementor-element elementor-element-2196e82 elementor-widget elementor-widget-image\" data-id=\"2196e82\" data-element_type=\"widget\" data-widget_type=\"image.default\">\n\t\t\t\t<div class=\"elementor-widget-container\">\n\t\t\t\t\t\t\t\t\t\t\t\t\t\t<a href=\"http:\/\/www.kmdpower.com\/wp-content\/uploads\/Rack-Mount-battery.pdf\">\n\t\t\t\t\t\t\t<img decoding=\"async\" width=\"100\" height=\"100\" src=\"https:\/\/www.kmdpower.com\/wp-content\/uploads\/robotic-arm-pdf-1.png\" class=\"attachment-large size-large wp-image-1432\" alt=\"\" \/>\t\t\t\t\t\t\t\t<\/a>\n\t\t\t\t\t\t\t\t\t\t\t\t\t<\/div>\n\t\t\t\t<\/div>\n\t\t\t\t<div class=\"elementor-element elementor-element-c6178fd elementor-widget elementor-widget-heading\" data-id=\"c6178fd\" data-element_type=\"widget\" data-widget_type=\"heading.default\">\n\t\t\t\t<div class=\"elementor-widget-container\">\n\t\t\t<h3 class=\"elementor-heading-title elementor-size-default\"><a href=\"http:\/\/www.kmdpower.com\/wp-content\/uploads\/Rack-Mount-battery.pdf\">Bater\u00eda de montaje en bastidor<\/a><\/h3>\t\t<\/div>\n\t\t\t\t<\/div>\n\t\t\t\t<\/div>\n\t\t<div class=\"elementor-element elementor-element-5846947 e-con-full e-flex e-con e-child\" data-id=\"5846947\" data-element_type=\"container\" data-settings=\"{&quot;_ha_eqh_enable&quot;:false}\">\n\t\t\t\t<div class=\"elementor-element elementor-element-6de2eb2 elementor-widget elementor-widget-image\" data-id=\"6de2eb2\" data-element_type=\"widget\" data-widget_type=\"image.default\">\n\t\t\t\t<div class=\"elementor-widget-container\">\n\t\t\t\t\t\t\t\t\t\t\t\t\t\t<a href=\"http:\/\/www.kmdpower.com\/wp-content\/uploads\/Rack-Storage-Battery.pdf\">\n\t\t\t\t\t\t\t<img decoding=\"async\" width=\"100\" height=\"100\" src=\"https:\/\/www.kmdpower.com\/wp-content\/uploads\/robotic-arm-pdf-1.png\" class=\"attachment-large size-large wp-image-1432\" alt=\"\" \/>\t\t\t\t\t\t\t\t<\/a>\n\t\t\t\t\t\t\t\t\t\t\t\t\t<\/div>\n\t\t\t\t<\/div>\n\t\t\t\t<div class=\"elementor-element elementor-element-6979f4b elementor-widget elementor-widget-heading\" data-id=\"6979f4b\" data-element_type=\"widget\" data-widget_type=\"heading.default\">\n\t\t\t\t<div class=\"elementor-widget-container\">\n\t\t\t<h3 class=\"elementor-heading-title elementor-size-default\"><a href=\"http:\/\/www.kmdpower.com\/wp-content\/uploads\/Rack-Storage-Battery.pdf\">Bater\u00eda de almacenamiento en rack<\/a><\/h3>\t\t<\/div>\n\t\t\t\t<\/div>\n\t\t\t\t<\/div>\n\t\t<div class=\"elementor-element elementor-element-4cbaf89 e-con-full e-flex e-con e-child\" data-id=\"4cbaf89\" data-element_type=\"container\" data-settings=\"{&quot;_ha_eqh_enable&quot;:false}\">\n\t\t\t\t<div class=\"elementor-element elementor-element-473112c elementor-widget elementor-widget-image\" data-id=\"473112c\" data-element_type=\"widget\" data-widget_type=\"image.default\">\n\t\t\t\t<div class=\"elementor-widget-container\">\n\t\t\t\t\t\t\t\t\t\t\t\t\t\t<a href=\"http:\/\/www.kmdpower.com\/wp-content\/uploads\/Deep-cycle-Lifepo4-Battery-Pack.pdf\">\n\t\t\t\t\t\t\t<img decoding=\"async\" width=\"100\" height=\"100\" src=\"https:\/\/www.kmdpower.com\/wp-content\/uploads\/robotic-arm-pdf-1.png\" class=\"attachment-large size-large wp-image-1432\" alt=\"\" \/>\t\t\t\t\t\t\t\t<\/a>\n\t\t\t\t\t\t\t\t\t\t\t\t\t<\/div>\n\t\t\t\t<\/div>\n\t\t\t\t<div class=\"elementor-element elementor-element-b9491b6 elementor-widget elementor-widget-heading\" data-id=\"b9491b6\" data-element_type=\"widget\" data-widget_type=\"heading.default\">\n\t\t\t\t<div class=\"elementor-widget-container\">\n\t\t\t<h3 class=\"elementor-heading-title elementor-size-default\"><a href=\"http:\/\/www.kmdpower.com\/wp-content\/uploads\/Deep-cycle-Lifepo4-Battery-Pack.pdf\">Bater\u00eda de ciclo profundo Lifepo4<\/a><\/h3>\t\t<\/div>\n\t\t\t\t<\/div>\n\t\t\t\t<\/div>\n\t\t<div class=\"elementor-element elementor-element-29c7031 e-con-full e-flex e-con e-child\" data-id=\"29c7031\" data-element_type=\"container\" data-settings=\"{&quot;_ha_eqh_enable&quot;:false}\">\n\t\t\t\t<div class=\"elementor-element elementor-element-ee66d7b elementor-widget elementor-widget-image\" data-id=\"ee66d7b\" data-element_type=\"widget\" data-widget_type=\"image.default\">\n\t\t\t\t<div class=\"elementor-widget-container\">\n\t\t\t\t\t\t\t\t\t\t\t\t\t\t<a href=\"http:\/\/www.kmdpower.com\/wp-content\/uploads\/Golf-Cart-Battery.pdf\">\n\t\t\t\t\t\t\t<img decoding=\"async\" width=\"100\" height=\"100\" src=\"https:\/\/www.kmdpower.com\/wp-content\/uploads\/robotic-arm-pdf-1.png\" class=\"attachment-large size-large wp-image-1432\" alt=\"\" \/>\t\t\t\t\t\t\t\t<\/a>\n\t\t\t\t\t\t\t\t\t\t\t\t\t<\/div>\n\t\t\t\t<\/div>\n\t\t\t\t<div class=\"elementor-element elementor-element-f1e3386 elementor-widget elementor-widget-heading\" data-id=\"f1e3386\" data-element_type=\"widget\" data-widget_type=\"heading.default\">\n\t\t\t\t<div class=\"elementor-widget-container\">\n\t\t\t<h3 class=\"elementor-heading-title elementor-size-default\"><a href=\"http:\/\/www.kmdpower.com\/wp-content\/uploads\/Golf-Cart-Battery.pdf\">Bater\u00eda de carro de golf<\/a><\/h3>\t\t<\/div>\n\t\t\t\t<\/div>\n\t\t\t\t<\/div>\n\t\t\t\t\t<\/div>\n\t\t\t\t<\/div>\n\t\t<div class=\"elementor-element elementor-element-f7c9e87 e-flex e-con-boxed e-con e-parent\" data-id=\"f7c9e87\" data-element_type=\"container\" data-settings=\"{&quot;_ha_eqh_enable&quot;:false}\">\n\t\t\t\t\t<div class=\"e-con-inner\">\n\t\t\t\t\t<\/div>\n\t\t\t\t<\/div>\n\t\t\t\t<\/div>","protected":false},"excerpt":{"rendered":"<p>Bater\u00eda Hexagon Powerwall Bater\u00eda apilable de alto voltaje Bater\u00eda apilable de bajo voltaje Bater\u00eda Powerwall Bater\u00eda de montaje en bastidor Bater\u00eda de almacenamiento en bastidor Bater\u00eda de ciclo profundo Lifepo4 Bater\u00eda para carrito de golf<\/p>","protected":false},"author":1,"featured_media":0,"parent":0,"menu_order":0,"comment_status":"closed","ping_status":"closed","template":"","meta":{"rank_math_lock_modified_date":false,"_kad_post_transparent":"","_kad_post_title":"hide","_kad_post_layout":"fullwidth","_kad_post_sidebar_id":"","_kad_post_content_style":"unboxed","_kad_post_vertical_padding":"hide","_kad_post_feature":"hide","_kad_post_feature_position":"","_kad_post_header":false,"_kad_post_footer":false,"footnotes":""},"class_list":["post-3651","page","type-page","status-publish","hentry"],"_links":{"self":[{"href":"https:\/\/www.kmdpower.com\/es\/wp-json\/wp\/v2\/pages\/3651","targetHints":{"allow":["GET"]}}],"collection":[{"href":"https:\/\/www.kmdpower.com\/es\/wp-json\/wp\/v2\/pages"}],"about":[{"href":"https:\/\/www.kmdpower.com\/es\/wp-json\/wp\/v2\/types\/page"}],"author":[{"embeddable":true,"href":"https:\/\/www.kmdpower.com\/es\/wp-json\/wp\/v2\/users\/1"}],"replies":[{"embeddable":true,"href":"https:\/\/www.kmdpower.com\/es\/wp-json\/wp\/v2\/comments?post=3651"}],"version-history":[{"count":13,"href":"https:\/\/www.kmdpower.com\/es\/wp-json\/wp\/v2\/pages\/3651\/revisions"}],"predecessor-version":[{"id":4103,"href":"https:\/\/www.kmdpower.com\/es\/wp-json\/wp\/v2\/pages\/3651\/revisions\/4103"}],"wp:attachment":[{"href":"https:\/\/www.kmdpower.com\/es\/wp-json\/wp\/v2\/media?parent=3651"}],"curies":[{"name":"wp","href":"https:\/\/api.w.org\/{rel}","templated":true}]}}