{"id":4281,"date":"2025-03-29T10:15:24","date_gmt":"2025-03-29T10:15:24","guid":{"rendered":"https:\/\/www.kmdpower.com\/?post_type=product&#038;p=4281"},"modified":"2025-06-20T12:10:08","modified_gmt":"2025-06-20T12:10:08","slug":"kamada-power-10kwh-all-in-one-battery-and-inverter","status":"publish","type":"product","link":"https:\/\/www.kmdpower.com\/de\/kamada-power-10kwh-all-in-one-battery-and-inverter\/","title":{"rendered":"Kamada Power 10kWh All in One Batterie und Wechselrichter"},"content":{"rendered":"<p><a href=\"https:\/\/www.kmdpower.com\/de\/contact-us\/\"><img fetchpriority=\"high\" decoding=\"async\" class=\"aligncenter\" src=\"http:\/\/www.kmdpower.com\/wp-content\/uploads\/Contact-US-Kamada-Power-Shenzhen-Kamada-Electronic-Co-Ltd.jpg\" alt=\"\" width=\"1000\" height=\"200\" \/><\/a><\/p>\n<p>&nbsp;<\/p>\n<p><img decoding=\"async\" class=\"wp-image-4288 size-full aligncenter\" src=\"https:\/\/www.kmdpower.com\/wp-content\/uploads\/Kamada-Power-10kWh-15kWh-All-in-One-Battery-and-Inverter-Desc-001.jpg\" alt=\"\" width=\"1000\" height=\"414\" srcset=\"https:\/\/www.kmdpower.com\/wp-content\/uploads\/Kamada-Power-10kWh-15kWh-All-in-One-Battery-and-Inverter-Desc-001.jpg 1000w, https:\/\/www.kmdpower.com\/wp-content\/uploads\/Kamada-Power-10kWh-15kWh-All-in-One-Battery-and-Inverter-Desc-001-300x124.jpg 300w, https:\/\/www.kmdpower.com\/wp-content\/uploads\/Kamada-Power-10kWh-15kWh-All-in-One-Battery-and-Inverter-Desc-001-768x318.jpg 768w, https:\/\/www.kmdpower.com\/wp-content\/uploads\/Kamada-Power-10kWh-15kWh-All-in-One-Battery-and-Inverter-Desc-001-18x7.jpg 18w, https:\/\/www.kmdpower.com\/wp-content\/uploads\/Kamada-Power-10kWh-15kWh-All-in-One-Battery-and-Inverter-Desc-001-600x248.jpg 600w\" sizes=\"(max-width: 1000px) 100vw, 1000px\" \/><\/p>\n<h3 style=\"text-align: center;\">Kamada Power 10kWh All in One Batterie und Wechselrichter Funktion<\/h3>\n<p><img decoding=\"async\" class=\"wp-image-4289 size-full aligncenter\" src=\"https:\/\/www.kmdpower.com\/wp-content\/uploads\/Kamada-Power-10kWh-15kWh-All-in-One-Battery-and-Inverter-Desc-002.jpg\" alt=\"\" width=\"1000\" height=\"788\" srcset=\"https:\/\/www.kmdpower.com\/wp-content\/uploads\/Kamada-Power-10kWh-15kWh-All-in-One-Battery-and-Inverter-Desc-002.jpg 1000w, https:\/\/www.kmdpower.com\/wp-content\/uploads\/Kamada-Power-10kWh-15kWh-All-in-One-Battery-and-Inverter-Desc-002-300x236.jpg 300w, https:\/\/www.kmdpower.com\/wp-content\/uploads\/Kamada-Power-10kWh-15kWh-All-in-One-Battery-and-Inverter-Desc-002-768x605.jpg 768w, https:\/\/www.kmdpower.com\/wp-content\/uploads\/Kamada-Power-10kWh-15kWh-All-in-One-Battery-and-Inverter-Desc-002-15x12.jpg 15w, https:\/\/www.kmdpower.com\/wp-content\/uploads\/Kamada-Power-10kWh-15kWh-All-in-One-Battery-and-Inverter-Desc-002-600x473.jpg 600w\" sizes=\"(max-width: 1000px) 100vw, 1000px\" \/><\/p>\n<h3 style=\"text-align: center;\">Entzerrungsfunktion\uff08Aktiv oder passiv Optional)<\/h3>\n<p>&nbsp;<\/p>\n<p><img loading=\"lazy\" decoding=\"async\" class=\"aligncenter wp-image-978 size-full\" src=\"http:\/\/www.kmdpower.com\/wp-content\/uploads\/Active-Equalization-Function-and-Active-Passive-Optional-0.png\" alt=\"Aktive Entzerrungsfunktion und aktiv-passiv optional 0\" width=\"1000\" height=\"246\" \/><\/p>\n<div>\n<p>Diese Kamada Power 10kWh All-in-One-Batterie und Wechselrichter mit einem flexiblen modularen System kann auf der Grundlage Ihres t\u00e4glichen Energieverbrauchs im Haushalt konzipiert werden.<\/p>\n<p>&nbsp;<\/p>\n<\/div>\n<h3 style=\"text-align: center;\">Produkt-Highlights<\/h3>\n<p><strong>Lange Lebensdauer:<\/strong>\u00dcber 6000 Zyklen @ 90% DOD<br \/>\n<strong>Niedrige Leistung:<\/strong>Geringe Leistungsaufnahme im Standby \u226415 W, Leerlaufverluste unter 100 W<br \/>\n<strong>Modularer Aufbau:<\/strong>F\u00fcgen Sie so viele Batteriemodule wie n\u00f6tig hinzu<br \/>\n<strong>Nahtlose Umschaltfunktion:<\/strong>Unterst\u00fctzung des nahtlosen Umschaltens zwischen parallelem und netzunabh\u00e4ngigem Betrieb (weniger als 5 ms)<br \/>\n<strong>Hochgradige Integration:<\/strong>Eingebauter Hybird-Wechselrichter, BMS, Batteriebank<br \/>\n<strong>Ferngesteuerte Firmware:<\/strong>Steuern und \u00fcberwachen Sie Ihr Smart System von unterwegs aus \u00fcber unsere Kamada Power Monitoring App und das Portal.<br \/>\n<strong>Stapelbares Design:<\/strong>Ben\u00f6tigen Sie eine gr\u00f6\u00dfere Kapazit\u00e4t? Dank des modularen Designs k\u00f6nnen mehrere Einheiten parallel installiert werden<br \/>\n<strong>Hochspannung:<\/strong>Das Hochspannungs-BMS erm\u00f6glicht eine h\u00f6here Effizienz beim Laden und Entladen.<br \/>\n<strong>Kamada Power 10kWh All-in-One-Batterie und Wechselrichter kann Batterie mit integriertem Wechselrichter stapeln:<\/strong>Das Hochspannungs-BMS erm\u00f6glicht eine h\u00f6here Lade- und Entladeleistung bei geringerem Strom und bietet damit einen h\u00f6heren Wirkungsgrad als unser geringerer Spannungsbereich.<\/p>\n<p>&nbsp;<\/p>\n<div>\n<h3 style=\"text-align: center;\">Zuverl\u00e4ssiges BMS-System Ultra Saftey<\/h3>\n<p><img loading=\"lazy\" decoding=\"async\" class=\"aligncenter wp-image-1283 size-full\" src=\"http:\/\/www.kmdpower.com\/wp-content\/uploads\/Kamada-Power-Battery-BMS.jpg\" alt=\"Kamada Power Batterie-BMS\" width=\"1000\" height=\"401\" \/><\/p>\n<p style=\"text-align: left;\">Das Kamada Power 10kWh All-in-One-Batterie- und Wechselrichter-BMS gew\u00e4hrleistet einen sicheren Betrieb bei extremen Temperaturen, verhindert \u00dcberladung und \u00dcberentladung, verl\u00e4ngert die Lebensdauer der Batterie und bietet eine zuverl\u00e4ssige Leistung mit effizientem Laden und Entladen. Es umfasst auch einen \u00dcberstrom- und Kurzschlussschutz f\u00fcr die Systemsicherheit und bietet dem Benutzer Optionen f\u00fcr einen aktiven oder passiven Ausgleich zur Optimierung der Batterieleistung und Energieeffizienz.<\/p>\n<p>&nbsp;<\/p>\n<h3 style=\"text-align: center;\">Kamada Power 10kWh All in One Batterie und Wechselrichter Gr\u00f6\u00dfe<\/h3>\n<p><img loading=\"lazy\" decoding=\"async\" class=\"aligncenter wp-image-4286 size-full\" src=\"https:\/\/www.kmdpower.com\/wp-content\/uploads\/kamada-all-in-one-10kwh-battery-005.jpg\" alt=\"\" width=\"1000\" height=\"1114\" srcset=\"https:\/\/www.kmdpower.com\/wp-content\/uploads\/kamada-all-in-one-10kwh-battery-005.jpg 1000w, https:\/\/www.kmdpower.com\/wp-content\/uploads\/kamada-all-in-one-10kwh-battery-005-269x300.jpg 269w, https:\/\/www.kmdpower.com\/wp-content\/uploads\/kamada-all-in-one-10kwh-battery-005-919x1024.jpg 919w, https:\/\/www.kmdpower.com\/wp-content\/uploads\/kamada-all-in-one-10kwh-battery-005-768x856.jpg 768w, https:\/\/www.kmdpower.com\/wp-content\/uploads\/kamada-all-in-one-10kwh-battery-005-11x12.jpg 11w, https:\/\/www.kmdpower.com\/wp-content\/uploads\/kamada-all-in-one-10kwh-battery-005-600x668.jpg 600w\" sizes=\"(max-width: 1000px) 100vw, 1000px\" \/><\/p>\n<p>&nbsp;<\/p>\n<h3 style=\"text-align: center;\">Kamada Power 10kWh All in One Batterie und Wechselrichter Anwendungsszenario<\/h3>\n<p><img loading=\"lazy\" decoding=\"async\" class=\"aligncenter wp-image-1354 size-full\" src=\"http:\/\/www.kmdpower.com\/wp-content\/uploads\/kamada-powerwall-battery-application-scenario-.jpg\" alt=\"kamada powerwall batterie anwendungsszenario\" width=\"1000\" height=\"462\" \/><\/p>\n<p><strong>Kamada Power 10kWh All in One Batterie und Wechselrichter Kann in den folgenden Anwendungsszenarien eingesetzt werden:<\/strong><\/p>\n<p><strong>Sonnensystem:<\/strong> Speichern Sie Sonnenenergie, um Tag und Nacht Strom zu haben.<br \/>\n<strong>Wohnmobilreisen:<\/strong> Bereitstellung von tragbaren Energiespeichern f\u00fcr unterwegs.<br \/>\n<strong>Boot \/ Marine:<\/strong> Sorgen Sie f\u00fcr eine unterbrechungsfreie Stromversorgung w\u00e4hrend der Fahrt oder im Hafen.<br \/>\n<strong>Off Grid:<\/strong> Bleiben Sie auch an abgelegenen Orten mit zuverl\u00e4ssiger Notstromversorgung in Verbindung.<\/p>\n<p>&nbsp;<\/p>\n<h3 style=\"text-align: center;\">Warum Kamada Power OEM ODM Ihre Batterieprodukte w\u00e4hlen?<\/h3>\n<p><strong>Sie m\u00fcssen sich keine Sorgen um diese Probleme machen, die mit der Batterie verbunden sind!<\/strong><br \/>\nWir sind nicht in der Lage, Ihre kundenspezifischen Batterieanforderungen zu erf\u00fcllen, haben lange Produktionsvorlaufzeiten, langsame Lieferzeiten, ineffiziente Kommunikation, keine Qualit\u00e4tsgarantie, nicht wettbewerbsf\u00e4hige Produktpreise und schlechte Serviceerfahrungen.<\/p>\n<p><strong>Die Macht der Professionalit\u00e4t!<\/strong><br \/>\nWir haben Tausende von Batteriekunden aus verschiedenen Branchen bedient und Tausende von Batterieprodukten angepasst! Wir wissen, wie wichtig eine eingehende Kommunikation der Bed\u00fcrfnisse ist, wir kennen Batterieprodukte vom Design bis zur Massenproduktion mit verschiedenen technischen Herausforderungen und Problemen und wissen, wie man diese Probleme schnell und effektiv l\u00f6st!<\/p>\n<p><strong>Entwickeln Sie effektive kundenspezifische Batteriel\u00f6sungen!<\/strong><br \/>\nAls Reaktion auf Ihre individuellen Batterieanforderungen stellen wir ein spezielles Projektteam f\u00fcr Batterietechnologie zusammen, das Ihnen einen 1-zu-1-Service bietet. Wir kommunizieren mit Ihnen ausf\u00fchrlich \u00fcber die Branche, Szenarien, Anforderungen, Probleme, Leistung und Funktionalit\u00e4t und entwickeln ma\u00dfgeschneiderte Batteriel\u00f6sungen.<\/p>\n<p><strong>Schnelle Lieferung der kundenspezifischen Batterieproduktion!<\/strong><br \/>\nWir sind wendig und schnell, um Ihnen zu helfen, von der Entwicklung von Batterieprodukten \u00fcber die Bemusterung von Batterien bis hin zur Massenproduktion von Batterieprodukten. Erreichen Sie schnelles Produktdesign, schnelle Produktion und Herstellung, schnelle Lieferung und Versand, beste Qualit\u00e4t und Fabrikpreis f\u00fcr kundenspezifische Batterien!<\/p>\n<p><strong>Wir helfen Ihnen, die Chancen des Marktes f\u00fcr Energiespeicherbatterien schnell zu nutzen!<\/strong><br \/>\nKamada Power hilft Ihnen, schnell differenzierte, ma\u00dfgeschneiderte Batterieprodukte zu entwickeln, die Wettbewerbsf\u00e4higkeit Ihrer Produkte zu verbessern und die F\u00fchrung auf dem Markt f\u00fcr Energiespeicherbatterien zu \u00fcbernehmen.<\/p>\n<p>&nbsp;<\/p>\n<h3 style=\"text-align: center;\">Shenzhen Kamada Electronic Co.,Ltd<br \/>\nKamada Power Ausstellung<\/h3>\n<p><img loading=\"lazy\" decoding=\"async\" class=\"aligncenter wp-image-1297 size-full\" src=\"http:\/\/www.kmdpower.com\/wp-content\/uploads\/Kamada-Power-Exhibition-Shenzhen-Kamada-Electronic-Co-Ltd.png\" alt=\"Kamada Power Ausstellung Shenzhen Kamada Electronic Co Ltd\" width=\"1920\" height=\"841\" \/><\/p>\n<p>&nbsp;<\/p>\n<h3 style=\"text-align: center;\">Kamada Power Batterie Hersteller Zertifizierung<\/h3>\n<p><img loading=\"lazy\" decoding=\"async\" class=\"aligncenter wp-image-1285 size-full\" src=\"http:\/\/www.kmdpower.com\/wp-content\/uploads\/Kamada-Power-Battery-Certification.png\" alt=\"Kamada Power Batterie Hersteller Zertifizierung\" width=\"1344\" height=\"462\" \/><\/p>\n<p>&nbsp;<\/p>\n<h3 style=\"text-align: center;\">Kamada Power Lithium-Ionen-Batterie Hersteller Fabrik Produktionsprozess<\/h3>\n<p><img loading=\"lazy\" decoding=\"async\" class=\"aligncenter wp-image-1323 size-full\" src=\"http:\/\/www.kmdpower.com\/wp-content\/uploads\/Kamada-Power-Lithium-ion-Battery-Manufacturers-Factory-Production-Process-02.jpg\" alt=\"Kamada Power Lithium-Ionen-Batterie Hersteller Fabrik Produktionsprozess 02\" width=\"1000\" height=\"517\" \/><\/p>\n<p>&nbsp;<\/p>\n<h3 style=\"text-align: center;\">Kamada Power Batterie Hersteller<\/h3>\n<p><img loading=\"lazy\" decoding=\"async\" class=\"aligncenter wp-image-1324 size-full\" src=\"http:\/\/www.kmdpower.com\/wp-content\/uploads\/Kamada-Power-Lithium-ion-Battery-Manufacturers-Factory-Show.jpg\" alt=\"Kamada Power Lithium-Ionen-Batterie Hersteller Fabrik zeigen\" width=\"1000\" height=\"584\" \/><\/p>\n<p>Kamada Power Battery Factory produziert alle Arten von kundenspezifischen oem odm-Batteriel\u00f6sungen: Solarbatterien f\u00fcr den Hausgebrauch, Fahrzeugbatterien mit geringer Geschwindigkeit (Golfbatterien, Wohnmobilbatterien, bleikonvertierte Lithiumbatterien, Batterien f\u00fcr Elektrofahrzeuge, Gabelstaplerbatterien), Schiffsbatterien, Batterien f\u00fcr Kreuzfahrtschiffe, Hochspannungsbatterien, Stapelbatterien,\u00a0<strong><a title=\"Natrium-Ionen-Batterie Hersteller\" href=\"http:\/\/www.kmdpower.com\/de\/sodium-ion-battery-manufacturers\/\" target=\"_blank\" rel=\"noopener\">Natrium-Ionen-Akku<\/a>,\u00a0<a href=\"http:\/\/www.kmdpower.com\/de\/commercial-energy-storage-systems\/\" target=\"_blank\" rel=\"noopener\">industrielle und kommerzielle Energiespeichersysteme<\/a><\/strong><\/p>\n<p>&nbsp;<\/p>\n<\/div>","protected":false},"excerpt":{"rendered":"<ul>\n<li><strong>Modell:<\/strong> Kamada Power 10kWh All in One Batterie und Wechselrichter<\/li>\n<li><strong>Zyklus Lebensdauer:<\/strong>\u00a06000 Mal<\/li>\n<li><strong>Gewicht:<\/strong>\u00a060KGS<\/li>\n<li><strong>Abmessungen:<\/strong> 1471*570*250 mm<\/li>\n<li><strong>Zertifikat:<\/strong>\u00a0CE\/UN38.3\/MSDS<\/li>\n<li><strong>All-in-One Batterie- und Wechselrichterhersteller:<\/strong>\u00a0Kamada Power<\/li>\n<li><strong>Batterie-Typ:<\/strong>\u00a0LiFePO4-Akku<\/li>\n<li><strong>Wesentliche Merkmale:<\/strong>\u00a0WiFi, kundenspezifische APP (optional)<\/li>\n<li><strong>Akku-Unterst\u00fctzung:<\/strong> Gro\u00dfhandel, OEM.ODM All in One Batterie und Wechselrichter<\/li>\n<li><strong>Garantie:<\/strong>\u00a010 Jahre<\/li>\n<li><strong>Lieferzeiten:<\/strong>\u00a07-14 Tage f\u00fcr Muster, 35-60 Tage f\u00fcr die Massenproduktion<\/li>\n<li><strong>Kamada Power Battery Products unterst\u00fctzt Gro\u00dfh\u00e4ndler, Distributoren und OEM ODM Custom Battery. Bitte\u00a0<a title=\"Kontakt zu Kamada Power\" href=\"https:\/\/www.kmdpower.com\/de\/contact-us\/\" target=\"_blank\" rel=\"noopener\">Kontakt<\/a>!<\/strong><\/li>\n<\/ul>","protected":false},"featured_media":4282,"template":"","meta":{"rank_math_lock_modified_date":false,"_kad_post_transparent":"default","_kad_post_title":"","_kad_post_layout":"default","_kad_post_sidebar_id":"","_kad_post_content_style":"default","_kad_post_vertical_padding":"default","_kad_post_feature":"","_kad_post_feature_position":"","_kad_post_header":false,"_kad_post_footer":false},"product_cat":[17,34],"product_tag":[1190,392],"class_list":{"0":"post-4281","1":"product","2":"type-product","3":"status-publish","4":"has-post-thumbnail","6":"product_cat-home-energy-storage-system","7":"product_cat-all-in-one-solar-power-system-manufacturers","8":"product_tag-all-in-one-battery-and-inverter","9":"product_tag-all-in-one-ess","11":"first","12":"instock","13":"featured","14":"shipping-taxable","15":"product-type-simple","16":"entry","17":"content-bg","18":"loop-entry"},"_links":{"self":[{"href":"https:\/\/www.kmdpower.com\/de\/wp-json\/wp\/v2\/product\/4281","targetHints":{"allow":["GET"]}}],"collection":[{"href":"https:\/\/www.kmdpower.com\/de\/wp-json\/wp\/v2\/product"}],"about":[{"href":"https:\/\/www.kmdpower.com\/de\/wp-json\/wp\/v2\/types\/product"}],"version-history":[{"count":1,"href":"https:\/\/www.kmdpower.com\/de\/wp-json\/wp\/v2\/product\/4281\/revisions"}],"predecessor-version":[{"id":4290,"href":"https:\/\/www.kmdpower.com\/de\/wp-json\/wp\/v2\/product\/4281\/revisions\/4290"}],"wp:featuredmedia":[{"embeddable":true,"href":"https:\/\/www.kmdpower.com\/de\/wp-json\/wp\/v2\/media\/4282"}],"wp:attachment":[{"href":"https:\/\/www.kmdpower.com\/de\/wp-json\/wp\/v2\/media?parent=4281"}],"wp:term":[{"taxonomy":"product_cat","embeddable":true,"href":"https:\/\/www.kmdpower.com\/de\/wp-json\/wp\/v2\/product_cat?post=4281"},{"taxonomy":"product_tag","embeddable":true,"href":"https:\/\/www.kmdpower.com\/de\/wp-json\/wp\/v2\/product_tag?post=4281"}],"curies":[{"name":"wp","href":"https:\/\/api.w.org\/{rel}","templated":true}]}}