{"id":2072,"date":"2024-10-10T06:07:06","date_gmt":"2024-10-10T06:07:06","guid":{"rendered":"http:\/\/www.kmdpower.com\/?post_type=product&#038;p=2072"},"modified":"2025-02-11T03:06:23","modified_gmt":"2025-02-11T03:06:23","slug":"48v-200ah-10kwh-home-energy-storage-lifepo4-battery-product","status":"publish","type":"product","link":"https:\/\/www.kmdpower.com\/de\/48v-200ah-10kwh-home-energy-storage-lifepo4-battery-product\/","title":{"rendered":"48V 200ah 10Kwh Heim-Energiespeicher Lifepo4 Batterie"},"content":{"rendered":"<p><a href=\"https:\/\/www.kmdpower.com\/de\/contact-us\/\"><img fetchpriority=\"high\" decoding=\"async\" class=\"aligncenter\" src=\"http:\/\/www.kmdpower.com\/wp-content\/uploads\/Contact-US-Kamada-Power-Shenzhen-Kamada-Electronic-Co-Ltd.jpg\" alt=\"\" width=\"1000\" height=\"200\" \/><\/a><\/p>\n<p><img decoding=\"async\" class=\"aligncenter wp-image-1148 size-full\" src=\"http:\/\/www.kmdpower.com\/wp-content\/uploads\/Kamada-Power-5kWh-Powerwall-Battery-Simple-Version-01.jpg\" alt=\"Kamada Power 5kWh 10kwh Powerwall Batterie Einfache Version 01\" width=\"1000\" height=\"435\" \/><\/p>\n<h3 style=\"text-align: center;\">Kamada Power 48V 200Ah 10Kwh Heim-Energiespeicher Lifepo4 Batterie Einfache Version Merkmale<\/h3>\n<p><img decoding=\"async\" class=\"aligncenter wp-image-1333 size-full\" src=\"http:\/\/www.kmdpower.com\/wp-content\/uploads\/kamada-power-powerwall-sample-version-feature-001.jpg\" alt=\"kamada power powerwall Beispielversion Merkmal 001\" width=\"1000\" height=\"774\" \/><\/p>\n<h3 style=\"text-align: center;\">Entzerrungsfunktion\uff08Aktiv oder passiv Optional)<\/h3>\n<p>&nbsp;<\/p>\n<p><img loading=\"lazy\" decoding=\"async\" class=\"aligncenter wp-image-978 size-full\" src=\"http:\/\/www.kmdpower.com\/wp-content\/uploads\/Active-Equalization-Function-and-Active-Passive-Optional-0.png\" alt=\"Aktive Entzerrungsfunktion und aktiv-passiv optional 0\" width=\"1000\" height=\"246\" \/><\/p>\n<div>\n<div>\n<div>\n<p>&nbsp;<\/p>\n<\/div>\n<\/div>\n<\/div>\n<div>\n<div>\n<div>\n<h3 style=\"text-align: center;\">Produkt-Highlights<\/h3>\n<p><strong>Selbstheizungsfunktion<\/strong><br \/>\nHeizstarttemperatur \u22640\u2103, Heizstopptemperatur \u22655\u2103. Die Selbsterhitzungsfunktion in Wohnbatterien l\u00f6st das Problem der Leistungsverschlechterung bei kaltem Wetter und gew\u00e4hrleistet einen zuverl\u00e4ssigen Betrieb und eine l\u00e4ngere Lebensdauer auch in rauen Klimazonen, wodurch die Wartungskosten gesenkt und die Gesamteffizienz der Energiespeicherung verbessert werden.<\/p>\n<p><strong>Unterst\u00fctzung f\u00fcr selbst gew\u00e4hlte Protokolle<\/strong><\/p>\n<p>einfache und schnelle Integration von Wechselrichtern.<\/p>\n<p><strong>Bluetooth-Echtzeit\u00fcberwachung durch App<\/strong><br \/>\nDie Bluetooth-Echtzeit\u00fcberwachung \u00fcber eine App f\u00fcr die Hausbatterie behebt das Problem der begrenzten Sichtbarkeit und Kontrolle des Energieverbrauchs und bietet Ihnen einen bequemen und sofortigen Zugang zur Optimierung des Energieverbrauchs und der Speichereffizienz.<\/p>\n<p><strong>LiFePO4-Akku<\/strong><br \/>\n6000 Zyklen Lange Lebensdauer, geringes Gewicht, h\u00f6here Kapazit\u00e4t, keine Wartung<\/p>\n<p><strong>Modularer Aufbau Plug and Play<\/strong><br \/>\nDas aufw\u00e4rtsgerichtete Verdrahtungsdesign der modularen Plug-and-Play-Batterie f\u00fcr Wohngeb\u00e4ude vereinfacht die Installation und spart Ihnen Zeit und M\u00fche. Es sorgt f\u00fcr eine schnelle Einrichtung und nahtlose Integration, was den Komfort und die betriebliche Effizienz erh\u00f6ht.<\/p>\n<p><strong>DC- oder AC-Kopplung, On- oder Off-Grid<\/strong><br \/>\nDie DC- oder AC-Kopplung f\u00fcr Hausbatterien erf\u00fcllt Ihre Anforderungen an das Energiemanagement und die zuverl\u00e4ssige Reservestromversorgung, ob netzgebunden oder netzunabh\u00e4ngig, und erh\u00f6ht so die Energieunabh\u00e4ngigkeit und Zuverl\u00e4ssigkeit.<\/p>\n<p><strong>Parallel<\/strong><br \/>\nDie 10-kWh-Powewall-Batterie von Kamada Power f\u00fcr den Heimgebrauch unterst\u00fctzt 16 parallele Anschl\u00fcsse und erf\u00fcllt die unterschiedlichsten Anwendungsanforderungen mit flexiblen und skalierbaren Konfigurationen f\u00fcr optimierte Leistung und Kosteneffizienz bei Energiespeicherl\u00f6sungen.<\/p>\n<p>&nbsp;<\/p>\n<\/div>\n<\/div>\n<\/div>\n<p>&nbsp;<\/p>\n<h3 style=\"text-align: center;\">Zuverl\u00e4ssiges BMS-System Ultra Saftey<\/h3>\n<p><img loading=\"lazy\" decoding=\"async\" class=\"aligncenter wp-image-1283 size-full\" src=\"http:\/\/www.kmdpower.com\/wp-content\/uploads\/Kamada-Power-Battery-BMS.jpg\" alt=\"Kamada Power Batterie-BMS\" width=\"1000\" height=\"401\" \/><\/p>\n<div>\n<p>Das BMS der Kamada Powerwall-Batterie gew\u00e4hrleistet einen sicheren Betrieb bei extremen Temperaturen, verhindert \u00dcberladung und \u00dcberentladung, verl\u00e4ngert die Lebensdauer der Batterie und bietet eine zuverl\u00e4ssige Leistung mit effizientem Laden und Entladen. Es umfasst auch einen \u00dcberstrom- und Kurzschlussschutz f\u00fcr die Systemsicherheit und bietet Benutzern Optionen f\u00fcr den aktiven oder passiven Ausgleich zur Optimierung der Batterieleistung und Energieeffizienz.<\/p>\n<\/div>\n<p>&nbsp;<\/p>\n<h3 style=\"text-align: center;\">Kamada Power Powerwall Batterie 5kwh 10kwh (Gr\u00f6\u00dfe Gewicht)<\/h3>\n<p><img loading=\"lazy\" decoding=\"async\" class=\"aligncenter wp-image-1150 size-full\" src=\"http:\/\/www.kmdpower.com\/wp-content\/uploads\/Kamada-Power-5kWh-Powerwall-Battery-Simple-Version-03.jpg\" alt=\"Kamada Power 5kWh 10kwh Powerwall Batterie Einfache Version 03\" width=\"1000\" height=\"611\" \/><\/p>\n<p>&nbsp;<\/p>\n<h3 style=\"text-align: center;\">Kamada Power Batterie Wechselrichter Kompatibel<\/h3>\n<p style=\"text-align: center;\">Kompatibel mit 91% der auf dem Markt befindlichen Wechselrichter<\/p>\n<p><img loading=\"lazy\" decoding=\"async\" class=\"aligncenter wp-image-1288 size-full\" src=\"http:\/\/www.kmdpower.com\/wp-content\/uploads\/Kamada-Power-Battery-Inverter-Compatible-X01.jpg\" alt=\"Kamada Power Batterie-Wechselrichter Kompatibel X01\" width=\"1000\" height=\"552\" \/><\/p>\n<p style=\"text-align: center;\"><strong>Kamada Power Batterieprodukte sind mit 91% der Wechselrichtermarken auf dem Markt kompatibel<\/strong><\/p>\n<p>SMA,SRNE,IMEON ENGERGY,ZUCCHETTI,Ingeteam,AiSWEI,victron energy,must,moixa,megarevo,deye,growatt,studer,selectronic, voltronic power,sofar solar,sermatec,gmde,effekta,westernco,sungrow,luxpower,morningstar,delios,sungrow,luxpower,inverter brands. voltronic power, sofar solar, sermatec, gmde, effekta, westernco, sungrow, luxpower, morningstar, delios, sunosynk, aeca, saj, solarmax, redback, invt, goodwe, solis, mlt, livoltek, eneiqy, solaxpower, opti-solar, kehua tech.(<strong>Nachfolgend finden Sie nur eine unvollst\u00e4ndige Liste von Wechselrichtermarken<\/strong>)<\/p>\n<p>&nbsp;<\/p>\n<h3 style=\"text-align: center;\">Kamada Power Powerwall Batterieanschlussplan<\/h3>\n<p><img loading=\"lazy\" decoding=\"async\" class=\"aligncenter wp-image-1151 size-full\" src=\"http:\/\/www.kmdpower.com\/wp-content\/uploads\/Kamada-Power-5kWh-Powerwall-Battery-Simple-Version-04.jpg\" alt=\"Kamada Power 5kWh 10kwh Powerwall Batterie Einfache Version 04\" width=\"1000\" height=\"529\" \/><\/p>\n<p>&nbsp;<\/p>\n<h3 style=\"text-align: center;\">Kamada Power Powerwall Heimbatterie Anwendungsszenario<\/h3>\n<div data-node=\"66bb1ada9ec32\" data-animation-delay=\"0.0\"><img loading=\"lazy\" decoding=\"async\" class=\"aligncenter wp-image-1354 size-full\" src=\"http:\/\/www.kmdpower.com\/wp-content\/uploads\/kamada-powerwall-battery-application-scenario-.jpg\" alt=\"kamada powerwall batterie anwendungsszenario\" width=\"1000\" height=\"462\" \/><\/div>\n<p>&nbsp;<\/p>\n<p><strong>Kamada Power Powerwall Home Battery Kann in den folgenden Anwendungsszenarien eingesetzt werden:<\/strong><\/p>\n<p><strong>Sonnensystem:<\/strong>\u00a0Speichern Sie Sonnenenergie, um Tag und Nacht Strom zu haben.<br \/>\n<strong>Wohnmobilreisen:<\/strong>\u00a0Bereitstellung von tragbaren Energiespeichern f\u00fcr unterwegs.<br \/>\n<strong>Boot \/ Marine:<\/strong>\u00a0Sorgen Sie f\u00fcr eine unterbrechungsfreie Stromversorgung w\u00e4hrend der Fahrt oder im Hafen.<br \/>\n<strong>Off Grid:<\/strong>\u00a0Bleiben Sie auch an abgelegenen Orten mit zuverl\u00e4ssiger Notstromversorgung in Verbindung.<\/p>\n<p>&nbsp;<\/p>\n<h3 style=\"text-align: center;\">Warum Kamada Power OEM ODM Ihre Batterieprodukte w\u00e4hlen?<\/h3>\n<p><strong>Sie m\u00fcssen sich keine Sorgen um diese Probleme machen, die mit der Batterie verbunden sind!<\/strong><br \/>\nWir sind nicht in der Lage, Ihre kundenspezifischen Batterieanforderungen zu erf\u00fcllen, haben lange Produktionsvorlaufzeiten, langsame Lieferzeiten, ineffiziente Kommunikation, keine Qualit\u00e4tsgarantie, nicht wettbewerbsf\u00e4hige Produktpreise und schlechte Serviceerfahrungen.<\/p>\n<p><strong>Die Macht der Professionalit\u00e4t!<\/strong><br \/>\nWir haben Tausende von Batteriekunden aus verschiedenen Branchen bedient und Tausende von Batterieprodukten angepasst! Wir wissen, wie wichtig eine eingehende Kommunikation der Bed\u00fcrfnisse ist, wir kennen Batterieprodukte vom Design bis zur Massenproduktion mit verschiedenen technischen Herausforderungen und Problemen und wissen, wie man diese Probleme schnell und effektiv l\u00f6st!<\/p>\n<p><strong>Entwickeln Sie effektive kundenspezifische Batteriel\u00f6sungen!<\/strong><br \/>\nAls Reaktion auf Ihre individuellen Batterieanforderungen stellen wir ein spezielles Projektteam f\u00fcr Batterietechnologie zusammen, das Ihnen einen 1-zu-1-Service bietet. Wir kommunizieren mit Ihnen ausf\u00fchrlich \u00fcber die Branche, Szenarien, Anforderungen, Probleme, Leistung und Funktionalit\u00e4t und entwickeln ma\u00dfgeschneiderte Batteriel\u00f6sungen.<\/p>\n<p><strong>Schnelle Lieferung der kundenspezifischen Batterieproduktion!<\/strong><br \/>\nWir sind wendig und schnell, um Ihnen zu helfen, von der Entwicklung von Batterieprodukten \u00fcber die Bemusterung von Batterien bis hin zur Massenproduktion von Batterieprodukten. Erreichen Sie schnelles Produktdesign, schnelle Produktion und Herstellung, schnelle Lieferung und Versand, beste Qualit\u00e4t und Fabrikpreis f\u00fcr kundenspezifische Batterien!<\/p>\n<p><strong>Wir helfen Ihnen, die Chancen des Marktes f\u00fcr Energiespeicherbatterien schnell zu nutzen!<\/strong><br \/>\nKamada Power hilft Ihnen, schnell differenzierte, ma\u00dfgeschneiderte Batterieprodukte zu entwickeln, die Wettbewerbsf\u00e4higkeit Ihrer Produkte zu verbessern und die F\u00fchrung auf dem Markt f\u00fcr Energiespeicherbatterien zu \u00fcbernehmen.<\/p>\n<p>&nbsp;<\/p>\n<h3 style=\"text-align: center;\">Shenzhen Kamada Electronic Co.,Ltd<br \/>\nKamada Power Ausstellung<\/h3>\n<p><img loading=\"lazy\" decoding=\"async\" class=\"aligncenter wp-image-1297 size-full\" src=\"http:\/\/www.kmdpower.com\/wp-content\/uploads\/Kamada-Power-Exhibition-Shenzhen-Kamada-Electronic-Co-Ltd.png\" alt=\"Kamada Power Ausstellung Shenzhen Kamada Electronic Co Ltd\" width=\"1920\" height=\"841\" \/><\/p>\n<p>&nbsp;<\/p>\n<h3 style=\"text-align: center;\">Kamada Power Batterie Hersteller Zertifizierung<\/h3>\n<p><img loading=\"lazy\" decoding=\"async\" class=\"aligncenter wp-image-1285 size-full\" src=\"http:\/\/www.kmdpower.com\/wp-content\/uploads\/Kamada-Power-Battery-Certification.png\" alt=\"Kamada Power Batterie Hersteller Zertifizierung\" width=\"1344\" height=\"462\" \/><\/p>\n<p>&nbsp;<\/p>\n<h3 style=\"text-align: center;\">Kamada Power Batterie Hersteller Fabrik Produktionsprozess<\/h3>\n<p><img loading=\"lazy\" decoding=\"async\" class=\"aligncenter wp-image-1323 size-full\" src=\"http:\/\/www.kmdpower.com\/wp-content\/uploads\/Kamada-Power-Lithium-ion-Battery-Manufacturers-Factory-Production-Process-02.jpg\" alt=\"Kamada Power Lithium-Ionen-Batterie Hersteller Fabrik Produktionsprozess 02\" width=\"1000\" height=\"517\" \/><\/p>\n<p>&nbsp;<\/p>\n<h3 style=\"text-align: center;\">Kamada Power Batterie Hersteller<\/h3>\n<p><img loading=\"lazy\" decoding=\"async\" class=\"aligncenter wp-image-1324 size-full\" src=\"http:\/\/www.kmdpower.com\/wp-content\/uploads\/Kamada-Power-Lithium-ion-Battery-Manufacturers-Factory-Show.jpg\" alt=\"Kamada Power Lithium-Ionen-Batterie Hersteller Fabrik zeigen\" width=\"1000\" height=\"584\" \/><\/p>\n<p>Kamada Power Battery Factory produziert alle Arten von kundenspezifischen oem odm-Batteriel\u00f6sungen: Solarbatterien f\u00fcr den Hausgebrauch, Fahrzeugbatterien mit geringer Geschwindigkeit (Golfbatterien, Wohnmobilbatterien, bleikonvertierte Lithiumbatterien, Batterien f\u00fcr Elektrofahrzeuge, Gabelstaplerbatterien), Schiffsbatterien, Batterien f\u00fcr Kreuzfahrtschiffe, Hochspannungsbatterien, Stapelbatterien,\u00a0<strong><a title=\"Natrium-Ionen-Batterie Hersteller\" href=\"http:\/\/www.kmdpower.com\/de\/sodium-ion-battery-manufacturers\/\" target=\"_blank\" rel=\"noopener\">Natrium-Ionen-Akku<\/a>,\u00a0<a href=\"http:\/\/www.kmdpower.com\/de\/commercial-energy-storage-systems\/\" target=\"_blank\" rel=\"noopener\">industrielle und kommerzielle Energiespeichersysteme<\/a><\/strong><\/p>\n<p>&nbsp;<\/p>","protected":false},"excerpt":{"rendered":"<ul>\n<li><strong>Modell:<\/strong>\u00a048V 200ah 10Kwh Heim-Energiespeicher Lifepo4 Batterie<\/li>\n<li><strong>Zyklus Lebensdauer:<\/strong>\u00a06000 Mal<\/li>\n<li><strong>Gewicht:<\/strong>\u00a089KGS<\/li>\n<li><strong>Abmessungen:<\/strong>\u00a0547*471*248 mm<\/li>\n<li><strong>Zertifikat:<\/strong>\u00a0CE\/UN38.3\/MSDS<\/li>\n<li><strong>Powerwall Home Batterie Hersteller:<\/strong>\u00a0Kamada Power<\/li>\n<li><strong>Batterie-Typ:<\/strong>\u00a0LiFePO4-Akku<\/li>\n<li><strong>Wesentliche Merkmale:<\/strong>\u00a0Bluetooth, Wifi, automatische Heizung, kundenspezifische APP (optional)<\/li>\n<li><strong>Akku-Unterst\u00fctzung:<\/strong>\u00a0Gro\u00dfhandel, OEM.ODM Power Wall Mounted Home Solar Batterie<\/li>\n<li><strong>Garantie:<\/strong>\u00a010 Jahre<\/li>\n<li><strong>Lieferzeiten:<\/strong>\u00a07-14 Tage f\u00fcr Muster, 35-60 Tage f\u00fcr die Massenproduktion<\/li>\n<li><strong>Kamada Power Battery Products unterst\u00fctzt Gro\u00dfh\u00e4ndler, Distributoren und OEM ODM Custom Battery. Bitte\u00a0<a title=\"Kontakt zu Kamada Power\" href=\"https:\/\/www.kmdpower.com\/de\/contact-us\/\" target=\"_blank\" rel=\"noopener\">Kontakt<\/a>!<\/strong><\/li>\n<\/ul>","protected":false},"featured_media":1568,"template":"","meta":{"rank_math_lock_modified_date":false,"_kad_post_transparent":"default","_kad_post_title":"","_kad_post_layout":"default","_kad_post_sidebar_id":"","_kad_post_content_style":"default","_kad_post_vertical_padding":"default","_kad_post_feature":"","_kad_post_feature_position":"","_kad_post_header":false,"_kad_post_footer":false},"product_cat":[17,23],"product_tag":[85,86,87,88,89,93,94,95,96,97,98,99,100,101,102,103,104,105,106,55,107,268,487,514,521,48,596,49,50,676,756,757,830,831,904,943,944,945,56,1108,1109,1110,1130,1131,1132,1133],"class_list":{"0":"post-2072","1":"product","2":"type-product","3":"status-publish","4":"has-post-thumbnail","6":"product_cat-home-energy-storage-system","7":"product_cat-power-wall","8":"product_tag-10-kw-lithium-battery","9":"product_tag-10-kw-lithium-battery-pack","10":"product_tag-10-kw-solar-battery","11":"product_tag-10-kwh-lithium-battery","12":"product_tag-10-kwh-lithium-ion-battery","13":"product_tag-10kw-battery","14":"product_tag-10kw-battery-pack","15":"product_tag-10kw-home-battery","16":"product_tag-10kw-lifepo4-battery","17":"product_tag-10kw-lithium-battery","18":"product_tag-10kw-lithium-ion-battery","19":"product_tag-10kw-powerwall","20":"product_tag-10kw-solar-battery","21":"product_tag-10kwh-48v-lifepo4","22":"product_tag-10kwh-48v-lifepo4-manufacturer","23":"product_tag-10kwh-51-2-v-200ah-lifepo4-lithium-battery","24":"product_tag-10kwh-lifepo4-battery","25":"product_tag-10kwh-lithium-battery","26":"product_tag-10kwh-lithium-battery-48v","27":"product_tag-10kwh-powerwall","28":"product_tag-10kwh-solar-battery","29":"product_tag-48v-200ah-to-kwh","30":"product_tag-customized-10kwh-lifepo4-battery","31":"product_tag-customized-lifepo4-10kwh","32":"product_tag-customized-lithium-ion-battery-10kwh","33":"product_tag-home-battery","34":"product_tag-lifepo4-10kwh","35":"product_tag-lifepo4-200ah","36":"product_tag-lifepo4-battery","37":"product_tag-lithium-battery-10-kwh","38":"product_tag-odm-10kwh-lifepo4-battery-manufacturer","39":"product_tag-odm-10kwh-lifepo4-battery-supplier","40":"product_tag-odm-lifepo4-10kwh-manufacturer","41":"product_tag-odm-lifepo4-10kwh-supplier","42":"product_tag-oem-10kwh-lifepo4-battery-manufacturer","43":"product_tag-oem-lifepo4-10kwh","44":"product_tag-oem-lifepo4-10kwh-manufacturer","45":"product_tag-oem-lifepo4-10kwh-supplier","46":"product_tag-powerwall","47":"product_tag-wholesale-10kw-lithium-ion-battery-manufacturer","48":"product_tag-wholesale-13kw-solar-battery-factories","49":"product_tag-wholesale-13kw-solar-battery-manufacturers","50":"product_tag-wholesale-lifepo4-10kwh-factories","51":"product_tag-wholesale-lifepo4-10kwh-factory","52":"product_tag-wholesale-lifepo4-10kwh-manufacturers","53":"product_tag-wholesale-lifepo4-10kwh-suppliers","55":"first","56":"instock","57":"featured","58":"shipping-taxable","59":"product-type-simple","60":"entry","61":"content-bg","62":"loop-entry"},"_links":{"self":[{"href":"https:\/\/www.kmdpower.com\/de\/wp-json\/wp\/v2\/product\/2072","targetHints":{"allow":["GET"]}}],"collection":[{"href":"https:\/\/www.kmdpower.com\/de\/wp-json\/wp\/v2\/product"}],"about":[{"href":"https:\/\/www.kmdpower.com\/de\/wp-json\/wp\/v2\/types\/product"}],"version-history":[{"count":4,"href":"https:\/\/www.kmdpower.com\/de\/wp-json\/wp\/v2\/product\/2072\/revisions"}],"predecessor-version":[{"id":4013,"href":"https:\/\/www.kmdpower.com\/de\/wp-json\/wp\/v2\/product\/2072\/revisions\/4013"}],"wp:featuredmedia":[{"embeddable":true,"href":"https:\/\/www.kmdpower.com\/de\/wp-json\/wp\/v2\/media\/1568"}],"wp:attachment":[{"href":"https:\/\/www.kmdpower.com\/de\/wp-json\/wp\/v2\/media?parent=2072"}],"wp:term":[{"taxonomy":"product_cat","embeddable":true,"href":"https:\/\/www.kmdpower.com\/de\/wp-json\/wp\/v2\/product_cat?post=2072"},{"taxonomy":"product_tag","embeddable":true,"href":"https:\/\/www.kmdpower.com\/de\/wp-json\/wp\/v2\/product_tag?post=2072"}],"curies":[{"name":"wp","href":"https:\/\/api.w.org\/{rel}","templated":true}]}}