{"id":4478,"date":"2025-06-04T10:14:14","date_gmt":"2025-06-04T10:14:14","guid":{"rendered":"https:\/\/www.kmdpower.com\/?post_type=product&#038;p=4478"},"modified":"2025-06-05T12:20:18","modified_gmt":"2025-06-05T12:20:18","slug":"kamada-power-10kwh-home-sodium-battery","status":"publish","type":"product","link":"https:\/\/www.kmdpower.com\/da\/product\/kamada-power-10kwh-home-sodium-battery\/","title":{"rendered":"Kamada Power 10kWh natrium-batteri til hjemmet"},"content":{"rendered":"<div data-elementor-type=\"product-post\" data-elementor-id=\"4478\" class=\"elementor elementor-4478\" data-elementor-post-type=\"product\">\n\t\t\t\t<div class=\"elementor-element elementor-element-6d06c60f e-flex e-con-boxed e-con e-parent\" data-id=\"6d06c60f\" data-element_type=\"container\" data-settings=\"{&quot;_ha_eqh_enable&quot;:false}\">\n\t\t\t\t\t<div class=\"e-con-inner\">\n\t\t\t\t<div class=\"elementor-element elementor-element-69101ed elementor-widget elementor-widget-text-editor\" data-id=\"69101ed\" data-element_type=\"widget\" data-widget_type=\"text-editor.default\">\n\t\t\t\t<div class=\"elementor-widget-container\">\n\t\t\t\t\t\t\t<p><img fetchpriority=\"high\" decoding=\"async\" class=\"aligncenter\" src=\"https:\/\/www.kmdpower.com\/wp-content\/uploads\/kamada-power-48v-210ah-10kWh-Home-Sodium-Battery-001.jpg\" alt=\"\" width=\"1000\" height=\"420\" \/><br \/><img decoding=\"async\" class=\"size-full wp-image-4495 aligncenter\" src=\"https:\/\/www.kmdpower.com\/wp-content\/uploads\/kamada-power-48v-210ah-10kWh-Home-Sodium-Battery-0002.jpg\" alt=\"\" width=\"1000\" height=\"630\" srcset=\"https:\/\/www.kmdpower.com\/wp-content\/uploads\/kamada-power-48v-210ah-10kWh-Home-Sodium-Battery-0002.jpg 1000w, https:\/\/www.kmdpower.com\/wp-content\/uploads\/kamada-power-48v-210ah-10kWh-Home-Sodium-Battery-0002-300x189.jpg 300w, https:\/\/www.kmdpower.com\/wp-content\/uploads\/kamada-power-48v-210ah-10kWh-Home-Sodium-Battery-0002-768x484.jpg 768w, https:\/\/www.kmdpower.com\/wp-content\/uploads\/kamada-power-48v-210ah-10kWh-Home-Sodium-Battery-0002-18x12.jpg 18w, https:\/\/www.kmdpower.com\/wp-content\/uploads\/kamada-power-48v-210ah-10kWh-Home-Sodium-Battery-0002-600x378.jpg 600w\" sizes=\"(max-width: 1000px) 100vw, 1000px\" \/><\/p><h3 style=\"text-align: center;\"><strong>Kamada Power 10kWh natrium-batteri til hjemmet Funktioner<\/strong><\/h3><p><strong>H\u00f8j ydeevne ved ekstremt lave temperaturer<\/strong><br \/>Indbygget natrium-ion-batteri BMS, underst\u00f8tter afladning ved -30 \u00b0C, uden frygt for koldt vejr.<\/p><p><strong>Sikkerhed end lifepo4<\/strong><br \/>Sikkerhed er ikke en omkostning, det er en investering i fremtiden.<br \/>sikrere end lifepo4, energirigtig. i \u00f8jeblikket det sikreste batterimateriale<\/p><p><strong>Bluetooth i realtid<\/strong><br \/>Overv\u00e5gning via app (valgfrit)<\/p><p><strong>Nem udskiftning af inverterprotokol<\/strong><br \/>V\u00e6lg inverterprotokol p\u00e5 sk\u00e6rmen, intet ekstra kabel er n\u00f8dvendigt. Ber\u00f8ringssk\u00e6rm (valgfrit)<\/p><h3 style=\"text-align: center;\">P\u00e5lideligt BMS-system med ultrah\u00f8j sikkerhed<\/h3><p><img decoding=\"async\" class=\"aligncenter\" src=\"https:\/\/www.kmdpower.com\/wp-content\/uploads\/Kamada-Power-Battery-BMS.jpg\" alt=\"\" width=\"1000\" height=\"401\" \/><\/p><p>Kamada Power BMS til natriumionbatterier til hjemmet sikrer sikker drift ved ekstreme temperaturer, forhindrer overopladning og overafladning, forl\u00e6nger batteriets levetid og giver p\u00e5lidelig ydelse med effektiv opladning og afladning. Det omfatter ogs\u00e5 overstr\u00f8ms- og kortslutningsbeskyttelse af hensyn til systemsikkerheden og giver brugerne mulighed for aktiv eller passiv afbalancering for at optimere batteriets ydeevne og energieffektivitet.<\/p><p><img loading=\"lazy\" decoding=\"async\" class=\"size-full wp-image-4496 aligncenter\" src=\"https:\/\/www.kmdpower.com\/wp-content\/uploads\/kamada-power-48v-210ah-10kWh-Home-Sodium-Battery-0004.jpg\" alt=\"\" width=\"1000\" height=\"625\" srcset=\"https:\/\/www.kmdpower.com\/wp-content\/uploads\/kamada-power-48v-210ah-10kWh-Home-Sodium-Battery-0004.jpg 1000w, https:\/\/www.kmdpower.com\/wp-content\/uploads\/kamada-power-48v-210ah-10kWh-Home-Sodium-Battery-0004-300x188.jpg 300w, https:\/\/www.kmdpower.com\/wp-content\/uploads\/kamada-power-48v-210ah-10kWh-Home-Sodium-Battery-0004-768x480.jpg 768w, https:\/\/www.kmdpower.com\/wp-content\/uploads\/kamada-power-48v-210ah-10kWh-Home-Sodium-Battery-0004-18x12.jpg 18w, https:\/\/www.kmdpower.com\/wp-content\/uploads\/kamada-power-48v-210ah-10kWh-Home-Sodium-Battery-0004-600x375.jpg 600w\" sizes=\"(max-width: 1000px) 100vw, 1000px\" \/><br \/><img loading=\"lazy\" decoding=\"async\" class=\"aligncenter\" src=\"https:\/\/www.kmdpower.com\/wp-content\/uploads\/kamada-power-48v-210ah-10kWh-Home-Sodium-Battery-003.jpg\" alt=\"\" width=\"1000\" height=\"817\" \/><br \/><img loading=\"lazy\" decoding=\"async\" class=\"aligncenter\" src=\"https:\/\/www.kmdpower.com\/wp-content\/uploads\/kamada-power-48v-210ah-10kWh-Home-Sodium-Battery-005.jpg\" alt=\"\" width=\"1000\" height=\"500\" \/> <img loading=\"lazy\" decoding=\"async\" class=\"aligncenter\" src=\"https:\/\/www.kmdpower.com\/wp-content\/uploads\/kamada-power-48v-210ah-10kWh-Home-Sodium-Battery-006.jpg\" alt=\"\" width=\"1000\" height=\"465\" \/><\/p><h3>\u00a0<\/h3><h3 style=\"text-align: center;\">Kamada Power 48V 210Ah 10kWh natriumionbatteri til hjemmet Anvendelsesscenarie<\/h3><p><img loading=\"lazy\" decoding=\"async\" class=\"aligncenter\" src=\"https:\/\/www.kmdpower.com\/wp-content\/uploads\/kamada-power-48v-210ah-10kWh-Home-Sodium-Battery-007.jpg\" alt=\"\" width=\"1000\" height=\"349\" \/><\/p><p style=\"text-align: center;\">Kamada Power 48v 210Ah 10kWh natriumionbatteri til hjemmet Anvendelse: Energilagring i hjemmet, elektriske systemer, til kolde milj\u00f8er<\/p><h3 style=\"text-align: center;\">\u00a0<\/h3><h3 style=\"text-align: center;\">Shenzhen Kamada Electronic Co.,Ltd<br \/>Kamada Power-udstilling<\/h3><p>\u00a0<\/p><p><img loading=\"lazy\" decoding=\"async\" class=\"size-full wp-image-4506 aligncenter\" src=\"https:\/\/www.kmdpower.com\/wp-content\/uploads\/about-kamada-power-000-scaled.jpg\" alt=\"\" width=\"932\" height=\"2560\" srcset=\"https:\/\/www.kmdpower.com\/wp-content\/uploads\/about-kamada-power-000-scaled.jpg 932w, https:\/\/www.kmdpower.com\/wp-content\/uploads\/about-kamada-power-000-109x300.jpg 109w, https:\/\/www.kmdpower.com\/wp-content\/uploads\/about-kamada-power-000-373x1024.jpg 373w, https:\/\/www.kmdpower.com\/wp-content\/uploads\/about-kamada-power-000-768x2109.jpg 768w, https:\/\/www.kmdpower.com\/wp-content\/uploads\/about-kamada-power-000-559x1536.jpg 559w, https:\/\/www.kmdpower.com\/wp-content\/uploads\/about-kamada-power-000-746x2048.jpg 746w, https:\/\/www.kmdpower.com\/wp-content\/uploads\/about-kamada-power-000-4x12.jpg 4w, https:\/\/www.kmdpower.com\/wp-content\/uploads\/about-kamada-power-000-600x1648.jpg 600w\" sizes=\"(max-width: 932px) 100vw, 932px\" \/><\/p>\t\t\t\t\t\t<\/div>\n\t\t\t\t<\/div>\n\t\t\t\t\t<\/div>\n\t\t\t\t<\/div>\n\t\t\t\t<\/div>","protected":false},"excerpt":{"rendered":"<ul>\n<li><strong>Model:<\/strong> 48V 210Ah 10kWh natriumion-batteri til hjemmet<\/li>\n<li><strong>V\u00e6gt:<\/strong> 102KGS-104KGS (med hjul)<\/li>\n<li><strong>Levetid i cyklus: <\/strong>6000 gange<\/li>\n<li><strong>Dimensioner:<\/strong> 470 x 680 x 240 mm (uden hjul)<\/li>\n<li><strong>Certifikat:<\/strong>\u00a0CE\/UN38.3\/MSDS<\/li>\n<li><strong>Producenter af natriumionbatterier:<\/strong>\u00a0Kamada Power<\/li>\n<li><strong>Batteritype:<\/strong>\u00a0Natrium-ion-batteri<\/li>\n<li><strong>Kernefunktioner:<\/strong> Fremragende ydeevne ved lav temperatur (-30\u00b0C~+60\u00b0C), RS485\/RS232\/Bluetooth\/CAN (valgfrit), tilpasset APP, IP21<\/li>\n<li><strong>St\u00f8tte til batterier:<\/strong> Engros, OEM.ODM 48V 210Ah 10kWh natriumionbatteri til hjemmet<\/li>\n<li><strong>Garanti:<\/strong> 10 \u00e5r<\/li>\n<li><strong>Leveringstid:<\/strong>\u00a07-14 dage for pr\u00f8ver, 35-60 dage for masseproduktion<\/li>\n<li><strong>Kamada Power Battery Products underst\u00f8tter engros, distribut\u00f8rer og OEM ODM Custom Battery. Venligst\u00a0<a title=\"Kontakt Kamada Power\" href=\"https:\/\/www.kmdpower.com\/da\/contact-us\/\" target=\"_blank\" rel=\"noopener\">Kontakt os<\/a>!<\/strong><\/li>\n<\/ul>","protected":false},"featured_media":4481,"template":"","meta":{"rank_math_lock_modified_date":false,"_kad_post_transparent":"default","_kad_post_title":"","_kad_post_layout":"default","_kad_post_sidebar_id":"","_kad_post_content_style":"default","_kad_post_vertical_padding":"default","_kad_post_feature":"","_kad_post_feature_position":"","_kad_post_header":false,"_kad_post_footer":false},"product_cat":[17,32],"product_tag":[40,42,45,46,71],"class_list":{"0":"post-4478","1":"product","2":"type-product","3":"status-publish","4":"has-post-thumbnail","6":"product_cat-home-energy-storage-system","7":"product_cat-sodium-ion-battery-manufacturers","8":"product_tag-china-sodium-ion-battery-factory","9":"product_tag-china-sodium-ion-battery-supplier","10":"product_tag-custom-sodium-ion-battery-manufacturers","11":"product_tag-custom-sodium-ion-battery-supplier","12":"product_tag-sodium-ion-battery","14":"first","15":"instock","16":"featured","17":"shipping-taxable","18":"product-type-simple","19":"entry","20":"content-bg","21":"loop-entry"},"_links":{"self":[{"href":"https:\/\/www.kmdpower.com\/da\/wp-json\/wp\/v2\/product\/4478","targetHints":{"allow":["GET"]}}],"collection":[{"href":"https:\/\/www.kmdpower.com\/da\/wp-json\/wp\/v2\/product"}],"about":[{"href":"https:\/\/www.kmdpower.com\/da\/wp-json\/wp\/v2\/types\/product"}],"version-history":[{"count":5,"href":"https:\/\/www.kmdpower.com\/da\/wp-json\/wp\/v2\/product\/4478\/revisions"}],"predecessor-version":[{"id":4509,"href":"https:\/\/www.kmdpower.com\/da\/wp-json\/wp\/v2\/product\/4478\/revisions\/4509"}],"wp:featuredmedia":[{"embeddable":true,"href":"https:\/\/www.kmdpower.com\/da\/wp-json\/wp\/v2\/media\/4481"}],"wp:attachment":[{"href":"https:\/\/www.kmdpower.com\/da\/wp-json\/wp\/v2\/media?parent=4478"}],"wp:term":[{"taxonomy":"product_cat","embeddable":true,"href":"https:\/\/www.kmdpower.com\/da\/wp-json\/wp\/v2\/product_cat?post=4478"},{"taxonomy":"product_tag","embeddable":true,"href":"https:\/\/www.kmdpower.com\/da\/wp-json\/wp\/v2\/product_tag?post=4478"}],"curies":[{"name":"wp","href":"https:\/\/api.w.org\/{rel}","templated":true}]}}