{"id":4281,"date":"2025-03-29T10:15:24","date_gmt":"2025-03-29T10:15:24","guid":{"rendered":"https:\/\/www.kmdpower.com\/?post_type=product&#038;p=4281"},"modified":"2025-06-20T12:10:08","modified_gmt":"2025-06-20T12:10:08","slug":"kamada-power-10kwh-all-in-one-battery-and-inverter","status":"publish","type":"product","link":"https:\/\/www.kmdpower.com\/da\/kamada-power-10kwh-all-in-one-battery-and-inverter\/","title":{"rendered":"Kamada Power 10kWh alt i \u00e9t batteri og inverter"},"content":{"rendered":"<p><a href=\"https:\/\/www.kmdpower.com\/da\/contact-us\/\"><img fetchpriority=\"high\" decoding=\"async\" class=\"aligncenter\" src=\"http:\/\/www.kmdpower.com\/wp-content\/uploads\/Contact-US-Kamada-Power-Shenzhen-Kamada-Electronic-Co-Ltd.jpg\" alt=\"\" width=\"1000\" height=\"200\" \/><\/a><\/p>\n<p>&nbsp;<\/p>\n<p><img decoding=\"async\" class=\"wp-image-4288 size-full aligncenter\" src=\"https:\/\/www.kmdpower.com\/wp-content\/uploads\/Kamada-Power-10kWh-15kWh-All-in-One-Battery-and-Inverter-Desc-001.jpg\" alt=\"\" width=\"1000\" height=\"414\" srcset=\"https:\/\/www.kmdpower.com\/wp-content\/uploads\/Kamada-Power-10kWh-15kWh-All-in-One-Battery-and-Inverter-Desc-001.jpg 1000w, https:\/\/www.kmdpower.com\/wp-content\/uploads\/Kamada-Power-10kWh-15kWh-All-in-One-Battery-and-Inverter-Desc-001-300x124.jpg 300w, https:\/\/www.kmdpower.com\/wp-content\/uploads\/Kamada-Power-10kWh-15kWh-All-in-One-Battery-and-Inverter-Desc-001-768x318.jpg 768w, https:\/\/www.kmdpower.com\/wp-content\/uploads\/Kamada-Power-10kWh-15kWh-All-in-One-Battery-and-Inverter-Desc-001-18x7.jpg 18w, https:\/\/www.kmdpower.com\/wp-content\/uploads\/Kamada-Power-10kWh-15kWh-All-in-One-Battery-and-Inverter-Desc-001-600x248.jpg 600w\" sizes=\"(max-width: 1000px) 100vw, 1000px\" \/><\/p>\n<h3 style=\"text-align: center;\">Kamada Power 10kWh alt i \u00e9t batteri og inverterfunktion<\/h3>\n<p><img decoding=\"async\" class=\"wp-image-4289 size-full aligncenter\" src=\"https:\/\/www.kmdpower.com\/wp-content\/uploads\/Kamada-Power-10kWh-15kWh-All-in-One-Battery-and-Inverter-Desc-002.jpg\" alt=\"\" width=\"1000\" height=\"788\" srcset=\"https:\/\/www.kmdpower.com\/wp-content\/uploads\/Kamada-Power-10kWh-15kWh-All-in-One-Battery-and-Inverter-Desc-002.jpg 1000w, https:\/\/www.kmdpower.com\/wp-content\/uploads\/Kamada-Power-10kWh-15kWh-All-in-One-Battery-and-Inverter-Desc-002-300x236.jpg 300w, https:\/\/www.kmdpower.com\/wp-content\/uploads\/Kamada-Power-10kWh-15kWh-All-in-One-Battery-and-Inverter-Desc-002-768x605.jpg 768w, https:\/\/www.kmdpower.com\/wp-content\/uploads\/Kamada-Power-10kWh-15kWh-All-in-One-Battery-and-Inverter-Desc-002-15x12.jpg 15w, https:\/\/www.kmdpower.com\/wp-content\/uploads\/Kamada-Power-10kWh-15kWh-All-in-One-Battery-and-Inverter-Desc-002-600x473.jpg 600w\" sizes=\"(max-width: 1000px) 100vw, 1000px\" \/><\/p>\n<h3 style=\"text-align: center;\">Udligningsfunktion \uff08Aktiv eller passiv Valgfri)<\/h3>\n<p>&nbsp;<\/p>\n<p><img loading=\"lazy\" decoding=\"async\" class=\"aligncenter wp-image-978 size-full\" src=\"http:\/\/www.kmdpower.com\/wp-content\/uploads\/Active-Equalization-Function-and-Active-Passive-Optional-0.png\" alt=\"Aktiv udligningsfunktion og aktiv passiv valgfri 0\" width=\"1000\" height=\"246\" \/><\/p>\n<div>\n<p>Dette Kamada Power 10kWh All in One-batteri og inverter med fleksibelt modulsystem kan designes ud fra dit daglige energiforbrug i husholdningen. Dette klasseledende kraftv\u00e6rk giver dig str\u00f8m til at k\u00f8re dine daglige husholdningsapparater eller endda give str\u00f8m til hele dit hus i en eller to dage afh\u00e6ngigt af dine belastningskrav.<\/p>\n<p>&nbsp;<\/p>\n<\/div>\n<h3 style=\"text-align: center;\">Produktets h\u00f8jdepunkter<\/h3>\n<p><strong>Lang levetid:<\/strong>Over 6000 cyklusser ved 90% DOD<br \/>\n<strong>Lavt str\u00f8mforbrug:<\/strong>Lavt str\u00f8mforbrug i standby \u226415W, driftstab uden belastning mindre end 100W<br \/>\n<strong>Modul\u00e6rt design:<\/strong>Tilf\u00f8j s\u00e5 mange batterimoduler som n\u00f8dvendigt<br \/>\n<strong>S\u00f8ml\u00f8s skiftefunktion:<\/strong>Underst\u00f8tter problemfrit skift mellem parallel og off-grid (mindre end 5 ms)<br \/>\n<strong>H\u00f8j grad af integration:<\/strong>Indbygget Hybird-inverter, BMS, batteribank<br \/>\n<strong>Fjernbetjent firmware:<\/strong>Styr og overv\u00e5g dit Smart System, n\u00e5r du er p\u00e5 farten, via vores Kamada Power Monitoring App og Portal.<br \/>\n<strong>Stabelbart design:<\/strong>Brug for st\u00f8rre kapacitet? Modul\u00e6rt design g\u00f8r det muligt at installere flere enheder parallelt<br \/>\n<strong>H\u00f8jsp\u00e6nding:<\/strong>H\u00f8jsp\u00e6ndings-BMS giver mulighed for h\u00f8jere effektivitet ved opladning og afladning.<br \/>\n<strong>Kamada Power 10kWh alt i \u00e9t batteri og inverter kan stable batteri med indbygget inverter:<\/strong>H\u00f8jsp\u00e6ndings-BMS giver mulighed for st\u00f8rre opladnings- og afladningseffekt ved en lavere str\u00f8m, hvilket giver h\u00f8jere effektivitet end vores mindre sp\u00e6ndingsomr\u00e5de.<\/p>\n<p>&nbsp;<\/p>\n<div>\n<h3 style=\"text-align: center;\">P\u00e5lideligt BMS-system med ultrah\u00f8j sikkerhed<\/h3>\n<p><img loading=\"lazy\" decoding=\"async\" class=\"aligncenter wp-image-1283 size-full\" src=\"http:\/\/www.kmdpower.com\/wp-content\/uploads\/Kamada-Power-Battery-BMS.jpg\" alt=\"Kamada Power Batteri BMS\" width=\"1000\" height=\"401\" \/><\/p>\n<p style=\"text-align: left;\">Kamada Power 10kWh All in One Battery and Inverter BMS s\u00f8rger for sikker drift i ekstreme temperaturer, forhindrer overopladning og overafladning, forl\u00e6nger batteriets levetid og giver p\u00e5lidelig ydelse med effektiv opladning og afladning. Det omfatter ogs\u00e5 overstr\u00f8ms- og kortslutningsbeskyttelse af hensyn til systemsikkerheden og giver brugerne mulighed for aktiv eller passiv afbalancering for at optimere batteriets ydeevne og energieffektivitet.<\/p>\n<p>&nbsp;<\/p>\n<h3 style=\"text-align: center;\">Kamada Power 10kWh alt i \u00e9t batteri og inverterst\u00f8rrelse<\/h3>\n<p><img loading=\"lazy\" decoding=\"async\" class=\"aligncenter wp-image-4286 size-full\" src=\"https:\/\/www.kmdpower.com\/wp-content\/uploads\/kamada-all-in-one-10kwh-battery-005.jpg\" alt=\"\" width=\"1000\" height=\"1114\" srcset=\"https:\/\/www.kmdpower.com\/wp-content\/uploads\/kamada-all-in-one-10kwh-battery-005.jpg 1000w, https:\/\/www.kmdpower.com\/wp-content\/uploads\/kamada-all-in-one-10kwh-battery-005-269x300.jpg 269w, https:\/\/www.kmdpower.com\/wp-content\/uploads\/kamada-all-in-one-10kwh-battery-005-919x1024.jpg 919w, https:\/\/www.kmdpower.com\/wp-content\/uploads\/kamada-all-in-one-10kwh-battery-005-768x856.jpg 768w, https:\/\/www.kmdpower.com\/wp-content\/uploads\/kamada-all-in-one-10kwh-battery-005-11x12.jpg 11w, https:\/\/www.kmdpower.com\/wp-content\/uploads\/kamada-all-in-one-10kwh-battery-005-600x668.jpg 600w\" sizes=\"(max-width: 1000px) 100vw, 1000px\" \/><\/p>\n<p>&nbsp;<\/p>\n<h3 style=\"text-align: center;\">Kamada Power 10kWh Alt i \u00e9t batteri og inverter Anvendelsesscenarie<\/h3>\n<p><img loading=\"lazy\" decoding=\"async\" class=\"aligncenter wp-image-1354 size-full\" src=\"http:\/\/www.kmdpower.com\/wp-content\/uploads\/kamada-powerwall-battery-application-scenario-.jpg\" alt=\"kamada powerwall-batteriets anvendelsesscenarie\" width=\"1000\" height=\"462\" \/><\/p>\n<p><strong>Kamada Power 10kWh Alt i \u00e9t batteri og inverter Kan anvendes i f\u00f8lgende applikationsscenarier:<\/strong><\/p>\n<p><strong>Solsystemet:<\/strong> Opbevar solenergi, s\u00e5 du f\u00e5r konstant str\u00f8m dag og nat.<br \/>\n<strong>Rejser i autocamper:<\/strong> S\u00f8rg for b\u00e6rbar energilagring til rejser.<br \/>\n<strong>B\u00e5d \/ Marine:<\/strong> S\u00f8rg for uafbrudt str\u00f8m, mens du sejler eller ligger i havn.<br \/>\n<strong>Uden for nettet:<\/strong> Hold forbindelsen med p\u00e5lidelig backup-str\u00f8m p\u00e5 fjerntliggende steder.<\/p>\n<p>&nbsp;<\/p>\n<h3 style=\"text-align: center;\">Hvorfor v\u00e6lge Kamada Power OEM ODM til dine batteriprodukter?<\/h3>\n<p><strong>Du beh\u00f8ver ikke at bekymre dig om disse udfordringer med brugerdefinerede batteriproblemer!<\/strong><br \/>\nUde af stand til at opfylde dine brugerdefinerede batterikrav, lang produktionstid, langsom leveringstid, ineffektiv kommunikation, ingen garanti for kvalitet, ukonkurrencedygtig produktpris og d\u00e5rlig serviceoplevelse er disse problemer!<\/p>\n<p><strong>Professionalismens magt!<\/strong><br \/>\nVi har betjent tusindvis af batterikunder fra forskellige brancher og tilpasset tusindvis af batteriprodukter! Vi kender vigtigheden af dybdeg\u00e5ende kommunikation af behov, vi kender batteriprodukter fra design til masseproduktion af forskellige tekniske udfordringer og problemer, og hvordan man hurtigt og effektivt l\u00f8ser disse problemer!<\/p>\n<p><strong>Udvikl effektive, skr\u00e6ddersyede batteril\u00f8sninger!<\/strong><br \/>\nSom svar p\u00e5 dine brugerdefinerede batteribehov vil vi specifikt tildele batteriteknologiprojektteamet til at give dig 1-til-1-service. Kommuniker med dig i dybden om branchen, scenarier, krav, smertepunkter, ydeevne, funktionalitet og udvikl tilpassede batteril\u00f8sninger.<\/p>\n<p><strong>Hurtig levering af tilpasset batteriproduktion!<\/strong><br \/>\nVi er smidige og hurtige til at hj\u00e6lpe dig med at n\u00e5 fra design af batteriprodukter til pr\u00f8veudtagning af batterier og masseproduktion af batteriprodukter. Opn\u00e5 hurtigt produktdesign, hurtig produktion og fremstilling, hurtig levering og forsendelse, bedste kvalitet og fabrikspris for brugerdefinerede batterier!<\/p>\n<p><strong>Hj\u00e6lp dig med hurtigt at gribe markedsmuligheden for energilagringsbatterier!<\/strong><br \/>\nKamada Power hj\u00e6lper dig med hurtigt at opn\u00e5 differentierede, skr\u00e6ddersyede batteriprodukter, forbedre produktets konkurrenceevne og hj\u00e6lpe dig med hurtigt at tage f\u00f8ringen p\u00e5 markedet for energilagringsbatterier.<\/p>\n<p>&nbsp;<\/p>\n<h3 style=\"text-align: center;\">Shenzhen Kamada Electronic Co.,Ltd<br \/>\nKamada Power-udstilling<\/h3>\n<p><img loading=\"lazy\" decoding=\"async\" class=\"aligncenter wp-image-1297 size-full\" src=\"http:\/\/www.kmdpower.com\/wp-content\/uploads\/Kamada-Power-Exhibition-Shenzhen-Kamada-Electronic-Co-Ltd.png\" alt=\"Kamada Power-udstilling Shenzhen Kamada Electronic Co Ltd\" width=\"1920\" height=\"841\" \/><\/p>\n<p>&nbsp;<\/p>\n<h3 style=\"text-align: center;\">Kamada Power Battery Producenter Certificering<\/h3>\n<p><img loading=\"lazy\" decoding=\"async\" class=\"aligncenter wp-image-1285 size-full\" src=\"http:\/\/www.kmdpower.com\/wp-content\/uploads\/Kamada-Power-Battery-Certification.png\" alt=\"Kamada Power Battery Producenter Certificering\" width=\"1344\" height=\"462\" \/><\/p>\n<p>&nbsp;<\/p>\n<h3 style=\"text-align: center;\">Kamada Power Lithium ion-batteriproducenter Fabrik Produktionsproces<\/h3>\n<p><img loading=\"lazy\" decoding=\"async\" class=\"aligncenter wp-image-1323 size-full\" src=\"http:\/\/www.kmdpower.com\/wp-content\/uploads\/Kamada-Power-Lithium-ion-Battery-Manufacturers-Factory-Production-Process-02.jpg\" alt=\"Kamada Power Lithium ion-batteriproducenter Fabrik Produktionsproces 02\" width=\"1000\" height=\"517\" \/><\/p>\n<p>&nbsp;<\/p>\n<h3 style=\"text-align: center;\">Kamada Power Battery Producenter<\/h3>\n<p><img loading=\"lazy\" decoding=\"async\" class=\"aligncenter wp-image-1324 size-full\" src=\"http:\/\/www.kmdpower.com\/wp-content\/uploads\/Kamada-Power-Lithium-ion-Battery-Manufacturers-Factory-Show.jpg\" alt=\"Kamada Power Lithium-ion-batteriproducenter Factory Show\" width=\"1000\" height=\"584\" \/><\/p>\n<p>Kamada Power Battery Factory producerer alle typer oem odm tilpassede batteril\u00f8sninger: solcellebatterier til hjemmet, lavhastighedsbatterier til k\u00f8ret\u00f8jer (golfbatterier, RV-batterier, blykonverterede litiumbatterier, batterier til elektriske vogne, gaffeltruckbatterier), marinebatterier, batterier til krydstogtskibe, h\u00f8jsp\u00e6ndingsbatterier, stablede batterier,\u00a0<strong><a title=\"Producenter af natriumionbatterier\" href=\"http:\/\/www.kmdpower.com\/da\/sodium-ion-battery-manufacturers\/\" target=\"_blank\" rel=\"noopener\">Natrium-ion-batteri<\/a>,\u00a0<a href=\"http:\/\/www.kmdpower.com\/da\/commercial-energy-storage-systems\/\" target=\"_blank\" rel=\"noopener\">industrielle og kommercielle energilagringssystemer<\/a><\/strong><\/p>\n<p>&nbsp;<\/p>\n<\/div>","protected":false},"excerpt":{"rendered":"<ul>\n<li><strong>Model:<\/strong> Kamada Power 10kWh alt i \u00e9t batteri og inverter<\/li>\n<li><strong>Levetid i cyklus:<\/strong>\u00a06000 gange<\/li>\n<li><strong>V\u00e6gt:<\/strong>\u00a060KGS<\/li>\n<li><strong>Dimensioner:<\/strong> 1471*570*250 mm<\/li>\n<li><strong>Certifikat:<\/strong>\u00a0CE\/UN38.3\/MSDS<\/li>\n<li><strong>Alt i en batteri- og inverterproducent:<\/strong>\u00a0Kamada Power<\/li>\n<li><strong>Batteritype:<\/strong>\u00a0LiFePO4-batteri<\/li>\n<li><strong>Kernefunktioner:<\/strong>\u00a0WiFi, tilpasset APP (valgfrit)<\/li>\n<li><strong>St\u00f8tte til batterier:<\/strong> Engros, OEM.ODM Alt i \u00e9t batteri og inverter<\/li>\n<li><strong>Garanti:<\/strong>\u00a010 \u00e5r<\/li>\n<li><strong>Leveringstid:<\/strong>\u00a07-14 dage for pr\u00f8ver, 35-60 dage for masseproduktion<\/li>\n<li><strong>Kamada Power Battery Products underst\u00f8tter engros, distribut\u00f8rer og OEM ODM Custom Battery. Venligst\u00a0<a title=\"Kontakt Kamada Power\" href=\"https:\/\/www.kmdpower.com\/da\/contact-us\/\" target=\"_blank\" rel=\"noopener\">Kontakt os<\/a>!<\/strong><\/li>\n<\/ul>","protected":false},"featured_media":4282,"template":"","meta":{"rank_math_lock_modified_date":false,"_kad_post_transparent":"default","_kad_post_title":"","_kad_post_layout":"default","_kad_post_sidebar_id":"","_kad_post_content_style":"default","_kad_post_vertical_padding":"default","_kad_post_feature":"","_kad_post_feature_position":"","_kad_post_header":false,"_kad_post_footer":false},"product_cat":[17,34],"product_tag":[1190,392],"class_list":{"0":"post-4281","1":"product","2":"type-product","3":"status-publish","4":"has-post-thumbnail","6":"product_cat-home-energy-storage-system","7":"product_cat-all-in-one-solar-power-system-manufacturers","8":"product_tag-all-in-one-battery-and-inverter","9":"product_tag-all-in-one-ess","11":"first","12":"instock","13":"featured","14":"shipping-taxable","15":"product-type-simple","16":"entry","17":"content-bg","18":"loop-entry"},"_links":{"self":[{"href":"https:\/\/www.kmdpower.com\/da\/wp-json\/wp\/v2\/product\/4281","targetHints":{"allow":["GET"]}}],"collection":[{"href":"https:\/\/www.kmdpower.com\/da\/wp-json\/wp\/v2\/product"}],"about":[{"href":"https:\/\/www.kmdpower.com\/da\/wp-json\/wp\/v2\/types\/product"}],"version-history":[{"count":1,"href":"https:\/\/www.kmdpower.com\/da\/wp-json\/wp\/v2\/product\/4281\/revisions"}],"predecessor-version":[{"id":4290,"href":"https:\/\/www.kmdpower.com\/da\/wp-json\/wp\/v2\/product\/4281\/revisions\/4290"}],"wp:featuredmedia":[{"embeddable":true,"href":"https:\/\/www.kmdpower.com\/da\/wp-json\/wp\/v2\/media\/4282"}],"wp:attachment":[{"href":"https:\/\/www.kmdpower.com\/da\/wp-json\/wp\/v2\/media?parent=4281"}],"wp:term":[{"taxonomy":"product_cat","embeddable":true,"href":"https:\/\/www.kmdpower.com\/da\/wp-json\/wp\/v2\/product_cat?post=4281"},{"taxonomy":"product_tag","embeddable":true,"href":"https:\/\/www.kmdpower.com\/da\/wp-json\/wp\/v2\/product_tag?post=4281"}],"curies":[{"name":"wp","href":"https:\/\/api.w.org\/{rel}","templated":true}]}}